{"id":838,"date":"2022-08-08T18:35:29","date_gmt":"2022-08-08T18:35:29","guid":{"rendered":"https:\/\/leovegas-au.org\/?page_id=838"},"modified":"2022-08-10T08:56:01","modified_gmt":"2022-08-10T08:56:01","slug":"download","status":"publish","type":"page","link":"https:\/\/leovegas-au.org\/fr\/download\/","title":{"rendered":"T\u00e9l\u00e9chargement du casino LeoVegas"},"content":{"rendered":"<p><span style=\"font-weight: 400;\"><img loading=\"lazy\" decoding=\"async\" class=\" wp-image-832 aligncenter\" src=\"https:\/\/leovegas-au.org\/wp-content\/uploads\/2022\/08\/leovegas-casino-app-intro-300x129.jpg\" alt=\"leovegas download\" width=\"649\" height=\"279\" srcset=\"https:\/\/leovegas-au.org\/wp-content\/uploads\/2022\/08\/leovegas-casino-app-intro-300x129.jpg 300w, https:\/\/leovegas-au.org\/wp-content\/uploads\/2022\/08\/leovegas-casino-app-intro.jpg 700w\" sizes=\"auto, (max-width: 649px) 100vw, 649px\" \/><\/span><a href=\"https:\/\/leovegas-au.org\/fr\/\">LeoVegas Casino<\/a> est devenu disponible pour les joueurs australiens en 2014 et depuis, il est devenu une partie tr\u00e8s importante du march\u00e9 du jeu pour les joueurs locaux. Il est facile de comprendre pourquoi, compte tenu de la beaut\u00e9 de ce site Web et de ses nombreuses r\u00e9compenses. Le casino est exploit\u00e9 par LeoVegas Gaming Ltd. &#8211;\u00a0une soci\u00e9t\u00e9 de jeu tr\u00e8s c\u00e9l\u00e8bre et respect\u00e9e. Cette marque a des bureaux au Royaume-Uni et \u00e0 Malte. Pour pr\u00e9senter du contenu de jeu en Australie, le casino en ligne a obtenu une licence de la UK Gambling Commission et de la Malta Gaming Authority.<\/p>\n<p>Mais ce qui rend ce site Web encore plus pr\u00e9cieux, c&rsquo;est le fait que le joueur peut t\u00e9l\u00e9charger LeoVegas sous une forme d&rsquo;application pour tous les syst\u00e8mes d&rsquo;exploitation mobiles, tels qu&rsquo;Android et iOS. Le d\u00e9veloppeur officiel du logiciel de ce casino en ligne su\u00e9dois a d\u00e9cid\u00e9 de faire de ce site l&rsquo;un des plus grands non seulement d&rsquo;Europe, mais aussi du monde entier. La seule fa\u00e7on possible de le faire \u00e9tait de cr\u00e9er l&rsquo;une des meilleures exp\u00e9riences de casinos mobiles. Ce guide fournira plus de d\u00e9tails sur tout ce qui entoure l&rsquo;application et comment l&rsquo;utiliser.<\/p>\n<p style=\"text-align: center;\"><div class=\"t-go\"><a href=\"\/go-casino\/?sub_id_1=Leovegas\">OBTENEZ UN BONUS<\/a><\/div>\n<h2>Comment t\u00e9l\u00e9charger LeoVegas ?<\/h2>\n<p>La premi\u00e8re chose \u00e0 faire par le joueur est de t\u00e9l\u00e9charger <a href=\"https:\/\/leovegas-au.org\/fr\/app\/\">l&rsquo;application LeoVegas<\/a>. Ce n&rsquo;est pas une chose difficile \u00e0 faire, \u00e9tant donn\u00e9 que le joueur peut utiliser deux fa\u00e7ons simples de le faire. Selon une plate-forme sp\u00e9cifique, le processus d&rsquo;installation sera l\u00e9g\u00e8rement diff\u00e9rent.<\/p>\n<p>Les appareils Apple ont le moyen le plus simple d&rsquo;obtenir le logiciel de cette marque. Pour t\u00e9l\u00e9charger les jeux de casino LeoVegas sur iOS, les joueurs doivent simplement ouvrir l&rsquo;AppStore, saisir le nom du casino dans la barre de recherche et appuyer sur le bouton \u00ab\u00a0Obtenir\u00a0\u00bb. Apr\u00e8s quelques minutes, l&rsquo;application sera install\u00e9e et pr\u00eate \u00e0 \u00eatre utilis\u00e9e. Les utilisateurs d&rsquo;iPhone ne devraient avoir aucun probl\u00e8me \u00e0 obtenir cette application en quelques minutes.<\/p>\n<p>Dans le cas d&rsquo;Android, le processus d&rsquo;installation est un peu plus compliqu\u00e9. Pour r\u00e9ussir le t\u00e9l\u00e9chargement de l&rsquo;application Android LeoVegas, les joueurs doivent \u00eatre pr\u00eats \u00e0 suivre les \u00e9tapes suivantes\u00a0:<\/p>\n<ul>\n<li>Ouvrez le site officiel du Casino LeoVegas ;<\/li>\n<li>Ouvrez la section d\u00e9di\u00e9e \u00e0 l&rsquo;application de casino mobile\u00a0;<\/li>\n<li>T\u00e9l\u00e9chargez le fichier d&rsquo;installation officiel de l&rsquo;APK\u00a0;<\/li>\n<li>Dirigez-vous vers les param\u00e8tres du t\u00e9l\u00e9phone mobile;<\/li>\n<li>Entrez dans le menu de s\u00e9curit\u00e9\u00a0;<\/li>\n<li>Autoriser les \u00ab\u00a0sources inconnues\u00a0\u00bb\u00a0;<\/li>\n<li>Ouvrez le fichier APK t\u00e9l\u00e9charg\u00e9 pour d\u00e9marrer l&rsquo;installation et attendez qu&rsquo;il soit termin\u00e9.<\/li>\n<\/ul>\n<p>Ce n&rsquo;est pas si difficile lorsque le joueur le fera \u00e9tape par \u00e9tape \u00e0 l&rsquo;aide de ces instructions. Une fois l&rsquo;installation termin\u00e9e, il est possible d&rsquo;utiliser la version Android enti\u00e8rement fonctionnelle de l&rsquo;application. La raison pour laquelle il n&rsquo;est actuellement pas disponible sur le Google Play Market est simple &#8211; selon les r\u00e8gles officielles de la plate-forme, les soci\u00e9t\u00e9s de jeux ne sont pas autoris\u00e9es \u00e0 publier leur logiciel dans certaines r\u00e9gions et sans certaines restrictions. C&rsquo;est pourquoi l&rsquo;\u00e9quipe de LeoVegas a \u00e9t\u00e9 oblig\u00e9e d&rsquo;utiliser la solution APK.<\/p>\n<p style=\"text-align: center;\"><div class=\"t-go\"><a href=\"\/go-casino\/?sub_id_1=Leovegas\">OBTENEZ UN BONUS<\/a><\/div>\n<h2>Conclusion<\/h2>\n<p>Il n&rsquo;est pas si difficile de t\u00e9l\u00e9charger gratuitement le casino LeoVegas, en plus il offre au joueur un certain nombre d&rsquo;avantages en mati\u00e8re de jeu en ligne. Chaque joueur pourra enfin oublier les diff\u00e9rentes difficult\u00e9s de profiter des jeux en ligne. Il y a au moins quelques avantages \u00e0 mentionner :<\/p>\n<ul>\n<li>L&rsquo;application mobile de LeoVegas est enti\u00e8rement fonctionnelle gr\u00e2ce au logiciel de casino officiel de Net Entertainment ;<\/li>\n<li>La collection de jeux adapt\u00e9s pour fonctionner sur cette application se compose d&rsquo;au moins 350 titres, dont 270 machines \u00e0 sous, 18 titres exclusifs, 23 classiques du casino, plus de 50 jeux de table et au moins 10 jeux avec croupiers en direct\u00a0;<\/li>\n<li>L&rsquo;interface utilisateur est propre et conviviale car elle permet au joueur de naviguer facilement dans les diff\u00e9rentes sections du site sur un smartphone ou une tablette.<\/li>\n<li>L&rsquo;application prend en charge jusqu&rsquo;\u00e0 22 langues et 25 devises diff\u00e9rentes ;<\/li>\n<li>Il est possible de recevoir des tours gratuits et d&rsquo;autres types d&rsquo;offres sp\u00e9ciales.<\/li>\n<\/ul>\n<p>\u00c0 l&rsquo;heure actuelle, de nombreux fournisseurs de logiciels ont adapt\u00e9 leurs jeux pour qu&rsquo;ils fonctionnent correctement sur les appareils mobiles\u00a0:\u00a0Net Entertainment, Play&rsquo;N GO, Bally Technologies, Evolution Gaming, Cryptologic, Yggdrasil Gaming, Microgaming, Interactive Game Technology. Il est juste bon de savoir que le joueur peut non seulement t\u00e9l\u00e9charger gratuitement cette application officielle, mais il est \u00e9galement possible d&rsquo;obtenir quelques super bonus sp\u00e9cifiquement via l&rsquo;application mobile officielle. Par exemple, il est possible de recevoir un bonus de correspondance de d\u00e9p\u00f4t de 100% pour les 3 premiers d\u00e9p\u00f4ts effectu\u00e9s via l&rsquo;application. Il est possible de gagner non seulement des prix en esp\u00e8ces, mais aussi de nombreux prix r\u00e9els, tout en \u00e9tant en Australie.<\/p>\n<p>Il est difficile de dire quelque chose de mal \u00e0 propos de cette application car elle est vraiment bonne. Le joueur ne doit \u00eatre \u00e2g\u00e9 que d&rsquo;au moins 18 ans pour pouvoir t\u00e9l\u00e9charger l&rsquo;application et l&rsquo;utiliser pleinement, sans aucune limitation car elle fonctionne conform\u00e9ment aux lois locales sur les jeux d&rsquo;argent.<\/p>\n<p><span style=\"font-weight: 400;\"><img loading=\"lazy\" decoding=\"async\" class=\" wp-image-834 aligncenter\" src=\"https:\/\/leovegas-au.org\/wp-content\/uploads\/2022\/08\/c-promotions-Oldpattern-row-300x138.jpg\" alt=\"leovegas casino\" width=\"657\" height=\"302\" srcset=\"https:\/\/leovegas-au.org\/wp-content\/uploads\/2022\/08\/c-promotions-Oldpattern-row-300x138.jpg 300w, https:\/\/leovegas-au.org\/wp-content\/uploads\/2022\/08\/c-promotions-Oldpattern-row.jpg 480w\" sizes=\"auto, (max-width: 657px) 100vw, 657px\" \/><\/span><\/p>\n<h2>FAQ<\/h2>\n<h3>L&rsquo;application est-elle meilleure que la version adaptative du site\u00a0?<\/h3>\n<p>Oui, l&rsquo;application est bien mieux optimis\u00e9e pour les smartphones et les tablettes. Le joueur peut \u00eatre s\u00fbr qu&rsquo;en jouant \u00e0 des jeux via l&rsquo;application, l&rsquo;exp\u00e9rience globale devrait \u00eatre bien meilleure gr\u00e2ce \u00e0 des mises \u00e0 jour r\u00e9guli\u00e8res et \u00e0 une liste beaucoup plus longue de mesures de s\u00e9curit\u00e9.<\/p>\n<h3>Est-il possible d&rsquo;avoir un compte via l&rsquo;application ?<\/h3>\n<p>Oui, si le joueur souhaite cr\u00e9er un compte via l&rsquo;application, il est possible de le faire. Mais si l&rsquo;utilisateur a d\u00e9j\u00e0 compl\u00e9t\u00e9 l&rsquo;inscription dans le pass\u00e9, il est \u00e9galement possible d&rsquo;utiliser ce compte afin d&rsquo;utiliser toutes les fonctionnalit\u00e9s de l&rsquo;application avec un profil d\u00e9j\u00e0 existant.<\/p>\n<h3>Quelle est la note de l&rsquo;application\u00a0?<\/h3>\n<p>Le score de l&rsquo;utilisateur pour l&rsquo;application est assez bon &#8211; 4,7 sur 5. C&rsquo;est un nombre impressionnant, compte tenu du nombre de personnes qui ont t\u00e9l\u00e9charg\u00e9 cette application sur leur iPhone ou iPad. La plupart de leurs commentaires indiquent qu&rsquo;il s&rsquo;agit de la meilleure application de casino mobile qu&rsquo;ils aient jamais utilis\u00e9e de toute leur vie.<\/p>\n","protected":false},"excerpt":{"rendered":"<p>LeoVegas Casino est devenu disponible pour les joueurs australiens en 2014 et depuis, il est devenu une partie tr\u00e8s importante du march\u00e9 du jeu pour les joueurs locaux. Il est facile de comprendre pourquoi, compte tenu de la beaut\u00e9 de ce site Web et de ses nombreuses r\u00e9compenses. Le casino est exploit\u00e9 par LeoVegas Gaming [&hellip;]<\/p>\n","protected":false},"author":1,"featured_media":0,"parent":0,"menu_order":0,"comment_status":"closed","ping_status":"closed","template":"","meta":{"footnotes":""},"class_list":["post-838","page","type-page","status-publish","hentry"],"acf":[],"yoast_head":"<!-- This site is optimized with the Yoast SEO plugin v17.9 - https:\/\/yoast.com\/wordpress\/plugins\/seo\/ -->\n<title>Comment t\u00e9l\u00e9charger l&#039;application mobile LeoVegas<\/title>\n<meta name=\"description\" content=\"T\u00e9l\u00e9chargez l&#039;application officielle LeoVegas pour les appareils Apple et IOS et ayez toujours votre exp\u00e9rience de jeu \u00e0 port\u00e9e de main\" \/>\n<meta name=\"robots\" content=\"index, follow, max-snippet:-1, max-image-preview:large, max-video-preview:-1\" \/>\n<link rel=\"canonical\" href=\"https:\/\/leovegas-au.org\/fr\/download\/\" \/>\n<meta property=\"og:type\" content=\"article\" \/>\n<meta property=\"og:title\" content=\"Comment t\u00e9l\u00e9charger l&#039;application mobile LeoVegas\" \/>\n<meta property=\"og:description\" content=\"T\u00e9l\u00e9chargez l&#039;application officielle LeoVegas pour les appareils Apple et IOS et ayez toujours votre exp\u00e9rience de jeu \u00e0 port\u00e9e de main\" \/>\n<meta property=\"og:url\" content=\"https:\/\/leovegas-au.org\/fr\/download\/\" \/>\n<meta property=\"og:site_name\" content=\"leovegas casino\" \/>\n<meta property=\"article:modified_time\" content=\"2022-08-10T08:56:01+00:00\" \/>\n<meta property=\"og:image\" content=\"https:\/\/leovegas-au.org\/wp-content\/uploads\/2022\/08\/leovegas-casino-app-intro-300x129.jpg\" \/>\n<meta name=\"twitter:card\" content=\"summary_large_image\" \/>\n<meta name=\"twitter:label1\" content=\"Dur\u00e9e de lecture estim\u00e9e\" \/>\n\t<meta name=\"twitter:data1\" content=\"5 minutes\" \/>\n<script type=\"application\/ld+json\" class=\"yoast-schema-graph\">{\"@context\":\"https:\/\/schema.org\",\"@graph\":[{\"@type\":\"WebSite\",\"@id\":\"https:\/\/leovegas-au.org\/#website\",\"url\":\"https:\/\/leovegas-au.org\/\",\"name\":\"leovegas casino\",\"description\":\"\",\"potentialAction\":[{\"@type\":\"SearchAction\",\"target\":{\"@type\":\"EntryPoint\",\"urlTemplate\":\"https:\/\/leovegas-au.org\/?s={search_term_string}\"},\"query-input\":\"required name=search_term_string\"}],\"inLanguage\":\"fr-FR\"},{\"@type\":\"ImageObject\",\"@id\":\"https:\/\/leovegas-au.org\/fr\/download\/#primaryimage\",\"inLanguage\":\"fr-FR\",\"url\":\"https:\/\/leovegas-au.org\/wp-content\/uploads\/2022\/08\/leovegas-casino-app-intro.jpg\",\"contentUrl\":\"https:\/\/leovegas-au.org\/wp-content\/uploads\/2022\/08\/leovegas-casino-app-intro.jpg\",\"width\":700,\"height\":300,\"caption\":\"leovegas download\"},{\"@type\":\"WebPage\",\"@id\":\"https:\/\/leovegas-au.org\/fr\/download\/#webpage\",\"url\":\"https:\/\/leovegas-au.org\/fr\/download\/\",\"name\":\"Comment t\\u00e9l\\u00e9charger l'application mobile LeoVegas\",\"isPartOf\":{\"@id\":\"https:\/\/leovegas-au.org\/#website\"},\"primaryImageOfPage\":{\"@id\":\"https:\/\/leovegas-au.org\/fr\/download\/#primaryimage\"},\"datePublished\":\"2022-08-08T18:35:29+00:00\",\"dateModified\":\"2022-08-10T08:56:01+00:00\",\"description\":\"T\\u00e9l\\u00e9chargez l'application officielle LeoVegas pour les appareils Apple et IOS et ayez toujours votre exp\\u00e9rience de jeu \\u00e0 port\\u00e9e de main\",\"breadcrumb\":{\"@id\":\"https:\/\/leovegas-au.org\/fr\/download\/#breadcrumb\"},\"inLanguage\":\"fr-FR\",\"potentialAction\":[{\"@type\":\"ReadAction\",\"target\":[\"https:\/\/leovegas-au.org\/fr\/download\/\"]}]},{\"@type\":\"BreadcrumbList\",\"@id\":\"https:\/\/leovegas-au.org\/fr\/download\/#breadcrumb\",\"itemListElement\":[{\"@type\":\"ListItem\",\"position\":1,\"name\":\"Home\",\"item\":\"https:\/\/leovegas-au.org\/fr\/\"},{\"@type\":\"ListItem\",\"position\":2,\"name\":\"T\\u00e9l\\u00e9chargement du casino LeoVegas\"}]}]}<\/script>\n<!-- \/ Yoast SEO plugin. -->","yoast_head_json":{"title":"Comment t\u00e9l\u00e9charger l'application mobile LeoVegas","description":"T\u00e9l\u00e9chargez l'application officielle LeoVegas pour les appareils Apple et IOS et ayez toujours votre exp\u00e9rience de jeu \u00e0 port\u00e9e de main","robots":{"index":"index","follow":"follow","max-snippet":"max-snippet:-1","max-image-preview":"max-image-preview:large","max-video-preview":"max-video-preview:-1"},"canonical":"https:\/\/leovegas-au.org\/fr\/download\/","og_type":"article","og_title":"Comment t\u00e9l\u00e9charger l'application mobile LeoVegas","og_description":"T\u00e9l\u00e9chargez l'application officielle LeoVegas pour les appareils Apple et IOS et ayez toujours votre exp\u00e9rience de jeu \u00e0 port\u00e9e de main","og_url":"https:\/\/leovegas-au.org\/fr\/download\/","og_site_name":"leovegas casino","article_modified_time":"2022-08-10T08:56:01+00:00","og_image":[{"url":"https:\/\/leovegas-au.org\/wp-content\/uploads\/2022\/08\/leovegas-casino-app-intro-300x129.jpg"}],"twitter_card":"summary_large_image","twitter_misc":{"Dur\u00e9e de lecture estim\u00e9e":"5 minutes"},"schema":{"@context":"https:\/\/schema.org","@graph":[{"@type":"WebSite","@id":"https:\/\/leovegas-au.org\/#website","url":"https:\/\/leovegas-au.org\/","name":"leovegas casino","description":"","potentialAction":[{"@type":"SearchAction","target":{"@type":"EntryPoint","urlTemplate":"https:\/\/leovegas-au.org\/?s={search_term_string}"},"query-input":"required name=search_term_string"}],"inLanguage":"fr-FR"},{"@type":"ImageObject","@id":"https:\/\/leovegas-au.org\/fr\/download\/#primaryimage","inLanguage":"fr-FR","url":"https:\/\/leovegas-au.org\/wp-content\/uploads\/2022\/08\/leovegas-casino-app-intro.jpg","contentUrl":"https:\/\/leovegas-au.org\/wp-content\/uploads\/2022\/08\/leovegas-casino-app-intro.jpg","width":700,"height":300,"caption":"leovegas download"},{"@type":"WebPage","@id":"https:\/\/leovegas-au.org\/fr\/download\/#webpage","url":"https:\/\/leovegas-au.org\/fr\/download\/","name":"Comment t\u00e9l\u00e9charger l'application mobile LeoVegas","isPartOf":{"@id":"https:\/\/leovegas-au.org\/#website"},"primaryImageOfPage":{"@id":"https:\/\/leovegas-au.org\/fr\/download\/#primaryimage"},"datePublished":"2022-08-08T18:35:29+00:00","dateModified":"2022-08-10T08:56:01+00:00","description":"T\u00e9l\u00e9chargez l'application officielle LeoVegas pour les appareils Apple et IOS et ayez toujours votre exp\u00e9rience de jeu \u00e0 port\u00e9e de main","breadcrumb":{"@id":"https:\/\/leovegas-au.org\/fr\/download\/#breadcrumb"},"inLanguage":"fr-FR","potentialAction":[{"@type":"ReadAction","target":["https:\/\/leovegas-au.org\/fr\/download\/"]}]},{"@type":"BreadcrumbList","@id":"https:\/\/leovegas-au.org\/fr\/download\/#breadcrumb","itemListElement":[{"@type":"ListItem","position":1,"name":"Home","item":"https:\/\/leovegas-au.org\/fr\/"},{"@type":"ListItem","position":2,"name":"T\u00e9l\u00e9chargement du casino LeoVegas"}]}]}},"_links":{"self":[{"href":"https:\/\/leovegas-au.org\/fr\/wp-json\/wp\/v2\/pages\/838","targetHints":{"allow":["GET"]}}],"collection":[{"href":"https:\/\/leovegas-au.org\/fr\/wp-json\/wp\/v2\/pages"}],"about":[{"href":"https:\/\/leovegas-au.org\/fr\/wp-json\/wp\/v2\/types\/page"}],"author":[{"embeddable":true,"href":"https:\/\/leovegas-au.org\/fr\/wp-json\/wp\/v2\/users\/1"}],"replies":[{"embeddable":true,"href":"https:\/\/leovegas-au.org\/fr\/wp-json\/wp\/v2\/comments?post=838"}],"version-history":[{"count":5,"href":"https:\/\/leovegas-au.org\/fr\/wp-json\/wp\/v2\/pages\/838\/revisions"}],"predecessor-version":[{"id":894,"href":"https:\/\/leovegas-au.org\/fr\/wp-json\/wp\/v2\/pages\/838\/revisions\/894"}],"wp:attachment":[{"href":"https:\/\/leovegas-au.org\/fr\/wp-json\/wp\/v2\/media?parent=838"}],"curies":[{"name":"wp","href":"https:\/\/api.w.org\/{rel}","templated":true}]}}