{"id":693,"date":"2022-08-03T14:51:59","date_gmt":"2022-08-03T14:51:59","guid":{"rendered":"https:\/\/leovegas-au.org\/?page_id=693"},"modified":"2022-08-08T13:34:37","modified_gmt":"2022-08-08T13:34:37","slug":"customer-support","status":"publish","type":"page","link":"https:\/\/leovegas-au.org\/fr\/customer-support\/","title":{"rendered":"Soutien \u00c0 La Client\u00e8le LeoVegas"},"content":{"rendered":"<p>Avec le d\u00e9veloppement d&rsquo;Internet et des technologies connexes, les jeux de casino en ligne prennent de plus en plus d&rsquo;ampleur. Ils sont actuellement une industrie en plein essor avec de plus en plus de fans. Preuve en est le fait qu&rsquo;en Australie, les revenus ont atteint 69,8 millions de dollars au premier trimestre de cette ann\u00e9e, soit une augmentation de 47,5% par rapport \u00e0 la m\u00eame p\u00e9riode en 2019. Si vous \u00eates un fan de jeux d&rsquo;argent et que vous souhaitez d\u00e9couvrir un nouveau monde dans lequel rivaliser, les casinos num\u00e9riques peuvent \u00eatre une option extr\u00eamement rentable. Parce qu&rsquo;ils font ressortir le c\u00f4t\u00e9 comp\u00e9titif qui peut conduire \u00e0 de nombreux prix et r\u00e9compenses, tous ceux qui veulent jouer aux casinos pour de l&rsquo;argent ne comprennent pas les principes de base du jeu. Par cons\u00e9quent, des probl\u00e8mes et des situations inappropri\u00e9es surviennent qui pourraient \u00eatre \u00e9vit\u00e9s en se familiarisant avec les r\u00e8gles et les nuances du monde des machines \u00e0 sous. Si vous s\u00e9lectionnez simplement la taille de la mise et la rotation, il ne sera pas possible de comprendre exactement ce qui se passe pendant le jeu et \u00e0 quoi s&rsquo;attendre. Le r\u00e9sultat de cette approche est un d\u00e9p\u00f4t compl\u00e8tement perdu, qui ne peut d\u00e9j\u00e0 pas \u00eatre retourn\u00e9.<\/p>\n<h2>Style de jeu<\/h2>\n<p>Fourni par les particularit\u00e9s des r\u00e8gles, obligeant les joueurs \u00e0 s&rsquo;adapter aux conditions fix\u00e9es par les d\u00e9veloppeurs de machines. Par rapport aux <a href=\"https:\/\/leovegas-au.org\/fr\/card-games\/\">jeux de cartes<\/a> tels que le poker, ma\u00eetriser le jeu des machines \u00e0 sous est beaucoup plus facile puisque le joueur lui-m\u00eame d\u00e9pend ici un peu. Mais toutes les actions doivent pouvoir \u00eatre expliqu\u00e9es et comprises. Sinon, vous pouvez faire les mauvais paris, ce qui entra\u00eenera une faillite rapide.<\/p>\n<p><img loading=\"lazy\" decoding=\"async\" class=\"aligncenter wp-image-691 size-full\" src=\"https:\/\/leovegas-au.org\/wp-content\/uploads\/2022\/08\/customer-support.jpeg\" alt=\"customer support\" width=\"724\" height=\"483\" srcset=\"https:\/\/leovegas-au.org\/wp-content\/uploads\/2022\/08\/customer-support.jpeg 724w, https:\/\/leovegas-au.org\/wp-content\/uploads\/2022\/08\/customer-support-300x200.jpeg 300w\" sizes=\"auto, (max-width: 724px) 100vw, 724px\" \/><\/p>\n<h2>Casino En Ligne<\/h2>\n<p>C&rsquo;est vrai; de plus en plus de jeux de casino en ligne sont consid\u00e9r\u00e9s comme des jeux d&rsquo;argent. Avec des th\u00e8mes diff\u00e9rents, les jeux de casino ont \u00ab\u00a0chang\u00e9 de visage\u00a0\u00bb et offrent aux joueurs de nouveaux d\u00e9fis, et vous pouvez toujours compter sur le support du casino en ligne LeoVegas pour toutes les questions que vous pourriez avoir pendant le jeu. Les films, l&rsquo;horreur et les sports sont des domaines qui ont donn\u00e9 naissance \u00e0 divers jeux de casino en ligne. Cependant, pour profiter de cette exp\u00e9rience, vous avez besoin. Une plateforme qui offre les garanties n\u00e9cessaires et le support client de LeoVegas. C&rsquo;est pourquoi l&rsquo;une des premi\u00e8res \u00e9tapes pour commencer \u00e0 conna\u00eetre ce domaine est de choisir le meilleur type de casino en ligne pour jouer et tirer le meilleur parti de la plate-forme. Il existe diff\u00e9rents types de casinos en ligne.<\/p>\n<div class=\"t-go\"><a href=\"\/go-casino\/?sub_id_1=Leovegas\">OBTENEZ UN BONUS<\/a><\/div>\n<h2>Types de casinos en ligne<\/h2>\n<p>Casinos en ligne-il n&rsquo;est pas n\u00e9cessaire de t\u00e9l\u00e9charger un logiciel. Les plugins du navigateur et le site Web lui-m\u00eame fournissent tout ce dont vous avez besoin pour cr\u00e9er un compte et entrer dans le monde du casino avec des graphiques, des sons et des images. Pour les utiliser, l&rsquo;utilisateur doit se rendre sur l&rsquo;une des marques de la r\u00e9gion et t\u00e9l\u00e9charger <a href=\"https:\/\/leovegas-au.org\/fr\/app\/\">l&rsquo;application<\/a>. Apr\u00e8s cela, il suffit d&rsquo;une connexion Wi-Fi et d&rsquo;un appareil pouvant prendre en charge la plate-forme. Il peut s&rsquo;agir d&rsquo;un smartphone, d&rsquo;une tablette ou d&rsquo;un ordinateur portable.<\/p>\n<h2>Casino En Direct<\/h2>\n<p>Les salles priv\u00e9es et les salles de discussion permettent aux joueurs de se sentir comme s&rsquo;ils \u00e9taient dans un vrai casino en temps r\u00e9el.<\/p>\n<p>Une fois que vous avez \u00e9t\u00e9 aid\u00e9 \u00e0 d\u00e9cider du support du casino LeoVegas en Australie et lequel des trois jeux est le meilleur \u00e0 jouer, il est temps de parler des jeux de casino en ligne existants. Les machines \u00e0 sous sont l&rsquo;un des jeux les plus populaires des casinos en ligne. C&rsquo;est un jeu assez simple \u00e0 jouer et \u00e0 apprendre. C&rsquo;est peut-\u00eatre pourquoi les nouveaux arrivants pr\u00e9f\u00e8rent commencer ici. Cependant, vous devez \u00eatre pr\u00eat \u00e0 comprendre les m\u00e9canismes et \u00e0 d\u00e9terminer quels sont les meilleurs objectifs. Mais vous pouvez toujours compter sur le support de LeoVegas casino. Ils vous aideront et vous soutiendront toujours.<\/p>\n","protected":false},"excerpt":{"rendered":"<p>Avec le d\u00e9veloppement d&rsquo;Internet et des technologies connexes, les jeux de casino en ligne prennent de plus en plus d&rsquo;ampleur. Ils sont actuellement une industrie en plein essor avec de plus en plus de fans. Preuve en est le fait qu&rsquo;en Australie, les revenus ont atteint 69,8 millions de dollars au premier trimestre de cette [&hellip;]<\/p>\n","protected":false},"author":1,"featured_media":0,"parent":0,"menu_order":0,"comment_status":"closed","ping_status":"closed","template":"","meta":{"footnotes":""},"class_list":["post-693","page","type-page","status-publish","hentry"],"acf":[],"yoast_head":"<!-- This site is optimized with the Yoast SEO plugin v17.9 - https:\/\/yoast.com\/wordpress\/plugins\/seo\/ -->\n<title>Support Client et Aide dans le Casino en Ligne Australien LeoVegas<\/title>\n<meta name=\"description\" content=\"Service Client Australien pour le Casino en Ligne LeoVegas - Nous discutons des options de service client disponibles lorsque vous jouez dans un casino en ligne\" \/>\n<meta name=\"robots\" content=\"index, follow, max-snippet:-1, max-image-preview:large, max-video-preview:-1\" \/>\n<link rel=\"canonical\" href=\"https:\/\/leovegas-au.org\/fr\/customer-support\/\" \/>\n<meta property=\"og:type\" content=\"article\" \/>\n<meta property=\"og:title\" content=\"Support Client et Aide dans le Casino en Ligne Australien LeoVegas\" \/>\n<meta property=\"og:description\" content=\"Service Client Australien pour le Casino en Ligne LeoVegas - Nous discutons des options de service client disponibles lorsque vous jouez dans un casino en ligne\" \/>\n<meta property=\"og:url\" content=\"https:\/\/leovegas-au.org\/fr\/customer-support\/\" \/>\n<meta property=\"og:site_name\" content=\"leovegas casino\" \/>\n<meta property=\"article:modified_time\" content=\"2022-08-08T13:34:37+00:00\" \/>\n<meta property=\"og:image\" content=\"https:\/\/leovegas-au.org\/wp-content\/uploads\/2022\/08\/customer-support.jpeg\" \/>\n<meta name=\"twitter:card\" content=\"summary_large_image\" \/>\n<meta name=\"twitter:label1\" content=\"Dur\u00e9e de lecture estim\u00e9e\" \/>\n\t<meta name=\"twitter:data1\" content=\"4 minutes\" \/>\n<script type=\"application\/ld+json\" class=\"yoast-schema-graph\">{\"@context\":\"https:\/\/schema.org\",\"@graph\":[{\"@type\":\"WebSite\",\"@id\":\"https:\/\/leovegas-au.org\/#website\",\"url\":\"https:\/\/leovegas-au.org\/\",\"name\":\"leovegas casino\",\"description\":\"\",\"potentialAction\":[{\"@type\":\"SearchAction\",\"target\":{\"@type\":\"EntryPoint\",\"urlTemplate\":\"https:\/\/leovegas-au.org\/?s={search_term_string}\"},\"query-input\":\"required name=search_term_string\"}],\"inLanguage\":\"fr-FR\"},{\"@type\":\"ImageObject\",\"@id\":\"https:\/\/leovegas-au.org\/fr\/customer-support\/#primaryimage\",\"inLanguage\":\"fr-FR\",\"url\":\"https:\/\/leovegas-au.org\/wp-content\/uploads\/2022\/08\/customer-support.jpeg\",\"contentUrl\":\"https:\/\/leovegas-au.org\/wp-content\/uploads\/2022\/08\/customer-support.jpeg\",\"width\":724,\"height\":483,\"caption\":\"customer support\"},{\"@type\":\"WebPage\",\"@id\":\"https:\/\/leovegas-au.org\/fr\/customer-support\/#webpage\",\"url\":\"https:\/\/leovegas-au.org\/fr\/customer-support\/\",\"name\":\"Support Client et Aide dans le Casino en Ligne Australien LeoVegas\",\"isPartOf\":{\"@id\":\"https:\/\/leovegas-au.org\/#website\"},\"primaryImageOfPage\":{\"@id\":\"https:\/\/leovegas-au.org\/fr\/customer-support\/#primaryimage\"},\"datePublished\":\"2022-08-03T14:51:59+00:00\",\"dateModified\":\"2022-08-08T13:34:37+00:00\",\"description\":\"Service Client Australien pour le Casino en Ligne LeoVegas - Nous discutons des options de service client disponibles lorsque vous jouez dans un casino en ligne\",\"breadcrumb\":{\"@id\":\"https:\/\/leovegas-au.org\/fr\/customer-support\/#breadcrumb\"},\"inLanguage\":\"fr-FR\",\"potentialAction\":[{\"@type\":\"ReadAction\",\"target\":[\"https:\/\/leovegas-au.org\/fr\/customer-support\/\"]}]},{\"@type\":\"BreadcrumbList\",\"@id\":\"https:\/\/leovegas-au.org\/fr\/customer-support\/#breadcrumb\",\"itemListElement\":[{\"@type\":\"ListItem\",\"position\":1,\"name\":\"Home\",\"item\":\"https:\/\/leovegas-au.org\/fr\/\"},{\"@type\":\"ListItem\",\"position\":2,\"name\":\"Soutien \\u00c0 La Client\\u00e8le LeoVegas\"}]}]}<\/script>\n<!-- \/ Yoast SEO plugin. -->","yoast_head_json":{"title":"Support Client et Aide dans le Casino en Ligne Australien LeoVegas","description":"Service Client Australien pour le Casino en Ligne LeoVegas - Nous discutons des options de service client disponibles lorsque vous jouez dans un casino en ligne","robots":{"index":"index","follow":"follow","max-snippet":"max-snippet:-1","max-image-preview":"max-image-preview:large","max-video-preview":"max-video-preview:-1"},"canonical":"https:\/\/leovegas-au.org\/fr\/customer-support\/","og_type":"article","og_title":"Support Client et Aide dans le Casino en Ligne Australien LeoVegas","og_description":"Service Client Australien pour le Casino en Ligne LeoVegas - Nous discutons des options de service client disponibles lorsque vous jouez dans un casino en ligne","og_url":"https:\/\/leovegas-au.org\/fr\/customer-support\/","og_site_name":"leovegas casino","article_modified_time":"2022-08-08T13:34:37+00:00","og_image":[{"url":"https:\/\/leovegas-au.org\/wp-content\/uploads\/2022\/08\/customer-support.jpeg"}],"twitter_card":"summary_large_image","twitter_misc":{"Dur\u00e9e de lecture estim\u00e9e":"4 minutes"},"schema":{"@context":"https:\/\/schema.org","@graph":[{"@type":"WebSite","@id":"https:\/\/leovegas-au.org\/#website","url":"https:\/\/leovegas-au.org\/","name":"leovegas casino","description":"","potentialAction":[{"@type":"SearchAction","target":{"@type":"EntryPoint","urlTemplate":"https:\/\/leovegas-au.org\/?s={search_term_string}"},"query-input":"required name=search_term_string"}],"inLanguage":"fr-FR"},{"@type":"ImageObject","@id":"https:\/\/leovegas-au.org\/fr\/customer-support\/#primaryimage","inLanguage":"fr-FR","url":"https:\/\/leovegas-au.org\/wp-content\/uploads\/2022\/08\/customer-support.jpeg","contentUrl":"https:\/\/leovegas-au.org\/wp-content\/uploads\/2022\/08\/customer-support.jpeg","width":724,"height":483,"caption":"customer support"},{"@type":"WebPage","@id":"https:\/\/leovegas-au.org\/fr\/customer-support\/#webpage","url":"https:\/\/leovegas-au.org\/fr\/customer-support\/","name":"Support Client et Aide dans le Casino en Ligne Australien LeoVegas","isPartOf":{"@id":"https:\/\/leovegas-au.org\/#website"},"primaryImageOfPage":{"@id":"https:\/\/leovegas-au.org\/fr\/customer-support\/#primaryimage"},"datePublished":"2022-08-03T14:51:59+00:00","dateModified":"2022-08-08T13:34:37+00:00","description":"Service Client Australien pour le Casino en Ligne LeoVegas - Nous discutons des options de service client disponibles lorsque vous jouez dans un casino en ligne","breadcrumb":{"@id":"https:\/\/leovegas-au.org\/fr\/customer-support\/#breadcrumb"},"inLanguage":"fr-FR","potentialAction":[{"@type":"ReadAction","target":["https:\/\/leovegas-au.org\/fr\/customer-support\/"]}]},{"@type":"BreadcrumbList","@id":"https:\/\/leovegas-au.org\/fr\/customer-support\/#breadcrumb","itemListElement":[{"@type":"ListItem","position":1,"name":"Home","item":"https:\/\/leovegas-au.org\/fr\/"},{"@type":"ListItem","position":2,"name":"Soutien \u00c0 La Client\u00e8le LeoVegas"}]}]}},"_links":{"self":[{"href":"https:\/\/leovegas-au.org\/fr\/wp-json\/wp\/v2\/pages\/693","targetHints":{"allow":["GET"]}}],"collection":[{"href":"https:\/\/leovegas-au.org\/fr\/wp-json\/wp\/v2\/pages"}],"about":[{"href":"https:\/\/leovegas-au.org\/fr\/wp-json\/wp\/v2\/types\/page"}],"author":[{"embeddable":true,"href":"https:\/\/leovegas-au.org\/fr\/wp-json\/wp\/v2\/users\/1"}],"replies":[{"embeddable":true,"href":"https:\/\/leovegas-au.org\/fr\/wp-json\/wp\/v2\/comments?post=693"}],"version-history":[{"count":4,"href":"https:\/\/leovegas-au.org\/fr\/wp-json\/wp\/v2\/pages\/693\/revisions"}],"predecessor-version":[{"id":804,"href":"https:\/\/leovegas-au.org\/fr\/wp-json\/wp\/v2\/pages\/693\/revisions\/804"}],"wp:attachment":[{"href":"https:\/\/leovegas-au.org\/fr\/wp-json\/wp\/v2\/media?parent=693"}],"curies":[{"name":"wp","href":"https:\/\/api.w.org\/{rel}","templated":true}]}}