{"id":687,"date":"2022-08-03T14:30:27","date_gmt":"2022-08-03T14:30:27","guid":{"rendered":"https:\/\/leovegas-au.org\/?page_id=687"},"modified":"2022-08-08T13:35:58","modified_gmt":"2022-08-08T13:35:58","slug":"deposit","status":"publish","type":"page","link":"https:\/\/leovegas-au.org\/fr\/deposit\/","title":{"rendered":"D\u00e9p\u00f4t chez LeoVegas"},"content":{"rendered":"<p>En choisissant le casino en ligne pour <a href=\"https:\/\/leovegas-au.org\/fr\/registration\/\">ouvrir un compte<\/a>, le joueur doit \u00e9valuer non seulement la coh\u00e9rence des bonus de casino, mais \u00e9galement les syst\u00e8mes de d\u00e9p\u00f4t et de retrait propos\u00e9s: leur popularit\u00e9 et leur fiabilit\u00e9, la rapidit\u00e9 du transfert d&rsquo;argent et la s\u00e9curit\u00e9.<\/p>\n<p>Les m\u00e9thodes de d\u00e9p\u00f4t pour le casino en ligne LeoVegas ont diff\u00e9rents syst\u00e8mes de d\u00e9p\u00f4t et de retrait d&rsquo;argent du compte de jeu. Parmi les diff\u00e9rents modes de paiement figurent les cartes pr\u00e9pay\u00e9es classiques et les cartes de cr\u00e9dit, ainsi que de nouveaux syst\u00e8mes tels que les portefeuilles \u00e9lectroniques et les virements bancaires traditionnels.<\/p>\n<p>Sur cette page d\u00e9di\u00e9e aux syst\u00e8mes de paiement en ligne, vous trouverez vademecum avec toutes les options (divis\u00e9es par popularit\u00e9 et technologie utilis\u00e9e) que vous pouvez utiliser pour effectuer des d\u00e9p\u00f4ts et des retraits au casino.<\/p>\n<div class=\"t-go\"><a href=\"\/go-casino\/?sub_id_1=Leovegas\">OBTENEZ UN BONUS<\/a><\/div>\n<h2>Les m\u00e9thodes de paiement les plus populaires dans les casinos<\/h2>\n<p>Mais quelles sont les m\u00e9thodes de d\u00e9p\u00f4t les plus populaires du casino LeoVegas? De loin les plus populaires de tous sont deux:<\/p>\n<ul>\n<li>Les casinos PayPal, c&rsquo;est-\u00e0-dire ceux qui permettent d&rsquo;effectuer des transactions via le portefeuille \u00e9lectronique PayPal (portefeuille \u00e9lectronique), qui peut \u00eatre li\u00e9 \u00e0 une carte de cr\u00e9dit, une carte pr\u00e9pay\u00e9e ou un compte bancaire. Il est similaire \u00e0 un portefeuille virtuel, \u00e0 partir duquel vous pouvez retirer ou d\u00e9poser de l&rsquo;argent, et est accept\u00e9 par tous les casinos australiens. Ce syst\u00e8me est pratique et rapide car il ne permet que les transactions via votre adresse e-mail.<\/li>\n<li>D&rsquo;autre part, les casinos PostePay vous permettent d&rsquo;utiliser la carte de d\u00e9bit Poste Australia du circuit Visa Electron, qui peut \u00eatre utilis\u00e9e \u00e0 la fois pour les d\u00e9p\u00f4ts et les retraits. Il s&rsquo;agit d&rsquo;une carte physique (contrairement \u00e0 PayPal), tout comme une carte de guichet automatique, souvent utilis\u00e9e pour les transactions en ligne.<\/li>\n<\/ul>\n<p><img loading=\"lazy\" decoding=\"async\" class=\"aligncenter wp-image-684 size-full\" src=\"https:\/\/leovegas-au.org\/wp-content\/uploads\/2022\/08\/deposit-casino.jpeg\" alt=\"deposit casino\" width=\"1200\" height=\"675\" srcset=\"https:\/\/leovegas-au.org\/wp-content\/uploads\/2022\/08\/deposit-casino.jpeg 1200w, https:\/\/leovegas-au.org\/wp-content\/uploads\/2022\/08\/deposit-casino-300x169.jpeg 300w, https:\/\/leovegas-au.org\/wp-content\/uploads\/2022\/08\/deposit-casino-1024x576.jpeg 1024w, https:\/\/leovegas-au.org\/wp-content\/uploads\/2022\/08\/deposit-casino-768x432.jpeg 768w\" sizes=\"auto, (max-width: 1200px) 100vw, 1200px\" \/><\/p>\n<h2>Syst\u00e8mes de paiement traditionnels: cartes de cr\u00e9dit et de d\u00e9bit de casino<\/h2>\n<p>Les m\u00e9thodes classiques d&rsquo;ouverture et de d\u00e9p\u00f4t de compte de casino en ligne sur LeoVegas incluent les cartes de cr\u00e9dit, les cartes de d\u00e9bit et les virements bancaires populaires. Ce sont toutes des m\u00e9thodes tr\u00e8s populaires et simples.<\/p>\n<p>Une carte de d\u00e9bit, commun\u00e9ment appel\u00e9e carte de guichet automatique, est une carte magn\u00e9tique utilis\u00e9e pour retirer un montant de votre compte personnel au moment d&rsquo;une transaction. C&rsquo;est ce qu&rsquo;on appelle une carte de d\u00e9bit car vous ne pouvez pas d\u00e9penser plus que ce que vous avez sur votre compte.<\/p>\n<p>Une carte de cr\u00e9dit, contrairement \u00e0 une carte de d\u00e9bit, laisse un intervalle de temps entre le paiement et le retrait r\u00e9el. C&rsquo;est ce qu&rsquo;on appelle une carte de cr\u00e9dit car elle vous permet de d\u00e9penser plus que ce dont vous disposez. Cependant, si la limite est d\u00e9pass\u00e9e et que le paiement reste au-dessus de la limite, une personne peut avoir des \u00ab\u00a0ennuis\u00a0\u00bb avec la banque. Pour cette raison, les casinos en ligne pr\u00e9f\u00e8rent g\u00e9n\u00e9ralement les cartes de d\u00e9bit aux cartes de cr\u00e9dit. Cependant, une carte de cr\u00e9dit MasterCard ouvrira les portes de tous les casinos AAMS, et presque des m\u00e9thodes de d\u00e9p\u00f4t <a href=\"https:\/\/leovegas-au.org\/fr\/bonus\/\">bonus LeoVegas<\/a>.<\/p>\n<p>Le virement bancaire est \u00e9galement utilis\u00e9, ce qui est accept\u00e9 par tous les op\u00e9rateurs, mais en raison des frais de service, certaines m\u00e9thodes de d\u00e9p\u00f4t de casino en ligne pour les joueurs AU LeoVegas pr\u00e9f\u00e8rent d&rsquo;autres m\u00e9thodes de paiement.<\/p>\n<div class=\"t-go\"><a href=\"\/go-casino\/?sub_id_1=Leovegas\">OBTENEZ UN BONUS<\/a><\/div>\n<h2>Options de paiement modernes dans les casinos: portefeuilles \u00e9lectroniques et cartes pr\u00e9pay\u00e9es<\/h2>\n<p>E-Wallet, ou e-wallet, est un syst\u00e8me de stockage d&rsquo;argent en ligne pratique: une sorte de tirelire virtuelle. Il est similaire \u00e0 un portefeuille, o\u00f9 vous pouvez d\u00e9cider combien d&rsquo;argent mettre ou retirer, \u00e0 la seule diff\u00e9rence qu&rsquo;il est en ligne. La force est la rapidit\u00e9 de la transaction, la haute s\u00e9curit\u00e9 et l&rsquo;anonymat complet.<\/p>\n<p>En r\u00e8gle g\u00e9n\u00e9rale, les d\u00e9p\u00f4ts sur un portefeuille \u00e9lectronique peuvent \u00eatre effectu\u00e9s directement \u00e0 partir de votre compte bancaire ou de cartes de cr\u00e9dit\/pr\u00e9pay\u00e9es, etc. De l\u00e0, les fonds peuvent \u00eatre transf\u00e9r\u00e9s sur un site de poker ou de casino en ligne. Vous pouvez retirer vos gains avec le m\u00eame portefeuille \u00e9lectronique, puis transf\u00e9rer les fonds de celui-ci sur votre compte bancaire. C&rsquo;est un processus tr\u00e8s simple.<\/p>\n<p>Une carte pr\u00e9pay\u00e9e fonctionne de la m\u00eame mani\u00e8re qu&rsquo;une carte de d\u00e9bit, c&rsquo;est-\u00e0-dire que le montant est d\u00e9bit\u00e9 au moment du paiement. Cependant, il n&rsquo;est pas li\u00e9 \u00e0 un compte mais \u00e0 un cr\u00e9dit pr\u00e9charg\u00e9 (comme les anciennes cartes t\u00e9l\u00e9phoniques).<\/p>\n","protected":false},"excerpt":{"rendered":"<p>En choisissant le casino en ligne pour ouvrir un compte, le joueur doit \u00e9valuer non seulement la coh\u00e9rence des bonus de casino, mais \u00e9galement les syst\u00e8mes de d\u00e9p\u00f4t et de retrait propos\u00e9s: leur popularit\u00e9 et leur fiabilit\u00e9, la rapidit\u00e9 du transfert d&rsquo;argent et la s\u00e9curit\u00e9. Les m\u00e9thodes de d\u00e9p\u00f4t pour le casino en ligne LeoVegas [&hellip;]<\/p>\n","protected":false},"author":1,"featured_media":0,"parent":0,"menu_order":0,"comment_status":"closed","ping_status":"closed","template":"","meta":{"footnotes":""},"class_list":["post-687","page","type-page","status-publish","hentry"],"acf":[],"yoast_head":"<!-- This site is optimized with the Yoast SEO plugin v17.9 - https:\/\/yoast.com\/wordpress\/plugins\/seo\/ -->\n<title>D\u00e9p\u00f4t de Casino-D\u00e9p\u00f4ts de Casino Faciles sur LeoVegas<\/title>\n<meta name=\"description\" content=\"Vous vous demandez comment d\u00e9poser de l&#039;argent r\u00e9el dans Leo Vegas pour jouer \u00e0 vos jeux de casino pr\u00e9f\u00e9r\u00e9s? Nous couvrons tous les services de paiement les plus s\u00fbrs et les plus s\u00fbrs disponibles en ligne\" \/>\n<meta name=\"robots\" content=\"index, follow, max-snippet:-1, max-image-preview:large, max-video-preview:-1\" \/>\n<link rel=\"canonical\" href=\"https:\/\/leovegas-au.org\/fr\/deposit\/\" \/>\n<meta property=\"og:type\" content=\"article\" \/>\n<meta property=\"og:title\" content=\"D\u00e9p\u00f4t de Casino-D\u00e9p\u00f4ts de Casino Faciles sur LeoVegas\" \/>\n<meta property=\"og:description\" content=\"Vous vous demandez comment d\u00e9poser de l&#039;argent r\u00e9el dans Leo Vegas pour jouer \u00e0 vos jeux de casino pr\u00e9f\u00e9r\u00e9s? Nous couvrons tous les services de paiement les plus s\u00fbrs et les plus s\u00fbrs disponibles en ligne\" \/>\n<meta property=\"og:url\" content=\"https:\/\/leovegas-au.org\/fr\/deposit\/\" \/>\n<meta property=\"og:site_name\" content=\"leovegas casino\" \/>\n<meta property=\"article:modified_time\" content=\"2022-08-08T13:35:58+00:00\" \/>\n<meta property=\"og:image\" content=\"https:\/\/leovegas-au.org\/wp-content\/uploads\/2022\/08\/deposit-casino.jpeg\" \/>\n<meta name=\"twitter:card\" content=\"summary_large_image\" \/>\n<meta name=\"twitter:label1\" content=\"Dur\u00e9e de lecture estim\u00e9e\" \/>\n\t<meta name=\"twitter:data1\" content=\"4 minutes\" \/>\n<script type=\"application\/ld+json\" class=\"yoast-schema-graph\">{\"@context\":\"https:\/\/schema.org\",\"@graph\":[{\"@type\":\"WebSite\",\"@id\":\"https:\/\/leovegas-au.org\/#website\",\"url\":\"https:\/\/leovegas-au.org\/\",\"name\":\"leovegas casino\",\"description\":\"\",\"potentialAction\":[{\"@type\":\"SearchAction\",\"target\":{\"@type\":\"EntryPoint\",\"urlTemplate\":\"https:\/\/leovegas-au.org\/?s={search_term_string}\"},\"query-input\":\"required name=search_term_string\"}],\"inLanguage\":\"fr-FR\"},{\"@type\":\"ImageObject\",\"@id\":\"https:\/\/leovegas-au.org\/fr\/deposit\/#primaryimage\",\"inLanguage\":\"fr-FR\",\"url\":\"https:\/\/leovegas-au.org\/wp-content\/uploads\/2022\/08\/deposit-casino.jpeg\",\"contentUrl\":\"https:\/\/leovegas-au.org\/wp-content\/uploads\/2022\/08\/deposit-casino.jpeg\",\"width\":1200,\"height\":675,\"caption\":\"deposit casino\"},{\"@type\":\"WebPage\",\"@id\":\"https:\/\/leovegas-au.org\/fr\/deposit\/#webpage\",\"url\":\"https:\/\/leovegas-au.org\/fr\/deposit\/\",\"name\":\"D\\u00e9p\\u00f4t de Casino-D\\u00e9p\\u00f4ts de Casino Faciles sur LeoVegas\",\"isPartOf\":{\"@id\":\"https:\/\/leovegas-au.org\/#website\"},\"primaryImageOfPage\":{\"@id\":\"https:\/\/leovegas-au.org\/fr\/deposit\/#primaryimage\"},\"datePublished\":\"2022-08-03T14:30:27+00:00\",\"dateModified\":\"2022-08-08T13:35:58+00:00\",\"description\":\"Vous vous demandez comment d\\u00e9poser de l'argent r\\u00e9el dans Leo Vegas pour jouer \\u00e0 vos jeux de casino pr\\u00e9f\\u00e9r\\u00e9s? Nous couvrons tous les services de paiement les plus s\\u00fbrs et les plus s\\u00fbrs disponibles en ligne\",\"breadcrumb\":{\"@id\":\"https:\/\/leovegas-au.org\/fr\/deposit\/#breadcrumb\"},\"inLanguage\":\"fr-FR\",\"potentialAction\":[{\"@type\":\"ReadAction\",\"target\":[\"https:\/\/leovegas-au.org\/fr\/deposit\/\"]}]},{\"@type\":\"BreadcrumbList\",\"@id\":\"https:\/\/leovegas-au.org\/fr\/deposit\/#breadcrumb\",\"itemListElement\":[{\"@type\":\"ListItem\",\"position\":1,\"name\":\"Home\",\"item\":\"https:\/\/leovegas-au.org\/fr\/\"},{\"@type\":\"ListItem\",\"position\":2,\"name\":\"D\\u00e9p\\u00f4t chez LeoVegas\"}]}]}<\/script>\n<!-- \/ Yoast SEO plugin. -->","yoast_head_json":{"title":"D\u00e9p\u00f4t de Casino-D\u00e9p\u00f4ts de Casino Faciles sur LeoVegas","description":"Vous vous demandez comment d\u00e9poser de l'argent r\u00e9el dans Leo Vegas pour jouer \u00e0 vos jeux de casino pr\u00e9f\u00e9r\u00e9s? Nous couvrons tous les services de paiement les plus s\u00fbrs et les plus s\u00fbrs disponibles en ligne","robots":{"index":"index","follow":"follow","max-snippet":"max-snippet:-1","max-image-preview":"max-image-preview:large","max-video-preview":"max-video-preview:-1"},"canonical":"https:\/\/leovegas-au.org\/fr\/deposit\/","og_type":"article","og_title":"D\u00e9p\u00f4t de Casino-D\u00e9p\u00f4ts de Casino Faciles sur LeoVegas","og_description":"Vous vous demandez comment d\u00e9poser de l'argent r\u00e9el dans Leo Vegas pour jouer \u00e0 vos jeux de casino pr\u00e9f\u00e9r\u00e9s? Nous couvrons tous les services de paiement les plus s\u00fbrs et les plus s\u00fbrs disponibles en ligne","og_url":"https:\/\/leovegas-au.org\/fr\/deposit\/","og_site_name":"leovegas casino","article_modified_time":"2022-08-08T13:35:58+00:00","og_image":[{"url":"https:\/\/leovegas-au.org\/wp-content\/uploads\/2022\/08\/deposit-casino.jpeg"}],"twitter_card":"summary_large_image","twitter_misc":{"Dur\u00e9e de lecture estim\u00e9e":"4 minutes"},"schema":{"@context":"https:\/\/schema.org","@graph":[{"@type":"WebSite","@id":"https:\/\/leovegas-au.org\/#website","url":"https:\/\/leovegas-au.org\/","name":"leovegas casino","description":"","potentialAction":[{"@type":"SearchAction","target":{"@type":"EntryPoint","urlTemplate":"https:\/\/leovegas-au.org\/?s={search_term_string}"},"query-input":"required name=search_term_string"}],"inLanguage":"fr-FR"},{"@type":"ImageObject","@id":"https:\/\/leovegas-au.org\/fr\/deposit\/#primaryimage","inLanguage":"fr-FR","url":"https:\/\/leovegas-au.org\/wp-content\/uploads\/2022\/08\/deposit-casino.jpeg","contentUrl":"https:\/\/leovegas-au.org\/wp-content\/uploads\/2022\/08\/deposit-casino.jpeg","width":1200,"height":675,"caption":"deposit casino"},{"@type":"WebPage","@id":"https:\/\/leovegas-au.org\/fr\/deposit\/#webpage","url":"https:\/\/leovegas-au.org\/fr\/deposit\/","name":"D\u00e9p\u00f4t de Casino-D\u00e9p\u00f4ts de Casino Faciles sur LeoVegas","isPartOf":{"@id":"https:\/\/leovegas-au.org\/#website"},"primaryImageOfPage":{"@id":"https:\/\/leovegas-au.org\/fr\/deposit\/#primaryimage"},"datePublished":"2022-08-03T14:30:27+00:00","dateModified":"2022-08-08T13:35:58+00:00","description":"Vous vous demandez comment d\u00e9poser de l'argent r\u00e9el dans Leo Vegas pour jouer \u00e0 vos jeux de casino pr\u00e9f\u00e9r\u00e9s? Nous couvrons tous les services de paiement les plus s\u00fbrs et les plus s\u00fbrs disponibles en ligne","breadcrumb":{"@id":"https:\/\/leovegas-au.org\/fr\/deposit\/#breadcrumb"},"inLanguage":"fr-FR","potentialAction":[{"@type":"ReadAction","target":["https:\/\/leovegas-au.org\/fr\/deposit\/"]}]},{"@type":"BreadcrumbList","@id":"https:\/\/leovegas-au.org\/fr\/deposit\/#breadcrumb","itemListElement":[{"@type":"ListItem","position":1,"name":"Home","item":"https:\/\/leovegas-au.org\/fr\/"},{"@type":"ListItem","position":2,"name":"D\u00e9p\u00f4t chez LeoVegas"}]}]}},"_links":{"self":[{"href":"https:\/\/leovegas-au.org\/fr\/wp-json\/wp\/v2\/pages\/687","targetHints":{"allow":["GET"]}}],"collection":[{"href":"https:\/\/leovegas-au.org\/fr\/wp-json\/wp\/v2\/pages"}],"about":[{"href":"https:\/\/leovegas-au.org\/fr\/wp-json\/wp\/v2\/types\/page"}],"author":[{"embeddable":true,"href":"https:\/\/leovegas-au.org\/fr\/wp-json\/wp\/v2\/users\/1"}],"replies":[{"embeddable":true,"href":"https:\/\/leovegas-au.org\/fr\/wp-json\/wp\/v2\/comments?post=687"}],"version-history":[{"count":4,"href":"https:\/\/leovegas-au.org\/fr\/wp-json\/wp\/v2\/pages\/687\/revisions"}],"predecessor-version":[{"id":806,"href":"https:\/\/leovegas-au.org\/fr\/wp-json\/wp\/v2\/pages\/687\/revisions\/806"}],"wp:attachment":[{"href":"https:\/\/leovegas-au.org\/fr\/wp-json\/wp\/v2\/media?parent=687"}],"curies":[{"name":"wp","href":"https:\/\/api.w.org\/{rel}","templated":true}]}}