{"id":680,"date":"2022-08-03T13:56:42","date_gmt":"2022-08-03T13:56:42","guid":{"rendered":"https:\/\/leovegas-au.org\/?page_id=680"},"modified":"2022-08-08T13:38:06","modified_gmt":"2022-08-08T13:38:06","slug":"baccarat-en-direct","status":"publish","type":"page","link":"https:\/\/leovegas-au.org\/fr\/baccarat-en-direct\/","title":{"rendered":"Baccarat en Direct"},"content":{"rendered":"<p>Le baccara est l&rsquo;un des <a href=\"https:\/\/leovegas-au.org\/fr\/table-games\/\">jeux de table<\/a> les plus populaires dans les casinos. Il existe deux versions r\u00e9pandues du Baccarat: la version dite nord-am\u00e9ricaine, qui n&rsquo;a pas de croupier, et la version europ\u00e9enne, qui a un croupier.<\/p>\n<p>Ce jeu est tr\u00e8s populaire partout dans le monde, car on pense qu&rsquo;il offre au joueur de meilleures chances que la bankroll. Le baccarat en direct a toujours \u00e9t\u00e9 un jeu favori et attire des milliers de joueurs avec des budgets diff\u00e9rents. Un logiciel de casino moderne vous permet de jouer au Baccarat avec un croupier en direct dans le confort de votre foyer sans rien n\u00e9cessiter de sp\u00e9cial.<\/p>\n<p>Le d\u00e9veloppement des ordinateurs et de la technologie mobile a contribu\u00e9 \u00e0 la popularit\u00e9 croissante du Baccarat aupr\u00e8s des croupiers en direct. Les progr\u00e8s rapides de la technologie et le fait que les demandes du march\u00e9 de masse stimulent les jeux propos\u00e9s signifient que les jeux avec croupier en direct, et le Baccarat, en particulier, deviennent de plus en plus populaires au Baccarat en ligne Live LeoVegas.<\/p>\n<div class=\"t-go\"><a href=\"\/go-casino\/?sub_id_1=Leovegas\">OBTENEZ UN BONUS<\/a><\/div>\n<h2>Avantages de jouer au Baccarat en direct<\/h2>\n<p>Les avantages de choisir de jouer au Baccarat en ligne LeoVegas avec un croupier en direct sont principalement dus au fait que les joueurs n&rsquo;interagissent pas seulement avec un croupier en direct et \u00e9ventuellement avec d&rsquo;autres joueurs, mais qu&rsquo;ils peuvent le faire dans le confort de leur foyer.<\/p>\n<p>De plus, l&rsquo;interface logicielle utilis\u00e9e pour jouer au Baccarat en direct LeoVegas en ligne en Australie en temps r\u00e9el est g\u00e9n\u00e9ralement similaire \u00e0 celle utilis\u00e9e dans les jeux de casino r\u00e9guliers. La principale diff\u00e9rence entre les jeux de baccarat en ligne et les jeux avec croupier en direct est que les joueurs se voient proposer une interface utilisateur suppl\u00e9mentaire pour communiquer avec le croupier et les autres joueurs \u00e0 la table. C&rsquo;est l&rsquo;un des principaux avantages du Baccarat en direct, car il offre une bien meilleure exp\u00e9rience de jeu que les casinos en ligne ordinaires.<\/p>\n<p>De plus, le Baccarat avec croupiers en direct offre g\u00e9n\u00e9ralement le meilleur bonus de bienvenue au Baccarat en direct LeoVegas, ce qui am\u00e9liore certainement l&rsquo;exp\u00e9rience de jeu pour ceux qui tentent leur chance \u00e0 la table des croupiers en direct.<\/p>\n<p>Si vous comparez les cotes du Baccarat avec des croupiers en direct \u00e0 celles des versions en ligne r\u00e9guli\u00e8res, la version avec croupier en direct n&rsquo;est pas consid\u00e9r\u00e9e comme la version avec les meilleures cotes, simplement parce que les cartes sont distribu\u00e9es par un vrai croupier. Dans l&rsquo;ensemble, c&rsquo;est la m\u00eame chose, qu&rsquo;il s&rsquo;agisse de la version de casino terrestre r\u00e9guli\u00e8re, de la version en ligne ou de la version avec croupier en direct.<\/p>\n<p><img loading=\"lazy\" decoding=\"async\" class=\"aligncenter wp-image-678 size-full\" src=\"https:\/\/leovegas-au.org\/wp-content\/uploads\/2022\/08\/live-baccarat.jpeg\" alt=\"live baccarat LeoVegas\" width=\"700\" height=\"330\" srcset=\"https:\/\/leovegas-au.org\/wp-content\/uploads\/2022\/08\/live-baccarat.jpeg 700w, https:\/\/leovegas-au.org\/wp-content\/uploads\/2022\/08\/live-baccarat-300x141.jpeg 300w\" sizes=\"auto, (max-width: 700px) 100vw, 700px\" \/><\/p>\n<h2>Comment jouer au Baccarat avec un croupier en direct<\/h2>\n<p>Le Baccarat est un jeu de cartes \u00e0 \u00ab\u00a0limite \u00e9lev\u00e9e\u00a0\u00bb qui utilise huit <a href=\"https:\/\/leovegas-au.org\/fr\/card-games\/\">jeux de cartes<\/a>. Un fait int\u00e9ressant est que les trois et les dizaines n&rsquo;ont pas la valeur de la pi\u00e8ce elle-m\u00eame. Les cartes d&rsquo;as \u00e0 neuf sont calcul\u00e9es en fonction de leur valeur, donc les as valent un. Les joueurs peuvent choisir l&rsquo;une des trois options de pari: sur le joueur, sur le banquier, ou un match nul entre eux (\u00c9galit\u00e9 ou \u00c9galit\u00e9).<\/p>\n<p>Jouer au Baccara offre une meilleure exp\u00e9rience de jeu que dans les casinos terrestres. De plus, le joueur peut interagir avec le croupier et les autres joueurs dans le confort de son foyer sans avoir \u00e0 faire quoi que ce soit de sp\u00e9cial.<\/p>\n<p>Il y a la possibilit\u00e9 de regarder les cartes en temps r\u00e9el. Le jeu est g\u00e9n\u00e9ralement un peu plus lent que dans les casinos terrestres, car les cartes sont distribu\u00e9es par le croupier et tous les joueurs ont le temps de placer leurs paris.<\/p>\n<p>Les casinos de Baccarat avec croupier en direct Baccarat LeoVegas sont le meilleur choix pour les joueurs qui pr\u00e9f\u00e8rent les paris \u00e0 limite plus \u00e9lev\u00e9e. La plupart des casinos avec croupier en direct de baccarat autorisent des paris allant jusqu&rsquo;\u00e0 5 000 dollars par main, en particulier lorsqu&rsquo;il s&rsquo;agit de syst\u00e8mes de paris progressifs ou plus \u00e9lev\u00e9s. Bien s\u00fbr, des limites inf\u00e9rieures d&rsquo;environ 5 dollars par main sont \u00e9galement disponibles.<\/p>\n<p>Le baccarat avec un croupier en direct n&rsquo;est pas sans rappeler le jeu de casino terrestre standard. La principale diff\u00e9rence entre la version avec croupier en direct du Baccarat et la version en ligne standard est que dans la premi\u00e8re, un croupier est une personne r\u00e9elle. Aucun logiciel n&rsquo;est requis pour m\u00e9langer et traiter les cartes, de sorte que les joueurs peuvent \u00eatre absolument certains d&rsquo;une impartialit\u00e9 totale.<\/p>\n<h2>Pourquoi les jeux avec croupier en direct sont-ils si excitants?<\/h2>\n<p>Au d\u00e9but de l&rsquo;activit\u00e9 des casinos en ligne, les joueurs n&rsquo;\u00e9taient pas aussi enthousiasm\u00e9s par les casinos en ligne qu&rsquo;aujourd&rsquo;hui. Cela peut s&rsquo;expliquer par le fait que les soci\u00e9t\u00e9s de casino en ligne n&rsquo;ont pas fourni \u00e0 leurs clients des produits de premi\u00e8re classe et une grande vari\u00e9t\u00e9 de jeux. De plus, \u00e0 l&rsquo;\u00e9poque, les joueurs manquaient d&rsquo;interaction lorsqu&rsquo;ils jouaient en ligne. Actuellement, toutes ces difficult\u00e9s ont \u00e9t\u00e9 r\u00e9solues.<\/p>\n<p>Les casinos physiques ne sont pas disponibles dans tous les pays, et de nombreux joueurs doivent traverser la fronti\u00e8re pour participer \u00e0 des jeux de casino. Pourquoi ne pas le faire dans le confort de votre foyer? Presque tous les grands casinos en ligne fournissent des flux \u00e0 partir d&rsquo;au moins un studio, et la plupart offrent la possibilit\u00e9 de profiter des flux HQ \u00e0 partir de plusieurs salles. De plus, ces flux fonctionnent sans probl\u00e8me, vous ne serez donc pas d\u00e9rang\u00e9 par des probl\u00e8mes techniques.<\/p>\n<div class=\"t-go\"><a href=\"\/go-casino\/?sub_id_1=Leovegas\">OBTENEZ UN BONUS<\/a><\/div>\n<h2>Versions populaires de Baccarat avec croupiers en direct<\/h2>\n<p>Le Baccarat est populaire parmi les parieurs \u00e0 la fois pour ses r\u00e8gles simples et ses nombreuses variantes. Bien s\u00fbr, il est facile de se laisser perplexe lorsqu&rsquo;il s&rsquo;agit de choisir une version de baccarat, car toutes ces vari\u00e9t\u00e9s ont leurs propres caract\u00e9ristiques et limites de mise.<\/p>\n<p>Le baccarat VIP convient aux flambeurs exp\u00e9riment\u00e9s, tandis que le mini Baccarat est g\u00e9n\u00e9ralement choisi par la plupart des joueurs, car cette variante propose un jeu dynamique et des places \u00e0 sept joueurs. Au Baccarat progressif, vous pouvez faire un pari unique appel\u00e9 jackpot progressif, qui peut gagner et rapporter un gros prix.<\/p>\n<p>\u00cates-vous fou d&rsquo;un jeu rapide? Si c&rsquo;est le cas, votre choix devrait \u00eatre le baccarat rapide, dont les tours durent vingt-sept secondes. On a rat\u00e9 quelque chose? Squeeze Baccarat doit \u00eatre mentionn\u00e9 en dernier: pendant le jeu, la deuxi\u00e8me carte est press\u00e9e et s\u00e9par\u00e9e, comme dans un vrai jeu.<\/p>\n<h2>Aurai-je suffisamment d&rsquo;interaction dans une partie de Baccarat avec des croupiers en direct?<\/h2>\n<p>Inutile de dire que les joueurs choisissent les jeux de baccarat avec de vrais croupiers d&rsquo;abord et avant tout en raison de la possibilit\u00e9 de communiquer avec les croupiers. Pendant le jeu, les joueurs peuvent observer le croupier sur le moniteur, ce qui cr\u00e9e le sentiment de visiter un casino en direct de Baccarat LeoVegas. Voyage \u00e0 un \u00e9tablissement de jeu de casino comme Las Vegas implique le transport et l&rsquo;h\u00e9bergement-plus le co\u00fbt du jeu lui-m\u00eame. De plus, un grand nombre de touristes viennent ici pour jouer, donc les casinos sont g\u00e9n\u00e9ralement bond\u00e9s, et vous devrez probablement attendre votre tour pour jouer \u00e0 un bureau de salle de casino.<\/p>\n<p>Lorsque vous jouez sur des plateformes de casino en ligne, vous ne rencontrerez pas ce probl\u00e8me, car les principaux sites de casino proposent une large gamme de jeux de casino en direct. Les fournisseurs travaillent dur pour am\u00e9liorer leurs produits et cr\u00e9er une interaction plus humaine: diff\u00e9rents angles de cam\u00e9ra, options de chat en direct, concessionnaires portables et tables localis\u00e9es en sont le r\u00e9sultat.<\/p>\n<p>Les jeux de casino avec croupier en direct sont beaucoup plus excitants que les jeux RNG, et l&rsquo;une des raisons en est l&rsquo;interaction personnelle avec un croupier professionnel. De plus, vous pouvez contr\u00f4ler le gameplay et vous assurer que le jeu est \u00e9quitable puisque toute l&rsquo;action se d\u00e9roule sous vos yeux. Imaginez que vous \u00eates le seul joueur \u00ab\u00a0virtuel\u00a0\u00bb parmi les autres participants de ce b\u00e2timent de casino. Cela semble amusant et incroyable \u00e0 la fois. Jouer au casino en ligne LeoVegas Live Baccarat en argent r\u00e9el avec des croupiers en direct laissera une exp\u00e9rience inoubliable.<\/p>\n","protected":false},"excerpt":{"rendered":"<p>Le baccara est l&rsquo;un des jeux de table les plus populaires dans les casinos. Il existe deux versions r\u00e9pandues du Baccarat: la version dite nord-am\u00e9ricaine, qui n&rsquo;a pas de croupier, et la version europ\u00e9enne, qui a un croupier. Ce jeu est tr\u00e8s populaire partout dans le monde, car on pense qu&rsquo;il offre au joueur de [&hellip;]<\/p>\n","protected":false},"author":1,"featured_media":0,"parent":0,"menu_order":0,"comment_status":"closed","ping_status":"closed","template":"","meta":{"footnotes":""},"class_list":["post-680","page","type-page","status-publish","hentry"],"acf":[],"yoast_head":"<!-- This site is optimized with the Yoast SEO plugin v17.9 - https:\/\/yoast.com\/wordpress\/plugins\/seo\/ -->\n<title>Jouez \u00e0 des jeux de Baccarat en direct sur LeoVegas<\/title>\n<meta name=\"description\" content=\"Jouez au Baccarat en direct en ligne avec de vrais croupiers en direct et une gamme de diff\u00e9rents formats et variantes de baccarat en ligne \u00e0 des enjeux diff\u00e9rents. \u27a4 Rejoindre\" \/>\n<meta name=\"robots\" content=\"index, follow, max-snippet:-1, max-image-preview:large, max-video-preview:-1\" \/>\n<link rel=\"canonical\" href=\"https:\/\/leovegas-au.org\/fr\/baccarat-en-direct\/\" \/>\n<meta property=\"og:type\" content=\"article\" \/>\n<meta property=\"og:title\" content=\"Jouez \u00e0 des jeux de Baccarat en direct sur LeoVegas\" \/>\n<meta property=\"og:description\" content=\"Jouez au Baccarat en direct en ligne avec de vrais croupiers en direct et une gamme de diff\u00e9rents formats et variantes de baccarat en ligne \u00e0 des enjeux diff\u00e9rents. \u27a4 Rejoindre\" \/>\n<meta property=\"og:url\" content=\"https:\/\/leovegas-au.org\/fr\/baccarat-en-direct\/\" \/>\n<meta property=\"og:site_name\" content=\"leovegas casino\" \/>\n<meta property=\"article:modified_time\" content=\"2022-08-08T13:38:06+00:00\" \/>\n<meta property=\"og:image\" content=\"https:\/\/leovegas-au.org\/wp-content\/uploads\/2022\/08\/live-baccarat.jpeg\" \/>\n<meta name=\"twitter:card\" content=\"summary_large_image\" \/>\n<meta name=\"twitter:label1\" content=\"Dur\u00e9e de lecture estim\u00e9e\" \/>\n\t<meta name=\"twitter:data1\" content=\"7 minutes\" \/>\n<script type=\"application\/ld+json\" class=\"yoast-schema-graph\">{\"@context\":\"https:\/\/schema.org\",\"@graph\":[{\"@type\":\"WebSite\",\"@id\":\"https:\/\/leovegas-au.org\/#website\",\"url\":\"https:\/\/leovegas-au.org\/\",\"name\":\"leovegas casino\",\"description\":\"\",\"potentialAction\":[{\"@type\":\"SearchAction\",\"target\":{\"@type\":\"EntryPoint\",\"urlTemplate\":\"https:\/\/leovegas-au.org\/?s={search_term_string}\"},\"query-input\":\"required name=search_term_string\"}],\"inLanguage\":\"fr-FR\"},{\"@type\":\"ImageObject\",\"@id\":\"https:\/\/leovegas-au.org\/fr\/baccarat-en-direct\/#primaryimage\",\"inLanguage\":\"fr-FR\",\"url\":\"https:\/\/leovegas-au.org\/wp-content\/uploads\/2022\/08\/live-baccarat.jpeg\",\"contentUrl\":\"https:\/\/leovegas-au.org\/wp-content\/uploads\/2022\/08\/live-baccarat.jpeg\",\"width\":700,\"height\":330,\"caption\":\"live baccarat LeoVegas\"},{\"@type\":\"WebPage\",\"@id\":\"https:\/\/leovegas-au.org\/fr\/baccarat-en-direct\/#webpage\",\"url\":\"https:\/\/leovegas-au.org\/fr\/baccarat-en-direct\/\",\"name\":\"Jouez \\u00e0 des jeux de Baccarat en direct sur LeoVegas\",\"isPartOf\":{\"@id\":\"https:\/\/leovegas-au.org\/#website\"},\"primaryImageOfPage\":{\"@id\":\"https:\/\/leovegas-au.org\/fr\/baccarat-en-direct\/#primaryimage\"},\"datePublished\":\"2022-08-03T13:56:42+00:00\",\"dateModified\":\"2022-08-08T13:38:06+00:00\",\"description\":\"Jouez au Baccarat en direct en ligne avec de vrais croupiers en direct et une gamme de diff\\u00e9rents formats et variantes de baccarat en ligne \\u00e0 des enjeux diff\\u00e9rents. \\u27a4 Rejoindre\",\"breadcrumb\":{\"@id\":\"https:\/\/leovegas-au.org\/fr\/baccarat-en-direct\/#breadcrumb\"},\"inLanguage\":\"fr-FR\",\"potentialAction\":[{\"@type\":\"ReadAction\",\"target\":[\"https:\/\/leovegas-au.org\/fr\/baccarat-en-direct\/\"]}]},{\"@type\":\"BreadcrumbList\",\"@id\":\"https:\/\/leovegas-au.org\/fr\/baccarat-en-direct\/#breadcrumb\",\"itemListElement\":[{\"@type\":\"ListItem\",\"position\":1,\"name\":\"Home\",\"item\":\"https:\/\/leovegas-au.org\/fr\/\"},{\"@type\":\"ListItem\",\"position\":2,\"name\":\"Baccarat en Direct\"}]}]}<\/script>\n<!-- \/ Yoast SEO plugin. -->","yoast_head_json":{"title":"Jouez \u00e0 des jeux de Baccarat en direct sur LeoVegas","description":"Jouez au Baccarat en direct en ligne avec de vrais croupiers en direct et une gamme de diff\u00e9rents formats et variantes de baccarat en ligne \u00e0 des enjeux diff\u00e9rents. \u27a4 Rejoindre","robots":{"index":"index","follow":"follow","max-snippet":"max-snippet:-1","max-image-preview":"max-image-preview:large","max-video-preview":"max-video-preview:-1"},"canonical":"https:\/\/leovegas-au.org\/fr\/baccarat-en-direct\/","og_type":"article","og_title":"Jouez \u00e0 des jeux de Baccarat en direct sur LeoVegas","og_description":"Jouez au Baccarat en direct en ligne avec de vrais croupiers en direct et une gamme de diff\u00e9rents formats et variantes de baccarat en ligne \u00e0 des enjeux diff\u00e9rents. \u27a4 Rejoindre","og_url":"https:\/\/leovegas-au.org\/fr\/baccarat-en-direct\/","og_site_name":"leovegas casino","article_modified_time":"2022-08-08T13:38:06+00:00","og_image":[{"url":"https:\/\/leovegas-au.org\/wp-content\/uploads\/2022\/08\/live-baccarat.jpeg"}],"twitter_card":"summary_large_image","twitter_misc":{"Dur\u00e9e de lecture estim\u00e9e":"7 minutes"},"schema":{"@context":"https:\/\/schema.org","@graph":[{"@type":"WebSite","@id":"https:\/\/leovegas-au.org\/#website","url":"https:\/\/leovegas-au.org\/","name":"leovegas casino","description":"","potentialAction":[{"@type":"SearchAction","target":{"@type":"EntryPoint","urlTemplate":"https:\/\/leovegas-au.org\/?s={search_term_string}"},"query-input":"required name=search_term_string"}],"inLanguage":"fr-FR"},{"@type":"ImageObject","@id":"https:\/\/leovegas-au.org\/fr\/baccarat-en-direct\/#primaryimage","inLanguage":"fr-FR","url":"https:\/\/leovegas-au.org\/wp-content\/uploads\/2022\/08\/live-baccarat.jpeg","contentUrl":"https:\/\/leovegas-au.org\/wp-content\/uploads\/2022\/08\/live-baccarat.jpeg","width":700,"height":330,"caption":"live baccarat LeoVegas"},{"@type":"WebPage","@id":"https:\/\/leovegas-au.org\/fr\/baccarat-en-direct\/#webpage","url":"https:\/\/leovegas-au.org\/fr\/baccarat-en-direct\/","name":"Jouez \u00e0 des jeux de Baccarat en direct sur LeoVegas","isPartOf":{"@id":"https:\/\/leovegas-au.org\/#website"},"primaryImageOfPage":{"@id":"https:\/\/leovegas-au.org\/fr\/baccarat-en-direct\/#primaryimage"},"datePublished":"2022-08-03T13:56:42+00:00","dateModified":"2022-08-08T13:38:06+00:00","description":"Jouez au Baccarat en direct en ligne avec de vrais croupiers en direct et une gamme de diff\u00e9rents formats et variantes de baccarat en ligne \u00e0 des enjeux diff\u00e9rents. \u27a4 Rejoindre","breadcrumb":{"@id":"https:\/\/leovegas-au.org\/fr\/baccarat-en-direct\/#breadcrumb"},"inLanguage":"fr-FR","potentialAction":[{"@type":"ReadAction","target":["https:\/\/leovegas-au.org\/fr\/baccarat-en-direct\/"]}]},{"@type":"BreadcrumbList","@id":"https:\/\/leovegas-au.org\/fr\/baccarat-en-direct\/#breadcrumb","itemListElement":[{"@type":"ListItem","position":1,"name":"Home","item":"https:\/\/leovegas-au.org\/fr\/"},{"@type":"ListItem","position":2,"name":"Baccarat en Direct"}]}]}},"_links":{"self":[{"href":"https:\/\/leovegas-au.org\/fr\/wp-json\/wp\/v2\/pages\/680","targetHints":{"allow":["GET"]}}],"collection":[{"href":"https:\/\/leovegas-au.org\/fr\/wp-json\/wp\/v2\/pages"}],"about":[{"href":"https:\/\/leovegas-au.org\/fr\/wp-json\/wp\/v2\/types\/page"}],"author":[{"embeddable":true,"href":"https:\/\/leovegas-au.org\/fr\/wp-json\/wp\/v2\/users\/1"}],"replies":[{"embeddable":true,"href":"https:\/\/leovegas-au.org\/fr\/wp-json\/wp\/v2\/comments?post=680"}],"version-history":[{"count":3,"href":"https:\/\/leovegas-au.org\/fr\/wp-json\/wp\/v2\/pages\/680\/revisions"}],"predecessor-version":[{"id":808,"href":"https:\/\/leovegas-au.org\/fr\/wp-json\/wp\/v2\/pages\/680\/revisions\/808"}],"wp:attachment":[{"href":"https:\/\/leovegas-au.org\/fr\/wp-json\/wp\/v2\/media?parent=680"}],"curies":[{"name":"wp","href":"https:\/\/api.w.org\/{rel}","templated":true}]}}