{"id":674,"date":"2022-08-03T13:41:13","date_gmt":"2022-08-03T13:41:13","guid":{"rendered":"https:\/\/leovegas-au.org\/?page_id=674"},"modified":"2022-08-08T13:39:13","modified_gmt":"2022-08-08T13:39:13","slug":"game-shows","status":"publish","type":"page","link":"https:\/\/leovegas-au.org\/fr\/game-shows\/","title":{"rendered":"Jeux T\u00e9l\u00e9vis\u00e9s"},"content":{"rendered":"<p>L&rsquo;industrie du jeu en ligne est tr\u00e8s comp\u00e9titive et les fournisseurs et d\u00e9veloppeurs proposent r\u00e9guli\u00e8rement de nouvelles solutions. Si nous parlons de casinos en direct, ils ont parcouru un long chemin entre quelques jeux de table et les nombreux jeux disponibles aujourd&rsquo;hui. Ceux qui recherchent des jeux divertissants o\u00f9 aucune comp\u00e9tence particuli\u00e8re n&rsquo;est requise peuvent choisir parmi une vari\u00e9t\u00e9 de programmes de jeux de casino en direct. Non seulement ils vous divertiront longtemps, mais ils peuvent \u00e9galement vous rapporter de gros prix.<\/p>\n<p>Quand il s&rsquo;agit de logiciels de jeux de casino vivants, tout est une question de chance. Il n&rsquo;y a pas de strat\u00e9gies \u00e0 apprendre; tout ce que vous devez surveiller, c&rsquo;est votre budget. Votre priorit\u00e9 num\u00e9ro un devrait \u00eatre de construire votre bankroll et de r\u00e9guler vos paris afin que vous puissiez jouer autant de tours que possible.<\/p>\n<p>Si vous vous \u00eates d\u00e9j\u00e0 demand\u00e9 ce que ce serait de faire partie d&rsquo;un jeu t\u00e9l\u00e9vis\u00e9 Australia LeoVegas que vous avez vu \u00e0 la t\u00e9l\u00e9vision, vous avez la chance de le voir maintenant. Ils sont con\u00e7us pour tous les types de joueurs, il est donc facile de trouver un jeu \u00e0 votre go\u00fbt. Restez \u00e0 l&rsquo;\u00e9coute pour en savoir plus sur les \u00e9missions de jeux de casino en direct LeoVegas et lisez nos critiques des <a href=\"https:\/\/leovegas-au.org\/fr\/games\/\">jeux<\/a> les plus populaires du march\u00e9.<\/p>\n<p><img loading=\"lazy\" decoding=\"async\" class=\"aligncenter wp-image-672 size-full\" src=\"https:\/\/leovegas-au.org\/wp-content\/uploads\/2022\/08\/game_shows.jpeg\" alt=\"game shows\" width=\"640\" height=\"480\" srcset=\"https:\/\/leovegas-au.org\/wp-content\/uploads\/2022\/08\/game_shows.jpeg 640w, https:\/\/leovegas-au.org\/wp-content\/uploads\/2022\/08\/game_shows-300x225.jpeg 300w\" sizes=\"auto, (max-width: 640px) 100vw, 640px\" \/><\/p>\n<h2>Logiciel de jeu de casino en direct<\/h2>\n<p>Dans la plupart des casinos en direct, les logiciels de jeu modernes constituent une sous-cat\u00e9gorie distincte. Ils vous permettent de parier aussi peu que 0,10 dollar, ce qui convient aux joueurs \u00e0 budget limit\u00e9. Quant aux flambeurs, ils ne manqueront pas l&rsquo;occasion de s&rsquo;amuser, car ces jeux acceptent des paris jusqu&rsquo;\u00e0 5 000 dollars.<\/p>\n<p>Tous les jeux t\u00e9l\u00e9vis\u00e9s du casino LeoVegas ont lieu dans de luxueux studios th\u00e9matiques et sont anim\u00e9s par des pr\u00e9sentateurs en direct. Ils vous divertiront pendant que vous jouez. L&rsquo;action est en direct et diffus\u00e9e via des cam\u00e9ras haute d\u00e9finition sous diff\u00e9rents angles. Que vous participiez au jeu t\u00e9l\u00e9vis\u00e9 LeoVegas en ligne depuis votre ordinateur de bureau ou votre appareil mobile, vous profiterez d&rsquo;images de haute qualit\u00e9 et d&rsquo;un son cristallin.<\/p>\n<p>La meilleure chose \u00e0 propos des \u00e9missions de jeux LeoVegas en direct est qu&rsquo;elles offrent de gros prix. Contrairement aux jeux bas\u00e9s sur les comp\u00e9tences, o\u00f9 vos comp\u00e9tences et vos mouvements sont importants, votre principale pr\u00e9occupation ici devrait \u00eatre de savoir combien vous misez pour le tour. Quand il s&rsquo;agit de gagner dans ces jeux, tout d\u00e9pend de la chance.<\/p>\n<div class=\"t-go\"><a href=\"\/go-casino\/?sub_id_1=Leovegas\">OBTENEZ UN BONUS<\/a><\/div>\n<p>Chaque jeu t\u00e9l\u00e9vis\u00e9 a ses propres r\u00e8gles et fonctionnalit\u00e9s, alors assurez-vous de vous familiariser avec elles avant de commencer \u00e0 jouer. Voici quelques-uns des titres les plus populaires avec de br\u00e8ves descriptions:<\/p>\n<ul>\n<li>Capteur de R\u00eaves<\/li>\n<\/ul>\n<p>C&rsquo;est le premier jeu t\u00e9l\u00e9vis\u00e9 d&rsquo;Evolution. Il dispose d&rsquo;une roue de la fortune contr\u00f4l\u00e9e par un croupier en direct. Votre objectif est de parier sur le num\u00e9ro sur lequel vous pensez que la roue s&rsquo;arr\u00eatera. En plus des num\u00e9ros r\u00e9guliers, la roue a deux multiplicateurs 2x et 7x qui peuvent augmenter vos gains.<\/p>\n<ul>\n<li>Monopole en Direct<\/li>\n<\/ul>\n<p>L&rsquo;objectif principal du jeu est le m\u00eame que dans Dream Catcher. Cependant, il existe d&rsquo;autres segments sur la roue, y compris Chance et 2 rouleaux, o\u00f9 vous pouvez gagner des prix en argent instantan\u00e9s, des multiplicateurs ou acc\u00e9der au jeu bonus 3D. Le jeu bonus est l&rsquo;attraction principale de Monopoly Live et vous permet de rejoindre M. Monopoly dans son monde de r\u00e9alit\u00e9 augment\u00e9e en 3D et de parcourir le plateau de Monopoly pour collecter plus de prix et de multiplicateurs.<\/p>\n<ul>\n<li>Accord ou Pas d&rsquo;Accord<\/li>\n<\/ul>\n<p>Bas\u00e9 sur la populaire \u00e9mission de t\u00e9l\u00e9vision Deal or No Deal Live vous invite \u00e0 pr\u00e9dire si le montant d&rsquo;argent dans vos portefeuilles sera sup\u00e9rieur \u00e0 l&rsquo;offre du \u00ab\u00a0banquier\u00a0\u00bb.\u00a0\u00bb<\/p>\n<ul>\n<li>M\u00e9ga Boule<\/li>\n<\/ul>\n<p>Mega Ball est le premier jeu t\u00e9l\u00e9vis\u00e9 de style bingo mettant en vedette une machine \u00e0 51 boules num\u00e9rot\u00e9es. Il s&rsquo;agit d&rsquo;un tour de <a href=\"https:\/\/leovegas-au.org\/fr\/bonus\/\">bonus<\/a> o\u00f9 vous pouvez obtenir un multiplicateur et gagner jusqu&rsquo;\u00e0 1 000 000 fois votre mise. Il suffit d&rsquo;acheter des cartes et d&rsquo;attendre de voir si vous devenez le prochain grand gagnant.<\/p>\n<ul>\n<li>Un Temps Fou<\/li>\n<\/ul>\n<p>Enfin, Crazy Time est la troisi\u00e8me variante du jeu Dream Catcher d&rsquo;Evolution. Encore une fois, vous verrez un croupier en direct tourner la roue de la fortune, mais cette fois, vous pouvez profiter d&rsquo;un total de quatre jeux bonus passionnants: Cash Hunt, Pachinko, Coin Flip et Crazy Time. Le dernier a le plus grand potentiel de gain car il peut apporter un multiplicateur de mise de 20 000 fois.<\/p>\n<p>Chaque jeu t\u00e9l\u00e9vis\u00e9 a son propre avantage (l&rsquo;avantage du casino sur vous). Le logiciel de jeu est bas\u00e9 sur la chance, de sorte que les joueurs n&rsquo;ont aucune influence sur le r\u00e9sultat des tours. Pariez de mani\u00e8re responsable, car le jeu t\u00e9l\u00e9vis\u00e9 passionnant LeoVegas fourni par le logiciel de jeu de casino en direct peut vous amener \u00e0 d\u00e9penser plus que ce que vous aviez initialement pr\u00e9vu.<\/p>\n","protected":false},"excerpt":{"rendered":"<p>L&rsquo;industrie du jeu en ligne est tr\u00e8s comp\u00e9titive et les fournisseurs et d\u00e9veloppeurs proposent r\u00e9guli\u00e8rement de nouvelles solutions. Si nous parlons de casinos en direct, ils ont parcouru un long chemin entre quelques jeux de table et les nombreux jeux disponibles aujourd&rsquo;hui. Ceux qui recherchent des jeux divertissants o\u00f9 aucune comp\u00e9tence particuli\u00e8re n&rsquo;est requise peuvent [&hellip;]<\/p>\n","protected":false},"author":1,"featured_media":0,"parent":0,"menu_order":0,"comment_status":"closed","ping_status":"closed","template":"","meta":{"footnotes":""},"class_list":["post-674","page","type-page","status-publish","hentry"],"acf":[],"yoast_head":"<!-- This site is optimized with the Yoast SEO plugin v17.9 - https:\/\/yoast.com\/wordpress\/plugins\/seo\/ -->\n<title>Spectacles de Jeux de Casino en Direct | Comment jouer \u00e0 LeoVegas<\/title>\n<meta name=\"description\" content=\"Les jeux de Casino en direct gagnent en popularit\u00e9 chaque jour. Tout ce que vous devez savoir sur les jeux de Casino en Direct en un seul endroit LeoVegas\" \/>\n<meta name=\"robots\" content=\"index, follow, max-snippet:-1, max-image-preview:large, max-video-preview:-1\" \/>\n<link rel=\"canonical\" href=\"https:\/\/leovegas-au.org\/fr\/game-shows\/\" \/>\n<meta property=\"og:type\" content=\"article\" \/>\n<meta property=\"og:title\" content=\"Spectacles de Jeux de Casino en Direct | Comment jouer \u00e0 LeoVegas\" \/>\n<meta property=\"og:description\" content=\"Les jeux de Casino en direct gagnent en popularit\u00e9 chaque jour. Tout ce que vous devez savoir sur les jeux de Casino en Direct en un seul endroit LeoVegas\" \/>\n<meta property=\"og:url\" content=\"https:\/\/leovegas-au.org\/fr\/game-shows\/\" \/>\n<meta property=\"og:site_name\" content=\"leovegas casino\" \/>\n<meta property=\"article:modified_time\" content=\"2022-08-08T13:39:13+00:00\" \/>\n<meta property=\"og:image\" content=\"https:\/\/leovegas-au.org\/wp-content\/uploads\/2022\/08\/game_shows.jpeg\" \/>\n<meta name=\"twitter:card\" content=\"summary_large_image\" \/>\n<meta name=\"twitter:label1\" content=\"Dur\u00e9e de lecture estim\u00e9e\" \/>\n\t<meta name=\"twitter:data1\" content=\"4 minutes\" \/>\n<script type=\"application\/ld+json\" class=\"yoast-schema-graph\">{\"@context\":\"https:\/\/schema.org\",\"@graph\":[{\"@type\":\"WebSite\",\"@id\":\"https:\/\/leovegas-au.org\/#website\",\"url\":\"https:\/\/leovegas-au.org\/\",\"name\":\"leovegas casino\",\"description\":\"\",\"potentialAction\":[{\"@type\":\"SearchAction\",\"target\":{\"@type\":\"EntryPoint\",\"urlTemplate\":\"https:\/\/leovegas-au.org\/?s={search_term_string}\"},\"query-input\":\"required name=search_term_string\"}],\"inLanguage\":\"fr-FR\"},{\"@type\":\"ImageObject\",\"@id\":\"https:\/\/leovegas-au.org\/fr\/game-shows\/#primaryimage\",\"inLanguage\":\"fr-FR\",\"url\":\"https:\/\/leovegas-au.org\/wp-content\/uploads\/2022\/08\/game_shows.jpeg\",\"contentUrl\":\"https:\/\/leovegas-au.org\/wp-content\/uploads\/2022\/08\/game_shows.jpeg\",\"width\":640,\"height\":480,\"caption\":\"game shows\"},{\"@type\":\"WebPage\",\"@id\":\"https:\/\/leovegas-au.org\/fr\/game-shows\/#webpage\",\"url\":\"https:\/\/leovegas-au.org\/fr\/game-shows\/\",\"name\":\"Spectacles de Jeux de Casino en Direct | Comment jouer \\u00e0 LeoVegas\",\"isPartOf\":{\"@id\":\"https:\/\/leovegas-au.org\/#website\"},\"primaryImageOfPage\":{\"@id\":\"https:\/\/leovegas-au.org\/fr\/game-shows\/#primaryimage\"},\"datePublished\":\"2022-08-03T13:41:13+00:00\",\"dateModified\":\"2022-08-08T13:39:13+00:00\",\"description\":\"Les jeux de Casino en direct gagnent en popularit\\u00e9 chaque jour. Tout ce que vous devez savoir sur les jeux de Casino en Direct en un seul endroit LeoVegas\",\"breadcrumb\":{\"@id\":\"https:\/\/leovegas-au.org\/fr\/game-shows\/#breadcrumb\"},\"inLanguage\":\"fr-FR\",\"potentialAction\":[{\"@type\":\"ReadAction\",\"target\":[\"https:\/\/leovegas-au.org\/fr\/game-shows\/\"]}]},{\"@type\":\"BreadcrumbList\",\"@id\":\"https:\/\/leovegas-au.org\/fr\/game-shows\/#breadcrumb\",\"itemListElement\":[{\"@type\":\"ListItem\",\"position\":1,\"name\":\"Home\",\"item\":\"https:\/\/leovegas-au.org\/fr\/\"},{\"@type\":\"ListItem\",\"position\":2,\"name\":\"Jeux T\\u00e9l\\u00e9vis\\u00e9s\"}]}]}<\/script>\n<!-- \/ Yoast SEO plugin. -->","yoast_head_json":{"title":"Spectacles de Jeux de Casino en Direct | Comment jouer \u00e0 LeoVegas","description":"Les jeux de Casino en direct gagnent en popularit\u00e9 chaque jour. Tout ce que vous devez savoir sur les jeux de Casino en Direct en un seul endroit LeoVegas","robots":{"index":"index","follow":"follow","max-snippet":"max-snippet:-1","max-image-preview":"max-image-preview:large","max-video-preview":"max-video-preview:-1"},"canonical":"https:\/\/leovegas-au.org\/fr\/game-shows\/","og_type":"article","og_title":"Spectacles de Jeux de Casino en Direct | Comment jouer \u00e0 LeoVegas","og_description":"Les jeux de Casino en direct gagnent en popularit\u00e9 chaque jour. Tout ce que vous devez savoir sur les jeux de Casino en Direct en un seul endroit LeoVegas","og_url":"https:\/\/leovegas-au.org\/fr\/game-shows\/","og_site_name":"leovegas casino","article_modified_time":"2022-08-08T13:39:13+00:00","og_image":[{"url":"https:\/\/leovegas-au.org\/wp-content\/uploads\/2022\/08\/game_shows.jpeg"}],"twitter_card":"summary_large_image","twitter_misc":{"Dur\u00e9e de lecture estim\u00e9e":"4 minutes"},"schema":{"@context":"https:\/\/schema.org","@graph":[{"@type":"WebSite","@id":"https:\/\/leovegas-au.org\/#website","url":"https:\/\/leovegas-au.org\/","name":"leovegas casino","description":"","potentialAction":[{"@type":"SearchAction","target":{"@type":"EntryPoint","urlTemplate":"https:\/\/leovegas-au.org\/?s={search_term_string}"},"query-input":"required name=search_term_string"}],"inLanguage":"fr-FR"},{"@type":"ImageObject","@id":"https:\/\/leovegas-au.org\/fr\/game-shows\/#primaryimage","inLanguage":"fr-FR","url":"https:\/\/leovegas-au.org\/wp-content\/uploads\/2022\/08\/game_shows.jpeg","contentUrl":"https:\/\/leovegas-au.org\/wp-content\/uploads\/2022\/08\/game_shows.jpeg","width":640,"height":480,"caption":"game shows"},{"@type":"WebPage","@id":"https:\/\/leovegas-au.org\/fr\/game-shows\/#webpage","url":"https:\/\/leovegas-au.org\/fr\/game-shows\/","name":"Spectacles de Jeux de Casino en Direct | Comment jouer \u00e0 LeoVegas","isPartOf":{"@id":"https:\/\/leovegas-au.org\/#website"},"primaryImageOfPage":{"@id":"https:\/\/leovegas-au.org\/fr\/game-shows\/#primaryimage"},"datePublished":"2022-08-03T13:41:13+00:00","dateModified":"2022-08-08T13:39:13+00:00","description":"Les jeux de Casino en direct gagnent en popularit\u00e9 chaque jour. Tout ce que vous devez savoir sur les jeux de Casino en Direct en un seul endroit LeoVegas","breadcrumb":{"@id":"https:\/\/leovegas-au.org\/fr\/game-shows\/#breadcrumb"},"inLanguage":"fr-FR","potentialAction":[{"@type":"ReadAction","target":["https:\/\/leovegas-au.org\/fr\/game-shows\/"]}]},{"@type":"BreadcrumbList","@id":"https:\/\/leovegas-au.org\/fr\/game-shows\/#breadcrumb","itemListElement":[{"@type":"ListItem","position":1,"name":"Home","item":"https:\/\/leovegas-au.org\/fr\/"},{"@type":"ListItem","position":2,"name":"Jeux T\u00e9l\u00e9vis\u00e9s"}]}]}},"_links":{"self":[{"href":"https:\/\/leovegas-au.org\/fr\/wp-json\/wp\/v2\/pages\/674","targetHints":{"allow":["GET"]}}],"collection":[{"href":"https:\/\/leovegas-au.org\/fr\/wp-json\/wp\/v2\/pages"}],"about":[{"href":"https:\/\/leovegas-au.org\/fr\/wp-json\/wp\/v2\/types\/page"}],"author":[{"embeddable":true,"href":"https:\/\/leovegas-au.org\/fr\/wp-json\/wp\/v2\/users\/1"}],"replies":[{"embeddable":true,"href":"https:\/\/leovegas-au.org\/fr\/wp-json\/wp\/v2\/comments?post=674"}],"version-history":[{"count":3,"href":"https:\/\/leovegas-au.org\/fr\/wp-json\/wp\/v2\/pages\/674\/revisions"}],"predecessor-version":[{"id":810,"href":"https:\/\/leovegas-au.org\/fr\/wp-json\/wp\/v2\/pages\/674\/revisions\/810"}],"wp:attachment":[{"href":"https:\/\/leovegas-au.org\/fr\/wp-json\/wp\/v2\/media?parent=674"}],"curies":[{"name":"wp","href":"https:\/\/api.w.org\/{rel}","templated":true}]}}