{"id":666,"date":"2022-08-03T13:19:07","date_gmt":"2022-08-03T13:19:07","guid":{"rendered":"https:\/\/leovegas-au.org\/?page_id=666"},"modified":"2022-08-08T13:41:05","modified_gmt":"2022-08-08T13:41:05","slug":"live-blackjack","status":"publish","type":"page","link":"https:\/\/leovegas-au.org\/fr\/live-blackjack\/","title":{"rendered":"Blackjack en Direct"},"content":{"rendered":"<p>Leo Vegas est un pays des merveilles pour le joueur de casino en ligne. Ils ont la plus vaste collection de machines \u00e0 sous que nous ayons jamais vue. Ils ont probablement la meilleure section de casino en direct au monde. Vous trouverez tous les jeux de table classiques auxquels vous vous attendez. Tout est disponible dans une version mobile de classe mondiale.<\/p>\n<div class=\"t-go\"><a href=\"\/go-casino\/?sub_id_1=Leovegas\">OBTENEZ UN BONUS<\/a><\/div>\n<h2>Blackjack<\/h2>\n<p>La principale raison pour laquelle le Blackjack est si populaire parmi les joueurs est \u00e0 cause de ses r\u00e8gles simples. Le jeu est \u00e9galement connu sous le nom de \u00ab\u00a021\u00a0\u00bb, mais contrairement \u00e0 la croyance populaire, le but du jeu n&rsquo;est pas d&rsquo;obtenir une main d&rsquo;une valeur totale de 21. Cela peut vous d\u00e9router, mais il est impossible de toujours gagner avec une main de 21 car vous n&rsquo;atteindrez pas toujours cette valeur. L&rsquo;astuce ici est donc d&rsquo;avoir une main plus proche de 21 que les croupiers sans faire faillite. Donc, pour y parvenir, vous devez apprendre quelques r\u00e8gles simples de ce jeu:<\/p>\n<ul>\n<li>Apr\u00e8s avoir mis\u00e9 et obtenu vos cartes, vous devez effectuer votre prochain mouvement. Vous avez plusieurs options.<\/li>\n<li>Vous pouvez frapper si vous avez besoin d&rsquo;une carte suppl\u00e9mentaire. Cette d\u00e9cision doit \u00eatre prise en fonction de votre main et de la carte ouverte du croupier.<\/li>\n<li>Vous pouvez rester debout si vous pensez avoir une bonne main ou si vous ne pensez pas qu&rsquo;une autre carte am\u00e9liorera la valeur de votre main.<\/li>\n<li>Vous pouvez diviser les cartes si vous avez deux cartes de la m\u00eame valeur. C&rsquo;est un mouvement un peu risqu\u00e9 car si vous d\u00e9cidez de diviser votre main, vous devrez miser l&rsquo;\u00e9quivalent de la seconde main. Vous devrez ensuite terminer le tour pour une main, puis, une fois que vous avez termin\u00e9, vous terminerez la seconde main.<\/li>\n<li>Doubler votre mise est une autre option pour les joueurs plus exp\u00e9riment\u00e9s. Si vous sentez que vous n&rsquo;\u00eates qu&rsquo;\u00e0 une carte de la main parfaite, vous pouvez doubler votre mise, ce qui signifie que vous doublez votre mise initiale et gagnez deux fois votre mise.<\/li>\n<li>Si la valeur totale de votre main d\u00e9passe 21, votre main sera d\u00e9clar\u00e9e surench\u00e8re et vous perdrez le tour.<\/li>\n<li>Une main dans laquelle un as a une valeur de 1 est appel\u00e9e une \u00ab\u00a0main serr\u00e9e\u00a0\u00bb. Et si la valeur d&rsquo;un as est 11, la main est appel\u00e9e une main molle.<\/li>\n<li>Une carte ferm\u00e9e est la carte ferm\u00e9e d&rsquo;un croupier. Ne pas savoir quelle est cette carte est le vrai probl\u00e8me avec le jeu, ce qui le rend plus excitant.<\/li>\n<li>La carte ouverte est la carte ouverte du croupier, et vous pouvez voir sa valeur. Cela aide beaucoup car vous pouvez facilement prendre votre prochaine d\u00e9cision.<\/li>\n<\/ul>\n<p>Lorsque la carte ouverte du croupier est un as, vous pouvez faire un pari d&rsquo;assurance. Il s&rsquo;agit d&rsquo;un pari parall\u00e8le dans lequel vous pariez que la deuxi\u00e8me carte vaudra dix.<\/p>\n<p><img loading=\"lazy\" decoding=\"async\" class=\"aligncenter wp-image-664 size-full\" src=\"https:\/\/leovegas-au.org\/wp-content\/uploads\/2022\/08\/Top-Live-Dealer-Blackjack-Variants.jpeg\" alt=\"Live BlackJack\" width=\"735\" height=\"350\" srcset=\"https:\/\/leovegas-au.org\/wp-content\/uploads\/2022\/08\/Top-Live-Dealer-Blackjack-Variants.jpeg 735w, https:\/\/leovegas-au.org\/wp-content\/uploads\/2022\/08\/Top-Live-Dealer-Blackjack-Variants-300x143.jpeg 300w\" sizes=\"auto, (max-width: 735px) 100vw, 735px\" \/><\/p>\n<h2>Blackjack dans un casino en direct<\/h2>\n<p>LeoVegas live blackjack AU apporte un \u00e9l\u00e9ment compl\u00e8tement diff\u00e9rent au jeu, apportant l&rsquo;atmosph\u00e8re d&rsquo;un vrai casino directement sur votre \u00e9cran. La <a href=\"https:\/\/leovegas-au.org\/fr\/login\/\">connexion<\/a> au blackjack en direct LeoVegas vous permettra d&rsquo;interagir avec un vrai croupier pendant qu&rsquo;il m\u00e9lange de vraies cartes et vous parle, \u00e0 vous et aux autres joueurs, dans le m\u00eame hall. De petits d\u00e9tails comme celui-ci aident \u00e0 vendre la v\u00e9ritable exp\u00e9rience de casino et \u00e0 l&rsquo;apporter chez vous avec un maximum de confort et de commodit\u00e9.<\/p>\n<p>Chez <a href=\"https:\/\/leovegas-au.org\/fr\/\">Leo Vegas<\/a>, vous pouvez trouver de nombreux jeux o\u00f9 vous pouvez tenter votre chance et savoir en quelques secondes si vous gagnez ou perdez. Pour commencer \u00e0 jouer, vous devez passer par une petite inscription au Blackjack en direct LeoVegas.<\/p>\n<h2>Jouez au casino en direct avec les meilleures offres de bonus d\u00e8s maintenant!<\/h2>\n<p>Le secteur des casinos en direct est l&rsquo;une des meilleures parties de l&rsquo;industrie du jeu en ligne, remplie d&rsquo;une vari\u00e9t\u00e9 de contenus en termes de qualit\u00e9 et de quantit\u00e9. Les jeux de casino en direct sont le summum du divertissement en ligne, avec des vid\u00e9os en streaming Full HD, de superbes visuels et un service in\u00e9gal\u00e9. Mieux encore, cette industrie est en croissance constante, vous pouvez donc vous attendre \u00e0 de plus en plus de jeux en direct passionnants chaque ann\u00e9e. Bonus de blackjack en direct LeoVegas &#8211; vous donne droit \u00e0 un pari gratuit. Vous devez placer le pari correspondant dans les sept jours suivant votre premier d\u00e9p\u00f4t. Le bonus de bienvenue LeoVegas live blackjack n&rsquo;est disponible que pour les nouveaux joueurs qui ont choisi ce bonus lors de leur inscription.<\/p>\n<p>Les termes du blackjack en direct de LeoVegas ne sont pas compliqu\u00e9s du tout, il vous suffit d&rsquo;un peu de temps pour les comprendre, et vous pouvez commencer \u00e0 jouer \u00e0 des jeux de casino en direct d\u00e8s maintenant! Une particularit\u00e9 que le Blackjack permet \u00e0 ses joueurs de parier. Vous pouvez parier sur une main qui est distribu\u00e9e par un autre joueur, et si le joueur gagne, vous partagez le r\u00e9sultat. Vous pouvez faire ce pari que vous soyez assis \u00e0 la table ou non, mais vous ne pouvez pas utiliser la fonction \u00ab\u00a0Bet Forward\u00a0\u00bb sur votre main.<\/p>\n<div class=\"t-go\"><a href=\"\/go-casino\/?sub_id_1=Leovegas\">OBTENEZ UN BONUS<\/a><\/div>\n<h2>Support et S\u00e9curit\u00e9<\/h2>\n<p>L&rsquo;\u00e9quipe du service client de Leo Vegas se fera un plaisir de vous aider pour toute question que vous pourriez avoir. Les repr\u00e9sentants du Casino sont disponibles pour r\u00e9pondre \u00e0 vos appels t\u00e9l\u00e9phoniques, courriels et messages de discussion. Vingt-quatre heures par jour, sept jours par semaine. Chez LeoVegas, l&rsquo;Op\u00e9rateur respecte la vie priv\u00e9e des joueurs et s&rsquo;engage \u00e0 prot\u00e9ger vos donn\u00e9es personnelles et \u00e0 les traiter conform\u00e9ment \u00e0 la loi applicable. Divers contr\u00f4les techniques assurent un cryptage constant des donn\u00e9es et des informations pendant la transmission.<\/p>\n<h2>S\u00e9curit\u00e9<\/h2>\n<p>Leo Vegas utilise un certificat SSL 2048 bits de DigiCert. Cela prot\u00e8ge les informations des joueurs de toute forme de piratage. De plus, le casino dispose de deux licences distinctes des autorit\u00e9s de jeu de l&rsquo;\u00c9tat:<\/p>\n<ul>\n<li>Agence des jeux de Malte (MGA).<\/li>\n<li>Commission des jeux du Royaume-Uni (UKGC).<\/li>\n<\/ul>\n","protected":false},"excerpt":{"rendered":"<p>Leo Vegas est un pays des merveilles pour le joueur de casino en ligne. Ils ont la plus vaste collection de machines \u00e0 sous que nous ayons jamais vue. Ils ont probablement la meilleure section de casino en direct au monde. Vous trouverez tous les jeux de table classiques auxquels vous vous attendez. Tout est [&hellip;]<\/p>\n","protected":false},"author":1,"featured_media":0,"parent":0,"menu_order":0,"comment_status":"closed","ping_status":"closed","template":"","meta":{"footnotes":""},"class_list":["post-666","page","type-page","status-publish","hentry"],"acf":[],"yoast_head":"<!-- This site is optimized with the Yoast SEO plugin v17.9 - https:\/\/yoast.com\/wordpress\/plugins\/seo\/ -->\n<title>Jouez au Blackjack en direct sur LeoVegas Casino<\/title>\n<meta name=\"description\" content=\"Jouez au Blackjack en direct en ligne avec de vrais croupiers en direct et une gamme de diff\u00e9rents formats et variantes de blackjack en ligne \u00e0 des enjeux diff\u00e9rents. \u27a4 Rejoindre\" \/>\n<meta name=\"robots\" content=\"index, follow, max-snippet:-1, max-image-preview:large, max-video-preview:-1\" \/>\n<link rel=\"canonical\" href=\"https:\/\/leovegas-au.org\/fr\/live-blackjack\/\" \/>\n<meta property=\"og:type\" content=\"article\" \/>\n<meta property=\"og:title\" content=\"Jouez au Blackjack en direct sur LeoVegas Casino\" \/>\n<meta property=\"og:description\" content=\"Jouez au Blackjack en direct en ligne avec de vrais croupiers en direct et une gamme de diff\u00e9rents formats et variantes de blackjack en ligne \u00e0 des enjeux diff\u00e9rents. \u27a4 Rejoindre\" \/>\n<meta property=\"og:url\" content=\"https:\/\/leovegas-au.org\/fr\/live-blackjack\/\" \/>\n<meta property=\"og:site_name\" content=\"leovegas casino\" \/>\n<meta property=\"article:modified_time\" content=\"2022-08-08T13:41:05+00:00\" \/>\n<meta property=\"og:image\" content=\"https:\/\/leovegas-au.org\/wp-content\/uploads\/2022\/08\/Top-Live-Dealer-Blackjack-Variants.jpeg\" \/>\n<meta name=\"twitter:card\" content=\"summary_large_image\" \/>\n<meta name=\"twitter:label1\" content=\"Dur\u00e9e de lecture estim\u00e9e\" \/>\n\t<meta name=\"twitter:data1\" content=\"5 minutes\" \/>\n<script type=\"application\/ld+json\" class=\"yoast-schema-graph\">{\"@context\":\"https:\/\/schema.org\",\"@graph\":[{\"@type\":\"WebSite\",\"@id\":\"https:\/\/leovegas-au.org\/#website\",\"url\":\"https:\/\/leovegas-au.org\/\",\"name\":\"leovegas casino\",\"description\":\"\",\"potentialAction\":[{\"@type\":\"SearchAction\",\"target\":{\"@type\":\"EntryPoint\",\"urlTemplate\":\"https:\/\/leovegas-au.org\/?s={search_term_string}\"},\"query-input\":\"required name=search_term_string\"}],\"inLanguage\":\"fr-FR\"},{\"@type\":\"ImageObject\",\"@id\":\"https:\/\/leovegas-au.org\/fr\/live-blackjack\/#primaryimage\",\"inLanguage\":\"fr-FR\",\"url\":\"https:\/\/leovegas-au.org\/wp-content\/uploads\/2022\/08\/Top-Live-Dealer-Blackjack-Variants.jpeg\",\"contentUrl\":\"https:\/\/leovegas-au.org\/wp-content\/uploads\/2022\/08\/Top-Live-Dealer-Blackjack-Variants.jpeg\",\"width\":735,\"height\":350,\"caption\":\"Live BlackJack\"},{\"@type\":\"WebPage\",\"@id\":\"https:\/\/leovegas-au.org\/fr\/live-blackjack\/#webpage\",\"url\":\"https:\/\/leovegas-au.org\/fr\/live-blackjack\/\",\"name\":\"Jouez au Blackjack en direct sur LeoVegas Casino\",\"isPartOf\":{\"@id\":\"https:\/\/leovegas-au.org\/#website\"},\"primaryImageOfPage\":{\"@id\":\"https:\/\/leovegas-au.org\/fr\/live-blackjack\/#primaryimage\"},\"datePublished\":\"2022-08-03T13:19:07+00:00\",\"dateModified\":\"2022-08-08T13:41:05+00:00\",\"description\":\"Jouez au Blackjack en direct en ligne avec de vrais croupiers en direct et une gamme de diff\\u00e9rents formats et variantes de blackjack en ligne \\u00e0 des enjeux diff\\u00e9rents. \\u27a4 Rejoindre\",\"breadcrumb\":{\"@id\":\"https:\/\/leovegas-au.org\/fr\/live-blackjack\/#breadcrumb\"},\"inLanguage\":\"fr-FR\",\"potentialAction\":[{\"@type\":\"ReadAction\",\"target\":[\"https:\/\/leovegas-au.org\/fr\/live-blackjack\/\"]}]},{\"@type\":\"BreadcrumbList\",\"@id\":\"https:\/\/leovegas-au.org\/fr\/live-blackjack\/#breadcrumb\",\"itemListElement\":[{\"@type\":\"ListItem\",\"position\":1,\"name\":\"Home\",\"item\":\"https:\/\/leovegas-au.org\/fr\/\"},{\"@type\":\"ListItem\",\"position\":2,\"name\":\"Blackjack en Direct\"}]}]}<\/script>\n<!-- \/ Yoast SEO plugin. -->","yoast_head_json":{"title":"Jouez au Blackjack en direct sur LeoVegas Casino","description":"Jouez au Blackjack en direct en ligne avec de vrais croupiers en direct et une gamme de diff\u00e9rents formats et variantes de blackjack en ligne \u00e0 des enjeux diff\u00e9rents. \u27a4 Rejoindre","robots":{"index":"index","follow":"follow","max-snippet":"max-snippet:-1","max-image-preview":"max-image-preview:large","max-video-preview":"max-video-preview:-1"},"canonical":"https:\/\/leovegas-au.org\/fr\/live-blackjack\/","og_type":"article","og_title":"Jouez au Blackjack en direct sur LeoVegas Casino","og_description":"Jouez au Blackjack en direct en ligne avec de vrais croupiers en direct et une gamme de diff\u00e9rents formats et variantes de blackjack en ligne \u00e0 des enjeux diff\u00e9rents. \u27a4 Rejoindre","og_url":"https:\/\/leovegas-au.org\/fr\/live-blackjack\/","og_site_name":"leovegas casino","article_modified_time":"2022-08-08T13:41:05+00:00","og_image":[{"url":"https:\/\/leovegas-au.org\/wp-content\/uploads\/2022\/08\/Top-Live-Dealer-Blackjack-Variants.jpeg"}],"twitter_card":"summary_large_image","twitter_misc":{"Dur\u00e9e de lecture estim\u00e9e":"5 minutes"},"schema":{"@context":"https:\/\/schema.org","@graph":[{"@type":"WebSite","@id":"https:\/\/leovegas-au.org\/#website","url":"https:\/\/leovegas-au.org\/","name":"leovegas casino","description":"","potentialAction":[{"@type":"SearchAction","target":{"@type":"EntryPoint","urlTemplate":"https:\/\/leovegas-au.org\/?s={search_term_string}"},"query-input":"required name=search_term_string"}],"inLanguage":"fr-FR"},{"@type":"ImageObject","@id":"https:\/\/leovegas-au.org\/fr\/live-blackjack\/#primaryimage","inLanguage":"fr-FR","url":"https:\/\/leovegas-au.org\/wp-content\/uploads\/2022\/08\/Top-Live-Dealer-Blackjack-Variants.jpeg","contentUrl":"https:\/\/leovegas-au.org\/wp-content\/uploads\/2022\/08\/Top-Live-Dealer-Blackjack-Variants.jpeg","width":735,"height":350,"caption":"Live BlackJack"},{"@type":"WebPage","@id":"https:\/\/leovegas-au.org\/fr\/live-blackjack\/#webpage","url":"https:\/\/leovegas-au.org\/fr\/live-blackjack\/","name":"Jouez au Blackjack en direct sur LeoVegas Casino","isPartOf":{"@id":"https:\/\/leovegas-au.org\/#website"},"primaryImageOfPage":{"@id":"https:\/\/leovegas-au.org\/fr\/live-blackjack\/#primaryimage"},"datePublished":"2022-08-03T13:19:07+00:00","dateModified":"2022-08-08T13:41:05+00:00","description":"Jouez au Blackjack en direct en ligne avec de vrais croupiers en direct et une gamme de diff\u00e9rents formats et variantes de blackjack en ligne \u00e0 des enjeux diff\u00e9rents. \u27a4 Rejoindre","breadcrumb":{"@id":"https:\/\/leovegas-au.org\/fr\/live-blackjack\/#breadcrumb"},"inLanguage":"fr-FR","potentialAction":[{"@type":"ReadAction","target":["https:\/\/leovegas-au.org\/fr\/live-blackjack\/"]}]},{"@type":"BreadcrumbList","@id":"https:\/\/leovegas-au.org\/fr\/live-blackjack\/#breadcrumb","itemListElement":[{"@type":"ListItem","position":1,"name":"Home","item":"https:\/\/leovegas-au.org\/fr\/"},{"@type":"ListItem","position":2,"name":"Blackjack en Direct"}]}]}},"_links":{"self":[{"href":"https:\/\/leovegas-au.org\/fr\/wp-json\/wp\/v2\/pages\/666","targetHints":{"allow":["GET"]}}],"collection":[{"href":"https:\/\/leovegas-au.org\/fr\/wp-json\/wp\/v2\/pages"}],"about":[{"href":"https:\/\/leovegas-au.org\/fr\/wp-json\/wp\/v2\/types\/page"}],"author":[{"embeddable":true,"href":"https:\/\/leovegas-au.org\/fr\/wp-json\/wp\/v2\/users\/1"}],"replies":[{"embeddable":true,"href":"https:\/\/leovegas-au.org\/fr\/wp-json\/wp\/v2\/comments?post=666"}],"version-history":[{"count":3,"href":"https:\/\/leovegas-au.org\/fr\/wp-json\/wp\/v2\/pages\/666\/revisions"}],"predecessor-version":[{"id":812,"href":"https:\/\/leovegas-au.org\/fr\/wp-json\/wp\/v2\/pages\/666\/revisions\/812"}],"wp:attachment":[{"href":"https:\/\/leovegas-au.org\/fr\/wp-json\/wp\/v2\/media?parent=666"}],"curies":[{"name":"wp","href":"https:\/\/api.w.org\/{rel}","templated":true}]}}