{"id":660,"date":"2022-08-03T13:01:40","date_gmt":"2022-08-03T13:01:40","guid":{"rendered":"https:\/\/leovegas-au.org\/?page_id=660"},"modified":"2022-08-08T13:43:59","modified_gmt":"2022-08-08T13:43:59","slug":"live-roulette","status":"publish","type":"page","link":"https:\/\/leovegas-au.org\/fr\/live-roulette\/","title":{"rendered":"Roulette en Direct"},"content":{"rendered":"<p>Les utilisateurs sont souvent impressionn\u00e9s par le <a href=\"https:\/\/leovegas-au.org\/fr\/bonus\/\">programme de bonus<\/a> pr\u00e9sent\u00e9 sur le site, presque aussi impressionn\u00e9s que lorsqu&rsquo;ils regardent la collection de jeux propos\u00e9s. L&rsquo;ex\u00e9cution majestueuse du casino est symbolis\u00e9e par son nom \u2013 Leo symbolise le pouvoir et la sup\u00e9riorit\u00e9, et Vegas rappelle la ville de r\u00eave am\u00e9ricaine.<\/p>\n<div class=\"t-go\"><a href=\"\/go-casino\/?sub_id_1=Leovegas\">OBTENEZ UN BONUS<\/a><\/div>\n<h2>Jouez \u00e0 des jeux de croupier en direct<\/h2>\n<p>Les casinos en ligne en temps r\u00e9el sont en vogue en 2023. Avec le streaming HD en direct et des limites de mise flexibles, vous n&rsquo;avez plus besoin de vous rendre dans un casino ordinaire pour jouer \u00e0 votre jeu. De la roulette au blackjack en passant par le poker et le baccarat, les casinos en direct ont quelque chose pour tout le monde. Il n&rsquo;y a jamais eu autant d&rsquo;options en ligne que maintenant. Mais cela signifie \u00e9galement qu&rsquo;il existe des sites de nuit qui ne m\u00e9ritent pas votre attention.<\/p>\n<p><img loading=\"lazy\" decoding=\"async\" class=\"aligncenter wp-image-658 size-full\" src=\"https:\/\/leovegas-au.org\/wp-content\/uploads\/2022\/08\/roulette-live.jpeg\" alt=\"roulette live leovegas\" width=\"754\" height=\"424\" srcset=\"https:\/\/leovegas-au.org\/wp-content\/uploads\/2022\/08\/roulette-live.jpeg 754w, https:\/\/leovegas-au.org\/wp-content\/uploads\/2022\/08\/roulette-live-300x169.jpeg 300w\" sizes=\"auto, (max-width: 754px) 100vw, 754px\" \/><\/p>\n<h2>Pourquoi jouer aux casinos en ligne?<\/h2>\n<p>Si les jeux d&rsquo;argent en ligne ont r\u00e9volutionn\u00e9 l&rsquo;industrie des casinos, les jeux de casino en direct l&rsquo;ont fait passer au niveau sup\u00e9rieur. L&rsquo;avantage le plus \u00e9vident des jeux de casino en direct par rapport aux jeux de casino en ligne traditionnels est que vous jouez contre un croupier ou un croupier de casino r\u00e9el. Cela compl\u00e8te toute l&rsquo;exp\u00e9rience et vous permet de profiter de vos jeux de casino pr\u00e9f\u00e9r\u00e9s comme vous le souhaitez, sans avoir \u00e0 sortir ou \u00e0 vous rendre dans un vrai casino.<\/p>\n<p>De plus, si vous aimez jouer en d\u00e9placement, vous avez tout le casino dans la paume de votre main. Vous pouvez vous connecter \u00e0 LeoVegas live roulette sur votre profil de casino et diffuser le flux, peu importe o\u00f9 vous \u00eates ou \u00e0 quelle heure. Le casino en ligne est ouvert 24\/7. La simple commodit\u00e9 d&rsquo;avoir un casino complet dans votre poche est un facteur important qui rend les jeux de casino en direct si populaires aupr\u00e8s des joueurs.<\/p>\n<p>Les jeux de casino en direct diff\u00e8rent \u00e9galement des jeux de casino en ligne classiques principalement par un aspect important. Les mises minimales aux tables en direct sont toujours plus \u00e9lev\u00e9es que celles de leurs homologues en ligne classiques. Vous ne pouvez pas non plus jouer \u00e0 des jeux de casino en direct gratuitement. Il y a aussi le bonus de bienvenue LeoVegas live roulette, qui est con\u00e7u pour attirer de nouveaux joueurs \u00e0 s&rsquo;inscrire sur le site.<\/p>\n<h2>Types de jeux de casino en direct en ligne pour le jeu en ligne<\/h2>\n<p>Les jeux de casino en direct sont, sans aucun doute, parmi les types de jeux de casino les plus excitants que vous puissiez essayer en ligne. Pour vous aider \u00e0 tirer le meilleur parti des jeux d&rsquo;argent en ligne, nous voulons vous parler de la Roulette, un jeu en temps r\u00e9el que vous pouvez essayer tout en pariant sur votre Leo Vegas pr\u00e9f\u00e9r\u00e9.<\/p>\n<h2>Roulette<\/h2>\n<p>Au <a href=\"https:\/\/leovegas-au.org\/fr\/\">Leo Vegas<\/a>, vous pouvez jouer \u00e0 16 jeux de roulette diff\u00e9rents. Vous pouvez jouer \u00e0 la Roulette Europ\u00e9enne, \u00e0 la Roulette Am\u00e9ricaine, ainsi qu&rsquo;\u00e0 vos classiques pr\u00e9f\u00e9r\u00e9s tels que la Roulette Key Bet, la Roulette Double\/Triple Spin et la Roulette \u00e0 3 Roues. Beaucoup de joueurs aiment s&rsquo;en tenir aux versions classiques du jeu, mais d&rsquo;autres aiment explorer davantage et toujours trouver de nouvelles fonctionnalit\u00e9s passionnantes dans un jeu familier. Les jeux suivants peuvent \u00eatre jou\u00e9s \u00e0 Leo Vegas:<\/p>\n<ul>\n<li>Ra Roulette.<\/li>\n<li>Roulette immersive.<\/li>\n<li>Roulette en Direct Rapide.<\/li>\n<li>Roulette en direct avec une boule d&rsquo;or.<\/li>\n<\/ul>\n<p>Tous ces jeux ont un certain charme, mais ce que nous avons pr\u00e9f\u00e9r\u00e9, c&rsquo;est qu&rsquo;il existe une large gamme de minimums et de maximums de table, il y a donc un jeu pour chaque \u00ab\u00a0rouleau\u00a0\u00bb.\u00a0\u00bb<\/p>\n<p>La roulette est un jeu fascinant. Bien qu&rsquo;il existe diff\u00e9rentes versions du jeu avec diff\u00e9rentes options de paris, le jeu est fondamentalement le m\u00eame; il y a une balle sur la roue qui tombe au hasard dans l&rsquo;un des nombreux trous. Votre travail consiste \u00e0 pr\u00e9dire o\u00f9 la balle va tomber pour gagner le pari.<\/p>\n<p>La premi\u00e8re fois que vous jouez \u00e0 la Roulette, vous pouvez \u00eatre confus par les nombreux paris diff\u00e9rents disponibles, mais ne vous inqui\u00e9tez pas, nous vous expliquerons tout. En g\u00e9n\u00e9ral, vous pouvez placer deux types de paris internes et externes. Les paris internes sont les suivants:<\/p>\n<ul>\n<li>Droit.<\/li>\n<li>Split.<\/li>\n<li>Rue.<\/li>\n<li>Pari de six lignes.<\/li>\n<li>Corner Bet.<\/li>\n<\/ul>\n<p>Les paris ext\u00e9rieurs sont plus faciles que les paris int\u00e9rieurs. Les chances de gagner sur ce pari sont de 50-50 la plupart du temps, donc si vous \u00eates d\u00e9butant, nous vous sugg\u00e9rons de commencer ici. Voici tous les paris ext\u00e9rieurs que vous pouvez essayer:<\/p>\n<ul>\n<li>Rouge ou noir.<\/li>\n<li>Haut ou Bas.<\/li>\n<li>Un pari.<\/li>\n<li>Colonne 1.<\/li>\n<\/ul>\n<div class=\"t-go\"><a href=\"\/go-casino\/?sub_id_1=Leovegas\">OBTENEZ UN BONUS<\/a><\/div>\n<h2>Roulette en Direct<\/h2>\n<p>Les r\u00e8gles de LeoVegas sont identiques aux r\u00e8gles de la roulette en ligne classique, sauf que tous les spectacles sont dirig\u00e9s par un vrai croupier. Le processus de pari est le m\u00eame, seulement au lieu de l&rsquo;automatisation, le croupier annonce quand parier, fait tourner la roue de la roulette et annonce les gagnants \u00e0 la fin du tour. Si vous n&rsquo;avez jamais jou\u00e9 \u00e0 la roulette en direct LeoVegas, vous serez surpris de voir \u00e0 quel point LeoVegas live roulette Australia peut \u00eatre excitant.<\/p>\n<h2>Puis-je jouer \u00e0 des jeux de Casino en direct gratuitement?<\/h2>\n<p>Trouver un casino en direct qui prend en charge le jeu gratuit sera incroyablement difficile. En effet, les casinos en direct n\u00e9cessitent beaucoup de ressources pour fonctionner et, dans la plupart des cas, ils ne sont disponibles que pour les joueurs payants. C&rsquo;est pourquoi, si vous apprenez encore les bases d&rsquo;un jeu particulier, nous vous recommandons de pratiquer le jeu de casino en ligne classique en mode gratuit avant de passer au contenu de casino en direct. Le bonus de roulette en direct LeoVegas rend les jeux de casino en direct uniques par rapport aux jeux de casino en ligne traditionnels.<\/p>\n","protected":false},"excerpt":{"rendered":"<p>Les utilisateurs sont souvent impressionn\u00e9s par le programme de bonus pr\u00e9sent\u00e9 sur le site, presque aussi impressionn\u00e9s que lorsqu&rsquo;ils regardent la collection de jeux propos\u00e9s. L&rsquo;ex\u00e9cution majestueuse du casino est symbolis\u00e9e par son nom \u2013 Leo symbolise le pouvoir et la sup\u00e9riorit\u00e9, et Vegas rappelle la ville de r\u00eave am\u00e9ricaine. Jouez \u00e0 des jeux de [&hellip;]<\/p>\n","protected":false},"author":1,"featured_media":0,"parent":0,"menu_order":0,"comment_status":"closed","ping_status":"closed","template":"","meta":{"footnotes":""},"class_list":["post-660","page","type-page","status-publish","hentry"],"acf":[],"yoast_head":"<!-- This site is optimized with the Yoast SEO plugin v17.9 - https:\/\/yoast.com\/wordpress\/plugins\/seo\/ -->\n<title>Jouez \u00e0 la Roulette en Direct sur LeoVegas Casino<\/title>\n<meta name=\"description\" content=\"Jouez \u00e0 la Roulette en direct en ligne avec de vrais croupiers en direct et une gamme de diff\u00e9rents formats et variantes de roulette en ligne \u00e0 des enjeux diff\u00e9rents. \u27a4 Rejoindre\" \/>\n<meta name=\"robots\" content=\"index, follow, max-snippet:-1, max-image-preview:large, max-video-preview:-1\" \/>\n<link rel=\"canonical\" href=\"https:\/\/leovegas-au.org\/fr\/live-roulette\/\" \/>\n<meta property=\"og:type\" content=\"article\" \/>\n<meta property=\"og:title\" content=\"Jouez \u00e0 la Roulette en Direct sur LeoVegas Casino\" \/>\n<meta property=\"og:description\" content=\"Jouez \u00e0 la Roulette en direct en ligne avec de vrais croupiers en direct et une gamme de diff\u00e9rents formats et variantes de roulette en ligne \u00e0 des enjeux diff\u00e9rents. \u27a4 Rejoindre\" \/>\n<meta property=\"og:url\" content=\"https:\/\/leovegas-au.org\/fr\/live-roulette\/\" \/>\n<meta property=\"og:site_name\" content=\"leovegas casino\" \/>\n<meta property=\"article:modified_time\" content=\"2022-08-08T13:43:59+00:00\" \/>\n<meta property=\"og:image\" content=\"https:\/\/leovegas-au.org\/wp-content\/uploads\/2022\/08\/roulette-live.jpeg\" \/>\n<meta name=\"twitter:card\" content=\"summary_large_image\" \/>\n<meta name=\"twitter:label1\" content=\"Dur\u00e9e de lecture estim\u00e9e\" \/>\n\t<meta name=\"twitter:data1\" content=\"5 minutes\" \/>\n<script type=\"application\/ld+json\" class=\"yoast-schema-graph\">{\"@context\":\"https:\/\/schema.org\",\"@graph\":[{\"@type\":\"WebSite\",\"@id\":\"https:\/\/leovegas-au.org\/#website\",\"url\":\"https:\/\/leovegas-au.org\/\",\"name\":\"leovegas casino\",\"description\":\"\",\"potentialAction\":[{\"@type\":\"SearchAction\",\"target\":{\"@type\":\"EntryPoint\",\"urlTemplate\":\"https:\/\/leovegas-au.org\/?s={search_term_string}\"},\"query-input\":\"required name=search_term_string\"}],\"inLanguage\":\"fr-FR\"},{\"@type\":\"ImageObject\",\"@id\":\"https:\/\/leovegas-au.org\/fr\/live-roulette\/#primaryimage\",\"inLanguage\":\"fr-FR\",\"url\":\"https:\/\/leovegas-au.org\/wp-content\/uploads\/2022\/08\/roulette-live.jpeg\",\"contentUrl\":\"https:\/\/leovegas-au.org\/wp-content\/uploads\/2022\/08\/roulette-live.jpeg\",\"width\":754,\"height\":424,\"caption\":\"roulette live leovegas\"},{\"@type\":\"WebPage\",\"@id\":\"https:\/\/leovegas-au.org\/fr\/live-roulette\/#webpage\",\"url\":\"https:\/\/leovegas-au.org\/fr\/live-roulette\/\",\"name\":\"Jouez \\u00e0 la Roulette en Direct sur LeoVegas Casino\",\"isPartOf\":{\"@id\":\"https:\/\/leovegas-au.org\/#website\"},\"primaryImageOfPage\":{\"@id\":\"https:\/\/leovegas-au.org\/fr\/live-roulette\/#primaryimage\"},\"datePublished\":\"2022-08-03T13:01:40+00:00\",\"dateModified\":\"2022-08-08T13:43:59+00:00\",\"description\":\"Jouez \\u00e0 la Roulette en direct en ligne avec de vrais croupiers en direct et une gamme de diff\\u00e9rents formats et variantes de roulette en ligne \\u00e0 des enjeux diff\\u00e9rents. \\u27a4 Rejoindre\",\"breadcrumb\":{\"@id\":\"https:\/\/leovegas-au.org\/fr\/live-roulette\/#breadcrumb\"},\"inLanguage\":\"fr-FR\",\"potentialAction\":[{\"@type\":\"ReadAction\",\"target\":[\"https:\/\/leovegas-au.org\/fr\/live-roulette\/\"]}]},{\"@type\":\"BreadcrumbList\",\"@id\":\"https:\/\/leovegas-au.org\/fr\/live-roulette\/#breadcrumb\",\"itemListElement\":[{\"@type\":\"ListItem\",\"position\":1,\"name\":\"Home\",\"item\":\"https:\/\/leovegas-au.org\/fr\/\"},{\"@type\":\"ListItem\",\"position\":2,\"name\":\"Roulette en Direct\"}]}]}<\/script>\n<!-- \/ Yoast SEO plugin. -->","yoast_head_json":{"title":"Jouez \u00e0 la Roulette en Direct sur LeoVegas Casino","description":"Jouez \u00e0 la Roulette en direct en ligne avec de vrais croupiers en direct et une gamme de diff\u00e9rents formats et variantes de roulette en ligne \u00e0 des enjeux diff\u00e9rents. \u27a4 Rejoindre","robots":{"index":"index","follow":"follow","max-snippet":"max-snippet:-1","max-image-preview":"max-image-preview:large","max-video-preview":"max-video-preview:-1"},"canonical":"https:\/\/leovegas-au.org\/fr\/live-roulette\/","og_type":"article","og_title":"Jouez \u00e0 la Roulette en Direct sur LeoVegas Casino","og_description":"Jouez \u00e0 la Roulette en direct en ligne avec de vrais croupiers en direct et une gamme de diff\u00e9rents formats et variantes de roulette en ligne \u00e0 des enjeux diff\u00e9rents. \u27a4 Rejoindre","og_url":"https:\/\/leovegas-au.org\/fr\/live-roulette\/","og_site_name":"leovegas casino","article_modified_time":"2022-08-08T13:43:59+00:00","og_image":[{"url":"https:\/\/leovegas-au.org\/wp-content\/uploads\/2022\/08\/roulette-live.jpeg"}],"twitter_card":"summary_large_image","twitter_misc":{"Dur\u00e9e de lecture estim\u00e9e":"5 minutes"},"schema":{"@context":"https:\/\/schema.org","@graph":[{"@type":"WebSite","@id":"https:\/\/leovegas-au.org\/#website","url":"https:\/\/leovegas-au.org\/","name":"leovegas casino","description":"","potentialAction":[{"@type":"SearchAction","target":{"@type":"EntryPoint","urlTemplate":"https:\/\/leovegas-au.org\/?s={search_term_string}"},"query-input":"required name=search_term_string"}],"inLanguage":"fr-FR"},{"@type":"ImageObject","@id":"https:\/\/leovegas-au.org\/fr\/live-roulette\/#primaryimage","inLanguage":"fr-FR","url":"https:\/\/leovegas-au.org\/wp-content\/uploads\/2022\/08\/roulette-live.jpeg","contentUrl":"https:\/\/leovegas-au.org\/wp-content\/uploads\/2022\/08\/roulette-live.jpeg","width":754,"height":424,"caption":"roulette live leovegas"},{"@type":"WebPage","@id":"https:\/\/leovegas-au.org\/fr\/live-roulette\/#webpage","url":"https:\/\/leovegas-au.org\/fr\/live-roulette\/","name":"Jouez \u00e0 la Roulette en Direct sur LeoVegas Casino","isPartOf":{"@id":"https:\/\/leovegas-au.org\/#website"},"primaryImageOfPage":{"@id":"https:\/\/leovegas-au.org\/fr\/live-roulette\/#primaryimage"},"datePublished":"2022-08-03T13:01:40+00:00","dateModified":"2022-08-08T13:43:59+00:00","description":"Jouez \u00e0 la Roulette en direct en ligne avec de vrais croupiers en direct et une gamme de diff\u00e9rents formats et variantes de roulette en ligne \u00e0 des enjeux diff\u00e9rents. \u27a4 Rejoindre","breadcrumb":{"@id":"https:\/\/leovegas-au.org\/fr\/live-roulette\/#breadcrumb"},"inLanguage":"fr-FR","potentialAction":[{"@type":"ReadAction","target":["https:\/\/leovegas-au.org\/fr\/live-roulette\/"]}]},{"@type":"BreadcrumbList","@id":"https:\/\/leovegas-au.org\/fr\/live-roulette\/#breadcrumb","itemListElement":[{"@type":"ListItem","position":1,"name":"Home","item":"https:\/\/leovegas-au.org\/fr\/"},{"@type":"ListItem","position":2,"name":"Roulette en Direct"}]}]}},"_links":{"self":[{"href":"https:\/\/leovegas-au.org\/fr\/wp-json\/wp\/v2\/pages\/660","targetHints":{"allow":["GET"]}}],"collection":[{"href":"https:\/\/leovegas-au.org\/fr\/wp-json\/wp\/v2\/pages"}],"about":[{"href":"https:\/\/leovegas-au.org\/fr\/wp-json\/wp\/v2\/types\/page"}],"author":[{"embeddable":true,"href":"https:\/\/leovegas-au.org\/fr\/wp-json\/wp\/v2\/users\/1"}],"replies":[{"embeddable":true,"href":"https:\/\/leovegas-au.org\/fr\/wp-json\/wp\/v2\/comments?post=660"}],"version-history":[{"count":3,"href":"https:\/\/leovegas-au.org\/fr\/wp-json\/wp\/v2\/pages\/660\/revisions"}],"predecessor-version":[{"id":816,"href":"https:\/\/leovegas-au.org\/fr\/wp-json\/wp\/v2\/pages\/660\/revisions\/816"}],"wp:attachment":[{"href":"https:\/\/leovegas-au.org\/fr\/wp-json\/wp\/v2\/media?parent=660"}],"curies":[{"name":"wp","href":"https:\/\/api.w.org\/{rel}","templated":true}]}}