{"id":654,"date":"2022-08-03T12:49:46","date_gmt":"2022-08-03T12:49:46","guid":{"rendered":"https:\/\/leovegas-au.org\/?page_id=654"},"modified":"2022-08-09T10:40:42","modified_gmt":"2022-08-09T10:40:42","slug":"sic-bo","status":"publish","type":"page","link":"https:\/\/leovegas-au.org\/fr\/sic-bo\/","title":{"rendered":"Jouer au Sic Bo En Ligne"},"content":{"rendered":"<p><img loading=\"lazy\" decoding=\"async\" class=\"wp-image-646 size-thumbnail alignright\" src=\"https:\/\/leovegas-au.org\/wp-content\/uploads\/2022\/08\/Sic-Bo-LeoVegas-150x150.png\" alt=\"Sic Bo LeoVegas\" width=\"150\" height=\"150\" srcset=\"https:\/\/leovegas-au.org\/wp-content\/uploads\/2022\/08\/Sic-Bo-LeoVegas-150x150.png 150w, https:\/\/leovegas-au.org\/wp-content\/uploads\/2022\/08\/Sic-Bo-LeoVegas-300x300.png 300w, https:\/\/leovegas-au.org\/wp-content\/uploads\/2022\/08\/Sic-Bo-LeoVegas.png 512w\" sizes=\"auto, (max-width: 150px) 100vw, 150px\" \/><a href=\"https:\/\/leovegas-au.org\/fr\/\">Le Casino en ligne Leo Vegas<\/a> est une r\u00e9ussite. Fond\u00e9 en 2012, le casino est devenu l&rsquo;un des g\u00e9ants. Leur concentration sur l&rsquo;exp\u00e9rience de casino mobile les distingue des autres casinos en ligne. LeoVegas est un incontournable si vous \u00eates un joueur.<\/p>\n<h2>Bonus<\/h2>\n<p>Les <a href=\"https:\/\/leovegas-au.org\/fr\/bonus\/\">bonus<\/a> sont un excellent moyen de recharger votre solde et d&rsquo;essayer plus de jeux que d&rsquo;habitude. Au moment o\u00f9 vous rejoignez LeoVegas, vous pouvez commencer \u00e0 utiliser leurs bonus, et une fois que vous devenez un joueur r\u00e9gulier au casino, il existe \u00e9galement de nombreuses promotions en cours pour vous. Il existe \u00e9galement un code bonus Sic bo en ligne LeoVegas disponible pour jouer en ce moment.<\/p>\n<h2>Compte<\/h2>\n<p>Pour commencer \u00e0 jouer \u00e0 des jeux sur LeoVegas, vous devez devenir membre du casino. L&rsquo;ouverture d&rsquo;un compte est une proc\u00e9dure tr\u00e8s simple, et vous le ferez en quelques minutes. Il vous suffit d&rsquo;aller sur le site officiel du casino et de cliquer sur l&rsquo;onglet \u00ab\u00a0Ouvrir un compte\u00a0\u00bb. Remplissez le formulaire d&rsquo;inscription et fournissez au casino vos informations personnelles.<\/p>\n<h2>Mobile<\/h2>\n<p>Si vous souhaitez parier via une application mobile, c&rsquo;est plus facile que jamais. Vous pouvez utiliser votre appareil pour acc\u00e9der au casino et jouer \u00e0 vos jeux pr\u00e9f\u00e9r\u00e9s en d\u00e9placement quand vous le souhaitez.<\/p>\n<h2>Jeu<\/h2>\n<p>LeoVegas est un pays des merveilles pour le joueur de casino en ligne. Ils ont la plus vaste collection de jeux que nous ayons jamais vue. Ils ont probablement la meilleure section de casino en direct au monde. Vous trouverez tous les jeux de table classiques auxquels vous vous attendez. Tout est disponible dans une version mobile de classe mondiale. Jetons un coup d&rsquo;\u0153il au jeu de Sic bo pr\u00e9f\u00e9r\u00e9 de tous, LeoVegas, \u00e0 titre d&rsquo;exemple aujourd&rsquo;hui.<\/p>\n<div class=\"t-go\"><a href=\"\/go-casino\/?sub_id_1=Leovegas\">OBTENEZ UN BONUS<\/a><\/div>\n<h2>Sic bo \u00e0 LeoVegas<\/h2>\n<p>Sic bo en ligne LeoVegas est un jeu de hasard qui utilise trois d\u00e9s. Le gameplay de Sic bo ressemble plus ou moins au craps ou au chuck-a-luck, mais avec quelques ajustements. Lors de l&rsquo;apprentissage de ce jeu, le joueur moyen ne passera que quelques minutes \u00e0 comprendre les r\u00e8gles et le format du jeu, ainsi que la structure des paiements. Ce jeu est un descendant de l&rsquo;ancien jeu de d\u00e9s chinois. Un jeu gratuit en ligne Sic bo LeoVegas est \u00e9galement disponible d\u00e8s maintenant.<\/p>\n<p><img loading=\"lazy\" decoding=\"async\" class=\"aligncenter wp-image-651 size-full\" src=\"https:\/\/leovegas-au.org\/wp-content\/uploads\/2022\/08\/sic-bo-Leo-Vegas.jpeg\" alt=\"sic bo LeoVegas\" width=\"800\" height=\"421\" srcset=\"https:\/\/leovegas-au.org\/wp-content\/uploads\/2022\/08\/sic-bo-Leo-Vegas.jpeg 800w, https:\/\/leovegas-au.org\/wp-content\/uploads\/2022\/08\/sic-bo-Leo-Vegas-300x158.jpeg 300w, https:\/\/leovegas-au.org\/wp-content\/uploads\/2022\/08\/sic-bo-Leo-Vegas-768x404.jpeg 768w\" sizes=\"auto, (max-width: 800px) 100vw, 800px\" \/><\/p>\n<h2>Comment jouer<\/h2>\n<p>LeoVegas Sic bo Australia se joue en ligne sur une table avec trois d\u00e9s. Vous devez parier sur l&rsquo;une des nombreuses options qui sont marqu\u00e9es sur la table de jeu. Les d\u00e9s sont ensuite plac\u00e9s dans un cylindre en plastique et bien agit\u00e9s. Lorsque les r\u00e9sultats sur les d\u00e9s sont d\u00e9termin\u00e9s, certaines zones de la table de jeu deviennent les zones gagnantes. Si vous pariez sur l&rsquo;une de ces zones, vous recevrez un paiement en fonction de la structure de paiement.<\/p>\n<ul>\n<li>Petits et Grands Paris<\/li>\n<\/ul>\n<p>Comme chuck-a-luck, sic bo utilise de grands nombres (11-17) et de petits nombres (4-10), et les paris gagnants sont pay\u00e9s en argent \u00e9gal, 1:1. Vous gagnez si vous choisissez le gros pari et que les d\u00e9s affichent une somme de nombres comprise entre 11 et 17, mais vous perdez si la somme des nombres est de 18 ou de 3 \u00e0 10. Si vous choisissez un petit pari, vous gagnez si la somme des nombres sur les d\u00e9s tombe de 4 \u00e0 10 mais perdez si la somme des nombres sera de 3 ou de 11 \u00e0 17.<\/p>\n<ul>\n<li>Parier sur Pair et Impair<\/li>\n<\/ul>\n<p>C&rsquo;est aussi un pari assez simple dans lequel vous choisissez le r\u00e9sultat du lancer de d\u00e9s, qui peut \u00eatre pair ou impair. Vous gagnerez un pari pair si la somme des nombres sur les d\u00e9s apr\u00e8s le lancer est pair. L&rsquo;inverse est vrai pour les paris sur les nombres impairs.<\/p>\n<ul>\n<li>Parier sur la somme de tous les d\u00e9s<\/li>\n<\/ul>\n<p>C&rsquo;est l&rsquo;un des paris les plus populaires, dans lequel vous pariez sur la somme des nombres qui rouleront sur les d\u00e9s. Ce pari peut vous apporter de tr\u00e8s bons gains, que vous pouvez voir ci-dessous:<\/p>\n<p>Montant 4 ou 17: Les paris gagnants rapportent 50:1<\/p>\n<p>Montant 5 ou 16: Les paris gagnants rapportent 18:1<\/p>\n<p>Montant 6 ou 15: Paris gagnants pay\u00e9s 14:1<\/p>\n<p>Montant 7 ou 14: Paris gagnants pay\u00e9s 12:1<\/p>\n<p>Montant 8 ou 13: Les paris gagnants rapportent 8:1<\/p>\n<p>Une somme de 9, 10, 11 ou 12: Les paris gagnants rapportent 6:1<\/p>\n<p>Vous devez savoir que chacun de ces paris est ind\u00e9pendant et que vous parierez, par exemple, sur 4 ou 17, et non sur les deux num\u00e9ros en m\u00eame temps. Bien s\u00fbr, vous pouvez parier sur ces deux num\u00e9ros, mais vous devrez placer deux paris distincts sur la table de jeu pour le faire.<\/p>\n<ul>\n<li>Parier sur des Tripl\u00e9s<\/li>\n<\/ul>\n<p>Vous pouvez \u00e9galement parier sur n&rsquo;importe quel triple (que les d\u00e9s lanceront 555, 111, 333, etc.). Le paiement pour un pari Triple Split dans un Sic bo est de 24:1.<\/p>\n<ul>\n<li>Parier sur un double<\/li>\n<\/ul>\n<p>Tout comme pour les paris triples, avec un double, vous essayez de deviner au moins deux nombres qui appara\u00eetront sur les d\u00e9s, comme 22, 33, 44, etc. Si vous parvenez \u00e0 deviner un double, le paiement sera de 8:1. En outre, le casino est devenu disponible pour jouer au Sic bo en ligne pour de l&rsquo;argent r\u00e9el LeoVegas.<\/p>\n<ul>\n<li>Parier sur des num\u00e9ros individuels<\/li>\n<\/ul>\n<p>Vous pouvez parier sur des num\u00e9ros individuels qui pourraient tomber sur les d\u00e9s. Parmi ces nombres, vous pouvez bien s\u00fbr choisir n&rsquo;importe qui de 1 \u00e0 6. Le paiement de ce pari d\u00e9pendra du nombre de fois que votre num\u00e9ro choisi tombera sur les d\u00e9s. Par exemple, vous gagnerez 1:1 si votre num\u00e9ro appara\u00eet une fois, 2: 1 si votre num\u00e9ro appara\u00eet sur deux d\u00e9s et 3: 1 si votre num\u00e9ro appara\u00eet sur les trois d\u00e9s.<\/p>\n<div class=\"t-go\"><a href=\"\/go-casino\/?sub_id_1=Leovegas\">OBTENEZ UN BONUS<\/a><\/div>\n<h2>Conseils et Strat\u00e9gie<\/h2>\n<p>En raison du fait que le Sic bo est un jeu bas\u00e9 sur la chance, il n&rsquo;y a vraiment aucune strat\u00e9gie que vous pouvez appliquer. Cependant, les meilleurs paris que vous pouvez faire \u00e0 la table seront les paris pairs et impairs, ainsi que les paris petits et grands, car ils sugg\u00e8rent un avantage inf\u00e9rieur de la maison, qui sera d&rsquo;environ 2,78%. D&rsquo;autres paris, comme les paris triples, ont un avantage de la maison qui peut atteindre 30%. Avec nos conseils, jouer au Sic bo en ligne LeoVegas est simple et facile!<\/p>\n","protected":false},"excerpt":{"rendered":"<p>Le Casino en ligne Leo Vegas est une r\u00e9ussite. Fond\u00e9 en 2012, le casino est devenu l&rsquo;un des g\u00e9ants. Leur concentration sur l&rsquo;exp\u00e9rience de casino mobile les distingue des autres casinos en ligne. LeoVegas est un incontournable si vous \u00eates un joueur. Bonus Les bonus sont un excellent moyen de recharger votre solde et d&rsquo;essayer [&hellip;]<\/p>\n","protected":false},"author":1,"featured_media":0,"parent":0,"menu_order":0,"comment_status":"closed","ping_status":"closed","template":"","meta":{"footnotes":""},"class_list":["post-654","page","type-page","status-publish","hentry"],"acf":[],"yoast_head":"<!-- This site is optimized with the Yoast SEO plugin v17.9 - https:\/\/yoast.com\/wordpress\/plugins\/seo\/ -->\n<title>R\u00e8gles du Sic Bo - Table en ligne - LeoVegas<\/title>\n<meta name=\"description\" content=\"Sic Bo-jeu de table en ligne avec trois d\u00e9s. Obtenez des informations compl\u00e8tes sur les r\u00e8gles et les paiements et comment jouer au Sic Bo en ligne\" \/>\n<meta name=\"robots\" content=\"index, follow, max-snippet:-1, max-image-preview:large, max-video-preview:-1\" \/>\n<link rel=\"canonical\" href=\"https:\/\/leovegas-au.org\/fr\/sic-bo\/\" \/>\n<meta property=\"og:type\" content=\"article\" \/>\n<meta property=\"og:title\" content=\"R\u00e8gles du Sic Bo - Table en ligne - LeoVegas\" \/>\n<meta property=\"og:description\" content=\"Sic Bo-jeu de table en ligne avec trois d\u00e9s. Obtenez des informations compl\u00e8tes sur les r\u00e8gles et les paiements et comment jouer au Sic Bo en ligne\" \/>\n<meta property=\"og:url\" content=\"https:\/\/leovegas-au.org\/fr\/sic-bo\/\" \/>\n<meta property=\"og:site_name\" content=\"leovegas casino\" \/>\n<meta property=\"article:modified_time\" content=\"2022-08-09T10:40:42+00:00\" \/>\n<meta property=\"og:image\" content=\"https:\/\/leovegas-au.org\/wp-content\/uploads\/2022\/08\/Sic-Bo-LeoVegas-150x150.png\" \/>\n<meta name=\"twitter:card\" content=\"summary_large_image\" \/>\n<meta name=\"twitter:label1\" content=\"Dur\u00e9e de lecture estim\u00e9e\" \/>\n\t<meta name=\"twitter:data1\" content=\"5 minutes\" \/>\n<script type=\"application\/ld+json\" class=\"yoast-schema-graph\">{\"@context\":\"https:\/\/schema.org\",\"@graph\":[{\"@type\":\"WebSite\",\"@id\":\"https:\/\/leovegas-au.org\/#website\",\"url\":\"https:\/\/leovegas-au.org\/\",\"name\":\"leovegas casino\",\"description\":\"\",\"potentialAction\":[{\"@type\":\"SearchAction\",\"target\":{\"@type\":\"EntryPoint\",\"urlTemplate\":\"https:\/\/leovegas-au.org\/?s={search_term_string}\"},\"query-input\":\"required name=search_term_string\"}],\"inLanguage\":\"fr-FR\"},{\"@type\":\"ImageObject\",\"@id\":\"https:\/\/leovegas-au.org\/fr\/sic-bo\/#primaryimage\",\"inLanguage\":\"fr-FR\",\"url\":\"https:\/\/leovegas-au.org\/wp-content\/uploads\/2022\/08\/Sic-Bo-LeoVegas.png\",\"contentUrl\":\"https:\/\/leovegas-au.org\/wp-content\/uploads\/2022\/08\/Sic-Bo-LeoVegas.png\",\"width\":512,\"height\":512,\"caption\":\"Sic Bo LeoVegas\"},{\"@type\":\"WebPage\",\"@id\":\"https:\/\/leovegas-au.org\/fr\/sic-bo\/#webpage\",\"url\":\"https:\/\/leovegas-au.org\/fr\/sic-bo\/\",\"name\":\"R\\u00e8gles du Sic Bo - Table en ligne - LeoVegas\",\"isPartOf\":{\"@id\":\"https:\/\/leovegas-au.org\/#website\"},\"primaryImageOfPage\":{\"@id\":\"https:\/\/leovegas-au.org\/fr\/sic-bo\/#primaryimage\"},\"datePublished\":\"2022-08-03T12:49:46+00:00\",\"dateModified\":\"2022-08-09T10:40:42+00:00\",\"description\":\"Sic Bo-jeu de table en ligne avec trois d\\u00e9s. Obtenez des informations compl\\u00e8tes sur les r\\u00e8gles et les paiements et comment jouer au Sic Bo en ligne\",\"breadcrumb\":{\"@id\":\"https:\/\/leovegas-au.org\/fr\/sic-bo\/#breadcrumb\"},\"inLanguage\":\"fr-FR\",\"potentialAction\":[{\"@type\":\"ReadAction\",\"target\":[\"https:\/\/leovegas-au.org\/fr\/sic-bo\/\"]}]},{\"@type\":\"BreadcrumbList\",\"@id\":\"https:\/\/leovegas-au.org\/fr\/sic-bo\/#breadcrumb\",\"itemListElement\":[{\"@type\":\"ListItem\",\"position\":1,\"name\":\"Home\",\"item\":\"https:\/\/leovegas-au.org\/fr\/\"},{\"@type\":\"ListItem\",\"position\":2,\"name\":\"Jouer au Sic Bo En Ligne\"}]}]}<\/script>\n<!-- \/ Yoast SEO plugin. -->","yoast_head_json":{"title":"R\u00e8gles du Sic Bo - Table en ligne - LeoVegas","description":"Sic Bo-jeu de table en ligne avec trois d\u00e9s. Obtenez des informations compl\u00e8tes sur les r\u00e8gles et les paiements et comment jouer au Sic Bo en ligne","robots":{"index":"index","follow":"follow","max-snippet":"max-snippet:-1","max-image-preview":"max-image-preview:large","max-video-preview":"max-video-preview:-1"},"canonical":"https:\/\/leovegas-au.org\/fr\/sic-bo\/","og_type":"article","og_title":"R\u00e8gles du Sic Bo - Table en ligne - LeoVegas","og_description":"Sic Bo-jeu de table en ligne avec trois d\u00e9s. Obtenez des informations compl\u00e8tes sur les r\u00e8gles et les paiements et comment jouer au Sic Bo en ligne","og_url":"https:\/\/leovegas-au.org\/fr\/sic-bo\/","og_site_name":"leovegas casino","article_modified_time":"2022-08-09T10:40:42+00:00","og_image":[{"url":"https:\/\/leovegas-au.org\/wp-content\/uploads\/2022\/08\/Sic-Bo-LeoVegas-150x150.png"}],"twitter_card":"summary_large_image","twitter_misc":{"Dur\u00e9e de lecture estim\u00e9e":"5 minutes"},"schema":{"@context":"https:\/\/schema.org","@graph":[{"@type":"WebSite","@id":"https:\/\/leovegas-au.org\/#website","url":"https:\/\/leovegas-au.org\/","name":"leovegas casino","description":"","potentialAction":[{"@type":"SearchAction","target":{"@type":"EntryPoint","urlTemplate":"https:\/\/leovegas-au.org\/?s={search_term_string}"},"query-input":"required name=search_term_string"}],"inLanguage":"fr-FR"},{"@type":"ImageObject","@id":"https:\/\/leovegas-au.org\/fr\/sic-bo\/#primaryimage","inLanguage":"fr-FR","url":"https:\/\/leovegas-au.org\/wp-content\/uploads\/2022\/08\/Sic-Bo-LeoVegas.png","contentUrl":"https:\/\/leovegas-au.org\/wp-content\/uploads\/2022\/08\/Sic-Bo-LeoVegas.png","width":512,"height":512,"caption":"Sic Bo LeoVegas"},{"@type":"WebPage","@id":"https:\/\/leovegas-au.org\/fr\/sic-bo\/#webpage","url":"https:\/\/leovegas-au.org\/fr\/sic-bo\/","name":"R\u00e8gles du Sic Bo - Table en ligne - LeoVegas","isPartOf":{"@id":"https:\/\/leovegas-au.org\/#website"},"primaryImageOfPage":{"@id":"https:\/\/leovegas-au.org\/fr\/sic-bo\/#primaryimage"},"datePublished":"2022-08-03T12:49:46+00:00","dateModified":"2022-08-09T10:40:42+00:00","description":"Sic Bo-jeu de table en ligne avec trois d\u00e9s. Obtenez des informations compl\u00e8tes sur les r\u00e8gles et les paiements et comment jouer au Sic Bo en ligne","breadcrumb":{"@id":"https:\/\/leovegas-au.org\/fr\/sic-bo\/#breadcrumb"},"inLanguage":"fr-FR","potentialAction":[{"@type":"ReadAction","target":["https:\/\/leovegas-au.org\/fr\/sic-bo\/"]}]},{"@type":"BreadcrumbList","@id":"https:\/\/leovegas-au.org\/fr\/sic-bo\/#breadcrumb","itemListElement":[{"@type":"ListItem","position":1,"name":"Home","item":"https:\/\/leovegas-au.org\/fr\/"},{"@type":"ListItem","position":2,"name":"Jouer au Sic Bo En Ligne"}]}]}},"_links":{"self":[{"href":"https:\/\/leovegas-au.org\/fr\/wp-json\/wp\/v2\/pages\/654","targetHints":{"allow":["GET"]}}],"collection":[{"href":"https:\/\/leovegas-au.org\/fr\/wp-json\/wp\/v2\/pages"}],"about":[{"href":"https:\/\/leovegas-au.org\/fr\/wp-json\/wp\/v2\/types\/page"}],"author":[{"embeddable":true,"href":"https:\/\/leovegas-au.org\/fr\/wp-json\/wp\/v2\/users\/1"}],"replies":[{"embeddable":true,"href":"https:\/\/leovegas-au.org\/fr\/wp-json\/wp\/v2\/comments?post=654"}],"version-history":[{"count":4,"href":"https:\/\/leovegas-au.org\/fr\/wp-json\/wp\/v2\/pages\/654\/revisions"}],"predecessor-version":[{"id":871,"href":"https:\/\/leovegas-au.org\/fr\/wp-json\/wp\/v2\/pages\/654\/revisions\/871"}],"wp:attachment":[{"href":"https:\/\/leovegas-au.org\/fr\/wp-json\/wp\/v2\/media?parent=654"}],"curies":[{"name":"wp","href":"https:\/\/api.w.org\/{rel}","templated":true}]}}