{"id":641,"date":"2022-08-03T11:24:32","date_gmt":"2022-08-03T11:24:32","guid":{"rendered":"https:\/\/leovegas-au.org\/?page_id=641"},"modified":"2022-08-09T10:30:16","modified_gmt":"2022-08-09T10:30:16","slug":"craps","status":"publish","type":"page","link":"https:\/\/leovegas-au.org\/fr\/craps\/","title":{"rendered":"Comment jouer au Craps en ligne?"},"content":{"rendered":"<p>Le Craps est un <a href=\"https:\/\/leovegas-au.org\/fr\/games\/\">jeu de casino<\/a> de niche auquel peu de joueurs savent jouer. Mais une fois que vous aurez appris ce jeu dynamique et amusant, vous verrez \u00e0 quel point il peut \u00eatre amusant. L&rsquo;avantage est que vous pouvez jouer au craps gratuitement ainsi que sur le craps en ligne LeoVegas en argent r\u00e9el.<\/p>\n<div class=\"t-go\"><a href=\"\/go-casino\/?sub_id_1=Leovegas\">OBTENEZ UN BONUS<\/a><\/div>\n<h2>Pourquoi devriez-vous essayer le craps \u00e0 LeoVegas?<\/h2>\n<p>Le jeu LeoVegas craps est un excellent choix pour les joueurs qui aiment jouer \u00e0 des jeux de casino. Vous pouvez profiter du jeu tout en profitant des avantages exclusifs que le craps en ligne-LeoVegas offre \u00e0 ses joueurs. Ceux-ci incluent:<\/p>\n<ul>\n<li>Commodit\u00e9 du casino en ligne<\/li>\n<\/ul>\n<p>La commodit\u00e9 est le plus grand avantage des jeux de craps en ligne par rapport aux jeux de craps disponibles dans les casinos terrestres. Les casinos en ligne sont ouverts 24\/7, vous pouvez donc jouer au craps en ligne LeoVegas \u00e0 tout moment, n&rsquo;importe o\u00f9. Avec la popularisation du craps mobile, les joueurs d&rsquo;aujourd&rsquo;hui peuvent profiter de jeux plus pratiques que jamais.<\/p>\n<ul>\n<li>Pas de temps d&rsquo;attente<\/li>\n<\/ul>\n<p>Vous n&rsquo;avez pas \u00e0 attendre que quelqu&rsquo;un d&rsquo;autre termine, vous pouvez donc jouer aux d\u00e9s sans attendre ni compter sur d&rsquo;autres joueurs de casino.<\/p>\n<ul>\n<li>Gratuit ou pour de l&rsquo;argent r\u00e9el<\/li>\n<\/ul>\n<p>Jouer dans des casinos terrestres peut \u00eatre amusant, mais c&rsquo;est souvent assez cher. Surtout si vous n&rsquo;habitez pas \u00e0 proximit\u00e9 d&rsquo;un casino, vous devrez y aller et probablement payer pour une chambre pour y rester. Le Craps est disponible en ligne en quelques secondes sans frais suppl\u00e9mentaires. De plus, vous pouvez m\u00eame jouer gratuitement au craps en ligne LeoVegas si vous voulez juste vous d\u00e9tendre le soir sans d\u00e9penser d&rsquo;argent.<\/p>\n<p><img loading=\"lazy\" decoding=\"async\" class=\"aligncenter wp-image-639 size-full\" src=\"https:\/\/leovegas-au.org\/wp-content\/uploads\/2022\/08\/craps-table-leovegas.png\" alt=\"craps table leovegas\" width=\"721\" height=\"350\" srcset=\"https:\/\/leovegas-au.org\/wp-content\/uploads\/2022\/08\/craps-table-leovegas.png 721w, https:\/\/leovegas-au.org\/wp-content\/uploads\/2022\/08\/craps-table-leovegas-300x146.png 300w\" sizes=\"auto, (max-width: 721px) 100vw, 721px\" \/><\/p>\n<h2>Comment puis-je jouer au craps sur LeoVegas avec une strat\u00e9gie de d\u00e9s?<\/h2>\n<p>Les limites de mise pour chaque jeu de d\u00e9s d\u00e9pendent de la vari\u00e9t\u00e9 du jeu ainsi que de la politique financi\u00e8re du casino. Si vous recherchez des nombres approximatifs, vous pouvez vous attendre \u00e0 ce qu&rsquo;une table de craps classique ait une limite de mise minimale de 5 dollars \u00e0 10 dollars et un maximum de 1 000 dollars ou plus.<\/p>\n<p>De plus, les fonctionnalit\u00e9s suppl\u00e9mentaires de chaque jeu d\u00e9pendront de l&rsquo;option sp\u00e9cifique. Si vous jouez aux d\u00e9s en direct, vous pouvez rencontrer des limites de temps d\u00e9finies pour que le jeu continue et reste int\u00e9ressant. Certaines variantes de d\u00e9s sont \u00e9galement livr\u00e9es avec des m\u00e9canismes de paris r\u00e9p\u00e9titifs et automatiques qui vous permettent de faire des paris rapides ou simplement de vous asseoir et de regarder le jeu se d\u00e9rouler.<\/p>\n<p>Le Craps est l&rsquo;un des jeux de casino les plus optimis\u00e9s et les plus faciles \u00e0 comprendre que vous puissiez trouver sur <a href=\"https:\/\/leovegas-au.org\/fr\/\">LeoVegas<\/a>. Vous pouvez le ma\u00eetriser tr\u00e8s rapidement. Voici un guide rapide pour jouer au craps, afin que vous puissiez commencer \u00e0 y jouer d\u00e8s que vous vous inscrivez au casino en ligne de votre choix:<\/p>\n<ul>\n<li>Rejoignez la table de d\u00e9s et attendez que le lancer tombe.<\/li>\n<li>Une fois que le tireur a effectu\u00e9 un jet de sortie, il ou elle met en place un point num\u00e9rot\u00e9.<\/li>\n<li>Le tireur continue \u00e0 lancer les d\u00e9s tant qu&rsquo;il atteint le point num\u00e9rot\u00e9 pendant que les autres joueurs placent leurs paris.<\/li>\n<li>Lorsque le tireur n&rsquo;atteint pas la cible, le r\u00f4le du tireur passe au joueur suivant et le processus recommence.<\/li>\n<\/ul>\n<h2>Conseils sur la fa\u00e7on de gagner au Craps en ligne<\/h2>\n<p>Vous devez savoir que le casino a toujours un petit avantage dans chaque jeu de casino. Il n&rsquo;y a aucun moyen de garantir de gagner tous les jeux de d\u00e9s, mais il y a quelques r\u00e8gles de craps LeoVegas qui peuvent encore aider \u00e0 augmenter vos chances de gagner. Voici une s\u00e9lection des trois meilleures strat\u00e9gies de craps LeoVegas que vous pouvez essayer lorsque vous jouez au craps en ligne:<\/p>\n<ul>\n<li>Parier Sauvage<\/li>\n<\/ul>\n<p>Si cela ne vous d\u00e9range pas de risquer votre argent sur quelques tours rapides, vous devriez essayer cette strat\u00e9gie. Avec les paris sauvages, l&rsquo;avantage du casino est l\u00e9g\u00e8rement plus \u00e9lev\u00e9, mais les gains potentiels peuvent \u00eatre ph\u00e9nom\u00e9naux.<\/p>\n<p>La fa\u00e7on d&rsquo;appliquer cette strat\u00e9gie est de faire des paris Yo, Hi-Low et 2 \u00e0 12. Les deux premiers ont un gain possible de 15: 1, tandis que les paris de 2 \u00e0 12 vous offrent un gain potentiel stup\u00e9fiant de 30: 1, le gain le plus \u00e9lev\u00e9 possible dans le jeu.<\/p>\n<ul>\n<li>Parier sur tous sauf sept<\/li>\n<\/ul>\n<p>Si vous aimez les longues sessions et les victoires fr\u00e9quentes, la strat\u00e9gie Anything But Seven est un excellent choix. Cette strat\u00e9gie a un pari de maison assez bas et est bas\u00e9e sur des paris sur des nombres de croix de fer, ce qui signifie que vous configurez vos paris pour parier sur n&rsquo;importe quel nombre sauf 7.<\/p>\n<ul>\n<li>Jouer par l&rsquo;avantage de la maison le plus bas.<\/li>\n<\/ul>\n<p>Cette strat\u00e9gie est \u00e9galement l&rsquo;une des plus faciles, car il n&rsquo;y a pas de paris compliqu\u00e9s. Vous devriez simplement jouer \u00e0 Don&rsquo;t Pass et sauvegarder vos paris lorsque vous sentez qu&rsquo;un point a \u00e9t\u00e9 atteint. Jouer avec l&rsquo;avantage de casino le plus bas est utile car il vous suffit de penser \u00e0 vos paris et de ne pas vous concentrer sur le jeu contre le tireur.<\/p>\n<ul>\n<li>Jouez aux d\u00e9s sur LeoVegas en ligne d\u00e8s maintenant!<\/li>\n<\/ul>\n<p>En lisant cette page, vous avez pu apprendre tout ce que vous devez savoir pour vivre une exp\u00e9rience de d\u00e9s. Dans le m\u00eame temps, LeoVegas dice casino vous offre un rapport qualit\u00e9-prix fantastique et garantit une exp\u00e9rience de jeu s\u00fbre.<\/p>\n<p>Jouer au Craps en ligne est facile. Vous allez l&rsquo;adorer car il est tr\u00e8s relaxant. Nous esp\u00e9rons \u00e9galement que cette page d\u00e9taill\u00e9e vous a aid\u00e9 \u00e0 r\u00e9ussir dans le jeu.<\/p>\n<p>Cela dit, maintenant vous savez ce que vous pouvez attendre du jeu de craps. Tout ce que vous avez \u00e0 faire maintenant est de commencer \u00e0 jouer au craps en ligne LeoVegas, un site de casino \u00e9prouv\u00e9 et fiable!<\/p>\n<div class=\"t-go\"><a href=\"\/go-casino\/?sub_id_1=Leovegas\">OBTENEZ UN BONUS<\/a><\/div>\n<h2>Le Craps, alias d\u00e9s, r\u00e9pond aux questions populaires<\/h2>\n<ul>\n<li>Qu&rsquo;est-ce que le Craps?<\/li>\n<\/ul>\n<p>L&rsquo;essence du jeu est de faire certains paris sur une table sp\u00e9ciale et de les calculer apr\u00e8s avoir lanc\u00e9 des d\u00e9s.<\/p>\n<ul>\n<li>Quel est le paiement maximum au Craps?<\/li>\n<\/ul>\n<p>Le paiement maximum dans un jeu de d\u00e9s classique est de 30 contre 1 pour les paris durs 2 (1+1) et 12 (6+6).<\/p>\n<ul>\n<li>Quel est le niveau de paiement du Craps dans un casino en ligne?<\/li>\n<\/ul>\n<p>Le taux de retour (RTP) au craps varie de 95% \u00e0 99,5%, selon les r\u00e8gles et la vari\u00e9t\u00e9 du jeu.<\/p>\n<ul>\n<li>Puis-je jouer au craps gratuitement?<\/li>\n<\/ul>\n<p>Oui, vous pouvez le faire directement sur le site Web d&rsquo;un casino. Il suffit de lancer le jeu en mode d\u00e9mo pour de l&rsquo;argent virtuel.<\/p>\n<ul>\n<li>Quelle est la mise maximale autoris\u00e9e au craps dans le casino?<\/li>\n<\/ul>\n<p>Cela d\u00e9pend du casino et des r\u00e8gles du jeu particulier. Habituellement, dans les casinos en ligne, la limite sup\u00e9rieure est fix\u00e9e \u00e0 500-1000 dollars. Les limites plus \u00e9lev\u00e9es sont dans les d\u00e9s VIP.<\/p>\n<ul>\n<li>Existe-t-il une strat\u00e9gie gagnant-gagnant pour les paris sur les d\u00e9s de casino en ligne?<\/li>\n<\/ul>\n<p>La meilleure strat\u00e9gie en d\u00e9s est de faire des paris math\u00e9matiquement rentables. Initialement, Ne passez pas la Ligne (avantage de la maison 1,36%), puis Passez les Cotes\/Ne Passez pas les Cotes, Venez les Cotes\/Ne venez pas les Cotes avec un avantage nul. Vous pouvez utiliser Martingale comme strat\u00e9gie financi\u00e8re.<\/p>\n","protected":false},"excerpt":{"rendered":"<p>Le Craps est un jeu de casino de niche auquel peu de joueurs savent jouer. Mais une fois que vous aurez appris ce jeu dynamique et amusant, vous verrez \u00e0 quel point il peut \u00eatre amusant. L&rsquo;avantage est que vous pouvez jouer au craps gratuitement ainsi que sur le craps en ligne LeoVegas en argent [&hellip;]<\/p>\n","protected":false},"author":1,"featured_media":0,"parent":0,"menu_order":0,"comment_status":"closed","ping_status":"closed","template":"","meta":{"footnotes":""},"class_list":["post-641","page","type-page","status-publish","hentry"],"acf":[],"yoast_head":"<!-- This site is optimized with the Yoast SEO plugin v17.9 - https:\/\/yoast.com\/wordpress\/plugins\/seo\/ -->\n<title>Revue de Craps pour de l&#039;Argent R\u00e9el ou Gratuit - LeoVegas<\/title>\n<meta name=\"description\" content=\"Jouez au Craps en ligne en 2023 - Casino en Ligne LeoVegas pour jouer au Craps en argent R\u00e9el. Profitez des meilleurs jeux sur ordinateur ou mobile. Plus des bonus exclusifs\" \/>\n<meta name=\"robots\" content=\"index, follow, max-snippet:-1, max-image-preview:large, max-video-preview:-1\" \/>\n<link rel=\"canonical\" href=\"https:\/\/leovegas-au.org\/fr\/craps\/\" \/>\n<meta property=\"og:type\" content=\"article\" \/>\n<meta property=\"og:title\" content=\"Revue de Craps pour de l&#039;Argent R\u00e9el ou Gratuit - LeoVegas\" \/>\n<meta property=\"og:description\" content=\"Jouez au Craps en ligne en 2023 - Casino en Ligne LeoVegas pour jouer au Craps en argent R\u00e9el. Profitez des meilleurs jeux sur ordinateur ou mobile. Plus des bonus exclusifs\" \/>\n<meta property=\"og:url\" content=\"https:\/\/leovegas-au.org\/fr\/craps\/\" \/>\n<meta property=\"og:site_name\" content=\"leovegas casino\" \/>\n<meta property=\"article:modified_time\" content=\"2022-08-09T10:30:16+00:00\" \/>\n<meta property=\"og:image\" content=\"https:\/\/leovegas-au.org\/wp-content\/uploads\/2022\/08\/craps-table-leovegas.png\" \/>\n<meta name=\"twitter:card\" content=\"summary_large_image\" \/>\n<meta name=\"twitter:label1\" content=\"Dur\u00e9e de lecture estim\u00e9e\" \/>\n\t<meta name=\"twitter:data1\" content=\"6 minutes\" \/>\n<script type=\"application\/ld+json\" class=\"yoast-schema-graph\">{\"@context\":\"https:\/\/schema.org\",\"@graph\":[{\"@type\":\"WebSite\",\"@id\":\"https:\/\/leovegas-au.org\/#website\",\"url\":\"https:\/\/leovegas-au.org\/\",\"name\":\"leovegas casino\",\"description\":\"\",\"potentialAction\":[{\"@type\":\"SearchAction\",\"target\":{\"@type\":\"EntryPoint\",\"urlTemplate\":\"https:\/\/leovegas-au.org\/?s={search_term_string}\"},\"query-input\":\"required name=search_term_string\"}],\"inLanguage\":\"fr-FR\"},{\"@type\":\"ImageObject\",\"@id\":\"https:\/\/leovegas-au.org\/fr\/craps\/#primaryimage\",\"inLanguage\":\"fr-FR\",\"url\":\"https:\/\/leovegas-au.org\/wp-content\/uploads\/2022\/08\/craps-table-leovegas.png\",\"contentUrl\":\"https:\/\/leovegas-au.org\/wp-content\/uploads\/2022\/08\/craps-table-leovegas.png\",\"width\":721,\"height\":350,\"caption\":\"craps table leovegas\"},{\"@type\":\"WebPage\",\"@id\":\"https:\/\/leovegas-au.org\/fr\/craps\/#webpage\",\"url\":\"https:\/\/leovegas-au.org\/fr\/craps\/\",\"name\":\"Revue de Craps pour de l'Argent R\\u00e9el ou Gratuit - LeoVegas\",\"isPartOf\":{\"@id\":\"https:\/\/leovegas-au.org\/#website\"},\"primaryImageOfPage\":{\"@id\":\"https:\/\/leovegas-au.org\/fr\/craps\/#primaryimage\"},\"datePublished\":\"2022-08-03T11:24:32+00:00\",\"dateModified\":\"2022-08-09T10:30:16+00:00\",\"description\":\"Jouez au Craps en ligne en 2023 - Casino en Ligne LeoVegas pour jouer au Craps en argent R\\u00e9el. Profitez des meilleurs jeux sur ordinateur ou mobile. Plus des bonus exclusifs\",\"breadcrumb\":{\"@id\":\"https:\/\/leovegas-au.org\/fr\/craps\/#breadcrumb\"},\"inLanguage\":\"fr-FR\",\"potentialAction\":[{\"@type\":\"ReadAction\",\"target\":[\"https:\/\/leovegas-au.org\/fr\/craps\/\"]}]},{\"@type\":\"BreadcrumbList\",\"@id\":\"https:\/\/leovegas-au.org\/fr\/craps\/#breadcrumb\",\"itemListElement\":[{\"@type\":\"ListItem\",\"position\":1,\"name\":\"Home\",\"item\":\"https:\/\/leovegas-au.org\/fr\/\"},{\"@type\":\"ListItem\",\"position\":2,\"name\":\"Comment jouer au Craps en ligne?\"}]}]}<\/script>\n<!-- \/ Yoast SEO plugin. -->","yoast_head_json":{"title":"Revue de Craps pour de l'Argent R\u00e9el ou Gratuit - LeoVegas","description":"Jouez au Craps en ligne en 2023 - Casino en Ligne LeoVegas pour jouer au Craps en argent R\u00e9el. Profitez des meilleurs jeux sur ordinateur ou mobile. Plus des bonus exclusifs","robots":{"index":"index","follow":"follow","max-snippet":"max-snippet:-1","max-image-preview":"max-image-preview:large","max-video-preview":"max-video-preview:-1"},"canonical":"https:\/\/leovegas-au.org\/fr\/craps\/","og_type":"article","og_title":"Revue de Craps pour de l'Argent R\u00e9el ou Gratuit - LeoVegas","og_description":"Jouez au Craps en ligne en 2023 - Casino en Ligne LeoVegas pour jouer au Craps en argent R\u00e9el. Profitez des meilleurs jeux sur ordinateur ou mobile. Plus des bonus exclusifs","og_url":"https:\/\/leovegas-au.org\/fr\/craps\/","og_site_name":"leovegas casino","article_modified_time":"2022-08-09T10:30:16+00:00","og_image":[{"url":"https:\/\/leovegas-au.org\/wp-content\/uploads\/2022\/08\/craps-table-leovegas.png"}],"twitter_card":"summary_large_image","twitter_misc":{"Dur\u00e9e de lecture estim\u00e9e":"6 minutes"},"schema":{"@context":"https:\/\/schema.org","@graph":[{"@type":"WebSite","@id":"https:\/\/leovegas-au.org\/#website","url":"https:\/\/leovegas-au.org\/","name":"leovegas casino","description":"","potentialAction":[{"@type":"SearchAction","target":{"@type":"EntryPoint","urlTemplate":"https:\/\/leovegas-au.org\/?s={search_term_string}"},"query-input":"required name=search_term_string"}],"inLanguage":"fr-FR"},{"@type":"ImageObject","@id":"https:\/\/leovegas-au.org\/fr\/craps\/#primaryimage","inLanguage":"fr-FR","url":"https:\/\/leovegas-au.org\/wp-content\/uploads\/2022\/08\/craps-table-leovegas.png","contentUrl":"https:\/\/leovegas-au.org\/wp-content\/uploads\/2022\/08\/craps-table-leovegas.png","width":721,"height":350,"caption":"craps table leovegas"},{"@type":"WebPage","@id":"https:\/\/leovegas-au.org\/fr\/craps\/#webpage","url":"https:\/\/leovegas-au.org\/fr\/craps\/","name":"Revue de Craps pour de l'Argent R\u00e9el ou Gratuit - LeoVegas","isPartOf":{"@id":"https:\/\/leovegas-au.org\/#website"},"primaryImageOfPage":{"@id":"https:\/\/leovegas-au.org\/fr\/craps\/#primaryimage"},"datePublished":"2022-08-03T11:24:32+00:00","dateModified":"2022-08-09T10:30:16+00:00","description":"Jouez au Craps en ligne en 2023 - Casino en Ligne LeoVegas pour jouer au Craps en argent R\u00e9el. Profitez des meilleurs jeux sur ordinateur ou mobile. Plus des bonus exclusifs","breadcrumb":{"@id":"https:\/\/leovegas-au.org\/fr\/craps\/#breadcrumb"},"inLanguage":"fr-FR","potentialAction":[{"@type":"ReadAction","target":["https:\/\/leovegas-au.org\/fr\/craps\/"]}]},{"@type":"BreadcrumbList","@id":"https:\/\/leovegas-au.org\/fr\/craps\/#breadcrumb","itemListElement":[{"@type":"ListItem","position":1,"name":"Home","item":"https:\/\/leovegas-au.org\/fr\/"},{"@type":"ListItem","position":2,"name":"Comment jouer au Craps en ligne?"}]}]}},"_links":{"self":[{"href":"https:\/\/leovegas-au.org\/fr\/wp-json\/wp\/v2\/pages\/641","targetHints":{"allow":["GET"]}}],"collection":[{"href":"https:\/\/leovegas-au.org\/fr\/wp-json\/wp\/v2\/pages"}],"about":[{"href":"https:\/\/leovegas-au.org\/fr\/wp-json\/wp\/v2\/types\/page"}],"author":[{"embeddable":true,"href":"https:\/\/leovegas-au.org\/fr\/wp-json\/wp\/v2\/users\/1"}],"replies":[{"embeddable":true,"href":"https:\/\/leovegas-au.org\/fr\/wp-json\/wp\/v2\/comments?post=641"}],"version-history":[{"count":4,"href":"https:\/\/leovegas-au.org\/fr\/wp-json\/wp\/v2\/pages\/641\/revisions"}],"predecessor-version":[{"id":859,"href":"https:\/\/leovegas-au.org\/fr\/wp-json\/wp\/v2\/pages\/641\/revisions\/859"}],"wp:attachment":[{"href":"https:\/\/leovegas-au.org\/fr\/wp-json\/wp\/v2\/media?parent=641"}],"curies":[{"name":"wp","href":"https:\/\/api.w.org\/{rel}","templated":true}]}}