{"id":635,"date":"2022-08-03T11:10:21","date_gmt":"2022-08-03T11:10:21","guid":{"rendered":"https:\/\/leovegas-au.org\/?page_id=635"},"modified":"2022-08-09T10:31:33","modified_gmt":"2022-08-09T10:31:33","slug":"keno","status":"publish","type":"page","link":"https:\/\/leovegas-au.org\/fr\/keno\/","title":{"rendered":"Jouez au Keno en ligne"},"content":{"rendered":"<p><img loading=\"lazy\" decoding=\"async\" class=\"size-medium wp-image-631 alignright\" src=\"https:\/\/leovegas-au.org\/wp-content\/uploads\/2022\/08\/keno-leovegas-300x212.jpeg\" alt=\"keno leovegas\" width=\"300\" height=\"212\" srcset=\"https:\/\/leovegas-au.org\/wp-content\/uploads\/2022\/08\/keno-leovegas-300x212.jpeg 300w, https:\/\/leovegas-au.org\/wp-content\/uploads\/2022\/08\/keno-leovegas.jpeg 400w\" sizes=\"auto, (max-width: 300px) 100vw, 300px\" \/>\u00ab\u00a0Leo Vegas\u00a0\u00bb appartient \u00e0 la soci\u00e9t\u00e9 maltaise LeoVegas International, op\u00e9rant sous licence de l&rsquo;Autorit\u00e9 locale des Loteries et des jeux. Le num\u00e9ro de licence, ainsi que plus de d\u00e9tails sur l&rsquo;entreprise, peuvent \u00eatre trouv\u00e9s sur la page principale du site officiel de LeoVegas et dans le contrat d&rsquo;utilisation.<\/p>\n<p>En outre, l&rsquo;institution dispose d&rsquo;une licence de la UK Gambling Commission. Pour vous inscrire au <a href=\"https:\/\/leovegas-au.org\/fr\/\">casino LeoVegas<\/a>, vous devez remplir un petit questionnaire. L&rsquo;interface de LeoVegas est disponible en plusieurs langues, dont l&rsquo;Anglais, le Su\u00e9dois, le Norv\u00e9gien, l&rsquo;Allemand et le Finnois. Certains types de jeux de hasard sont invariablement populaires aupr\u00e8s de nombreux joueurs. Jetons un coup d&rsquo;\u0153il au meilleur jeu de keno LeoVegas.<\/p>\n<h2>Qu&rsquo;est-ce que le Keno?<\/h2>\n<p>Keno en ligne Australie LeoVegas est un jeu avec des \u00e9l\u00e9ments de loterie, qui se joue dans les casinos modernes. Il est \u00e9galement utilis\u00e9 dans les tirages de loterie. Les r\u00e8gles du jeu sont tr\u00e8s simples.<\/p>\n<p>Les joueurs placent des paris en choisissant des num\u00e9ros de 1 \u00e0 80. Apr\u00e8s cela, 20 num\u00e9ros sont s\u00e9lectionn\u00e9s au hasard (cependant, dans certaines variantes du jeu, le nombre peut \u00eatre inf\u00e9rieur). Cela se fait \u00e0 l&rsquo;aide d&rsquo;une machine \u00e0 partir de laquelle tombent des balles \u2013 des boules similaires sont utilis\u00e9es au bingo. Les versions en ligne de Keno utilisent un g\u00e9n\u00e9rateur de nombres al\u00e9atoires pour ce faire.<\/p>\n<p>Chaque casino utilise un ensemble unique de tables de paiement (paiements), car le joueur paie en fonction du nombre de num\u00e9ros qu&rsquo;il choisit, du nombre de correspondances parmi ces num\u00e9ros qu&rsquo;il choisit et de la mise.<\/p>\n<p>Le contenu de la table de paiement pour le Keno d\u00e9pendra du casino, car les revenus de l&rsquo;organisateur du jeu ici peuvent \u00eatre plus \u00e9lev\u00e9s que ceux des autres jeux de casino. Les gains au casino varient g\u00e9n\u00e9ralement de moins de 4% \u00e0 plus de 35%. Si vous le comparez avec d&rsquo;autres jeux de casino, le revenu de l&rsquo;organisateur est inf\u00e9rieur \u00e0 5%.<\/p>\n<div class=\"t-go\"><a href=\"\/go-casino\/?sub_id_1=Leovegas\">OBTENEZ UN BONUS<\/a><\/div>\n<h2>Diff\u00e9rentes variantes de Keno<\/h2>\n<ul>\n<li>Jackpots progressifs.<\/li>\n<\/ul>\n<p>Lorsque vous jouez au Keno sur LeoVegas, vous trouverez des vari\u00e9t\u00e9s de ce jeu qui utilisent des jackpots progressifs. Bien que le jackpot ne soit pas gagn\u00e9, le jackpot continuera de cro\u00eetre \u00e0 mesure que de plus en plus de joueurs parieront sur le jeu.<\/p>\n<p>Puisque ces jeux sont tous une question de hasard, vous ne saurez jamais quand le jackpot sera touch\u00e9. Mais vous appr\u00e9cierez l&rsquo;exp\u00e9rience du jeu car vous esp\u00e9rerez toujours \u00eatre le prochain heureux gagnant du jackpot.<\/p>\n<ul>\n<li>Keno par lots<\/li>\n<\/ul>\n<p>Ceci est une autre version qui est similaire \u00e0 faire un achat en gros. Dans cette version, plus vous participez \u00e0 des tirages, moins cela vous co\u00fbte cher.<\/p>\n<p>Dans certains casinos, vous pouvez acheter des billets de Keno \u00e0 des prix consid\u00e9rablement r\u00e9duits. Par exemple, si vous achetez 50 billets, vous paierez environ un quart du prix de chaque billet. Vous pouvez utiliser ces billets quand vous le souhaitez. Vous n&rsquo;\u00eates pas oblig\u00e9 de les jouer tous \u00e0 la fois.<\/p>\n<ul>\n<li>Keno \u00e0 Billet unique<\/li>\n<\/ul>\n<p>C&rsquo;est le type de Keno le plus ancien et le plus simple qui existe. Tout ce que vous avez \u00e0 faire est de prendre un billet et de s\u00e9lectionner les num\u00e9ros dessus dans l&rsquo;espoir qu&rsquo;ils gagneront. Plus vous devinez de chiffres, plus vous gagnez.<\/p>\n<ul>\n<li>Keno \u00e0 Billets Multiples<\/li>\n<\/ul>\n<p>Cette variante du Keno est tr\u00e8s similaire au jeu \u00e0 ticket unique. Cependant, certains casinos vous permettent d&rsquo;utiliser jusqu&rsquo;\u00e0 20 tickets par tirage. Plus vous avez de billets, plus il y a d&rsquo;excitation et meilleures sont vos chances.<\/p>\n<ul>\n<li>Puissance Keno<\/li>\n<\/ul>\n<p>Cette variante est similaire au Keno avec un ticket, mais a le <a href=\"https:\/\/leovegas-au.org\/fr\/bonus\/\">bonus<\/a> suppl\u00e9mentaire que si un joueur devine le num\u00e9ro 20, ses gains sont quadrupl\u00e9s.<\/p>\n<ul>\n<li>Machines \u00e0 sous Keno<\/li>\n<\/ul>\n<p>Il s&rsquo;agit d&rsquo;un jeu de Keno avec une interface qui rappelle les machines \u00e0 sous. Ici, les joueurs sont autoris\u00e9s \u00e0 choisir plus de num\u00e9ros que dans un jeu de Keno ordinaire. Les tirages sont plus rapides par rapport \u00e0 un jeu standard de Keno, de sorte que le joueur peut jouer le jeu plus de fois et dans les plus brefs d\u00e9lais. Cette version du jeu vous permet de gagner des jackpots qui peuvent changer votre vie.<\/p>\n<ul>\n<li>La version mobile du Keno<\/li>\n<\/ul>\n<p>Keno en ligne LeoVegas est la derni\u00e8re version de Keno, o\u00f9 vous jouez \u00e0 partir de votre appareil mobile. Dans ce cas, vous pouvez profiter du jeu avec un maximum de confort tant que vous \u00eates connect\u00e9 \u00e0 Internet. Il vous suffit de t\u00e9l\u00e9charger l&rsquo;application keno LeoVegas.<\/p>\n<p><img loading=\"lazy\" decoding=\"async\" class=\"aligncenter wp-image-633 size-full\" src=\"https:\/\/leovegas-au.org\/wp-content\/uploads\/2022\/08\/keno-online-leovegas.jpeg\" alt=\"keno online leovegas\" width=\"510\" height=\"340\" srcset=\"https:\/\/leovegas-au.org\/wp-content\/uploads\/2022\/08\/keno-online-leovegas.jpeg 510w, https:\/\/leovegas-au.org\/wp-content\/uploads\/2022\/08\/keno-online-leovegas-300x200.jpeg 300w\" sizes=\"auto, (max-width: 510px) 100vw, 510px\" \/><\/p>\n<h2>Comment puis-je gagner \u00e0 LeoVegas?<\/h2>\n<p>Afin d&rsquo;\u00eatre s\u00fbr que vous savez comment gagner au Keno, vous devez d&rsquo;abord apprendre les r\u00e8gles du jeu. Ayez les r\u00e8gles \u00e0 port\u00e9e de main avant de commencer \u00e0 jouer. Comme pour les autres jeux de casino, il est important de les conna\u00eetre \u00e0 fond. Lisez attentivement toutes les r\u00e8gles et familiarisez-vous avec les diff\u00e9rentes options. Vous pouvez commencer avec le keno gratuit LeoVegas avant de commencer \u00e0 jouer pour de l&rsquo;argent r\u00e9el.<\/p>\n<p>Vous devez savoir exactement comment-en fonction du montant de la mise et du nombre de num\u00e9ros qui co\u00efncident avec les num\u00e9ros gagnants \u2013 le montant de vos gains au Keno est form\u00e9.<\/p>\n<p>Avant de commencer \u00e0 jouer au Keno en ligne LeoVegas, vous devez obtenir autant d&rsquo;informations que possible \u00e0 ce sujet. Il existe diff\u00e9rentes versions de Keno, et il est important que vous vous familiarisiez avec chacune d&rsquo;elles avant de commencer \u00e0 jouer.<\/p>\n<p>Jouer au Keno est d&rsquo;abord et avant tout un sentiment excitant d&rsquo;excitation, eh bien, bien s\u00fbr, obtenir les gains si vous \u00eates chanceux. C&rsquo;est pourquoi il est important de trouver un casino qui offre de bons gains dans ce jeu.<\/p>\n<p>Vous devez planifier vos actions de jeu. Et aussi avoir une strat\u00e9gie de keno LeoVegas. Vous devez jouer prudemment, puis \u2013 \u00e0 long terme \u2013 vous appr\u00e9cierez le jeu et gagnerez. Au d\u00e9but, vous devriez faire de petits paris, et plus tard, vous devriez avoir un budget qui vous disciplinera: c&rsquo;est-\u00e0-dire avec lequel vous pouvez suivre exactement comment vous d\u00e9pensez votre argent lorsque vous jouez au Keno.<\/p>\n","protected":false},"excerpt":{"rendered":"<p>\u00ab\u00a0Leo Vegas\u00a0\u00bb appartient \u00e0 la soci\u00e9t\u00e9 maltaise LeoVegas International, op\u00e9rant sous licence de l&rsquo;Autorit\u00e9 locale des Loteries et des jeux. Le num\u00e9ro de licence, ainsi que plus de d\u00e9tails sur l&rsquo;entreprise, peuvent \u00eatre trouv\u00e9s sur la page principale du site officiel de LeoVegas et dans le contrat d&rsquo;utilisation. En outre, l&rsquo;institution dispose d&rsquo;une licence de [&hellip;]<\/p>\n","protected":false},"author":1,"featured_media":0,"parent":0,"menu_order":0,"comment_status":"closed","ping_status":"closed","template":"","meta":{"footnotes":""},"class_list":["post-635","page","type-page","status-publish","hentry"],"acf":[],"yoast_head":"<!-- This site is optimized with the Yoast SEO plugin v17.9 - https:\/\/yoast.com\/wordpress\/plugins\/seo\/ -->\n<title>Revue du Keno en ligne | Casino LeoVegas<\/title>\n<meta name=\"description\" content=\"Vous cherchez un jeu passionnant et int\u00e9ressant \u00e0 jouer en ligne? Arr\u00eatez votre recherche car nous avons une solution ici! Apprenez tout sur le Keno en ligne et commencez \u00e0 y jouer d\u00e8s maintenant\" \/>\n<meta name=\"robots\" content=\"index, follow, max-snippet:-1, max-image-preview:large, max-video-preview:-1\" \/>\n<link rel=\"canonical\" href=\"https:\/\/leovegas-au.org\/fr\/keno\/\" \/>\n<meta property=\"og:type\" content=\"article\" \/>\n<meta property=\"og:title\" content=\"Revue du Keno en ligne | Casino LeoVegas\" \/>\n<meta property=\"og:description\" content=\"Vous cherchez un jeu passionnant et int\u00e9ressant \u00e0 jouer en ligne? Arr\u00eatez votre recherche car nous avons une solution ici! Apprenez tout sur le Keno en ligne et commencez \u00e0 y jouer d\u00e8s maintenant\" \/>\n<meta property=\"og:url\" content=\"https:\/\/leovegas-au.org\/fr\/keno\/\" \/>\n<meta property=\"og:site_name\" content=\"leovegas casino\" \/>\n<meta property=\"article:modified_time\" content=\"2022-08-09T10:31:33+00:00\" \/>\n<meta property=\"og:image\" content=\"https:\/\/leovegas-au.org\/wp-content\/uploads\/2022\/08\/keno-leovegas-300x212.jpeg\" \/>\n<meta name=\"twitter:card\" content=\"summary_large_image\" \/>\n<meta name=\"twitter:label1\" content=\"Dur\u00e9e de lecture estim\u00e9e\" \/>\n\t<meta name=\"twitter:data1\" content=\"5 minutes\" \/>\n<script type=\"application\/ld+json\" class=\"yoast-schema-graph\">{\"@context\":\"https:\/\/schema.org\",\"@graph\":[{\"@type\":\"WebSite\",\"@id\":\"https:\/\/leovegas-au.org\/#website\",\"url\":\"https:\/\/leovegas-au.org\/\",\"name\":\"leovegas casino\",\"description\":\"\",\"potentialAction\":[{\"@type\":\"SearchAction\",\"target\":{\"@type\":\"EntryPoint\",\"urlTemplate\":\"https:\/\/leovegas-au.org\/?s={search_term_string}\"},\"query-input\":\"required name=search_term_string\"}],\"inLanguage\":\"fr-FR\"},{\"@type\":\"ImageObject\",\"@id\":\"https:\/\/leovegas-au.org\/fr\/keno\/#primaryimage\",\"inLanguage\":\"fr-FR\",\"url\":\"https:\/\/leovegas-au.org\/wp-content\/uploads\/2022\/08\/keno-leovegas.jpeg\",\"contentUrl\":\"https:\/\/leovegas-au.org\/wp-content\/uploads\/2022\/08\/keno-leovegas.jpeg\",\"width\":400,\"height\":282,\"caption\":\"keno leovegas\"},{\"@type\":\"WebPage\",\"@id\":\"https:\/\/leovegas-au.org\/fr\/keno\/#webpage\",\"url\":\"https:\/\/leovegas-au.org\/fr\/keno\/\",\"name\":\"Revue du Keno en ligne | Casino LeoVegas\",\"isPartOf\":{\"@id\":\"https:\/\/leovegas-au.org\/#website\"},\"primaryImageOfPage\":{\"@id\":\"https:\/\/leovegas-au.org\/fr\/keno\/#primaryimage\"},\"datePublished\":\"2022-08-03T11:10:21+00:00\",\"dateModified\":\"2022-08-09T10:31:33+00:00\",\"description\":\"Vous cherchez un jeu passionnant et int\\u00e9ressant \\u00e0 jouer en ligne? Arr\\u00eatez votre recherche car nous avons une solution ici! Apprenez tout sur le Keno en ligne et commencez \\u00e0 y jouer d\\u00e8s maintenant\",\"breadcrumb\":{\"@id\":\"https:\/\/leovegas-au.org\/fr\/keno\/#breadcrumb\"},\"inLanguage\":\"fr-FR\",\"potentialAction\":[{\"@type\":\"ReadAction\",\"target\":[\"https:\/\/leovegas-au.org\/fr\/keno\/\"]}]},{\"@type\":\"BreadcrumbList\",\"@id\":\"https:\/\/leovegas-au.org\/fr\/keno\/#breadcrumb\",\"itemListElement\":[{\"@type\":\"ListItem\",\"position\":1,\"name\":\"Home\",\"item\":\"https:\/\/leovegas-au.org\/fr\/\"},{\"@type\":\"ListItem\",\"position\":2,\"name\":\"Jouez au Keno en ligne\"}]}]}<\/script>\n<!-- \/ Yoast SEO plugin. -->","yoast_head_json":{"title":"Revue du Keno en ligne | Casino LeoVegas","description":"Vous cherchez un jeu passionnant et int\u00e9ressant \u00e0 jouer en ligne? Arr\u00eatez votre recherche car nous avons une solution ici! Apprenez tout sur le Keno en ligne et commencez \u00e0 y jouer d\u00e8s maintenant","robots":{"index":"index","follow":"follow","max-snippet":"max-snippet:-1","max-image-preview":"max-image-preview:large","max-video-preview":"max-video-preview:-1"},"canonical":"https:\/\/leovegas-au.org\/fr\/keno\/","og_type":"article","og_title":"Revue du Keno en ligne | Casino LeoVegas","og_description":"Vous cherchez un jeu passionnant et int\u00e9ressant \u00e0 jouer en ligne? Arr\u00eatez votre recherche car nous avons une solution ici! Apprenez tout sur le Keno en ligne et commencez \u00e0 y jouer d\u00e8s maintenant","og_url":"https:\/\/leovegas-au.org\/fr\/keno\/","og_site_name":"leovegas casino","article_modified_time":"2022-08-09T10:31:33+00:00","og_image":[{"url":"https:\/\/leovegas-au.org\/wp-content\/uploads\/2022\/08\/keno-leovegas-300x212.jpeg"}],"twitter_card":"summary_large_image","twitter_misc":{"Dur\u00e9e de lecture estim\u00e9e":"5 minutes"},"schema":{"@context":"https:\/\/schema.org","@graph":[{"@type":"WebSite","@id":"https:\/\/leovegas-au.org\/#website","url":"https:\/\/leovegas-au.org\/","name":"leovegas casino","description":"","potentialAction":[{"@type":"SearchAction","target":{"@type":"EntryPoint","urlTemplate":"https:\/\/leovegas-au.org\/?s={search_term_string}"},"query-input":"required name=search_term_string"}],"inLanguage":"fr-FR"},{"@type":"ImageObject","@id":"https:\/\/leovegas-au.org\/fr\/keno\/#primaryimage","inLanguage":"fr-FR","url":"https:\/\/leovegas-au.org\/wp-content\/uploads\/2022\/08\/keno-leovegas.jpeg","contentUrl":"https:\/\/leovegas-au.org\/wp-content\/uploads\/2022\/08\/keno-leovegas.jpeg","width":400,"height":282,"caption":"keno leovegas"},{"@type":"WebPage","@id":"https:\/\/leovegas-au.org\/fr\/keno\/#webpage","url":"https:\/\/leovegas-au.org\/fr\/keno\/","name":"Revue du Keno en ligne | Casino LeoVegas","isPartOf":{"@id":"https:\/\/leovegas-au.org\/#website"},"primaryImageOfPage":{"@id":"https:\/\/leovegas-au.org\/fr\/keno\/#primaryimage"},"datePublished":"2022-08-03T11:10:21+00:00","dateModified":"2022-08-09T10:31:33+00:00","description":"Vous cherchez un jeu passionnant et int\u00e9ressant \u00e0 jouer en ligne? Arr\u00eatez votre recherche car nous avons une solution ici! Apprenez tout sur le Keno en ligne et commencez \u00e0 y jouer d\u00e8s maintenant","breadcrumb":{"@id":"https:\/\/leovegas-au.org\/fr\/keno\/#breadcrumb"},"inLanguage":"fr-FR","potentialAction":[{"@type":"ReadAction","target":["https:\/\/leovegas-au.org\/fr\/keno\/"]}]},{"@type":"BreadcrumbList","@id":"https:\/\/leovegas-au.org\/fr\/keno\/#breadcrumb","itemListElement":[{"@type":"ListItem","position":1,"name":"Home","item":"https:\/\/leovegas-au.org\/fr\/"},{"@type":"ListItem","position":2,"name":"Jouez au Keno en ligne"}]}]}},"_links":{"self":[{"href":"https:\/\/leovegas-au.org\/fr\/wp-json\/wp\/v2\/pages\/635","targetHints":{"allow":["GET"]}}],"collection":[{"href":"https:\/\/leovegas-au.org\/fr\/wp-json\/wp\/v2\/pages"}],"about":[{"href":"https:\/\/leovegas-au.org\/fr\/wp-json\/wp\/v2\/types\/page"}],"author":[{"embeddable":true,"href":"https:\/\/leovegas-au.org\/fr\/wp-json\/wp\/v2\/users\/1"}],"replies":[{"embeddable":true,"href":"https:\/\/leovegas-au.org\/fr\/wp-json\/wp\/v2\/comments?post=635"}],"version-history":[{"count":5,"href":"https:\/\/leovegas-au.org\/fr\/wp-json\/wp\/v2\/pages\/635\/revisions"}],"predecessor-version":[{"id":861,"href":"https:\/\/leovegas-au.org\/fr\/wp-json\/wp\/v2\/pages\/635\/revisions\/861"}],"wp:attachment":[{"href":"https:\/\/leovegas-au.org\/fr\/wp-json\/wp\/v2\/media?parent=635"}],"curies":[{"name":"wp","href":"https:\/\/api.w.org\/{rel}","templated":true}]}}