{"id":627,"date":"2022-08-03T10:54:45","date_gmt":"2022-08-03T10:54:45","guid":{"rendered":"https:\/\/leovegas-au.org\/?page_id=627"},"modified":"2022-08-09T10:39:35","modified_gmt":"2022-08-09T10:39:35","slug":"poker","status":"publish","type":"page","link":"https:\/\/leovegas-au.org\/fr\/poker\/","title":{"rendered":"Revue de Poker En Ligne"},"content":{"rendered":"<p>Le <a href=\"https:\/\/leovegas-au.org\/fr\/\">casino en ligne LeoVegas<\/a> appartient \u00e0 LeoVegas International ltd, une soci\u00e9t\u00e9 enregistr\u00e9e \u00e0 Malte. La licence pour exercer des activit\u00e9s de jeu en ligne a \u00e9t\u00e9 obtenue aupr\u00e8s du gouvernement de Cura\u00e7ao (Antilles n\u00e9erlandaises). Dans son travail, l&rsquo;institution utilise les logiciels de plusieurs soci\u00e9t\u00e9s: Net Ent, Microgaming, NYX Interactive, Viaden Gaming, Nextgen, Sheriff Gaming, Cryptologic, Betsoft Gaming et Play&rsquo;n&rsquo;Go. La s\u00e9curit\u00e9 des informations confidentielles des utilisateurs est assur\u00e9e par un cryptage des donn\u00e9es SSL 2048 bits.<\/p>\n<p>Le casino en ligne LeoVegas est traduit en plusieurs langues. Cependant, si ce n&rsquo;est pas votre premier jeu de poker LeoVegas sur Internet, ou si vous avez au moins une connaissance minimale de l&rsquo;anglais, cela ne devrait pas \u00eatre un gros probl\u00e8me pour vous.<\/p>\n<p>Pour commencer \u00e0 jouer au Casino LeoVegas, vous n&rsquo;avez pas besoin de t\u00e9l\u00e9charger et d&rsquo;installer de logiciel suppl\u00e9mentaire. Il suffit de passer par une petite proc\u00e9dure d&rsquo;enregistrement. Apr\u00e8s cela, le casino sera disponible pour jouer dans n&rsquo;importe quel navigateur. De plus, LeoVegas propose un mode d\u00e9monstration, pour lequel un compte n&rsquo;est pas requis. Vous pouvez \u00e9galement jouer au poker LeoVegas gratuitement.<\/p>\n<p>Le casino en ligne LeoVegas est principalement int\u00e9ress\u00e9 par son excellent choix de jeux de diverses soci\u00e9t\u00e9s. Comme mentionn\u00e9 ci-dessus, le casino en ligne LeoVegas utilise des logiciels de diverses soci\u00e9t\u00e9s de logiciels. Cela donne aux invit\u00e9s de l&rsquo;institution la possibilit\u00e9 de profiter des jeux les plus diff\u00e9rents et de haute qualit\u00e9. La plupart des d\u00e9veloppeurs pr\u00e9sent\u00e9s dans le casino sont connus pour leurs superbes machines \u00e0 sous vid\u00e9o 3D. En plus des jeux traditionnels, LeoVegas propose \u00e9galement des jeux avec de vrais croupiers.<\/p>\n<div class=\"t-go\"><a href=\"\/go-casino\/?sub_id_1=Leovegas\">OBTENEZ UN BONUS<\/a><\/div>\n<h2>Poker \u00e0 LeoVegas<\/h2>\n<p>Le poker en ligne LeoVegas est un jeu de hasard tr\u00e8s populaire dans diff\u00e9rents pays. Le poker appartient \u00e0 la cat\u00e9gorie des jeux avec des informations incompl\u00e8tes. Contrairement, par exemple, aux \u00e9checs ou au backgammon, o\u00f9 toutes les pi\u00e8ces sont dans la paume de votre main, dans un tournoi de poker, les joueurs ne connaissent pas toutes les cartes que l&rsquo;adversaire a en main jusqu&rsquo;\u00e0 la derni\u00e8re.<\/p>\n<p>L&rsquo;objectif principal du poker \u00e0 LeoVegas est de collecter une combinaison \u00e9lev\u00e9e de cartes, ce qui d\u00e9termine la position gagnante du participant. Il est \u00e9galement possible de devenir un gagnant en utilisant une vari\u00e9t\u00e9 de trucs, for\u00e7ant les autres adversaires \u00e0 quitter le jeu. Vous voulez apprendre \u00e0 jouer au poker \u00e0 partir de z\u00e9ro par vous-m\u00eame? Les r\u00e8gles sont d\u00e9routantes et des rebondissements inattendus peuvent survenir au cours du jeu.<\/p>\n<p><img loading=\"lazy\" decoding=\"async\" class=\"aligncenter wp-image-625 size-full\" src=\"https:\/\/leovegas-au.org\/wp-content\/uploads\/2022\/08\/poker-leovegas.png\" alt=\"poker leovegas\" width=\"593\" height=\"293\" srcset=\"https:\/\/leovegas-au.org\/wp-content\/uploads\/2022\/08\/poker-leovegas.png 593w, https:\/\/leovegas-au.org\/wp-content\/uploads\/2022\/08\/poker-leovegas-300x148.png 300w\" sizes=\"auto, (max-width: 593px) 100vw, 593px\" \/><\/p>\n<h2>Comment jouer au poker sur LeoVegas<\/h2>\n<p>Bien s\u00fbr, avant de commencer le poker en argent r\u00e9el, LeoVegas, vous devez d&rsquo;abord apprendre \u00e0 jouer au poker dans un casino en ligne. Comme tous les autres jeux de table, le poker de casino n\u00e9cessite une certaine habilet\u00e9 et pr\u00e9voyance. Devenir aveugle n&rsquo;est jamais une bonne id\u00e9e, nous sommes donc pr\u00eats \u00e0 vous donner quelques conseils et astuces g\u00e9n\u00e9raux.<\/p>\n<p>Si vous voulez r\u00e9ussir \u00e0 jouer \u00e0 ce jeu, vous devez avoir des connaissances plus approfondies. Dans la plupart des cas, la principale diff\u00e9rence entre gagner et perdre au poker de casino est votre premi\u00e8re main. Id\u00e9alement, vous voulez avoir une meilleure main avant de miser de l&rsquo;argent suppl\u00e9mentaire. Apr\u00e8s tout, l&rsquo;argent ne pousse pas sur les arbres. Ce qui compte comme une bonne main d\u00e9pend des diff\u00e9rents sous-genres de poker de casino.<\/p>\n<h2>Apprenez \u00e0 jouer au poker LeoVegas<\/h2>\n<p>Dans une pile des Cara\u00efbes, il est toujours conseill\u00e9 de prendre un pari d&rsquo;appel avec une paire ou plus. Cependant, si le croupier a une main plus forte, vous ne devriez jamais avoir peur de vous coucher. De plus, si les deux mains sont mauvaises, vous ne devriez miser plus loin que si vous avez une reine ou plus.<\/p>\n<p>Des principes similaires s&rsquo;appliquent au poker \u00e0 trois cartes. Pliez toujours les cartes contre la main la plus forte du croupier. Notre strat\u00e9gie personnelle dit que si votre main est une Reine-6-4 ou mieux, vous devriez relancer.<\/p>\n<p>Pour la plupart, n&rsquo;importe quelle main avec une carte roi sup\u00e9rieure ou sup\u00e9rieure fonctionnera statistiquement bien. Tout ce qui est inf\u00e9rieur \u00e0 cela devrait \u00eatre pli\u00e9. Si les cartes communes forment une combinaison, mais que vos cartes proches ne correspondent pas, il est plus s\u00fbr de se coucher. Si vous avez objectivement de meilleures cartes que le croupier, misez toujours plus.<\/p>\n<p>C&rsquo;est important. Jouer au poker en ligne LeoVegas n&rsquo;est pas si difficile, mais cela peut sembler intimidant au d\u00e9but. Nous sommes s\u00fbrs qu&rsquo;une fois que vous commencerez \u00e0 jouer, vous aurez une bonne id\u00e9e du jeu et d\u00e9velopperez votre propre approche.<\/p>\n<div class=\"t-go\"><a href=\"\/go-casino\/?sub_id_1=Leovegas\">OBTENEZ UN BONUS<\/a><\/div>\n<h2>Bonus<\/h2>\n<p>Le casino en ligne LeoVegas propose un bonus d&rsquo;introduction, qui se d\u00e9compose en vos quatre premiers d\u00e9p\u00f4ts:<\/p>\n<ul>\n<li>Premier d\u00e9p\u00f4t-bonus de 200% + 180 tours gratuits.<\/li>\n<li>Deuxi\u00e8me d\u00e9p\u00f4t-bonus de 100%.<\/li>\n<li>Troisi\u00e8me d\u00e9p\u00f4t-bonus de 50%.<\/li>\n<li>Le quatri\u00e8me d\u00e9p\u00f4t &#8211; un bonus de 25%.<\/li>\n<\/ul>\n<p>En outre, dans l&rsquo;institution, il existe d&rsquo;autres promotions de la salle de poker LeoVegas. Pour plus d&rsquo;informations, il vaut la peine de contacter un repr\u00e9sentant de LeoVegas Casino.<\/p>\n<h2>Client\u00e8le<\/h2>\n<p>Le contact avec les repr\u00e9sentants du casino en ligne LeoVegas peut se faire par e-mail, par t\u00e9l\u00e9phone ou en contactant le chat. De plus, le site pr\u00e9sente une section sur les probl\u00e8mes les plus courants. En savoir plus sur le <a href=\"https:\/\/leovegas-au.org\/fr\/customer-support\/\">service client<\/a><\/p>\n<h2>Retrait<\/h2>\n<p>Le casino en ligne LeoVegas est principalement int\u00e9ress\u00e9 par son excellent choix de jeux de diverses soci\u00e9t\u00e9s. Un autre avantage de l&rsquo;institution peut \u00eatre consid\u00e9r\u00e9 comme une opportunit\u00e9 de jouer directement dans votre navigateur sans avoir \u00e0 t\u00e9l\u00e9charger et installer de logiciel suppl\u00e9mentaire.<\/p>\n","protected":false},"excerpt":{"rendered":"<p>Le casino en ligne LeoVegas appartient \u00e0 LeoVegas International ltd, une soci\u00e9t\u00e9 enregistr\u00e9e \u00e0 Malte. La licence pour exercer des activit\u00e9s de jeu en ligne a \u00e9t\u00e9 obtenue aupr\u00e8s du gouvernement de Cura\u00e7ao (Antilles n\u00e9erlandaises). Dans son travail, l&rsquo;institution utilise les logiciels de plusieurs soci\u00e9t\u00e9s: Net Ent, Microgaming, NYX Interactive, Viaden Gaming, Nextgen, Sheriff Gaming, [&hellip;]<\/p>\n","protected":false},"author":1,"featured_media":0,"parent":0,"menu_order":0,"comment_status":"closed","ping_status":"closed","template":"","meta":{"footnotes":""},"class_list":["post-627","page","type-page","status-publish","hentry"],"acf":[],"yoast_head":"<!-- This site is optimized with the Yoast SEO plugin v17.9 - https:\/\/yoast.com\/wordpress\/plugins\/seo\/ -->\n<title>Revue du Jeu de Poker en ligne: Jouez maintenant sur LeoVegas<\/title>\n<meta name=\"description\" content=\"Commencez \u00e0 jouer au Poker gratuitement d\u00e8s maintenant sur LeoVegas Online. Rejoignez notre communaut\u00e9 et profitez du poker 24\/7. Rendez-vous \u00e0 table!\" \/>\n<meta name=\"robots\" content=\"index, follow, max-snippet:-1, max-image-preview:large, max-video-preview:-1\" \/>\n<link rel=\"canonical\" href=\"https:\/\/leovegas-au.org\/fr\/poker\/\" \/>\n<meta property=\"og:type\" content=\"article\" \/>\n<meta property=\"og:title\" content=\"Revue du Jeu de Poker en ligne: Jouez maintenant sur LeoVegas\" \/>\n<meta property=\"og:description\" content=\"Commencez \u00e0 jouer au Poker gratuitement d\u00e8s maintenant sur LeoVegas Online. Rejoignez notre communaut\u00e9 et profitez du poker 24\/7. Rendez-vous \u00e0 table!\" \/>\n<meta property=\"og:url\" content=\"https:\/\/leovegas-au.org\/fr\/poker\/\" \/>\n<meta property=\"og:site_name\" content=\"leovegas casino\" \/>\n<meta property=\"article:modified_time\" content=\"2022-08-09T10:39:35+00:00\" \/>\n<meta property=\"og:image\" content=\"https:\/\/leovegas-au.org\/wp-content\/uploads\/2022\/08\/poker-leovegas.png\" \/>\n<meta name=\"twitter:card\" content=\"summary_large_image\" \/>\n<meta name=\"twitter:label1\" content=\"Dur\u00e9e de lecture estim\u00e9e\" \/>\n\t<meta name=\"twitter:data1\" content=\"5 minutes\" \/>\n<script type=\"application\/ld+json\" class=\"yoast-schema-graph\">{\"@context\":\"https:\/\/schema.org\",\"@graph\":[{\"@type\":\"WebSite\",\"@id\":\"https:\/\/leovegas-au.org\/#website\",\"url\":\"https:\/\/leovegas-au.org\/\",\"name\":\"leovegas casino\",\"description\":\"\",\"potentialAction\":[{\"@type\":\"SearchAction\",\"target\":{\"@type\":\"EntryPoint\",\"urlTemplate\":\"https:\/\/leovegas-au.org\/?s={search_term_string}\"},\"query-input\":\"required name=search_term_string\"}],\"inLanguage\":\"fr-FR\"},{\"@type\":\"ImageObject\",\"@id\":\"https:\/\/leovegas-au.org\/fr\/poker\/#primaryimage\",\"inLanguage\":\"fr-FR\",\"url\":\"https:\/\/leovegas-au.org\/wp-content\/uploads\/2022\/08\/poker-leovegas.png\",\"contentUrl\":\"https:\/\/leovegas-au.org\/wp-content\/uploads\/2022\/08\/poker-leovegas.png\",\"width\":593,\"height\":293,\"caption\":\"poker leovegas\"},{\"@type\":\"WebPage\",\"@id\":\"https:\/\/leovegas-au.org\/fr\/poker\/#webpage\",\"url\":\"https:\/\/leovegas-au.org\/fr\/poker\/\",\"name\":\"Revue du Jeu de Poker en ligne: Jouez maintenant sur LeoVegas\",\"isPartOf\":{\"@id\":\"https:\/\/leovegas-au.org\/#website\"},\"primaryImageOfPage\":{\"@id\":\"https:\/\/leovegas-au.org\/fr\/poker\/#primaryimage\"},\"datePublished\":\"2022-08-03T10:54:45+00:00\",\"dateModified\":\"2022-08-09T10:39:35+00:00\",\"description\":\"Commencez \\u00e0 jouer au Poker gratuitement d\\u00e8s maintenant sur LeoVegas Online. Rejoignez notre communaut\\u00e9 et profitez du poker 24\/7. Rendez-vous \\u00e0 table!\",\"breadcrumb\":{\"@id\":\"https:\/\/leovegas-au.org\/fr\/poker\/#breadcrumb\"},\"inLanguage\":\"fr-FR\",\"potentialAction\":[{\"@type\":\"ReadAction\",\"target\":[\"https:\/\/leovegas-au.org\/fr\/poker\/\"]}]},{\"@type\":\"BreadcrumbList\",\"@id\":\"https:\/\/leovegas-au.org\/fr\/poker\/#breadcrumb\",\"itemListElement\":[{\"@type\":\"ListItem\",\"position\":1,\"name\":\"Home\",\"item\":\"https:\/\/leovegas-au.org\/fr\/\"},{\"@type\":\"ListItem\",\"position\":2,\"name\":\"Revue de Poker En Ligne\"}]}]}<\/script>\n<!-- \/ Yoast SEO plugin. -->","yoast_head_json":{"title":"Revue du Jeu de Poker en ligne: Jouez maintenant sur LeoVegas","description":"Commencez \u00e0 jouer au Poker gratuitement d\u00e8s maintenant sur LeoVegas Online. Rejoignez notre communaut\u00e9 et profitez du poker 24\/7. Rendez-vous \u00e0 table!","robots":{"index":"index","follow":"follow","max-snippet":"max-snippet:-1","max-image-preview":"max-image-preview:large","max-video-preview":"max-video-preview:-1"},"canonical":"https:\/\/leovegas-au.org\/fr\/poker\/","og_type":"article","og_title":"Revue du Jeu de Poker en ligne: Jouez maintenant sur LeoVegas","og_description":"Commencez \u00e0 jouer au Poker gratuitement d\u00e8s maintenant sur LeoVegas Online. Rejoignez notre communaut\u00e9 et profitez du poker 24\/7. Rendez-vous \u00e0 table!","og_url":"https:\/\/leovegas-au.org\/fr\/poker\/","og_site_name":"leovegas casino","article_modified_time":"2022-08-09T10:39:35+00:00","og_image":[{"url":"https:\/\/leovegas-au.org\/wp-content\/uploads\/2022\/08\/poker-leovegas.png"}],"twitter_card":"summary_large_image","twitter_misc":{"Dur\u00e9e de lecture estim\u00e9e":"5 minutes"},"schema":{"@context":"https:\/\/schema.org","@graph":[{"@type":"WebSite","@id":"https:\/\/leovegas-au.org\/#website","url":"https:\/\/leovegas-au.org\/","name":"leovegas casino","description":"","potentialAction":[{"@type":"SearchAction","target":{"@type":"EntryPoint","urlTemplate":"https:\/\/leovegas-au.org\/?s={search_term_string}"},"query-input":"required name=search_term_string"}],"inLanguage":"fr-FR"},{"@type":"ImageObject","@id":"https:\/\/leovegas-au.org\/fr\/poker\/#primaryimage","inLanguage":"fr-FR","url":"https:\/\/leovegas-au.org\/wp-content\/uploads\/2022\/08\/poker-leovegas.png","contentUrl":"https:\/\/leovegas-au.org\/wp-content\/uploads\/2022\/08\/poker-leovegas.png","width":593,"height":293,"caption":"poker leovegas"},{"@type":"WebPage","@id":"https:\/\/leovegas-au.org\/fr\/poker\/#webpage","url":"https:\/\/leovegas-au.org\/fr\/poker\/","name":"Revue du Jeu de Poker en ligne: Jouez maintenant sur LeoVegas","isPartOf":{"@id":"https:\/\/leovegas-au.org\/#website"},"primaryImageOfPage":{"@id":"https:\/\/leovegas-au.org\/fr\/poker\/#primaryimage"},"datePublished":"2022-08-03T10:54:45+00:00","dateModified":"2022-08-09T10:39:35+00:00","description":"Commencez \u00e0 jouer au Poker gratuitement d\u00e8s maintenant sur LeoVegas Online. Rejoignez notre communaut\u00e9 et profitez du poker 24\/7. Rendez-vous \u00e0 table!","breadcrumb":{"@id":"https:\/\/leovegas-au.org\/fr\/poker\/#breadcrumb"},"inLanguage":"fr-FR","potentialAction":[{"@type":"ReadAction","target":["https:\/\/leovegas-au.org\/fr\/poker\/"]}]},{"@type":"BreadcrumbList","@id":"https:\/\/leovegas-au.org\/fr\/poker\/#breadcrumb","itemListElement":[{"@type":"ListItem","position":1,"name":"Home","item":"https:\/\/leovegas-au.org\/fr\/"},{"@type":"ListItem","position":2,"name":"Revue de Poker En Ligne"}]}]}},"_links":{"self":[{"href":"https:\/\/leovegas-au.org\/fr\/wp-json\/wp\/v2\/pages\/627","targetHints":{"allow":["GET"]}}],"collection":[{"href":"https:\/\/leovegas-au.org\/fr\/wp-json\/wp\/v2\/pages"}],"about":[{"href":"https:\/\/leovegas-au.org\/fr\/wp-json\/wp\/v2\/types\/page"}],"author":[{"embeddable":true,"href":"https:\/\/leovegas-au.org\/fr\/wp-json\/wp\/v2\/users\/1"}],"replies":[{"embeddable":true,"href":"https:\/\/leovegas-au.org\/fr\/wp-json\/wp\/v2\/comments?post=627"}],"version-history":[{"count":5,"href":"https:\/\/leovegas-au.org\/fr\/wp-json\/wp\/v2\/pages\/627\/revisions"}],"predecessor-version":[{"id":869,"href":"https:\/\/leovegas-au.org\/fr\/wp-json\/wp\/v2\/pages\/627\/revisions\/869"}],"wp:attachment":[{"href":"https:\/\/leovegas-au.org\/fr\/wp-json\/wp\/v2\/media?parent=627"}],"curies":[{"name":"wp","href":"https:\/\/api.w.org\/{rel}","templated":true}]}}