{"id":620,"date":"2022-08-03T10:18:56","date_gmt":"2022-08-03T10:18:56","guid":{"rendered":"https:\/\/leovegas-au.org\/?page_id=620"},"modified":"2022-08-08T13:52:32","modified_gmt":"2022-08-08T13:52:32","slug":"classic-slots","status":"publish","type":"page","link":"https:\/\/leovegas-au.org\/fr\/classic-slots\/","title":{"rendered":"Machines \u00e0 Sous Classiques"},"content":{"rendered":"<p><img loading=\"lazy\" decoding=\"async\" class=\"size-medium wp-image-616 alignright\" src=\"https:\/\/leovegas-au.org\/wp-content\/uploads\/2022\/08\/classic-slots-300x300.png\" alt=\"classic slots\" width=\"300\" height=\"300\" srcset=\"https:\/\/leovegas-au.org\/wp-content\/uploads\/2022\/08\/classic-slots-300x300.png 300w, https:\/\/leovegas-au.org\/wp-content\/uploads\/2022\/08\/classic-slots-150x150.png 150w, https:\/\/leovegas-au.org\/wp-content\/uploads\/2022\/08\/classic-slots.png 512w\" sizes=\"auto, (max-width: 300px) 100vw, 300px\" \/>Les premi\u00e8res machines \u00e0 sous ont \u00e9t\u00e9 invent\u00e9es il y a plusieurs d\u00e9cennies. Le gameplay \u00e9tait assez simple, et le terrain de jeu avait trois rouleaux et des lignes gagnantes de un \u00e0 trois. Les symboles \u00e9taient g\u00e9n\u00e9ralement repr\u00e9sent\u00e9s par divers fruits, cloches, tr\u00e8fles et jokers.<\/p>\n<p>Aujourd&rsquo;hui, quand quelqu&rsquo;un dit \u00ab\u00a0machine \u00e0 sous classique\u00a0\u00bb, le plus souvent, il s&rsquo;agit de jeux qui ressemblent \u00e0 ces m\u00eames machines.<\/p>\n<p>De nombreux d\u00e9veloppeurs de jeux font des jeux de style r\u00e9tro. Certains d&rsquo;entre eux ont des fonctionnalit\u00e9s modernes, et certains d&rsquo;entre eux ressemblent autant que possible aux machines \u00e0 sous classiques, et la seule diff\u00e9rence est les graphismes mis \u00e0 jour. Machines \u00e0 sous classiques jeux gratuits LeoVegas peuvent \u00eatre trouv\u00e9s sur le site.<\/p>\n<p>Les machines \u00e0 sous en ligne sont la partie la plus importante de tout casino en ligne car elles repr\u00e9sentent le principal int\u00e9r\u00eat des joueurs. Sans surprise, ce domaine se d\u00e9veloppe, et parfois il est m\u00eame difficile de comprendre toute la vari\u00e9t\u00e9 des machines \u00e0 sous en ligne. Dans cet article, nous examinerons quels types de machines \u00e0 sous et en quoi elles diff\u00e8rent. Alors, quels sont les param\u00e8tres qui distinguent ces emplacements ou d&rsquo;autres?<\/p>\n<div class=\"t-go\"><a href=\"\/go-casino\/?sub_id_1=Leovegas\">OBTENEZ UN BONUS<\/a><\/div>\n<h2>Type de jeu<\/h2>\n<p>Les machines \u00e0 sous classiques gratuites LeoVegas sont disponibles dans toutes les variantes. Parmi les types de jeux, vous pouvez distinguer 4:<\/p>\n<ul>\n<li>machines \u00e0 sous classiques;<\/li>\n<li>mega spins;<\/li>\n<li>machines \u00e0 sous progressives;<\/li>\n<li>machines \u00e0 sous vid\u00e9o.<\/li>\n<\/ul>\n<h2>Machines \u00e0 sous classiques<\/h2>\n<p>Les machines \u00e0 sous classiques sont un hommage aux machines \u00e0 sous \u00e0 leurs d\u00e9buts. \u00c9tant donn\u00e9 que de nombreux joueurs sont nostalgiques des machines \u00e0 sous, o\u00f9 il suffit de secouer le levier et d&rsquo;attendre les combinaisons convoit\u00e9es, les fabricants de machines \u00e0 sous en ligne modernes continuent de produire de tels jeux en ligne. Bien s\u00fbr, en fonction du gameplay, le nombre de tours, les lignes de paiement et d&rsquo;autres param\u00e8tres peuvent varier, mais le th\u00e8me g\u00e9n\u00e9ral, les symboles de fruits et l&rsquo;atmosph\u00e8re r\u00e9tro du casino restent. La plupart des machines \u00e0 sous classiques ont 3 tours, moins de lignes de paiement que les machines \u00e0 sous vid\u00e9o et un tour de bonus plus simple. Les machines \u00e0 sous classiques en ligne LeoVegas avec une interface chic vous surprendront.<\/p>\n<h2>Machines \u00e0 fruits<\/h2>\n<p>Comme un type distinct de machines \u00e0 sous classiques peut \u00eatre attribu\u00e9, machine \u00e0 fruits. Le terme lui-m\u00eame fait r\u00e9f\u00e9rence \u00e0 la \u00ab\u00a0machine \u00e0 fruits\u00a0\u00bb britannique, qui est une machine \u00e0 3 rouleaux avec des symboles de fruits et des r\u00e8gles tr\u00e8s simples: il vous suffit de collecter des combinaisons gagnantes sur l&rsquo;une des lignes de paiement. Ce type de jeu est particuli\u00e8rement adapt\u00e9 aux joueurs d\u00e9butants. Les machines \u00e0 fruits publi\u00e9es aujourd&rsquo;hui peuvent diff\u00e9rer des classiques, comme la machine \u00e0 sous Fruit Zen de Betsoft. Les meilleures machines \u00e0 sous classiques LeoVegas vous \u00e9tonneront par leur fonctionnalit\u00e9.<\/p>\n<h2>Machines \u00e0 sous vid\u00e9o<\/h2>\n<p>Les machines \u00e0 sous vid\u00e9o sont actuellement le type de jeu le plus populaire dans les casinos en ligne: tout le monde peut trouver une machine \u00e0 sous avec un th\u00e8me qui lui est proche. Typiquement, ce type de machine \u00e0 sous a 5 rouleaux et jusqu&rsquo;\u00e0 plusieurs centaines de lignes de paiement, et les graphismes et les effets sonores rendent le jeu beaucoup plus qualitatif. De plus, souvent, les h\u00e9ros des machines \u00e0 sous vid\u00e9o sont des personnages c\u00e9l\u00e8bres de films, de dessins anim\u00e9s et m\u00eame des membres de groupes de musique. Machines \u00e0 sous classiques t\u00e9l\u00e9chargement gratuit LeoVegas peut \u00eatre trouv\u00e9 sur le site officiel.<\/p>\n<h2>Machines \u00e0 sous Mega spin<\/h2>\n<p>C&rsquo;est une qualit\u00e9 de jeu diff\u00e9rente &#8211; vous pouvez jouer trois, quatre ou neuf parties en m\u00eame temps. Une fois que le joueur a choisi le bon jeu et la bonne taille de pari, appuyez sur le bouton et le plaisir commence. Chaque jeu commence \u00e0 tourner jusqu&rsquo;\u00e0 45 rouleaux \u00e0 la fois, de sorte que les chances de toucher le m\u00e9ga jackpot augmentent. Habituellement, les machines \u00e0 sous \u00e0 3 rouleaux sont utilis\u00e9es pour les jeux mega-spin, mais il existe des exceptions. Les codes bonus de machines \u00e0 sous classiques LeoVegas vous donnent droit \u00e0 une mise d\u00e9cente.<\/p>\n<div class=\"t-go\"><a href=\"\/go-casino\/?sub_id_1=Leovegas\">OBTENEZ UN BONUS<\/a><\/div>\n<h2>Machines \u00e0 sous progressives<\/h2>\n<p>Les machines progressives sont un r\u00e9seau de machines avec un jackpot combin\u00e9. Chaque fois que quelqu&rsquo;un joue le jackpot progressif, le jackpot total augmente jusqu&rsquo;\u00e0 ce qu&rsquo;un joueur chanceux touche le jackpot. Ainsi, le montant du jackpot d\u00e9pend du nombre de joueurs dans le jeu.<\/p>\n<p>En parlant de <a href=\"https:\/\/leovegas-au.org\/fr\/jackpot-games\/\">jackpots<\/a>, il convient de noter qu&rsquo;il existe des sous-esp\u00e8ces du jackpot progressif et du jackpot fixe.<\/p>\n<p><img loading=\"lazy\" decoding=\"async\" class=\"aligncenter wp-image-618 size-full\" src=\"https:\/\/leovegas-au.org\/wp-content\/uploads\/2022\/08\/classic-slots.jpeg\" alt=\"classic slots\" width=\"990\" height=\"400\" srcset=\"https:\/\/leovegas-au.org\/wp-content\/uploads\/2022\/08\/classic-slots.jpeg 990w, https:\/\/leovegas-au.org\/wp-content\/uploads\/2022\/08\/classic-slots-300x121.jpeg 300w, https:\/\/leovegas-au.org\/wp-content\/uploads\/2022\/08\/classic-slots-768x310.jpeg 768w\" sizes=\"auto, (max-width: 990px) 100vw, 990px\" \/><\/p>\n<h2>Jackpot<\/h2>\n<p>Le jackpot autonome. Il s&rsquo;agit d&rsquo;un jackpot progressif qui ne s&rsquo;applique qu&rsquo;\u00e0 une seule machine \u00e0 sous.<\/p>\n<p>Propre Jackpot. Une autre sous-esp\u00e8ce de jackpots progressifs qui sont mis en commun par un seul casino.<\/p>\n<p>Jackpot r\u00e9seau. La cagnotte d&rsquo;un tel jackpot est accumul\u00e9e par les machines \u00e0 sous de plusieurs casinos, qui utilisent les jeux du m\u00eame fournisseur.<\/p>\n<p>Jackpot fixe. Dans ce type de jackpot, il y a un certain montant fix\u00e9 par le casino qui ne change pas.<\/p>\n<p>En plus des types de jeux et de la disponibilit\u00e9 des jackpots, les machines \u00e0 sous peuvent \u00eatre class\u00e9es en fonction du nombre de rouleaux, des lignes de paiement, des lignes de paiement, des th\u00e8mes, de la qualit\u00e9 vid\u00e9o, etc. Cependant, le plus important est que vos joueurs les aiment. Vous invite \u00e0 jouer aux machines \u00e0 sous classiques LeoVegas. Commencez \u00e0 gagner d\u00e8s maintenant.<\/p>\n","protected":false},"excerpt":{"rendered":"<p>Les premi\u00e8res machines \u00e0 sous ont \u00e9t\u00e9 invent\u00e9es il y a plusieurs d\u00e9cennies. Le gameplay \u00e9tait assez simple, et le terrain de jeu avait trois rouleaux et des lignes gagnantes de un \u00e0 trois. Les symboles \u00e9taient g\u00e9n\u00e9ralement repr\u00e9sent\u00e9s par divers fruits, cloches, tr\u00e8fles et jokers. Aujourd&rsquo;hui, quand quelqu&rsquo;un dit \u00ab\u00a0machine \u00e0 sous classique\u00a0\u00bb, le [&hellip;]<\/p>\n","protected":false},"author":1,"featured_media":0,"parent":0,"menu_order":0,"comment_status":"closed","ping_status":"closed","template":"","meta":{"footnotes":""},"class_list":["post-620","page","type-page","status-publish","hentry"],"acf":[],"yoast_head":"<!-- This site is optimized with the Yoast SEO plugin v17.9 - https:\/\/yoast.com\/wordpress\/plugins\/seo\/ -->\n<title>Machine \u00e0 Sous Classique - Passez en revue et jouez \u00e0 ce Casino en Ligne LeoVegas<\/title>\n<meta name=\"description\" content=\"Classic Slots est un v\u00e9ritable hommage aux machines \u00e0 sous de la vieille \u00e9cole. Avec une ligne de paiement, 3 rouleaux et des enjeux \u00e9lev\u00e9s, c&#039;est le jeu \u00e0 jouer si vous \u00eates un traditionaliste dans l&#039;\u00e2me\" \/>\n<meta name=\"robots\" content=\"index, follow, max-snippet:-1, max-image-preview:large, max-video-preview:-1\" \/>\n<link rel=\"canonical\" href=\"https:\/\/leovegas-au.org\/fr\/classic-slots\/\" \/>\n<meta property=\"og:type\" content=\"article\" \/>\n<meta property=\"og:title\" content=\"Machine \u00e0 Sous Classique - Passez en revue et jouez \u00e0 ce Casino en Ligne LeoVegas\" \/>\n<meta property=\"og:description\" content=\"Classic Slots est un v\u00e9ritable hommage aux machines \u00e0 sous de la vieille \u00e9cole. Avec une ligne de paiement, 3 rouleaux et des enjeux \u00e9lev\u00e9s, c&#039;est le jeu \u00e0 jouer si vous \u00eates un traditionaliste dans l&#039;\u00e2me\" \/>\n<meta property=\"og:url\" content=\"https:\/\/leovegas-au.org\/fr\/classic-slots\/\" \/>\n<meta property=\"og:site_name\" content=\"leovegas casino\" \/>\n<meta property=\"article:modified_time\" content=\"2022-08-08T13:52:32+00:00\" \/>\n<meta property=\"og:image\" content=\"https:\/\/leovegas-au.org\/wp-content\/uploads\/2022\/08\/classic-slots-300x300.png\" \/>\n<meta name=\"twitter:card\" content=\"summary_large_image\" \/>\n<meta name=\"twitter:label1\" content=\"Dur\u00e9e de lecture estim\u00e9e\" \/>\n\t<meta name=\"twitter:data1\" content=\"5 minutes\" \/>\n<script type=\"application\/ld+json\" class=\"yoast-schema-graph\">{\"@context\":\"https:\/\/schema.org\",\"@graph\":[{\"@type\":\"WebSite\",\"@id\":\"https:\/\/leovegas-au.org\/#website\",\"url\":\"https:\/\/leovegas-au.org\/\",\"name\":\"leovegas casino\",\"description\":\"\",\"potentialAction\":[{\"@type\":\"SearchAction\",\"target\":{\"@type\":\"EntryPoint\",\"urlTemplate\":\"https:\/\/leovegas-au.org\/?s={search_term_string}\"},\"query-input\":\"required name=search_term_string\"}],\"inLanguage\":\"fr-FR\"},{\"@type\":\"ImageObject\",\"@id\":\"https:\/\/leovegas-au.org\/fr\/classic-slots\/#primaryimage\",\"inLanguage\":\"fr-FR\",\"url\":\"https:\/\/leovegas-au.org\/wp-content\/uploads\/2022\/08\/classic-slots.png\",\"contentUrl\":\"https:\/\/leovegas-au.org\/wp-content\/uploads\/2022\/08\/classic-slots.png\",\"width\":512,\"height\":512,\"caption\":\"classic slots\"},{\"@type\":\"WebPage\",\"@id\":\"https:\/\/leovegas-au.org\/fr\/classic-slots\/#webpage\",\"url\":\"https:\/\/leovegas-au.org\/fr\/classic-slots\/\",\"name\":\"Machine \\u00e0 Sous Classique - Passez en revue et jouez \\u00e0 ce Casino en Ligne LeoVegas\",\"isPartOf\":{\"@id\":\"https:\/\/leovegas-au.org\/#website\"},\"primaryImageOfPage\":{\"@id\":\"https:\/\/leovegas-au.org\/fr\/classic-slots\/#primaryimage\"},\"datePublished\":\"2022-08-03T10:18:56+00:00\",\"dateModified\":\"2022-08-08T13:52:32+00:00\",\"description\":\"Classic Slots est un v\\u00e9ritable hommage aux machines \\u00e0 sous de la vieille \\u00e9cole. Avec une ligne de paiement, 3 rouleaux et des enjeux \\u00e9lev\\u00e9s, c'est le jeu \\u00e0 jouer si vous \\u00eates un traditionaliste dans l'\\u00e2me\",\"breadcrumb\":{\"@id\":\"https:\/\/leovegas-au.org\/fr\/classic-slots\/#breadcrumb\"},\"inLanguage\":\"fr-FR\",\"potentialAction\":[{\"@type\":\"ReadAction\",\"target\":[\"https:\/\/leovegas-au.org\/fr\/classic-slots\/\"]}]},{\"@type\":\"BreadcrumbList\",\"@id\":\"https:\/\/leovegas-au.org\/fr\/classic-slots\/#breadcrumb\",\"itemListElement\":[{\"@type\":\"ListItem\",\"position\":1,\"name\":\"Home\",\"item\":\"https:\/\/leovegas-au.org\/fr\/\"},{\"@type\":\"ListItem\",\"position\":2,\"name\":\"Machines \\u00e0 Sous Classiques\"}]}]}<\/script>\n<!-- \/ Yoast SEO plugin. -->","yoast_head_json":{"title":"Machine \u00e0 Sous Classique - Passez en revue et jouez \u00e0 ce Casino en Ligne LeoVegas","description":"Classic Slots est un v\u00e9ritable hommage aux machines \u00e0 sous de la vieille \u00e9cole. Avec une ligne de paiement, 3 rouleaux et des enjeux \u00e9lev\u00e9s, c'est le jeu \u00e0 jouer si vous \u00eates un traditionaliste dans l'\u00e2me","robots":{"index":"index","follow":"follow","max-snippet":"max-snippet:-1","max-image-preview":"max-image-preview:large","max-video-preview":"max-video-preview:-1"},"canonical":"https:\/\/leovegas-au.org\/fr\/classic-slots\/","og_type":"article","og_title":"Machine \u00e0 Sous Classique - Passez en revue et jouez \u00e0 ce Casino en Ligne LeoVegas","og_description":"Classic Slots est un v\u00e9ritable hommage aux machines \u00e0 sous de la vieille \u00e9cole. Avec une ligne de paiement, 3 rouleaux et des enjeux \u00e9lev\u00e9s, c'est le jeu \u00e0 jouer si vous \u00eates un traditionaliste dans l'\u00e2me","og_url":"https:\/\/leovegas-au.org\/fr\/classic-slots\/","og_site_name":"leovegas casino","article_modified_time":"2022-08-08T13:52:32+00:00","og_image":[{"url":"https:\/\/leovegas-au.org\/wp-content\/uploads\/2022\/08\/classic-slots-300x300.png"}],"twitter_card":"summary_large_image","twitter_misc":{"Dur\u00e9e de lecture estim\u00e9e":"5 minutes"},"schema":{"@context":"https:\/\/schema.org","@graph":[{"@type":"WebSite","@id":"https:\/\/leovegas-au.org\/#website","url":"https:\/\/leovegas-au.org\/","name":"leovegas casino","description":"","potentialAction":[{"@type":"SearchAction","target":{"@type":"EntryPoint","urlTemplate":"https:\/\/leovegas-au.org\/?s={search_term_string}"},"query-input":"required name=search_term_string"}],"inLanguage":"fr-FR"},{"@type":"ImageObject","@id":"https:\/\/leovegas-au.org\/fr\/classic-slots\/#primaryimage","inLanguage":"fr-FR","url":"https:\/\/leovegas-au.org\/wp-content\/uploads\/2022\/08\/classic-slots.png","contentUrl":"https:\/\/leovegas-au.org\/wp-content\/uploads\/2022\/08\/classic-slots.png","width":512,"height":512,"caption":"classic slots"},{"@type":"WebPage","@id":"https:\/\/leovegas-au.org\/fr\/classic-slots\/#webpage","url":"https:\/\/leovegas-au.org\/fr\/classic-slots\/","name":"Machine \u00e0 Sous Classique - Passez en revue et jouez \u00e0 ce Casino en Ligne LeoVegas","isPartOf":{"@id":"https:\/\/leovegas-au.org\/#website"},"primaryImageOfPage":{"@id":"https:\/\/leovegas-au.org\/fr\/classic-slots\/#primaryimage"},"datePublished":"2022-08-03T10:18:56+00:00","dateModified":"2022-08-08T13:52:32+00:00","description":"Classic Slots est un v\u00e9ritable hommage aux machines \u00e0 sous de la vieille \u00e9cole. Avec une ligne de paiement, 3 rouleaux et des enjeux \u00e9lev\u00e9s, c'est le jeu \u00e0 jouer si vous \u00eates un traditionaliste dans l'\u00e2me","breadcrumb":{"@id":"https:\/\/leovegas-au.org\/fr\/classic-slots\/#breadcrumb"},"inLanguage":"fr-FR","potentialAction":[{"@type":"ReadAction","target":["https:\/\/leovegas-au.org\/fr\/classic-slots\/"]}]},{"@type":"BreadcrumbList","@id":"https:\/\/leovegas-au.org\/fr\/classic-slots\/#breadcrumb","itemListElement":[{"@type":"ListItem","position":1,"name":"Home","item":"https:\/\/leovegas-au.org\/fr\/"},{"@type":"ListItem","position":2,"name":"Machines \u00e0 Sous Classiques"}]}]}},"_links":{"self":[{"href":"https:\/\/leovegas-au.org\/fr\/wp-json\/wp\/v2\/pages\/620","targetHints":{"allow":["GET"]}}],"collection":[{"href":"https:\/\/leovegas-au.org\/fr\/wp-json\/wp\/v2\/pages"}],"about":[{"href":"https:\/\/leovegas-au.org\/fr\/wp-json\/wp\/v2\/types\/page"}],"author":[{"embeddable":true,"href":"https:\/\/leovegas-au.org\/fr\/wp-json\/wp\/v2\/users\/1"}],"replies":[{"embeddable":true,"href":"https:\/\/leovegas-au.org\/fr\/wp-json\/wp\/v2\/comments?post=620"}],"version-history":[{"count":4,"href":"https:\/\/leovegas-au.org\/fr\/wp-json\/wp\/v2\/pages\/620\/revisions"}],"predecessor-version":[{"id":826,"href":"https:\/\/leovegas-au.org\/fr\/wp-json\/wp\/v2\/pages\/620\/revisions\/826"}],"wp:attachment":[{"href":"https:\/\/leovegas-au.org\/fr\/wp-json\/wp\/v2\/media?parent=620"}],"curies":[{"name":"wp","href":"https:\/\/api.w.org\/{rel}","templated":true}]}}