{"id":612,"date":"2022-08-03T10:04:25","date_gmt":"2022-08-03T10:04:25","guid":{"rendered":"https:\/\/leovegas-au.org\/?page_id=612"},"modified":"2022-08-29T19:08:24","modified_gmt":"2022-08-29T19:08:24","slug":"android","status":"publish","type":"page","link":"https:\/\/leovegas-au.org\/fr\/android\/","title":{"rendered":"LeoVegas pour Android"},"content":{"rendered":"<p>Les t\u00e9l\u00e9phones et tablettes modernes ont une telle vari\u00e9t\u00e9 de fonctionnalit\u00e9s et de capacit\u00e9s que les internautes peuvent facilement <a href=\"https:\/\/leovegas-au.org\/fr\/download\/\">t\u00e9l\u00e9charger<\/a> diff\u00e9rentes applications pour jouer \u00e0 des jeux de casino sur leurs t\u00e9l\u00e9phones. Certaines entreprises n&rsquo;ont pas d&rsquo;application mobile distincte, mais leur version bas\u00e9e sur un navigateur peut \u00eatre adapt\u00e9e \u00e0 n&rsquo;importe quel gadget, vous permettant de jouer aux machines \u00e0 sous pour de l&rsquo;argent depuis votre t\u00e9l\u00e9phone sans aucune restriction.<\/p>\n<div class=\"t-go\"><a href=\"\/go-casino\/?sub_id_1=Leovegas\">OBTENEZ UN BONUS<\/a><\/div>\n<h2>Jeux de t\u00e9l\u00e9phone portable<\/h2>\n<p>La liste des <a href=\"https:\/\/leovegas-au.org\/fr\/games\/\">jeux<\/a> pour les casinos mobiles n&rsquo;est g\u00e9n\u00e9ralement pas aussi longue que les versions de bureau. En r\u00e8gle g\u00e9n\u00e9rale, seuls les jeux assez anciens qui ne sont pas adapt\u00e9s aux versions mobiles ne sont pas disponibles. N\u00e9anmoins, les joueurs peuvent choisir l&rsquo;une d&rsquo;entre elles parmi les cat\u00e9gories pr\u00e9sent\u00e9es, ainsi que d&rsquo;utiliser la recherche dans le syst\u00e8me. Cependant, si auparavant il n&rsquo;y avait pas autant de jeux de casino disponibles sur le t\u00e9l\u00e9phone, au fil du temps, leur nombre ne fait qu&rsquo;augmenter, ce qui permet aux joueurs de jouer \u00e0 n&rsquo;importe quel endroit et \u00e0 tout moment dans leurs jeux pr\u00e9f\u00e9r\u00e9s. Fournir des jeux LeoVegas gratuits pour Android.<\/p>\n<p>L&rsquo;application LeoVegas android est adapt\u00e9e imm\u00e9diatement aux gadgets des utilisateurs. L&rsquo;inscription ou la <a href=\"https:\/\/leovegas-au.org\/fr\/registration\/\">connexion<\/a> \u00e0 votre compte existant ne prend pas beaucoup de temps. LeoVegas login android vous aidera.<\/p>\n<p><img loading=\"lazy\" decoding=\"async\" class=\"aligncenter wp-image-610 size-full\" src=\"https:\/\/leovegas-au.org\/wp-content\/uploads\/2022\/08\/android-casino-leoVegas.jpeg\" alt=\"android casino leoVegas\" width=\"1016\" height=\"424\" srcset=\"https:\/\/leovegas-au.org\/wp-content\/uploads\/2022\/08\/android-casino-leoVegas.jpeg 1016w, https:\/\/leovegas-au.org\/wp-content\/uploads\/2022\/08\/android-casino-leoVegas-300x125.jpeg 300w, https:\/\/leovegas-au.org\/wp-content\/uploads\/2022\/08\/android-casino-leoVegas-768x321.jpeg 768w\" sizes=\"auto, (max-width: 1016px) 100vw, 1016px\" \/><\/p>\n<h2>Dans quelle mesure le jeu est-il s\u00fbr dans un casino mobile?<\/h2>\n<p>Certains utilisateurs craignent que le casino sur mobile soit moins s\u00fbr que les versions de bureau habituelles. En fait, les jeux LeoVegas pour Android sont prot\u00e9g\u00e9s par un cryptage fort, permettant aux joueurs de ne pas craindre que leurs donn\u00e9es soient transf\u00e9r\u00e9es \u00e0 des tiers ou utilis\u00e9es d&rsquo;une mani\u00e8re ou d&rsquo;une autre \u00e0 des fins frauduleuses par l&rsquo;entreprise elle-m\u00eame.<\/p>\n<p>Toutes les informations du casino en ligne pour le t\u00e9l\u00e9phone sont transmises exclusivement sous forme crypt\u00e9e. De plus, s&rsquo;il est inactif sur la page via un t\u00e9l\u00e9phone portable et une tablette pendant un certain temps, le syst\u00e8me d\u00e9connectera le lecteur. Cela emp\u00eachera des tiers d&rsquo;utiliser les informations du joueur, m\u00eame s&rsquo;il a oubli\u00e9 de se d\u00e9connecter de son application.<\/p>\n<p>L&rsquo;inscription ou la connexion \u00e0 un compte existant \u00e0 partir de votre mobile ne prendra pas longtemps.<\/p>\n<h2>Commentaires sur le casino mobile<\/h2>\n<p>Ce casino mobile, qui d\u00e9clare son s\u00e9rieux, essaie de mettre en \u0153uvre la possibilit\u00e9 de communication avec le service d&rsquo;assistance dans la version mobile. Cela permet \u00e0 chaque joueur \u00e0 tout moment de le contacter pour clarifier toute donn\u00e9e d&rsquo;int\u00e9r\u00eat ou pour obtenir de l&rsquo;aide d&rsquo;une certaine mani\u00e8re.<\/p>\n<p>Les commentaires dans le casino sur le t\u00e9l\u00e9phone gagnent en popularit\u00e9 car ce n&rsquo;est qu&rsquo;en 2023 qu&rsquo;il y avait plus de 7,5 milliards d&rsquo;appareils mobiles actifs connect\u00e9s au casino.<\/p>\n<h2>Lancement rapide des jeux<\/h2>\n<p>Gr\u00e2ce au travail constant sur leurs applications, jouer aux machines \u00e0 sous pour de l&rsquo;argent depuis le t\u00e9l\u00e9phone est devenu beaucoup plus pratique! Les utilisateurs peuvent t\u00e9l\u00e9charger rapidement les jeux d&rsquo;int\u00e9r\u00eat\u2014cela prend litt\u00e9ralement quelques secondes. Merci \u00e0 la coop\u00e9ration avec les meilleurs d\u00e9veloppeurs qui produisent leurs jeux pour les versions mobiles et de bureau.<\/p>\n<p>Parmi la large gamme de jeux de casino sur mobile, les machines les plus courantes sont d\u00e9velopp\u00e9es par ces soci\u00e9t\u00e9s:<\/p>\n<ul>\n<li>Playtech<\/li>\n<li>Belatra<\/li>\n<li>NetEnt<\/li>\n<li>Igrosoft<\/li>\n<li>Mega Jack<\/li>\n<\/ul>\n<p>Jouez aux machines \u00e0 sous pour de l&rsquo;argent depuis votre t\u00e9l\u00e9phone. Vous pouvez le voir dans n&rsquo;importe quel endroit pratique. Il ne n\u00e9cessite qu&rsquo;un acc\u00e8s \u00e0 Internet. Les utilisateurs n&rsquo;auront pas \u00e0 se soucier de savoir si certains jeux sont sous licence et du gain de chaque machine. Gagner dans un casino mobile est aussi r\u00e9el que dans les versions de navigateur. Choisissez le casino en ligne qui vous int\u00e9resse, allez sur lui, t\u00e9l\u00e9chargez la version mobile et utilisez toutes les fonctionnalit\u00e9s disponibles.<\/p>\n<div class=\"t-go\"><a href=\"\/go-casino\/?sub_id_1=Leovegas\">OBTENEZ UN BONUS<\/a><\/div>\n<h2>Allez sur le site et tentez votre chance au casino sur votre t\u00e9l\u00e9phone maintenant<\/h2>\n<p>Avantages de jouer aux machines \u00e0 sous dans une version mobile. Vous pouvez jouer aux machines \u00e0 sous pour de l&rsquo;argent \u00e0 partir de votre t\u00e9l\u00e9phone \u00e0 tout moment, et ce n&rsquo;est pas le seul aspect positif des casinos mobiles. Les joueurs exp\u00e9riment\u00e9s notent d&rsquo;autres avantages:<\/p>\n<ul>\n<li>Inscription rapide, il est possible de se connecter m\u00eame \u00e0 l&rsquo;aide des r\u00e9seaux sociaux;<\/li>\n<li>Utilisation d&rsquo;une petite quantit\u00e9 de trafic;<\/li>\n<li>La pr\u00e9sence de bonus identiques \u00e0 ceux de la version de bureau du casino;<\/li>\n<li>Possibilit\u00e9 de choisir tous les jeux disponibles dans le casino mobile, qui seront adapt\u00e9s \u00e0 n&rsquo;importe quel gadget;<\/li>\n<\/ul>\n<h2>La possibilit\u00e9 de d\u00e9poser et de retirer rapidement des fonds.<\/h2>\n<p>Dans le m\u00eame temps, il existe certains inconv\u00e9nients des casinos en ligne mobiles. Parmi eux, il y a les graphismes de mauvaise qualit\u00e9 dans certains jeux. Il y a aussi des machines qui sont difficiles \u00e0 voir certains \u00e9l\u00e9ments, ce qui interf\u00e9rera avec le jeu. Il y a aussi certains casinos qui n&rsquo;ont pas de service client dans la version mobile. Mais ce sont g\u00e9n\u00e9ralement les institutions qui ne se positionnent pas comme de qualit\u00e9 et r\u00e9actives \u00e0 l&rsquo;utilisateur.<\/p>\n<p>Lancez &#8211; vous et jouez \u00e0 l&rsquo;application Android LeoVegas real money depuis votre t\u00e9l\u00e9phone maintenant! Tout ce que vous avez \u00e0 faire est de t\u00e9l\u00e9charger LeoVegas android. Et le <a href=\"https:\/\/leovegas-au.org\/fr\/withdrawal\/\">retrait<\/a> de l&rsquo;argent gagn\u00e9 ou le d\u00e9p\u00f4t dans la version mobile est facile et simple.<\/p>\n","protected":false},"excerpt":{"rendered":"<p>Les t\u00e9l\u00e9phones et tablettes modernes ont une telle vari\u00e9t\u00e9 de fonctionnalit\u00e9s et de capacit\u00e9s que les internautes peuvent facilement t\u00e9l\u00e9charger diff\u00e9rentes applications pour jouer \u00e0 des jeux de casino sur leurs t\u00e9l\u00e9phones. Certaines entreprises n&rsquo;ont pas d&rsquo;application mobile distincte, mais leur version bas\u00e9e sur un navigateur peut \u00eatre adapt\u00e9e \u00e0 n&rsquo;importe quel gadget, vous permettant [&hellip;]<\/p>\n","protected":false},"author":1,"featured_media":0,"parent":0,"menu_order":0,"comment_status":"closed","ping_status":"closed","template":"","meta":{"footnotes":""},"class_list":["post-612","page","type-page","status-publish","hentry"],"acf":[],"yoast_head":"<!-- This site is optimized with the Yoast SEO plugin v17.9 - https:\/\/yoast.com\/wordpress\/plugins\/seo\/ -->\n<title>Revue du Casino Android en Australie - LeoVegas<\/title>\n<meta name=\"description\" content=\"Le d\u00e9veloppement de l&#039;industrie du jeu se d\u00e9veloppe rapidement. La plupart des joueurs dans les casinos en ligne en Australie pr\u00e9f\u00e8rent jouer au jeu sur Android\" \/>\n<meta name=\"robots\" content=\"index, follow, max-snippet:-1, max-image-preview:large, max-video-preview:-1\" \/>\n<link rel=\"canonical\" href=\"https:\/\/leovegas-au.org\/fr\/android\/\" \/>\n<meta property=\"og:type\" content=\"article\" \/>\n<meta property=\"og:title\" content=\"Revue du Casino Android en Australie - LeoVegas\" \/>\n<meta property=\"og:description\" content=\"Le d\u00e9veloppement de l&#039;industrie du jeu se d\u00e9veloppe rapidement. La plupart des joueurs dans les casinos en ligne en Australie pr\u00e9f\u00e8rent jouer au jeu sur Android\" \/>\n<meta property=\"og:url\" content=\"https:\/\/leovegas-au.org\/fr\/android\/\" \/>\n<meta property=\"og:site_name\" content=\"leovegas casino\" \/>\n<meta property=\"article:modified_time\" content=\"2022-08-29T19:08:24+00:00\" \/>\n<meta property=\"og:image\" content=\"https:\/\/leovegas-au.org\/wp-content\/uploads\/2022\/08\/android-casino-leoVegas.jpeg\" \/>\n<meta name=\"twitter:card\" content=\"summary_large_image\" \/>\n<meta name=\"twitter:label1\" content=\"Dur\u00e9e de lecture estim\u00e9e\" \/>\n\t<meta name=\"twitter:data1\" content=\"4 minutes\" \/>\n<script type=\"application\/ld+json\" class=\"yoast-schema-graph\">{\"@context\":\"https:\/\/schema.org\",\"@graph\":[{\"@type\":\"WebSite\",\"@id\":\"https:\/\/leovegas-au.org\/#website\",\"url\":\"https:\/\/leovegas-au.org\/\",\"name\":\"leovegas casino\",\"description\":\"\",\"potentialAction\":[{\"@type\":\"SearchAction\",\"target\":{\"@type\":\"EntryPoint\",\"urlTemplate\":\"https:\/\/leovegas-au.org\/?s={search_term_string}\"},\"query-input\":\"required name=search_term_string\"}],\"inLanguage\":\"fr-FR\"},{\"@type\":\"ImageObject\",\"@id\":\"https:\/\/leovegas-au.org\/fr\/android\/#primaryimage\",\"inLanguage\":\"fr-FR\",\"url\":\"https:\/\/leovegas-au.org\/wp-content\/uploads\/2022\/08\/android-casino-leoVegas.jpeg\",\"contentUrl\":\"https:\/\/leovegas-au.org\/wp-content\/uploads\/2022\/08\/android-casino-leoVegas.jpeg\",\"width\":1016,\"height\":424,\"caption\":\"android casino leoVegas\"},{\"@type\":\"WebPage\",\"@id\":\"https:\/\/leovegas-au.org\/fr\/android\/#webpage\",\"url\":\"https:\/\/leovegas-au.org\/fr\/android\/\",\"name\":\"Revue du Casino Android en Australie - LeoVegas\",\"isPartOf\":{\"@id\":\"https:\/\/leovegas-au.org\/#website\"},\"primaryImageOfPage\":{\"@id\":\"https:\/\/leovegas-au.org\/fr\/android\/#primaryimage\"},\"datePublished\":\"2022-08-03T10:04:25+00:00\",\"dateModified\":\"2022-08-29T19:08:24+00:00\",\"description\":\"Le d\\u00e9veloppement de l'industrie du jeu se d\\u00e9veloppe rapidement. La plupart des joueurs dans les casinos en ligne en Australie pr\\u00e9f\\u00e8rent jouer au jeu sur Android\",\"breadcrumb\":{\"@id\":\"https:\/\/leovegas-au.org\/fr\/android\/#breadcrumb\"},\"inLanguage\":\"fr-FR\",\"potentialAction\":[{\"@type\":\"ReadAction\",\"target\":[\"https:\/\/leovegas-au.org\/fr\/android\/\"]}]},{\"@type\":\"BreadcrumbList\",\"@id\":\"https:\/\/leovegas-au.org\/fr\/android\/#breadcrumb\",\"itemListElement\":[{\"@type\":\"ListItem\",\"position\":1,\"name\":\"Home\",\"item\":\"https:\/\/leovegas-au.org\/fr\/\"},{\"@type\":\"ListItem\",\"position\":2,\"name\":\"LeoVegas pour Android\"}]}]}<\/script>\n<!-- \/ Yoast SEO plugin. -->","yoast_head_json":{"title":"Revue du Casino Android en Australie - LeoVegas","description":"Le d\u00e9veloppement de l'industrie du jeu se d\u00e9veloppe rapidement. La plupart des joueurs dans les casinos en ligne en Australie pr\u00e9f\u00e8rent jouer au jeu sur Android","robots":{"index":"index","follow":"follow","max-snippet":"max-snippet:-1","max-image-preview":"max-image-preview:large","max-video-preview":"max-video-preview:-1"},"canonical":"https:\/\/leovegas-au.org\/fr\/android\/","og_type":"article","og_title":"Revue du Casino Android en Australie - LeoVegas","og_description":"Le d\u00e9veloppement de l'industrie du jeu se d\u00e9veloppe rapidement. La plupart des joueurs dans les casinos en ligne en Australie pr\u00e9f\u00e8rent jouer au jeu sur Android","og_url":"https:\/\/leovegas-au.org\/fr\/android\/","og_site_name":"leovegas casino","article_modified_time":"2022-08-29T19:08:24+00:00","og_image":[{"url":"https:\/\/leovegas-au.org\/wp-content\/uploads\/2022\/08\/android-casino-leoVegas.jpeg"}],"twitter_card":"summary_large_image","twitter_misc":{"Dur\u00e9e de lecture estim\u00e9e":"4 minutes"},"schema":{"@context":"https:\/\/schema.org","@graph":[{"@type":"WebSite","@id":"https:\/\/leovegas-au.org\/#website","url":"https:\/\/leovegas-au.org\/","name":"leovegas casino","description":"","potentialAction":[{"@type":"SearchAction","target":{"@type":"EntryPoint","urlTemplate":"https:\/\/leovegas-au.org\/?s={search_term_string}"},"query-input":"required name=search_term_string"}],"inLanguage":"fr-FR"},{"@type":"ImageObject","@id":"https:\/\/leovegas-au.org\/fr\/android\/#primaryimage","inLanguage":"fr-FR","url":"https:\/\/leovegas-au.org\/wp-content\/uploads\/2022\/08\/android-casino-leoVegas.jpeg","contentUrl":"https:\/\/leovegas-au.org\/wp-content\/uploads\/2022\/08\/android-casino-leoVegas.jpeg","width":1016,"height":424,"caption":"android casino leoVegas"},{"@type":"WebPage","@id":"https:\/\/leovegas-au.org\/fr\/android\/#webpage","url":"https:\/\/leovegas-au.org\/fr\/android\/","name":"Revue du Casino Android en Australie - LeoVegas","isPartOf":{"@id":"https:\/\/leovegas-au.org\/#website"},"primaryImageOfPage":{"@id":"https:\/\/leovegas-au.org\/fr\/android\/#primaryimage"},"datePublished":"2022-08-03T10:04:25+00:00","dateModified":"2022-08-29T19:08:24+00:00","description":"Le d\u00e9veloppement de l'industrie du jeu se d\u00e9veloppe rapidement. La plupart des joueurs dans les casinos en ligne en Australie pr\u00e9f\u00e8rent jouer au jeu sur Android","breadcrumb":{"@id":"https:\/\/leovegas-au.org\/fr\/android\/#breadcrumb"},"inLanguage":"fr-FR","potentialAction":[{"@type":"ReadAction","target":["https:\/\/leovegas-au.org\/fr\/android\/"]}]},{"@type":"BreadcrumbList","@id":"https:\/\/leovegas-au.org\/fr\/android\/#breadcrumb","itemListElement":[{"@type":"ListItem","position":1,"name":"Home","item":"https:\/\/leovegas-au.org\/fr\/"},{"@type":"ListItem","position":2,"name":"LeoVegas pour Android"}]}]}},"_links":{"self":[{"href":"https:\/\/leovegas-au.org\/fr\/wp-json\/wp\/v2\/pages\/612","targetHints":{"allow":["GET"]}}],"collection":[{"href":"https:\/\/leovegas-au.org\/fr\/wp-json\/wp\/v2\/pages"}],"about":[{"href":"https:\/\/leovegas-au.org\/fr\/wp-json\/wp\/v2\/types\/page"}],"author":[{"embeddable":true,"href":"https:\/\/leovegas-au.org\/fr\/wp-json\/wp\/v2\/users\/1"}],"replies":[{"embeddable":true,"href":"https:\/\/leovegas-au.org\/fr\/wp-json\/wp\/v2\/comments?post=612"}],"version-history":[{"count":5,"href":"https:\/\/leovegas-au.org\/fr\/wp-json\/wp\/v2\/pages\/612\/revisions"}],"predecessor-version":[{"id":950,"href":"https:\/\/leovegas-au.org\/fr\/wp-json\/wp\/v2\/pages\/612\/revisions\/950"}],"wp:attachment":[{"href":"https:\/\/leovegas-au.org\/fr\/wp-json\/wp\/v2\/media?parent=612"}],"curies":[{"name":"wp","href":"https:\/\/api.w.org\/{rel}","templated":true}]}}