{"id":606,"date":"2022-08-03T09:39:28","date_gmt":"2022-08-03T09:39:28","guid":{"rendered":"https:\/\/leovegas-au.org\/?page_id=606"},"modified":"2022-08-10T08:40:27","modified_gmt":"2022-08-10T08:40:27","slug":"no-deposit-bonus","status":"publish","type":"page","link":"https:\/\/leovegas-au.org\/fr\/no-deposit-bonus\/","title":{"rendered":"LeoVegas\u00a0: bonus sans d\u00e9p\u00f4t"},"content":{"rendered":"<p><img loading=\"lazy\" decoding=\"async\" class=\"aligncenter wp-image-603 size-full\" src=\"https:\/\/leovegas-au.org\/wp-content\/uploads\/2022\/08\/no-deposit-casino-bonuses-1.jpeg\" alt=\"no deposit casino bonuses\" width=\"1024\" height=\"658\" srcset=\"https:\/\/leovegas-au.org\/wp-content\/uploads\/2022\/08\/no-deposit-casino-bonuses-1.jpeg 1024w, https:\/\/leovegas-au.org\/wp-content\/uploads\/2022\/08\/no-deposit-casino-bonuses-1-300x193.jpeg 300w, https:\/\/leovegas-au.org\/wp-content\/uploads\/2022\/08\/no-deposit-casino-bonuses-1-768x494.jpeg 768w\" sizes=\"auto, (max-width: 1024px) 100vw, 1024px\" \/><\/p>\n<p>Leovegas Casino est une plate-forme de jeu assez c\u00e9l\u00e8bre qui permet aux gens de se sentir chez eux tout en jouant \u00e0 des jeux en ligne. Il a \u00e9t\u00e9 lanc\u00e9 pour la premi\u00e8re fois en Su\u00e8de en 2011, mais en 2014, il est \u00e9galement devenu disponible en Australie. Il y a plusieurs raisons pour lesquelles ce casino en ligne est si populaire parmi les joueurs et l&rsquo;une d&rsquo;elles est la longue liste de bonus disponibles. Il est possible de recevoir un bonus sp\u00e9cial sans d\u00e9p\u00f4t LeoVegas juste pour l&rsquo;inscription sur ce site. Le joueur n&rsquo;aura pas besoin de faire quelque chose d&rsquo;extraordinaire pour recevoir un tel bonus.<\/p>\n<p>Si le joueur fait tout ce qu&rsquo;il faut, y compris l&rsquo;accomplissement de l&rsquo;exigence de mise, il sera possible de demander un retrait avec l&rsquo;une des m\u00e9thodes de paiement populaires. La seule plainte que les gens peuvent avoir concernant les bonus sans d\u00e9p\u00f4t sur ce site Web est qu&rsquo;ils ne prennent pas en charge les crypto-monnaies. Cela signifie qu&rsquo;il n&rsquo;y a aucun moyen d&rsquo;utiliser Bitcoin pour de telles promotions. Mais \u00e0 part cela, les offres sp\u00e9ciales sur ce site Web m\u00e9ritent l&rsquo;attention. Il est important de comprendre comment les revendiquer et d&rsquo;avoir une vision claire de tous les avantages et inconv\u00e9nients qu&rsquo;il pr\u00e9sente.<\/p>\n<p style=\"text-align: center;\"><div class=\"t-go\"><a href=\"\/go-casino\/?sub_id_1=Leovegas\">OBTENEZ UN BONUS<\/a><\/div>\n<h2>Comment r\u00e9clamer un bonus sans d\u00e9p\u00f4t<\/h2>\n<p>D\u00e8s le d\u00e9but, il est important de dire qu&rsquo;il n&rsquo;y a rien de difficile \u00e0 r\u00e9clamer le bonus gratuit sans d\u00e9p\u00f4t de LeoVegas. Il s&rsquo;agit d&rsquo;une offre sp\u00e9ciale sans d\u00e9p\u00f4t, ce qui signifie que le joueur n&rsquo;aura pas besoin de payer AUD pour la recevoir. Il y a quelques caract\u00e9ristiques entourant cette promotion de bienvenue qui doivent \u00eatre mises en \u00e9vidence avant que le joueur ne l&rsquo;active :<\/p>\n<ul>\n<li>Type de bonus : offre de <a href=\"https:\/\/leovegas-au.org\/fr\/free-spins\/\">tours gratuits<\/a> sans d\u00e9p\u00f4t pour les joueurs nouvellement inscrits ;<\/li>\n<li>Jeux dans lesquels ce bonus peut \u00eatre utilis\u00e9 \u2013 Machines \u00e0 sous (Mega Fortune, Starburst, Guns n Roses) ;<\/li>\n<li>Paris &#8211;\u00a0x35\u00a0;<\/li>\n<li>Encaissement maximal\u00a0:\u00a0100\u00a0AUD\u00a0;<\/li>\n<li>Fa\u00e7ons de r\u00e9clamer l&rsquo;offre &#8211; s&rsquo;active automatiquement, une fois que le joueur aura termin\u00e9 l&rsquo;inscription.<\/li>\n<\/ul>\n<p>Comme le joueur peut le dire par ces caract\u00e9ristiques, la promotion est plut\u00f4t bonne car elle donne aux joueurs la possibilit\u00e9 de recevoir au moins 20 tours gratuits pour l&rsquo;action la plus simple qui puisse \u00eatre imagin\u00e9e pour le casino en ligne. Mais pour les nouveaux joueurs, il peut sembler difficile d&rsquo;ouvrir un compte. En fait, cela ne prend que quelques minutes pour comprendre quoi faire, car le joueur n&rsquo;aura qu&rsquo;\u00e0 suivre quelques \u00e9tapes simples :<\/p>\n<ul>\n<li>Ouvrez la page principale du site officiel du casino LeoVegas ;<\/li>\n<li>Cliquez sur le bouton \u00ab\u00a0Ouvrir un compte\u00a0\u00bb en haut de la page\u00a0;<\/li>\n<li>Choisissez le bonus de bienvenue.<\/li>\n<\/ul>\n<p>Ce faisant, le joueur sera redirig\u00e9 vers le formulaire d&rsquo;inscription de ce site Web. Il est important de le remplir avec les vraies informations. Les d\u00e9tails suivants doivent \u00eatre sp\u00e9cifi\u00e9s par le joueur\u00a0:<\/p>\n<ul>\n<li>Nom et pr\u00e9nom ;<\/li>\n<li>Adresse e-mail;<\/li>\n<li>Mot de passe;<\/li>\n<li>Num\u00e9ro de portable;<\/li>\n<li>code postal\u00a0;<\/li>\n<li>Num\u00e9ro de maison, adresse et ville\u00a0;<\/li>\n<li>Pays;<\/li>\n<li>Date de naissance;<\/li>\n<li>Le genre.<\/li>\n<\/ul>\n<p>La derni\u00e8re chose que le joueur doit faire est d&rsquo;accepter les termes et conditions du site, ainsi que de confirmer l&rsquo;\u00e2ge (au moins 18 ans). Afin de confirmer les informations saisies dans le formulaire d&rsquo;inscription, le joueur devra fournir quelques documents de v\u00e9rification. Ce n&rsquo;est pas si difficile \u00e0 faire, \u00e9tant donn\u00e9 que le joueur n&rsquo;aura besoin que de quelques minutes pour envoyer les scans \u00e0 l&rsquo;administration du site, en utilisant l&rsquo;adresse e-mail du support client.<\/p>\n<p>Une fois l&rsquo;inscription termin\u00e9e, le casino en ligne demandera \u00e9galement au joueur d&rsquo;entrer un code sp\u00e9cial qui a \u00e9t\u00e9 envoy\u00e9 au t\u00e9l\u00e9phone par le site Web. Cela ne prend que quelques minutes pour le faire, mais le joueur peut \u00eatre s\u00fbr que tout ira bien, il n&rsquo;y a aucune raison de se plaindre du processus d&rsquo;inscription.<\/p>\n<p>Lorsque l&rsquo;inscription sera compl\u00e8tement termin\u00e9e, la seule chose qui reste \u00e0 faire est d&rsquo;attendre l&rsquo;activation automatique du bonus sans d\u00e9p\u00f4t LeoVegas Australie. Cette offre contient au moins 20 tours gratuits qui peuvent \u00eatre utilis\u00e9s dans un certain nombre de machines \u00e0 sous diff\u00e9rentes &#8211; Mega Fortune, Starburst, Guns n Roses. Il est important de noter que les tours sont li\u00e9s \u00e0 ces titres sp\u00e9cifiques. Cela signifie que le joueur n&rsquo;aura pas besoin de pouvoir les utiliser dans aucun autre jeu de la collection de ce casino en ligne.<\/p>\n<p style=\"text-align: center;\"><div class=\"t-go\"><a href=\"\/go-casino\/?sub_id_1=Leovegas\">OBTENEZ UN BONUS<\/a><\/div>\n<h2>Casino Leo Vegas \u2014 R\u00e9flexions finales<\/h2>\n<p>Pour tout r\u00e9sumer sur le bonus sans d\u00e9p\u00f4t du casino en ligne LeoVegas, il faut dire que le joueur obtient juste ce qu&rsquo;il faut pour une action aussi simple que l&rsquo;inscription sur le site. Il est m\u00eame possible de le r\u00e9clamer sans avoir besoin d&rsquo;entrer les codes bonus sans d\u00e9p\u00f4t LeoVegas 2023, ce qui est tr\u00e8s bon pour la plupart des joueurs modernes. Mais cela ne signifie pas que le joueur est limit\u00e9 \u00e0 cette promotion sp\u00e9ciale sans d\u00e9p\u00f4t. Le joueur peut obtenir d&rsquo;autres types de bonus pour effectuer quelques <a href=\"https:\/\/leovegas-au.org\/fr\/deposit\/\">d\u00e9p\u00f4ts<\/a>. Pour trouver la liste compl\u00e8te des offres sp\u00e9ciales disponibles, le joueur doit simplement ouvrir la section promotions du site.<\/p>\n<p>Il y a quelques avantages que le bonus sans d\u00e9p\u00f4t actuel a pour le moment :<\/p>\n<ul>\n<li>Une exigence de mise raisonnable &#8211; le joueur n&rsquo;aura qu&rsquo;\u00e0 miser des gains au moins 35 fois pour demander une mise ;<\/li>\n<li>Le joueur est capable de tester un certain nombre de machines \u00e0 sous diff\u00e9rentes sans avoir besoin de payer de l&rsquo;argent r\u00e9el en faisant cela ;<\/li>\n<li>Le bonus s&rsquo;active automatiquement, sans qu&rsquo;il soit n\u00e9cessaire de saisir un quelconque code promotionnel.<\/li>\n<\/ul>\n<p>Oui, ce serait formidable d&rsquo;avoir plus de bonus sans d\u00e9p\u00f4t sur ce site. Mais m\u00eame avec l&rsquo;aide de cette promotion, le joueur pourra obtenir des r\u00e9sultats bien plus importants qu&rsquo;en cas de paris simples.<\/p>\n<p><img loading=\"lazy\" decoding=\"async\" class=\" wp-image-879 aligncenter\" src=\"https:\/\/leovegas-au.org\/wp-content\/uploads\/2022\/08\/2-3-1-300x158.jpg\" alt=\"no deposit bonus casino\" width=\"836\" height=\"440\" srcset=\"https:\/\/leovegas-au.org\/wp-content\/uploads\/2022\/08\/2-3-1-300x158.jpg 300w, https:\/\/leovegas-au.org\/wp-content\/uploads\/2022\/08\/2-3-1-1024x538.jpg 1024w, https:\/\/leovegas-au.org\/wp-content\/uploads\/2022\/08\/2-3-1-768x403.jpg 768w, https:\/\/leovegas-au.org\/wp-content\/uploads\/2022\/08\/2-3-1.jpg 1200w\" sizes=\"auto, (max-width: 836px) 100vw, 836px\" \/><\/p>\n<h2>FAQ<\/h2>\n<h3>Quel \u00e2ge dois-je avoir pour r\u00e9clamer le bonus sans d\u00e9p\u00f4t chez LeoVegas ?<\/h3>\n<p>Le joueur doit avoir au moins 18 ans pour pouvoir r\u00e9clamer le bonus sans d\u00e9p\u00f4t au LeoVegas Casino.<\/p>\n<h3>Est-il possible de gagner de l&rsquo;argent r\u00e9el avec l&rsquo;aide d&rsquo;un bonus sans d\u00e9p\u00f4t sur LeoVegas Casino ?<\/h3>\n<p>Oui, le joueur peut gagner de l&rsquo;argent r\u00e9el \u00e0 l&rsquo;aide d&rsquo;un bonus sans d\u00e9p\u00f4t, mais pour retirer de l&rsquo;argent, il est important de remplir les conditions de mise.<\/p>\n<h3>Combien de tours gratuits sont inclus avec ce bonus sans d\u00e9p\u00f4t ?<\/h3>\n<p>Le joueur peut r\u00e9clamer au moins 20 tours gratuits dans le cadre de ce bonus sans d\u00e9p\u00f4t.<\/p>\n","protected":false},"excerpt":{"rendered":"<p>Leovegas Casino est une plate-forme de jeu assez c\u00e9l\u00e8bre qui permet aux gens de se sentir chez eux tout en jouant \u00e0 des jeux en ligne. Il a \u00e9t\u00e9 lanc\u00e9 pour la premi\u00e8re fois en Su\u00e8de en 2011, mais en 2014, il est \u00e9galement devenu disponible en Australie. Il y a plusieurs raisons pour lesquelles [&hellip;]<\/p>\n","protected":false},"author":1,"featured_media":0,"parent":0,"menu_order":0,"comment_status":"closed","ping_status":"closed","template":"","meta":{"footnotes":""},"class_list":["post-606","page","type-page","status-publish","hentry"],"acf":[],"yoast_head":"<!-- This site is optimized with the Yoast SEO plugin v17.9 - https:\/\/yoast.com\/wordpress\/plugins\/seo\/ -->\n<title>Bonus sans D\u00e9p\u00f4t | Bonus de Casino Gratuit sans d\u00e9p\u00f4t<\/title>\n<meta name=\"description\" content=\"Vous voulez essayer un casino en ligne fiable avec plus de 1000 jeux? Avec notre Bonus sans d\u00e9p\u00f4t Leo Vegas, vous pouvez essayer des tours gratuits sans effectuer de d\u00e9p\u00f4t\" \/>\n<meta name=\"robots\" content=\"index, follow, max-snippet:-1, max-image-preview:large, max-video-preview:-1\" \/>\n<link rel=\"canonical\" href=\"https:\/\/leovegas-au.org\/fr\/no-deposit-bonus\/\" \/>\n<meta property=\"og:type\" content=\"article\" \/>\n<meta property=\"og:title\" content=\"Bonus sans D\u00e9p\u00f4t | Bonus de Casino Gratuit sans d\u00e9p\u00f4t\" \/>\n<meta property=\"og:description\" content=\"Vous voulez essayer un casino en ligne fiable avec plus de 1000 jeux? Avec notre Bonus sans d\u00e9p\u00f4t Leo Vegas, vous pouvez essayer des tours gratuits sans effectuer de d\u00e9p\u00f4t\" \/>\n<meta property=\"og:url\" content=\"https:\/\/leovegas-au.org\/fr\/no-deposit-bonus\/\" \/>\n<meta property=\"og:site_name\" content=\"leovegas casino\" \/>\n<meta property=\"article:modified_time\" content=\"2022-08-10T08:40:27+00:00\" \/>\n<meta property=\"og:image\" content=\"https:\/\/leovegas-au.org\/wp-content\/uploads\/2022\/08\/no-deposit-casino-bonuses-1.jpeg\" \/>\n<meta name=\"twitter:card\" content=\"summary_large_image\" \/>\n<meta name=\"twitter:label1\" content=\"Dur\u00e9e de lecture estim\u00e9e\" \/>\n\t<meta name=\"twitter:data1\" content=\"4 minutes\" \/>\n<script type=\"application\/ld+json\" class=\"yoast-schema-graph\">{\"@context\":\"https:\/\/schema.org\",\"@graph\":[{\"@type\":\"WebSite\",\"@id\":\"https:\/\/leovegas-au.org\/#website\",\"url\":\"https:\/\/leovegas-au.org\/\",\"name\":\"leovegas casino\",\"description\":\"\",\"potentialAction\":[{\"@type\":\"SearchAction\",\"target\":{\"@type\":\"EntryPoint\",\"urlTemplate\":\"https:\/\/leovegas-au.org\/?s={search_term_string}\"},\"query-input\":\"required name=search_term_string\"}],\"inLanguage\":\"fr-FR\"},{\"@type\":\"ImageObject\",\"@id\":\"https:\/\/leovegas-au.org\/fr\/no-deposit-bonus\/#primaryimage\",\"inLanguage\":\"fr-FR\",\"url\":\"https:\/\/leovegas-au.org\/wp-content\/uploads\/2022\/08\/no-deposit-casino-bonuses-1.jpeg\",\"contentUrl\":\"https:\/\/leovegas-au.org\/wp-content\/uploads\/2022\/08\/no-deposit-casino-bonuses-1.jpeg\",\"width\":1024,\"height\":658,\"caption\":\"no deposit casino bonuses\"},{\"@type\":\"WebPage\",\"@id\":\"https:\/\/leovegas-au.org\/fr\/no-deposit-bonus\/#webpage\",\"url\":\"https:\/\/leovegas-au.org\/fr\/no-deposit-bonus\/\",\"name\":\"Bonus sans D\\u00e9p\\u00f4t | Bonus de Casino Gratuit sans d\\u00e9p\\u00f4t\",\"isPartOf\":{\"@id\":\"https:\/\/leovegas-au.org\/#website\"},\"primaryImageOfPage\":{\"@id\":\"https:\/\/leovegas-au.org\/fr\/no-deposit-bonus\/#primaryimage\"},\"datePublished\":\"2022-08-03T09:39:28+00:00\",\"dateModified\":\"2022-08-10T08:40:27+00:00\",\"description\":\"Vous voulez essayer un casino en ligne fiable avec plus de 1000 jeux? Avec notre Bonus sans d\\u00e9p\\u00f4t Leo Vegas, vous pouvez essayer des tours gratuits sans effectuer de d\\u00e9p\\u00f4t\",\"breadcrumb\":{\"@id\":\"https:\/\/leovegas-au.org\/fr\/no-deposit-bonus\/#breadcrumb\"},\"inLanguage\":\"fr-FR\",\"potentialAction\":[{\"@type\":\"ReadAction\",\"target\":[\"https:\/\/leovegas-au.org\/fr\/no-deposit-bonus\/\"]}]},{\"@type\":\"BreadcrumbList\",\"@id\":\"https:\/\/leovegas-au.org\/fr\/no-deposit-bonus\/#breadcrumb\",\"itemListElement\":[{\"@type\":\"ListItem\",\"position\":1,\"name\":\"Home\",\"item\":\"https:\/\/leovegas-au.org\/fr\/\"},{\"@type\":\"ListItem\",\"position\":2,\"name\":\"LeoVegas\\u00a0: bonus sans d\\u00e9p\\u00f4t\"}]}]}<\/script>\n<!-- \/ Yoast SEO plugin. -->","yoast_head_json":{"title":"Bonus sans D\u00e9p\u00f4t | Bonus de Casino Gratuit sans d\u00e9p\u00f4t","description":"Vous voulez essayer un casino en ligne fiable avec plus de 1000 jeux? Avec notre Bonus sans d\u00e9p\u00f4t Leo Vegas, vous pouvez essayer des tours gratuits sans effectuer de d\u00e9p\u00f4t","robots":{"index":"index","follow":"follow","max-snippet":"max-snippet:-1","max-image-preview":"max-image-preview:large","max-video-preview":"max-video-preview:-1"},"canonical":"https:\/\/leovegas-au.org\/fr\/no-deposit-bonus\/","og_type":"article","og_title":"Bonus sans D\u00e9p\u00f4t | Bonus de Casino Gratuit sans d\u00e9p\u00f4t","og_description":"Vous voulez essayer un casino en ligne fiable avec plus de 1000 jeux? Avec notre Bonus sans d\u00e9p\u00f4t Leo Vegas, vous pouvez essayer des tours gratuits sans effectuer de d\u00e9p\u00f4t","og_url":"https:\/\/leovegas-au.org\/fr\/no-deposit-bonus\/","og_site_name":"leovegas casino","article_modified_time":"2022-08-10T08:40:27+00:00","og_image":[{"url":"https:\/\/leovegas-au.org\/wp-content\/uploads\/2022\/08\/no-deposit-casino-bonuses-1.jpeg"}],"twitter_card":"summary_large_image","twitter_misc":{"Dur\u00e9e de lecture estim\u00e9e":"4 minutes"},"schema":{"@context":"https:\/\/schema.org","@graph":[{"@type":"WebSite","@id":"https:\/\/leovegas-au.org\/#website","url":"https:\/\/leovegas-au.org\/","name":"leovegas casino","description":"","potentialAction":[{"@type":"SearchAction","target":{"@type":"EntryPoint","urlTemplate":"https:\/\/leovegas-au.org\/?s={search_term_string}"},"query-input":"required name=search_term_string"}],"inLanguage":"fr-FR"},{"@type":"ImageObject","@id":"https:\/\/leovegas-au.org\/fr\/no-deposit-bonus\/#primaryimage","inLanguage":"fr-FR","url":"https:\/\/leovegas-au.org\/wp-content\/uploads\/2022\/08\/no-deposit-casino-bonuses-1.jpeg","contentUrl":"https:\/\/leovegas-au.org\/wp-content\/uploads\/2022\/08\/no-deposit-casino-bonuses-1.jpeg","width":1024,"height":658,"caption":"no deposit casino bonuses"},{"@type":"WebPage","@id":"https:\/\/leovegas-au.org\/fr\/no-deposit-bonus\/#webpage","url":"https:\/\/leovegas-au.org\/fr\/no-deposit-bonus\/","name":"Bonus sans D\u00e9p\u00f4t | Bonus de Casino Gratuit sans d\u00e9p\u00f4t","isPartOf":{"@id":"https:\/\/leovegas-au.org\/#website"},"primaryImageOfPage":{"@id":"https:\/\/leovegas-au.org\/fr\/no-deposit-bonus\/#primaryimage"},"datePublished":"2022-08-03T09:39:28+00:00","dateModified":"2022-08-10T08:40:27+00:00","description":"Vous voulez essayer un casino en ligne fiable avec plus de 1000 jeux? Avec notre Bonus sans d\u00e9p\u00f4t Leo Vegas, vous pouvez essayer des tours gratuits sans effectuer de d\u00e9p\u00f4t","breadcrumb":{"@id":"https:\/\/leovegas-au.org\/fr\/no-deposit-bonus\/#breadcrumb"},"inLanguage":"fr-FR","potentialAction":[{"@type":"ReadAction","target":["https:\/\/leovegas-au.org\/fr\/no-deposit-bonus\/"]}]},{"@type":"BreadcrumbList","@id":"https:\/\/leovegas-au.org\/fr\/no-deposit-bonus\/#breadcrumb","itemListElement":[{"@type":"ListItem","position":1,"name":"Home","item":"https:\/\/leovegas-au.org\/fr\/"},{"@type":"ListItem","position":2,"name":"LeoVegas\u00a0: bonus sans d\u00e9p\u00f4t"}]}]}},"_links":{"self":[{"href":"https:\/\/leovegas-au.org\/fr\/wp-json\/wp\/v2\/pages\/606","targetHints":{"allow":["GET"]}}],"collection":[{"href":"https:\/\/leovegas-au.org\/fr\/wp-json\/wp\/v2\/pages"}],"about":[{"href":"https:\/\/leovegas-au.org\/fr\/wp-json\/wp\/v2\/types\/page"}],"author":[{"embeddable":true,"href":"https:\/\/leovegas-au.org\/fr\/wp-json\/wp\/v2\/users\/1"}],"replies":[{"embeddable":true,"href":"https:\/\/leovegas-au.org\/fr\/wp-json\/wp\/v2\/comments?post=606"}],"version-history":[{"count":8,"href":"https:\/\/leovegas-au.org\/fr\/wp-json\/wp\/v2\/pages\/606\/revisions"}],"predecessor-version":[{"id":888,"href":"https:\/\/leovegas-au.org\/fr\/wp-json\/wp\/v2\/pages\/606\/revisions\/888"}],"wp:attachment":[{"href":"https:\/\/leovegas-au.org\/fr\/wp-json\/wp\/v2\/media?parent=606"}],"curies":[{"name":"wp","href":"https:\/\/api.w.org\/{rel}","templated":true}]}}