{"id":429,"date":"2022-06-14T15:08:15","date_gmt":"2022-06-14T15:08:15","guid":{"rendered":"https:\/\/leovegas-au.org\/?page_id=429"},"modified":"2022-08-10T08:45:25","modified_gmt":"2022-08-10T08:45:25","slug":"sport-betting","status":"publish","type":"page","link":"https:\/\/leovegas-au.org\/fr\/sport-betting\/","title":{"rendered":"Revoir les paris LeoVegas"},"content":{"rendered":"<p><span style=\"font-weight: 400;\"><img loading=\"lazy\" decoding=\"async\" class=\" wp-image-424 aligncenter\" src=\"https:\/\/leovegas-au.org\/wp-content\/uploads\/2022\/06\/leovegas-app-intro-300x110.jpg\" alt=\"leovegas sport bet\" width=\"720\" height=\"264\" srcset=\"https:\/\/leovegas-au.org\/wp-content\/uploads\/2022\/06\/leovegas-app-intro-300x110.jpg 300w, https:\/\/leovegas-au.org\/wp-content\/uploads\/2022\/06\/leovegas-app-intro-768x281.jpg 768w, https:\/\/leovegas-au.org\/wp-content\/uploads\/2022\/06\/leovegas-app-intro.jpg 820w\" sizes=\"auto, (max-width: 720px) 100vw, 720px\" \/><\/span><\/p>\n<p>Il est vraiment difficile de trouver au moins une personne int\u00e9ress\u00e9e par le jeu et qui n&rsquo;a pas entendu parler du site de paris <a href=\"https:\/\/leovegas-au.org\/fr\/\">LeoVegas<\/a>. Cette marque est tr\u00e8s importante pour tous les parieurs qui aiment gagner de l&rsquo;argent en ligne. Il a \u00e9t\u00e9 lanc\u00e9 en 2011 et a \u00e9t\u00e9 autoris\u00e9 et r\u00e9glement\u00e9 par la UK Gambling Commission et la Malta Gaming Authority. Les personnes impliqu\u00e9es dans le d\u00e9veloppement de cette marque ont fait un travail incroyable avec le bookmaker, c&rsquo;est pourquoi le bookmaker a re\u00e7u le prix \u00ab\u00a0Online Gaming Operator of the Year\u00a0\u00bb des International Gaming Awards.<\/p>\n<p>En Australie, il y a encore beaucoup de gens qui ont des questions sur ce bookmaker et cette revue permettra de comprendre plus facilement ses aspects positifs et n\u00e9gatifs. Le joueur devrait prendre un moment pour appr\u00e9cier ce que ce paris sportifs a \u00e0 offrir afin de profiter enfin de chaque pari effectu\u00e9 en ligne. En ce moment, le site Web a au moins quelques avantages\u00a0:<\/p>\n<ul>\n<li>Le paiement moyen est assez \u00e9lev\u00e9 \u2013 95 % et plus ;<\/li>\n<li>Chaque parieur inscrit peut placer un pari sur plus de 35 types de sports ;<\/li>\n<li>L&rsquo;application mobile du site Web fonctionne plut\u00f4t bien.<\/li>\n<li>Les retraits ne facturent pas de frais au parieur\u00a0;<\/li>\n<li>C&rsquo;est une marque forte qui a des sponsors tr\u00e8s r\u00e9put\u00e9s, comme le Norwich FC ou le Brentford FC ;<\/li>\n<li>L&rsquo;\u00e9quipe de support client est en mesure de r\u00e9pondre toute la journ\u00e9e et toute la nuit, quel que soit le type de probl\u00e8me rencontr\u00e9 par le joueur en ce moment\u00a0;<\/li>\n<li>Il a une licence officielle d&rsquo;au moins 5 organisations\u00a0;<\/li>\n<li>Il est possible de regarder de nombreux \u00e9v\u00e9nements populaires en direct gr\u00e2ce au streaming gratuit fourni par les partenaires de la marque LeoVegas.<\/li>\n<\/ul>\n<p>N\u00e9anmoins, il y a quelques inconv\u00e9nients \u00e0 garder \u00e0 l&rsquo;esprit lors de l&rsquo;enregistrement d&rsquo;un compte sur ce site Web\u00a0:<\/p>\n<ul>\n<li>La section des paris de <a href=\"https:\/\/leovegas-au.org\/fr\/live-casino\/\">casino<\/a> en direct aurait pu \u00eatre meilleure\u00a0;;<\/li>\n<li>La liste des m\u00e9thodes de paiement disponibles qui est actuellement fournie pour le march\u00e9 australien devrait inclure des services plus populaires\u00a0;<\/li>\n<li>Les retraits peuvent prendre un peu plus de temps que pr\u00e9vu.<\/li>\n<\/ul>\n<p>Comme le joueur peut le dire par ces avantages et inconv\u00e9nients, il y a beaucoup plus d&rsquo;aspects positifs \u00e0 ce paris sportifs que d&rsquo;aspects n\u00e9gatifs. Mais la premi\u00e8re chose que tous les parieurs devraient savoir sur les paris LeoVegas Australie est le processus de placement d&rsquo;un pari.<\/p>\n<div class=\"t-go\"><a href=\"\/go-casino\/?sub_id_1=Leovegas\">OBTENEZ UN BONUS<\/a><\/div>\n<h2>Comment parier sur un LeoVegas<\/h2>\n<p>Pour s&rsquo;assurer que chaque joueur pourra faire un pari, il est important de parler de deux choses qui doivent \u00eatre faites juste apr\u00e8s l&rsquo;ouverture du site :<\/p>\n<ul>\n<li>Enregistrement du Compte;<\/li>\n<li>V\u00e9rification du compte.<\/li>\n<\/ul>\n<p>En compl\u00e9tant ces deux \u00e9tapes, le joueur pourra recevoir le pari gratuit LeoVegas. Le processus d&rsquo;inscription comprend deux \u00e9tapes. Pour le compl\u00e9ter, le joueur devra ouvrir la page principale de ce bookmaker, cliquer sur le bouton \u00ab\u00a0Ouvrir un compte\u00a0\u00bb au centre. Apr\u00e8s cela, le joueur sera redirig\u00e9 vers la premi\u00e8re \u00e9tape du formulaire d&rsquo;inscription. \u00c0 cette \u00e9tape, le joueur devra fournir les informations suivantes\u00a0:<\/p>\n<ul>\n<li>Pr\u00e9nom;<\/li>\n<li>Nom de famille;<\/li>\n<li>Adresse e-mail;<\/li>\n<li>Mot de passe;<\/li>\n<li>Num\u00e9ro de portable.<\/li>\n<\/ul>\n<p>Une fois que le joueur aura rempli tous les formulaires, il sera temps de confirmer l&rsquo;accord avec les \u00ab\u00a0Termes et conditions\u00a0\u00bb et la \u00ab\u00a0Politique de confidentialit\u00e9\u00a0\u00bb du site Web. Juste apr\u00e8s cela, le joueur pourra \u00e9galement choisir un bonus qui sera fourni par le bookmaker &#8211;\u00a0une option de pari en direct LeoVegas, le bonus de bienvenue du casino ou l&rsquo;offre de paris sportifs. Lorsque le joueur a fourni tous les d\u00e9tails, il est temps de passer \u00e0 l&rsquo;\u00e9tape suivante en cliquant sur le bouton \u00ab\u00a0\u00c9tape suivante\u00a0\u00bb.<\/p>\n<div class=\"t-go\"><a href=\"\/go-casino\/?sub_id_1=Leovegas\">OBTENEZ UN BONUS<\/a><\/div>\n<p>Lors de la deuxi\u00e8me et derni\u00e8re \u00e9tape de l&rsquo;inscription, le joueur devra fournir des d\u00e9tails, tels que\u00a0:<\/p>\n<ul>\n<li>Adresse;<\/li>\n<li>Pays de r\u00e9sidence;<\/li>\n<li>Date de naissance.<\/li>\n<\/ul>\n<p>Une fois que le joueur aura entr\u00e9 tous les d\u00e9tails, LeoVegas fournira des d\u00e9tails sur les \u00e9tapes suivantes pour obtenir diff\u00e9rents types d&rsquo;offres sp\u00e9ciales via les pages de m\u00e9dias sociaux, les e-mails et plus encore. Le joueur doit choisir au moins l&rsquo;une des notifications de r\u00e9ception de ce bookmaker afin de pouvoir continuer \u00e0 utiliser ce site Web particulier. Le code de v\u00e9rification du compte sera envoy\u00e9 par SMS ou par e-mail. Ce code doit \u00eatre saisi pour activer le profil.<\/p>\n<p>Lorsque le joueur a fait tout le n\u00e9cessaire pour l&rsquo;inscription, le site Web redirigera le parieur vers la page de d\u00e9p\u00f4t. Apr\u00e8s cela, le joueur pourra compl\u00e9ter le solde et choisir un \u00e9v\u00e9nement appropri\u00e9 dans le catalogue en ligne des march\u00e9s afin de placer un pari. Pour pouvoir retirer tous les gains, le joueur devra \u00e9galement fournir des pi\u00e8ces d&rsquo;identit\u00e9 comme une preuve d&rsquo;identit\u00e9 et une preuve d&rsquo;adresse. Ce n&rsquo;est qu&rsquo;apr\u00e8s cela que le joueur aura un acc\u00e8s complet aux fonctionnalit\u00e9s de cette plateforme de jeu.<\/p>\n<p><b><img loading=\"lazy\" decoding=\"async\" class=\" wp-image-426 aligncenter\" src=\"https:\/\/leovegas-au.org\/wp-content\/uploads\/2022\/06\/leovegas-700px-300x156.jpg\" alt=\"sports betting leovegas\" width=\"637\" height=\"331\" srcset=\"https:\/\/leovegas-au.org\/wp-content\/uploads\/2022\/06\/leovegas-700px-300x156.jpg 300w, https:\/\/leovegas-au.org\/wp-content\/uploads\/2022\/06\/leovegas-700px.jpg 700w\" sizes=\"auto, (max-width: 637px) 100vw, 637px\" \/><\/b><\/p>\n<h2>Meilleurs paris bonus Australie<\/h2>\n<p>Simplement pour l&rsquo;inscription dans la version australienne de ce site Web, chaque nouveau parieur recevra jusqu&rsquo;\u00e0 100 AUD suppl\u00e9mentaires pour le premier pari sportif en tant que bonus de 100% sur le d\u00e9p\u00f4t. Mais le joueur doit utiliser l&rsquo;application mobile pour s&rsquo;assurer que cette offre sera activ\u00e9e automatiquement. Le d\u00e9p\u00f4t minimum pour recevoir cet incroyable pari bonus est de 10 AUD. Il se trouve dans la rubrique \u00ab Mes offres \u00bb du site. Ce pari doit \u00eatre plac\u00e9 dans la semaine suivant le moment du premier d\u00e9p\u00f4t. Il est important de noter que les m\u00e9thodes de paiement Neteller ou Skrill ne peuvent pas \u00eatre utilis\u00e9es pour recevoir ce type d&rsquo;offre sp\u00e9ciale.<\/p>\n<h2>FAQ<\/h2>\n<h3>Quel \u00e2ge dois-je avoir pour cr\u00e9er un compte ?<\/h3>\n<p>Pour obtenir un compte sur LeoVegas Sportsbook, le parieur doit avoir au moins 18 ans.<\/p>\n<h3>Est-il l\u00e9gal de placer un pari sur LeoVegas pour les Australiens ?<\/h3>\n<p>Oui, LeoVegas sportsbook est autoris\u00e9 \u00e0 proposer des paris sportifs en Australie.<\/p>\n<h3>Est-il possible de gagner de l&rsquo;argent r\u00e9el avec des bonus ?<\/h3>\n<p>Oui, il est possible de retirer de l&rsquo;argent r\u00e9el apr\u00e8s avoir fait quelques paris avec des bonus, mais le joueur doit \u00eatre pr\u00eat \u00e0 remplir l&rsquo;exigence de mise.<\/p>\n<p>&nbsp;<\/p>\n","protected":false},"excerpt":{"rendered":"<p>Il est vraiment difficile de trouver au moins une personne int\u00e9ress\u00e9e par le jeu et qui n&rsquo;a pas entendu parler du site de paris LeoVegas. Cette marque est tr\u00e8s importante pour tous les parieurs qui aiment gagner de l&rsquo;argent en ligne. Il a \u00e9t\u00e9 lanc\u00e9 en 2011 et a \u00e9t\u00e9 autoris\u00e9 et r\u00e9glement\u00e9 par la [&hellip;]<\/p>\n","protected":false},"author":1,"featured_media":0,"parent":0,"menu_order":0,"comment_status":"closed","ping_status":"closed","template":"","meta":{"footnotes":""},"class_list":["post-429","page","type-page","status-publish","hentry"],"acf":[],"yoast_head":"<!-- This site is optimized with the Yoast SEO plugin v17.9 - https:\/\/yoast.com\/wordpress\/plugins\/seo\/ -->\n<title>Paris LeoVegas | Cotes des paris avec un bonus<\/title>\n<meta name=\"description\" content=\"Soyez toujours pr\u00eat \u00e0 parier sur vos sports pr\u00e9f\u00e9r\u00e9s chez LeoVegas. Trouvez des cotes pour les options de paris d&#039;avant-match et en direct.\" \/>\n<meta name=\"robots\" content=\"index, follow, max-snippet:-1, max-image-preview:large, max-video-preview:-1\" \/>\n<link rel=\"canonical\" href=\"https:\/\/leovegas-au.org\/fr\/sport-betting\/\" \/>\n<meta property=\"og:type\" content=\"article\" \/>\n<meta property=\"og:title\" content=\"Paris LeoVegas | Cotes des paris avec un bonus\" \/>\n<meta property=\"og:description\" content=\"Soyez toujours pr\u00eat \u00e0 parier sur vos sports pr\u00e9f\u00e9r\u00e9s chez LeoVegas. Trouvez des cotes pour les options de paris d&#039;avant-match et en direct.\" \/>\n<meta property=\"og:url\" content=\"https:\/\/leovegas-au.org\/fr\/sport-betting\/\" \/>\n<meta property=\"og:site_name\" content=\"leovegas casino\" \/>\n<meta property=\"article:modified_time\" content=\"2022-08-10T08:45:25+00:00\" \/>\n<meta property=\"og:image\" content=\"https:\/\/leovegas-au.org\/wp-content\/uploads\/2022\/06\/leovegas-app-intro-300x110.jpg\" \/>\n<meta name=\"twitter:card\" content=\"summary_large_image\" \/>\n<meta name=\"twitter:label1\" content=\"Dur\u00e9e de lecture estim\u00e9e\" \/>\n\t<meta name=\"twitter:data1\" content=\"5 minutes\" \/>\n<script type=\"application\/ld+json\" class=\"yoast-schema-graph\">{\"@context\":\"https:\/\/schema.org\",\"@graph\":[{\"@type\":\"WebSite\",\"@id\":\"https:\/\/leovegas-au.org\/#website\",\"url\":\"https:\/\/leovegas-au.org\/\",\"name\":\"leovegas casino\",\"description\":\"\",\"potentialAction\":[{\"@type\":\"SearchAction\",\"target\":{\"@type\":\"EntryPoint\",\"urlTemplate\":\"https:\/\/leovegas-au.org\/?s={search_term_string}\"},\"query-input\":\"required name=search_term_string\"}],\"inLanguage\":\"fr-FR\"},{\"@type\":\"ImageObject\",\"@id\":\"https:\/\/leovegas-au.org\/fr\/sport-betting\/#primaryimage\",\"inLanguage\":\"fr-FR\",\"url\":\"https:\/\/leovegas-au.org\/wp-content\/uploads\/2022\/06\/leovegas-app-intro.jpg\",\"contentUrl\":\"https:\/\/leovegas-au.org\/wp-content\/uploads\/2022\/06\/leovegas-app-intro.jpg\",\"width\":820,\"height\":300,\"caption\":\"leovegas sport bet\"},{\"@type\":\"WebPage\",\"@id\":\"https:\/\/leovegas-au.org\/fr\/sport-betting\/#webpage\",\"url\":\"https:\/\/leovegas-au.org\/fr\/sport-betting\/\",\"name\":\"Paris LeoVegas | Cotes des paris avec un bonus\",\"isPartOf\":{\"@id\":\"https:\/\/leovegas-au.org\/#website\"},\"primaryImageOfPage\":{\"@id\":\"https:\/\/leovegas-au.org\/fr\/sport-betting\/#primaryimage\"},\"datePublished\":\"2022-06-14T15:08:15+00:00\",\"dateModified\":\"2022-08-10T08:45:25+00:00\",\"description\":\"Soyez toujours pr\\u00eat \\u00e0 parier sur vos sports pr\\u00e9f\\u00e9r\\u00e9s chez LeoVegas. Trouvez des cotes pour les options de paris d'avant-match et en direct.\",\"breadcrumb\":{\"@id\":\"https:\/\/leovegas-au.org\/fr\/sport-betting\/#breadcrumb\"},\"inLanguage\":\"fr-FR\",\"potentialAction\":[{\"@type\":\"ReadAction\",\"target\":[\"https:\/\/leovegas-au.org\/fr\/sport-betting\/\"]}]},{\"@type\":\"BreadcrumbList\",\"@id\":\"https:\/\/leovegas-au.org\/fr\/sport-betting\/#breadcrumb\",\"itemListElement\":[{\"@type\":\"ListItem\",\"position\":1,\"name\":\"Home\",\"item\":\"https:\/\/leovegas-au.org\/fr\/\"},{\"@type\":\"ListItem\",\"position\":2,\"name\":\"Revoir les paris LeoVegas\"}]}]}<\/script>\n<!-- \/ Yoast SEO plugin. -->","yoast_head_json":{"title":"Paris LeoVegas | Cotes des paris avec un bonus","description":"Soyez toujours pr\u00eat \u00e0 parier sur vos sports pr\u00e9f\u00e9r\u00e9s chez LeoVegas. Trouvez des cotes pour les options de paris d'avant-match et en direct.","robots":{"index":"index","follow":"follow","max-snippet":"max-snippet:-1","max-image-preview":"max-image-preview:large","max-video-preview":"max-video-preview:-1"},"canonical":"https:\/\/leovegas-au.org\/fr\/sport-betting\/","og_type":"article","og_title":"Paris LeoVegas | Cotes des paris avec un bonus","og_description":"Soyez toujours pr\u00eat \u00e0 parier sur vos sports pr\u00e9f\u00e9r\u00e9s chez LeoVegas. Trouvez des cotes pour les options de paris d'avant-match et en direct.","og_url":"https:\/\/leovegas-au.org\/fr\/sport-betting\/","og_site_name":"leovegas casino","article_modified_time":"2022-08-10T08:45:25+00:00","og_image":[{"url":"https:\/\/leovegas-au.org\/wp-content\/uploads\/2022\/06\/leovegas-app-intro-300x110.jpg"}],"twitter_card":"summary_large_image","twitter_misc":{"Dur\u00e9e de lecture estim\u00e9e":"5 minutes"},"schema":{"@context":"https:\/\/schema.org","@graph":[{"@type":"WebSite","@id":"https:\/\/leovegas-au.org\/#website","url":"https:\/\/leovegas-au.org\/","name":"leovegas casino","description":"","potentialAction":[{"@type":"SearchAction","target":{"@type":"EntryPoint","urlTemplate":"https:\/\/leovegas-au.org\/?s={search_term_string}"},"query-input":"required name=search_term_string"}],"inLanguage":"fr-FR"},{"@type":"ImageObject","@id":"https:\/\/leovegas-au.org\/fr\/sport-betting\/#primaryimage","inLanguage":"fr-FR","url":"https:\/\/leovegas-au.org\/wp-content\/uploads\/2022\/06\/leovegas-app-intro.jpg","contentUrl":"https:\/\/leovegas-au.org\/wp-content\/uploads\/2022\/06\/leovegas-app-intro.jpg","width":820,"height":300,"caption":"leovegas sport bet"},{"@type":"WebPage","@id":"https:\/\/leovegas-au.org\/fr\/sport-betting\/#webpage","url":"https:\/\/leovegas-au.org\/fr\/sport-betting\/","name":"Paris LeoVegas | Cotes des paris avec un bonus","isPartOf":{"@id":"https:\/\/leovegas-au.org\/#website"},"primaryImageOfPage":{"@id":"https:\/\/leovegas-au.org\/fr\/sport-betting\/#primaryimage"},"datePublished":"2022-06-14T15:08:15+00:00","dateModified":"2022-08-10T08:45:25+00:00","description":"Soyez toujours pr\u00eat \u00e0 parier sur vos sports pr\u00e9f\u00e9r\u00e9s chez LeoVegas. Trouvez des cotes pour les options de paris d'avant-match et en direct.","breadcrumb":{"@id":"https:\/\/leovegas-au.org\/fr\/sport-betting\/#breadcrumb"},"inLanguage":"fr-FR","potentialAction":[{"@type":"ReadAction","target":["https:\/\/leovegas-au.org\/fr\/sport-betting\/"]}]},{"@type":"BreadcrumbList","@id":"https:\/\/leovegas-au.org\/fr\/sport-betting\/#breadcrumb","itemListElement":[{"@type":"ListItem","position":1,"name":"Home","item":"https:\/\/leovegas-au.org\/fr\/"},{"@type":"ListItem","position":2,"name":"Revoir les paris LeoVegas"}]}]}},"_links":{"self":[{"href":"https:\/\/leovegas-au.org\/fr\/wp-json\/wp\/v2\/pages\/429","targetHints":{"allow":["GET"]}}],"collection":[{"href":"https:\/\/leovegas-au.org\/fr\/wp-json\/wp\/v2\/pages"}],"about":[{"href":"https:\/\/leovegas-au.org\/fr\/wp-json\/wp\/v2\/types\/page"}],"author":[{"embeddable":true,"href":"https:\/\/leovegas-au.org\/fr\/wp-json\/wp\/v2\/users\/1"}],"replies":[{"embeddable":true,"href":"https:\/\/leovegas-au.org\/fr\/wp-json\/wp\/v2\/comments?post=429"}],"version-history":[{"count":8,"href":"https:\/\/leovegas-au.org\/fr\/wp-json\/wp\/v2\/pages\/429\/revisions"}],"predecessor-version":[{"id":890,"href":"https:\/\/leovegas-au.org\/fr\/wp-json\/wp\/v2\/pages\/429\/revisions\/890"}],"wp:attachment":[{"href":"https:\/\/leovegas-au.org\/fr\/wp-json\/wp\/v2\/media?parent=429"}],"curies":[{"name":"wp","href":"https:\/\/api.w.org\/{rel}","templated":true}]}}