{"id":417,"date":"2022-06-14T14:50:04","date_gmt":"2022-06-14T14:50:04","guid":{"rendered":"https:\/\/leovegas-au.org\/?page_id=417"},"modified":"2022-07-21T12:38:34","modified_gmt":"2022-07-21T12:38:34","slug":"payment-methods","status":"publish","type":"page","link":"https:\/\/leovegas-au.org\/fr\/payment-methods\/","title":{"rendered":"Les m\u00e9thodes de paiement les plus populaires dans les casinos"},"content":{"rendered":"<p><span style=\"font-weight: 400;\"><img loading=\"lazy\" decoding=\"async\" class=\" wp-image-411 aligncenter\" src=\"https:\/\/leovegas-au.org\/wp-content\/uploads\/2022\/06\/online-casino-payment-method-trends-2020-300x108.jpg\" alt=\"payment \" width=\"617\" height=\"222\" srcset=\"https:\/\/leovegas-au.org\/wp-content\/uploads\/2022\/06\/online-casino-payment-method-trends-2020-300x108.jpg 300w, https:\/\/leovegas-au.org\/wp-content\/uploads\/2022\/06\/online-casino-payment-method-trends-2020-768x278.jpg 768w, https:\/\/leovegas-au.org\/wp-content\/uploads\/2022\/06\/online-casino-payment-method-trends-2020.jpg 830w\" sizes=\"auto, (max-width: 617px) 100vw, 617px\" \/><\/span><\/p>\n<p>Lors du choix d&rsquo;un joueur de casino en ligne, il faut tenir compte de nombreux facteurs et l&rsquo;un d&rsquo;eux est la facilit\u00e9 de d\u00e9p\u00f4t et de retrait. Curieusement, tous les \u00e9tablissements de jeu ne peuvent pas se vanter d&rsquo;un syst\u00e8me pratique d&rsquo;encaissement des gains, et certains au contraire se vantent, mais en fait la proc\u00e9dure est si difficile que le joueur peut finir par ne pas voir ses propres gains. Le <a href=\"https:\/\/leovegas-au.org\/fr\/\">casino en ligne Leovegas<\/a> a adopt\u00e9 une approche responsable pour optimiser cette proc\u00e9dure.<\/p>\n<p>Il est r\u00e9volu le temps o\u00f9 le seul moyen de d\u00e9poser et de retirer de l&rsquo;argent des comptes de casino \u00e9tait via des comptes bancaires, car les casinos en ligne acceptent d\u00e9sormais une vari\u00e9t\u00e9 de m\u00e9thodes de paiement Leovegas. Au cours de la derni\u00e8re d\u00e9cennie, tout le monde a vu un certain nombre de nouveaux fournisseurs de portefeuilles \u00e9lectroniques, ainsi que des crypto-monnaies et d&rsquo;autres m\u00e9thodes de paiement qui ont \u00e9t\u00e9 adopt\u00e9es par les casinos en ligne et les sites de paris.<\/p>\n<p>L&rsquo;industrie du jeu virtuel n&rsquo;utilise que des m\u00e9thodes de paiement \u00e9lectroniques. Il propose \u00e9galement de les utiliser pour retirer des gains. L&rsquo;argent n&rsquo;est pas utilis\u00e9 ici. Cela est explicitement indiqu\u00e9 dans les r\u00e8gles de tout casino en ligne.<\/p>\n<div class=\"t-go\"><a href=\"\/go-casino\/?sub_id_1=Leovegas\">OBTENEZ UN BONUS<\/a><\/div>\n<h2>Les moyens de paiement les plus populaires dans les casinos<\/h2>\n<p>Au casino Leovegas, le visiteur se verra proposer 10 fa\u00e7ons, voire plus, d&rsquo;effectuer un paiement. Cependant, 90% des joueurs s&rsquo;arr\u00eateront toujours aux syst\u00e8mes de paiement les plus courants :<\/p>\n<ul>\n<li>Cartes &#8211; un casino avec ce mode de paiement couvrira presque tous les joueurs potentiels, car le salaire de la plupart des joueurs va exactement \u00e0 la \u00ab\u00a0carte\u00a0\u00bb. Avec la carte, le casino devient plus accessible, car il ne n\u00e9cessite aucun lien interm\u00e9diaire pour transf\u00e9rer de l&rsquo;argent vers votre d\u00e9p\u00f4t, ainsi que pour le retrait des gains gagn\u00e9s.<\/li>\n<li>Les crypto-monnaies sont un moyen anonyme, instantan\u00e9 et s\u00e9curis\u00e9 d&rsquo;effectuer des transferts financiers. Les meilleurs casinos Bitcoin acceptent les joueurs depuis longtemps. Bien que cette m\u00e9thode ne soit pas tr\u00e8s courante, elle est utilis\u00e9e par les joueurs les plus \u00ab\u00a0avanc\u00e9s\u00a0\u00bb, ainsi que par les joueurs professionnels, car elle permet d&rsquo;\u00e9chapper \u00e0 la tutelle du fisc.<\/li>\n<li>Les portefeuilles \u00e9lectroniques des syst\u00e8mes de paiement internationaux sont \u00e9galement utilis\u00e9s pour payer les casinos. Avec une certaine exp\u00e9rience, les utilisateurs de ressources de jeu n&rsquo;ont pas de difficult\u00e9s \u00e0 convertir les gains et \u00e0 les transf\u00e9rer sur la carte bancaire.<\/li>\n<\/ul>\n<p><b><img loading=\"lazy\" decoding=\"async\" class=\" wp-image-413 aligncenter\" src=\"https:\/\/leovegas-au.org\/wp-content\/uploads\/2022\/06\/Best-Casino-Deposit-Options-For-All-Reviewed-Casinos-300x142.jpeg\" alt=\"Payment Methods\" width=\"651\" height=\"308\" srcset=\"https:\/\/leovegas-au.org\/wp-content\/uploads\/2022\/06\/Best-Casino-Deposit-Options-For-All-Reviewed-Casinos-300x142.jpeg 300w, https:\/\/leovegas-au.org\/wp-content\/uploads\/2022\/06\/Best-Casino-Deposit-Options-For-All-Reviewed-Casinos-768x364.jpeg 768w, https:\/\/leovegas-au.org\/wp-content\/uploads\/2022\/06\/Best-Casino-Deposit-Options-For-All-Reviewed-Casinos.jpeg 900w\" sizes=\"auto, (max-width: 651px) 100vw, 651px\" \/><\/b><\/p>\n<h2>Comparer les capacit\u00e9s des syst\u00e8mes de paiement<\/h2>\n<p>Un joueur ordinaire ne se demande pas souvent lequel des modes de paiement du casino en ligne Leovegas dans le cabinet personnel choisir. S&rsquo;il a une carte de salaire bancaire, il ne s&rsquo;engagera pas dans des stratag\u00e8mes compliqu\u00e9s avec la connexion de portefeuilles \u00e9lectroniques ou avec l&rsquo;achat de crypto-monnaie. C&rsquo;est assez compliqu\u00e9 et prend du temps \u00e0 apprendre. C&rsquo;est pourquoi les gens pr\u00e9f\u00e8rent utiliser la variante qu&rsquo;ils ont d\u00e9j\u00e0 \u00e9labor\u00e9e.<\/p>\n<p>Mais pour ceux qui ont de l&rsquo;argent stock\u00e9 dans divers syst\u00e8mes de paiement, cette question est pertinente. C&rsquo;est pourquoi il est important pour eux de conna\u00eetre non seulement les classements des casinos Bitcoin, mais \u00e9galement les particularit\u00e9s des options de paiement Leovegas dans les \u00e9tablissements de jeu Internet habituels.<\/p>\n<h2>Faire les meilleurs casinos Bitcoin<\/h2>\n<p>Pour entrer dans le meilleur casino travaillant avec des crypto-monnaies, il doit r\u00e9pondre aux param\u00e8tres suivants :<\/p>\n<ul>\n<li>Permettre au joueur de cr\u00e9er un d\u00e9p\u00f4t, de parier et de retirer des gains dans la crypto-monnaie souhait\u00e9e<\/li>\n<li>Offrir le plus grand nombre de devises num\u00e9riques pour les d\u00e9p\u00f4ts et jouer<\/li>\n<li>Garantir l&rsquo;anonymat de l&rsquo;utilisateur du service de jeu<\/li>\n<li>Fournir une s\u00e9lection d\u00e9cente de jeux<\/li>\n<li>Soutenir les utilisateurs avec un support technique de qualit\u00e9 et convivial<\/li>\n<\/ul>\n<div class=\"t-go\"><a href=\"\/go-casino\/?sub_id_1=Leovegas\">OBTENEZ UN BONUS<\/a><\/div>\n<h2>Conclusion<\/h2>\n<p>Que vous souhaitiez d\u00e9poser ou encaisser vos gains avec les types de m\u00e9thodes de paiement Leovegas, vous \u00eates s\u00fbr de trouver la bonne m\u00e9thode de paiement qui correspond \u00e0 vos besoins et pr\u00e9f\u00e9rences dans le portefeuille de paiement d&rsquo;un casino en ligne moderne et digne de confiance.<\/p>\n<p>Leovegas propose plusieurs options pour d\u00e9poser et retirer de l&rsquo;argent de votre compte dans la plupart des cas. Si vous envisagez d&rsquo;utiliser une m\u00e9thode qui n&rsquo;est g\u00e9n\u00e9ralement pas largement disponible, il est toujours pr\u00e9f\u00e9rable de v\u00e9rifier et de vous assurer que le casino dans lequel vous pr\u00e9voyez de jouer accepte votre m\u00e9thode pr\u00e9f\u00e9r\u00e9e avant de vous inscrire.<\/p>\n<p>Comme toujours, assurez-vous que le casino dans lequel vous jouez est s\u00fbr, s\u00e9curis\u00e9 et dispose des licences de jeu appropri\u00e9es dans votre pays afin que vos fonds soient aussi s\u00fbrs que possible.<\/p>\n<p>&nbsp;<\/p>\n","protected":false},"excerpt":{"rendered":"<p>Lors du choix d&rsquo;un joueur de casino en ligne, il faut tenir compte de nombreux facteurs et l&rsquo;un d&rsquo;eux est la facilit\u00e9 de d\u00e9p\u00f4t et de retrait. Curieusement, tous les \u00e9tablissements de jeu ne peuvent pas se vanter d&rsquo;un syst\u00e8me pratique d&rsquo;encaissement des gains, et certains au contraire se vantent, mais en fait la proc\u00e9dure [&hellip;]<\/p>\n","protected":false},"author":1,"featured_media":0,"parent":0,"menu_order":0,"comment_status":"closed","ping_status":"closed","template":"","meta":{"footnotes":""},"class_list":["post-417","page","type-page","status-publish","hentry"],"acf":[],"yoast_head":"<!-- This site is optimized with the Yoast SEO plugin v17.9 - https:\/\/yoast.com\/wordpress\/plugins\/seo\/ -->\n<title>Modes de paiement Leovegas | Rapide, s\u00fbr et simple \u00e0 utiliser\u00a0!<\/title>\n<meta name=\"description\" content=\"Trouvez les meilleures m\u00e9thodes de paiement de casino, y compris les cartes de d\u00e9bit et les portefeuilles \u00e9lectroniques. D\u00e9posez des fonds maintenant pour jouer \u00e0 des jeux en argent r\u00e9el.\" \/>\n<meta name=\"robots\" content=\"index, follow, max-snippet:-1, max-image-preview:large, max-video-preview:-1\" \/>\n<link rel=\"canonical\" href=\"https:\/\/leovegas-au.org\/fr\/payment-methods\/\" \/>\n<meta property=\"og:type\" content=\"article\" \/>\n<meta property=\"og:title\" content=\"Modes de paiement Leovegas | Rapide, s\u00fbr et simple \u00e0 utiliser\u00a0!\" \/>\n<meta property=\"og:description\" content=\"Trouvez les meilleures m\u00e9thodes de paiement de casino, y compris les cartes de d\u00e9bit et les portefeuilles \u00e9lectroniques. D\u00e9posez des fonds maintenant pour jouer \u00e0 des jeux en argent r\u00e9el.\" \/>\n<meta property=\"og:url\" content=\"https:\/\/leovegas-au.org\/fr\/payment-methods\/\" \/>\n<meta property=\"og:site_name\" content=\"leovegas casino\" \/>\n<meta property=\"article:modified_time\" content=\"2022-07-21T12:38:34+00:00\" \/>\n<meta property=\"og:image\" content=\"https:\/\/leovegas-au.org\/wp-content\/uploads\/2022\/06\/online-casino-payment-method-trends-2020-300x108.jpg\" \/>\n<meta name=\"twitter:card\" content=\"summary_large_image\" \/>\n<meta name=\"twitter:label1\" content=\"Dur\u00e9e de lecture estim\u00e9e\" \/>\n\t<meta name=\"twitter:data1\" content=\"4 minutes\" \/>\n<script type=\"application\/ld+json\" class=\"yoast-schema-graph\">{\"@context\":\"https:\/\/schema.org\",\"@graph\":[{\"@type\":\"WebSite\",\"@id\":\"https:\/\/leovegas-au.org\/#website\",\"url\":\"https:\/\/leovegas-au.org\/\",\"name\":\"leovegas casino\",\"description\":\"\",\"potentialAction\":[{\"@type\":\"SearchAction\",\"target\":{\"@type\":\"EntryPoint\",\"urlTemplate\":\"https:\/\/leovegas-au.org\/?s={search_term_string}\"},\"query-input\":\"required name=search_term_string\"}],\"inLanguage\":\"fr-FR\"},{\"@type\":\"ImageObject\",\"@id\":\"https:\/\/leovegas-au.org\/fr\/payment-methods\/#primaryimage\",\"inLanguage\":\"fr-FR\",\"url\":\"https:\/\/leovegas-au.org\/wp-content\/uploads\/2022\/06\/online-casino-payment-method-trends-2020.jpg\",\"contentUrl\":\"https:\/\/leovegas-au.org\/wp-content\/uploads\/2022\/06\/online-casino-payment-method-trends-2020.jpg\",\"width\":830,\"height\":300,\"caption\":\"payment\"},{\"@type\":\"WebPage\",\"@id\":\"https:\/\/leovegas-au.org\/fr\/payment-methods\/#webpage\",\"url\":\"https:\/\/leovegas-au.org\/fr\/payment-methods\/\",\"name\":\"Modes de paiement Leovegas | Rapide, s\\u00fbr et simple \\u00e0 utiliser\\u00a0!\",\"isPartOf\":{\"@id\":\"https:\/\/leovegas-au.org\/#website\"},\"primaryImageOfPage\":{\"@id\":\"https:\/\/leovegas-au.org\/fr\/payment-methods\/#primaryimage\"},\"datePublished\":\"2022-06-14T14:50:04+00:00\",\"dateModified\":\"2022-07-21T12:38:34+00:00\",\"description\":\"Trouvez les meilleures m\\u00e9thodes de paiement de casino, y compris les cartes de d\\u00e9bit et les portefeuilles \\u00e9lectroniques. D\\u00e9posez des fonds maintenant pour jouer \\u00e0 des jeux en argent r\\u00e9el.\",\"breadcrumb\":{\"@id\":\"https:\/\/leovegas-au.org\/fr\/payment-methods\/#breadcrumb\"},\"inLanguage\":\"fr-FR\",\"potentialAction\":[{\"@type\":\"ReadAction\",\"target\":[\"https:\/\/leovegas-au.org\/fr\/payment-methods\/\"]}]},{\"@type\":\"BreadcrumbList\",\"@id\":\"https:\/\/leovegas-au.org\/fr\/payment-methods\/#breadcrumb\",\"itemListElement\":[{\"@type\":\"ListItem\",\"position\":1,\"name\":\"Home\",\"item\":\"https:\/\/leovegas-au.org\/fr\/\"},{\"@type\":\"ListItem\",\"position\":2,\"name\":\"Les m\\u00e9thodes de paiement les plus populaires dans les casinos\"}]}]}<\/script>\n<!-- \/ Yoast SEO plugin. -->","yoast_head_json":{"title":"Modes de paiement Leovegas | Rapide, s\u00fbr et simple \u00e0 utiliser\u00a0!","description":"Trouvez les meilleures m\u00e9thodes de paiement de casino, y compris les cartes de d\u00e9bit et les portefeuilles \u00e9lectroniques. D\u00e9posez des fonds maintenant pour jouer \u00e0 des jeux en argent r\u00e9el.","robots":{"index":"index","follow":"follow","max-snippet":"max-snippet:-1","max-image-preview":"max-image-preview:large","max-video-preview":"max-video-preview:-1"},"canonical":"https:\/\/leovegas-au.org\/fr\/payment-methods\/","og_type":"article","og_title":"Modes de paiement Leovegas | Rapide, s\u00fbr et simple \u00e0 utiliser\u00a0!","og_description":"Trouvez les meilleures m\u00e9thodes de paiement de casino, y compris les cartes de d\u00e9bit et les portefeuilles \u00e9lectroniques. D\u00e9posez des fonds maintenant pour jouer \u00e0 des jeux en argent r\u00e9el.","og_url":"https:\/\/leovegas-au.org\/fr\/payment-methods\/","og_site_name":"leovegas casino","article_modified_time":"2022-07-21T12:38:34+00:00","og_image":[{"url":"https:\/\/leovegas-au.org\/wp-content\/uploads\/2022\/06\/online-casino-payment-method-trends-2020-300x108.jpg"}],"twitter_card":"summary_large_image","twitter_misc":{"Dur\u00e9e de lecture estim\u00e9e":"4 minutes"},"schema":{"@context":"https:\/\/schema.org","@graph":[{"@type":"WebSite","@id":"https:\/\/leovegas-au.org\/#website","url":"https:\/\/leovegas-au.org\/","name":"leovegas casino","description":"","potentialAction":[{"@type":"SearchAction","target":{"@type":"EntryPoint","urlTemplate":"https:\/\/leovegas-au.org\/?s={search_term_string}"},"query-input":"required name=search_term_string"}],"inLanguage":"fr-FR"},{"@type":"ImageObject","@id":"https:\/\/leovegas-au.org\/fr\/payment-methods\/#primaryimage","inLanguage":"fr-FR","url":"https:\/\/leovegas-au.org\/wp-content\/uploads\/2022\/06\/online-casino-payment-method-trends-2020.jpg","contentUrl":"https:\/\/leovegas-au.org\/wp-content\/uploads\/2022\/06\/online-casino-payment-method-trends-2020.jpg","width":830,"height":300,"caption":"payment"},{"@type":"WebPage","@id":"https:\/\/leovegas-au.org\/fr\/payment-methods\/#webpage","url":"https:\/\/leovegas-au.org\/fr\/payment-methods\/","name":"Modes de paiement Leovegas | Rapide, s\u00fbr et simple \u00e0 utiliser\u00a0!","isPartOf":{"@id":"https:\/\/leovegas-au.org\/#website"},"primaryImageOfPage":{"@id":"https:\/\/leovegas-au.org\/fr\/payment-methods\/#primaryimage"},"datePublished":"2022-06-14T14:50:04+00:00","dateModified":"2022-07-21T12:38:34+00:00","description":"Trouvez les meilleures m\u00e9thodes de paiement de casino, y compris les cartes de d\u00e9bit et les portefeuilles \u00e9lectroniques. D\u00e9posez des fonds maintenant pour jouer \u00e0 des jeux en argent r\u00e9el.","breadcrumb":{"@id":"https:\/\/leovegas-au.org\/fr\/payment-methods\/#breadcrumb"},"inLanguage":"fr-FR","potentialAction":[{"@type":"ReadAction","target":["https:\/\/leovegas-au.org\/fr\/payment-methods\/"]}]},{"@type":"BreadcrumbList","@id":"https:\/\/leovegas-au.org\/fr\/payment-methods\/#breadcrumb","itemListElement":[{"@type":"ListItem","position":1,"name":"Home","item":"https:\/\/leovegas-au.org\/fr\/"},{"@type":"ListItem","position":2,"name":"Les m\u00e9thodes de paiement les plus populaires dans les casinos"}]}]}},"_links":{"self":[{"href":"https:\/\/leovegas-au.org\/fr\/wp-json\/wp\/v2\/pages\/417","targetHints":{"allow":["GET"]}}],"collection":[{"href":"https:\/\/leovegas-au.org\/fr\/wp-json\/wp\/v2\/pages"}],"about":[{"href":"https:\/\/leovegas-au.org\/fr\/wp-json\/wp\/v2\/types\/page"}],"author":[{"embeddable":true,"href":"https:\/\/leovegas-au.org\/fr\/wp-json\/wp\/v2\/users\/1"}],"replies":[{"embeddable":true,"href":"https:\/\/leovegas-au.org\/fr\/wp-json\/wp\/v2\/comments?post=417"}],"version-history":[{"count":6,"href":"https:\/\/leovegas-au.org\/fr\/wp-json\/wp\/v2\/pages\/417\/revisions"}],"predecessor-version":[{"id":584,"href":"https:\/\/leovegas-au.org\/fr\/wp-json\/wp\/v2\/pages\/417\/revisions\/584"}],"wp:attachment":[{"href":"https:\/\/leovegas-au.org\/fr\/wp-json\/wp\/v2\/media?parent=417"}],"curies":[{"name":"wp","href":"https:\/\/api.w.org\/{rel}","templated":true}]}}