{"id":403,"date":"2022-06-14T14:12:00","date_gmt":"2022-06-14T14:12:00","guid":{"rendered":"https:\/\/leovegas-au.org\/?page_id=403"},"modified":"2022-07-21T12:35:11","modified_gmt":"2022-07-21T12:35:11","slug":"video-poker","status":"publish","type":"page","link":"https:\/\/leovegas-au.org\/fr\/video-poker\/","title":{"rendered":"Comment jouer au vid\u00e9o poker casino?"},"content":{"rendered":"<p><span style=\"font-weight: 400;\"><img loading=\"lazy\" decoding=\"async\" class=\" wp-image-398 aligncenter\" src=\"https:\/\/leovegas-au.org\/wp-content\/uploads\/2022\/06\/Image-LeoVegas-Live-Casino-300x169.jpeg\" alt=\"leovegas\" width=\"650\" height=\"366\" srcset=\"https:\/\/leovegas-au.org\/wp-content\/uploads\/2022\/06\/Image-LeoVegas-Live-Casino-300x169.jpeg 300w, https:\/\/leovegas-au.org\/wp-content\/uploads\/2022\/06\/Image-LeoVegas-Live-Casino-768x432.jpeg 768w, https:\/\/leovegas-au.org\/wp-content\/uploads\/2022\/06\/Image-LeoVegas-Live-Casino.jpeg 800w\" sizes=\"auto, (max-width: 650px) 100vw, 650px\" \/><\/span><\/p>\n<p>Le vid\u00e9o poker est l&rsquo;un des jeux de casino les plus populaires et les plus r\u00e9pandus. Il est en demande dans les \u00e9tablissements hors ligne et les portails en ligne.<\/p>\n<p>Le vid\u00e9o poker ressemble \u00e0 une machine \u00e0 sous, sur l&rsquo;\u00e9cran de laquelle les cartes sont distribu\u00e9es. En fait, il s&rsquo;agit d&rsquo;une variante automatis\u00e9e du poker de table.<\/p>\n<h2>Le principal avantage du vid\u00e9o poker<\/h2>\n<p>Le processus de jouer au vid\u00e9o poker dans le <a href=\"https:\/\/leovegas-au.org\/fr\/\">casino Leovegas<\/a> est assez monotone. Les caract\u00e9ristiques de la strat\u00e9gie ne laissent pas de place \u00e0 la fantaisie. Les solutions optimales dans toutes les situations th\u00e9oriquement possibles ont longtemps \u00e9t\u00e9 calcul\u00e9es par les math\u00e9maticiens. Les graphismes et l&rsquo;animation ne sont presque jamais tr\u00e8s spectaculaires.<\/p>\n<div class=\"t-go\"><a href=\"\/go-casino\/?sub_id_1=Leovegas\">OBTENEZ UN BONUS<\/a><\/div>\n<h2>Les r\u00e8gles de base du vid\u00e9o poker<\/h2>\n<p>Le but du vid\u00e9o poker est de collecter l&rsquo;une des combinaisons pr\u00e9vues par les r\u00e8gles du vid\u00e9o poker Leovegas. Si n\u00e9cessaire, vous pouvez changer n&rsquo;importe quel nombre de cartes une fois.<\/p>\n<p>Les paiements sont garantis. Vous n&rsquo;avez pas besoin de battre le croupier, car il n&rsquo;y a pas de croupier ici, ou de d\u00e9pendre d&rsquo;autres circonstances.<\/p>\n<p>Dans certains pokers vid\u00e9o, vous pouvez jouer plusieurs mains en m\u00eame temps. Vous obtenez des cartes sur la ligne de d\u00e9part, laissez les cartes que vous voulez et elles sont dupliqu\u00e9es sur toutes les positions. Ensuite, pour chaque main, de nouvelles cartes sont distribu\u00e9es \u00e0 partir de paquets s\u00e9par\u00e9s. Les paiements sont effectu\u00e9s pour toutes les combinaisons.<\/p>\n<p>Habituellement, l&rsquo;argent re\u00e7u peut \u00eatre retir\u00e9 du solde ou mis en jeu dans le jeu de doublement. Dans le second cas, vous devez choisir l&rsquo;une des cartes ferm\u00e9es. Si elle est plus forte que la carte du croupier, le <a href=\"https:\/\/leovegas-au.org\/fr\/payment-methods\/\">paiement<\/a> est doubl\u00e9. S&rsquo;il est plus faible, le joueur perd de l&rsquo;argent. Un match nul est \u00e9galement possible.<\/p>\n<p>Tous les vid\u00e9o poker ont leurs propres caract\u00e9ristiques, exprim\u00e9es sous ces aspects :<\/p>\n<ul>\n<li>Diff\u00e9rentes listes de combinaisons<\/li>\n<li>Ratios de distribution sp\u00e9ciaux<\/li>\n<li>La pr\u00e9sence ou l&rsquo;absence de jokers<\/li>\n<li>Cumuls de bonus et ainsi de suite<\/li>\n<li>Bonus de vid\u00e9o poker<\/li>\n<\/ul>\n<p>Les caract\u00e9ristiques des prix viennent dans les types de jeux de vid\u00e9o poker. Les options les plus couramment utilis\u00e9es sont\u00a0:<\/p>\n<ul>\n<li>Jokers et particularit\u00e9s de certaines cartes<\/li>\n<li>Paiements excessifs sur de grandes combinaisons au pari maximum<\/li>\n<li>Cotes sp\u00e9ciales pour certaines combinaisons de poker<\/li>\n<li>Tirages th\u00e9matiques<\/li>\n<li>Nous vous recommandons d&rsquo;\u00e9tudier les prix directement dans les revues des mod\u00e8les<\/li>\n<li>Vid\u00e9o poker avec jackpots<\/li>\n<\/ul>\n<p>Dans les jeux de vid\u00e9o poker Leovegas, vous pouvez concourir pour des jackpots cumulatifs. Le plus souvent ils se jouent sur des combinaisons maximales, \u00e0 condition d&rsquo;avoir fait la plus grosse mise. Il existe \u00e9galement des mod\u00e8les de tour de prix avec des r\u00e8gles uniques.<\/p>\n<h2>Strat\u00e9gies de vid\u00e9o poker<\/h2>\n<p>Pour que Leovegas joue au vid\u00e9o poker de mani\u00e8re extr\u00eamement efficace, vous n&rsquo;avez pas besoin de fantasmer ou d&rsquo;agir par intuition. La tactique globale se r\u00e9sume \u00e0 choisir la vari\u00e9t\u00e9 la plus rentable et \u00e0 s\u00e9lectionner la meilleure strat\u00e9gie con\u00e7ue sp\u00e9cifiquement pour ce type.<\/p>\n<p>Il est recommand\u00e9 de commencer par un mode test, se d\u00e9roulant au format libre. Leovegas fournit des versions de d\u00e9monstration \u00ab\u00a0pour le plaisir\u00a0\u00bb. D\u00e9veloppez vos comp\u00e9tences en strat\u00e9gie de vid\u00e9o poker afin de ne pas commettre d&rsquo;erreurs accidentelles.<\/p>\n<p>En g\u00e9n\u00e9ral, si vous ma\u00eetrisez les connaissances de base, toutes les actions recommand\u00e9es semblent logiques et compr\u00e9hensibles.<\/p>\n<h2><b><img loading=\"lazy\" decoding=\"async\" class=\" wp-image-400 aligncenter\" src=\"https:\/\/leovegas-au.org\/wp-content\/uploads\/2022\/06\/LeoVegas-Casino-Review-Play-Safe-300x162.png\" alt=\"leovegas video poker\" width=\"596\" height=\"322\" srcset=\"https:\/\/leovegas-au.org\/wp-content\/uploads\/2022\/06\/LeoVegas-Casino-Review-Play-Safe-300x162.png 300w, https:\/\/leovegas-au.org\/wp-content\/uploads\/2022\/06\/LeoVegas-Casino-Review-Play-Safe-1024x553.png 1024w, https:\/\/leovegas-au.org\/wp-content\/uploads\/2022\/06\/LeoVegas-Casino-Review-Play-Safe-768x415.png 768w, https:\/\/leovegas-au.org\/wp-content\/uploads\/2022\/06\/LeoVegas-Casino-Review-Play-Safe.png 1236w\" sizes=\"auto, (max-width: 596px) 100vw, 596px\" \/><\/b><\/h2>\n<h2>Comment choisir le vid\u00e9o poker ?<\/h2>\n<p>C&rsquo;est un jeu dans lequel le spectacle, la commodit\u00e9 de l&rsquo;interface, la pr\u00e9sence d&rsquo;ajustements et d&rsquo;autres aspects sont d&rsquo;une importance secondaire. La chose principale ici est la probabilit\u00e9 de gagner. Plus le rendement th\u00e9orique est \u00e9lev\u00e9 et moins la sup\u00e9riorit\u00e9 math\u00e9matique de l&rsquo;\u00e9tablissement est bonne, mieux c&rsquo;est.<\/p>\n<p>En cons\u00e9quence, vous devez choisir le vid\u00e9o poker le plus rentable. Tel sera le mod\u00e8le avec le RTP maximum. Essayez de trouver une machine avec un indicateur sup\u00e9rieur \u00e0 100%.<\/p>\n<p>Ensuite, vous devez choisir la strat\u00e9gie optimale. Il n&rsquo;est pas n\u00e9cessaire de le m\u00e9moriser par c\u0153ur si vous jouez au vid\u00e9o poker dans un casino en ligne. Vous pouvez toujours utiliser une feuille de triche, m\u00eame si ce n&rsquo;est pas l&rsquo;approche la plus fiable.<\/p>\n<div class=\"t-go\"><a href=\"\/go-casino\/?sub_id_1=Leovegas\">OBTENEZ UN BONUS<\/a><\/div>\n<h2>Conclusion<\/h2>\n<p>Le principal avantage du vid\u00e9o poker est qu&rsquo;il permet de minimiser l&rsquo;avantage math\u00e9matique du casino et m\u00eame de gagner l&rsquo;establishment. Oui, cela demande un certain effort.<\/p>\n<p>Le vid\u00e9o poker est un jeu de casino unique qui combine les caract\u00e9ristiques des machines de vid\u00e9o poker Leovegas et du poker de table. Le client n&rsquo;a pas d&rsquo;adversaire en tant que tel et les paiements sont accumul\u00e9s pour les combinaisons de poker collect\u00e9es sur l&rsquo;\u00e9cran de la machine. Mais le principal avantage du jeu est la possibilit\u00e9 d&rsquo;agir sur un pied d&rsquo;\u00e9galit\u00e9 avec le casino, ce qui n&rsquo;est pas le cas des machines \u00e0 sous vid\u00e9o ou de la roulette. Jouez au vid\u00e9o poker si vous voulez gagner souvent au casino.<\/p>\n","protected":false},"excerpt":{"rendered":"<p>Le vid\u00e9o poker est l&rsquo;un des jeux de casino les plus populaires et les plus r\u00e9pandus. Il est en demande dans les \u00e9tablissements hors ligne et les portails en ligne. Le vid\u00e9o poker ressemble \u00e0 une machine \u00e0 sous, sur l&rsquo;\u00e9cran de laquelle les cartes sont distribu\u00e9es. En fait, il s&rsquo;agit d&rsquo;une variante automatis\u00e9e du [&hellip;]<\/p>\n","protected":false},"author":1,"featured_media":0,"parent":0,"menu_order":0,"comment_status":"closed","ping_status":"closed","template":"","meta":{"footnotes":""},"class_list":["post-403","page","type-page","status-publish","hentry"],"acf":[],"yoast_head":"<!-- This site is optimized with the Yoast SEO plugin v17.9 - https:\/\/yoast.com\/wordpress\/plugins\/seo\/ -->\n<title>Poker vid\u00e9o en ligne | Revue LeoVegas 2023<\/title>\n<meta name=\"description\" content=\"Le vid\u00e9o poker est l&#039;un des jeux de casino les plus populaires et les plus r\u00e9pandus. Il est en demande dans les \u00e9tablissements hors ligne et les portails en ligne\" \/>\n<meta name=\"robots\" content=\"index, follow, max-snippet:-1, max-image-preview:large, max-video-preview:-1\" \/>\n<link rel=\"canonical\" href=\"https:\/\/leovegas-au.org\/fr\/video-poker\/\" \/>\n<meta property=\"og:type\" content=\"article\" \/>\n<meta property=\"og:title\" content=\"Poker vid\u00e9o en ligne | Revue LeoVegas 2023\" \/>\n<meta property=\"og:description\" content=\"Le vid\u00e9o poker est l&#039;un des jeux de casino les plus populaires et les plus r\u00e9pandus. Il est en demande dans les \u00e9tablissements hors ligne et les portails en ligne\" \/>\n<meta property=\"og:url\" content=\"https:\/\/leovegas-au.org\/fr\/video-poker\/\" \/>\n<meta property=\"og:site_name\" content=\"leovegas casino\" \/>\n<meta property=\"article:modified_time\" content=\"2022-07-21T12:35:11+00:00\" \/>\n<meta property=\"og:image\" content=\"https:\/\/leovegas-au.org\/wp-content\/uploads\/2022\/06\/Image-LeoVegas-Live-Casino-300x169.jpeg\" \/>\n<meta name=\"twitter:card\" content=\"summary_large_image\" \/>\n<meta name=\"twitter:label1\" content=\"Dur\u00e9e de lecture estim\u00e9e\" \/>\n\t<meta name=\"twitter:data1\" content=\"4 minutes\" \/>\n<script type=\"application\/ld+json\" class=\"yoast-schema-graph\">{\"@context\":\"https:\/\/schema.org\",\"@graph\":[{\"@type\":\"WebSite\",\"@id\":\"https:\/\/leovegas-au.org\/#website\",\"url\":\"https:\/\/leovegas-au.org\/\",\"name\":\"leovegas casino\",\"description\":\"\",\"potentialAction\":[{\"@type\":\"SearchAction\",\"target\":{\"@type\":\"EntryPoint\",\"urlTemplate\":\"https:\/\/leovegas-au.org\/?s={search_term_string}\"},\"query-input\":\"required name=search_term_string\"}],\"inLanguage\":\"fr-FR\"},{\"@type\":\"ImageObject\",\"@id\":\"https:\/\/leovegas-au.org\/fr\/video-poker\/#primaryimage\",\"inLanguage\":\"fr-FR\",\"url\":\"https:\/\/leovegas-au.org\/wp-content\/uploads\/2022\/06\/Image-LeoVegas-Live-Casino.jpeg\",\"contentUrl\":\"https:\/\/leovegas-au.org\/wp-content\/uploads\/2022\/06\/Image-LeoVegas-Live-Casino.jpeg\",\"width\":800,\"height\":450,\"caption\":\"leovegas\"},{\"@type\":\"WebPage\",\"@id\":\"https:\/\/leovegas-au.org\/fr\/video-poker\/#webpage\",\"url\":\"https:\/\/leovegas-au.org\/fr\/video-poker\/\",\"name\":\"Poker vid\\u00e9o en ligne | Revue LeoVegas 2023\",\"isPartOf\":{\"@id\":\"https:\/\/leovegas-au.org\/#website\"},\"primaryImageOfPage\":{\"@id\":\"https:\/\/leovegas-au.org\/fr\/video-poker\/#primaryimage\"},\"datePublished\":\"2022-06-14T14:12:00+00:00\",\"dateModified\":\"2022-07-21T12:35:11+00:00\",\"description\":\"Le vid\\u00e9o poker est l'un des jeux de casino les plus populaires et les plus r\\u00e9pandus. Il est en demande dans les \\u00e9tablissements hors ligne et les portails en ligne\",\"breadcrumb\":{\"@id\":\"https:\/\/leovegas-au.org\/fr\/video-poker\/#breadcrumb\"},\"inLanguage\":\"fr-FR\",\"potentialAction\":[{\"@type\":\"ReadAction\",\"target\":[\"https:\/\/leovegas-au.org\/fr\/video-poker\/\"]}]},{\"@type\":\"BreadcrumbList\",\"@id\":\"https:\/\/leovegas-au.org\/fr\/video-poker\/#breadcrumb\",\"itemListElement\":[{\"@type\":\"ListItem\",\"position\":1,\"name\":\"Home\",\"item\":\"https:\/\/leovegas-au.org\/fr\/\"},{\"@type\":\"ListItem\",\"position\":2,\"name\":\"Comment jouer au vid\\u00e9o poker casino?\"}]}]}<\/script>\n<!-- \/ Yoast SEO plugin. -->","yoast_head_json":{"title":"Poker vid\u00e9o en ligne | Revue LeoVegas 2023","description":"Le vid\u00e9o poker est l'un des jeux de casino les plus populaires et les plus r\u00e9pandus. Il est en demande dans les \u00e9tablissements hors ligne et les portails en ligne","robots":{"index":"index","follow":"follow","max-snippet":"max-snippet:-1","max-image-preview":"max-image-preview:large","max-video-preview":"max-video-preview:-1"},"canonical":"https:\/\/leovegas-au.org\/fr\/video-poker\/","og_type":"article","og_title":"Poker vid\u00e9o en ligne | Revue LeoVegas 2023","og_description":"Le vid\u00e9o poker est l'un des jeux de casino les plus populaires et les plus r\u00e9pandus. Il est en demande dans les \u00e9tablissements hors ligne et les portails en ligne","og_url":"https:\/\/leovegas-au.org\/fr\/video-poker\/","og_site_name":"leovegas casino","article_modified_time":"2022-07-21T12:35:11+00:00","og_image":[{"url":"https:\/\/leovegas-au.org\/wp-content\/uploads\/2022\/06\/Image-LeoVegas-Live-Casino-300x169.jpeg"}],"twitter_card":"summary_large_image","twitter_misc":{"Dur\u00e9e de lecture estim\u00e9e":"4 minutes"},"schema":{"@context":"https:\/\/schema.org","@graph":[{"@type":"WebSite","@id":"https:\/\/leovegas-au.org\/#website","url":"https:\/\/leovegas-au.org\/","name":"leovegas casino","description":"","potentialAction":[{"@type":"SearchAction","target":{"@type":"EntryPoint","urlTemplate":"https:\/\/leovegas-au.org\/?s={search_term_string}"},"query-input":"required name=search_term_string"}],"inLanguage":"fr-FR"},{"@type":"ImageObject","@id":"https:\/\/leovegas-au.org\/fr\/video-poker\/#primaryimage","inLanguage":"fr-FR","url":"https:\/\/leovegas-au.org\/wp-content\/uploads\/2022\/06\/Image-LeoVegas-Live-Casino.jpeg","contentUrl":"https:\/\/leovegas-au.org\/wp-content\/uploads\/2022\/06\/Image-LeoVegas-Live-Casino.jpeg","width":800,"height":450,"caption":"leovegas"},{"@type":"WebPage","@id":"https:\/\/leovegas-au.org\/fr\/video-poker\/#webpage","url":"https:\/\/leovegas-au.org\/fr\/video-poker\/","name":"Poker vid\u00e9o en ligne | Revue LeoVegas 2023","isPartOf":{"@id":"https:\/\/leovegas-au.org\/#website"},"primaryImageOfPage":{"@id":"https:\/\/leovegas-au.org\/fr\/video-poker\/#primaryimage"},"datePublished":"2022-06-14T14:12:00+00:00","dateModified":"2022-07-21T12:35:11+00:00","description":"Le vid\u00e9o poker est l'un des jeux de casino les plus populaires et les plus r\u00e9pandus. Il est en demande dans les \u00e9tablissements hors ligne et les portails en ligne","breadcrumb":{"@id":"https:\/\/leovegas-au.org\/fr\/video-poker\/#breadcrumb"},"inLanguage":"fr-FR","potentialAction":[{"@type":"ReadAction","target":["https:\/\/leovegas-au.org\/fr\/video-poker\/"]}]},{"@type":"BreadcrumbList","@id":"https:\/\/leovegas-au.org\/fr\/video-poker\/#breadcrumb","itemListElement":[{"@type":"ListItem","position":1,"name":"Home","item":"https:\/\/leovegas-au.org\/fr\/"},{"@type":"ListItem","position":2,"name":"Comment jouer au vid\u00e9o poker casino?"}]}]}},"_links":{"self":[{"href":"https:\/\/leovegas-au.org\/fr\/wp-json\/wp\/v2\/pages\/403","targetHints":{"allow":["GET"]}}],"collection":[{"href":"https:\/\/leovegas-au.org\/fr\/wp-json\/wp\/v2\/pages"}],"about":[{"href":"https:\/\/leovegas-au.org\/fr\/wp-json\/wp\/v2\/types\/page"}],"author":[{"embeddable":true,"href":"https:\/\/leovegas-au.org\/fr\/wp-json\/wp\/v2\/users\/1"}],"replies":[{"embeddable":true,"href":"https:\/\/leovegas-au.org\/fr\/wp-json\/wp\/v2\/comments?post=403"}],"version-history":[{"count":5,"href":"https:\/\/leovegas-au.org\/fr\/wp-json\/wp\/v2\/pages\/403\/revisions"}],"predecessor-version":[{"id":581,"href":"https:\/\/leovegas-au.org\/fr\/wp-json\/wp\/v2\/pages\/403\/revisions\/581"}],"wp:attachment":[{"href":"https:\/\/leovegas-au.org\/fr\/wp-json\/wp\/v2\/media?parent=403"}],"curies":[{"name":"wp","href":"https:\/\/api.w.org\/{rel}","templated":true}]}}