{"id":392,"date":"2022-06-14T12:49:49","date_gmt":"2022-06-14T12:49:49","guid":{"rendered":"https:\/\/leovegas-au.org\/?page_id=392"},"modified":"2022-08-03T15:38:13","modified_gmt":"2022-08-03T15:38:13","slug":"live-casino","status":"publish","type":"page","link":"https:\/\/leovegas-au.org\/fr\/live-casino\/","title":{"rendered":"Qu&rsquo;est-ce que le casino en direct et comment \u00e7a marche"},"content":{"rendered":"<p><span style=\"font-weight: 400;\"><img loading=\"lazy\" decoding=\"async\" class=\" wp-image-387 aligncenter\" src=\"https:\/\/leovegas-au.org\/wp-content\/uploads\/2022\/06\/leovegas-live-casino-bonus-300x100.jpg\" alt=\"leovegas live casino\" width=\"654\" height=\"218\" srcset=\"https:\/\/leovegas-au.org\/wp-content\/uploads\/2022\/06\/leovegas-live-casino-bonus-300x100.jpg 300w, https:\/\/leovegas-au.org\/wp-content\/uploads\/2022\/06\/leovegas-live-casino-bonus-768x255.jpg 768w, https:\/\/leovegas-au.org\/wp-content\/uploads\/2022\/06\/leovegas-live-casino-bonus.jpg 916w\" sizes=\"auto, (max-width: 654px) 100vw, 654px\" \/><\/span><\/p>\n<p>Ces derni\u00e8res ann\u00e9es, les casinos en ligne en direct ont gagn\u00e9 la reconnaissance des joueurs du monde entier. Les clients des casinos en ligne en direct n&rsquo;ont pas besoin de quitter leur domicile pour acc\u00e9der \u00e0 tous les jeux de casino populaires, aux bonus, aux promotions et se rapprocher vraiment de l&rsquo;atmosph\u00e8re de jeu des vrais casinos terrestres. De nos jours, il y a vraiment beaucoup de casinos en ligne et il est vraiment difficile d&rsquo;en choisir un qui convienne.<\/p>\n<p>Le casino en direct Leovegas avec croupiers en direct est l&rsquo;un de ces jeux que les amateurs de jeux de table choisissent pour une raison. Les joueurs peuvent s&rsquo;asseoir \u00e0 une table mise en place par une personne r\u00e9elle et m\u00eame communiquer avec une personne r\u00e9elle gr\u00e2ce \u00e0 la fonction de chat en direct. Quels sont les principaux avantages de jouer \u00e0 des jeux de casino en ligne \u00e0 la maison\u00a0?<\/p>\n<div class=\"t-go\"><a href=\"\/go-casino\/?sub_id_1=Leovegas\">OBTENEZ UN BONUS<\/a><\/div>\n<h2>Exp\u00e9rience de jeu authentique<\/h2>\n<p>Dans un casino en direct, presque tout a une dimension physique et vous donne le sentiment d&rsquo;une exp\u00e9rience authentique. Apr\u00e8s tout, les casinos en direct sont des jeux de table : roulette, blackjack, craps et poker en ligne. Vous pouvez voir un vrai jeu de cartes sur l&rsquo;\u00e9cran de votre appareil, entendre les d\u00e9s \u00eatre lanc\u00e9s sur la table et regarder la roulette tourner. Plus important encore, le r\u00e9sultat des jeux n&rsquo;aura rien \u00e0 voir avec le g\u00e9n\u00e9rateur de nombres al\u00e9atoires, de sorte que les r\u00e9sultats ne seront pas g\u00e9n\u00e9r\u00e9s par un programme informatique. Au lieu de cela, votre propre strat\u00e9gie et votre chance seront prises en compte.<\/p>\n<h2>Commodit\u00e9<\/h2>\n<p>La possibilit\u00e9 de profiter d&rsquo;un v\u00e9ritable divertissement dans le confort de votre propre maison a une dimension suppl\u00e9mentaire. Les jeux Leovegas peuvent \u00eatre jou\u00e9s n&rsquo;importe o\u00f9. Vous pouvez profiter du jeu assis sur le canap\u00e9 en pyjama, en sirotant un caf\u00e9 ou assis sur le balcon, en profitant de la grande qualit\u00e9 vid\u00e9o et de la possibilit\u00e9 de voir ce qui se passe dans le studio sous diff\u00e9rents angles. Pas de tenues \u00e9l\u00e9gantes, de taxis lou\u00e9s ou de masques \u00e0 la table de jeu. La s\u00e9curit\u00e9 a \u00e9galement une dimension virtuelle ici &#8211; dans les casinos en direct r\u00e9put\u00e9s, les donn\u00e9es personnelles et les fonds des joueurs sont toujours s\u00e9curis\u00e9s.<\/p>\n<h2>Des bonus attractifs<\/h2>\n<p>Dans les casinos terrestres, vous ne trouverez pas d&rsquo;offres de bonus soigneusement s\u00e9lectionn\u00e9es que vous pourrez utiliser r\u00e9guli\u00e8rement. Chez Leovegas, en particulier ceux con\u00e7us pour les joueurs de jeux en direct, le nombre de bonus et de promotions rend essentiellement le temps de jeu agr\u00e9able. Les clients du casino en direct peuvent profiter des bonus de bienvenue et obtenir des jeux de casino en direct en argent r\u00e9el Leovegas pour leurs d\u00e9p\u00f4ts, participer \u00e0 des tournois de jeux de table, obtenir des bonus de cashback pour les pertes dans les jeux en direct et gagner des points de fid\u00e9lit\u00e9.<\/p>\n<p><b><img loading=\"lazy\" decoding=\"async\" class=\" wp-image-389 aligncenter\" src=\"https:\/\/leovegas-au.org\/wp-content\/uploads\/2022\/06\/leo-vegas-exclusive-tables-300x146.jpg\" alt=\"leovegas casino\" width=\"697\" height=\"339\" srcset=\"https:\/\/leovegas-au.org\/wp-content\/uploads\/2022\/06\/leo-vegas-exclusive-tables-300x146.jpg 300w, https:\/\/leovegas-au.org\/wp-content\/uploads\/2022\/06\/leo-vegas-exclusive-tables.jpg 558w\" sizes=\"auto, (max-width: 697px) 100vw, 697px\" \/><\/b><\/p>\n<h2>Jeux uniques<\/h2>\n<p>La plupart des d\u00e9veloppeurs qui proposent des jeux avec croupiers en direct Leovegas offrent suffisamment de vari\u00e9t\u00e9 pour r\u00e9pondre aux besoins de tous les joueurs et leur offrir une exp\u00e9rience amusante. C&rsquo;est pourquoi la plupart des casinos en direct proposent de nombreuses variantes de <a href=\"https:\/\/leovegas-au.org\/fr\/live-baccarat\/\">baccarat<\/a>, de <a href=\"https:\/\/leovegas-au.org\/fr\/live-roulette\/\">roulette<\/a>, de <a href=\"https:\/\/leovegas-au.org\/fr\/live-blackjack\/\">blackjack<\/a> et de poker avec diff\u00e9rentes limites de mise, des fonctionnalit\u00e9s suppl\u00e9mentaires et des r\u00e8gles de jeu mises \u00e0 jour, ainsi que des jeux passionnants bas\u00e9s sur des \u00e9missions de <a href=\"https:\/\/leovegas-au.org\/fr\/game-shows\/\">t\u00e9l\u00e9vision populaires<\/a>.<\/p>\n<p>Alors que certains joueurs peuvent \u00eatre attir\u00e9s par les tables \u00e0 faible limite, les joueurs \u00e0 enjeux \u00e9lev\u00e9s peuvent vouloir rejoindre les tables <a href=\"https:\/\/leovegas-au.org\/fr\/vip\/\">VIP<\/a> r\u00e9serv\u00e9es \u00e0 certains membres du casino en direct qui jouent fr\u00e9quemment et \u00e0 des enjeux \u00e9lev\u00e9s. De plus, de nombreux casinos en direct proposent de nombreuses tables avec des croupiers multilingues.<\/p>\n<div class=\"t-go\"><a href=\"\/go-casino\/?sub_id_1=Leovegas\">OBTENEZ UN BONUS<\/a><\/div>\n<h2>Garantie d&rsquo;int\u00e9grit\u00e9<\/h2>\n<p>Un avantage indiscutable et l&rsquo;un des plus importants des casinos en ligne avec de vrais croupiers est la garantie d&rsquo;un casino en direct \u00e9quitable et \u00e9quitable <a href=\"https:\/\/leovegas-au.org\/fr\/\">Leovegas<\/a>. Ce n&rsquo;est un secret pour personne que de nombreux amateurs de jeu ne sont pas press\u00e9s de s&rsquo;inscrire dans les casinos en ligne simplement parce qu&rsquo;ils pensent que le syst\u00e8me informatique de g\u00e9n\u00e9ration de nombres al\u00e9atoires est un canular dirig\u00e9 contre les joueurs. Chaque joueur d&rsquo;un casino en ligne avec un croupier en direct peut facilement v\u00e9rifier l&rsquo;absence de triche et l&rsquo;\u00e9quit\u00e9 du jeu. Il suffit de demander au croupier de faire signe \u00e0 la cam\u00e9ra ou de faire un autre geste, et alors les doutes sur la d\u00e9cence du casino ne subsisteront pas.<\/p>\n<p>Pour r\u00e9sumer, ces avantages rendent les casinos en ligne plus accessibles et plus demand\u00e9s. Tout est tr\u00e8s accessible et simple, pas comme cela peut para\u00eetre \u00e0 premi\u00e8re vue. Leovegas est une alternative valable aux maisons de jeu terrestres.<\/p>\n<p>Les jeux de casino en direct de Leovegas varient consid\u00e9rablement, et il y a probablement un jeu qui satisfera vos besoins ou vos d\u00e9sirs, quels qu&rsquo;ils soient.<\/p>\n","protected":false},"excerpt":{"rendered":"<p>Ces derni\u00e8res ann\u00e9es, les casinos en ligne en direct ont gagn\u00e9 la reconnaissance des joueurs du monde entier. Les clients des casinos en ligne en direct n&rsquo;ont pas besoin de quitter leur domicile pour acc\u00e9der \u00e0 tous les jeux de casino populaires, aux bonus, aux promotions et se rapprocher vraiment de l&rsquo;atmosph\u00e8re de jeu des [&hellip;]<\/p>\n","protected":false},"author":1,"featured_media":0,"parent":0,"menu_order":0,"comment_status":"closed","ping_status":"closed","template":"","meta":{"footnotes":""},"class_list":["post-392","page","type-page","status-publish","hentry"],"acf":[],"yoast_head":"<!-- This site is optimized with the Yoast SEO plugin v17.9 - https:\/\/yoast.com\/wordpress\/plugins\/seo\/ -->\n<title>Revue du casino en direct de LeoVegas - Jeux, bonus et logiciels<\/title>\n<meta name=\"description\" content=\"LeoVegas propose un excellent m\u00e9lange de casinos en direct. Evolution (avec tables d\u00e9di\u00e9es), Ezugi, Authentic Gaming, Playtech et Pragmatic Play.\" \/>\n<meta name=\"robots\" content=\"index, follow, max-snippet:-1, max-image-preview:large, max-video-preview:-1\" \/>\n<link rel=\"canonical\" href=\"https:\/\/leovegas-au.org\/fr\/live-casino\/\" \/>\n<meta property=\"og:type\" content=\"article\" \/>\n<meta property=\"og:title\" content=\"Revue du casino en direct de LeoVegas - Jeux, bonus et logiciels\" \/>\n<meta property=\"og:description\" content=\"LeoVegas propose un excellent m\u00e9lange de casinos en direct. Evolution (avec tables d\u00e9di\u00e9es), Ezugi, Authentic Gaming, Playtech et Pragmatic Play.\" \/>\n<meta property=\"og:url\" content=\"https:\/\/leovegas-au.org\/fr\/live-casino\/\" \/>\n<meta property=\"og:site_name\" content=\"leovegas casino\" \/>\n<meta property=\"article:modified_time\" content=\"2022-08-03T15:38:13+00:00\" \/>\n<meta property=\"og:image\" content=\"https:\/\/leovegas-au.org\/wp-content\/uploads\/2022\/06\/leovegas-live-casino-bonus-300x100.jpg\" \/>\n<meta name=\"twitter:card\" content=\"summary_large_image\" \/>\n<meta name=\"twitter:label1\" content=\"Dur\u00e9e de lecture estim\u00e9e\" \/>\n\t<meta name=\"twitter:data1\" content=\"4 minutes\" \/>\n<script type=\"application\/ld+json\" class=\"yoast-schema-graph\">{\"@context\":\"https:\/\/schema.org\",\"@graph\":[{\"@type\":\"WebSite\",\"@id\":\"https:\/\/leovegas-au.org\/#website\",\"url\":\"https:\/\/leovegas-au.org\/\",\"name\":\"leovegas casino\",\"description\":\"\",\"potentialAction\":[{\"@type\":\"SearchAction\",\"target\":{\"@type\":\"EntryPoint\",\"urlTemplate\":\"https:\/\/leovegas-au.org\/?s={search_term_string}\"},\"query-input\":\"required name=search_term_string\"}],\"inLanguage\":\"fr-FR\"},{\"@type\":\"ImageObject\",\"@id\":\"https:\/\/leovegas-au.org\/fr\/live-casino\/#primaryimage\",\"inLanguage\":\"fr-FR\",\"url\":\"https:\/\/leovegas-au.org\/wp-content\/uploads\/2022\/06\/leovegas-live-casino-bonus.jpg\",\"contentUrl\":\"https:\/\/leovegas-au.org\/wp-content\/uploads\/2022\/06\/leovegas-live-casino-bonus.jpg\",\"width\":916,\"height\":304,\"caption\":\"leovegas live casino\"},{\"@type\":\"WebPage\",\"@id\":\"https:\/\/leovegas-au.org\/fr\/live-casino\/#webpage\",\"url\":\"https:\/\/leovegas-au.org\/fr\/live-casino\/\",\"name\":\"Revue du casino en direct de LeoVegas - Jeux, bonus et logiciels\",\"isPartOf\":{\"@id\":\"https:\/\/leovegas-au.org\/#website\"},\"primaryImageOfPage\":{\"@id\":\"https:\/\/leovegas-au.org\/fr\/live-casino\/#primaryimage\"},\"datePublished\":\"2022-06-14T12:49:49+00:00\",\"dateModified\":\"2022-08-03T15:38:13+00:00\",\"description\":\"LeoVegas propose un excellent m\\u00e9lange de casinos en direct. Evolution (avec tables d\\u00e9di\\u00e9es), Ezugi, Authentic Gaming, Playtech et Pragmatic Play.\",\"breadcrumb\":{\"@id\":\"https:\/\/leovegas-au.org\/fr\/live-casino\/#breadcrumb\"},\"inLanguage\":\"fr-FR\",\"potentialAction\":[{\"@type\":\"ReadAction\",\"target\":[\"https:\/\/leovegas-au.org\/fr\/live-casino\/\"]}]},{\"@type\":\"BreadcrumbList\",\"@id\":\"https:\/\/leovegas-au.org\/fr\/live-casino\/#breadcrumb\",\"itemListElement\":[{\"@type\":\"ListItem\",\"position\":1,\"name\":\"Home\",\"item\":\"https:\/\/leovegas-au.org\/fr\/\"},{\"@type\":\"ListItem\",\"position\":2,\"name\":\"Qu&#8217;est-ce que le casino en direct et comment \\u00e7a marche\"}]}]}<\/script>\n<!-- \/ Yoast SEO plugin. -->","yoast_head_json":{"title":"Revue du casino en direct de LeoVegas - Jeux, bonus et logiciels","description":"LeoVegas propose un excellent m\u00e9lange de casinos en direct. Evolution (avec tables d\u00e9di\u00e9es), Ezugi, Authentic Gaming, Playtech et Pragmatic Play.","robots":{"index":"index","follow":"follow","max-snippet":"max-snippet:-1","max-image-preview":"max-image-preview:large","max-video-preview":"max-video-preview:-1"},"canonical":"https:\/\/leovegas-au.org\/fr\/live-casino\/","og_type":"article","og_title":"Revue du casino en direct de LeoVegas - Jeux, bonus et logiciels","og_description":"LeoVegas propose un excellent m\u00e9lange de casinos en direct. Evolution (avec tables d\u00e9di\u00e9es), Ezugi, Authentic Gaming, Playtech et Pragmatic Play.","og_url":"https:\/\/leovegas-au.org\/fr\/live-casino\/","og_site_name":"leovegas casino","article_modified_time":"2022-08-03T15:38:13+00:00","og_image":[{"url":"https:\/\/leovegas-au.org\/wp-content\/uploads\/2022\/06\/leovegas-live-casino-bonus-300x100.jpg"}],"twitter_card":"summary_large_image","twitter_misc":{"Dur\u00e9e de lecture estim\u00e9e":"4 minutes"},"schema":{"@context":"https:\/\/schema.org","@graph":[{"@type":"WebSite","@id":"https:\/\/leovegas-au.org\/#website","url":"https:\/\/leovegas-au.org\/","name":"leovegas casino","description":"","potentialAction":[{"@type":"SearchAction","target":{"@type":"EntryPoint","urlTemplate":"https:\/\/leovegas-au.org\/?s={search_term_string}"},"query-input":"required name=search_term_string"}],"inLanguage":"fr-FR"},{"@type":"ImageObject","@id":"https:\/\/leovegas-au.org\/fr\/live-casino\/#primaryimage","inLanguage":"fr-FR","url":"https:\/\/leovegas-au.org\/wp-content\/uploads\/2022\/06\/leovegas-live-casino-bonus.jpg","contentUrl":"https:\/\/leovegas-au.org\/wp-content\/uploads\/2022\/06\/leovegas-live-casino-bonus.jpg","width":916,"height":304,"caption":"leovegas live casino"},{"@type":"WebPage","@id":"https:\/\/leovegas-au.org\/fr\/live-casino\/#webpage","url":"https:\/\/leovegas-au.org\/fr\/live-casino\/","name":"Revue du casino en direct de LeoVegas - Jeux, bonus et logiciels","isPartOf":{"@id":"https:\/\/leovegas-au.org\/#website"},"primaryImageOfPage":{"@id":"https:\/\/leovegas-au.org\/fr\/live-casino\/#primaryimage"},"datePublished":"2022-06-14T12:49:49+00:00","dateModified":"2022-08-03T15:38:13+00:00","description":"LeoVegas propose un excellent m\u00e9lange de casinos en direct. Evolution (avec tables d\u00e9di\u00e9es), Ezugi, Authentic Gaming, Playtech et Pragmatic Play.","breadcrumb":{"@id":"https:\/\/leovegas-au.org\/fr\/live-casino\/#breadcrumb"},"inLanguage":"fr-FR","potentialAction":[{"@type":"ReadAction","target":["https:\/\/leovegas-au.org\/fr\/live-casino\/"]}]},{"@type":"BreadcrumbList","@id":"https:\/\/leovegas-au.org\/fr\/live-casino\/#breadcrumb","itemListElement":[{"@type":"ListItem","position":1,"name":"Home","item":"https:\/\/leovegas-au.org\/fr\/"},{"@type":"ListItem","position":2,"name":"Qu&#8217;est-ce que le casino en direct et comment \u00e7a marche"}]}]}},"_links":{"self":[{"href":"https:\/\/leovegas-au.org\/fr\/wp-json\/wp\/v2\/pages\/392","targetHints":{"allow":["GET"]}}],"collection":[{"href":"https:\/\/leovegas-au.org\/fr\/wp-json\/wp\/v2\/pages"}],"about":[{"href":"https:\/\/leovegas-au.org\/fr\/wp-json\/wp\/v2\/types\/page"}],"author":[{"embeddable":true,"href":"https:\/\/leovegas-au.org\/fr\/wp-json\/wp\/v2\/users\/1"}],"replies":[{"embeddable":true,"href":"https:\/\/leovegas-au.org\/fr\/wp-json\/wp\/v2\/comments?post=392"}],"version-history":[{"count":7,"href":"https:\/\/leovegas-au.org\/fr\/wp-json\/wp\/v2\/pages\/392\/revisions"}],"predecessor-version":[{"id":752,"href":"https:\/\/leovegas-au.org\/fr\/wp-json\/wp\/v2\/pages\/392\/revisions\/752"}],"wp:attachment":[{"href":"https:\/\/leovegas-au.org\/fr\/wp-json\/wp\/v2\/media?parent=392"}],"curies":[{"name":"wp","href":"https:\/\/api.w.org\/{rel}","templated":true}]}}