{"id":367,"date":"2022-04-25T18:20:26","date_gmt":"2022-04-25T18:20:26","guid":{"rendered":"https:\/\/leovegas-au.org\/?page_id=367"},"modified":"2022-08-03T15:48:05","modified_gmt":"2022-08-03T15:48:05","slug":"card-games","status":"publish","type":"page","link":"https:\/\/leovegas-au.org\/fr\/card-games\/","title":{"rendered":"LeoVegas\u00a0: jeux de casino gratuits"},"content":{"rendered":"<p>L&rsquo;un des principaux avantages d&rsquo;un casino de jeu est les jeux gratuits. Tous les utilisateurs qui ont visit\u00e9 le club peuvent ex\u00e9cuter n&rsquo;importe quel jeu en mode d\u00e9mo. Cela ne n\u00e9cessite pas d&rsquo;inscription. Vous pouvez \u00e9galement jouer aux cartes gratuitement. Ce sont ceux qui sont tr\u00e8s populaires parmi les utilisateurs qui jouent gratuitement. La monnaie est des pi\u00e8ces ou des cr\u00e9dits. Lorsque vous gagnez, ils sont cr\u00e9dit\u00e9s sur un compte virtuel, qui peut \u00eatre mis \u00e0 jour et recommencer n&rsquo;importe quel jeu de cartes.<\/p>\n<p>LeoVegas est un casino en ligne avec des jeux gratuits. Chaque client pourra choisir un excellent jeu de cartes ou une machine virtuelle dans le club. Vous n&rsquo;avez m\u00eame pas besoin de vous inscrire pour jouer. Les utilisateurs ont un choix \u00e9norme!<\/p>\n<p>Le jeu de cartes est arriv\u00e9 dans les pays europ\u00e9ens depuis l&rsquo;Asie de l&rsquo;Est. Dans les temps anciens, les Chinois jouaient pour de l&rsquo;argent en utilisant des tablettes de bambou ou de bois avec divers symboles. En Inde, les cartes ganjifa rondes ont \u00e9t\u00e9 utilis\u00e9es pour la premi\u00e8re fois. Dans l&rsquo;ancien Japon, les coquilles de moules imprim\u00e9es \u00e9taient utilis\u00e9es comme cartes. Jou\u00e9 dans l&rsquo;antiquit\u00e9 et les cartes osseuses.<\/p>\n<p>Les cartes utilis\u00e9es par les marins et marchands arabes, et plus tard par les Mamelouks, ressemblaient quelque peu aux cartes de tarot modernes. Ce sont eux qui ont \u00e9t\u00e9 amen\u00e9s par des voyageurs d&rsquo;Afrique et d&rsquo;Asie en Europe du Sud. Ils avaient 4 couleurs, 22 atouts et 56 arcanes mineurs.<\/p>\n<p>En raison des coutumes musulmanes, au d\u00e9but, seuls des ornements ou des figures g\u00e9om\u00e9triques \u00e9taient appliqu\u00e9s sur les cartes. Les r\u00e8gles du jeu \u00e9taient diff\u00e9rentes, constamment am\u00e9lior\u00e9es et modifi\u00e9es. Vous trouverez ici diff\u00e9rentes versions des jeux de cartes de casino populaires LeoVegas.<\/p>\n<div class=\"t-go\"><a href=\"\/go-casino\/?sub_id_1=Leovegas\">OBTENEZ UN BONUS<\/a><\/div>\n<h2>R\u00e8gles g\u00e9n\u00e9rales pour jouer aux cartes pour de l&rsquo;argent<\/h2>\n<p>Un jeu de cartes \u00e0 jouer s&rsquo;appelle un deck. Chaque carte d&rsquo;un c\u00f4t\u00e9 (face), sa valeur est indiqu\u00e9e, et le verso (chemise) a le m\u00eame dessin. Sur notre site, il existe diff\u00e9rentes variantes de jeux utilisant des cartes \u00e0 jouer. Ils peuvent utiliser un jeu de 24, 32, 36 ou 54 cartes.<\/p>\n<p>Il existe des jeux o\u00f9 l&rsquo;on peut jouer un joueur contre le croupier, ainsi que des modifications de jeux de cartes lorsque la r\u00e9partition a lieu entre plusieurs adversaires. Dans les jeux en direct, o\u00f9 des jeux de cartes avec diff\u00e9rentes combinaisons et images sont utilis\u00e9s, vous pouvez jouer pour de l&rsquo;argent avec un croupier ou avec d&rsquo;autres participants.<\/p>\n<h2><span style=\"font-weight: 400;\"><img loading=\"lazy\" decoding=\"async\" class=\" wp-image-363 aligncenter\" src=\"https:\/\/leovegas-au.org\/wp-content\/uploads\/2022\/04\/blackjack_game-300x199.jpg\" alt=\"card games\" width=\"877\" height=\"582\" srcset=\"https:\/\/leovegas-au.org\/wp-content\/uploads\/2022\/04\/blackjack_game-300x199.jpg 300w, https:\/\/leovegas-au.org\/wp-content\/uploads\/2022\/04\/blackjack_game.jpg 725w\" sizes=\"auto, (max-width: 877px) 100vw, 877px\" \/><\/span><\/h2>\n<h2>Avantages des jeux de cartes<\/h2>\n<p>Contrairement aux machines \u00e0 sous gratuites traditionnelles disponibles dans les casinos fixes et en ligne, les jeux de cartes de jeu n\u00e9cessitent certaines comp\u00e9tences et capacit\u00e9s. Cela attire de nombreux fans de divertissement d&rsquo;adr\u00e9naline. Apr\u00e8s tout, les niveaux gagnants ici ne d\u00e9pendent pas seulement de la chance, mais aussi des connaissances ou des comp\u00e9tences du joueur lui-m\u00eame.<\/p>\n<p>Il existe de nombreuses options pour les ensembles de cartes qui sont faites avec des r\u00e8gles sp\u00e9cifiques \u00e0 l&rsquo;esprit. De nombreux types de jeux de cartes de casino diff\u00e9rents LeoVegas n\u00e9cessitent une bonne m\u00e9moire, et ici vous avez besoin \u00e0 la fois de capacit\u00e9s math\u00e9matiques et de la capacit\u00e9 de r\u00e9agir rapidement \u00e0 la situation actuelle. Diff\u00e9rentes versions de ces divertissements n\u00e9cessitent :<\/p>\n<ul>\n<li>calcul sobre;<\/li>\n<li>la capacit\u00e9 de comprendre calmement la situation actuelle;<\/li>\n<li>la capacit\u00e9 de prendre des d\u00e9cisions froides et mesur\u00e9es\u00a0;<\/li>\n<li>certaines connaissances et exp\u00e9riences;<\/li>\n<li>exclusion de l&rsquo;\u00e9motivit\u00e9 excessive ou de la spontan\u00e9it\u00e9;<\/li>\n<li>esprit, pens\u00e9e logique et capacit\u00e9s d&rsquo;analyse;<\/li>\n<li>connaissance des diverses tactiques et strat\u00e9gies du jeu.<\/li>\n<\/ul>\n<div class=\"t-go\"><a href=\"\/go-casino\/?sub_id_1=Leovegas\">OBTENEZ UN BONUS<\/a><\/div>\n<h2>Caract\u00e9ristiques du jeu avec des cartes \u00e0 jouer<\/h2>\n<p>Bien s\u00fbr, dans les jeux de cartes, il y a une certaine quantit\u00e9 de chance et de chance dont les joueurs ont besoin pour obtenir les bonnes cartes lorsqu&rsquo;elles sont distribu\u00e9es. Cependant, cela d\u00e9pend beaucoup du visiteur du casino lui-m\u00eame, qui doit battre le croupier ou ses adversaires. La chose la plus importante ici est la capacit\u00e9 de calculer correctement les probabilit\u00e9s de certaines combinaisons, en fonction de nombreux facteurs.<\/p>\n<p>Il existe diff\u00e9rentes variantes de ces jeux, utilisant des cartes qui peuvent \u00eatre class\u00e9es par groupes et caract\u00e9ristiques. Vous pouvez jouer aux jeux de cartes LeoVegas\u00a0:<\/p>\n<ul>\n<li>avec un ensemble de points sur les pots-de-vin (borax, ch\u00e8vre, fin);<\/li>\n<li>pour d\u00e9fausser des cartes (dominos, kun-kin, \u00e9chelle, lande);<\/li>\n<li>avec l&rsquo;accumulation du montant des pots-de-vin (brisk ou ekarte);<\/li>\n<li>sur la combinaison la plus \u00e9lev\u00e9e (macao ou poker) ;<\/li>\n<li>laisser tomber et raccrocher (ou simplement raccrocher) (diverses variantes du fou).<\/li>\n<\/ul>\n<h2>Divers jeux de cartes<\/h2>\n<p>Il existe de nombreux jeux de cartes diff\u00e9rents qui peuvent \u00eatre jou\u00e9s dans les maisons de jeux, \u00e0 la fois r\u00e9els et virtuels. Certains d&rsquo;entre eux sont populaires dans certaines r\u00e9gions, d&rsquo;autres ne sont disponibles que dans certains \u00e9tablissements de jeux. Certains sont obsol\u00e8tes, d&rsquo;autres gagnent en popularit\u00e9.<\/p>\n<h2>Variantes de jeux de cartes<\/h2>\n<p>Le plus souvent, dans les casinos en ligne, vous pouvez trouver diff\u00e9rentes options pour les jeux de cartes suivants :<\/p>\n<ul>\n<li><a href=\"https:\/\/leovegas-au.org\/fr\/blackjack\/\">Blackjack<\/a> ou Poker ;<\/li>\n<li>Bura ou \u00c9carte\u00a0;<\/li>\n<li>Point ou Pharaon\u00a0;<\/li>\n<li><a href=\"https:\/\/leovegas-au.org\/fr\/baccarat\/\">Baccarat<\/a> ou Seca\u00a0;<\/li>\n<li>Ivrogne ou Macao\u00a0;<\/li>\n<li>etc.<\/li>\n<\/ul>\n<p>Il existe des jeux de cartes de casino LeoVegas dans lesquels il est n\u00e9cessaire non seulement d&rsquo;avoir de bonnes cartes en main, mais aussi de prendre la bonne d\u00e9cision dans la situation actuelle, en analysant les mouvements et les actions des autres joueurs. Un excellent exemple est le pari au poker ou au seca. Ici, les joueurs forment les mises initiales, qui sont ensuite augment\u00e9es en fonction des cartes en main. Dans de tels jeux, vous pouvez vous coucher en d\u00e9faussant des cartes et en donnant les gains \u00e0 votre adversaire (croupier).<\/p>\n<h2>Comment choisir un bon jeu de cartes ?<\/h2>\n<p>Une grande vari\u00e9t\u00e9 de jeux rend le choix d&rsquo;une table de poker beaucoup plus difficile. Par cons\u00e9quent, notre syst\u00e8me vous propose des jeux selon le syst\u00e8me de classement. En d&rsquo;autres termes, seuls les meilleurs jeux de cartes de casino en ligne LeoVegas jouables gratuitement et pour de l&rsquo;argent r\u00e9el seront les premiers \u00e0 vous \u00eatre propos\u00e9s. En m\u00eame temps, l&rsquo;atmosph\u00e8re d&rsquo;un vrai casino est pr\u00e9serv\u00e9e \u00e0 l&rsquo;int\u00e9rieur de chaque jeu. Et en plus, vous jouerez avec des joueurs en direct dans le respect de toutes les r\u00e8gles du vrai poker. Le choix du jeu peut s&rsquo;effectuer par la recherche en indiquant le nom du jeu. Ou faites confiance \u00e0 votre intuition et faites votre propre choix.<\/p>\n<div class=\"t-go\"><a href=\"\/go-casino\/?sub_id_1=Leovegas\">OBTENEZ UN BONUS<\/a><\/div>\n<h2>Comment commencer \u00e0 jouer aux jeux de cartes<\/h2>\n<p>Pour jouer aux jeux de cartes d\u00e8s maintenant, il suffit de s&rsquo;inscrire aupr\u00e8s de LeoVegas. Apr\u00e8s cela, vous pourrez r\u00e9approvisionner votre compte personnel dans votre profil. Il est \u00e0 noter que le compte de d\u00e9p\u00f4t est unique et est destin\u00e9 au r\u00e9approvisionnement et au retrait de vos gains.<\/p>\n<p>Vous pouvez \u00e9galement vous familiariser avec notre casino en participant \u00e0 des versions de d\u00e9monstration des jeux. Il s&rsquo;agit d&rsquo;un mode d&rsquo;introduction aux jeux dans lesquels vous ne pouvez pas reconstituer votre compte, mais vous pouvez n\u00e9anmoins jouer pleinement aux jeux de cartes sans restrictions.<\/p>\n<p>Si vous n&rsquo;aimez pas beaucoup les cartes et le <a href=\"https:\/\/leovegas-au.org\/fr\/poker\/\">poker<\/a>, vous trouverez ici de nombreux autres jeux int\u00e9ressants qui n\u00e9cessitent non seulement de la chance, mais \u00e9galement votre exp\u00e9rience de jeu. Par exemple, nous pouvons vous proposer de jouer \u00e0 des jeux de machines \u00e0 sous \u00e0 jackpot, notamment sur la c\u00e9l\u00e8bre machine \u00e0 sous Three Sevens. Une revue d\u00e9taill\u00e9e des jeux de cartes LeoVegas est disponible sur notre site Web.<\/p>\n<h2><span style=\"font-weight: 400;\"><img loading=\"lazy\" decoding=\"async\" class=\" wp-image-365 aligncenter\" src=\"https:\/\/leovegas-au.org\/wp-content\/uploads\/2022\/04\/cards_lede-1300x731-1-300x169.jpg\" alt=\"card games casino\" width=\"878\" height=\"495\" srcset=\"https:\/\/leovegas-au.org\/wp-content\/uploads\/2022\/04\/cards_lede-1300x731-1-300x169.jpg 300w, https:\/\/leovegas-au.org\/wp-content\/uploads\/2022\/04\/cards_lede-1300x731-1-1024x576.jpg 1024w, https:\/\/leovegas-au.org\/wp-content\/uploads\/2022\/04\/cards_lede-1300x731-1-768x432.jpg 768w, https:\/\/leovegas-au.org\/wp-content\/uploads\/2022\/04\/cards_lede-1300x731-1.jpg 1300w\" sizes=\"auto, (max-width: 878px) 100vw, 878px\" \/><\/span><\/h2>\n<h2>Mode de jeu de cartes de d\u00e9monstration<\/h2>\n<p>Il existe de nombreuses options pour les machines \u00e0 sous qui r\u00e9p\u00e8tent exactement les r\u00e8gles et les nuances des jeux de cartes c\u00e9l\u00e8bres et exotiques. En les ex\u00e9cutant en mode d\u00e9mo, les visiteurs du casino en ligne ont la possibilit\u00e9 de perfectionner leurs comp\u00e9tences.<\/p>\n<p>L&rsquo;utilisation du mode d\u00e9mo offre aux joueurs d&rsquo;excellentes opportunit\u00e9s d&rsquo;apprentissage et de d\u00e9veloppement personnel. L&rsquo;exp\u00e9rience et les connaissances acquises lors de tels tirages virtuels en mode flash seront certainement utiles dans un vrai jeu avec des paris en argent r\u00e9el.<\/p>\n<p>Un tel jeu de cartes de casino gratuit en ligne LeoVegas vous donne la possibilit\u00e9 de ne pas mettre votre argent en danger en travaillant soigneusement sur diff\u00e9rentes situations de jeu et en v\u00e9rifiant diff\u00e9rentes versions de mouvements de r\u00e9ponse dans des situations sp\u00e9cifiques.<\/p>\n<p>Les cartes de jeu pr\u00e9sent\u00e9es avec nous aident \u00e0 passer un bon moment, \u00e0 se d\u00e9tendre et \u00e0 profiter d&rsquo;\u00e9motions vives. En utilisant les services de casinos en ligne v\u00e9rifi\u00e9s, vous pouvez jouer en mode d\u00e9mo ou pour de l&rsquo;argent, en recevant de vrais gains.<\/p>\n","protected":false},"excerpt":{"rendered":"<p>L&rsquo;un des principaux avantages d&rsquo;un casino de jeu est les jeux gratuits. Tous les utilisateurs qui ont visit\u00e9 le club peuvent ex\u00e9cuter n&rsquo;importe quel jeu en mode d\u00e9mo. Cela ne n\u00e9cessite pas d&rsquo;inscription. Vous pouvez \u00e9galement jouer aux cartes gratuitement. Ce sont ceux qui sont tr\u00e8s populaires parmi les utilisateurs qui jouent gratuitement. La monnaie [&hellip;]<\/p>\n","protected":false},"author":1,"featured_media":0,"parent":0,"menu_order":0,"comment_status":"closed","ping_status":"closed","template":"","meta":{"footnotes":""},"class_list":["post-367","page","type-page","status-publish","hentry"],"acf":[],"yoast_head":"<!-- This site is optimized with the Yoast SEO plugin v17.9 - https:\/\/yoast.com\/wordpress\/plugins\/seo\/ -->\n<title>Diff\u00e9rents jeux de cartes au casino - leovegas-au.org<\/title>\n<meta name=\"description\" content=\"Les types de jeux de table les plus populaires. Comment jouer au Casino \u2013 jeu de cartes. Variantes de jeux de cartes\" \/>\n<meta name=\"robots\" content=\"index, follow, max-snippet:-1, max-image-preview:large, max-video-preview:-1\" \/>\n<link rel=\"canonical\" href=\"https:\/\/leovegas-au.org\/fr\/card-games\/\" \/>\n<meta property=\"og:type\" content=\"article\" \/>\n<meta property=\"og:title\" content=\"Diff\u00e9rents jeux de cartes au casino - leovegas-au.org\" \/>\n<meta property=\"og:description\" content=\"Les types de jeux de table les plus populaires. Comment jouer au Casino \u2013 jeu de cartes. Variantes de jeux de cartes\" \/>\n<meta property=\"og:url\" content=\"https:\/\/leovegas-au.org\/fr\/card-games\/\" \/>\n<meta property=\"og:site_name\" content=\"leovegas casino\" \/>\n<meta property=\"article:modified_time\" content=\"2022-08-03T15:48:05+00:00\" \/>\n<meta property=\"og:image\" content=\"https:\/\/leovegas-au.org\/wp-content\/uploads\/2022\/04\/blackjack_game-300x199.jpg\" \/>\n<meta name=\"twitter:card\" content=\"summary_large_image\" \/>\n<meta name=\"twitter:label1\" content=\"Dur\u00e9e de lecture estim\u00e9e\" \/>\n\t<meta name=\"twitter:data1\" content=\"7 minutes\" \/>\n<script type=\"application\/ld+json\" class=\"yoast-schema-graph\">{\"@context\":\"https:\/\/schema.org\",\"@graph\":[{\"@type\":\"WebSite\",\"@id\":\"https:\/\/leovegas-au.org\/#website\",\"url\":\"https:\/\/leovegas-au.org\/\",\"name\":\"leovegas casino\",\"description\":\"\",\"potentialAction\":[{\"@type\":\"SearchAction\",\"target\":{\"@type\":\"EntryPoint\",\"urlTemplate\":\"https:\/\/leovegas-au.org\/?s={search_term_string}\"},\"query-input\":\"required name=search_term_string\"}],\"inLanguage\":\"fr-FR\"},{\"@type\":\"ImageObject\",\"@id\":\"https:\/\/leovegas-au.org\/fr\/card-games\/#primaryimage\",\"inLanguage\":\"fr-FR\",\"url\":\"https:\/\/leovegas-au.org\/wp-content\/uploads\/2022\/04\/blackjack_game.jpg\",\"contentUrl\":\"https:\/\/leovegas-au.org\/wp-content\/uploads\/2022\/04\/blackjack_game.jpg\",\"width\":725,\"height\":482,\"caption\":\"card games\"},{\"@type\":\"WebPage\",\"@id\":\"https:\/\/leovegas-au.org\/fr\/card-games\/#webpage\",\"url\":\"https:\/\/leovegas-au.org\/fr\/card-games\/\",\"name\":\"Diff\\u00e9rents jeux de cartes au casino - leovegas-au.org\",\"isPartOf\":{\"@id\":\"https:\/\/leovegas-au.org\/#website\"},\"primaryImageOfPage\":{\"@id\":\"https:\/\/leovegas-au.org\/fr\/card-games\/#primaryimage\"},\"datePublished\":\"2022-04-25T18:20:26+00:00\",\"dateModified\":\"2022-08-03T15:48:05+00:00\",\"description\":\"Les types de jeux de table les plus populaires. Comment jouer au Casino \\u2013 jeu de cartes. Variantes de jeux de cartes\",\"breadcrumb\":{\"@id\":\"https:\/\/leovegas-au.org\/fr\/card-games\/#breadcrumb\"},\"inLanguage\":\"fr-FR\",\"potentialAction\":[{\"@type\":\"ReadAction\",\"target\":[\"https:\/\/leovegas-au.org\/fr\/card-games\/\"]}]},{\"@type\":\"BreadcrumbList\",\"@id\":\"https:\/\/leovegas-au.org\/fr\/card-games\/#breadcrumb\",\"itemListElement\":[{\"@type\":\"ListItem\",\"position\":1,\"name\":\"Home\",\"item\":\"https:\/\/leovegas-au.org\/fr\/\"},{\"@type\":\"ListItem\",\"position\":2,\"name\":\"LeoVegas\\u00a0: jeux de casino gratuits\"}]}]}<\/script>\n<!-- \/ Yoast SEO plugin. -->","yoast_head_json":{"title":"Diff\u00e9rents jeux de cartes au casino - leovegas-au.org","description":"Les types de jeux de table les plus populaires. Comment jouer au Casino \u2013 jeu de cartes. Variantes de jeux de cartes","robots":{"index":"index","follow":"follow","max-snippet":"max-snippet:-1","max-image-preview":"max-image-preview:large","max-video-preview":"max-video-preview:-1"},"canonical":"https:\/\/leovegas-au.org\/fr\/card-games\/","og_type":"article","og_title":"Diff\u00e9rents jeux de cartes au casino - leovegas-au.org","og_description":"Les types de jeux de table les plus populaires. Comment jouer au Casino \u2013 jeu de cartes. Variantes de jeux de cartes","og_url":"https:\/\/leovegas-au.org\/fr\/card-games\/","og_site_name":"leovegas casino","article_modified_time":"2022-08-03T15:48:05+00:00","og_image":[{"url":"https:\/\/leovegas-au.org\/wp-content\/uploads\/2022\/04\/blackjack_game-300x199.jpg"}],"twitter_card":"summary_large_image","twitter_misc":{"Dur\u00e9e de lecture estim\u00e9e":"7 minutes"},"schema":{"@context":"https:\/\/schema.org","@graph":[{"@type":"WebSite","@id":"https:\/\/leovegas-au.org\/#website","url":"https:\/\/leovegas-au.org\/","name":"leovegas casino","description":"","potentialAction":[{"@type":"SearchAction","target":{"@type":"EntryPoint","urlTemplate":"https:\/\/leovegas-au.org\/?s={search_term_string}"},"query-input":"required name=search_term_string"}],"inLanguage":"fr-FR"},{"@type":"ImageObject","@id":"https:\/\/leovegas-au.org\/fr\/card-games\/#primaryimage","inLanguage":"fr-FR","url":"https:\/\/leovegas-au.org\/wp-content\/uploads\/2022\/04\/blackjack_game.jpg","contentUrl":"https:\/\/leovegas-au.org\/wp-content\/uploads\/2022\/04\/blackjack_game.jpg","width":725,"height":482,"caption":"card games"},{"@type":"WebPage","@id":"https:\/\/leovegas-au.org\/fr\/card-games\/#webpage","url":"https:\/\/leovegas-au.org\/fr\/card-games\/","name":"Diff\u00e9rents jeux de cartes au casino - leovegas-au.org","isPartOf":{"@id":"https:\/\/leovegas-au.org\/#website"},"primaryImageOfPage":{"@id":"https:\/\/leovegas-au.org\/fr\/card-games\/#primaryimage"},"datePublished":"2022-04-25T18:20:26+00:00","dateModified":"2022-08-03T15:48:05+00:00","description":"Les types de jeux de table les plus populaires. Comment jouer au Casino \u2013 jeu de cartes. Variantes de jeux de cartes","breadcrumb":{"@id":"https:\/\/leovegas-au.org\/fr\/card-games\/#breadcrumb"},"inLanguage":"fr-FR","potentialAction":[{"@type":"ReadAction","target":["https:\/\/leovegas-au.org\/fr\/card-games\/"]}]},{"@type":"BreadcrumbList","@id":"https:\/\/leovegas-au.org\/fr\/card-games\/#breadcrumb","itemListElement":[{"@type":"ListItem","position":1,"name":"Home","item":"https:\/\/leovegas-au.org\/fr\/"},{"@type":"ListItem","position":2,"name":"LeoVegas\u00a0: jeux de casino gratuits"}]}]}},"_links":{"self":[{"href":"https:\/\/leovegas-au.org\/fr\/wp-json\/wp\/v2\/pages\/367","targetHints":{"allow":["GET"]}}],"collection":[{"href":"https:\/\/leovegas-au.org\/fr\/wp-json\/wp\/v2\/pages"}],"about":[{"href":"https:\/\/leovegas-au.org\/fr\/wp-json\/wp\/v2\/types\/page"}],"author":[{"embeddable":true,"href":"https:\/\/leovegas-au.org\/fr\/wp-json\/wp\/v2\/users\/1"}],"replies":[{"embeddable":true,"href":"https:\/\/leovegas-au.org\/fr\/wp-json\/wp\/v2\/comments?post=367"}],"version-history":[{"count":5,"href":"https:\/\/leovegas-au.org\/fr\/wp-json\/wp\/v2\/pages\/367\/revisions"}],"predecessor-version":[{"id":758,"href":"https:\/\/leovegas-au.org\/fr\/wp-json\/wp\/v2\/pages\/367\/revisions\/758"}],"wp:attachment":[{"href":"https:\/\/leovegas-au.org\/fr\/wp-json\/wp\/v2\/media?parent=367"}],"curies":[{"name":"wp","href":"https:\/\/api.w.org\/{rel}","templated":true}]}}