{"id":353,"date":"2022-04-25T18:07:36","date_gmt":"2022-04-25T18:07:36","guid":{"rendered":"https:\/\/leovegas-au.org\/?page_id=353"},"modified":"2022-08-08T10:55:33","modified_gmt":"2022-08-08T10:55:33","slug":"withdrawal","status":"publish","type":"page","link":"https:\/\/leovegas-au.org\/fr\/withdrawal\/","title":{"rendered":"Casino avec retrait instantan\u00e9 et paiements rapides"},"content":{"rendered":"<p>Avez-vous \u00e9galement rencontr\u00e9 une situation o\u00f9 un casino en ligne qui promet un jeu \u00e9quitable de machines \u00e0 sous et de machines \u00e0 sous avec un retrait d&rsquo;argent retarde le paiement des gains de toutes les mani\u00e8res possibles ? Surtout s&rsquo;il s&rsquo;agit d&rsquo;une grosse somme ? Le but de ces retards est le m\u00eame &#8211; attendre que le client perde l&rsquo;argent mis sur le retrait. Ces sites ne bloquent pas les montants et ne vous donnent pas la possibilit\u00e9 d&rsquo;annuler la transaction pendant le traitement de la demande. Les casinos en ligne honn\u00eates avec des retraits instantan\u00e9s et des paiements rapides sur la carte ne retarderont pas les paiements de toutes les mani\u00e8res possibles, car ils appr\u00e9cient leur r\u00e9putation et font tout pour cr\u00e9er un jeu confortable.<\/p>\n<div class=\"t-go\"><a href=\"\/go-casino\/?sub_id_1=Leovegas\">OBTENEZ UN BONUS<\/a><\/div>\n<p>Le temps de retrait de LeoVegas correspond aux transferts vers les portefeuilles \u00e9lectroniques WebMoney, Qiwi, Neteller &#8211; le temps de traitement est limit\u00e9 \u00e0 quelques minutes.<\/p>\n<p>L&rsquo;administration ne peut pas contr\u00f4ler les retraits vers les cartes bancaires, c&rsquo;est pourquoi les meilleurs casinos en ligne du monde avec des paiements rapides avertissent toujours les joueurs des retards \u00e9ventuels et fournissent des <a href=\"https:\/\/leovegas-au.org\/fr\/payment-methods\/\">m\u00e9thodes de paiement<\/a> recommand\u00e9es. Le temps pour les compl\u00e9ter d\u00e9pend de plusieurs facteurs :<\/p>\n<ul>\n<li>V\u00e9rification<\/li>\n<\/ul>\n<p>Si le joueur a d\u00e9j\u00e0 confirm\u00e9 son identit\u00e9, l&rsquo;argent est retir\u00e9 en ligne par LeoVegas instantan\u00e9ment ou en quelques minutes. Sinon, il faudra du temps pour v\u00e9rifier les donn\u00e9es.<\/p>\n<ul>\n<li>La charge de travail du service financier<\/li>\n<\/ul>\n<p>Cette raison est rarement indiqu\u00e9e lorsque le paiement est retard\u00e9, cependant, s&rsquo;il y a un accroc pendant plusieurs minutes, alors il ne faut pas paniquer, peut-\u00eatre que l&rsquo;administration traite d\u00e9j\u00e0 la demande.<\/p>\n<ul>\n<li>Mode de paiement<\/li>\n<\/ul>\n<p>Les transferts vers certains syst\u00e8mes ne sont pas effectu\u00e9s du tout, par exemple une carte bancaire MasterCard, ou ils sont retard\u00e9s. Cela ne d\u00e9pend pas de l&rsquo;administration du site, mais uniquement des sp\u00e9cificit\u00e9s des traductions.<\/p>\n<ul>\n<li>Somme<\/li>\n<\/ul>\n<p>Si le joueur remporte un gros jackpot et demande un montant important, le service financier aura besoin de plus de temps pour traiter un tel paiement ou programmer des paiements en plusieurs fois. Mais, dans tous les cas, les casinos en ligne v\u00e9rifi\u00e9s avec retrait d&rsquo;argent r\u00e9el entrent imm\u00e9diatement en contact et avertissent des retards et de leurs raisons.<\/p>\n<p><span style=\"font-weight: 400;\"><img loading=\"lazy\" decoding=\"async\" class=\" wp-image-354 aligncenter\" src=\"https:\/\/leovegas-au.org\/wp-content\/uploads\/2022\/04\/Gambling-Online-Casino-300x200.jpg\" alt=\"Withdrawal\" width=\"828\" height=\"552\" srcset=\"https:\/\/leovegas-au.org\/wp-content\/uploads\/2022\/04\/Gambling-Online-Casino-300x200.jpg 300w, https:\/\/leovegas-au.org\/wp-content\/uploads\/2022\/04\/Gambling-Online-Casino-768x511.jpg 768w, https:\/\/leovegas-au.org\/wp-content\/uploads\/2022\/04\/Gambling-Online-Casino.jpg 1024w\" sizes=\"auto, (max-width: 828px) 100vw, 828px\" \/><\/span><\/p>\n<p>Attendre de l&rsquo;argent est toujours d\u00e9sagr\u00e9able et p\u00e9nible, mais gr\u00e2ce \u00e0 notre notation, les joueurs peuvent rapidement choisir un site o\u00f9 l&rsquo;administration s&rsquo;occupe des clients et permet de jouer aux machines \u00e0 sous en argent r\u00e9el avec retrait instantan\u00e9. Les informations sur les conditions r\u00e9elles de paiement sont r\u00e9guli\u00e8rement contr\u00f4l\u00e9es et mises \u00e0 jour. Afin de ne pas tomber dans l&rsquo;app\u00e2t des escrocs, jouez uniquement aux machines \u00e0 sous sous licence dans les casinos en ligne avec un retrait rapide d&rsquo;argent LeoVegas Australie. Un examen d\u00e9taill\u00e9 du retrait de LeoVegas peut \u00eatre consult\u00e9 sur notre site Web.<\/p>\n<h2>Limites de retrait des casinos en ligne<\/h2>\n<p>La barre minimum dans un casino en ligne est g\u00e9n\u00e9ralement de 10 \u00e0 20 dollars am\u00e9ricains ou euros. Il n&rsquo;y a pas de limite de retrait maximale LeoVegas avec un jeu crypto. Dans d&rsquo;autres casinos, c&rsquo;est jusqu&rsquo;\u00e0 500 000 par transaction en moyenne.<\/p>\n<h2>La rapidit\u00e9 avec laquelle l&rsquo;argent est cr\u00e9dit\u00e9 sur le compte<\/h2>\n<p>La rapidit\u00e9 de r\u00e9ception de l&rsquo;argent d\u00e9pend des facteurs suivants\u00a0:<\/p>\n<ul>\n<li>la m\u00e9thode choisie (le retrait le plus rapide de l&rsquo;argent LeoVegas provient des portefeuilles cryptographiques et des syst\u00e8mes de paiement virtuels, le plus lent &#8211; par virement et par carte);<\/li>\n<li>jour du transfert &#8211; des retards peuvent survenir le soir, la nuit, les week-ends et les jours f\u00e9ri\u00e9s\u00a0;<\/li>\n<li>casino s\u00e9lectionn\u00e9 &#8211; dans les bonnes entreprises, les mod\u00e9rateurs essaient de faire face \u00e0 la t\u00e2che rapidement.<\/li>\n<li>Ainsi, le d\u00e9lai de r\u00e9ception des fonds sur un compte d&rsquo;utilisateur personnel varie de quelques minutes \u00e0 trois jours. La pratique montre que les plates-formes modernes cherchent \u00e0 r\u00e9soudre ce probl\u00e8me en un temps record.<\/li>\n<\/ul>\n<h2>Est-il possible de retirer de l&rsquo;argent sans commission ?<\/h2>\n<p>Le retrait des fonds du jeu peut \u00eatre effectu\u00e9 sans commission. Les casinos modernes pratiquent exactement la m\u00e9thode gratuite de paiement, en particulier lors de l&rsquo;utilisation de devises num\u00e9riques et de monnaie \u00e9lectronique &#8211; retrait de bitcoins LeoVegas, altcoins, Qiwi. Dans d&rsquo;autres cas &#8211; lors du retrait sur une carte et de l&rsquo;utilisation de virements &#8211; la d\u00e9duction de la commission peut atteindre 5%. Vous devrez probablement payer des frais pour les bureaux de change et les \u00e9changes qui retirent de l&rsquo;argent virtuel.<\/p>\n<div class=\"t-go\"><a href=\"\/go-casino\/?sub_id_1=Leovegas\">OBTENEZ UN BONUS<\/a><\/div>\n<h2>Difficult\u00e9s fr\u00e9quentes lors du retrait de fonds<\/h2>\n<p>Les erreurs les plus courantes qui se produisent lors du processus de demande de paiement\u00a0:<\/p>\n<ul>\n<li>manque de la somme d&rsquo;argent requise dans une devise particuli\u00e8re \u00e0 la caisse ;<\/li>\n<li>divergence entre la m\u00e9thode de reconstitution du solde et la possibilit\u00e9 de retirer des fonds;<\/li>\n<li>travail lent du service d&rsquo;assistance technique fournissant des r\u00e9ponses aux questions d&rsquo;int\u00e9r\u00eat\u00a0;<\/li>\n<li>des taux de commission \u00e9lev\u00e9s\u00a0;<\/li>\n<li>l&rsquo;effet des restrictions sur les valeurs minimales et maximales\u00a0;<\/li>\n<li>longs d\u00e9lais d&rsquo;attente;<\/li>\n<li>l&rsquo;absence d&rsquo;une proc\u00e9dure de v\u00e9rification achev\u00e9e\u00a0;<\/li>\n<li>pannes techniques et travaux connexes.<\/li>\n<\/ul>\n<p>Si vous avez de tels probl\u00e8mes et questions, il est recommand\u00e9 de contacter le service client et d&rsquo;obtenir des r\u00e9ponses.<\/p>\n<p>Que faire si le retrait des gains est refus\u00e9 ?<\/p>\n<p>Si vous recevez un refus, vous devez contacter le service d&rsquo;assistance \u00e0 la client\u00e8le et vous renseigner sur la raison d&rsquo;une telle d\u00e9cision. Apr\u00e8s cela, vous devez corriger les lacunes et soumettre \u00e0 nouveau la demande.<\/p>\n<p><span style=\"font-weight: 400;\"><img loading=\"lazy\" decoding=\"async\" class=\" wp-image-356 aligncenter\" src=\"https:\/\/leovegas-au.org\/wp-content\/uploads\/2022\/04\/Person-Online-Gambling-with-Raining-Money1-1024x499-1-300x146.jpg\" alt=\"Withdrawal casino\" width=\"821\" height=\"400\" srcset=\"https:\/\/leovegas-au.org\/wp-content\/uploads\/2022\/04\/Person-Online-Gambling-with-Raining-Money1-1024x499-1-300x146.jpg 300w, https:\/\/leovegas-au.org\/wp-content\/uploads\/2022\/04\/Person-Online-Gambling-with-Raining-Money1-1024x499-1-768x374.jpg 768w, https:\/\/leovegas-au.org\/wp-content\/uploads\/2022\/04\/Person-Online-Gambling-with-Raining-Money1-1024x499-1.jpg 1024w\" sizes=\"auto, (max-width: 821px) 100vw, 821px\" \/><\/span><\/p>\n<h2>Questions fr\u00e9quemment pos\u00e9es<\/h2>\n<p>Avant de retirer des finances \u00e0 vos coordonn\u00e9es, vous devez vous familiariser avec les r\u00e9ponses aux questions qui se posent le plus souvent dans la pratique. Avec la connaissance de ces informations, le processus et la proc\u00e9dure d&rsquo;interaction avec les clubs de jeu seront sensiblement simplifi\u00e9s.<\/p>\n<ul>\n<li>Quel casino peut retirer de l&rsquo;argent ?<\/li>\n<\/ul>\n<p>Dans n&rsquo;importe quel club de jeu qui propose un jeu pour de l&rsquo;argent r\u00e9el. La plateforme virtuelle n&rsquo;a pas le droit de fonctionner sans possibilit\u00e9 d&rsquo;effectuer des paiements aux utilisateurs, sauf lorsque le jeu est jou\u00e9 en mode d\u00e9mo, c&rsquo;est-\u00e0-dire pour des jetons virtuels au lieu d&rsquo;argent r\u00e9el.<\/p>\n<ul>\n<li>Comment retirer de l&rsquo;argent du casino \u00e0 la carte?<\/li>\n<\/ul>\n<p>Il est n\u00e9cessaire de suivre une certaine proc\u00e9dure :<\/p>\n<ul>\n<li>aller \u00e0 la caisse ;<\/li>\n<li>choisissez la m\u00e9thode d&rsquo;int\u00e9r\u00eat, dans ce cas &#8211; retrait sur la carte;<\/li>\n<li>indiquez le montant requis, en vous assurant que le casino l&rsquo;a bien en main\u00a0;<\/li>\n<li>se familiariser avec les d\u00e9ductions de commission et les conditions du transfert\u00a0;<\/li>\n<li>pr\u00e9cisez les d\u00e9tails &#8211; num\u00e9ro, date d&rsquo;expiration de la carte, nom complet du destinataire;<\/li>\n<li>suivre les informations sur l&rsquo;\u00e9tat de l&rsquo;application.<\/li>\n<li>Il reste \u00e0 attendre la r\u00e9ception des fonds selon les d\u00e9tails sp\u00e9cifi\u00e9s. La demande est trait\u00e9e en quelques heures, les fonds sont re\u00e7us presque imm\u00e9diatement apr\u00e8s que le mod\u00e9rateur a v\u00e9rifi\u00e9 les donn\u00e9es.<\/li>\n<li>Comment retirer de l&rsquo;argent d&rsquo;un casino sans commission ?<\/li>\n<\/ul>\n<p>Pour pouvoir retirer des fonds sans d\u00e9duction de commission, vous devez choisir un casino offrant les conditions les plus favorables pour effectuer des paiements. Il est \u00e9galement recommand\u00e9 de s&rsquo;arr\u00eater \u00e0 l&rsquo;option la plus optimale. Il n&rsquo;y a pas de commissions lors de l&rsquo;utilisation de devises num\u00e9riques et d&rsquo;argent virtuel.<\/p>\n<ul>\n<li>Que faire si l&rsquo;argent n&rsquo;est pas cr\u00e9dit\u00e9 sur le compte ?<\/li>\n<\/ul>\n<p>Il est recommand\u00e9 de v\u00e9rifier le statut de la demande et de s&rsquo;assurer qu&rsquo;elle a \u00e9t\u00e9 trait\u00e9e. Le d\u00e9lai nominal de r\u00e9tractation est de trois jours. Si, pass\u00e9 ce d\u00e9lai, les fonds n&rsquo;ont pas \u00e9t\u00e9 cr\u00e9dit\u00e9s sur le solde, vous devez \u00e9crire au service d&rsquo;assistance technique. Peut-\u00eatre que les d\u00e9tails ont \u00e9t\u00e9 mal sp\u00e9cifi\u00e9s ou que le syst\u00e8me a \u00e9chou\u00e9.<\/p>\n","protected":false},"excerpt":{"rendered":"<p>Avez-vous \u00e9galement rencontr\u00e9 une situation o\u00f9 un casino en ligne qui promet un jeu \u00e9quitable de machines \u00e0 sous et de machines \u00e0 sous avec un retrait d&rsquo;argent retarde le paiement des gains de toutes les mani\u00e8res possibles ? Surtout s&rsquo;il s&rsquo;agit d&rsquo;une grosse somme ? Le but de ces retards est le m\u00eame &#8211; [&hellip;]<\/p>\n","protected":false},"author":1,"featured_media":0,"parent":0,"menu_order":0,"comment_status":"closed","ping_status":"closed","template":"","meta":{"footnotes":""},"class_list":["post-353","page","type-page","status-publish","hentry"],"acf":[],"yoast_head":"<!-- This site is optimized with the Yoast SEO plugin v17.9 - https:\/\/yoast.com\/wordpress\/plugins\/seo\/ -->\n<title>Casinos \u00e0 retrait instantan\u00e9 - leovegas-au.org<\/title>\n<meta name=\"description\" content=\"Le casino \u00e0 retrait rapide signifie une plate-forme o\u00f9 le joueur peut demander instantan\u00e9ment des retraits sans risque de retard\" \/>\n<meta name=\"robots\" content=\"index, follow, max-snippet:-1, max-image-preview:large, max-video-preview:-1\" \/>\n<link rel=\"canonical\" href=\"https:\/\/leovegas-au.org\/fr\/withdrawal\/\" \/>\n<meta property=\"og:type\" content=\"article\" \/>\n<meta property=\"og:title\" content=\"Casinos \u00e0 retrait instantan\u00e9 - leovegas-au.org\" \/>\n<meta property=\"og:description\" content=\"Le casino \u00e0 retrait rapide signifie une plate-forme o\u00f9 le joueur peut demander instantan\u00e9ment des retraits sans risque de retard\" \/>\n<meta property=\"og:url\" content=\"https:\/\/leovegas-au.org\/fr\/withdrawal\/\" \/>\n<meta property=\"og:site_name\" content=\"leovegas casino\" \/>\n<meta property=\"article:modified_time\" content=\"2022-08-08T10:55:33+00:00\" \/>\n<meta property=\"og:image\" content=\"https:\/\/leovegas-au.org\/wp-content\/uploads\/2022\/04\/Gambling-Online-Casino-300x200.jpg\" \/>\n<meta name=\"twitter:card\" content=\"summary_large_image\" \/>\n<meta name=\"twitter:label1\" content=\"Dur\u00e9e de lecture estim\u00e9e\" \/>\n\t<meta name=\"twitter:data1\" content=\"6 minutes\" \/>\n<script type=\"application\/ld+json\" class=\"yoast-schema-graph\">{\"@context\":\"https:\/\/schema.org\",\"@graph\":[{\"@type\":\"WebSite\",\"@id\":\"https:\/\/leovegas-au.org\/#website\",\"url\":\"https:\/\/leovegas-au.org\/\",\"name\":\"leovegas casino\",\"description\":\"\",\"potentialAction\":[{\"@type\":\"SearchAction\",\"target\":{\"@type\":\"EntryPoint\",\"urlTemplate\":\"https:\/\/leovegas-au.org\/?s={search_term_string}\"},\"query-input\":\"required name=search_term_string\"}],\"inLanguage\":\"fr-FR\"},{\"@type\":\"ImageObject\",\"@id\":\"https:\/\/leovegas-au.org\/fr\/withdrawal\/#primaryimage\",\"inLanguage\":\"fr-FR\",\"url\":\"https:\/\/leovegas-au.org\/wp-content\/uploads\/2022\/04\/Gambling-Online-Casino.jpg\",\"contentUrl\":\"https:\/\/leovegas-au.org\/wp-content\/uploads\/2022\/04\/Gambling-Online-Casino.jpg\",\"width\":1024,\"height\":681,\"caption\":\"Withdrawal\"},{\"@type\":\"WebPage\",\"@id\":\"https:\/\/leovegas-au.org\/fr\/withdrawal\/#webpage\",\"url\":\"https:\/\/leovegas-au.org\/fr\/withdrawal\/\",\"name\":\"Casinos \\u00e0 retrait instantan\\u00e9 - leovegas-au.org\",\"isPartOf\":{\"@id\":\"https:\/\/leovegas-au.org\/#website\"},\"primaryImageOfPage\":{\"@id\":\"https:\/\/leovegas-au.org\/fr\/withdrawal\/#primaryimage\"},\"datePublished\":\"2022-04-25T18:07:36+00:00\",\"dateModified\":\"2022-08-08T10:55:33+00:00\",\"description\":\"Le casino \\u00e0 retrait rapide signifie une plate-forme o\\u00f9 le joueur peut demander instantan\\u00e9ment des retraits sans risque de retard\",\"breadcrumb\":{\"@id\":\"https:\/\/leovegas-au.org\/fr\/withdrawal\/#breadcrumb\"},\"inLanguage\":\"fr-FR\",\"potentialAction\":[{\"@type\":\"ReadAction\",\"target\":[\"https:\/\/leovegas-au.org\/fr\/withdrawal\/\"]}]},{\"@type\":\"BreadcrumbList\",\"@id\":\"https:\/\/leovegas-au.org\/fr\/withdrawal\/#breadcrumb\",\"itemListElement\":[{\"@type\":\"ListItem\",\"position\":1,\"name\":\"Home\",\"item\":\"https:\/\/leovegas-au.org\/fr\/\"},{\"@type\":\"ListItem\",\"position\":2,\"name\":\"Casino avec retrait instantan\\u00e9 et paiements rapides\"}]}]}<\/script>\n<!-- \/ Yoast SEO plugin. -->","yoast_head_json":{"title":"Casinos \u00e0 retrait instantan\u00e9 - leovegas-au.org","description":"Le casino \u00e0 retrait rapide signifie une plate-forme o\u00f9 le joueur peut demander instantan\u00e9ment des retraits sans risque de retard","robots":{"index":"index","follow":"follow","max-snippet":"max-snippet:-1","max-image-preview":"max-image-preview:large","max-video-preview":"max-video-preview:-1"},"canonical":"https:\/\/leovegas-au.org\/fr\/withdrawal\/","og_type":"article","og_title":"Casinos \u00e0 retrait instantan\u00e9 - leovegas-au.org","og_description":"Le casino \u00e0 retrait rapide signifie une plate-forme o\u00f9 le joueur peut demander instantan\u00e9ment des retraits sans risque de retard","og_url":"https:\/\/leovegas-au.org\/fr\/withdrawal\/","og_site_name":"leovegas casino","article_modified_time":"2022-08-08T10:55:33+00:00","og_image":[{"url":"https:\/\/leovegas-au.org\/wp-content\/uploads\/2022\/04\/Gambling-Online-Casino-300x200.jpg"}],"twitter_card":"summary_large_image","twitter_misc":{"Dur\u00e9e de lecture estim\u00e9e":"6 minutes"},"schema":{"@context":"https:\/\/schema.org","@graph":[{"@type":"WebSite","@id":"https:\/\/leovegas-au.org\/#website","url":"https:\/\/leovegas-au.org\/","name":"leovegas casino","description":"","potentialAction":[{"@type":"SearchAction","target":{"@type":"EntryPoint","urlTemplate":"https:\/\/leovegas-au.org\/?s={search_term_string}"},"query-input":"required name=search_term_string"}],"inLanguage":"fr-FR"},{"@type":"ImageObject","@id":"https:\/\/leovegas-au.org\/fr\/withdrawal\/#primaryimage","inLanguage":"fr-FR","url":"https:\/\/leovegas-au.org\/wp-content\/uploads\/2022\/04\/Gambling-Online-Casino.jpg","contentUrl":"https:\/\/leovegas-au.org\/wp-content\/uploads\/2022\/04\/Gambling-Online-Casino.jpg","width":1024,"height":681,"caption":"Withdrawal"},{"@type":"WebPage","@id":"https:\/\/leovegas-au.org\/fr\/withdrawal\/#webpage","url":"https:\/\/leovegas-au.org\/fr\/withdrawal\/","name":"Casinos \u00e0 retrait instantan\u00e9 - leovegas-au.org","isPartOf":{"@id":"https:\/\/leovegas-au.org\/#website"},"primaryImageOfPage":{"@id":"https:\/\/leovegas-au.org\/fr\/withdrawal\/#primaryimage"},"datePublished":"2022-04-25T18:07:36+00:00","dateModified":"2022-08-08T10:55:33+00:00","description":"Le casino \u00e0 retrait rapide signifie une plate-forme o\u00f9 le joueur peut demander instantan\u00e9ment des retraits sans risque de retard","breadcrumb":{"@id":"https:\/\/leovegas-au.org\/fr\/withdrawal\/#breadcrumb"},"inLanguage":"fr-FR","potentialAction":[{"@type":"ReadAction","target":["https:\/\/leovegas-au.org\/fr\/withdrawal\/"]}]},{"@type":"BreadcrumbList","@id":"https:\/\/leovegas-au.org\/fr\/withdrawal\/#breadcrumb","itemListElement":[{"@type":"ListItem","position":1,"name":"Home","item":"https:\/\/leovegas-au.org\/fr\/"},{"@type":"ListItem","position":2,"name":"Casino avec retrait instantan\u00e9 et paiements rapides"}]}]}},"_links":{"self":[{"href":"https:\/\/leovegas-au.org\/fr\/wp-json\/wp\/v2\/pages\/353","targetHints":{"allow":["GET"]}}],"collection":[{"href":"https:\/\/leovegas-au.org\/fr\/wp-json\/wp\/v2\/pages"}],"about":[{"href":"https:\/\/leovegas-au.org\/fr\/wp-json\/wp\/v2\/types\/page"}],"author":[{"embeddable":true,"href":"https:\/\/leovegas-au.org\/fr\/wp-json\/wp\/v2\/users\/1"}],"replies":[{"embeddable":true,"href":"https:\/\/leovegas-au.org\/fr\/wp-json\/wp\/v2\/comments?post=353"}],"version-history":[{"count":5,"href":"https:\/\/leovegas-au.org\/fr\/wp-json\/wp\/v2\/pages\/353\/revisions"}],"predecessor-version":[{"id":802,"href":"https:\/\/leovegas-au.org\/fr\/wp-json\/wp\/v2\/pages\/353\/revisions\/802"}],"wp:attachment":[{"href":"https:\/\/leovegas-au.org\/fr\/wp-json\/wp\/v2\/media?parent=353"}],"curies":[{"name":"wp","href":"https:\/\/api.w.org\/{rel}","templated":true}]}}