{"id":339,"date":"2022-04-25T17:53:39","date_gmt":"2022-04-25T17:53:39","guid":{"rendered":"https:\/\/leovegas-au.org\/?page_id=339"},"modified":"2022-08-09T10:35:10","modified_gmt":"2022-08-09T10:35:10","slug":"vip","status":"publish","type":"page","link":"https:\/\/leovegas-au.org\/fr\/vip\/","title":{"rendered":"VIP LeoVegas pour les joueurs"},"content":{"rendered":"<p>Le site officiel de LeoVegas est ouvert \u00e0 tous les fans de jeux d&rsquo;argent. Ce portail est disponible pour les r\u00e9sidents de diff\u00e9rents pays et est devenu \u00e0 la mode gr\u00e2ce \u00e0 une interface claire et un design \u00e9l\u00e9gant. Le club est consid\u00e9r\u00e9 comme l&rsquo;un des meilleurs casinos en ligne, car l&rsquo;administration est pr\u00eate \u00e0 offrir une vari\u00e9t\u00e9 de <a href=\"https:\/\/leovegas-au.org\/fr\/bonus\/\">bonus<\/a>, un excellent service, un logiciel fiable et des paiements rapides. Les machines \u00e0 sous install\u00e9es sur le site sont \u00e9quip\u00e9es de g\u00e9n\u00e9rateurs de nombres al\u00e9atoires et de programmes de contr\u00f4le d&rsquo;honn\u00eatet\u00e9. En devenant un visiteur r\u00e9gulier de LeoVegas, vous vous offrez des vacances productives et passionnantes.<\/p>\n<div class=\"t-go\"><a href=\"\/go-casino\/?sub_id_1=Leovegas\">OBTENEZ UN BONUS<\/a><\/div>\n<h2>D\u00e9poser et retirer de l&rsquo;argent dans LeoVegas<\/h2>\n<p>Pour les amoureux du lecteur, plusieurs moyens pratiques d&rsquo;effectuer des transactions ont \u00e9t\u00e9 pr\u00e9par\u00e9s. Toutes les transactions sont effectu\u00e9es via des canaux s\u00e9curis\u00e9s utilisant un cryptage sp\u00e9cial. Le piratage de compte LeoVegas est impossible, car le service de s\u00e9curit\u00e9 fonctionne 24 heures sur 24 et ne permet pas aux fraudeurs de commettre des actions ill\u00e9gales.<\/p>\n<p>Pour reconstituer le d\u00e9p\u00f4t et retirer les gains, diff\u00e9rents syst\u00e8mes de paiement sont utilis\u00e9s. Vous pouvez utiliser la carte Visa ou Mastercard habituelle, ainsi que plusieurs options pour les portefeuilles \u00e9lectroniques, les services bancaires par Internet, etc. L&rsquo;administration ne facture pas de frais de commission pour les op\u00e9rations de casino en ligne, cependant, cela est pr\u00e9vu dans les r\u00e8gles de certains syst\u00e8mes de paiement.<\/p>\n<p>Il est recommand\u00e9 de retirer les gains de la m\u00eame mani\u00e8re que celle utilis\u00e9e lors du r\u00e9approvisionnement du compte. Veuillez noter que la ressource a des limites, qui peuvent \u00eatre trouv\u00e9es dans les r\u00e8gles de l&rsquo;\u00e9tablissement. Le d\u00e9lai de retrait des fonds d\u00e9pend du syst\u00e8me de transfert s\u00e9lectionn\u00e9 et du montant. Il existe des offres sp\u00e9ciales pour les clients VIP.<\/p>\n<p>Le site officiel de LeoVegas est toujours ouvert, \u00e9tudiez les r\u00e8gles, inscrivez-vous et connectez-vous VIP LeoVegas. Il est pratique et rentable de passer votre temps libre ici. Un programme de jeu sp\u00e9cial d\u00e9velopp\u00e9 par l&rsquo;administration cr\u00e9e des conditions id\u00e9ales pour tous les joueurs. Oubliez les lieux de repos ennuyeux, ici c&rsquo;est int\u00e9ressant pour tout le monde sans exception.<\/p>\n<h2><span style=\"font-weight: 400;\"><img loading=\"lazy\" decoding=\"async\" class=\" wp-image-340 aligncenter\" src=\"https:\/\/leovegas-au.org\/wp-content\/uploads\/2022\/04\/RC_articlebanner_vip_1100x660-300x180.jpg\" alt=\"vip\" width=\"793\" height=\"476\" srcset=\"https:\/\/leovegas-au.org\/wp-content\/uploads\/2022\/04\/RC_articlebanner_vip_1100x660-300x180.jpg 300w, https:\/\/leovegas-au.org\/wp-content\/uploads\/2022\/04\/RC_articlebanner_vip_1100x660-1024x614.jpg 1024w, https:\/\/leovegas-au.org\/wp-content\/uploads\/2022\/04\/RC_articlebanner_vip_1100x660-768x461.jpg 768w, https:\/\/leovegas-au.org\/wp-content\/uploads\/2022\/04\/RC_articlebanner_vip_1100x660.jpg 1100w\" sizes=\"auto, (max-width: 793px) 100vw, 793px\" \/><\/span><\/h2>\n<h2>Tours gratuits dans les casinos en ligne<\/h2>\n<p>L&rsquo;un des bonus de casino les plus populaires se pr\u00e9sente sous la forme de tours gratuits VIP LeoVegas. L&rsquo;avantage d&rsquo;obtenir quelque chose gratuitement aupr\u00e8s d&rsquo;op\u00e9rateurs qui se financent g\u00e9n\u00e9ralement sur les d\u00e9p\u00f4ts des joueurs est un concept bienvenu. Cependant, les joueurs sont beaucoup plus intelligents que de simplement penser qu&rsquo;ils recevront un jeu de machines \u00e0 sous de premier ordre sans investir quoi que ce soit en retour.<\/p>\n<p>Les bonus <a href=\"https:\/\/leovegas-au.org\/fr\/free-spins\/\">de tours gratuits,<\/a> comme toute autre offre en ligne VIP LeoVegas, sont assortis de conditions sp\u00e9cifiques. Ils identifient les joueurs \u00e9ligibles susceptibles de b\u00e9n\u00e9ficier de l&rsquo;offre. Vous devez consid\u00e9rer les avantages que cela implique, ainsi que le profit sp\u00e9cifique que vous pouvez en tirer.<\/p>\n<p>En ce sens, il est plus que conseill\u00e9 d&rsquo;en savoir plus sur les caract\u00e9ristiques du bonus, ses types communs et ses strat\u00e9gies de base afin d&rsquo;en tirer le meilleur parti. Visitez le nouveau miroir vip du casino LeoVegas pour d\u00e9couvrir tous les d\u00e9tails.<\/p>\n<div class=\"t-go\"><a href=\"\/go-casino\/?sub_id_1=Leovegas\">OBTENEZ UN BONUS<\/a><\/div>\n<h2>Comment tirer le meilleur parti de vos tours gratuits<\/h2>\n<p>Il est \u00e0 noter que toutes les offres de bonus sans d\u00e9p\u00f4t VIP LeoVegas sont assorties d&rsquo;un certain nombre de conditions, mais \u00e9tant donn\u00e9 que ces tours sont l&rsquo;une des meilleures options pour les joueurs, il est utile d&rsquo;envisager les meilleures strat\u00e9gies pour maximiser les gains.<\/p>\n<p>Bien que cela d\u00e9pende du bonus que vous avez choisi pour am\u00e9liorer votre exp\u00e9rience de jeu, toutes les offres sont assorties de conditions g\u00e9n\u00e9rales. Si vous voulez tirer profit de vos tours gratuits, examinez attentivement les exigences de jeu qui correspondent aux crit\u00e8res de t\u00e9l\u00e9chargement gratuit des jeux VIP LeoVegas, le pourcentage de d\u00e9p\u00f4t, la limite de retrait et le montant maximum de la mise. Tout cela peut \u00eatre trouv\u00e9 en visitant le nouveau miroir vip du casino LeoVegas.<\/p>\n<h2>salle VIP<\/h2>\n<p>LeoVegas Casino appr\u00e9cie ses gros joueurs et leur donne donc des privil\u00e8ges VIP incroyables, consistant en la possibilit\u00e9 d&rsquo;acc\u00e9der \u00e0 une salle VIP exclusive LeoVegas uniquement pour les membres du club !<\/p>\n<p>Vous savez ce que sont les privil\u00e8ges : ils offrent des commodit\u00e9s particuli\u00e8res, selon certaines pr\u00e9f\u00e9rences, par rapport aux normes habituelles.<\/p>\n<p>Lorsque vous atteignez le statut VIP Platinum ou Diamond, vous serez contact\u00e9 par l&rsquo;un de nos managers VIP et profiterez des luxes suivants\u00a0:<\/p>\n<ul>\n<li>Augmentation des taux de remboursement<\/li>\n<li>boxe libre<\/li>\n<li>Gestionnaire de compte VIP personnel hautement qualifi\u00e9<\/li>\n<\/ul>\n<p>Invitations r\u00e9guli\u00e8res \u00e0 des \u00e9v\u00e9nements exclusifs et offres promotionnelles<\/p>\n<ul>\n<li>Offres de bonus \u00e9normes fr\u00e9quentes<\/li>\n<li>\u00ab\u00a0argent gratuit\u00a0\u00bb pour tester de nouveaux jeux<\/li>\n<\/ul>\n<p>Ceci et bien plus encore vous attend ! Vous aurez l&rsquo;exp\u00e9rience de jouer dans une grande classe, car vous le m\u00e9ritez en tant que client.<\/p>\n<p>Pour recevoir une invitation et commencer le jeu, gardez un \u0153il sur votre e-mail.<\/p>\n<h2>Machines \u00e0 sous Site officiel de LeoVegas<\/h2>\n<p>Vous trouverez une excellente collection d&rsquo;applications de jeu. Personne ne sera d\u00e9\u00e7u car les machines \u00e0 sous LeoVegas sont pr\u00e9sent\u00e9es dans diff\u00e9rentes cat\u00e9gories. Install\u00e9 ici\u00a0:<\/p>\n<ul>\n<li>machines \u00e0 sous vid\u00e9o avec des rouleaux de type classique (un petit nombre de lignes, pas de symboles sp\u00e9ciaux, des rendements \u00e9lev\u00e9s) ;<\/li>\n<li>\u00ab\u00a0bandits manchots\u00a0\u00bb des deuxi\u00e8me et troisi\u00e8me g\u00e9n\u00e9rations, nouveaut\u00e9s aux graphismes 3D, machines \u00e0 sous exclusives\u00a0;<\/li>\n<li>jeux de table (roulette, craps, keno, etc.);<\/li>\n<li>machines \u00e0 cartes (Blackjack, poker, Baccarat);<\/li>\n<li>loteries et tournois!<\/li>\n<\/ul>\n<h2>Codes bonus de casino : tout le monde peut en obtenir<\/h2>\n<p>Tout le monde peut obtenir une grosse somme d&rsquo;argent dans les casinos en ligne. Pour ce faire, vous devez utiliser les codes bonus VIP LeoVegas (ils sont \u00e9galement appel\u00e9s codes promotionnels). Gr\u00e2ce aux coupons, le bonus sera instantan\u00e9ment cr\u00e9dit\u00e9 sur votre compte.<\/p>\n<p>Absolument chaque visiteur a une opportunit\u00e9 unique. Vous avez juste besoin de savoir o\u00f9 trouver des codes bonus fonctionnels et comment les utiliser correctement. Vous pouvez \u00e9tudier les informations qui proviennent directement du club virtuel dans lequel vous avez d\u00e9j\u00e0 jou\u00e9. Cependant, cela n&rsquo;\u00e9valuera pas compl\u00e8tement toutes les propositions existantes.<\/p>\n<div class=\"t-go\"><a href=\"\/go-casino\/?sub_id_1=Leovegas\">OBTENEZ UN BONUS<\/a><\/div>\n<h2>Pourquoi le casino offre-t-il des bonus ?<\/h2>\n<p>Les clubs virtuels qui tiennent \u00e0 leur r\u00e9putation et souhaitent attirer le maximum de visiteurs utilisent les bonus comme r\u00e9compense pour l&rsquo;inscription et l&rsquo;activit\u00e9. Ce programme de fid\u00e9lit\u00e9 LeoVegas VIP permet aux joueurs de profiter pleinement de vacances remplies d&rsquo;adr\u00e9naline. En effet, avec les bonus, il n&rsquo;est pas n\u00e9cessaire de d\u00e9penser ses propres fonds pour gagner une grosse somme au casino. Les bonus sont de plusieurs types :<\/p>\n<h3>Pas de d\u00e9p\u00f4t<\/h3>\n<p>Et ils donnent absolument gratuitement et sans qu&rsquo;aucune action sp\u00e9cifique ne soit n\u00e9cessaire. Une fois le bonus cr\u00e9dit\u00e9, le joueur peut choisir n&rsquo;importe quelle machine \u00e0 sous qu&rsquo;il aime et placer un pari. S&rsquo;il perd, les fonds accumul\u00e9s seront annul\u00e9s et s&rsquo;il gagne, il aura la possibilit\u00e9 de regagner et d&rsquo;obtenir un vrai jackpot.<\/p>\n<h3><span style=\"font-weight: 400;\"><img loading=\"lazy\" decoding=\"async\" class=\" wp-image-342 aligncenter\" src=\"https:\/\/leovegas-au.org\/wp-content\/uploads\/2022\/04\/VIP-300x150.jpg\" alt=\"vip program\" width=\"786\" height=\"393\" srcset=\"https:\/\/leovegas-au.org\/wp-content\/uploads\/2022\/04\/VIP-300x150.jpg 300w, https:\/\/leovegas-au.org\/wp-content\/uploads\/2022\/04\/VIP-768x384.jpg 768w, https:\/\/leovegas-au.org\/wp-content\/uploads\/2022\/04\/VIP.jpg 1024w\" sizes=\"auto, (max-width: 786px) 100vw, 786px\" \/><\/span><\/h3>\n<h3>Bonus de d\u00e9p\u00f4t<\/h3>\n<p>Ils sont \u00e9galement propos\u00e9s par les casinos. Seulement pour recevoir une telle promotion, vous devez d\u00e9poser une certaine somme d&rsquo;argent sur le compte du jeu. Pour reconqu\u00e9rir, vous devez prendre en compte les conditions que le VIP LeoVegas en ligne met en avant. Vous pouvez en savoir plus \u00e0 leur sujet dans le service d&rsquo;assistance \u00e0 la client\u00e8le. De plus, il existe des \u00ab\u00a0bonus en pourcentage\u00a0\u00bb qui accompagnent chaque d\u00e9p\u00f4t.<\/p>\n<p>Les codes bonus fonctionnent tr\u00e8s simplement. Il est n\u00e9cessaire d&rsquo;entrer la combinaison re\u00e7ue de chiffres et de lettres dans le champ propos\u00e9. Quelle que soit la somme d&rsquo;argent d\u00e9pos\u00e9e par un joueur sur un compte personnel, le montant du bonus sera fixe. Pour r\u00e9cup\u00e9rer le code promo, vous devez remplir absolument toutes les conditions du casino. Le plus souvent, seul le bonus est r\u00e9cup\u00e9r\u00e9, cependant, sur certains sites de jeu, le montant du d\u00e9p\u00f4t y est \u00e9galement ajout\u00e9.<\/p>\n","protected":false},"excerpt":{"rendered":"<p>Le site officiel de LeoVegas est ouvert \u00e0 tous les fans de jeux d&rsquo;argent. Ce portail est disponible pour les r\u00e9sidents de diff\u00e9rents pays et est devenu \u00e0 la mode gr\u00e2ce \u00e0 une interface claire et un design \u00e9l\u00e9gant. Le club est consid\u00e9r\u00e9 comme l&rsquo;un des meilleurs casinos en ligne, car l&rsquo;administration est pr\u00eate \u00e0 [&hellip;]<\/p>\n","protected":false},"author":1,"featured_media":0,"parent":0,"menu_order":0,"comment_status":"closed","ping_status":"closed","template":"","meta":{"footnotes":""},"class_list":["post-339","page","type-page","status-publish","hentry"],"acf":[],"yoast_head":"<!-- This site is optimized with the Yoast SEO plugin v17.9 - https:\/\/yoast.com\/wordpress\/plugins\/seo\/ -->\n<title>Les meilleurs programmes VIP et les r\u00e9compenses High Roller<\/title>\n<meta name=\"description\" content=\"En savoir plus sur le bonus VIP - est un cadeau sp\u00e9cial du casino en ligne, qui est offert aux joueurs les plus actifs.\" \/>\n<meta name=\"robots\" content=\"index, follow, max-snippet:-1, max-image-preview:large, max-video-preview:-1\" \/>\n<link rel=\"canonical\" href=\"https:\/\/leovegas-au.org\/fr\/vip\/\" \/>\n<meta property=\"og:type\" content=\"article\" \/>\n<meta property=\"og:title\" content=\"Les meilleurs programmes VIP et les r\u00e9compenses High Roller\" \/>\n<meta property=\"og:description\" content=\"En savoir plus sur le bonus VIP - est un cadeau sp\u00e9cial du casino en ligne, qui est offert aux joueurs les plus actifs.\" \/>\n<meta property=\"og:url\" content=\"https:\/\/leovegas-au.org\/fr\/vip\/\" \/>\n<meta property=\"og:site_name\" content=\"leovegas casino\" \/>\n<meta property=\"article:modified_time\" content=\"2022-08-09T10:35:10+00:00\" \/>\n<meta property=\"og:image\" content=\"https:\/\/leovegas-au.org\/wp-content\/uploads\/2022\/04\/RC_articlebanner_vip_1100x660-300x180.jpg\" \/>\n<meta name=\"twitter:card\" content=\"summary_large_image\" \/>\n<meta name=\"twitter:label1\" content=\"Dur\u00e9e de lecture estim\u00e9e\" \/>\n\t<meta name=\"twitter:data1\" content=\"6 minutes\" \/>\n<script type=\"application\/ld+json\" class=\"yoast-schema-graph\">{\"@context\":\"https:\/\/schema.org\",\"@graph\":[{\"@type\":\"WebSite\",\"@id\":\"https:\/\/leovegas-au.org\/#website\",\"url\":\"https:\/\/leovegas-au.org\/\",\"name\":\"leovegas casino\",\"description\":\"\",\"potentialAction\":[{\"@type\":\"SearchAction\",\"target\":{\"@type\":\"EntryPoint\",\"urlTemplate\":\"https:\/\/leovegas-au.org\/?s={search_term_string}\"},\"query-input\":\"required name=search_term_string\"}],\"inLanguage\":\"fr-FR\"},{\"@type\":\"ImageObject\",\"@id\":\"https:\/\/leovegas-au.org\/fr\/vip\/#primaryimage\",\"inLanguage\":\"fr-FR\",\"url\":\"https:\/\/leovegas-au.org\/wp-content\/uploads\/2022\/04\/RC_articlebanner_vip_1100x660.jpg\",\"contentUrl\":\"https:\/\/leovegas-au.org\/wp-content\/uploads\/2022\/04\/RC_articlebanner_vip_1100x660.jpg\",\"width\":1100,\"height\":660,\"caption\":\"vip\"},{\"@type\":\"WebPage\",\"@id\":\"https:\/\/leovegas-au.org\/fr\/vip\/#webpage\",\"url\":\"https:\/\/leovegas-au.org\/fr\/vip\/\",\"name\":\"Les meilleurs programmes VIP et les r\\u00e9compenses High Roller\",\"isPartOf\":{\"@id\":\"https:\/\/leovegas-au.org\/#website\"},\"primaryImageOfPage\":{\"@id\":\"https:\/\/leovegas-au.org\/fr\/vip\/#primaryimage\"},\"datePublished\":\"2022-04-25T17:53:39+00:00\",\"dateModified\":\"2022-08-09T10:35:10+00:00\",\"description\":\"En savoir plus sur le bonus VIP - est un cadeau sp\\u00e9cial du casino en ligne, qui est offert aux joueurs les plus actifs.\",\"breadcrumb\":{\"@id\":\"https:\/\/leovegas-au.org\/fr\/vip\/#breadcrumb\"},\"inLanguage\":\"fr-FR\",\"potentialAction\":[{\"@type\":\"ReadAction\",\"target\":[\"https:\/\/leovegas-au.org\/fr\/vip\/\"]}]},{\"@type\":\"BreadcrumbList\",\"@id\":\"https:\/\/leovegas-au.org\/fr\/vip\/#breadcrumb\",\"itemListElement\":[{\"@type\":\"ListItem\",\"position\":1,\"name\":\"Home\",\"item\":\"https:\/\/leovegas-au.org\/fr\/\"},{\"@type\":\"ListItem\",\"position\":2,\"name\":\"VIP LeoVegas pour les joueurs\"}]}]}<\/script>\n<!-- \/ Yoast SEO plugin. -->","yoast_head_json":{"title":"Les meilleurs programmes VIP et les r\u00e9compenses High Roller","description":"En savoir plus sur le bonus VIP - est un cadeau sp\u00e9cial du casino en ligne, qui est offert aux joueurs les plus actifs.","robots":{"index":"index","follow":"follow","max-snippet":"max-snippet:-1","max-image-preview":"max-image-preview:large","max-video-preview":"max-video-preview:-1"},"canonical":"https:\/\/leovegas-au.org\/fr\/vip\/","og_type":"article","og_title":"Les meilleurs programmes VIP et les r\u00e9compenses High Roller","og_description":"En savoir plus sur le bonus VIP - est un cadeau sp\u00e9cial du casino en ligne, qui est offert aux joueurs les plus actifs.","og_url":"https:\/\/leovegas-au.org\/fr\/vip\/","og_site_name":"leovegas casino","article_modified_time":"2022-08-09T10:35:10+00:00","og_image":[{"url":"https:\/\/leovegas-au.org\/wp-content\/uploads\/2022\/04\/RC_articlebanner_vip_1100x660-300x180.jpg"}],"twitter_card":"summary_large_image","twitter_misc":{"Dur\u00e9e de lecture estim\u00e9e":"6 minutes"},"schema":{"@context":"https:\/\/schema.org","@graph":[{"@type":"WebSite","@id":"https:\/\/leovegas-au.org\/#website","url":"https:\/\/leovegas-au.org\/","name":"leovegas casino","description":"","potentialAction":[{"@type":"SearchAction","target":{"@type":"EntryPoint","urlTemplate":"https:\/\/leovegas-au.org\/?s={search_term_string}"},"query-input":"required name=search_term_string"}],"inLanguage":"fr-FR"},{"@type":"ImageObject","@id":"https:\/\/leovegas-au.org\/fr\/vip\/#primaryimage","inLanguage":"fr-FR","url":"https:\/\/leovegas-au.org\/wp-content\/uploads\/2022\/04\/RC_articlebanner_vip_1100x660.jpg","contentUrl":"https:\/\/leovegas-au.org\/wp-content\/uploads\/2022\/04\/RC_articlebanner_vip_1100x660.jpg","width":1100,"height":660,"caption":"vip"},{"@type":"WebPage","@id":"https:\/\/leovegas-au.org\/fr\/vip\/#webpage","url":"https:\/\/leovegas-au.org\/fr\/vip\/","name":"Les meilleurs programmes VIP et les r\u00e9compenses High Roller","isPartOf":{"@id":"https:\/\/leovegas-au.org\/#website"},"primaryImageOfPage":{"@id":"https:\/\/leovegas-au.org\/fr\/vip\/#primaryimage"},"datePublished":"2022-04-25T17:53:39+00:00","dateModified":"2022-08-09T10:35:10+00:00","description":"En savoir plus sur le bonus VIP - est un cadeau sp\u00e9cial du casino en ligne, qui est offert aux joueurs les plus actifs.","breadcrumb":{"@id":"https:\/\/leovegas-au.org\/fr\/vip\/#breadcrumb"},"inLanguage":"fr-FR","potentialAction":[{"@type":"ReadAction","target":["https:\/\/leovegas-au.org\/fr\/vip\/"]}]},{"@type":"BreadcrumbList","@id":"https:\/\/leovegas-au.org\/fr\/vip\/#breadcrumb","itemListElement":[{"@type":"ListItem","position":1,"name":"Home","item":"https:\/\/leovegas-au.org\/fr\/"},{"@type":"ListItem","position":2,"name":"VIP LeoVegas pour les joueurs"}]}]}},"_links":{"self":[{"href":"https:\/\/leovegas-au.org\/fr\/wp-json\/wp\/v2\/pages\/339","targetHints":{"allow":["GET"]}}],"collection":[{"href":"https:\/\/leovegas-au.org\/fr\/wp-json\/wp\/v2\/pages"}],"about":[{"href":"https:\/\/leovegas-au.org\/fr\/wp-json\/wp\/v2\/types\/page"}],"author":[{"embeddable":true,"href":"https:\/\/leovegas-au.org\/fr\/wp-json\/wp\/v2\/users\/1"}],"replies":[{"embeddable":true,"href":"https:\/\/leovegas-au.org\/fr\/wp-json\/wp\/v2\/comments?post=339"}],"version-history":[{"count":6,"href":"https:\/\/leovegas-au.org\/fr\/wp-json\/wp\/v2\/pages\/339\/revisions"}],"predecessor-version":[{"id":865,"href":"https:\/\/leovegas-au.org\/fr\/wp-json\/wp\/v2\/pages\/339\/revisions\/865"}],"wp:attachment":[{"href":"https:\/\/leovegas-au.org\/fr\/wp-json\/wp\/v2\/media?parent=339"}],"curies":[{"name":"wp","href":"https:\/\/api.w.org\/{rel}","templated":true}]}}