{"id":334,"date":"2022-04-25T17:24:36","date_gmt":"2022-04-25T17:24:36","guid":{"rendered":"https:\/\/leovegas-au.org\/?page_id=334"},"modified":"2022-07-21T12:46:34","modified_gmt":"2022-07-21T12:46:34","slug":"jackpot-games","status":"publish","type":"page","link":"https:\/\/leovegas-au.org\/fr\/jackpot-games\/","title":{"rendered":"Types de jeux de casino en ligne"},"content":{"rendered":"<p>L&rsquo;un des avantages des casinos est le fait que vous ne vous ennuierez jamais avec eux, vous ne serez jamais \u00e0 court de possibilit\u00e9s qu&rsquo;ils vous offrent. Les offres de jeux ne manquent pas et de nouveaux jeux sont d\u00e9velopp\u00e9s quotidiennement et ajout\u00e9s aux offres de casino individuelles. Si vous jouez en ligne, vous disposez d&rsquo;un large \u00e9ventail de choix et en m\u00eame temps vous n&rsquo;\u00eates qu&rsquo;\u00e0 quelques clics de jeux uniques, vari\u00e9s et nouvellement d\u00e9velopp\u00e9s. Une revue d\u00e9taill\u00e9e des jeux de jackpot du casino LeoVegas peut \u00eatre trouv\u00e9e sur notre site Web.<\/p>\n<p>Lorsque vous naviguez sur les sites Web des casinos, vous rencontrerez une distribution diversifi\u00e9e de cat\u00e9gories. Cependant, vous rencontrerez le plus souvent :<\/p>\n<ul>\n<li>Distributeur automatique;<\/li>\n<li>Jeux de soci\u00e9t\u00e9 &#8211; dans cette cat\u00e9gorie, vous trouverez tous les jeux de cartes (plus de d\u00e9tails ci-dessous)\u00a0;<\/li>\n<li>Vid\u00e9o poker &#8211; dans cette cat\u00e9gorie, vous trouverez tous les jeux de poker jou\u00e9s via une machine (similaire \u00e0 une machine \u00e0 sous) ;<\/li>\n<li>Jeux sp\u00e9ciaux &#8211; dans cette cat\u00e9gorie, vous pouvez trouver, par exemple, le tr\u00e8s populaire Keno10 ou bingo, les cartes \u00e0 gratter, etc.<\/li>\n<\/ul>\n<p>Il est \u00e9galement important de noter que, selon l&rsquo;espace virtuel dans lequel vous jouez et le type de jeu, il est possible de jouer aux jeux correspondants dans le mode dit d\u00e9mo. Dans ce mode, vous pourrez vous familiariser avec les m\u00e9canismes des jeux de jackpot en argent r\u00e9el LeoVegas, tenter votre chance ou \u00e9laborer votre strat\u00e9gie sans risquer votre argent.<\/p>\n<p>Les machines \u00e0 sous sont bien connues de la plupart des joueurs. Ils fonctionnent sur un principe simple dont le but est de gagner de l&rsquo;argent dans une machine \u00e0 sous. Comment le joueur gagne-t-il de l&rsquo;argent ? Il lance des pi\u00e8ces (ins\u00e8re des fonds), fait tourner les rouleaux (bouton, levier, \u00e9cran&#8230;) et attend que les rouleaux tournent sur votre \u00e9cran pour s&rsquo;arr\u00eater.<\/p>\n<p><span style=\"font-weight: 400;\"><img loading=\"lazy\" decoding=\"async\" class=\" wp-image-330 aligncenter\" src=\"https:\/\/leovegas-au.org\/wp-content\/uploads\/2022\/04\/Jackpot-Games-300x160.jpg\" alt=\"jackpot\" width=\"765\" height=\"408\" srcset=\"https:\/\/leovegas-au.org\/wp-content\/uploads\/2022\/04\/Jackpot-Games-300x160.jpg 300w, https:\/\/leovegas-au.org\/wp-content\/uploads\/2022\/04\/Jackpot-Games.jpg 750w\" sizes=\"auto, (max-width: 765px) 100vw, 765px\" \/><\/span><\/p>\n<p>Il gagne au moment de cr\u00e9er une combinaison de symboles identiques (plus il y a de symboles, plus le gain devrait \u00eatre \u00e9lev\u00e9). Le probl\u00e8me, cependant, est que certains joueurs aiment jouer aux machines \u00e0 sous, ce qui conduit souvent \u00e0 ce que l&rsquo;on appelle le jeu pathologique.<\/p>\n<p>Les jeux de jackpot en ligne LeoVegas ajoutent souvent divers \u00e9l\u00e9ments divertissants ou excitants au vid\u00e9o poker afin d&rsquo;attirer de nouveaux joueurs et de prendre pied dans la comp\u00e9tition d\u00e9j\u00e0 intense.<\/p>\n<div class=\"t-go\"><a href=\"\/go-casino\/?sub_id_1=Leovegas\">OBTENEZ UN BONUS<\/a><\/div>\n<h2>Bonus et promotions<\/h2>\n<p>Le bonus de bienvenue du casino LeoVegas vous offre un <a href=\"https:\/\/leovegas-au.org\/fr\/bonus\/\">bonus<\/a> d\u00e9cent pour jouer \u00e0 la plupart des jeux du site. En fait, l&rsquo;offre de bienvenue du casino chez LeoVegas est la m\u00eame que celle de la plupart des autres meilleurs casinos sur Internet. En plus de l&rsquo;argent bonus, vous obtenez \u00e9galement des tours gratuits \u00e0 utiliser sur certaines des meilleures <a href=\"https:\/\/leovegas-au.org\/fr\/slots\/\">machines \u00e0 sous<\/a> de casino. Le casino offre une exigence de mise de bonus de bienvenue standard de 30x. Une fois que vous avez satisfait \u00e0 cette exigence, vous pouvez retirer vos gains de votre solde de jeux bonus jackpot LeoVegas.<\/p>\n<p>LeoVegas propose des jeux de casino de fournisseurs de logiciels tels que NetEnt, Microgaming, NYX Interactive, Yggdrasil Gaming, NextGen Gaming, 1&#215;2 Gaming, Betsoft, Elk Studios, Evolution Gaming, Genii, Blueprint Gaming, iSoftBet, Iron Dog Studios, Lightning box. , Playson, Gamevy, Quickspin, Rabcat, 2 By 2 Gaming, Multicommerce Game Studio, Core Gaming, Plank Gaming.<\/p>\n<p>T\u00e9l\u00e9chargement gratuit de jeux de jackpot LeoVegas offre la meilleure exp\u00e9rience de casino mobile pour les joueurs qui aiment jouer \u00e0 des jeux de jackpot progressif avec beaucoup d&rsquo;argent sur leurs appareils iOS, Android ou Windows. Nous avons une large s\u00e9lection de jackpots progressifs, notamment : Millionaire Genie, Mega Fortune Dreams, Divine Fortune, Jackpot Games Giant, Shaman&rsquo;s Dream, Treasure Nile, Cash Splash, King Cashalot, Lotsaloot, Fruit Fiesta, Treasure Island, Tunzamunni, Cashapillar, LotsAloot, Mega Moolah, WowPot, Cashaloto, LotsALoot et plus encore.<\/p>\n<h2>Jeux de casino en direct<\/h2>\n<p>Jeux Jackpot Le casino LeoVegas propose une grande vari\u00e9t\u00e9 de jeux en direct tels que le blackjack, la roulette, le poker, le baccarat et plus encore. Le casino en direct est propuls\u00e9 par Playtech et offre une exp\u00e9rience in\u00e9gal\u00e9e. Ils ont \u00e9galement un casino mobile, ce qui signifie qu&rsquo;ils peuvent emporter leurs jeux avec eux lors de leurs d\u00e9placements. Les joueurs peuvent jouer aux jeux de jackpot LeoVegas en mode instantan\u00e9 sans t\u00e9l\u00e9charger l&rsquo;application du casino.<\/p>\n<h2>Service \u00e0 la client\u00e8le Jackpot<\/h2>\n<p>Tout joueur peut contacter le service client\u00e8le de LeoVegas 24h\/24 et 7j\/7 pour toute question. Vous pouvez contacter l&rsquo;assistance via le chat en direct disponible sur le site Web du casino. LeoVegas Mobile Casino est accessible depuis une vari\u00e9t\u00e9 d&rsquo;appareils mobiles iOS, Android et Windows. Le casino mobile LeoVegas est sous licence. Cela signifie que le casino suit des r\u00e9glementations gouvernementales strictes et que les joueurs peuvent \u00eatre s\u00fbrs que leurs informations personnelles et financi\u00e8res sont en s\u00e9curit\u00e9.<\/p>\n<div class=\"t-go\"><a href=\"\/go-casino\/?sub_id_1=Leovegas\">OBTENEZ UN BONUS<\/a><\/div>\n<h2>Le jeu sur Bitcoin prend de l&rsquo;ampleur!<\/h2>\n<p>Alors que les m\u00e9dias traditionnels commen\u00e7aient tout juste \u00e0 pr\u00eater attention \u00e0 la crypto-monnaie, divers portails de jeu r\u00e9fl\u00e9chissaient avec force et force \u00e0 la meilleure fa\u00e7on d&rsquo;utiliser ses avantages. Beaucoup de ces casinos en ligne qui prenaient autrefois le risque de cr\u00e9er une entreprise autour de Bitcoin (ou simplement d&rsquo;ajouter quelques crypto-monnaies comme autre m\u00e9thode de paiement) fonctionnent toujours avec succ\u00e8s aujourd&rsquo;hui.<\/p>\n<p>Bien s\u00fbr, le taux de change du Bitcoin a grandement influenc\u00e9 la croissance de l&rsquo;int\u00e9r\u00eat pour les monnaies virtuelles. Mais m\u00eame si nous ignorons les graphiques avec le prix du BTC, la volont\u00e9 de l&rsquo;industrie du jeu d&rsquo;accepter le Bitcoin et d&rsquo;autres crypto-monnaies peut s&rsquo;expliquer tr\u00e8s facilement.<\/p>\n<h2><span style=\"font-weight: 400;\"><img loading=\"lazy\" decoding=\"async\" class=\" wp-image-332 aligncenter\" src=\"https:\/\/leovegas-au.org\/wp-content\/uploads\/2022\/04\/jackpot-slot-300x219.jpg\" alt=\"jackpot games\" width=\"806\" height=\"588\" srcset=\"https:\/\/leovegas-au.org\/wp-content\/uploads\/2022\/04\/jackpot-slot-300x219.jpg 300w, https:\/\/leovegas-au.org\/wp-content\/uploads\/2022\/04\/jackpot-slot.jpg 800w\" sizes=\"auto, (max-width: 806px) 100vw, 806px\" \/><\/span><\/h2>\n<h2>Avantages des jeux de casino Bitcoin<\/h2>\n<p>L&rsquo;int\u00e9r\u00eat sans pr\u00e9c\u00e9dent pour les crypto-monnaies et le Bitcoin en particulier \u00e9tait en grande partie d\u00fb aux caract\u00e9ristiques techniques de cet \u00e9cosyst\u00e8me innovant. Les personnes avis\u00e9es sur le plan financier ont accord\u00e9 une attention particuli\u00e8re \u00e0 plusieurs aspects cl\u00e9s des monnaies num\u00e9riques\u00a0:<\/p>\n<ul>\n<li>Vitesse de traitement des paiements<\/li>\n<li>Transferts d&rsquo;argent bon march\u00e9<\/li>\n<li>Possibilit\u00e9 d&rsquo;envoyer de petites parties d&rsquo;un BTC<\/li>\n<li>S\u00e9curit\u00e9 et confidentialit\u00e9 des transactions<\/li>\n<li>Ind\u00e9pendance relative vis-\u00e0-vis de l&rsquo;\u00c9tat<\/li>\n<\/ul>\n<p>Il se trouve que chacun de ces points rev\u00eat une grande importance dans le jeu en ligne. Par cons\u00e9quent, d\u00e8s que les premiers casinos avec des jeux de jackpot bitcoin LeoVegas sont apparus sur Internet, les autres ont commenc\u00e9 \u00e0 r\u00e9aliser les avantages incontestables de la crypto-monnaie pour les jeux de casino.<\/p>\n<p>Les caract\u00e9ristiques techniques du traitement des transactions dans le r\u00e9seau Bitcoin rendent les transferts d&rsquo;argent tr\u00e8s rapides. Le transfert de fonds d&rsquo;un compte \u00e0 un autre est instantan\u00e9. Il ne reste plus qu&rsquo;\u00e0 attendre la confirmation finale de la transaction du c\u00f4t\u00e9 des mineurs. Sauf pendant les p\u00e9riodes de trafic r\u00e9seau extr\u00eame, cette proc\u00e9dure prend environ 10 minutes.<\/p>\n<p>Au fait, \u00e0 propos des mineurs. Le transfert de fonds via Bitcoin est \u00e9galement beaucoup moins cher. L&rsquo;utilisateur pr\u00e9cise lui-m\u00eame le montant de la commission \u00ab\u00a0mineur\u00a0\u00bb pour chaque transfert. Si l&rsquo;on compare ces centimes aux co\u00fbts \u00e9ventuels des commissions des banques, des syst\u00e8mes de paiement et de toutes sortes d&rsquo;interm\u00e9diaires lors du transfert de monnaies fiduciaires traditionnelles, la crypto-monnaie semble \u00eatre une solution particuli\u00e8rement rentable.<\/p>\n<p>Pour l&rsquo;utilisateur moyen d&rsquo;un casino en ligne, cela peut \u00eatre un double avantage. Premi\u00e8rement, il pourra \u00e9conomiser sur les d\u00e9p\u00f4ts et les retraits. Deuxi\u00e8mement, les portails de jeu eux-m\u00eames perdront moins de profit sur les commissions, ce qui leur permet d&rsquo;offrir aux joueurs des bonus plus \u00absavoureux\u00bb.<\/p>\n<p>L&rsquo;avantage le plus \u00e9vident du jeu Bitcoin est peut-\u00eatre la confidentialit\u00e9 des joueurs. Il n&rsquo;y a pas de donn\u00e9es personnelles sur le propri\u00e9taire de la crypto-monnaie dans le r\u00e9seau Bitcoin. Ils ne sont pas envoy\u00e9s avec des adresses de portefeuille ou des cl\u00e9s publiques. De nombreux casinos Bitcoin n&rsquo;exigent m\u00eame pas d&rsquo;informations personnelles sp\u00e9cifiques de la part des utilisateurs, ou s&rsquo;ils le font, c&rsquo;est uniquement pour se conformer aux proc\u00e9dures l\u00e9gales.<\/p>\n","protected":false},"excerpt":{"rendered":"<p>L&rsquo;un des avantages des casinos est le fait que vous ne vous ennuierez jamais avec eux, vous ne serez jamais \u00e0 court de possibilit\u00e9s qu&rsquo;ils vous offrent. Les offres de jeux ne manquent pas et de nouveaux jeux sont d\u00e9velopp\u00e9s quotidiennement et ajout\u00e9s aux offres de casino individuelles. Si vous jouez en ligne, vous disposez [&hellip;]<\/p>\n","protected":false},"author":1,"featured_media":0,"parent":0,"menu_order":0,"comment_status":"closed","ping_status":"closed","template":"","meta":{"footnotes":""},"class_list":["post-334","page","type-page","status-publish","hentry"],"acf":[],"yoast_head":"<!-- This site is optimized with the Yoast SEO plugin v17.9 - https:\/\/yoast.com\/wordpress\/plugins\/seo\/ -->\n<title>Machines \u00e0 sous et jeux de jackpot en ligne - leovegas-au.org<\/title>\n<meta name=\"description\" content=\"Jeux Jackpot Jouez aux machines \u00e0 sous vid\u00e9o jackpot et gagnez gros\u00a0! En savoir plus sur les jeux \u00e0 jackpot. Types de jeux de casino en ligne\" \/>\n<meta name=\"robots\" content=\"index, follow, max-snippet:-1, max-image-preview:large, max-video-preview:-1\" \/>\n<link rel=\"canonical\" href=\"https:\/\/leovegas-au.org\/fr\/jackpot-games\/\" \/>\n<meta property=\"og:type\" content=\"article\" \/>\n<meta property=\"og:title\" content=\"Machines \u00e0 sous et jeux de jackpot en ligne - leovegas-au.org\" \/>\n<meta property=\"og:description\" content=\"Jeux Jackpot Jouez aux machines \u00e0 sous vid\u00e9o jackpot et gagnez gros\u00a0! En savoir plus sur les jeux \u00e0 jackpot. Types de jeux de casino en ligne\" \/>\n<meta property=\"og:url\" content=\"https:\/\/leovegas-au.org\/fr\/jackpot-games\/\" \/>\n<meta property=\"og:site_name\" content=\"leovegas casino\" \/>\n<meta property=\"article:modified_time\" content=\"2022-07-21T12:46:34+00:00\" \/>\n<meta property=\"og:image\" content=\"https:\/\/leovegas-au.org\/wp-content\/uploads\/2022\/04\/Jackpot-Games-300x160.jpg\" \/>\n<meta name=\"twitter:card\" content=\"summary_large_image\" \/>\n<meta name=\"twitter:label1\" content=\"Dur\u00e9e de lecture estim\u00e9e\" \/>\n\t<meta name=\"twitter:data1\" content=\"6 minutes\" \/>\n<script type=\"application\/ld+json\" class=\"yoast-schema-graph\">{\"@context\":\"https:\/\/schema.org\",\"@graph\":[{\"@type\":\"WebSite\",\"@id\":\"https:\/\/leovegas-au.org\/#website\",\"url\":\"https:\/\/leovegas-au.org\/\",\"name\":\"leovegas casino\",\"description\":\"\",\"potentialAction\":[{\"@type\":\"SearchAction\",\"target\":{\"@type\":\"EntryPoint\",\"urlTemplate\":\"https:\/\/leovegas-au.org\/?s={search_term_string}\"},\"query-input\":\"required name=search_term_string\"}],\"inLanguage\":\"fr-FR\"},{\"@type\":\"ImageObject\",\"@id\":\"https:\/\/leovegas-au.org\/fr\/jackpot-games\/#primaryimage\",\"inLanguage\":\"fr-FR\",\"url\":\"https:\/\/leovegas-au.org\/wp-content\/uploads\/2022\/04\/Jackpot-Games.jpg\",\"contentUrl\":\"https:\/\/leovegas-au.org\/wp-content\/uploads\/2022\/04\/Jackpot-Games.jpg\",\"width\":750,\"height\":400,\"caption\":\"jackpot\"},{\"@type\":\"WebPage\",\"@id\":\"https:\/\/leovegas-au.org\/fr\/jackpot-games\/#webpage\",\"url\":\"https:\/\/leovegas-au.org\/fr\/jackpot-games\/\",\"name\":\"Machines \\u00e0 sous et jeux de jackpot en ligne - leovegas-au.org\",\"isPartOf\":{\"@id\":\"https:\/\/leovegas-au.org\/#website\"},\"primaryImageOfPage\":{\"@id\":\"https:\/\/leovegas-au.org\/fr\/jackpot-games\/#primaryimage\"},\"datePublished\":\"2022-04-25T17:24:36+00:00\",\"dateModified\":\"2022-07-21T12:46:34+00:00\",\"description\":\"Jeux Jackpot Jouez aux machines \\u00e0 sous vid\\u00e9o jackpot et gagnez gros\\u00a0! En savoir plus sur les jeux \\u00e0 jackpot. Types de jeux de casino en ligne\",\"breadcrumb\":{\"@id\":\"https:\/\/leovegas-au.org\/fr\/jackpot-games\/#breadcrumb\"},\"inLanguage\":\"fr-FR\",\"potentialAction\":[{\"@type\":\"ReadAction\",\"target\":[\"https:\/\/leovegas-au.org\/fr\/jackpot-games\/\"]}]},{\"@type\":\"BreadcrumbList\",\"@id\":\"https:\/\/leovegas-au.org\/fr\/jackpot-games\/#breadcrumb\",\"itemListElement\":[{\"@type\":\"ListItem\",\"position\":1,\"name\":\"Home\",\"item\":\"https:\/\/leovegas-au.org\/fr\/\"},{\"@type\":\"ListItem\",\"position\":2,\"name\":\"Types de jeux de casino en ligne\"}]}]}<\/script>\n<!-- \/ Yoast SEO plugin. -->","yoast_head_json":{"title":"Machines \u00e0 sous et jeux de jackpot en ligne - leovegas-au.org","description":"Jeux Jackpot Jouez aux machines \u00e0 sous vid\u00e9o jackpot et gagnez gros\u00a0! En savoir plus sur les jeux \u00e0 jackpot. Types de jeux de casino en ligne","robots":{"index":"index","follow":"follow","max-snippet":"max-snippet:-1","max-image-preview":"max-image-preview:large","max-video-preview":"max-video-preview:-1"},"canonical":"https:\/\/leovegas-au.org\/fr\/jackpot-games\/","og_type":"article","og_title":"Machines \u00e0 sous et jeux de jackpot en ligne - leovegas-au.org","og_description":"Jeux Jackpot Jouez aux machines \u00e0 sous vid\u00e9o jackpot et gagnez gros\u00a0! En savoir plus sur les jeux \u00e0 jackpot. Types de jeux de casino en ligne","og_url":"https:\/\/leovegas-au.org\/fr\/jackpot-games\/","og_site_name":"leovegas casino","article_modified_time":"2022-07-21T12:46:34+00:00","og_image":[{"url":"https:\/\/leovegas-au.org\/wp-content\/uploads\/2022\/04\/Jackpot-Games-300x160.jpg"}],"twitter_card":"summary_large_image","twitter_misc":{"Dur\u00e9e de lecture estim\u00e9e":"6 minutes"},"schema":{"@context":"https:\/\/schema.org","@graph":[{"@type":"WebSite","@id":"https:\/\/leovegas-au.org\/#website","url":"https:\/\/leovegas-au.org\/","name":"leovegas casino","description":"","potentialAction":[{"@type":"SearchAction","target":{"@type":"EntryPoint","urlTemplate":"https:\/\/leovegas-au.org\/?s={search_term_string}"},"query-input":"required name=search_term_string"}],"inLanguage":"fr-FR"},{"@type":"ImageObject","@id":"https:\/\/leovegas-au.org\/fr\/jackpot-games\/#primaryimage","inLanguage":"fr-FR","url":"https:\/\/leovegas-au.org\/wp-content\/uploads\/2022\/04\/Jackpot-Games.jpg","contentUrl":"https:\/\/leovegas-au.org\/wp-content\/uploads\/2022\/04\/Jackpot-Games.jpg","width":750,"height":400,"caption":"jackpot"},{"@type":"WebPage","@id":"https:\/\/leovegas-au.org\/fr\/jackpot-games\/#webpage","url":"https:\/\/leovegas-au.org\/fr\/jackpot-games\/","name":"Machines \u00e0 sous et jeux de jackpot en ligne - leovegas-au.org","isPartOf":{"@id":"https:\/\/leovegas-au.org\/#website"},"primaryImageOfPage":{"@id":"https:\/\/leovegas-au.org\/fr\/jackpot-games\/#primaryimage"},"datePublished":"2022-04-25T17:24:36+00:00","dateModified":"2022-07-21T12:46:34+00:00","description":"Jeux Jackpot Jouez aux machines \u00e0 sous vid\u00e9o jackpot et gagnez gros\u00a0! En savoir plus sur les jeux \u00e0 jackpot. Types de jeux de casino en ligne","breadcrumb":{"@id":"https:\/\/leovegas-au.org\/fr\/jackpot-games\/#breadcrumb"},"inLanguage":"fr-FR","potentialAction":[{"@type":"ReadAction","target":["https:\/\/leovegas-au.org\/fr\/jackpot-games\/"]}]},{"@type":"BreadcrumbList","@id":"https:\/\/leovegas-au.org\/fr\/jackpot-games\/#breadcrumb","itemListElement":[{"@type":"ListItem","position":1,"name":"Home","item":"https:\/\/leovegas-au.org\/fr\/"},{"@type":"ListItem","position":2,"name":"Types de jeux de casino en ligne"}]}]}},"_links":{"self":[{"href":"https:\/\/leovegas-au.org\/fr\/wp-json\/wp\/v2\/pages\/334","targetHints":{"allow":["GET"]}}],"collection":[{"href":"https:\/\/leovegas-au.org\/fr\/wp-json\/wp\/v2\/pages"}],"about":[{"href":"https:\/\/leovegas-au.org\/fr\/wp-json\/wp\/v2\/types\/page"}],"author":[{"embeddable":true,"href":"https:\/\/leovegas-au.org\/fr\/wp-json\/wp\/v2\/users\/1"}],"replies":[{"embeddable":true,"href":"https:\/\/leovegas-au.org\/fr\/wp-json\/wp\/v2\/comments?post=334"}],"version-history":[{"count":5,"href":"https:\/\/leovegas-au.org\/fr\/wp-json\/wp\/v2\/pages\/334\/revisions"}],"predecessor-version":[{"id":594,"href":"https:\/\/leovegas-au.org\/fr\/wp-json\/wp\/v2\/pages\/334\/revisions\/594"}],"wp:attachment":[{"href":"https:\/\/leovegas-au.org\/fr\/wp-json\/wp\/v2\/media?parent=334"}],"curies":[{"name":"wp","href":"https:\/\/api.w.org\/{rel}","templated":true}]}}