{"id":324,"date":"2022-04-25T17:06:10","date_gmt":"2022-04-25T17:06:10","guid":{"rendered":"https:\/\/leovegas-au.org\/?page_id=324"},"modified":"2022-07-21T12:47:45","modified_gmt":"2022-07-21T12:47:45","slug":"registration","status":"publish","type":"page","link":"https:\/\/leovegas-au.org\/fr\/registration\/","title":{"rendered":"Inscription \u00e0 un casino en ligne"},"content":{"rendered":"<p>Aujourd&rsquo;hui, les jeux en ligne gagnent en popularit\u00e9 de fa\u00e7on exponentielle. Il est difficile de trouver un utilisateur qui n&rsquo;a jamais jou\u00e9 \u00e0 un jeu en ligne. Certains s&rsquo;affrontent pour deviner des mots ou attraper des fleurs, tandis que d&rsquo;autres se sont fix\u00e9 pour objectif de transformer le jeu en source de revenus. Pour la deuxi\u00e8me cat\u00e9gorie, consid\u00e9rons ce qu&rsquo;est un enregistrement de casino en ligne LeoVegas et pourquoi il est n\u00e9cessaire.<\/p>\n<div class=\"t-go\"><a href=\"\/go-casino\/?sub_id_1=Leovegas\">OBTENEZ UN BONUS<\/a><\/div>\n<h2>Avantages de l&rsquo;inscription<\/h2>\n<p>Dans de nombreux casinos en ligne, l&rsquo;inscription n&rsquo;est pas n\u00e9cessaire pour commencer \u00e0 utiliser le site. Vous pouvez facilement faire d\u00e9filer les pages, vous familiariser avec les machines pr\u00e9sent\u00e9es et m\u00eame les jouer. Tout portail de jeu sur le r\u00e9seau donne aux visiteurs la possibilit\u00e9 de trier leurs priorit\u00e9s, de tester les mod\u00e8les qu&rsquo;ils aiment et m\u00eame de s&rsquo;essayer \u00e0 jouer pour de l&rsquo;argent fictif.<\/p>\n<p>Directement sur le site s\u00e9lectionn\u00e9, vous pouvez satisfaire le d\u00e9sir de ressentir le pouvoir de l&rsquo;excitation sans vous inscrire sur un casino en ligne, sans ouvrir de compte et sans obligations. Personne ne vous interdira de jouer \u00e0 vos machines \u00e0 sous pr\u00e9f\u00e9r\u00e9es ou m\u00eame de parier \u00e0 la roulette. Bien s\u00fbr, de nombreuses opportunit\u00e9s seront ferm\u00e9es, toutes les machines \u00e0 sous ne sont pas disponibles en mode test et le processus de jeu pour les emballages de bonbons n&rsquo;apportera pas une v\u00e9ritable passion dans votre vie.<\/p>\n<p>Le mode formation est n\u00e9cessaire pour se familiariser avec le site du casino s\u00e9lectionn\u00e9. L&rsquo;inscription vous permettra de ressentir la v\u00e9ritable excitation. Vous pourrez ouvrir votre propre compte, sur lequel vous d\u00e9poserez de l&rsquo;argent et retirerez des gains. Imm\u00e9diatement apr\u00e8s votre inscription, toutes sortes de bonus vous seront propos\u00e9s, vous aurez la possibilit\u00e9 de participer aux promotions du casino. En d&rsquo;autres termes, vous ferez partie d&rsquo;une \u00e9quipe de visiteurs privil\u00e9gi\u00e9s du casino. Une inscription d\u00e9taill\u00e9e au casino d&rsquo;examen LeoVegas peut \u00eatre trouv\u00e9e sur notre site Web.<\/p>\n<h2><span style=\"font-weight: 400;\"><img loading=\"lazy\" decoding=\"async\" class=\" wp-image-320 aligncenter\" src=\"https:\/\/leovegas-au.org\/wp-content\/uploads\/2022\/04\/casino-2-300x168.jpg\" alt=\"register\" width=\"800\" height=\"448\" srcset=\"https:\/\/leovegas-au.org\/wp-content\/uploads\/2022\/04\/casino-2-300x168.jpg 300w, https:\/\/leovegas-au.org\/wp-content\/uploads\/2022\/04\/casino-2-1024x574.jpg 1024w, https:\/\/leovegas-au.org\/wp-content\/uploads\/2022\/04\/casino-2-768x430.jpg 768w, https:\/\/leovegas-au.org\/wp-content\/uploads\/2022\/04\/casino-2.jpg 1189w\" sizes=\"auto, (max-width: 800px) 100vw, 800px\" \/><\/span><\/h2>\n<h2>Comment d\u00e9marrer l&rsquo;inscription<\/h2>\n<p>Ainsi, vous avez choisi un casino parmi la liste des meilleurs, test\u00e9 ses capacit\u00e9s, vous \u00eates essay\u00e9 et \u00eates maintenant pr\u00eat \u00e0 cr\u00e9er un compte sur son site Web. Vous devez trouver un bouton intitul\u00e9 \u00ab\u00a0S&rsquo;inscrire\u00a0\u00bb. Les casinos en ligne proposent g\u00e9n\u00e9ralement plusieurs options de connexion dans la bo\u00eete de cr\u00e9ation de compte. Et si vous avez pass\u00e9 du temps sur les pages de leur site, vous avez probablement d\u00e9j\u00e0 eu cette opportunit\u00e9 \u00e0 plusieurs reprises. Il vous suffit de cliquer sur le bouton \u00ab\u00a0S&rsquo;inscrire\u00a0\u00bb.<\/p>\n<h2>Caract\u00e9ristiques des casinos en ligne sans inscription<\/h2>\n<p>Nous \u00e9num\u00e9rerons les principales caract\u00e9ristiques des casinos sans inscription. Hormis le fait qu&rsquo;ils n&rsquo;obligent pas le joueur \u00e0 ouvrir un compte de jeu. C&rsquo;est ce qui distingue ces clubs de tous les sites de jeu habituels avec machines \u00e0 sous :<\/p>\n<ul>\n<li>Les casinos en ligne sans compte fonctionnent gr\u00e2ce \u00e0 BankID. Vous n&rsquo;avez besoin d&rsquo;ouvrir un compte qu&rsquo;une seule fois dans ce service pour utiliser des sites comme Pay N Play ;<\/li>\n<li>Les ressources de ces institutions n&rsquo;ont pas besoin de passer par la proc\u00e9dure d&rsquo;enregistrement standard. Il vous suffit d&rsquo;aller sur le portail et de commencer \u00e0 jouer en alimentant votre compte ;<\/li>\n<li>Le service BankID fonctionne conjointement avec le syst\u00e8me de paiement Trustly, disponible dans 25 pays europ\u00e9ens ;<\/li>\n<li>Jusqu&rsquo;\u00e0 pr\u00e9sent, les casinos non enregistr\u00e9s ne sont disponibles que pour les joueurs de Su\u00e8de, d&rsquo;Allemagne et de Finlande ;<\/li>\n<\/ul>\n<p>Le r\u00e9approvisionnement et le retrait des fonds dans ces clubs se produisent instantan\u00e9ment.<\/p>\n<p>La direction des casinos qui ne n\u00e9cessitent pas d&rsquo;inscription ne fait que commencer. Et le format Pay N Play de Trustly &#8211; c&rsquo;est la premi\u00e8re hirondelle. Il ne fait presque aucun doute qu&rsquo;\u00e0 l&rsquo;avenir, d&rsquo;autres fournisseurs et entreprises de paiement cr\u00e9eront des outils sp\u00e9cifiquement pour le casino de niche LeoVegas sans inscription. Apr\u00e8s tout, ces portails de jeu r\u00e9pondent aux besoins des joueurs modernes. De nombreux joueurs ne veulent pas passer plus de temps \u00e0 remplir des formulaires de base et \u00e0 donner leurs donn\u00e9es personnelles aux sites de jeux.<\/p>\n<p>Jusqu&rsquo;\u00e0 pr\u00e9sent, il n&rsquo;y a pas beaucoup d&rsquo;endroits o\u00f9 ils proposent de jouer sans compte. Mais parmi eux, il y a des marques assez c\u00e9l\u00e8bres. Nous les avons list\u00e9s sur cette page. Notez qu&rsquo;ils ne sont disponibles que pour les utilisateurs du syst\u00e8me de paiement Trustly. Il fonctionne en Lettonie, en Lituanie, en Estonie et en Pologne. Certains joueurs russes et ukrainiens ont \u00e9galement des comptes dans ce <a href=\"https:\/\/leovegas-au.org\/fr\/payment-methods\/\">syst\u00e8me de paiement<\/a>, mais sp\u00e9cifiquement dans ces pays, Trustly ne fonctionne pas.<\/p>\n<p>\u00c0 l&rsquo;avenir, les m\u00eames VISA, Skrill ou Neteller pourront cr\u00e9er leur propre produit et le lier \u00e0 BankID. Apr\u00e8s tout, les casinos avec l&rsquo;option Pay N Play sont d\u00e9j\u00e0 tr\u00e8s populaires. Ainsi, les grandes entreprises des paiements et de la finance voudront cr\u00e9er leur propre produit mondial. Techniquement, le Bitcoin et les crypto-monnaies peuvent \u00eatre utilis\u00e9s pour cela. D\u00e9j\u00e0, les casinos Bitcoin et les sites de Dice hautement sp\u00e9cialis\u00e9s ne n\u00e9cessitent pas d&rsquo;informations personnelles. Les joueurs y restent anonymes.<\/p>\n<div class=\"t-go\"><a href=\"\/go-casino\/?sub_id_1=Leovegas\">OBTENEZ UN BONUS<\/a><\/div>\n<h2>Que sont les tours gratuits des machines \u00e0 sous gratuites en ligne<\/h2>\n<p>Les paris dans les machines \u00e0 sous sont donn\u00e9s directement par l&rsquo;administration du casino, et en cas de succ\u00e8s, les gains vont au solde du gagnant. En r\u00e8gle g\u00e9n\u00e9rale, les tours cadeaux sont offerts \u00e0 l&rsquo;utilisateur en tant que bonus du casino. Pour obtenir <a href=\"https:\/\/leovegas-au.org\/fr\/free-spins\/\">des tours gratuits<\/a>, il suffit de remplir les conditions qui sont diff\u00e9rentes pour chacun des jeux.<\/p>\n<h2>Que sont les bonus sans d\u00e9p\u00f4t<\/h2>\n<p>Dans de rares cas, les casinos peuvent offrir des paris gratuits sur la roulette ou le blackjack. En bref, il s&rsquo;agit d&rsquo;un type de bonus d&rsquo;inscription LeoVegas, qui consiste en des paris gratuits sans d\u00e9p\u00f4t lors de l&rsquo;inscription \u00e0 des jeux de casino sp\u00e9cifiques. L&rsquo;inscription aux tours gratuits de LeoVegas est un moyen de faire tourner la bobine d&rsquo;une machine \u00e0 sous gratuitement, tout en ayant la possibilit\u00e9 de gagner de l&rsquo;argent r\u00e9el.<\/p>\n<p>Ce type de bonus est un moyen tr\u00e8s populaire d&rsquo;essayer un nouveau casino. Vous pouvez l&rsquo;obtenir soit sous forme de bonus sans d\u00e9p\u00f4t, soit plus commun\u00e9ment dans le cadre d&rsquo;un bonus de bienvenue.<\/p>\n<h2>Ce que vous devez faire pour recevoir le bonus<\/h2>\n<p>Souvent, les bonus LeoVegas sont accompagn\u00e9s de certaines conditions de mise bonus. Cela signifie que le joueur ne pourra retirer ses gains qu&rsquo;apr\u00e8s avoir d\u00e9pens\u00e9 une certaine somme d&rsquo;argent. Bien entendu, il ne faut pas se focaliser sur certains types de bonus lors du choix d&rsquo;un casino en ligne, m\u00eame sur les free spins. Et bien s\u00fbr, le plus souvent, des tours gratuits sont fournis pour des jeux sp\u00e9cifiques, et pas pour tous disponibles dans les casinos en ligne. Le plus souvent, ils sont \u00e9mis pour les machines \u00e0 sous vid\u00e9o populaires, moins souvent pour d&rsquo;autres types de jeux.<\/p>\n<h2><span style=\"font-weight: 400;\"><img loading=\"lazy\" decoding=\"async\" class=\" wp-image-322 aligncenter\" src=\"https:\/\/leovegas-au.org\/wp-content\/uploads\/2022\/04\/0212_onl_cas_1-300x200.jpg\" alt=\"registration casino\" width=\"823\" height=\"548\" srcset=\"https:\/\/leovegas-au.org\/wp-content\/uploads\/2022\/04\/0212_onl_cas_1-300x200.jpg 300w, https:\/\/leovegas-au.org\/wp-content\/uploads\/2022\/04\/0212_onl_cas_1.jpg 675w\" sizes=\"auto, (max-width: 823px) 100vw, 823px\" \/><\/span><\/h2>\n<h2>Tours gratuits de casino en ligne<\/h2>\n<p>De nombreux joueurs aiment recevoir un bonus lors de leur inscription et de leur d\u00e9p\u00f4t. Certains casinos en ligne offrent des tours gratuits \u00e0 leurs joueurs sous forme de tours gratuits pour l&rsquo;inscription \u00e0 LeoVegas Australia. Mais vous devez vous rappeler que le bonus devra \u00eatre d\u00e9viss\u00e9 avant la possibilit\u00e9 de retrait.<\/p>\n<div class=\"t-go\"><a href=\"\/go-casino\/?sub_id_1=Leovegas\">OBTENEZ UN BONUS<\/a><\/div>\n<h2>Jouez au casino LeoVegas depuis un smartphone<\/h2>\n<p>Vous pouvez jouer au casino LeoVegas depuis votre smartphone en utilisant les versions mobiles. Le site fonctionne sur les appareils avec n&rsquo;importe quel syst\u00e8me d&rsquo;exploitation. Le casino propose une s\u00e9lection de machines \u00e0 sous cr\u00e9\u00e9es \u00e0 l&rsquo;aide de la technologie HTML5. Ils sont orient\u00e9s selon les param\u00e8tres des appareils mobiles, ce qui vous permet de les t\u00e9l\u00e9charger \u00e0 la fois verticalement et horizontalement.<\/p>\n<p>Le casino en ligne LeoVegas propose l&rsquo;inscription LeoVegas mobile, un jeu d&rsquo;argent avec un retrait de gains r\u00e9els et un ensemble d&rsquo;autres options disponibles sur le site en taille r\u00e9elle. Vous pouvez \u00e9galement t\u00e9l\u00e9charger l&rsquo;application. Il existe des versions pour les appareils Android et les iPhones. Les avantages de l&rsquo;inscription au casino de l&rsquo;application LeoVegas par rapport au site sont les suivants :<\/p>\n<ul>\n<li>charge minimale sur la ressource du smartphone;<\/li>\n<li>acc\u00e8s direct aux machines \u00e0 sous ;<\/li>\n<li>les utilisateurs re\u00e7oivent des bonus pour les paris dans l&rsquo;application.<\/li>\n<\/ul>\n","protected":false},"excerpt":{"rendered":"<p>Aujourd&rsquo;hui, les jeux en ligne gagnent en popularit\u00e9 de fa\u00e7on exponentielle. Il est difficile de trouver un utilisateur qui n&rsquo;a jamais jou\u00e9 \u00e0 un jeu en ligne. Certains s&rsquo;affrontent pour deviner des mots ou attraper des fleurs, tandis que d&rsquo;autres se sont fix\u00e9 pour objectif de transformer le jeu en source de revenus. Pour la [&hellip;]<\/p>\n","protected":false},"author":1,"featured_media":0,"parent":0,"menu_order":0,"comment_status":"closed","ping_status":"closed","template":"","meta":{"footnotes":""},"class_list":["post-324","page","type-page","status-publish","hentry"],"acf":[],"yoast_head":"<!-- This site is optimized with the Yoast SEO plugin v17.9 - https:\/\/yoast.com\/wordpress\/plugins\/seo\/ -->\n<title>Comment s&#039;inscrire sur un casino en ligne - leovegas-au.org<\/title>\n<meta name=\"description\" content=\"Comment s&#039;inscrire? Inscription dans un Casino. Pour jouer sur un casino en ligne avec de l&#039;argent r\u00e9el, vous devez cr\u00e9er un compte\" \/>\n<meta name=\"robots\" content=\"index, follow, max-snippet:-1, max-image-preview:large, max-video-preview:-1\" \/>\n<link rel=\"canonical\" href=\"https:\/\/leovegas-au.org\/fr\/registration\/\" \/>\n<meta property=\"og:type\" content=\"article\" \/>\n<meta property=\"og:title\" content=\"Comment s&#039;inscrire sur un casino en ligne - leovegas-au.org\" \/>\n<meta property=\"og:description\" content=\"Comment s&#039;inscrire? Inscription dans un Casino. Pour jouer sur un casino en ligne avec de l&#039;argent r\u00e9el, vous devez cr\u00e9er un compte\" \/>\n<meta property=\"og:url\" content=\"https:\/\/leovegas-au.org\/fr\/registration\/\" \/>\n<meta property=\"og:site_name\" content=\"leovegas casino\" \/>\n<meta property=\"article:modified_time\" content=\"2022-07-21T12:47:45+00:00\" \/>\n<meta property=\"og:image\" content=\"https:\/\/leovegas-au.org\/wp-content\/uploads\/2022\/04\/casino-2-300x168.jpg\" \/>\n<meta name=\"twitter:card\" content=\"summary_large_image\" \/>\n<meta name=\"twitter:label1\" content=\"Dur\u00e9e de lecture estim\u00e9e\" \/>\n\t<meta name=\"twitter:data1\" content=\"7 minutes\" \/>\n<script type=\"application\/ld+json\" class=\"yoast-schema-graph\">{\"@context\":\"https:\/\/schema.org\",\"@graph\":[{\"@type\":\"WebSite\",\"@id\":\"https:\/\/leovegas-au.org\/#website\",\"url\":\"https:\/\/leovegas-au.org\/\",\"name\":\"leovegas casino\",\"description\":\"\",\"potentialAction\":[{\"@type\":\"SearchAction\",\"target\":{\"@type\":\"EntryPoint\",\"urlTemplate\":\"https:\/\/leovegas-au.org\/?s={search_term_string}\"},\"query-input\":\"required name=search_term_string\"}],\"inLanguage\":\"fr-FR\"},{\"@type\":\"ImageObject\",\"@id\":\"https:\/\/leovegas-au.org\/fr\/registration\/#primaryimage\",\"inLanguage\":\"fr-FR\",\"url\":\"https:\/\/leovegas-au.org\/wp-content\/uploads\/2022\/04\/casino-2.jpg\",\"contentUrl\":\"https:\/\/leovegas-au.org\/wp-content\/uploads\/2022\/04\/casino-2.jpg\",\"width\":1189,\"height\":666,\"caption\":\"register\"},{\"@type\":\"WebPage\",\"@id\":\"https:\/\/leovegas-au.org\/fr\/registration\/#webpage\",\"url\":\"https:\/\/leovegas-au.org\/fr\/registration\/\",\"name\":\"Comment s'inscrire sur un casino en ligne - leovegas-au.org\",\"isPartOf\":{\"@id\":\"https:\/\/leovegas-au.org\/#website\"},\"primaryImageOfPage\":{\"@id\":\"https:\/\/leovegas-au.org\/fr\/registration\/#primaryimage\"},\"datePublished\":\"2022-04-25T17:06:10+00:00\",\"dateModified\":\"2022-07-21T12:47:45+00:00\",\"description\":\"Comment s'inscrire? Inscription dans un Casino. Pour jouer sur un casino en ligne avec de l'argent r\\u00e9el, vous devez cr\\u00e9er un compte\",\"breadcrumb\":{\"@id\":\"https:\/\/leovegas-au.org\/fr\/registration\/#breadcrumb\"},\"inLanguage\":\"fr-FR\",\"potentialAction\":[{\"@type\":\"ReadAction\",\"target\":[\"https:\/\/leovegas-au.org\/fr\/registration\/\"]}]},{\"@type\":\"BreadcrumbList\",\"@id\":\"https:\/\/leovegas-au.org\/fr\/registration\/#breadcrumb\",\"itemListElement\":[{\"@type\":\"ListItem\",\"position\":1,\"name\":\"Home\",\"item\":\"https:\/\/leovegas-au.org\/fr\/\"},{\"@type\":\"ListItem\",\"position\":2,\"name\":\"Inscription \\u00e0 un casino en ligne\"}]}]}<\/script>\n<!-- \/ Yoast SEO plugin. -->","yoast_head_json":{"title":"Comment s'inscrire sur un casino en ligne - leovegas-au.org","description":"Comment s'inscrire? Inscription dans un Casino. Pour jouer sur un casino en ligne avec de l'argent r\u00e9el, vous devez cr\u00e9er un compte","robots":{"index":"index","follow":"follow","max-snippet":"max-snippet:-1","max-image-preview":"max-image-preview:large","max-video-preview":"max-video-preview:-1"},"canonical":"https:\/\/leovegas-au.org\/fr\/registration\/","og_type":"article","og_title":"Comment s'inscrire sur un casino en ligne - leovegas-au.org","og_description":"Comment s'inscrire? Inscription dans un Casino. Pour jouer sur un casino en ligne avec de l'argent r\u00e9el, vous devez cr\u00e9er un compte","og_url":"https:\/\/leovegas-au.org\/fr\/registration\/","og_site_name":"leovegas casino","article_modified_time":"2022-07-21T12:47:45+00:00","og_image":[{"url":"https:\/\/leovegas-au.org\/wp-content\/uploads\/2022\/04\/casino-2-300x168.jpg"}],"twitter_card":"summary_large_image","twitter_misc":{"Dur\u00e9e de lecture estim\u00e9e":"7 minutes"},"schema":{"@context":"https:\/\/schema.org","@graph":[{"@type":"WebSite","@id":"https:\/\/leovegas-au.org\/#website","url":"https:\/\/leovegas-au.org\/","name":"leovegas casino","description":"","potentialAction":[{"@type":"SearchAction","target":{"@type":"EntryPoint","urlTemplate":"https:\/\/leovegas-au.org\/?s={search_term_string}"},"query-input":"required name=search_term_string"}],"inLanguage":"fr-FR"},{"@type":"ImageObject","@id":"https:\/\/leovegas-au.org\/fr\/registration\/#primaryimage","inLanguage":"fr-FR","url":"https:\/\/leovegas-au.org\/wp-content\/uploads\/2022\/04\/casino-2.jpg","contentUrl":"https:\/\/leovegas-au.org\/wp-content\/uploads\/2022\/04\/casino-2.jpg","width":1189,"height":666,"caption":"register"},{"@type":"WebPage","@id":"https:\/\/leovegas-au.org\/fr\/registration\/#webpage","url":"https:\/\/leovegas-au.org\/fr\/registration\/","name":"Comment s'inscrire sur un casino en ligne - leovegas-au.org","isPartOf":{"@id":"https:\/\/leovegas-au.org\/#website"},"primaryImageOfPage":{"@id":"https:\/\/leovegas-au.org\/fr\/registration\/#primaryimage"},"datePublished":"2022-04-25T17:06:10+00:00","dateModified":"2022-07-21T12:47:45+00:00","description":"Comment s'inscrire? Inscription dans un Casino. Pour jouer sur un casino en ligne avec de l'argent r\u00e9el, vous devez cr\u00e9er un compte","breadcrumb":{"@id":"https:\/\/leovegas-au.org\/fr\/registration\/#breadcrumb"},"inLanguage":"fr-FR","potentialAction":[{"@type":"ReadAction","target":["https:\/\/leovegas-au.org\/fr\/registration\/"]}]},{"@type":"BreadcrumbList","@id":"https:\/\/leovegas-au.org\/fr\/registration\/#breadcrumb","itemListElement":[{"@type":"ListItem","position":1,"name":"Home","item":"https:\/\/leovegas-au.org\/fr\/"},{"@type":"ListItem","position":2,"name":"Inscription \u00e0 un casino en ligne"}]}]}},"_links":{"self":[{"href":"https:\/\/leovegas-au.org\/fr\/wp-json\/wp\/v2\/pages\/324","targetHints":{"allow":["GET"]}}],"collection":[{"href":"https:\/\/leovegas-au.org\/fr\/wp-json\/wp\/v2\/pages"}],"about":[{"href":"https:\/\/leovegas-au.org\/fr\/wp-json\/wp\/v2\/types\/page"}],"author":[{"embeddable":true,"href":"https:\/\/leovegas-au.org\/fr\/wp-json\/wp\/v2\/users\/1"}],"replies":[{"embeddable":true,"href":"https:\/\/leovegas-au.org\/fr\/wp-json\/wp\/v2\/comments?post=324"}],"version-history":[{"count":4,"href":"https:\/\/leovegas-au.org\/fr\/wp-json\/wp\/v2\/pages\/324\/revisions"}],"predecessor-version":[{"id":595,"href":"https:\/\/leovegas-au.org\/fr\/wp-json\/wp\/v2\/pages\/324\/revisions\/595"}],"wp:attachment":[{"href":"https:\/\/leovegas-au.org\/fr\/wp-json\/wp\/v2\/media?parent=324"}],"curies":[{"name":"wp","href":"https:\/\/api.w.org\/{rel}","templated":true}]}}