{"id":313,"date":"2022-04-25T16:43:22","date_gmt":"2022-04-25T16:43:22","guid":{"rendered":"https:\/\/leovegas-au.org\/?page_id=313"},"modified":"2022-07-21T12:42:19","modified_gmt":"2022-07-21T12:42:19","slug":"baccarat","status":"publish","type":"page","link":"https:\/\/leovegas-au.org\/fr\/baccarat\/","title":{"rendered":"Jouez au baccara pour de l&rsquo;argent r\u00e9el"},"content":{"rendered":"<p>Le baccara en argent r\u00e9el est consid\u00e9r\u00e9 comme un jeu de table de casino particuli\u00e8rement prestigieux, m\u00eame si sa r\u00e9putation de jeu d&rsquo;\u00e9lite repose davantage sur l&rsquo;exclusivit\u00e9 que sur la difficult\u00e9. En fait, la plupart des versions de baccara auxquelles vous jouerez dans les casinos en direct ne n\u00e9cessitent aucune comp\u00e9tence. Le baccara offre un bon avantage pour la maison pour un jeu qui ne n\u00e9cessite presque aucune m\u00e9morisation de secrets strat\u00e9giques, c&rsquo;est pourquoi le jeu traditionnel est souvent jou\u00e9 dans une section s\u00e9par\u00e9e du casino pour des enjeux \u00e9lev\u00e9s. Le baccara est traditionnellement propos\u00e9 aux joueurs \u00e0 enjeux \u00e9lev\u00e9s. Ajoutez des smokings et des robes de soir\u00e9e, et le jeu a acquis une notori\u00e9t\u00e9 mystique qui a dur\u00e9 jusqu&rsquo;au 21e si\u00e8cle.<\/p>\n<div class=\"t-go\"><a href=\"\/go-casino\/?sub_id_1=Leovegas\">OBTENEZ UN BONUS<\/a><\/div>\n<h2>Baccarat en ligne pour de l&rsquo;argent r\u00e9el<\/h2>\n<p>Baccarat en ligne LeoVegas propose toujours une ou plusieurs formes de baccara dans son progiciel. La version en ligne joue de mani\u00e8re similaire aux versions automatiques du jeu que vous trouverez dans les casinos traditionnels. L&rsquo;avantage de la maison est encore faible pour un jeu qui n&rsquo;utilise presque aucune strat\u00e9gie. M\u00e9fiez-vous des fonctionnalit\u00e9s de lecture automatique ou rapide qui pourraient vous \u00eatre propos\u00e9es. Ils ne feront qu&rsquo;augmenter le nombre de fois par heure o\u00f9 vous vous heurtez \u00e0 un avantage de la maison et retireront plus d&rsquo;argent de votre poche (en moyenne).<\/p>\n<h2><span style=\"font-weight: 400;\"><img loading=\"lazy\" decoding=\"async\" class=\" wp-image-307 aligncenter\" src=\"https:\/\/leovegas-au.org\/wp-content\/uploads\/2022\/04\/6-300x146.jpg\" alt=\"baccarat\" width=\"783\" height=\"381\" srcset=\"https:\/\/leovegas-au.org\/wp-content\/uploads\/2022\/04\/6-300x146.jpg 300w, https:\/\/leovegas-au.org\/wp-content\/uploads\/2022\/04\/6-768x374.jpg 768w, https:\/\/leovegas-au.org\/wp-content\/uploads\/2022\/04\/6.jpg 1024w\" sizes=\"auto, (max-width: 783px) 100vw, 783px\" \/><\/span><\/h2>\n<h2>Baccara en direct en ligne<\/h2>\n<p>La meilleure fa\u00e7on de jouer au baccarat en ligne LeoVegas pour de l&rsquo;argent r\u00e9el est de jouer \u00e0 l&rsquo;un des jeux de baccara du casino en direct LeoVegas. Pour obtenir les r\u00e9sultats du jeu, ce n&rsquo;est pas un logiciel bas\u00e9 sur un g\u00e9n\u00e9rateur de nombres al\u00e9atoires qui est utilis\u00e9, mais de vraies personnes. Ces personnes sont des employ\u00e9s d&rsquo;un <a href=\"https:\/\/leovegas-au.org\/fr\/\">casino en ligne<\/a> ou d&rsquo;un fournisseur de logiciels, et elles sont disponibles en direct depuis un studio de jeux quelque part dans le monde.<\/p>\n<p>Les croupiers en direct sont des professionnels form\u00e9s, tout comme le personnel d&rsquo;un casino traditionnel. Vous leur parlez en utilisant une technologie de type Skype et ils peuvent vous r\u00e9pondre. La cam\u00e9ra est toujours sur les croupiers pour que vous ne perdiez jamais de vue les cartes. Casino en ligne en direct pour le baccarat en argent r\u00e9el LeoVegas est le meilleur moyen de profiter de l&rsquo;un des plus anciens jeux de casino sur votre ordinateur dans le confort de votre foyer.<\/p>\n<h2>R\u00e8gles fondamentales<\/h2>\n<p>Le but du baccarat en argent r\u00e9el est de se rapprocher le plus possible d&rsquo;une combinaison de 9 cartes. Les combinaisons de cartes sont diff\u00e9rentes de la plupart des jeux de cartes, mais elles sont intuitives, vous les apprendrez donc apr\u00e8s quelques tours. La valeur des cartes de deux \u00e0 neuf est \u00e9gale \u00e0 leur valeur nominale. Un as donne un point. Les dizaines, les valets, les reines et les rois ont une valeur de 0, ils n&rsquo;ajoutent donc rien \u00e0 votre main. Si le joueur a 10 points ou plus dans ses mains, alors dix lui sont soustraits, puis le score passe \u00e0 0-1-2-3-4-5-6-7-8-9-0-1-2- 3 et ainsi de suite. Par exemple, 9 et 5 compteront pour 4 et non pour 14.<\/p>\n<p>Les r\u00e8gles du jeu sont faciles \u00e0 retenir. Ces r\u00e8gles d\u00e9terminent quand le joueur et le banquier tirent plus de cartes et quand il leur est interdit de le faire. Cela peut prendre un certain temps pour se rappeler quand faire certains mouvements, mais les r\u00e8gles sont rigides afin que vous ne fassiez pas d&rsquo;erreurs pendant que vous apprenez.<\/p>\n<h2>Jouez au baccara pour de l&rsquo;argent r\u00e9el<\/h2>\n<p>Pour jouer \u00e0 ce jeu \u00e0 Las Vegas ou \u00e0 Macao, vous devrez probablement miser plus haut. Si vous voulez jouer au baccarat pour de l&rsquo;argent r\u00e9el sur le Strip de Las Vegas mais que vous ne voulez pas jouer pour de grosses sommes, essayez le mini baccarat.<\/p>\n<h2>Strat\u00e9gie pour jouer au baccara<\/h2>\n<p>L&rsquo;astuce strat\u00e9gique pour ce jeu est assez simple : pariez toujours sur le banquier pour gagner. Ne pariez jamais, en aucun cas, sur un match nul. Malgr\u00e9 les gains importants, il s&rsquo;agit d&rsquo;un pari notoirement perdant.<\/p>\n<h2>Meilleurs bonus de casino Baccarat<\/h2>\n<p>C&rsquo;est toujours une bonne id\u00e9e de v\u00e9rifier le bonus de casino en ligne de baccarat LeoVegas, mieux c&rsquo;est de choisir un casino pour jouer au baccarat. Le casino en ligne r\u00e9compense les joueurs pour les encourager \u00e0 jouer. Ces bonus peuvent \u00eatre tr\u00e8s g\u00e9n\u00e9reux et s&rsquo;ajouter \u00e0 votre bankroll de baccarat.<\/p>\n<p>Il existe deux types de bonus qui sont g\u00e9n\u00e9ralement distribu\u00e9s aux joueurs. Un bonus sans d\u00e9p\u00f4t est une petite somme d&rsquo;argent gratuite qu&rsquo;un joueur peut utiliser pour jouer au jeu en ligne de son choix. Vous pouvez utiliser cet argent pour d\u00e9cider si vous aimez jouer au baccarat au casino.<\/p>\n<p>Un bonus de d\u00e9p\u00f4t correspondant peut mettre encore plus d&rsquo;argent dans votre poche. Le casino \u00e9galera votre premier d\u00e9p\u00f4t \u00e0 100% jusqu&rsquo;au montant. Vous pouvez ensuite utiliser cet argent pour jouer au baccara. Tout argent que vous gagnez au baccarat sur un d\u00e9p\u00f4t appropri\u00e9 restera avec vous. Vous pourriez avoir besoin d&rsquo;une certaine somme d&rsquo;argent avant de devoir la <a href=\"https:\/\/leovegas-au.org\/fr\/withdrawal\/\">retirer<\/a>.<\/p>\n<div class=\"t-go\"><a href=\"\/go-casino\/?sub_id_1=Leovegas\">OBTENEZ UN BONUS<\/a><\/div>\n<h2>Pourquoi devriez-vous jouer au baccarat en ligne<\/h2>\n<p>Il existe de nombreuses raisons pour lesquelles vous devriez envisager de jouer dans les meilleurs casinos de baccara en ligne. Ce baccara peut \u00eatre int\u00e9ressant, quelle que soit l&rsquo;exp\u00e9rience du jeu en ligne. En quelques minutes d&rsquo;exp\u00e9rience, vous avez appris \u00e0 jouer au baccara et \u00e0 gagner.<\/p>\n<p>Jouer au baccarat sur un baccarat en ligne LeoVegas Australie signifie que vous n&rsquo;avez pas \u00e0 vous rendre au casino. Vous pouvez jouer directement depuis chez vous. Il n&rsquo;y a pas d&rsquo;ambiance bruyante ici, et vous aurez toujours une place libre pour jouer au baccara.<\/p>\n<p>Les jeux de casino bitcoin en ligne sont-ils diff\u00e9rents des autres jeux de casino en ligne ?<\/p>\n<p>La r\u00e9ponse simple est non. Bitcoin baccarat Le casino en ligne LeoVegas propose les m\u00eames jeux que les autres casinos en ligne. Cependant, une diff\u00e9rence significative se produit en ce sens que peu importe l&rsquo;impact sur les options de paiement massives qui jouent au jeu de baccarat la plupart du temps.<\/p>\n<p>Jouer au baccarat avec BTC signifie que vous avez un portefeuille bitcoin, vous \u00e9changez votre devise contre des crypto-monnaies et commencez \u00e0 jouer tout de suite. Si vous utilisez Bspin comme recommand\u00e9, le processus sera encore plus attrayant car vous ach\u00e8terez des avis sur Paxful (ceux qui n&rsquo;ont pas de portefeuilles crypto). Paxful accepte une large gamme de services et vous pouvez facilement changer votre devise lors d&rsquo;excursions.<\/p>\n<p>Comme avantage suppl\u00e9mentaire, vous profiterez de la surveillance constante du march\u00e9. Si vous ne saviez pas que Bitcoin est dans une tendance haussi\u00e8re depuis un certain temps, et lorsque vous avez des fonds en Bitcoin, vous gagnez des int\u00e9r\u00eats suppl\u00e9mentaires sur votre argent d\u00e8s que la crypto-monnaie augmente.<\/p>\n<h2><span style=\"font-weight: 400;\"><img loading=\"lazy\" decoding=\"async\" class=\" wp-image-309 aligncenter\" src=\"https:\/\/leovegas-au.org\/wp-content\/uploads\/2022\/04\/shutterstock_772085323-960x480-1-300x150.jpg\" alt=\"baccarat game\" width=\"772\" height=\"386\" srcset=\"https:\/\/leovegas-au.org\/wp-content\/uploads\/2022\/04\/shutterstock_772085323-960x480-1-300x150.jpg 300w, https:\/\/leovegas-au.org\/wp-content\/uploads\/2022\/04\/shutterstock_772085323-960x480-1-768x384.jpg 768w, https:\/\/leovegas-au.org\/wp-content\/uploads\/2022\/04\/shutterstock_772085323-960x480-1.jpg 960w\" sizes=\"auto, (max-width: 772px) 100vw, 772px\" \/><\/span><\/h2>\n<h2>Questions fr\u00e9quemment pos\u00e9es<\/h2>\n<ul>\n<li>Des conseils pour jouer au baccara ?<\/li>\n<\/ul>\n<p>Les deux meilleurs conseils de baccara de casino Les joueurs de LeoVegas doivent toujours parier sur le banquier et garder un \u0153il sur votre bankroll. Quant \u00e0 ce dernier, jusqu&rsquo;\u00e0 ce que vous soyez parfaitement \u00e0 l&rsquo;aise avec le jeu, il est pr\u00e9f\u00e9rable d&rsquo;\u00e9viter les syst\u00e8mes de paris et de vous concentrer sur des paris que vous pouvez vous permettre.<\/p>\n<ul>\n<li>Puis-je obtenir un bonus de baccara ?<\/li>\n<\/ul>\n<p>Certains casinos en ligne n&rsquo;incluent pas le baccarat dans la liste des jeux pour lesquels ils offrent un bonus de bienvenue en raison du faible avantage de la maison. D&rsquo;autres casinos offrent des bonus, alors v\u00e9rifiez les termes et conditions des bonus \u00ab\u00a0jeux de table\u00a0\u00bb pour voir si votre casino offre un bonus de baccara.<\/p>\n<p>Si vous trouvez des bonus de baccarat, sachez qu&rsquo;ils ont des conditions de mise plus strictes que les bonus de machines \u00e0 sous en raison du faible avantage de la maison.<\/p>\n<ul>\n<li>Puis-je jouer au baccarat en ligne gratuitement ?<\/li>\n<\/ul>\n<p>Tout casino en ligne avec des jeux de table vous permettra de jouer au jeu gratuitement. Cela offre une excellente opportunit\u00e9 de pratique pour ceux qui veulent jouer pour de l&rsquo;argent r\u00e9el dans les casinos en ligne ou traditionnels.<\/p>\n<p>Trouvez simplement un casino en ligne proposant des jeux de table et cliquez sur la table de baccara pour commencer \u00e0 jouer. Certains casinos peuvent vous demander de cr\u00e9er un compte, mais cela ne prend que quelques minutes.<\/p>\n<ul>\n<li>Pourquoi les enjeux du baccarat en ligne sont-ils si bas ?<\/li>\n<\/ul>\n<p>La raison pour laquelle les casinos en ligne sont en mesure d&rsquo;offrir des tarifs aussi bas est qu&rsquo;ils n&rsquo;ont pas \u00e0 payer les croupiers. Contrairement aux casinos traditionnels, qui doivent payer aux croupiers au moins le salaire minimum ; pour cette raison, les mises sont augment\u00e9es afin que le casino puisse couvrir ces frais.<\/p>\n","protected":false},"excerpt":{"rendered":"<p>Le baccara en argent r\u00e9el est consid\u00e9r\u00e9 comme un jeu de table de casino particuli\u00e8rement prestigieux, m\u00eame si sa r\u00e9putation de jeu d&rsquo;\u00e9lite repose davantage sur l&rsquo;exclusivit\u00e9 que sur la difficult\u00e9. En fait, la plupart des versions de baccara auxquelles vous jouerez dans les casinos en direct ne n\u00e9cessitent aucune comp\u00e9tence. Le baccara offre un [&hellip;]<\/p>\n","protected":false},"author":1,"featured_media":0,"parent":0,"menu_order":0,"comment_status":"closed","ping_status":"closed","template":"","meta":{"footnotes":""},"class_list":["post-313","page","type-page","status-publish","hentry"],"acf":[],"yoast_head":"<!-- This site is optimized with the Yoast SEO plugin v17.9 - https:\/\/yoast.com\/wordpress\/plugins\/seo\/ -->\n<title>Guide du baccara : comment jouer - leovegas-au.org<\/title>\n<meta name=\"description\" content=\"Le baccara est un jeu de casino populaire jou\u00e9 avec huit jeux de cartes complets qui permettent aux joueurs de parier avec ou contre la banque\" \/>\n<meta name=\"robots\" content=\"index, follow, max-snippet:-1, max-image-preview:large, max-video-preview:-1\" \/>\n<link rel=\"canonical\" href=\"https:\/\/leovegas-au.org\/fr\/baccarat\/\" \/>\n<meta property=\"og:type\" content=\"article\" \/>\n<meta property=\"og:title\" content=\"Guide du baccara : comment jouer - leovegas-au.org\" \/>\n<meta property=\"og:description\" content=\"Le baccara est un jeu de casino populaire jou\u00e9 avec huit jeux de cartes complets qui permettent aux joueurs de parier avec ou contre la banque\" \/>\n<meta property=\"og:url\" content=\"https:\/\/leovegas-au.org\/fr\/baccarat\/\" \/>\n<meta property=\"og:site_name\" content=\"leovegas casino\" \/>\n<meta property=\"article:modified_time\" content=\"2022-07-21T12:42:19+00:00\" \/>\n<meta property=\"og:image\" content=\"https:\/\/leovegas-au.org\/wp-content\/uploads\/2022\/04\/6-300x146.jpg\" \/>\n<meta name=\"twitter:card\" content=\"summary_large_image\" \/>\n<meta name=\"twitter:label1\" content=\"Dur\u00e9e de lecture estim\u00e9e\" \/>\n\t<meta name=\"twitter:data1\" content=\"7 minutes\" \/>\n<script type=\"application\/ld+json\" class=\"yoast-schema-graph\">{\"@context\":\"https:\/\/schema.org\",\"@graph\":[{\"@type\":\"WebSite\",\"@id\":\"https:\/\/leovegas-au.org\/#website\",\"url\":\"https:\/\/leovegas-au.org\/\",\"name\":\"leovegas casino\",\"description\":\"\",\"potentialAction\":[{\"@type\":\"SearchAction\",\"target\":{\"@type\":\"EntryPoint\",\"urlTemplate\":\"https:\/\/leovegas-au.org\/?s={search_term_string}\"},\"query-input\":\"required name=search_term_string\"}],\"inLanguage\":\"fr-FR\"},{\"@type\":\"ImageObject\",\"@id\":\"https:\/\/leovegas-au.org\/fr\/baccarat\/#primaryimage\",\"inLanguage\":\"fr-FR\",\"url\":\"https:\/\/leovegas-au.org\/wp-content\/uploads\/2022\/04\/6.jpg\",\"contentUrl\":\"https:\/\/leovegas-au.org\/wp-content\/uploads\/2022\/04\/6.jpg\",\"width\":1024,\"height\":499,\"caption\":\"baccarat\"},{\"@type\":\"WebPage\",\"@id\":\"https:\/\/leovegas-au.org\/fr\/baccarat\/#webpage\",\"url\":\"https:\/\/leovegas-au.org\/fr\/baccarat\/\",\"name\":\"Guide du baccara : comment jouer - leovegas-au.org\",\"isPartOf\":{\"@id\":\"https:\/\/leovegas-au.org\/#website\"},\"primaryImageOfPage\":{\"@id\":\"https:\/\/leovegas-au.org\/fr\/baccarat\/#primaryimage\"},\"datePublished\":\"2022-04-25T16:43:22+00:00\",\"dateModified\":\"2022-07-21T12:42:19+00:00\",\"description\":\"Le baccara est un jeu de casino populaire jou\\u00e9 avec huit jeux de cartes complets qui permettent aux joueurs de parier avec ou contre la banque\",\"breadcrumb\":{\"@id\":\"https:\/\/leovegas-au.org\/fr\/baccarat\/#breadcrumb\"},\"inLanguage\":\"fr-FR\",\"potentialAction\":[{\"@type\":\"ReadAction\",\"target\":[\"https:\/\/leovegas-au.org\/fr\/baccarat\/\"]}]},{\"@type\":\"BreadcrumbList\",\"@id\":\"https:\/\/leovegas-au.org\/fr\/baccarat\/#breadcrumb\",\"itemListElement\":[{\"@type\":\"ListItem\",\"position\":1,\"name\":\"Home\",\"item\":\"https:\/\/leovegas-au.org\/fr\/\"},{\"@type\":\"ListItem\",\"position\":2,\"name\":\"Jouez au baccara pour de l&#8217;argent r\\u00e9el\"}]}]}<\/script>\n<!-- \/ Yoast SEO plugin. -->","yoast_head_json":{"title":"Guide du baccara : comment jouer - leovegas-au.org","description":"Le baccara est un jeu de casino populaire jou\u00e9 avec huit jeux de cartes complets qui permettent aux joueurs de parier avec ou contre la banque","robots":{"index":"index","follow":"follow","max-snippet":"max-snippet:-1","max-image-preview":"max-image-preview:large","max-video-preview":"max-video-preview:-1"},"canonical":"https:\/\/leovegas-au.org\/fr\/baccarat\/","og_type":"article","og_title":"Guide du baccara : comment jouer - leovegas-au.org","og_description":"Le baccara est un jeu de casino populaire jou\u00e9 avec huit jeux de cartes complets qui permettent aux joueurs de parier avec ou contre la banque","og_url":"https:\/\/leovegas-au.org\/fr\/baccarat\/","og_site_name":"leovegas casino","article_modified_time":"2022-07-21T12:42:19+00:00","og_image":[{"url":"https:\/\/leovegas-au.org\/wp-content\/uploads\/2022\/04\/6-300x146.jpg"}],"twitter_card":"summary_large_image","twitter_misc":{"Dur\u00e9e de lecture estim\u00e9e":"7 minutes"},"schema":{"@context":"https:\/\/schema.org","@graph":[{"@type":"WebSite","@id":"https:\/\/leovegas-au.org\/#website","url":"https:\/\/leovegas-au.org\/","name":"leovegas casino","description":"","potentialAction":[{"@type":"SearchAction","target":{"@type":"EntryPoint","urlTemplate":"https:\/\/leovegas-au.org\/?s={search_term_string}"},"query-input":"required name=search_term_string"}],"inLanguage":"fr-FR"},{"@type":"ImageObject","@id":"https:\/\/leovegas-au.org\/fr\/baccarat\/#primaryimage","inLanguage":"fr-FR","url":"https:\/\/leovegas-au.org\/wp-content\/uploads\/2022\/04\/6.jpg","contentUrl":"https:\/\/leovegas-au.org\/wp-content\/uploads\/2022\/04\/6.jpg","width":1024,"height":499,"caption":"baccarat"},{"@type":"WebPage","@id":"https:\/\/leovegas-au.org\/fr\/baccarat\/#webpage","url":"https:\/\/leovegas-au.org\/fr\/baccarat\/","name":"Guide du baccara : comment jouer - leovegas-au.org","isPartOf":{"@id":"https:\/\/leovegas-au.org\/#website"},"primaryImageOfPage":{"@id":"https:\/\/leovegas-au.org\/fr\/baccarat\/#primaryimage"},"datePublished":"2022-04-25T16:43:22+00:00","dateModified":"2022-07-21T12:42:19+00:00","description":"Le baccara est un jeu de casino populaire jou\u00e9 avec huit jeux de cartes complets qui permettent aux joueurs de parier avec ou contre la banque","breadcrumb":{"@id":"https:\/\/leovegas-au.org\/fr\/baccarat\/#breadcrumb"},"inLanguage":"fr-FR","potentialAction":[{"@type":"ReadAction","target":["https:\/\/leovegas-au.org\/fr\/baccarat\/"]}]},{"@type":"BreadcrumbList","@id":"https:\/\/leovegas-au.org\/fr\/baccarat\/#breadcrumb","itemListElement":[{"@type":"ListItem","position":1,"name":"Home","item":"https:\/\/leovegas-au.org\/fr\/"},{"@type":"ListItem","position":2,"name":"Jouez au baccara pour de l&#8217;argent r\u00e9el"}]}]}},"_links":{"self":[{"href":"https:\/\/leovegas-au.org\/fr\/wp-json\/wp\/v2\/pages\/313","targetHints":{"allow":["GET"]}}],"collection":[{"href":"https:\/\/leovegas-au.org\/fr\/wp-json\/wp\/v2\/pages"}],"about":[{"href":"https:\/\/leovegas-au.org\/fr\/wp-json\/wp\/v2\/types\/page"}],"author":[{"embeddable":true,"href":"https:\/\/leovegas-au.org\/fr\/wp-json\/wp\/v2\/users\/1"}],"replies":[{"embeddable":true,"href":"https:\/\/leovegas-au.org\/fr\/wp-json\/wp\/v2\/comments?post=313"}],"version-history":[{"count":5,"href":"https:\/\/leovegas-au.org\/fr\/wp-json\/wp\/v2\/pages\/313\/revisions"}],"predecessor-version":[{"id":589,"href":"https:\/\/leovegas-au.org\/fr\/wp-json\/wp\/v2\/pages\/313\/revisions\/589"}],"wp:attachment":[{"href":"https:\/\/leovegas-au.org\/fr\/wp-json\/wp\/v2\/media?parent=313"}],"curies":[{"name":"wp","href":"https:\/\/api.w.org\/{rel}","templated":true}]}}