{"id":299,"date":"2022-04-25T16:12:41","date_gmt":"2022-04-25T16:12:41","guid":{"rendered":"https:\/\/leovegas-au.org\/?page_id=299"},"modified":"2022-08-08T19:44:41","modified_gmt":"2022-08-08T19:44:41","slug":"blackjack","status":"publish","type":"page","link":"https:\/\/leovegas-au.org\/fr\/blackjack\/","title":{"rendered":"Le meilleur casino en ligne peut \u00eatre int\u00e9ressant pour tout le monde"},"content":{"rendered":"<p><span style=\"font-weight: 400;\"><img loading=\"lazy\" decoding=\"async\" class=\" wp-image-300 aligncenter\" src=\"https:\/\/leovegas-au.org\/wp-content\/uploads\/2022\/04\/01-EN-Review-Image-Live-Blackjack-Early-Payout-300x111.jpg\" alt=\"blackjack\" width=\"825\" height=\"305\" srcset=\"https:\/\/leovegas-au.org\/wp-content\/uploads\/2022\/04\/01-EN-Review-Image-Live-Blackjack-Early-Payout-300x111.jpg 300w, https:\/\/leovegas-au.org\/wp-content\/uploads\/2022\/04\/01-EN-Review-Image-Live-Blackjack-Early-Payout-768x285.jpg 768w, https:\/\/leovegas-au.org\/wp-content\/uploads\/2022\/04\/01-EN-Review-Image-Live-Blackjack-Early-Payout.jpg 849w\" sizes=\"auto, (max-width: 825px) 100vw, 825px\" \/><\/span><\/p>\n<p>Les Australiens devraient \u00eatre familiers avec le casino Leo Vegas, car cette marque est tr\u00e8s populaire parmi les joueurs modernes. Il a \u00e9t\u00e9 lanc\u00e9 pour la premi\u00e8re fois en 2011 au Royaume-Uni et plus tard, en 2014, il a \u00e9galement \u00e9t\u00e9 lanc\u00e9 pour les joueurs australiens. Pour de nombreux joueurs, cette marque devrait \u00eatre connue comme l&rsquo;une des meilleures pour le jeu mobile. Il est possible de profiter d&rsquo;un certain nombre de grands jeux tout en \u00e9tant en d\u00e9placement. Et l&rsquo;un des meilleurs exemples du logiciel bien structur\u00e9 de ce site Web est le blackjack LeoVegas.<\/p>\n<p>Ce jeu particulier fonctionne gr\u00e2ce \u00e0 la technologie du g\u00e9n\u00e9rateur de nombres al\u00e9atoires, ce qui est logique, \u00e9tant donn\u00e9 que le joueur pourra rivaliser non seulement avec l&rsquo;IA, mais aussi avec d&rsquo;autres vrais joueurs gr\u00e2ce \u00e0 la fonctionnalit\u00e9 multijoueur. Il est \u00e9galement possible de trouver un certain nombre de fonctionnalit\u00e9s int\u00e9ressantes, telles que des offres sp\u00e9ciales de blackjack, des offres de remise en argent, des tables VIP et plus encore. Mais le joueur doit \u00eatre pr\u00eat \u00e0 <a href=\"https:\/\/leovegas-au.org\/fr\/registration\/\">cr\u00e9er un compte<\/a>, car contrairement aux machines \u00e0 sous, il est impossible de jouer aux jeux de table en mode d\u00e9mo.<\/p>\n<div class=\"t-go\"><a href=\"\/go-casino\/?sub_id_1=Leovegas\">OBTENEZ UN BONUS<\/a><\/div>\n<p>Il est important de comprendre comment s&rsquo;inscrire, d&rsquo;en savoir plus sur les jeux de blackjack actuellement disponibles sur le site et d&rsquo;utiliser diff\u00e9rents types de services de paiement pour les d\u00e9p\u00f4ts et <a href=\"https:\/\/leovegas-au.org\/fr\/withdrawal\/\">les retraits<\/a>. De nombreux jeux de pari LeoVegas Blackjack sont actuellement disponibles dans le catalogue en ligne :<\/p>\n<ul>\n<li>Blackjack Classic (Net Entertainment);<\/li>\n<li>Double Xposure (Net Entertainment);<\/li>\n<li>Blackjack Single Deck Pro Low Limit (Net Entertainment);<\/li>\n<li>Blackjack europ\u00e9en multi-mains (Play&rsquo;N GO);<\/li>\n<li>Blackjack Single Deck Pro Medium Limit (Net Entertainment);<\/li>\n<li>Blackjack am\u00e9ricain (BetSoft);<\/li>\n<li>Blackjack VIP (jeux r\u00e9alistes).<\/li>\n<\/ul>\n<p>Le joueur n&rsquo;a pas besoin de perdre beaucoup de temps pour comprendre comment jouer \u00e0 n&rsquo;importe quel jeu, car le site Web de LeoVegas dispose d&rsquo;une fonction de point d&rsquo;interrogation d\u00e9di\u00e9e qui permet d&rsquo;obtenir plus de d\u00e9tails sur les r\u00e8gles de base d&rsquo;un titre de Blackjack particulier. En particulier, les jeux cr\u00e9\u00e9s par la soci\u00e9t\u00e9 BetSoft ont une strat\u00e9gie de Blackjack unique. Le maximum de jeux de Blackjack gagnants que le joueur peut recevoir dans le cadre de ce site Web est de 4000 AUD. Ce qui est encore plus important, c&rsquo;est qu&rsquo;il est possible de jouer en d\u00e9placement en utilisant l&rsquo;application mobile officielle de ce casino en ligne.<\/p>\n<h2>Le blackjack mobile de Leo Vegas<\/h2>\n<p>Pour ceux qui se demandent si LeoVegas est disponible pour les utilisateurs mobiles, il convient de dire qu&rsquo;il est possible de t\u00e9l\u00e9charger l&rsquo;application officielle pour les gadgets iOS et Android. Les joueurs qui le feront pour la premi\u00e8re fois recevront \u00e9galement l&rsquo;offre de bienvenue du blackjack LeoVegas en tant qu&rsquo;offre sp\u00e9ciale pour l&rsquo;inscription. Alors que les joueurs iOS ne devraient avoir aucun probl\u00e8me pour savoir comment t\u00e9l\u00e9charger l&rsquo;application, car elle peut \u00eatre install\u00e9e directement depuis l&rsquo;App Store, les utilisateurs d&rsquo;Android peuvent rencontrer des difficult\u00e9s.<\/p>\n<p>Le processus d&rsquo;installation dans le cas d&rsquo;Android est vraiment diff\u00e9rent par rapport \u00e0 l&rsquo;autre syst\u00e8me d&rsquo;exploitation. La raison en est assez simple &#8211; l&rsquo;entreprise n&rsquo;a pas \u00e9t\u00e9 en mesure de publier l&rsquo;application officielle sur le Google Play Market, car cela irait \u00e0 l&rsquo;encontre des r\u00e8gles de la plateforme am\u00e9ricaine, mais il est toujours possible d&rsquo;obtenir l&rsquo;application sous la forme d&rsquo;un Fichier APK.<\/p>\n<p>Pour installer l&rsquo;application tout en \u00e9tant sur Android, le joueur doit simplement ouvrir le site officiel de LeoVegas et se rendre dans la section d\u00e9di\u00e9e aux applications mobiles. D\u00e8s cette page, le joueur pourra enfin t\u00e9l\u00e9charger le fichier APK. Afin de d\u00e9marrer le processus d&rsquo;installation, les joueurs doivent activer la possibilit\u00e9 de travailler avec des fichiers provenant de sources inconnues.<\/p>\n<p><span style=\"font-weight: 400;\"><img loading=\"lazy\" decoding=\"async\" class=\" wp-image-302 aligncenter\" src=\"https:\/\/leovegas-au.org\/wp-content\/uploads\/2022\/04\/live-dealer-blackjack-300x200.jpg\" alt=\"play blackjack\" width=\"599\" height=\"399\" srcset=\"https:\/\/leovegas-au.org\/wp-content\/uploads\/2022\/04\/live-dealer-blackjack-300x200.jpg 300w, https:\/\/leovegas-au.org\/wp-content\/uploads\/2022\/04\/live-dealer-blackjack-768x512.jpg 768w, https:\/\/leovegas-au.org\/wp-content\/uploads\/2022\/04\/live-dealer-blackjack.jpg 900w\" sizes=\"auto, (max-width: 599px) 100vw, 599px\" \/><\/span><\/p>\n<h2>Autres jeux \u00e0 Leo Vegas<\/h2>\n<p>Le joueur ne doit pas se concentrer uniquement sur la carte bonus de blackjack LeoVegas, car il est possible de trouver de nombreux autres jeux sur ce site Web. Ils sont fournis par au moins 30 \u00e9diteurs de logiciels diff\u00e9rents, notamment\u00a0:<\/p>\n<ul>\n<li>Besoft ;<\/li>\n<li>Jeu d&rsquo;\u00e9volution\u00a0;<\/li>\n<li>Net Divertissement\u00a0;<\/li>\n<li>Playtech\u00a0;<\/li>\n<li>Microgaming.<\/li>\n<\/ul>\n<p>\u00c0 l&rsquo;heure actuelle, la collection de jeux de LeoVegas comprend plus de 1100 titres de diff\u00e9rents genres. Parmi eux, il est possible de trouver des machines \u00e0 sous (Holiday Season, Leprechaun Hills, Fu Dao Le, Piggy Riches, Hong Kong Tower), du Vid\u00e9o Poker (Joker Poker, Jacks or Better Double Up), des Jeux de Table (Blackjack Pro \u2013 High Limit, Roulette am\u00e9ricaine, Roulette 20p, Single-Deck Blackjack Pro), jeux de casino en direct (Turbo Roulette, Immersive Roulette, Celebrity Blackjack, Common Draw Blackjack, Baccarat Controlled Squeeze, Casino Hold&#8217;em).<\/p>\n<div class=\"t-go\"><a href=\"\/go-casino\/?sub_id_1=Leovegas\">OBTENEZ UN BONUS<\/a><\/div>\n<p>Pour jouer \u00e0 l&rsquo;un de ces jeux, le joueur devra payer des paris et il existe une longue liste de services de paiement pris en charge. Ils comprennent<\/p>\n<ul>\n<li>Carte de cr\u00e9dit;<\/li>\n<li>Neteller\u00a0;<\/li>\n<li>En toute confiance\u00a0;<\/li>\n<li>Maestro;<\/li>\n<li>Paysafecard\u00a0;<\/li>\n<li>Skrill.<\/li>\n<\/ul>\n<p>Le joueur peut utiliser l&rsquo;un d&rsquo;entre eux pour effectuer un d\u00e9p\u00f4t. Cela ne devrait pas prendre longtemps pour terminer une telle op\u00e9ration car la plupart de ces services fonctionnent instantan\u00e9ment.<\/p>\n<h2>Conclusion<\/h2>\n<p>Pour r\u00e9sumer tout ce qui entoure cette revue LeoVegas Blackjack, il est possible de dire que l&rsquo;exp\u00e9rience globale que les gens sont sur le point d&rsquo;obtenir en jouant au Blackjack en ligne devrait \u00eatre assez bonne. Personne ne sera d\u00e9\u00e7u de la fa\u00e7on dont cette plateforme de jeu g\u00e8re un certain nombre de variantes du Blackjack. Mais ce qui est encore plus important &#8211; il est toujours possible de trouver beaucoup d&rsquo;autres jeux pour passer du temps \u00e0 jouer.<\/p>\n<p>Il est vraiment facile de comprendre comment gagner de l&rsquo;argent en utilisant l&rsquo;un de ces jeux disponibles dans le cadre de LeoVegas, car le casino en ligne lui-m\u00eame fournit juste assez d&rsquo;instructions sur ce qui doit \u00eatre fait pour placer un bon pari. Les nouveaux joueurs recevront un bon bonus pour l&rsquo;inscription, ils n&rsquo;auront donc aucun probl\u00e8me \u00e0 jouer au Blackjack sur ce site.<\/p>\n","protected":false},"excerpt":{"rendered":"<p>Les Australiens devraient \u00eatre familiers avec le casino Leo Vegas, car cette marque est tr\u00e8s populaire parmi les joueurs modernes. Il a \u00e9t\u00e9 lanc\u00e9 pour la premi\u00e8re fois en 2011 au Royaume-Uni et plus tard, en 2014, il a \u00e9galement \u00e9t\u00e9 lanc\u00e9 pour les joueurs australiens. Pour de nombreux joueurs, cette marque devrait \u00eatre connue [&hellip;]<\/p>\n","protected":false},"author":1,"featured_media":0,"parent":0,"menu_order":0,"comment_status":"closed","ping_status":"closed","template":"","meta":{"footnotes":""},"class_list":["post-299","page","type-page","status-publish","hentry"],"acf":[],"yoast_head":"<!-- This site is optimized with the Yoast SEO plugin v17.9 - https:\/\/yoast.com\/wordpress\/plugins\/seo\/ -->\n<title>Revue Blackjack \u2013 R\u00e8gles, Strat\u00e9gie, Astuces, D\u00e9veloppeurs &amp; FAQ<\/title>\n<meta name=\"description\" content=\"Notre guide sur la fa\u00e7on de gagner au blackjack en ligne. Nous couvrons les r\u00e8gles et les strat\u00e9gies \u00e0 conna\u00eetre pour gagner lorsque vous jouez au blackjack en ligne\" \/>\n<meta name=\"robots\" content=\"index, follow, max-snippet:-1, max-image-preview:large, max-video-preview:-1\" \/>\n<link rel=\"canonical\" href=\"https:\/\/leovegas-au.org\/fr\/blackjack\/\" \/>\n<meta property=\"og:type\" content=\"article\" \/>\n<meta property=\"og:title\" content=\"Revue Blackjack \u2013 R\u00e8gles, Strat\u00e9gie, Astuces, D\u00e9veloppeurs &amp; FAQ\" \/>\n<meta property=\"og:description\" content=\"Notre guide sur la fa\u00e7on de gagner au blackjack en ligne. Nous couvrons les r\u00e8gles et les strat\u00e9gies \u00e0 conna\u00eetre pour gagner lorsque vous jouez au blackjack en ligne\" \/>\n<meta property=\"og:url\" content=\"https:\/\/leovegas-au.org\/fr\/blackjack\/\" \/>\n<meta property=\"og:site_name\" content=\"leovegas casino\" \/>\n<meta property=\"article:modified_time\" content=\"2022-08-08T19:44:41+00:00\" \/>\n<meta property=\"og:image\" content=\"https:\/\/leovegas-au.org\/wp-content\/uploads\/2022\/04\/01-EN-Review-Image-Live-Blackjack-Early-Payout-300x111.jpg\" \/>\n<meta name=\"twitter:card\" content=\"summary_large_image\" \/>\n<meta name=\"twitter:label1\" content=\"Dur\u00e9e de lecture estim\u00e9e\" \/>\n\t<meta name=\"twitter:data1\" content=\"7 minutes\" \/>\n<script type=\"application\/ld+json\" class=\"yoast-schema-graph\">{\"@context\":\"https:\/\/schema.org\",\"@graph\":[{\"@type\":\"WebSite\",\"@id\":\"https:\/\/leovegas-au.org\/#website\",\"url\":\"https:\/\/leovegas-au.org\/\",\"name\":\"leovegas casino\",\"description\":\"\",\"potentialAction\":[{\"@type\":\"SearchAction\",\"target\":{\"@type\":\"EntryPoint\",\"urlTemplate\":\"https:\/\/leovegas-au.org\/?s={search_term_string}\"},\"query-input\":\"required name=search_term_string\"}],\"inLanguage\":\"fr-FR\"},{\"@type\":\"ImageObject\",\"@id\":\"https:\/\/leovegas-au.org\/fr\/blackjack\/#primaryimage\",\"inLanguage\":\"fr-FR\",\"url\":\"https:\/\/leovegas-au.org\/wp-content\/uploads\/2022\/04\/01-EN-Review-Image-Live-Blackjack-Early-Payout.jpg\",\"contentUrl\":\"https:\/\/leovegas-au.org\/wp-content\/uploads\/2022\/04\/01-EN-Review-Image-Live-Blackjack-Early-Payout.jpg\",\"width\":849,\"height\":315,\"caption\":\"blackjack\"},{\"@type\":\"WebPage\",\"@id\":\"https:\/\/leovegas-au.org\/fr\/blackjack\/#webpage\",\"url\":\"https:\/\/leovegas-au.org\/fr\/blackjack\/\",\"name\":\"Revue Blackjack \\u2013 R\\u00e8gles, Strat\\u00e9gie, Astuces, D\\u00e9veloppeurs & FAQ\",\"isPartOf\":{\"@id\":\"https:\/\/leovegas-au.org\/#website\"},\"primaryImageOfPage\":{\"@id\":\"https:\/\/leovegas-au.org\/fr\/blackjack\/#primaryimage\"},\"datePublished\":\"2022-04-25T16:12:41+00:00\",\"dateModified\":\"2022-08-08T19:44:41+00:00\",\"description\":\"Notre guide sur la fa\\u00e7on de gagner au blackjack en ligne. Nous couvrons les r\\u00e8gles et les strat\\u00e9gies \\u00e0 conna\\u00eetre pour gagner lorsque vous jouez au blackjack en ligne\",\"breadcrumb\":{\"@id\":\"https:\/\/leovegas-au.org\/fr\/blackjack\/#breadcrumb\"},\"inLanguage\":\"fr-FR\",\"potentialAction\":[{\"@type\":\"ReadAction\",\"target\":[\"https:\/\/leovegas-au.org\/fr\/blackjack\/\"]}]},{\"@type\":\"BreadcrumbList\",\"@id\":\"https:\/\/leovegas-au.org\/fr\/blackjack\/#breadcrumb\",\"itemListElement\":[{\"@type\":\"ListItem\",\"position\":1,\"name\":\"Home\",\"item\":\"https:\/\/leovegas-au.org\/fr\/\"},{\"@type\":\"ListItem\",\"position\":2,\"name\":\"Le meilleur casino en ligne peut \\u00eatre int\\u00e9ressant pour tout le monde\"}]}]}<\/script>\n<!-- \/ Yoast SEO plugin. -->","yoast_head_json":{"title":"Revue Blackjack \u2013 R\u00e8gles, Strat\u00e9gie, Astuces, D\u00e9veloppeurs & FAQ","description":"Notre guide sur la fa\u00e7on de gagner au blackjack en ligne. Nous couvrons les r\u00e8gles et les strat\u00e9gies \u00e0 conna\u00eetre pour gagner lorsque vous jouez au blackjack en ligne","robots":{"index":"index","follow":"follow","max-snippet":"max-snippet:-1","max-image-preview":"max-image-preview:large","max-video-preview":"max-video-preview:-1"},"canonical":"https:\/\/leovegas-au.org\/fr\/blackjack\/","og_type":"article","og_title":"Revue Blackjack \u2013 R\u00e8gles, Strat\u00e9gie, Astuces, D\u00e9veloppeurs & FAQ","og_description":"Notre guide sur la fa\u00e7on de gagner au blackjack en ligne. Nous couvrons les r\u00e8gles et les strat\u00e9gies \u00e0 conna\u00eetre pour gagner lorsque vous jouez au blackjack en ligne","og_url":"https:\/\/leovegas-au.org\/fr\/blackjack\/","og_site_name":"leovegas casino","article_modified_time":"2022-08-08T19:44:41+00:00","og_image":[{"url":"https:\/\/leovegas-au.org\/wp-content\/uploads\/2022\/04\/01-EN-Review-Image-Live-Blackjack-Early-Payout-300x111.jpg"}],"twitter_card":"summary_large_image","twitter_misc":{"Dur\u00e9e de lecture estim\u00e9e":"7 minutes"},"schema":{"@context":"https:\/\/schema.org","@graph":[{"@type":"WebSite","@id":"https:\/\/leovegas-au.org\/#website","url":"https:\/\/leovegas-au.org\/","name":"leovegas casino","description":"","potentialAction":[{"@type":"SearchAction","target":{"@type":"EntryPoint","urlTemplate":"https:\/\/leovegas-au.org\/?s={search_term_string}"},"query-input":"required name=search_term_string"}],"inLanguage":"fr-FR"},{"@type":"ImageObject","@id":"https:\/\/leovegas-au.org\/fr\/blackjack\/#primaryimage","inLanguage":"fr-FR","url":"https:\/\/leovegas-au.org\/wp-content\/uploads\/2022\/04\/01-EN-Review-Image-Live-Blackjack-Early-Payout.jpg","contentUrl":"https:\/\/leovegas-au.org\/wp-content\/uploads\/2022\/04\/01-EN-Review-Image-Live-Blackjack-Early-Payout.jpg","width":849,"height":315,"caption":"blackjack"},{"@type":"WebPage","@id":"https:\/\/leovegas-au.org\/fr\/blackjack\/#webpage","url":"https:\/\/leovegas-au.org\/fr\/blackjack\/","name":"Revue Blackjack \u2013 R\u00e8gles, Strat\u00e9gie, Astuces, D\u00e9veloppeurs & FAQ","isPartOf":{"@id":"https:\/\/leovegas-au.org\/#website"},"primaryImageOfPage":{"@id":"https:\/\/leovegas-au.org\/fr\/blackjack\/#primaryimage"},"datePublished":"2022-04-25T16:12:41+00:00","dateModified":"2022-08-08T19:44:41+00:00","description":"Notre guide sur la fa\u00e7on de gagner au blackjack en ligne. Nous couvrons les r\u00e8gles et les strat\u00e9gies \u00e0 conna\u00eetre pour gagner lorsque vous jouez au blackjack en ligne","breadcrumb":{"@id":"https:\/\/leovegas-au.org\/fr\/blackjack\/#breadcrumb"},"inLanguage":"fr-FR","potentialAction":[{"@type":"ReadAction","target":["https:\/\/leovegas-au.org\/fr\/blackjack\/"]}]},{"@type":"BreadcrumbList","@id":"https:\/\/leovegas-au.org\/fr\/blackjack\/#breadcrumb","itemListElement":[{"@type":"ListItem","position":1,"name":"Home","item":"https:\/\/leovegas-au.org\/fr\/"},{"@type":"ListItem","position":2,"name":"Le meilleur casino en ligne peut \u00eatre int\u00e9ressant pour tout le monde"}]}]}},"_links":{"self":[{"href":"https:\/\/leovegas-au.org\/fr\/wp-json\/wp\/v2\/pages\/299","targetHints":{"allow":["GET"]}}],"collection":[{"href":"https:\/\/leovegas-au.org\/fr\/wp-json\/wp\/v2\/pages"}],"about":[{"href":"https:\/\/leovegas-au.org\/fr\/wp-json\/wp\/v2\/types\/page"}],"author":[{"embeddable":true,"href":"https:\/\/leovegas-au.org\/fr\/wp-json\/wp\/v2\/users\/1"}],"replies":[{"embeddable":true,"href":"https:\/\/leovegas-au.org\/fr\/wp-json\/wp\/v2\/comments?post=299"}],"version-history":[{"count":7,"href":"https:\/\/leovegas-au.org\/fr\/wp-json\/wp\/v2\/pages\/299\/revisions"}],"predecessor-version":[{"id":855,"href":"https:\/\/leovegas-au.org\/fr\/wp-json\/wp\/v2\/pages\/299\/revisions\/855"}],"wp:attachment":[{"href":"https:\/\/leovegas-au.org\/fr\/wp-json\/wp\/v2\/media?parent=299"}],"curies":[{"name":"wp","href":"https:\/\/api.w.org\/{rel}","templated":true}]}}