{"id":289,"date":"2022-04-25T15:46:31","date_gmt":"2022-04-25T15:46:31","guid":{"rendered":"https:\/\/leovegas-au.org\/?page_id=289"},"modified":"2022-08-10T08:52:58","modified_gmt":"2022-08-10T08:52:58","slug":"roulette","status":"publish","type":"page","link":"https:\/\/leovegas-au.org\/fr\/roulette\/","title":{"rendered":"Jouez \u00e0 LeoVegas Roulette en Ligne"},"content":{"rendered":"<h2>Variantes de roulette LeoVegas, jeux multijoueurs et bonus<\/h2>\n<p>LeoVegas est le genre de casino en ligne qui essaie de cr\u00e9er une ambiance festive. Ce site Web incroyable a \u00e9t\u00e9 lanc\u00e9 pour la premi\u00e8re fois en 2011 et est devenu l&rsquo;un des plus grands pour tous les fans de jeux de table comme la roulette, le poker, le <a href=\"https:\/\/leovegas-au.org\/fr\/sic-bo\/\">sic bo<\/a> ou le <a href=\"https:\/\/leovegas-au.org\/fr\/craps\/\">craps<\/a>. Depuis 2014, le casino en ligne a \u00e9t\u00e9 lanc\u00e9 en Australie et toutes les personnes majeures ont eu la possibilit\u00e9 de profiter de la collection de roulettes LeoVegas remplie de titres exclusifs. En ce moment, il se compose d&rsquo;au moins 20 variantes diff\u00e9rentes de ce jeu. Il est possible de trouver un certain nombre de titres populaires de fournisseurs de logiciels c\u00e9l\u00e8bres. Parmi les variantes de roulette que le joueur doit essayer d\u00e8s le d\u00e9part, il est possible de citer au moins les titres suivants :<\/p>\n<ul>\n<li>Roulette Diamant ;<\/li>\n<li>Roulette+\u00a0;<\/li>\n<li>Roulette XL\u00a0;<\/li>\n<li>roulette 3D\u00a0;<\/li>\n<li>Roulette automatique classique 2.<\/li>\n<\/ul>\n<p>Il existe quelques fournisseurs de logiciels qui ont un accord exclusif avec ce site Web pour fournir la roulette gratuite en ligne LeoVegas &#8211; Authentic Gaming, Felt, 1&#215;2 Gaming, Golden Rock Studios, Inspired Gaming. Ce qui rend ce casino en ligne encore plus pr\u00e9cieux, c&rsquo;est la collection de roulette avec croupier en direct. Ces jeux multijoueurs sont fournis par la soci\u00e9t\u00e9 Evolution Gaming et ils offrent l&rsquo;une des meilleures exp\u00e9riences que le joueur puisse vivre en jouant sur ce site Web. Ils ne sont pas seulement marqu\u00e9s aux couleurs et au logo de cette marque, mais ils ont \u00e9galement un gameplay beaucoup plus impressionnant.<\/p>\n<div class=\"t-go\"><a href=\"\/go-casino\/?sub_id_1=Leovegas\">OBTENEZ UN BONUS<\/a><\/div>\n<p>Il est possible de dire qu&rsquo;en jouant \u00e0 quelques titres de roulette en direct, le joueur pourra se sentir comme si c&rsquo;\u00e9tait le vrai casino. La bonne chose \u00e0 propos de LeoVegas &#8211;\u00a0il a une fonction sp\u00e9ciale int\u00e9gr\u00e9e qui permet de voir les statistiques d\u00e9taill\u00e9es sur les 500 derniers tours jou\u00e9s dans la section casino en direct du site. Evolution Gaming a une version moderne du moteur qui prend en charge non seulement la fonction locale, mais \u00e9galement une fonction multi-play. Le joueur est capable d&rsquo;ex\u00e9cuter quelques jeux \u00e0 la fois et chaque session de jeu ne sera pas interrompue.<\/p>\n<p>Il y a quelques \u00e9l\u00e9ments cl\u00e9s des jeux LeoVegas <a href=\"https:\/\/leovegas-au.org\/live-casino\/\">Live Casino<\/a> qui doivent \u00eatre mentionn\u00e9s ici :<\/p>\n<ul>\n<li>Toutes les <a href=\"https:\/\/leovegas-au.org\/fr\/slots\/\">machines<\/a> \u00e0 sous sont cr\u00e9\u00e9es par de vrais professionnels avec l&rsquo;utilisation de cam\u00e9ras \u00e0 angles multiples;<\/li>\n<li>Il est possible de communiquer avec d&rsquo;autres joueurs tout en profitant de la session de jeu en direct\u00a0;<\/li>\n<li>Image HD claire diffus\u00e9e en direct sur l&rsquo;ordinateur, le smartphone ou la tablette du lecteur\u00a0;<\/li>\n<li>Il est possible de voir l&rsquo;historique des sessions de jeu pr\u00e9c\u00e9dentes pour savoir \u00e0 quel point le joueur est vraiment bon.<\/li>\n<\/ul>\n<p>Ces pros suffisent d\u00e9j\u00e0 \u00e0 eux seuls pour donner une chance \u00e0 LeoVegas. C&rsquo;est un tr\u00e8s bon casino en ligne \u00e0 appr\u00e9cier n&rsquo;importe quel jour de la semaine. Mais il y a aussi quelques autres caract\u00e9ristiques des jeux de roulette sur ce site Web qui devraient \u00e9galement \u00eatre mentionn\u00e9es.<\/p>\n<div class=\"t-go\"><a href=\"\/go-casino\/?sub_id_1=Leovegas\">OBTENEZ UN BONUS<\/a><\/div>\n<h2>LeoVegas Roulette RTP<\/h2>\n<p>De nombreuses personnes qui joueront \u00e0 la roulette en ligne LeoVegas pour la premi\u00e8re fois se pencheront sur la cote \u00ab Retour au joueur \u00bb afin de savoir s&rsquo;ils ont vraiment besoin de passer leur temps sur ce casino en ligne. La bonne nouvelle est que le taux de RTP est assez fort dans le cas de cette marque \u2013 il est sup\u00e9rieur \u00e0 96,6 % ! Tr\u00e8s bon r\u00e9sultat car le joueur peut profiter de quelques sessions de jeu avec une fourchette de mise de 1 \u00e0 5000 AUD.<\/p>\n<p>\u00c0 l&rsquo;heure actuelle, la source du flux se trouve au Canada, \u00e0 Malte et en Lettonie. Cela cr\u00e9e une connexion stable pendant le jeu et le joueur doit \u00eatre pr\u00eat pour un certain nombre de paris secondaires. Au moins 23 langues sont actuellement prises en charge par la roulette en direct LeoVegas, c&rsquo;est pourquoi il ne devrait y avoir aucun probl\u00e8me \u00e0 jouer \u00e0 ce jeu en Australie. Chaque joueur pourra choisir la mani\u00e8re la plus confortable de jouer. En outre, il est m\u00eame possible de t\u00e9l\u00e9charger l&rsquo;application officielle afin de jouer \u00e0 des jeux de casino en direct non seulement sur des appareils de bureau, mais \u00e9galement sur des smartphones, des tablettes.<\/p>\n<p><span style=\"font-weight: 400;\"><img loading=\"lazy\" decoding=\"async\" class=\" wp-image-292 aligncenter\" src=\"https:\/\/leovegas-au.org\/wp-content\/uploads\/2022\/04\/casino-roulette-wheel-with-casino-chips-on-green-t-P96BR7D-min-300x200.jpg\" alt=\"casino roulette\" width=\"719\" height=\"479\" srcset=\"https:\/\/leovegas-au.org\/wp-content\/uploads\/2022\/04\/casino-roulette-wheel-with-casino-chips-on-green-t-P96BR7D-min-300x200.jpg 300w, https:\/\/leovegas-au.org\/wp-content\/uploads\/2022\/04\/casino-roulette-wheel-with-casino-chips-on-green-t-P96BR7D-min-1024x683.jpg 1024w, https:\/\/leovegas-au.org\/wp-content\/uploads\/2022\/04\/casino-roulette-wheel-with-casino-chips-on-green-t-P96BR7D-min-768x512.jpg 768w, https:\/\/leovegas-au.org\/wp-content\/uploads\/2022\/04\/casino-roulette-wheel-with-casino-chips-on-green-t-P96BR7D-min-1536x1024.jpg 1536w, https:\/\/leovegas-au.org\/wp-content\/uploads\/2022\/04\/casino-roulette-wheel-with-casino-chips-on-green-t-P96BR7D-min.jpg 1980w\" sizes=\"auto, (max-width: 719px) 100vw, 719px\" \/><\/span><\/p>\n<h2>APPLICATION LeoVegas Roulette<\/h2>\n<p>Si le joueur poss\u00e8de un iPhone ou un appareil Android, il est possible d&rsquo;obtenir gratuitement l&rsquo;application LeoVegas de roulette en ligne en argent r\u00e9el. Selon le syst\u00e8me d&rsquo;exploitation, le processus d&rsquo;installation est un peu diff\u00e9rent. Il convient de souligner que le joueur est capable d&rsquo;ouvrir la version adaptative du site non seulement sur iOS ou Android, mais \u00e9galement sur Blackberry, Windows ou toute autre plate-forme. Mais l&rsquo;application n&rsquo;est disponible que pour deux g\u00e9ants de l&rsquo;industrie. Dans le cas d&rsquo;iOS, les joueurs peuvent installer l&rsquo;application directement depuis l&rsquo;App Store, tandis que sur Android, le processus est un peu plus compliqu\u00e9.<\/p>\n<p>Dans le cas d&rsquo;un smartphone avec Android, le joueur doit ouvrir le site officiel depuis le t\u00e9l\u00e9phone et t\u00e9l\u00e9charger le fichier APK afin d&rsquo;installer l&rsquo;application manuellement. Afin de pouvoir faire fonctionner cette application, le joueur doit ouvrir les param\u00e8tres et autoriser les sources inconnues pour les mesures de s\u00e9curit\u00e9. Une fois cela fait, le joueur pourra terminer l&rsquo;installation de l&rsquo;application Android APK.<\/p>\n<p>Si le joueur utilise l&rsquo;application pour la premi\u00e8re fois, la marque fournira \u00e9galement le bonus de roulette LeoVegas pour le d\u00e9p\u00f4t juste apr\u00e8s l&rsquo;inscription. C&rsquo;est une belle opportunit\u00e9 de d\u00e9marrer une carri\u00e8re de pari en ligne. LeoVegas est un tr\u00e8s bon choix pour tous les fans de roulette, en particulier pour ceux qui souhaitent jouer en d\u00e9placement.<\/p>\n<div class=\"t-go\"><a href=\"\/go-casino\/?sub_id_1=Leovegas\">OBTENEZ UN BONUS<\/a><\/div>\n<h2><span style=\"font-weight: 400;\">FAQ<\/span><\/h2>\n<h3>Quel \u00e2ge dois-je avoir pour jouer \u00e0 la roulette chez LeoVegas ?<\/h3>\n<p>Le joueur doit \u00eatre \u00e2g\u00e9 d&rsquo;au moins 18\u00a0ans pour pouvoir jouer \u00e0 la roulette sur LeoVegas.<\/p>\n<h3>Est-il n\u00e9cessaire d&rsquo;ouvrir un compte chez LeoVegas pour jouer \u00e0 la roulette ?<\/h3>\n<p>Oui, il est impossible de jouer \u00e0 la roulette sans compte. Il n&rsquo;y a pas de version de d\u00e9monstration pour la section des jeux de table de cette plateforme de jeu.<\/p>\n<h3>Combien de variantes de roulette sont disponibles chez LeoVegas ?<\/h3>\n<p>Il existe au moins 20 variantes diff\u00e9rentes de roulette disponibles chez LeoVegas en ce moment.<\/p>\n","protected":false},"excerpt":{"rendered":"<p>Variantes de roulette LeoVegas, jeux multijoueurs et bonus LeoVegas est le genre de casino en ligne qui essaie de cr\u00e9er une ambiance festive. Ce site Web incroyable a \u00e9t\u00e9 lanc\u00e9 pour la premi\u00e8re fois en 2011 et est devenu l&rsquo;un des plus grands pour tous les fans de jeux de table comme la roulette, le [&hellip;]<\/p>\n","protected":false},"author":1,"featured_media":0,"parent":0,"menu_order":0,"comment_status":"closed","ping_status":"closed","template":"","meta":{"footnotes":""},"class_list":["post-289","page","type-page","status-publish","hentry"],"acf":[],"yoast_head":"<!-- This site is optimized with the Yoast SEO plugin v17.9 - https:\/\/yoast.com\/wordpress\/plugins\/seo\/ -->\n<title>Avis de confiance sur les casinos de roulette en ligne - leovegas-au.org<\/title>\n<meta name=\"description\" content=\"Apprenez comment et o\u00f9 jouer \u00e0 la roulette VIP pour de l&#039;argent r\u00e9el, y compris des critiques de jeux, des conseils et des strat\u00e9gies\" \/>\n<meta name=\"robots\" content=\"index, follow, max-snippet:-1, max-image-preview:large, max-video-preview:-1\" \/>\n<link rel=\"canonical\" href=\"https:\/\/leovegas-au.org\/fr\/roulette\/\" \/>\n<meta property=\"og:type\" content=\"article\" \/>\n<meta property=\"og:title\" content=\"Avis de confiance sur les casinos de roulette en ligne - leovegas-au.org\" \/>\n<meta property=\"og:description\" content=\"Apprenez comment et o\u00f9 jouer \u00e0 la roulette VIP pour de l&#039;argent r\u00e9el, y compris des critiques de jeux, des conseils et des strat\u00e9gies\" \/>\n<meta property=\"og:url\" content=\"https:\/\/leovegas-au.org\/fr\/roulette\/\" \/>\n<meta property=\"og:site_name\" content=\"leovegas casino\" \/>\n<meta property=\"article:modified_time\" content=\"2022-08-10T08:52:58+00:00\" \/>\n<meta property=\"og:image\" content=\"https:\/\/leovegas-au.org\/wp-content\/uploads\/2022\/04\/casino-roulette-wheel-with-casino-chips-on-green-t-P96BR7D-min-300x200.jpg\" \/>\n<meta name=\"twitter:card\" content=\"summary_large_image\" \/>\n<meta name=\"twitter:label1\" content=\"Dur\u00e9e de lecture estim\u00e9e\" \/>\n\t<meta name=\"twitter:data1\" content=\"5 minutes\" \/>\n<script type=\"application\/ld+json\" class=\"yoast-schema-graph\">{\"@context\":\"https:\/\/schema.org\",\"@graph\":[{\"@type\":\"WebSite\",\"@id\":\"https:\/\/leovegas-au.org\/#website\",\"url\":\"https:\/\/leovegas-au.org\/\",\"name\":\"leovegas casino\",\"description\":\"\",\"potentialAction\":[{\"@type\":\"SearchAction\",\"target\":{\"@type\":\"EntryPoint\",\"urlTemplate\":\"https:\/\/leovegas-au.org\/?s={search_term_string}\"},\"query-input\":\"required name=search_term_string\"}],\"inLanguage\":\"fr-FR\"},{\"@type\":\"ImageObject\",\"@id\":\"https:\/\/leovegas-au.org\/fr\/roulette\/#primaryimage\",\"inLanguage\":\"fr-FR\",\"url\":\"https:\/\/leovegas-au.org\/wp-content\/uploads\/2022\/04\/casino-roulette-wheel-with-casino-chips-on-green-t-P96BR7D-min.jpg\",\"contentUrl\":\"https:\/\/leovegas-au.org\/wp-content\/uploads\/2022\/04\/casino-roulette-wheel-with-casino-chips-on-green-t-P96BR7D-min.jpg\",\"width\":1980,\"height\":1320,\"caption\":\"casino roulette\"},{\"@type\":\"WebPage\",\"@id\":\"https:\/\/leovegas-au.org\/fr\/roulette\/#webpage\",\"url\":\"https:\/\/leovegas-au.org\/fr\/roulette\/\",\"name\":\"Avis de confiance sur les casinos de roulette en ligne - leovegas-au.org\",\"isPartOf\":{\"@id\":\"https:\/\/leovegas-au.org\/#website\"},\"primaryImageOfPage\":{\"@id\":\"https:\/\/leovegas-au.org\/fr\/roulette\/#primaryimage\"},\"datePublished\":\"2022-04-25T15:46:31+00:00\",\"dateModified\":\"2022-08-10T08:52:58+00:00\",\"description\":\"Apprenez comment et o\\u00f9 jouer \\u00e0 la roulette VIP pour de l'argent r\\u00e9el, y compris des critiques de jeux, des conseils et des strat\\u00e9gies\",\"breadcrumb\":{\"@id\":\"https:\/\/leovegas-au.org\/fr\/roulette\/#breadcrumb\"},\"inLanguage\":\"fr-FR\",\"potentialAction\":[{\"@type\":\"ReadAction\",\"target\":[\"https:\/\/leovegas-au.org\/fr\/roulette\/\"]}]},{\"@type\":\"BreadcrumbList\",\"@id\":\"https:\/\/leovegas-au.org\/fr\/roulette\/#breadcrumb\",\"itemListElement\":[{\"@type\":\"ListItem\",\"position\":1,\"name\":\"Home\",\"item\":\"https:\/\/leovegas-au.org\/fr\/\"},{\"@type\":\"ListItem\",\"position\":2,\"name\":\"Jouez \\u00e0 LeoVegas Roulette en Ligne\"}]}]}<\/script>\n<!-- \/ Yoast SEO plugin. -->","yoast_head_json":{"title":"Avis de confiance sur les casinos de roulette en ligne - leovegas-au.org","description":"Apprenez comment et o\u00f9 jouer \u00e0 la roulette VIP pour de l'argent r\u00e9el, y compris des critiques de jeux, des conseils et des strat\u00e9gies","robots":{"index":"index","follow":"follow","max-snippet":"max-snippet:-1","max-image-preview":"max-image-preview:large","max-video-preview":"max-video-preview:-1"},"canonical":"https:\/\/leovegas-au.org\/fr\/roulette\/","og_type":"article","og_title":"Avis de confiance sur les casinos de roulette en ligne - leovegas-au.org","og_description":"Apprenez comment et o\u00f9 jouer \u00e0 la roulette VIP pour de l'argent r\u00e9el, y compris des critiques de jeux, des conseils et des strat\u00e9gies","og_url":"https:\/\/leovegas-au.org\/fr\/roulette\/","og_site_name":"leovegas casino","article_modified_time":"2022-08-10T08:52:58+00:00","og_image":[{"url":"https:\/\/leovegas-au.org\/wp-content\/uploads\/2022\/04\/casino-roulette-wheel-with-casino-chips-on-green-t-P96BR7D-min-300x200.jpg"}],"twitter_card":"summary_large_image","twitter_misc":{"Dur\u00e9e de lecture estim\u00e9e":"5 minutes"},"schema":{"@context":"https:\/\/schema.org","@graph":[{"@type":"WebSite","@id":"https:\/\/leovegas-au.org\/#website","url":"https:\/\/leovegas-au.org\/","name":"leovegas casino","description":"","potentialAction":[{"@type":"SearchAction","target":{"@type":"EntryPoint","urlTemplate":"https:\/\/leovegas-au.org\/?s={search_term_string}"},"query-input":"required name=search_term_string"}],"inLanguage":"fr-FR"},{"@type":"ImageObject","@id":"https:\/\/leovegas-au.org\/fr\/roulette\/#primaryimage","inLanguage":"fr-FR","url":"https:\/\/leovegas-au.org\/wp-content\/uploads\/2022\/04\/casino-roulette-wheel-with-casino-chips-on-green-t-P96BR7D-min.jpg","contentUrl":"https:\/\/leovegas-au.org\/wp-content\/uploads\/2022\/04\/casino-roulette-wheel-with-casino-chips-on-green-t-P96BR7D-min.jpg","width":1980,"height":1320,"caption":"casino roulette"},{"@type":"WebPage","@id":"https:\/\/leovegas-au.org\/fr\/roulette\/#webpage","url":"https:\/\/leovegas-au.org\/fr\/roulette\/","name":"Avis de confiance sur les casinos de roulette en ligne - leovegas-au.org","isPartOf":{"@id":"https:\/\/leovegas-au.org\/#website"},"primaryImageOfPage":{"@id":"https:\/\/leovegas-au.org\/fr\/roulette\/#primaryimage"},"datePublished":"2022-04-25T15:46:31+00:00","dateModified":"2022-08-10T08:52:58+00:00","description":"Apprenez comment et o\u00f9 jouer \u00e0 la roulette VIP pour de l'argent r\u00e9el, y compris des critiques de jeux, des conseils et des strat\u00e9gies","breadcrumb":{"@id":"https:\/\/leovegas-au.org\/fr\/roulette\/#breadcrumb"},"inLanguage":"fr-FR","potentialAction":[{"@type":"ReadAction","target":["https:\/\/leovegas-au.org\/fr\/roulette\/"]}]},{"@type":"BreadcrumbList","@id":"https:\/\/leovegas-au.org\/fr\/roulette\/#breadcrumb","itemListElement":[{"@type":"ListItem","position":1,"name":"Home","item":"https:\/\/leovegas-au.org\/fr\/"},{"@type":"ListItem","position":2,"name":"Jouez \u00e0 LeoVegas Roulette en Ligne"}]}]}},"_links":{"self":[{"href":"https:\/\/leovegas-au.org\/fr\/wp-json\/wp\/v2\/pages\/289","targetHints":{"allow":["GET"]}}],"collection":[{"href":"https:\/\/leovegas-au.org\/fr\/wp-json\/wp\/v2\/pages"}],"about":[{"href":"https:\/\/leovegas-au.org\/fr\/wp-json\/wp\/v2\/types\/page"}],"author":[{"embeddable":true,"href":"https:\/\/leovegas-au.org\/fr\/wp-json\/wp\/v2\/users\/1"}],"replies":[{"embeddable":true,"href":"https:\/\/leovegas-au.org\/fr\/wp-json\/wp\/v2\/comments?post=289"}],"version-history":[{"count":10,"href":"https:\/\/leovegas-au.org\/fr\/wp-json\/wp\/v2\/pages\/289\/revisions"}],"predecessor-version":[{"id":892,"href":"https:\/\/leovegas-au.org\/fr\/wp-json\/wp\/v2\/pages\/289\/revisions\/892"}],"wp:attachment":[{"href":"https:\/\/leovegas-au.org\/fr\/wp-json\/wp\/v2\/media?parent=289"}],"curies":[{"name":"wp","href":"https:\/\/api.w.org\/{rel}","templated":true}]}}