{"id":283,"date":"2022-04-25T15:10:34","date_gmt":"2022-04-25T15:10:34","guid":{"rendered":"https:\/\/leovegas-au.org\/?page_id=283"},"modified":"2022-08-03T15:41:36","modified_gmt":"2022-08-03T15:41:36","slug":"table-games","status":"publish","type":"page","link":"https:\/\/leovegas-au.org\/fr\/table-games\/","title":{"rendered":"Comment jouer \u00e0 des jeux de table pour de l&rsquo;argent r\u00e9el"},"content":{"rendered":"<p>Il existe de nombreux divertissements qui permettent de gagner de l&rsquo;argent. Il est tr\u00e8s facile de trouver des jeux de table LeoVegas pour de l&rsquo;argent en ligne et de commencer \u00e0 jouer. Pour ce faire, il vous suffit de vous inscrire et de r\u00e9approvisionner votre compte de jeu.<\/p>\n<p>Dans toute la vari\u00e9t\u00e9 des divertissements disponibles, il devient incroyablement difficile pour les d\u00e9butants de s\u00e9lectionner eux-m\u00eames les meilleurs jeux de table gratuits LeoVegas. Beaucoup d&rsquo;entre eux sugg\u00e8rent que pour gagner des sommes d&rsquo;argent suppl\u00e9mentaires, vous devez d\u00e9velopper une strat\u00e9gie gagnante, puis essayer de battre l&rsquo;ordinateur ou votre adversaire. Par cons\u00e9quent, vous devez maintenant conna\u00eetre les caract\u00e9ristiques de gagner et de retirer des jeux de table en ligne pour de l&rsquo;argent r\u00e9el LeoVegas pour reconstituer vos propres poches.<\/p>\n<div class=\"t-go\"><a href=\"\/go-casino\/?sub_id_1=Leovegas\">OBTENEZ UN BONUS<\/a><\/div>\n<h2>Les meilleurs jeux de table avec retrait des gains<\/h2>\n<p>Il y a beaucoup de jeux de soci\u00e9t\u00e9. Dans presque tous les pays, il existe des jeux traditionnels (folkloriques) tels que Shogu (Shoge), Vari, Dyzym, Zhulbak, etc. Cependant, les jeux de soci\u00e9t\u00e9 les plus populaires parmi la population russophone sont :<\/p>\n<ul>\n<li>Jeu d&rsquo;\u00e9checs<\/li>\n<\/ul>\n<p>Un jeu de logique bien connu sur un plateau de 64 cellules et 32 \u200b\u200bchiffres. Chaque figure a son propre nom et se d\u00e9place le long d&rsquo;une certaine trajectoire. Depuis 1896, le titre de champion du monde se joue.<\/p>\n<ul>\n<li>Dames<\/li>\n<\/ul>\n<p>C&rsquo;est un jeu de soci\u00e9t\u00e9 qui rappelle un peu les \u00e9checs. La diff\u00e9rence r\u00e9side dans les r\u00e8gles simples. Ici, les participants n&rsquo;ont m\u00eame pas \u00e0 se souvenir des noms des pi\u00e8ces, car tous les pions sont identiques. Cela signifie que vous devez essayer de pr\u00e9dire les actions de votre adversaire afin d&rsquo;assurer une victoire.<\/p>\n<ul>\n<li>Dominos<\/li>\n<\/ul>\n<p>Jeu de soci\u00e9t\u00e9 populaire avec 28 d\u00e9s. Au d\u00e9but, chaque joueur re\u00e7oit sept d\u00e9s. Pour gagner, vous devez les lancer sur les meilleurs jeux de table LeoVegas d\u00e8s que possible en respectant les r\u00e8gles du jeu. Le gagnant est le joueur qui a \u00ab\u00a0lanc\u00e9\u00a0\u00bb ses d\u00e9s plus t\u00f4t.<\/p>\n<p>De plus, le <a href=\"https:\/\/leovegas-au.org\/fr\/keno\/\">keno<\/a> et les d\u00e9s \u00e0 coudre pr\u00e9f\u00e9r\u00e9s de tous m\u00e9ritent l&rsquo;attention, que non seulement les jeunes aiment jouer, mais aussi les repr\u00e9sentants de la g\u00e9n\u00e9ration plus \u00e2g\u00e9e, mais pas pour de l&rsquo;argent.<\/p>\n<h2><span style=\"font-weight: 400;\"><img loading=\"lazy\" decoding=\"async\" class=\" wp-image-280 aligncenter\" src=\"https:\/\/leovegas-au.org\/wp-content\/uploads\/2022\/04\/apps.31910.9007199266497925.2ebdb720-14bb-4cc6-99e2-58a8d9902a0a-300x150.jpg\" alt=\"table games\" width=\"816\" height=\"408\" srcset=\"https:\/\/leovegas-au.org\/wp-content\/uploads\/2022\/04\/apps.31910.9007199266497925.2ebdb720-14bb-4cc6-99e2-58a8d9902a0a-300x150.jpg 300w, https:\/\/leovegas-au.org\/wp-content\/uploads\/2022\/04\/apps.31910.9007199266497925.2ebdb720-14bb-4cc6-99e2-58a8d9902a0a-768x384.jpg 768w, https:\/\/leovegas-au.org\/wp-content\/uploads\/2022\/04\/apps.31910.9007199266497925.2ebdb720-14bb-4cc6-99e2-58a8d9902a0a.jpg 800w\" sizes=\"auto, (max-width: 816px) 100vw, 816px\" \/><\/span><\/h2>\n<h2>Pourquoi devriez-vous jouer aux jeux de table en ligne<\/h2>\n<p>Il devient souvent incroyablement amusant et int\u00e9ressant de jouer \u00e0 des jeux de table en ligne LeoVegas pour deux en ligne avec un d\u00e9, surtout quand le joueur sait qu&rsquo;il sera bient\u00f4t pay\u00e9 pour gagner. Je voudrais parler plus en d\u00e9tail des avantages de tels d\u00e9veloppements.<\/p>\n<ul>\n<li>un revenu abordable pour tous;<\/li>\n<li>vous pouvez jouer \u00e0 tout moment ;<\/li>\n<li>un <a href=\"https:\/\/leovegas-au.org\/fr\/bonus\/\">bonus<\/a> est offert lors de l&rsquo;inscription;<\/li>\n<li>retrait rapide des gains vers un porte-monnaie \u00e9lectronique\u00a0;<\/li>\n<li>l&rsquo;occasion de tester vos comp\u00e9tences et de les am\u00e9liorer gr\u00e2ce \u00e0 de nombreuses sessions de formation.<\/li>\n<\/ul>\n<h2>Pas de fonction de d\u00e9p\u00f4t<\/h2>\n<p>Les bonus sans d\u00e9p\u00f4t sont consid\u00e9r\u00e9s comme le type de promotion le plus attractif dans les casinos en ligne. Un bonus sans d\u00e9p\u00f4t permet \u00e0 un joueur de jouer dans le club pour \u00e9conomiser de l&rsquo;argent sans frais d&rsquo;entr\u00e9e et pour un gros prix en esp\u00e8ces.<\/p>\n<p>Les utilisateurs re\u00e7oivent un bonus sans d\u00e9p\u00f4t pour les jeux de table LeoVegas dans les casinos en ligne sous certaines conditions. En guise de r\u00e9compense, des fonds peuvent \u00eatre cr\u00e9dit\u00e9s sur le compte du joueur. Il s&rsquo;agit d&rsquo;une m\u00e9thode d&rsquo;observation pour \u00e9valuer le fonctionnement et la qualit\u00e9 du service de casino en ligne. Les joueurs peuvent tester les machines \u00e0 sous pour le profit et le niveau de rendement th\u00e9orique, la vitesse de r\u00e9ception de la v\u00e9rification dans une requ\u00eate Internet.<\/p>\n<h2>Conditions obligatoires d&rsquo;un bonus sans d\u00e9p\u00f4t<\/h2>\n<p>Chaque bonus est limit\u00e9 dans le temps. Il est important d&rsquo;activer le bonus en temps opportun. Aucun d\u00e9p\u00f4t n&rsquo;est valable uniquement pour les jeux de certaines machines \u00e0 sous en ligne. Le casino met des restrictions sur les cat\u00e9gories de jeux. Par exemple, un bonus ne peut pas \u00eatre utilis\u00e9 dans les jeux en direct et les <a href=\"https:\/\/leovegas-au.org\/fr\/games\/\">jeux<\/a> de table en direct LeoVegas.<\/p>\n<p>De plus, presque tous les bonus de casino en ligne ont une exigence de mise. Une mise est le nombre minimum de paris qu&rsquo;un joueur doit faire pour encaisser ses gains.<\/p>\n<div class=\"t-go\"><a href=\"\/go-casino\/?sub_id_1=Leovegas\">OBTENEZ UN BONUS<\/a><\/div>\n<h2>Jeux de cartes pour iOS et Android<\/h2>\n<p>Les jeux de cartes de tous genres sont peut-\u00eatre les plus adapt\u00e9s aux appareils mobiles. C&rsquo;est tellement pratique de d\u00e9placer des cartes avec votre doigt sur l&rsquo;\u00e9cran &#8211; ni le contr\u00f4leur ni la souris ne peuvent imiter ce sentiment. C&rsquo;est plus comme jouer \u00e0 une liste de jeux de cartes de table LeoVegas dans le monde r\u00e9el.<\/p>\n<p>Il semble que les d\u00e9veloppeurs mobiles ressentent la m\u00eame chose &#8211; les jeux de ce genre ne manquent pas pour les smartphones iPhone et Android. Les deux plates-formes proposent des jeux de construction de deck, TCG, CCG et bien d&rsquo;autres, o\u00f9 vous pouvez trouver de nombreuses id\u00e9es et \u00e9l\u00e9ments innovants de diff\u00e9rents genres &#8211; RTS, roguelike, etc. Voici quelques-uns des jeux de cartes mobiles dans diff\u00e9rents genres.<\/p>\n<ul>\n<li>Foyer<\/li>\n<\/ul>\n<p>Hearthstone est depuis longtemps un classique du genre CCG, g\u00e9n\u00e9rant une vague d&rsquo;int\u00e9r\u00eat sans pr\u00e9c\u00e9dent pour les jeux de cartes depuis sa sortie en 2014. Il est toujours populaire et re\u00e7oit des mises \u00e0 jour r\u00e9guli\u00e8res.<\/p>\n<ul>\n<li>\u00c9ternel<\/li>\n<\/ul>\n<p>Les jeux de cartes de tous genres sont peut-\u00eatre les plus adapt\u00e9s aux appareils mobiles. C&rsquo;est tellement pratique de d\u00e9placer des cartes avec votre doigt sur l&rsquo;\u00e9cran &#8211; ni le contr\u00f4leur ni la souris ne peuvent imiter ce sentiment. C&rsquo;est plus comme jouer \u00e0 un jeu de cartes dans le monde r\u00e9el.<\/p>\n<ul>\n<li>Clash Royale<\/li>\n<\/ul>\n<p>Les jeux de cartes de tous genres sont peut-\u00eatre les plus adapt\u00e9s aux appareils mobiles. C&rsquo;est tellement pratique de d\u00e9placer des cartes avec votre doigt sur l&rsquo;\u00e9cran &#8211; ni le contr\u00f4leur ni la souris ne peuvent imiter ce sentiment.<\/p>\n<p><span style=\"font-weight: 400;\"><img loading=\"lazy\" decoding=\"async\" class=\" wp-image-278 aligncenter\" src=\"https:\/\/leovegas-au.org\/wp-content\/uploads\/2022\/04\/maxresdefault-11-300x169.jpg\" alt=\"card games\" width=\"815\" height=\"459\" srcset=\"https:\/\/leovegas-au.org\/wp-content\/uploads\/2022\/04\/maxresdefault-11-300x169.jpg 300w, https:\/\/leovegas-au.org\/wp-content\/uploads\/2022\/04\/maxresdefault-11-1024x576.jpg 1024w, https:\/\/leovegas-au.org\/wp-content\/uploads\/2022\/04\/maxresdefault-11-768x432.jpg 768w, https:\/\/leovegas-au.org\/wp-content\/uploads\/2022\/04\/maxresdefault-11.jpg 1280w\" sizes=\"auto, (max-width: 815px) 100vw, 815px\" \/><\/span><\/p>\n<h2>Questions fr\u00e9quemment pos\u00e9es<\/h2>\n<ul>\n<li>Qu&rsquo;est-ce qu&rsquo;un bonus sans d\u00e9p\u00f4t ?<\/li>\n<\/ul>\n<p>Un bonus sans d\u00e9p\u00f4t (ou <a href=\"https:\/\/leovegas-au.org\/fr\/no-deposit-bonus\/\">bonus sans d\u00e9p\u00f4t<\/a>) est un type d&rsquo;offre de bonus de casino en ligne qui est propos\u00e9 aux joueurs pour effectuer une action ou promouvoir un produit particulier. Par exemple, entre autres, vous pouvez recevoir un bonus sans d\u00e9p\u00f4t pour vous inscrire, v\u00e9rifier un num\u00e9ro de t\u00e9l\u00e9phone, revoir un site, inviter un ami ou m\u00eame en l&rsquo;honneur d&rsquo;un anniversaire. Dans ce cas, vous n&rsquo;avez pas besoin de d\u00e9poser vos propres fonds.<\/p>\n<ul>\n<li>Comment fonctionne un bonus sans d\u00e9p\u00f4t ?<\/li>\n<\/ul>\n<p>Un bonus sans d\u00e9p\u00f4t est d\u00e9livr\u00e9 aux joueurs pour certaines actions. En r\u00e8gle g\u00e9n\u00e9rale, il est d\u00e9livr\u00e9 pour la cr\u00e9ation d&rsquo;un compte dans un casino en ligne. Apr\u00e8s cela, le nouveau joueur est cr\u00e9dit\u00e9 d&rsquo;un bonus sous la forme d&rsquo;une certaine somme d&rsquo;argent, de tours gratuits ou de toute autre r\u00e9compense. Le joueur peut utiliser le bonus fourni dans certains jeux et recevoir des gains sur son compte, qui peuvent \u00eatre retir\u00e9s si les conditions de mise sont remplies.<\/p>\n<ul>\n<li>Dois-je m&rsquo;inscrire pour un bonus sans d\u00e9p\u00f4t ?<\/li>\n<\/ul>\n<p>Bien que les conditions pour r\u00e9clamer un bonus sans d\u00e9p\u00f4t puissent diff\u00e9rer d&rsquo;un casino en ligne \u00e0 l&rsquo;autre, l&rsquo;inscription est une condition cl\u00e9 pour r\u00e9clamer un bonus sans d\u00e9p\u00f4t. C&rsquo;est une pratique assez courante, car de telles promotions sont r\u00e9alis\u00e9es dans le but d&rsquo;attirer de nouveaux joueurs vers les casinos en ligne. L&rsquo;inscription ne prend g\u00e9n\u00e9ralement que quelques minutes.<\/p>\n<ul>\n<li>Qu&rsquo;est-ce qu&rsquo;un code bonus sans d\u00e9p\u00f4t ?<\/li>\n<\/ul>\n<p>Parfois, afin de recevoir un bonus sans d\u00e9p\u00f4t, un joueur doit franchir une petite \u00e9tape suppl\u00e9mentaire suppl\u00e9mentaire &#8211; entrer un certain code dans un champ sp\u00e9cial du compte du joueur. Le casino en ligne utilise un syst\u00e8me de codes pour des raisons de s\u00e9curit\u00e9 et pour lutter contre la fraude.<\/p>\n<ul>\n<li>Puis-je retirer un bonus sans d\u00e9p\u00f4t ?<\/li>\n<\/ul>\n<p>De nombreux joueurs se demandent : si j&rsquo;ai d\u00e9j\u00e0 de l&rsquo;argent sur mon compte, pourquoi ne puis-je pas le retirer ? Le fait est qu&rsquo;en offrant un bonus sans d\u00e9p\u00f4t, le casino risque dans une certaine mesure, il introduit donc des conditions de mise et un montant minimum de retrait. Avant d&rsquo;utiliser l&rsquo;offre d&rsquo;un casino en ligne, nous vous conseillons d&rsquo;\u00e9tudier attentivement les conditions de retrait des gains.<\/p>\n","protected":false},"excerpt":{"rendered":"<p>Il existe de nombreux divertissements qui permettent de gagner de l&rsquo;argent. Il est tr\u00e8s facile de trouver des jeux de table LeoVegas pour de l&rsquo;argent en ligne et de commencer \u00e0 jouer. Pour ce faire, il vous suffit de vous inscrire et de r\u00e9approvisionner votre compte de jeu. Dans toute la vari\u00e9t\u00e9 des divertissements disponibles, [&hellip;]<\/p>\n","protected":false},"author":1,"featured_media":0,"parent":0,"menu_order":0,"comment_status":"closed","ping_status":"closed","template":"","meta":{"footnotes":""},"class_list":["post-283","page","type-page","status-publish","hentry"],"acf":[],"yoast_head":"<!-- This site is optimized with the Yoast SEO plugin v17.9 - https:\/\/yoast.com\/wordpress\/plugins\/seo\/ -->\n<title>Revue des jeux de table de casino les plus excitants<\/title>\n<meta name=\"description\" content=\"Un endroit pour jouer, pratiquer et ma\u00eetriser les jeux de table de casino en ligne. En savoir plus sur la s\u00e9lection passionnante de jeux de table avec LeoVegas\" \/>\n<meta name=\"robots\" content=\"index, follow, max-snippet:-1, max-image-preview:large, max-video-preview:-1\" \/>\n<link rel=\"canonical\" href=\"https:\/\/leovegas-au.org\/fr\/table-games\/\" \/>\n<meta property=\"og:type\" content=\"article\" \/>\n<meta property=\"og:title\" content=\"Revue des jeux de table de casino les plus excitants\" \/>\n<meta property=\"og:description\" content=\"Un endroit pour jouer, pratiquer et ma\u00eetriser les jeux de table de casino en ligne. En savoir plus sur la s\u00e9lection passionnante de jeux de table avec LeoVegas\" \/>\n<meta property=\"og:url\" content=\"https:\/\/leovegas-au.org\/fr\/table-games\/\" \/>\n<meta property=\"og:site_name\" content=\"leovegas casino\" \/>\n<meta property=\"article:modified_time\" content=\"2022-08-03T15:41:36+00:00\" \/>\n<meta property=\"og:image\" content=\"https:\/\/leovegas-au.org\/wp-content\/uploads\/2022\/04\/apps.31910.9007199266497925.2ebdb720-14bb-4cc6-99e2-58a8d9902a0a-300x150.jpg\" \/>\n<meta name=\"twitter:card\" content=\"summary_large_image\" \/>\n<meta name=\"twitter:label1\" content=\"Dur\u00e9e de lecture estim\u00e9e\" \/>\n\t<meta name=\"twitter:data1\" content=\"7 minutes\" \/>\n<script type=\"application\/ld+json\" class=\"yoast-schema-graph\">{\"@context\":\"https:\/\/schema.org\",\"@graph\":[{\"@type\":\"WebSite\",\"@id\":\"https:\/\/leovegas-au.org\/#website\",\"url\":\"https:\/\/leovegas-au.org\/\",\"name\":\"leovegas casino\",\"description\":\"\",\"potentialAction\":[{\"@type\":\"SearchAction\",\"target\":{\"@type\":\"EntryPoint\",\"urlTemplate\":\"https:\/\/leovegas-au.org\/?s={search_term_string}\"},\"query-input\":\"required name=search_term_string\"}],\"inLanguage\":\"fr-FR\"},{\"@type\":\"ImageObject\",\"@id\":\"https:\/\/leovegas-au.org\/fr\/table-games\/#primaryimage\",\"inLanguage\":\"fr-FR\",\"url\":\"https:\/\/leovegas-au.org\/wp-content\/uploads\/2022\/04\/apps.31910.9007199266497925.2ebdb720-14bb-4cc6-99e2-58a8d9902a0a.jpg\",\"contentUrl\":\"https:\/\/leovegas-au.org\/wp-content\/uploads\/2022\/04\/apps.31910.9007199266497925.2ebdb720-14bb-4cc6-99e2-58a8d9902a0a.jpg\",\"width\":800,\"height\":400,\"caption\":\"table games\"},{\"@type\":\"WebPage\",\"@id\":\"https:\/\/leovegas-au.org\/fr\/table-games\/#webpage\",\"url\":\"https:\/\/leovegas-au.org\/fr\/table-games\/\",\"name\":\"Revue des jeux de table de casino les plus excitants\",\"isPartOf\":{\"@id\":\"https:\/\/leovegas-au.org\/#website\"},\"primaryImageOfPage\":{\"@id\":\"https:\/\/leovegas-au.org\/fr\/table-games\/#primaryimage\"},\"datePublished\":\"2022-04-25T15:10:34+00:00\",\"dateModified\":\"2022-08-03T15:41:36+00:00\",\"description\":\"Un endroit pour jouer, pratiquer et ma\\u00eetriser les jeux de table de casino en ligne. En savoir plus sur la s\\u00e9lection passionnante de jeux de table avec LeoVegas\",\"breadcrumb\":{\"@id\":\"https:\/\/leovegas-au.org\/fr\/table-games\/#breadcrumb\"},\"inLanguage\":\"fr-FR\",\"potentialAction\":[{\"@type\":\"ReadAction\",\"target\":[\"https:\/\/leovegas-au.org\/fr\/table-games\/\"]}]},{\"@type\":\"BreadcrumbList\",\"@id\":\"https:\/\/leovegas-au.org\/fr\/table-games\/#breadcrumb\",\"itemListElement\":[{\"@type\":\"ListItem\",\"position\":1,\"name\":\"Home\",\"item\":\"https:\/\/leovegas-au.org\/fr\/\"},{\"@type\":\"ListItem\",\"position\":2,\"name\":\"Comment jouer \\u00e0 des jeux de table pour de l&#8217;argent r\\u00e9el\"}]}]}<\/script>\n<!-- \/ Yoast SEO plugin. -->","yoast_head_json":{"title":"Revue des jeux de table de casino les plus excitants","description":"Un endroit pour jouer, pratiquer et ma\u00eetriser les jeux de table de casino en ligne. En savoir plus sur la s\u00e9lection passionnante de jeux de table avec LeoVegas","robots":{"index":"index","follow":"follow","max-snippet":"max-snippet:-1","max-image-preview":"max-image-preview:large","max-video-preview":"max-video-preview:-1"},"canonical":"https:\/\/leovegas-au.org\/fr\/table-games\/","og_type":"article","og_title":"Revue des jeux de table de casino les plus excitants","og_description":"Un endroit pour jouer, pratiquer et ma\u00eetriser les jeux de table de casino en ligne. En savoir plus sur la s\u00e9lection passionnante de jeux de table avec LeoVegas","og_url":"https:\/\/leovegas-au.org\/fr\/table-games\/","og_site_name":"leovegas casino","article_modified_time":"2022-08-03T15:41:36+00:00","og_image":[{"url":"https:\/\/leovegas-au.org\/wp-content\/uploads\/2022\/04\/apps.31910.9007199266497925.2ebdb720-14bb-4cc6-99e2-58a8d9902a0a-300x150.jpg"}],"twitter_card":"summary_large_image","twitter_misc":{"Dur\u00e9e de lecture estim\u00e9e":"7 minutes"},"schema":{"@context":"https:\/\/schema.org","@graph":[{"@type":"WebSite","@id":"https:\/\/leovegas-au.org\/#website","url":"https:\/\/leovegas-au.org\/","name":"leovegas casino","description":"","potentialAction":[{"@type":"SearchAction","target":{"@type":"EntryPoint","urlTemplate":"https:\/\/leovegas-au.org\/?s={search_term_string}"},"query-input":"required name=search_term_string"}],"inLanguage":"fr-FR"},{"@type":"ImageObject","@id":"https:\/\/leovegas-au.org\/fr\/table-games\/#primaryimage","inLanguage":"fr-FR","url":"https:\/\/leovegas-au.org\/wp-content\/uploads\/2022\/04\/apps.31910.9007199266497925.2ebdb720-14bb-4cc6-99e2-58a8d9902a0a.jpg","contentUrl":"https:\/\/leovegas-au.org\/wp-content\/uploads\/2022\/04\/apps.31910.9007199266497925.2ebdb720-14bb-4cc6-99e2-58a8d9902a0a.jpg","width":800,"height":400,"caption":"table games"},{"@type":"WebPage","@id":"https:\/\/leovegas-au.org\/fr\/table-games\/#webpage","url":"https:\/\/leovegas-au.org\/fr\/table-games\/","name":"Revue des jeux de table de casino les plus excitants","isPartOf":{"@id":"https:\/\/leovegas-au.org\/#website"},"primaryImageOfPage":{"@id":"https:\/\/leovegas-au.org\/fr\/table-games\/#primaryimage"},"datePublished":"2022-04-25T15:10:34+00:00","dateModified":"2022-08-03T15:41:36+00:00","description":"Un endroit pour jouer, pratiquer et ma\u00eetriser les jeux de table de casino en ligne. En savoir plus sur la s\u00e9lection passionnante de jeux de table avec LeoVegas","breadcrumb":{"@id":"https:\/\/leovegas-au.org\/fr\/table-games\/#breadcrumb"},"inLanguage":"fr-FR","potentialAction":[{"@type":"ReadAction","target":["https:\/\/leovegas-au.org\/fr\/table-games\/"]}]},{"@type":"BreadcrumbList","@id":"https:\/\/leovegas-au.org\/fr\/table-games\/#breadcrumb","itemListElement":[{"@type":"ListItem","position":1,"name":"Home","item":"https:\/\/leovegas-au.org\/fr\/"},{"@type":"ListItem","position":2,"name":"Comment jouer \u00e0 des jeux de table pour de l&#8217;argent r\u00e9el"}]}]}},"_links":{"self":[{"href":"https:\/\/leovegas-au.org\/fr\/wp-json\/wp\/v2\/pages\/283","targetHints":{"allow":["GET"]}}],"collection":[{"href":"https:\/\/leovegas-au.org\/fr\/wp-json\/wp\/v2\/pages"}],"about":[{"href":"https:\/\/leovegas-au.org\/fr\/wp-json\/wp\/v2\/types\/page"}],"author":[{"embeddable":true,"href":"https:\/\/leovegas-au.org\/fr\/wp-json\/wp\/v2\/users\/1"}],"replies":[{"embeddable":true,"href":"https:\/\/leovegas-au.org\/fr\/wp-json\/wp\/v2\/comments?post=283"}],"version-history":[{"count":5,"href":"https:\/\/leovegas-au.org\/fr\/wp-json\/wp\/v2\/pages\/283\/revisions"}],"predecessor-version":[{"id":754,"href":"https:\/\/leovegas-au.org\/fr\/wp-json\/wp\/v2\/pages\/283\/revisions\/754"}],"wp:attachment":[{"href":"https:\/\/leovegas-au.org\/fr\/wp-json\/wp\/v2\/media?parent=283"}],"curies":[{"name":"wp","href":"https:\/\/api.w.org\/{rel}","templated":true}]}}