{"id":263,"date":"2022-04-25T14:42:02","date_gmt":"2022-04-25T14:42:02","guid":{"rendered":"https:\/\/leovegas-au.org\/?page_id=263"},"modified":"2022-07-21T12:51:13","modified_gmt":"2022-07-21T12:51:13","slug":"slots","status":"publish","type":"page","link":"https:\/\/leovegas-au.org\/fr\/slots\/","title":{"rendered":"Quelles machines \u00e0 sous le casino LeoVegas propose-t-il?"},"content":{"rendered":"<p>Aujourd&rsquo;hui, le casino LeoVegas est sur toutes les l\u00e8vres, ce qui signifie que l&rsquo;\u00e9tablissement de jeux fonctionne avec succ\u00e8s, attirant de plus en plus de joueurs. Gagner en popularit\u00e9 face \u00e0 une concurrence f\u00e9roce n&rsquo;est pas une t\u00e2che pour les faibles, c&rsquo;est pourquoi LeoVegas prend en compte les d\u00e9fis de l&rsquo;\u00e9poque et s\u00e9lectionne avec soin les meilleures machines \u00e0 sous.<\/p>\n<p>Tout d&rsquo;abord, chaque invit\u00e9 du casino en ligne LeoVegas pourra jouer \u00e0 certaines machines \u00e0 sous gratuitement et sans inscription. Cette fonction permet d&rsquo;essayer les fonctionnalit\u00e9s de la machine, de comprendre les sp\u00e9cificit\u00e9s du jeu, ses r\u00e8gles.<\/p>\n<p>Sans aucun doute, l&rsquo;examen des machines \u00e0 sous LeoVegas en dira long, ainsi que le fait que l&rsquo;\u00e9tablissement de jeux n&rsquo;utilise que des logiciels sous licence et les meilleures machines \u00e0 sous. La ressource de casino fournit des d\u00e9veloppeurs de machines \u00e0 sous tels que\u00a0:<\/p>\n<ul>\n<li>Novomatic ;<\/li>\n<li>NetEnt\u00a0;<\/li>\n<li>M\u00e9gaJack\u00a0;<\/li>\n<li>Besoft\u00a0;<\/li>\n<li>tour rapide;<\/li>\n<li>B\u00e9latra\u00a0;<\/li>\n<li>Jeux WMS\u00a0;<\/li>\n<li>playson\u00a0;<\/li>\n<li>Duomatique\u00a0;<\/li>\n<li>igrosoft\u00a0;<\/li>\n<li>Playtech et autres.<\/li>\n<\/ul>\n<p>Bien s\u00fbr, jouer pour de l&rsquo;argent est beaucoup plus agr\u00e9able, vous devez donc vous inscrire imm\u00e9diatement. Ainsi, tout le monde peut non seulement faire des paris d&rsquo;argent, mais aussi utiliser des bonus, participer \u00e0 des tournois, des promotions. Et n&rsquo;h\u00e9sitez pas non plus \u00e0 r\u00e9approvisionner votre compte dans l&rsquo;\u00e9tablissement de jeu et \u00e0 <a href=\"https:\/\/leovegas-au.org\/fr\/withdrawal\/\">retirer<\/a> les fonds gagn\u00e9s de toutes les mani\u00e8res disponibles.<\/p>\n<div class=\"t-go\"><a href=\"\/go-casino\/?sub_id_1=Leovegas\">OBTENEZ UN BONUS<\/a><\/div>\n<h2>Avantages du jeu mobile<\/h2>\n<p>Le jeu mobile permet aux joueurs de profiter du jeu sur leurs appareils\u00a0: tablettes et smartphones. \u00c9tant donn\u00e9 que tant de personnes ont acc\u00e8s \u00e0 des appareils mobiles avec un acc\u00e8s au r\u00e9seau 4G ou Wi-Fi, la demande de jeu mobile et le nombre d&rsquo;offres sont d\u00e9sormais abondants. Le march\u00e9 du jeu mobile grandit et se d\u00e9veloppe chaque jour.<\/p>\n<p>La raison de l&rsquo;int\u00e9r\u00eat et de la participation importants pour le jeu mobile est vraiment explicite. Presque tout le monde a acc\u00e8s \u00e0 un t\u00e9l\u00e9phone portable, alors qu&rsquo;\u00eatre \u00e0 proximit\u00e9 d&rsquo;un ordinateur n&rsquo;est pas possible. Les joueurs peuvent d\u00e9sormais jouer n&rsquo;importe o\u00f9 et n&rsquo;importe quand. L&rsquo;acc\u00e8s \u00e0 leurs jeux de casino en ligne pr\u00e9f\u00e9r\u00e9s est toujours \u00e0 port\u00e9e de main.<\/p>\n<p>Les principaux casinos en ligne suivent les tendances actuelles pour r\u00e9pondre aux besoins actuels de leurs utilisateurs. Par cons\u00e9quent, la plupart ont cr\u00e9\u00e9 leurs propres plateformes de casino mobiles, offrant aux joueurs des jeux d&rsquo;argent gratuits et en argent r\u00e9el via leurs appareils mobiles.<\/p>\n<p>Les am\u00e9liorations continues dans l&rsquo;industrie du jeu mobile permettent aux joueurs de profiter de jeux tels que la roulette, le blackjack, les machines \u00e0 sous, le baccarat, <a href=\"https:\/\/leovegas-au.org\/fr\/video-poker\/\">le vid\u00e9o poker<\/a>, <a href=\"https:\/\/leovegas-au.org\/fr\/sport-betting\/\">les paris sportifs<\/a> et bien plus encore lors de leurs d\u00e9placements.<\/p>\n<p>Les principaux sites de casino sont disponibles sur Apple, Android, Windows, Blackberry et la plupart des tablettes. Avec les avanc\u00e9es technologiques exceptionnelles que nous continuons de voir, vous pouvez vous attendre \u00e0 des fonctionnalit\u00e9s exceptionnelles et \u00e0 des jeux exceptionnels sur tous les appareils mobiles.<\/p>\n<h2><span style=\"font-weight: 400;\"><img loading=\"lazy\" decoding=\"async\" class=\" wp-image-273 aligncenter\" src=\"https:\/\/leovegas-au.org\/wp-content\/uploads\/2022\/04\/best-3-reel-slots-f1eaa167-300x160.jpg\" alt=\"slots\" width=\"714\" height=\"381\" srcset=\"https:\/\/leovegas-au.org\/wp-content\/uploads\/2022\/04\/best-3-reel-slots-f1eaa167-300x160.jpg 300w, https:\/\/leovegas-au.org\/wp-content\/uploads\/2022\/04\/best-3-reel-slots-f1eaa167-768x410.jpg 768w, https:\/\/leovegas-au.org\/wp-content\/uploads\/2022\/04\/best-3-reel-slots-f1eaa167.jpg 880w\" sizes=\"auto, (max-width: 714px) 100vw, 714px\" \/><\/span><\/h2>\n<h2>Casino LeoVegas bonus sans d\u00e9p\u00f4t<\/h2>\n<p>L&rsquo;industrie du jeu se d\u00e9veloppe \u00e0 un rythme rapide, et le casino Leo Vegas ne reste pas \u00e0 l&rsquo;\u00e9cart, offrant \u00e0 ses visiteurs de nouvelles id\u00e9es pour jouer. Le bonus sans d\u00e9p\u00f4t du casino LeoVegas est une excellente occasion de commencer \u00e0 jouer pour de l&rsquo;argent r\u00e9el, ce qui est d\u00e9crit en d\u00e9tail dans cet article.<\/p>\n<p>Pour recevoir un bonus, vous devez suivre quelques \u00e9tapes simples\u00a0:<\/p>\n<ul>\n<li>connexion aux machines \u00e0 sous LeoVegas<\/li>\n<li>Inscrivez-vous sur le site Web du casino LeoVegas.<\/li>\n<li>Acc\u00e9dez \u00e0 votre compte personnel et s\u00e9lectionnez le bouton \u00ab\u00a0Obtenir un bonus\u00a0\u00bb.<\/li>\n<li>Acceptez les termes de l&rsquo;accord et lisez la politique de bonus du casino.<\/li>\n<li>Activez le bonus et faites plusieurs paris.<\/li>\n<\/ul>\n<p>Les conditions de mise pour les fonds bonus sont x30. Les fonds gagn\u00e9s peuvent \u00eatre utilis\u00e9s pour jouer \u00e0 vos machines \u00e0 sous gratuites pr\u00e9f\u00e9r\u00e9es LeoVegas ou retirer sur une carte ou un portefeuille \u00e9lectronique.<\/p>\n<p>Le code des machines \u00e0 sous bonus LeoVegas peut \u00eatre trouv\u00e9 sur les portails d\u00e9di\u00e9s aux jeux de hasard. Il peut s&rsquo;agir de forums th\u00e9matiques, de blogs, de r\u00e9seaux sociaux et d&rsquo;autres ressources d\u00e9di\u00e9es aux jeux d&rsquo;argent.<\/p>\n<p>Le code bonus de bienvenue des machines \u00e0 sous LeoVegas peut \u00eatre fourni sous la forme d&rsquo;un code promotionnel, qui doit \u00eatre saisi dans votre compte. Il est aussi souvent appel\u00e9 un code bonus de casino.<\/p>\n<h2>Mode d\u00e9mo sans premier d\u00e9p\u00f4t<\/h2>\n<p>Le casino LeoVegas sans r\u00e9approvisionnement et sans inscription est invit\u00e9 \u00e0 jouer pour tous les utilisateurs. Le mode de jeu gratuit est la meilleure solution pour les d\u00e9butants, car sans reconstituer le solde, vous pouvez lancer vos machines \u00e0 sous pr\u00e9f\u00e9r\u00e9es.<\/p>\n<p>Le mode d\u00e9mo de test dans les machines \u00e0 sous permet d&rsquo;\u00e9tudier les r\u00e8gles, les fonctionnalit\u00e9s du jeu, les multiplicateurs pour les symboles th\u00e9matiques du tableau des gains. Pour jouer au casino LeoVegas sans argent, le joueur a besoin de :<\/p>\n<ul>\n<li>d\u00e9terminer la machine \u00e0 sous qui vous int\u00e9resse en choisissant parmi l&rsquo;assortiment sur le site ;<\/li>\n<li>cliquez sur le bouton \u00ab\u00a0D\u00e9mo\u00a0\u00bb\u00a0;<\/li>\n<li>commencez le processus de jeu sans d\u00e9p\u00f4t de machines \u00e0 sous LeoVegas.<\/li>\n<\/ul>\n<p>Vous pouvez effectuer des d\u00e9p\u00f4ts initiaux lors d&rsquo;un jeu gratuit sur LeoVegas en utilisant des cr\u00e9dits virtuels. Avant le d\u00e9but des jeux de machines \u00e0 sous LeoVegas, le joueur sera cr\u00e9dit\u00e9 de 1 000 cr\u00e9dits conditionnels. Pour r\u00e9tablir l&rsquo;offre de tentatives sur la balance, vous devez mettre \u00e0 jour la fen\u00eatre de la machine \u00e0 sous. Jouer \u00e0 LeoVegas sans contribution en esp\u00e8ces est l&rsquo;occasion de se familiariser avec les caract\u00e9ristiques de la formation des combinaisons de prix et le but de symboles sp\u00e9ciaux tels que Wild, Scatter, Bonus.<\/p>\n<div class=\"t-go\"><a href=\"\/go-casino\/?sub_id_1=Leovegas\">OBTENEZ UN BONUS<\/a><\/div>\n<h2>Machines \u00e0 sous avec bonus sans d\u00e9p\u00f4t et tours gratuits<\/h2>\n<p>Les d\u00e9p\u00f4ts sans d\u00e9p\u00f4t dans les machines \u00e0 sous LeoVegas sont le plus souvent \u00e9mis sous la forme de tours gratuits d&rsquo;une valeur sp\u00e9cifique.<\/p>\n<p>Les machines \u00e0 sous bonus sans d\u00e9p\u00f4t LeoVegas peuvent \u00eatre obtenues en respectant les conditions suivantes\u00a0:<\/p>\n<ul>\n<li>installez LeoVegas sur votre appareil ;<\/li>\n<li>S&rsquo;inscrire;<\/li>\n<li>v\u00e9rification de r\u00e9ussite\u00a0: fournir des num\u00e9risations de documents\u00a0;<\/li>\n<li>abonnez-vous au t\u00e9l\u00e9gramme.<\/li>\n<\/ul>\n<p>C&rsquo;est dans les r\u00e9seaux sociaux que les codes promotionnels pour l&rsquo;application de machines \u00e0 sous LeoVegas, donc un abonnement est un \u00e9l\u00e9ment obligatoire. Les tours gratuits et autres cadeaux dans les machines \u00e0 sous LeoVegas sont cr\u00e9dit\u00e9s dans de tels cas\u00a0:<\/p>\n<ul>\n<li>Dans la nouvelle ann\u00e9e : FS et prix sans pari : voitures, ordinateurs, ordinateurs portables, t\u00e9l\u00e9viseurs, smartphones.<\/li>\n<li>Pour anniversaire.<\/li>\n<li>Dans la distribution par e-mail.<\/li>\n<li>Calendrier : par jour de la semaine.<\/li>\n<li>Selon le programme de fid\u00e9lit\u00e9 : codes promo d&rsquo;un responsable personnel.<\/li>\n<\/ul>\n<p><img loading=\"lazy\" decoding=\"async\" class=\"wp-image-270 aligncenter\" src=\"https:\/\/leovegas-au.org\/wp-content\/uploads\/2022\/04\/Slot-Machine-300x200.jpg\" alt=\"slot machine\" width=\"681\" height=\"454\" srcset=\"https:\/\/leovegas-au.org\/wp-content\/uploads\/2022\/04\/Slot-Machine-300x200.jpg 300w, https:\/\/leovegas-au.org\/wp-content\/uploads\/2022\/04\/Slot-Machine.jpg 724w\" sizes=\"auto, (max-width: 681px) 100vw, 681px\" \/><\/p>\n<h2>FAQ : r\u00e9ponses aux questions sur le casino<\/h2>\n<ul>\n<li>LeoVegas est-il vraiment un casino avec retrait instantan\u00e9 de fonds sur une carte ?<\/li>\n<\/ul>\n<p>Le retrait de fonds sur la carte chez LeoVegas a lieu dans les cinq \u00e0 dix minutes. Le retrait instantan\u00e9 sur la carte est fourni \u00e0 un joueur qui a r\u00e9ussi \u00e0 r\u00e9pondre \u00e0 toutes les exigences, \u00e0 savoir:<\/p>\n<p>confirmation du profil cr\u00e9\u00e9 en cliquant sur le lien envoy\u00e9 par l&rsquo;administration par E-mail ;<\/p>\n<p>remplir tous les champs du formulaire d&rsquo;inscription avec des informations personnelles et de contact\u00a0;<\/p>\n<p>bonus de pari (s&rsquo;il y en avait).<\/p>\n<ul>\n<li>Est-il possible d&rsquo;obtenir un bonus d&rsquo;inscription sans d\u00e9p\u00f4t initial\u00a0?<\/li>\n<\/ul>\n<p>Non, LeoVegas Casino n&rsquo;offre pas de bonus d&rsquo;inscription. Tous les cadeaux de casino en ligne ne sont \u00e9mis qu&rsquo;apr\u00e8s le premier d\u00e9p\u00f4t.<\/p>\n<ul>\n<li>Le casino en ligne LeoVegas propose-t-il un bonus sans d\u00e9p\u00f4t pour la cr\u00e9ation d&rsquo;un compte afin qu&rsquo;il puisse \u00eatre retir\u00e9 imm\u00e9diatement ?<\/li>\n<\/ul>\n<p>Les bonus du casino LeoVegas tombent sur un compte suppl\u00e9mentaire et il n&rsquo;est vraiment possible de les retirer sur le solde principal qu&rsquo;une fois les conditions de mise remplies. Le club n&rsquo;offre pas de retrait instantan\u00e9 des bonus imm\u00e9diatement apr\u00e8s les avoir re\u00e7us. Les tours gratuits peuvent \u00eatre appel\u00e9s bonus gratuits, qui sont \u00e9mis individuellement. Le cadeau est ouvert aux joueurs ayant le statut de Junior et plus.<\/p>\n<ul>\n<li>Qu&rsquo;est-ce qu&rsquo;un pari dans un casino en ligne ?<\/li>\n<\/ul>\n<p>Une mise est le nombre de mises qui doivent \u00eatre faites avant de retirer les gains. La mise fait r\u00e9f\u00e9rence au bonus re\u00e7u et la taille de chaque pari est \u00e9gale au montant re\u00e7u en cadeau. Si la mise est x40, vous devez faire 40 paris avant que le bonus ne soit mis\u00e9.<\/p>\n","protected":false},"excerpt":{"rendered":"<p>Aujourd&rsquo;hui, le casino LeoVegas est sur toutes les l\u00e8vres, ce qui signifie que l&rsquo;\u00e9tablissement de jeux fonctionne avec succ\u00e8s, attirant de plus en plus de joueurs. Gagner en popularit\u00e9 face \u00e0 une concurrence f\u00e9roce n&rsquo;est pas une t\u00e2che pour les faibles, c&rsquo;est pourquoi LeoVegas prend en compte les d\u00e9fis de l&rsquo;\u00e9poque et s\u00e9lectionne avec soin [&hellip;]<\/p>\n","protected":false},"author":1,"featured_media":0,"parent":0,"menu_order":0,"comment_status":"closed","ping_status":"closed","template":"","meta":{"footnotes":""},"class_list":["post-263","page","type-page","status-publish","hentry"],"acf":[],"yoast_head":"<!-- This site is optimized with the Yoast SEO plugin v17.9 - https:\/\/yoast.com\/wordpress\/plugins\/seo\/ -->\n<title>Casino LeoVegas - Jouez \u00e0 vos machines \u00e0 sous pr\u00e9f\u00e9r\u00e9es<\/title>\n<meta name=\"description\" content=\"LeoVegas - Meilleur guide des machines \u00e0 sous en ligne et des jeux de casino. Jouez \u00e0 des milliers de machines \u00e0 sous gratuites et d\u00e9couvrez les meilleurs casinos\" \/>\n<meta name=\"robots\" content=\"index, follow, max-snippet:-1, max-image-preview:large, max-video-preview:-1\" \/>\n<link rel=\"canonical\" href=\"https:\/\/leovegas-au.org\/fr\/slots\/\" \/>\n<meta property=\"og:type\" content=\"article\" \/>\n<meta property=\"og:title\" content=\"Casino LeoVegas - Jouez \u00e0 vos machines \u00e0 sous pr\u00e9f\u00e9r\u00e9es\" \/>\n<meta property=\"og:description\" content=\"LeoVegas - Meilleur guide des machines \u00e0 sous en ligne et des jeux de casino. Jouez \u00e0 des milliers de machines \u00e0 sous gratuites et d\u00e9couvrez les meilleurs casinos\" \/>\n<meta property=\"og:url\" content=\"https:\/\/leovegas-au.org\/fr\/slots\/\" \/>\n<meta property=\"og:site_name\" content=\"leovegas casino\" \/>\n<meta property=\"article:modified_time\" content=\"2022-07-21T12:51:13+00:00\" \/>\n<meta property=\"og:image\" content=\"https:\/\/leovegas-au.org\/wp-content\/uploads\/2022\/04\/best-3-reel-slots-f1eaa167-300x160.jpg\" \/>\n<meta name=\"twitter:card\" content=\"summary_large_image\" \/>\n<meta name=\"twitter:label1\" content=\"Dur\u00e9e de lecture estim\u00e9e\" \/>\n\t<meta name=\"twitter:data1\" content=\"7 minutes\" \/>\n<script type=\"application\/ld+json\" class=\"yoast-schema-graph\">{\"@context\":\"https:\/\/schema.org\",\"@graph\":[{\"@type\":\"WebSite\",\"@id\":\"https:\/\/leovegas-au.org\/#website\",\"url\":\"https:\/\/leovegas-au.org\/\",\"name\":\"leovegas casino\",\"description\":\"\",\"potentialAction\":[{\"@type\":\"SearchAction\",\"target\":{\"@type\":\"EntryPoint\",\"urlTemplate\":\"https:\/\/leovegas-au.org\/?s={search_term_string}\"},\"query-input\":\"required name=search_term_string\"}],\"inLanguage\":\"fr-FR\"},{\"@type\":\"ImageObject\",\"@id\":\"https:\/\/leovegas-au.org\/fr\/slots\/#primaryimage\",\"inLanguage\":\"fr-FR\",\"url\":\"https:\/\/leovegas-au.org\/wp-content\/uploads\/2022\/04\/best-3-reel-slots-f1eaa167.jpg\",\"contentUrl\":\"https:\/\/leovegas-au.org\/wp-content\/uploads\/2022\/04\/best-3-reel-slots-f1eaa167.jpg\",\"width\":880,\"height\":470,\"caption\":\"slots\"},{\"@type\":\"WebPage\",\"@id\":\"https:\/\/leovegas-au.org\/fr\/slots\/#webpage\",\"url\":\"https:\/\/leovegas-au.org\/fr\/slots\/\",\"name\":\"Casino LeoVegas - Jouez \\u00e0 vos machines \\u00e0 sous pr\\u00e9f\\u00e9r\\u00e9es\",\"isPartOf\":{\"@id\":\"https:\/\/leovegas-au.org\/#website\"},\"primaryImageOfPage\":{\"@id\":\"https:\/\/leovegas-au.org\/fr\/slots\/#primaryimage\"},\"datePublished\":\"2022-04-25T14:42:02+00:00\",\"dateModified\":\"2022-07-21T12:51:13+00:00\",\"description\":\"LeoVegas - Meilleur guide des machines \\u00e0 sous en ligne et des jeux de casino. Jouez \\u00e0 des milliers de machines \\u00e0 sous gratuites et d\\u00e9couvrez les meilleurs casinos\",\"breadcrumb\":{\"@id\":\"https:\/\/leovegas-au.org\/fr\/slots\/#breadcrumb\"},\"inLanguage\":\"fr-FR\",\"potentialAction\":[{\"@type\":\"ReadAction\",\"target\":[\"https:\/\/leovegas-au.org\/fr\/slots\/\"]}]},{\"@type\":\"BreadcrumbList\",\"@id\":\"https:\/\/leovegas-au.org\/fr\/slots\/#breadcrumb\",\"itemListElement\":[{\"@type\":\"ListItem\",\"position\":1,\"name\":\"Home\",\"item\":\"https:\/\/leovegas-au.org\/fr\/\"},{\"@type\":\"ListItem\",\"position\":2,\"name\":\"Quelles machines \\u00e0 sous le casino LeoVegas propose-t-il?\"}]}]}<\/script>\n<!-- \/ Yoast SEO plugin. -->","yoast_head_json":{"title":"Casino LeoVegas - Jouez \u00e0 vos machines \u00e0 sous pr\u00e9f\u00e9r\u00e9es","description":"LeoVegas - Meilleur guide des machines \u00e0 sous en ligne et des jeux de casino. Jouez \u00e0 des milliers de machines \u00e0 sous gratuites et d\u00e9couvrez les meilleurs casinos","robots":{"index":"index","follow":"follow","max-snippet":"max-snippet:-1","max-image-preview":"max-image-preview:large","max-video-preview":"max-video-preview:-1"},"canonical":"https:\/\/leovegas-au.org\/fr\/slots\/","og_type":"article","og_title":"Casino LeoVegas - Jouez \u00e0 vos machines \u00e0 sous pr\u00e9f\u00e9r\u00e9es","og_description":"LeoVegas - Meilleur guide des machines \u00e0 sous en ligne et des jeux de casino. Jouez \u00e0 des milliers de machines \u00e0 sous gratuites et d\u00e9couvrez les meilleurs casinos","og_url":"https:\/\/leovegas-au.org\/fr\/slots\/","og_site_name":"leovegas casino","article_modified_time":"2022-07-21T12:51:13+00:00","og_image":[{"url":"https:\/\/leovegas-au.org\/wp-content\/uploads\/2022\/04\/best-3-reel-slots-f1eaa167-300x160.jpg"}],"twitter_card":"summary_large_image","twitter_misc":{"Dur\u00e9e de lecture estim\u00e9e":"7 minutes"},"schema":{"@context":"https:\/\/schema.org","@graph":[{"@type":"WebSite","@id":"https:\/\/leovegas-au.org\/#website","url":"https:\/\/leovegas-au.org\/","name":"leovegas casino","description":"","potentialAction":[{"@type":"SearchAction","target":{"@type":"EntryPoint","urlTemplate":"https:\/\/leovegas-au.org\/?s={search_term_string}"},"query-input":"required name=search_term_string"}],"inLanguage":"fr-FR"},{"@type":"ImageObject","@id":"https:\/\/leovegas-au.org\/fr\/slots\/#primaryimage","inLanguage":"fr-FR","url":"https:\/\/leovegas-au.org\/wp-content\/uploads\/2022\/04\/best-3-reel-slots-f1eaa167.jpg","contentUrl":"https:\/\/leovegas-au.org\/wp-content\/uploads\/2022\/04\/best-3-reel-slots-f1eaa167.jpg","width":880,"height":470,"caption":"slots"},{"@type":"WebPage","@id":"https:\/\/leovegas-au.org\/fr\/slots\/#webpage","url":"https:\/\/leovegas-au.org\/fr\/slots\/","name":"Casino LeoVegas - Jouez \u00e0 vos machines \u00e0 sous pr\u00e9f\u00e9r\u00e9es","isPartOf":{"@id":"https:\/\/leovegas-au.org\/#website"},"primaryImageOfPage":{"@id":"https:\/\/leovegas-au.org\/fr\/slots\/#primaryimage"},"datePublished":"2022-04-25T14:42:02+00:00","dateModified":"2022-07-21T12:51:13+00:00","description":"LeoVegas - Meilleur guide des machines \u00e0 sous en ligne et des jeux de casino. Jouez \u00e0 des milliers de machines \u00e0 sous gratuites et d\u00e9couvrez les meilleurs casinos","breadcrumb":{"@id":"https:\/\/leovegas-au.org\/fr\/slots\/#breadcrumb"},"inLanguage":"fr-FR","potentialAction":[{"@type":"ReadAction","target":["https:\/\/leovegas-au.org\/fr\/slots\/"]}]},{"@type":"BreadcrumbList","@id":"https:\/\/leovegas-au.org\/fr\/slots\/#breadcrumb","itemListElement":[{"@type":"ListItem","position":1,"name":"Home","item":"https:\/\/leovegas-au.org\/fr\/"},{"@type":"ListItem","position":2,"name":"Quelles machines \u00e0 sous le casino LeoVegas propose-t-il?"}]}]}},"_links":{"self":[{"href":"https:\/\/leovegas-au.org\/fr\/wp-json\/wp\/v2\/pages\/263","targetHints":{"allow":["GET"]}}],"collection":[{"href":"https:\/\/leovegas-au.org\/fr\/wp-json\/wp\/v2\/pages"}],"about":[{"href":"https:\/\/leovegas-au.org\/fr\/wp-json\/wp\/v2\/types\/page"}],"author":[{"embeddable":true,"href":"https:\/\/leovegas-au.org\/fr\/wp-json\/wp\/v2\/users\/1"}],"replies":[{"embeddable":true,"href":"https:\/\/leovegas-au.org\/fr\/wp-json\/wp\/v2\/comments?post=263"}],"version-history":[{"count":3,"href":"https:\/\/leovegas-au.org\/fr\/wp-json\/wp\/v2\/pages\/263\/revisions"}],"predecessor-version":[{"id":597,"href":"https:\/\/leovegas-au.org\/fr\/wp-json\/wp\/v2\/pages\/263\/revisions\/597"}],"wp:attachment":[{"href":"https:\/\/leovegas-au.org\/fr\/wp-json\/wp\/v2\/media?parent=263"}],"curies":[{"name":"wp","href":"https:\/\/api.w.org\/{rel}","templated":true}]}}