{"id":256,"date":"2022-01-21T14:01:07","date_gmt":"2022-01-21T14:01:07","guid":{"rendered":"https:\/\/leovegas-au.org\/games\/"},"modified":"2022-07-21T12:18:11","modified_gmt":"2022-07-21T12:18:11","slug":"games","status":"publish","type":"page","link":"https:\/\/leovegas-au.org\/fr\/games\/","title":{"rendered":"Jeux Leovegas"},"content":{"rendered":"<p>[vc_row equal_height=\u00a0\u00bbyes\u00a0\u00bb content_placement=\u00a0\u00bbmiddle\u00a0\u00bb][vc_column][vc_column_text]Le Leovegas Gambling Club est un exemple de casino en ligne progressif moderne qui a r\u00e9ussi \u00e0 attirer l&rsquo;attention des utilisateurs du Canada au cours de plusieurs ann\u00e9es d&rsquo;activit\u00e9. Les jeux de Leovegas sont pr\u00e9sent\u00e9s dans une large gamme et sont capables de satisfaire pleinement les besoins des joueurs les plus capricieux. Quels jeux sont pr\u00e9sent\u00e9s sur le site du casino, avec quels fournisseurs le portail coop\u00e8re, nous l&rsquo;examinerons dans la revue de l&rsquo;institution populaire.[\/vc_column_text][\/vc_column][\/vc_row][vc_row equal_height=\u00a0\u00bbyes\u00a0\u00bb content_placement=\u00a0\u00bbmiddle\u00a0\u00bb][vc_column][vc_column_text]<\/p>\n<h2 style=\"text-align: center;\">Quelles sont les machines \u00e0 sous propos\u00e9es par le casino Leovegas ?<\/h2>\n<p>[\/vc_column_text][\/vc_column][\/vc_row][vc_row equal_height=\u00a0\u00bbyes\u00a0\u00bb][vc_column width=\u00a0\u00bb1\/4&Prime;][vc_column_text]Les machines \u00e0 sous constituent la base du catalogue de jeux de presque tous les casinos en ligne les plus populaires. La premi\u00e8re tentative d&rsquo;introduction de machines \u00e0 sous virtuelles remonte \u00e0 1994, lorsque l&rsquo;op\u00e9rateur mondialement connu Microgaming a d\u00e9velopp\u00e9 un logiciel pour le premier casino en ligne. Depuis lors, l&rsquo;industrie du jeu s&rsquo;est consid\u00e9rablement enrichie de nouveaux clubs, et le nombre de machines \u00e0 sous est pass\u00e9 \u00e0 2 000.[\/vc_column_text][\/vc_column][vc_column width=\u00a0\u00bb1\/4&Prime;][vc_column_text]Les Pokies du casino Leovegas sont principalement destin\u00e9s aux connaisseurs des jeux mobiles. Les jeux mobiles sont l&rsquo;avenir de l&rsquo;industrie du jeu, et ce portail suit le rythme de l&rsquo;\u00e9poque. Travaillant avec une vari\u00e9t\u00e9 de fournisseurs de logiciels, y compris des marques telles que NetEnt et Microgaming, le club de jeu a une bonne r\u00e9putation, et est constamment class\u00e9 parmi le TOP des meilleurs casinos au Canada.[\/vc_column_text][\/vc_column][vc_column width=\u00a0\u00bb1\/4&Prime;][vc_column_text]Le club propose plus de 1 500 jeux de casino \u00e0 ses clients, mais la plateforme la plus populaire est le <a href=\"https:\/\/leovegas-au.org\/fr\/app\/\">casino mobile<\/a>, qui permet aux joueurs d&rsquo;activer diff\u00e9rents types de divertissement de jeu, qu&rsquo;ils jouent sur un ordinateur portable ou un smartphone.[\/vc_column_text][\/vc_column][vc_column width=\u00a0\u00bb1\/4&Prime;][vc_column_text]Le site pr\u00e9sente plus de 1 000 machines \u00e0 sous, qui diff\u00e8rent par leur volatilit\u00e9, leur m\u00e9canique de jeu et leur intrigue. Pourquoi les machines \u00e0 sous de LeoVegas sont-elles si populaires ? Le fait est que l&rsquo;\u00e9tablissement s&rsquo;est associ\u00e9 \u00e0 certains des meilleurs d\u00e9veloppeurs de logiciels de jeux et de casino pour cr\u00e9er de superbes jeux tels que les machines \u00e0 sous gratuites en ligne et le poker en ligne. Parmi les partenaires du club figurent Playtech, Red Tiger Gaming, Microgaming et d&rsquo;autres soci\u00e9t\u00e9s de d\u00e9veloppement de jeux bien connues.[\/vc_column_text][\/vc_column][\/vc_row][vc_row equal_height=\u00a0\u00bbyes\u00a0\u00bb content_placement=\u00a0\u00bbmiddle\u00a0\u00bb][vc_column width=\u00a0\u00bb1\/2&Prime;][vc_column_text]<\/p>\n<h2 style=\"text-align: center;\">Cat\u00e9gories de machines \u00e0 sous<\/h2>\n<p>Avant de commencer \u00e0 \u00e9tudier les cat\u00e9gories de machines \u00e0 sous pr\u00e9sent\u00e9es sur le site, il convient de noter \u00e0 quel point le site officiel du portail a \u00e9t\u00e9 bien d\u00e9velopp\u00e9. Toutes les options sont situ\u00e9es \u00e0 un niveau intuitif, et le moteur de recherche int\u00e9gr\u00e9 vous permet de trouver rapidement un divertissement sp\u00e9cifique par le nom du fournisseur ou le pourcentage de retour de la machine \u00e0 sous. Le site est con\u00e7u dans les meilleures traditions du jeu europ\u00e9en, il est \u00e0 la fois clair et concis. Consid\u00e9rez les principales cat\u00e9gories de divertissement:<\/p>\n<div class=\"t-go\"><a href=\"\/go-casino\/?sub_id_1=Leovegas\">OBTENEZ UN BONUS<\/a><\/div>[\/vc_column_text][\/vc_column][vc_column width=\u00a0\u00bb1\/2&Prime;][vc_single_image image=\u00a0\u00bb125&Prime; img_size=\u00a0\u00bblarge\u00a0\u00bb alignment=\u00a0\u00bbcenter\u00a0\u00bb][\/vc_column][\/vc_row][vc_row equal_height=\u00a0\u00bbyes\u00a0\u00bb content_placement=\u00a0\u00bbmiddle\u00a0\u00bb][vc_column width=\u00a0\u00bb1\/2&Prime;][vc_single_image image=\u00a0\u00bb124&Prime; img_size=\u00a0\u00bblarge\u00a0\u00bb alignment=\u00a0\u00bbcenter\u00a0\u00bb][\/vc_column][vc_column width=\u00a0\u00bb1\/2&Prime;][vc_column_text]<\/p>\n<ul>\n<li>Machines \u00e0 sous &#8211; cette section pr\u00e9sente plus de 300 vari\u00e9t\u00e9s, parmi lesquelles vous pouvez trouver les jeux cultes Tomb Raider, Mega Moolah et Gonzo&rsquo;s Quest;<\/li>\n<li>Blackjack &#8211; le site de l&rsquo;op\u00e9rateur pr\u00e9sente le blackjack europ\u00e9en et am\u00e9ricain, des jeux constitu\u00e9s de s\u00e9ries enti\u00e8res de jeux, ainsi qu&rsquo;un jeu \u00e0 un seul jeu de cartes ou le double showdown;<\/li>\n<li>Roulette &#8211; la roulette du casino Leovegas est pr\u00e9sent\u00e9e en 10 versions du jeu populaire, en particulier, les joueurs canadiens jouent souvent les versions am\u00e9ricaine et fran\u00e7aise;<\/li>\n<li>Videopoker &#8211; dans cette section, vous pouvez trouver les embl\u00e9matiques Jacks or Better ou Joker Poker, ainsi qu&rsquo;un certain nombre de divertissements avec de superbes graphiques et animations;<\/li>\n<li><a href=\"https:\/\/leovegas-au.org\/fr\/jackpot-games\/\">Jeux \u00e0 jackpot<\/a> &#8211; il existe 7 diff\u00e9rents jeux \u00e0 jackpot progressif sur le site du casino;<\/li>\n<li>Jeux avec croupier en direct &#8211; notamment le <a href=\"https:\/\/leovegas-au.org\/fr\/blackjack\/\">blackjack<\/a>, la <a href=\"https:\/\/leovegas-au.org\/fr\/roulette\/\">roulette<\/a>, le <a href=\"https:\/\/leovegas-au.org\/fr\/baccarat\/\">baccara<\/a>, qui sont diffus\u00e9s par liaison vid\u00e9o et offrent l&rsquo;atmosph\u00e8re \u00e9tonnante d&rsquo;une v\u00e9ritable salle de jeu;<\/li>\n<li>Autres &#8211; cette cat\u00e9gorie comprend tous les jeux qui ne sont pas inclus dans les autres cat\u00e9gories, il y en a plus de 20.<\/li>\n<\/ul>\n<p>[\/vc_column_text][\/vc_column][\/vc_row][vc_row equal_height=\u00a0\u00bbyes\u00a0\u00bb content_placement=\u00a0\u00bbmiddle\u00a0\u00bb][vc_column width=\u00a0\u00bb1\/2&Prime;][vc_column_text]Comme Leo Vegas Casino utilise le logiciel de soci\u00e9t\u00e9s qui proposent des jeux \u00e0 jackpot progressif, les joueurs ont la possibilit\u00e9 de gagner une somme d&rsquo;argent vraiment importante. Nous vous proposons un petit aper\u00e7u des jackpots dans les machines \u00e0 sous du fournisseur Microgaming:<\/p>\n<ul>\n<li>Mega Moolah Mega;<\/li>\n<li>King Cashalot;<\/li>\n<li>Roulette Royale;<\/li>\n<li>Major Millions.<\/li>\n<\/ul>\n<p>[\/vc_column_text][\/vc_column][vc_column width=\u00a0\u00bb1\/2&Prime;][vc_column_text]Notez que le nombre de machines \u00e0 sous augmente p\u00e9riodiquement. Avant d&rsquo;activer une machine \u00e0 sous, vous devrez d&rsquo;abord vous familiariser avec les r\u00e8gles du jeu, \u00e9tudier le symbolisme de la machine, et clarifier la disponibilit\u00e9 de tours de bonus et de symboles sp\u00e9ciaux.[\/vc_column_text][vc_single_image image=\u00a0\u00bb132&Prime; img_size=\u00a0\u00bb182&#215;110&Prime; alignment=\u00a0\u00bbcenter\u00a0\u00bb][\/vc_column][\/vc_row][vc_row equal_height=\u00a0\u00bbyes\u00a0\u00bb content_placement=\u00a0\u00bbmiddle\u00a0\u00bb][vc_column width=\u00a0\u00bb1\/2&Prime;][vc_column_text]<\/p>\n<h2 style=\"text-align: center;\">Avantages des machines \u00e0 sous Leovegas<\/h2>\n<p>Une des caract\u00e9ristiques des machines \u00e0 sous est la facilit\u00e9 de gestion et l&rsquo;accessibilit\u00e9 des r\u00e8gles du jeu. Alors que jouer \u00e0 la roulette ou au blackjack n\u00e9cessite des connaissances sp\u00e9cifiques et une exp\u00e9rience minimale, m\u00eame les d\u00e9butants peuvent activer les machines \u00e0 sous. Aujourd&rsquo;hui, presque tous les casinos virtuels proposent au moins 100 machines \u00e0 sous bien connues. Quels sont les avantages des jeux Leovegas?[\/vc_column_text][vc_column_text]Outre les jeux de casino classiques tels que les machines \u00e0 sous et la roulette en ligne, <a href=\"https:\/\/leovegas-au.org\/fr\/\">le casino LeoVegas<\/a> propose \u00e9galement des jeux populaires avec croupier en direct, o\u00f9 un v\u00e9ritable croupier interagit avec le joueur par liaison vid\u00e9o.[\/vc_column_text][\/vc_column][vc_column width=\u00a0\u00bb1\/2&Prime;][vc_column_text]<\/p>\n<ul>\n<li>Toutes les machines \u00e0 sous sont de haute qualit\u00e9, ont un bon niveau de graphisme, d&rsquo;animation et un son harmonieux;<\/li>\n<li>Les machines \u00e0 sous du casino LeoVegas sont cr\u00e9\u00e9es par les meilleurs d\u00e9veloppeurs de logiciels de jeu, en particulier Leovegas netent;<\/li>\n<li>Chaque machine \u00e0 sous est compl\u00e9t\u00e9e par des instructions d\u00e9taill\u00e9es, gr\u00e2ce auxquelles m\u00eame un d\u00e9butant pourra jouer sans probl\u00e8me aux machines \u00e0 sous imm\u00e9diatement apr\u00e8s son inscription;<\/li>\n<li>les utilisateurs ont acc\u00e8s non seulement aux machines \u00e0 sous pour de l&rsquo;argent r\u00e9el, mais aussi aux machines \u00e0 sous gratuites;<\/li>\n<li>La plupart des jeux sont compl\u00e9t\u00e9s par des tours de bonus avec la possibilit\u00e9 de gagner de l&rsquo;argent suppl\u00e9mentaire sur d\u00e9p\u00f4t et des tours gratuits;<\/li>\n<li>Leovegas rtp transf\u00e8re parfaitement l&rsquo;image sur l&rsquo;\u00e9cran d&rsquo;un moniteur de PC ou d&rsquo;un smartphone en temps r\u00e9el.<\/li>\n<\/ul>\n<p>[\/vc_column_text][\/vc_column][\/vc_row][vc_row equal_height=\u00a0\u00bbyes\u00a0\u00bb content_placement=\u00a0\u00bbmiddle\u00a0\u00bb][vc_column][vc_column_text]Outre les jeux de casino classiques tels que les machines \u00e0 sous et la roulette en ligne, le casino LeoVegas propose \u00e9galement des jeux populaires avec croupier en direct, o\u00f9 un v\u00e9ritable croupier interagit avec le joueur par liaison vid\u00e9o.[\/vc_column_text][\/vc_column][\/vc_row][vc_row equal_height=\u00a0\u00bbyes\u00a0\u00bb content_placement=\u00a0\u00bbmiddle\u00a0\u00bb][vc_column width=\u00a0\u00bb1\/2&Prime;][vc_column_text]<\/p>\n<h2 style=\"text-align: center;\">Caract\u00e9ristiques distinctives des machines \u00e0 sous vid\u00e9o<\/h2>\n<p>Les machines \u00e0 sous vid\u00e9o ont fait une v\u00e9ritable r\u00e9volution dans le monde des jeux de divertissement. Chacune d&rsquo;entre elles poss\u00e8de une intrigue originale, impliquant g\u00e9n\u00e9ralement une excursion dans le pass\u00e9 de l&rsquo;humanit\u00e9, ainsi qu&rsquo;un voyage dans des lieux lointains et myst\u00e9rieux. De v\u00e9ritables g\u00e9ants de l&rsquo;industrie du jeu (Novomatic, NetEnt, Microgaming) sont engag\u00e9s dans le d\u00e9veloppement et la production de machines \u00e0 sous vid\u00e9o. Pour ces entreprises, une r\u00e9putation irr\u00e9prochable est primordiale.[\/vc_column_text][\/vc_column][vc_column width=\u00a0\u00bb1\/2&Prime;][vc_single_image image=\u00a0\u00bb126&Prime; img_size=\u00a0\u00bblarge\u00a0\u00bb alignment=\u00a0\u00bbcenter\u00a0\u00bb][\/vc_column][\/vc_row][vc_row equal_height=\u00a0\u00bbyes\u00a0\u00bb content_placement=\u00a0\u00bbmiddle\u00a0\u00bb][vc_column width=\u00a0\u00bb1\/2&Prime;][vc_single_image image=\u00a0\u00bb129&Prime; img_size=\u00a0\u00bblarge\u00a0\u00bb alignment=\u00a0\u00bbcenter\u00a0\u00bb][\/vc_column][vc_column width=\u00a0\u00bb1\/2&Prime;][vc_column_text]Les machines \u00e0 sous vid\u00e9o sont bas\u00e9es sur un g\u00e9n\u00e9rateur de nombres al\u00e9atoires RNG. Il fournit un r\u00e9sultat du jeu 100% ind\u00e9pendant et objectif, qui est compl\u00e8tement ind\u00e9pendant de la personne. Il convient de noter que le pourcentage de retour des machines \u00e0 sous populaires de Leovegas varie entre 94 % et 99 %. Ce sont d&rsquo;excellents indicateurs qui indiquent que le joueur recevra t\u00f4t ou tard un gain bien m\u00e9rit\u00e9.<\/p>\n<div class=\"t-go\"><a href=\"\/go-casino\/?sub_id_1=Leovegas\">OBTENEZ UN BONUS<\/a><\/div>[\/vc_column_text][\/vc_column][\/vc_row][vc_row equal_height=\u00a0\u00bbyes\u00a0\u00bb content_placement=\u00a0\u00bbmiddle\u00a0\u00bb][vc_column width=\u00a0\u00bb1\/2&Prime;][vc_column_text]Il existe plusieurs classifications des machines \u00e0 sous vid\u00e9o. En fonction du nombre de rouleaux utilis\u00e9s dans la machine \u00e0 sous vid\u00e9o, on distingue les machines \u00e0 sous \u00e0 trois, cinq, sept et neuf rouleaux. Dans certains cas, vous pouvez trouver de rares variations de quatre ou six bobines virtuelles. En fonction de la disponibilit\u00e9 de certaines options, ces types de machines \u00e0 sous vid\u00e9o sont distingu\u00e9s au casino Leovegas:<\/p>\n<ul>\n<li>avec et sans jeux bonus suppl\u00e9mentaires;<\/li>\n<li>avec la possibilit\u00e9 de r\u00e9gler la rotation des bobines virtuelles;<\/li>\n<li>avec la pr\u00e9sence de fragments de dessins anim\u00e9s, de personnages populaires dans l&rsquo;intrigue;<\/li>\n<li>avec des terrains de jeu atypiques;<\/li>\n<li>avec un nombre classique ou atypique de bobines;<\/li>\n<li>avec des symboles bonus.<\/li>\n<\/ul>\n<p>[\/vc_column_text][\/vc_column][vc_column width=\u00a0\u00bb1\/2&Prime;][vc_column_text]The division of gaming machines into types is schematic, but everyone can choose a slot to their liking, and the built-in search line allows you to find a slot with certain parameters. Experts recommend that beginners, first of all, try out demo versions of games that are test. It is also worth trying your hand at games with the maximum percentage of return.[\/vc_column_text][vc_single_image image=\u00a0\u00bb128&Prime; img_size=\u00a0\u00bbmedium\u00a0\u00bb alignment=\u00a0\u00bbcenter\u00a0\u00bb][\/vc_column][\/vc_row][vc_row equal_height=\u00a0\u00bbyes\u00a0\u00bb content_placement=\u00a0\u00bbmiddle\u00a0\u00bb][vc_column][vc_column_text]<\/p>\n<h2 style=\"text-align: center;\">Jouer pour de l&rsquo;argent r\u00e9el au casino Leovegas<\/h2>\n<p>Jouer pour de l&rsquo;argent dans un casino en ligne est un voyage passionnant dans le monde de l&rsquo;excitation, qui peut non seulement donner beaucoup d&rsquo;\u00e9motions, mais aussi des cagnottes. Les utilisateurs du Canada doivent utiliser un d\u00e9p\u00f4t en euros pour les d\u00e9p\u00f4ts et les retraits. Parmi les outils de transactions financi\u00e8res, il convient de souligner les cartes MasterCard et Visa. Le portail lui-m\u00eame ne pr\u00e9l\u00e8ve pas de commission pour le transfert, mais celle-ci peut \u00eatre factur\u00e9e par l&rsquo;op\u00e9rateur de paiement. Pour jouer au poker sur Leovegas ou activer une machine \u00e0 sous de votre choix, il vous suffit de suivre la proc\u00e9dure d&rsquo;inscription et de r\u00e9approvisionner votre compte de jeu. Le jeu pour l&rsquo;argent n&rsquo;est disponible qu&rsquo;apr\u00e8s l&rsquo;inscription. Au cours de la proc\u00e9dure, vous devrez saisir votre pr\u00e9nom, votre nom, votre adresse e-mail et votre num\u00e9ro de t\u00e9l\u00e9phone portable. Ensuite, nous r\u00e9approvisionnons le compte par n&rsquo;importe quelle m\u00e9thode pratique. Le montant minimum de r\u00e9approvisionnement est de 10 euros. Leovegas est une excellente occasion d&rsquo;exp\u00e9rimenter la faveur de la Fortune et de choisir un contenu de jeu de haute qualit\u00e9 provenant des meilleurs d\u00e9veloppeurs du monde des jeux.[\/vc_column_text][\/vc_column][\/vc_row]<\/p>\n","protected":false},"excerpt":{"rendered":"<p>[vc_row equal_height=\u00a0\u00bbyes\u00a0\u00bb content_placement=\u00a0\u00bbmiddle\u00a0\u00bb][vc_column][vc_column_text]Le Leovegas Gambling Club est un exemple de casino en ligne progressif moderne qui a r\u00e9ussi \u00e0 attirer l&rsquo;attention des utilisateurs du Canada au cours de plusieurs ann\u00e9es d&rsquo;activit\u00e9. Les jeux de Leovegas sont pr\u00e9sent\u00e9s dans une large gamme et sont capables de satisfaire pleinement les besoins des joueurs les plus capricieux. Quels [&hellip;]<\/p>\n","protected":false},"author":1,"featured_media":0,"parent":0,"menu_order":0,"comment_status":"closed","ping_status":"closed","template":"","meta":{"footnotes":""},"class_list":["post-256","page","type-page","status-publish","hentry"],"acf":[],"yoast_head":"<!-- This site is optimized with the Yoast SEO plugin v17.9 - https:\/\/yoast.com\/wordpress\/plugins\/seo\/ -->\n<title>Examen des machines \u00e0 sous du casino Leo Vegas 2023<\/title>\n<meta name=\"description\" content=\"Casino Leo Vegas. Jouez aux machines \u00e0 sous pour de l&#039;argent r\u00e9el en ligne. Jouez au Canada en ligne.\" \/>\n<meta name=\"robots\" content=\"index, follow, max-snippet:-1, max-image-preview:large, max-video-preview:-1\" \/>\n<link rel=\"canonical\" href=\"https:\/\/leovegas-au.org\/fr\/games\/\" \/>\n<meta property=\"og:type\" content=\"article\" \/>\n<meta property=\"og:title\" content=\"Examen des machines \u00e0 sous du casino Leo Vegas 2023\" \/>\n<meta property=\"og:description\" content=\"Casino Leo Vegas. Jouez aux machines \u00e0 sous pour de l&#039;argent r\u00e9el en ligne. Jouez au Canada en ligne.\" \/>\n<meta property=\"og:url\" content=\"https:\/\/leovegas-au.org\/fr\/games\/\" \/>\n<meta property=\"og:site_name\" content=\"leovegas casino\" \/>\n<meta property=\"article:modified_time\" content=\"2022-07-21T12:18:11+00:00\" \/>\n<meta name=\"twitter:card\" content=\"summary_large_image\" \/>\n<meta name=\"twitter:label1\" content=\"Dur\u00e9e de lecture estim\u00e9e\" \/>\n\t<meta name=\"twitter:data1\" content=\"7 minutes\" \/>\n<script type=\"application\/ld+json\" class=\"yoast-schema-graph\">{\"@context\":\"https:\/\/schema.org\",\"@graph\":[{\"@type\":\"WebSite\",\"@id\":\"https:\/\/leovegas-au.org\/#website\",\"url\":\"https:\/\/leovegas-au.org\/\",\"name\":\"leovegas casino\",\"description\":\"\",\"potentialAction\":[{\"@type\":\"SearchAction\",\"target\":{\"@type\":\"EntryPoint\",\"urlTemplate\":\"https:\/\/leovegas-au.org\/?s={search_term_string}\"},\"query-input\":\"required name=search_term_string\"}],\"inLanguage\":\"fr-FR\"},{\"@type\":\"WebPage\",\"@id\":\"https:\/\/leovegas-au.org\/fr\/games\/#webpage\",\"url\":\"https:\/\/leovegas-au.org\/fr\/games\/\",\"name\":\"Examen des machines \\u00e0 sous du casino Leo Vegas 2023\",\"isPartOf\":{\"@id\":\"https:\/\/leovegas-au.org\/#website\"},\"datePublished\":\"2022-01-21T14:01:07+00:00\",\"dateModified\":\"2022-07-21T12:18:11+00:00\",\"description\":\"Casino Leo Vegas. Jouez aux machines \\u00e0 sous pour de l'argent r\\u00e9el en ligne. Jouez au Canada en ligne.\",\"breadcrumb\":{\"@id\":\"https:\/\/leovegas-au.org\/fr\/games\/#breadcrumb\"},\"inLanguage\":\"fr-FR\",\"potentialAction\":[{\"@type\":\"ReadAction\",\"target\":[\"https:\/\/leovegas-au.org\/fr\/games\/\"]}]},{\"@type\":\"BreadcrumbList\",\"@id\":\"https:\/\/leovegas-au.org\/fr\/games\/#breadcrumb\",\"itemListElement\":[{\"@type\":\"ListItem\",\"position\":1,\"name\":\"Home\",\"item\":\"https:\/\/leovegas-au.org\/fr\/\"},{\"@type\":\"ListItem\",\"position\":2,\"name\":\"Jeux Leovegas\"}]}]}<\/script>\n<!-- \/ Yoast SEO plugin. -->","yoast_head_json":{"title":"Examen des machines \u00e0 sous du casino Leo Vegas 2023","description":"Casino Leo Vegas. Jouez aux machines \u00e0 sous pour de l'argent r\u00e9el en ligne. Jouez au Canada en ligne.","robots":{"index":"index","follow":"follow","max-snippet":"max-snippet:-1","max-image-preview":"max-image-preview:large","max-video-preview":"max-video-preview:-1"},"canonical":"https:\/\/leovegas-au.org\/fr\/games\/","og_type":"article","og_title":"Examen des machines \u00e0 sous du casino Leo Vegas 2023","og_description":"Casino Leo Vegas. Jouez aux machines \u00e0 sous pour de l'argent r\u00e9el en ligne. Jouez au Canada en ligne.","og_url":"https:\/\/leovegas-au.org\/fr\/games\/","og_site_name":"leovegas casino","article_modified_time":"2022-07-21T12:18:11+00:00","twitter_card":"summary_large_image","twitter_misc":{"Dur\u00e9e de lecture estim\u00e9e":"7 minutes"},"schema":{"@context":"https:\/\/schema.org","@graph":[{"@type":"WebSite","@id":"https:\/\/leovegas-au.org\/#website","url":"https:\/\/leovegas-au.org\/","name":"leovegas casino","description":"","potentialAction":[{"@type":"SearchAction","target":{"@type":"EntryPoint","urlTemplate":"https:\/\/leovegas-au.org\/?s={search_term_string}"},"query-input":"required name=search_term_string"}],"inLanguage":"fr-FR"},{"@type":"WebPage","@id":"https:\/\/leovegas-au.org\/fr\/games\/#webpage","url":"https:\/\/leovegas-au.org\/fr\/games\/","name":"Examen des machines \u00e0 sous du casino Leo Vegas 2023","isPartOf":{"@id":"https:\/\/leovegas-au.org\/#website"},"datePublished":"2022-01-21T14:01:07+00:00","dateModified":"2022-07-21T12:18:11+00:00","description":"Casino Leo Vegas. Jouez aux machines \u00e0 sous pour de l'argent r\u00e9el en ligne. Jouez au Canada en ligne.","breadcrumb":{"@id":"https:\/\/leovegas-au.org\/fr\/games\/#breadcrumb"},"inLanguage":"fr-FR","potentialAction":[{"@type":"ReadAction","target":["https:\/\/leovegas-au.org\/fr\/games\/"]}]},{"@type":"BreadcrumbList","@id":"https:\/\/leovegas-au.org\/fr\/games\/#breadcrumb","itemListElement":[{"@type":"ListItem","position":1,"name":"Home","item":"https:\/\/leovegas-au.org\/fr\/"},{"@type":"ListItem","position":2,"name":"Jeux Leovegas"}]}]}},"_links":{"self":[{"href":"https:\/\/leovegas-au.org\/fr\/wp-json\/wp\/v2\/pages\/256","targetHints":{"allow":["GET"]}}],"collection":[{"href":"https:\/\/leovegas-au.org\/fr\/wp-json\/wp\/v2\/pages"}],"about":[{"href":"https:\/\/leovegas-au.org\/fr\/wp-json\/wp\/v2\/types\/page"}],"author":[{"embeddable":true,"href":"https:\/\/leovegas-au.org\/fr\/wp-json\/wp\/v2\/users\/1"}],"replies":[{"embeddable":true,"href":"https:\/\/leovegas-au.org\/fr\/wp-json\/wp\/v2\/comments?post=256"}],"version-history":[{"count":5,"href":"https:\/\/leovegas-au.org\/fr\/wp-json\/wp\/v2\/pages\/256\/revisions"}],"predecessor-version":[{"id":574,"href":"https:\/\/leovegas-au.org\/fr\/wp-json\/wp\/v2\/pages\/256\/revisions\/574"}],"wp:attachment":[{"href":"https:\/\/leovegas-au.org\/fr\/wp-json\/wp\/v2\/media?parent=256"}],"curies":[{"name":"wp","href":"https:\/\/api.w.org\/{rel}","templated":true}]}}