{"id":251,"date":"2022-01-21T14:37:20","date_gmt":"2022-01-21T14:37:20","guid":{"rendered":"https:\/\/leovegas-au.org\/free-spins\/"},"modified":"2022-07-21T12:25:46","modified_gmt":"2022-07-21T12:25:46","slug":"free-spins","status":"publish","type":"page","link":"https:\/\/leovegas-au.org\/fr\/free-spins\/","title":{"rendered":"Tours gratuits de Leovegas"},"content":{"rendered":"<p>[vc_row equal_height=\u00a0\u00bbyes\u00a0\u00bb content_placement=\u00a0\u00bbmiddle\u00a0\u00bb][vc_column][vc_column_text]Que vous soyez un joueur de casino exp\u00e9riment\u00e9 ou que vous n&rsquo;ayez que 18 ans et que vous soyez peut-\u00eatre curieux d&rsquo;en savoir plus sur le jeu virtuel, il est temps de profiter du code de tours gratuits Leovegas ou du jeu gratuit.<\/p>\n<p>Si vous appartenez \u00e0 un groupe qui a une solide exp\u00e9rience en jouant \u00e0 Leovegas, vous savez probablement exactement ce que sont les tours gratuits. Il existe de nombreuses options pour ce plaisir de casino, vous devriez donc d\u00e9couvrir par vous-m\u00eame comment fonctionnent les tours gratuits et o\u00f9 vous pouvez obtenir ces offres.[\/vc_column_text][\/vc_column][\/vc_row][vc_row equal_height=\u00a0\u00bbyes\u00a0\u00bb content_placement=\u00a0\u00bbmiddle\u00a0\u00bb][vc_column width=\u00a0\u00bb1\/2&Prime;][vc_column_text]Que sont les tours gratuits ?<\/p>\n<p>Sans surprise, en tant que d\u00e9butant, vous pourriez \u00eatre un peu confus au sujet des tours gratuits. Selon le casino, ils peuvent avoir des noms et des significations compl\u00e8tement diff\u00e9rents : certains seront donn\u00e9s en bonus de tours gratuits Leovegas, tandis que d&rsquo;autres pourront \u00eatre obtenus en effectuant un d\u00e9p\u00f4t.<\/p>\n<p>Mais tous sont en fait synonymes, et les tours gratuits sont un nom g\u00e9n\u00e9ral pour les gains de casino qui donnent au joueur une chance sur les rouleaux d&rsquo;une machine \u00e0 sous sans avoir \u00e0 investir de l&rsquo;argent dans ces tours.<\/p>\n<div class=\"t-go\"><a href=\"\/go-casino\/?sub_id_1=Leovegas\">OBTENEZ UN BONUS<\/a><\/div>[\/vc_column_text][\/vc_column][vc_column width=\u00a0\u00bb1\/2&Prime;][vc_single_image image=\u00a0\u00bb140&Prime; img_size=\u00a0\u00bblarge\u00a0\u00bb alignment=\u00a0\u00bbcenter\u00a0\u00bb][\/vc_column][\/vc_row][vc_row equal_height=\u00a0\u00bbyes\u00a0\u00bb content_placement=\u00a0\u00bbmiddle\u00a0\u00bb][vc_column width=\u00a0\u00bb1\/2&Prime;][vc_column_text]O\u00f9 obtenez-vous des tours gratuits\u00a0?<\/p>\n<p>Il existe plusieurs fa\u00e7ons d&rsquo;obtenir de nombreux tours gratuits, selon le type de bonus que vous recherchez. Derri\u00e8re la machine \u00e0 sous, vous pouvez activer ce qu&rsquo;on appelle des tours de tours gratuits ou des parchemins bonus. Une autre fa\u00e7on est que les tours proviennent directement du fournisseur de jeux, ce qui arrive souvent lorsqu&rsquo;ils organisent des tournois de jeux pour plusieurs casinos en ligne avec un seul prize pool, qui peut souvent consister en des tours gratuits Leovegas en grande quantit\u00e9.<\/p>\n<p>Les casinos en ligne regorgent d&rsquo;offres lucratives difficiles \u00e0 refuser. Les clubs de jeu virtuels ont pr\u00e9par\u00e9 un grand nombre de bonus pour le client, y compris des tours gratuits qui lui permettent de gagner de l&rsquo;argent r\u00e9el. Convainquez-vous en visitant le Casino Leovegas.[\/vc_column_text][\/vc_column][vc_column width=\u00a0\u00bb1\/2&Prime;][vc_column_text]Les tours gratuits sont \u00e9galement appel\u00e9s tours gratuits dans les jeux de casino pour lesquels vous n&rsquo;avez pas \u00e0 payer. Le <a href=\"https:\/\/leovegas-au.org\/fr\/\">casino Leovegas<\/a> offre des tours gratuits, vous n&rsquo;avez donc pas \u00e0 jouer pour des \u00e9conomies financi\u00e8res personnelles. Parfois, vous pouvez obtenir jusqu&rsquo;\u00e0 100 ou 200 tours gratuits, vous pouvez donc passer un bon moment au casino et jouer gratuitement.<\/p>\n<p>Vous pouvez obtenir des tours gratuits en r\u00e9compense ou dans le cadre de l&rsquo;action du casino. Parfois, ces tours repr\u00e9sentent \u00e9galement une fraction de l&rsquo;offre de bienvenue. Vous devez savoir que vous pouvez toujours obtenir des prix gr\u00e2ce aux tours gratuits. Ainsi, vous pouvez augmenter votre cr\u00e9dit avec des jeux de casino gratuits et devenir propri\u00e9taire de gros gains. Cependant, il se peut que les gains dans les jeux gratuits soient soumis \u00e0 certaines conditions de mise.[\/vc_column_text][\/vc_column][\/vc_row][vc_row equal_height=\u00a0\u00bbyes\u00a0\u00bb content_placement=\u00a0\u00bbmiddle\u00a0\u00bb][vc_column width=\u00a0\u00bb1\/2&Prime;][vc_column_text]Comment puis-je obtenir des tours gratuits sans d\u00e9p\u00f4t ?<\/p>\n<p>Les casinos d&rsquo;une part vous offrent la possibilit\u00e9 de tester un certain jeu sans risque, d&rsquo;autre part vous pouvez gagner de l&rsquo;argent r\u00e9el, m\u00eame si ce n&rsquo;est pas facile, car les prix des tours gratuits sont g\u00e9n\u00e9ralement consid\u00e9r\u00e9s comme des fonds bonus et donc soumis \u00e0 certaines conditions de r\u00e9ception . Pour attirer de nouveaux joueurs et garder les joueurs existants heureux, Leovegas tourne gratuitement sans d\u00e9p\u00f4t.[\/vc_column_text][\/vc_column][vc_column width=\u00a0\u00bb1\/2&Prime;][vc_single_image image=\u00a0\u00bb141&Prime; img_size=\u00a0\u00bblarge\u00a0\u00bb alignment=\u00a0\u00bbcenter\u00a0\u00bb][\/vc_column][\/vc_row][vc_row equal_height=\u00a0\u00bbyes\u00a0\u00bb content_placement=\u00a0\u00bbmiddle\u00a0\u00bb][vc_column width=\u00a0\u00bb1\/2&Prime;][vc_single_image image=\u00a0\u00bb142&Prime; img_size=\u00a0\u00bblarge\u00a0\u00bb alignment=\u00a0\u00bbcenter\u00a0\u00bb][\/vc_column][vc_column width=\u00a0\u00bb1\/2&Prime;][vc_column_text]Pour les nouveaux joueurs potentiels, il existe souvent des liens sp\u00e9ciaux vers Leovegas qui vous m\u00e8neront directement \u00e0 l&rsquo;\u00e9cran de connexion du club et vous donneront automatiquement des tours gratuits une fois votre inscription termin\u00e9e. Profitez des tours gratuits du Leovegas Club, car le casino a rassembl\u00e9 pour vous certains des meilleurs bonus du monde du jeu.<\/p>\n<div class=\"t-go\"><a href=\"\/go-casino\/?sub_id_1=Leovegas\">OBTENEZ UN BONUS<\/a><\/div>[\/vc_column_text][\/vc_column][\/vc_row][vc_row equal_height=\u00a0\u00bbyes\u00a0\u00bb content_placement=\u00a0\u00bbmiddle\u00a0\u00bb][vc_column width=\u00a0\u00bb1\/2&Prime;][vc_column_text]Les joueurs d\u00e9j\u00e0 inscrits sont r\u00e9guli\u00e8rement inform\u00e9s par e-mail, SMS ou messages contextuels sur le site Web du casino des tours gratuits sans d\u00e9p\u00f4t de Leovegas. Vous devez donc vous assurer que le casino de votre choix peut vous contacter via tous les canaux. Par exemple, vous pouvez \u00e9galement vous inscrire \u00e0 la newsletter du club. De plus, il faut agir rapidement car ces promotions sont souvent limit\u00e9es dans le temps. Si vous aimez les tours gratuits, les super tours et les m\u00e9ga tours recevront une attention particuli\u00e8re.[\/vc_column_text][\/vc_column][vc_column width=\u00a0\u00bb1\/2&Prime;][vc_single_image image=\u00a0\u00bb143&Prime; img_size=\u00a0\u00bblarge\u00a0\u00bb alignment=\u00a0\u00bbcenter\u00a0\u00bb][\/vc_column][\/vc_row][vc_row equal_height=\u00a0\u00bbyes\u00a0\u00bb content_placement=\u00a0\u00bbmiddle\u00a0\u00bb][vc_column][vc_column_text]<\/p>\n<h2>FAQ<\/h2>\n<p>[\/vc_column_text][\/vc_column][\/vc_row][vc_row equal_height=\u00a0\u00bbyes\u00a0\u00bb][vc_column width=\u00a0\u00bb1\/3&Prime;][vc_column_text]<\/p>\n<h3>Combien de tours gratuits puis-je obtenir si je ne fais pas de d\u00e9p\u00f4t?<\/h3>\n<p>Leovegas offre 20 et 50 bonus gratuits sans d\u00e9p\u00f4t. Si l&rsquo;utilisateur s&rsquo;inscrit par le biais de Bonus.ca, il obtient 50 tours gratuits et 20 tours gratuits sans d\u00e9p\u00f4t.[\/vc_column_text][\/vc_column][vc_column width=\u00a0\u00bb1\/3&Prime;][vc_column_text]<\/p>\n<h3>Puis-je retirer l&rsquo;argent du bonus?<\/h3>\n<p>Oui, mais uniquement avec une mise compl\u00e8te. 25X les mises sur les bonus de bienvenue et sans d\u00e9p\u00f4t.[\/vc_column_text][\/vc_column][vc_column width=\u00a0\u00bb1\/3&Prime;][vc_column_text]<\/p>\n<h3>Puis-je jouer \u00e0 Leovegas sur mon t\u00e9l\u00e9phone?<\/h3>\n<p>Oui, Leovegas prend en charge tous les syst\u00e8mes d&rsquo;exploitation &#8211; Android et iPhone, et <a href=\"https:\/\/leovegas-au.org\/fr\/app\/\">l&rsquo;application<\/a> mobile est enti\u00e8rement adapt\u00e9e aux diff\u00e9rents \u00e9crans de t\u00e9l\u00e9phone. Il vous suffit d&rsquo;installer l&rsquo;application, de vous connecter et vous pouvez commencer \u00e0 jouer.[\/vc_column_text][\/vc_column][\/vc_row]<\/p>\n","protected":false},"excerpt":{"rendered":"<p>[vc_row equal_height=\u00a0\u00bbyes\u00a0\u00bb content_placement=\u00a0\u00bbmiddle\u00a0\u00bb][vc_column][vc_column_text]Que vous soyez un joueur de casino exp\u00e9riment\u00e9 ou que vous n&rsquo;ayez que 18 ans et que vous soyez peut-\u00eatre curieux d&rsquo;en savoir plus sur le jeu virtuel, il est temps de profiter du code de tours gratuits Leovegas ou du jeu gratuit. Si vous appartenez \u00e0 un groupe qui a une solide [&hellip;]<\/p>\n","protected":false},"author":1,"featured_media":0,"parent":0,"menu_order":0,"comment_status":"closed","ping_status":"closed","template":"","meta":{"footnotes":""},"class_list":["post-251","page","type-page","status-publish","hentry"],"acf":[],"yoast_head":"<!-- This site is optimized with the Yoast SEO plugin v17.9 - https:\/\/yoast.com\/wordpress\/plugins\/seo\/ -->\n<title>Tours gratuits au casino en ligne Leovegas<\/title>\n<meta name=\"description\" content=\"Aper\u00e7u des tours gratuits au casino sous licence Leo Vegas. Comment les obtenir et comment les utiliser.\" \/>\n<meta name=\"robots\" content=\"index, follow, max-snippet:-1, max-image-preview:large, max-video-preview:-1\" \/>\n<link rel=\"canonical\" href=\"https:\/\/leovegas-au.org\/fr\/free-spins\/\" \/>\n<meta property=\"og:type\" content=\"article\" \/>\n<meta property=\"og:title\" content=\"Tours gratuits au casino en ligne Leovegas\" \/>\n<meta property=\"og:description\" content=\"Aper\u00e7u des tours gratuits au casino sous licence Leo Vegas. Comment les obtenir et comment les utiliser.\" \/>\n<meta property=\"og:url\" content=\"https:\/\/leovegas-au.org\/fr\/free-spins\/\" \/>\n<meta property=\"og:site_name\" content=\"leovegas casino\" \/>\n<meta property=\"article:modified_time\" content=\"2022-07-21T12:25:46+00:00\" \/>\n<meta name=\"twitter:card\" content=\"summary_large_image\" \/>\n<meta name=\"twitter:label1\" content=\"Dur\u00e9e de lecture estim\u00e9e\" \/>\n\t<meta name=\"twitter:data1\" content=\"4 minutes\" \/>\n<script type=\"application\/ld+json\" class=\"yoast-schema-graph\">{\"@context\":\"https:\/\/schema.org\",\"@graph\":[{\"@type\":\"WebSite\",\"@id\":\"https:\/\/leovegas-au.org\/#website\",\"url\":\"https:\/\/leovegas-au.org\/\",\"name\":\"leovegas casino\",\"description\":\"\",\"potentialAction\":[{\"@type\":\"SearchAction\",\"target\":{\"@type\":\"EntryPoint\",\"urlTemplate\":\"https:\/\/leovegas-au.org\/?s={search_term_string}\"},\"query-input\":\"required name=search_term_string\"}],\"inLanguage\":\"fr-FR\"},{\"@type\":\"WebPage\",\"@id\":\"https:\/\/leovegas-au.org\/fr\/free-spins\/#webpage\",\"url\":\"https:\/\/leovegas-au.org\/fr\/free-spins\/\",\"name\":\"Tours gratuits au casino en ligne Leovegas\",\"isPartOf\":{\"@id\":\"https:\/\/leovegas-au.org\/#website\"},\"datePublished\":\"2022-01-21T14:37:20+00:00\",\"dateModified\":\"2022-07-21T12:25:46+00:00\",\"description\":\"Aper\\u00e7u des tours gratuits au casino sous licence Leo Vegas. Comment les obtenir et comment les utiliser.\",\"breadcrumb\":{\"@id\":\"https:\/\/leovegas-au.org\/fr\/free-spins\/#breadcrumb\"},\"inLanguage\":\"fr-FR\",\"potentialAction\":[{\"@type\":\"ReadAction\",\"target\":[\"https:\/\/leovegas-au.org\/fr\/free-spins\/\"]}]},{\"@type\":\"BreadcrumbList\",\"@id\":\"https:\/\/leovegas-au.org\/fr\/free-spins\/#breadcrumb\",\"itemListElement\":[{\"@type\":\"ListItem\",\"position\":1,\"name\":\"Home\",\"item\":\"https:\/\/leovegas-au.org\/fr\/\"},{\"@type\":\"ListItem\",\"position\":2,\"name\":\"Tours gratuits de Leovegas\"}]}]}<\/script>\n<!-- \/ Yoast SEO plugin. -->","yoast_head_json":{"title":"Tours gratuits au casino en ligne Leovegas","description":"Aper\u00e7u des tours gratuits au casino sous licence Leo Vegas. Comment les obtenir et comment les utiliser.","robots":{"index":"index","follow":"follow","max-snippet":"max-snippet:-1","max-image-preview":"max-image-preview:large","max-video-preview":"max-video-preview:-1"},"canonical":"https:\/\/leovegas-au.org\/fr\/free-spins\/","og_type":"article","og_title":"Tours gratuits au casino en ligne Leovegas","og_description":"Aper\u00e7u des tours gratuits au casino sous licence Leo Vegas. Comment les obtenir et comment les utiliser.","og_url":"https:\/\/leovegas-au.org\/fr\/free-spins\/","og_site_name":"leovegas casino","article_modified_time":"2022-07-21T12:25:46+00:00","twitter_card":"summary_large_image","twitter_misc":{"Dur\u00e9e de lecture estim\u00e9e":"4 minutes"},"schema":{"@context":"https:\/\/schema.org","@graph":[{"@type":"WebSite","@id":"https:\/\/leovegas-au.org\/#website","url":"https:\/\/leovegas-au.org\/","name":"leovegas casino","description":"","potentialAction":[{"@type":"SearchAction","target":{"@type":"EntryPoint","urlTemplate":"https:\/\/leovegas-au.org\/?s={search_term_string}"},"query-input":"required name=search_term_string"}],"inLanguage":"fr-FR"},{"@type":"WebPage","@id":"https:\/\/leovegas-au.org\/fr\/free-spins\/#webpage","url":"https:\/\/leovegas-au.org\/fr\/free-spins\/","name":"Tours gratuits au casino en ligne Leovegas","isPartOf":{"@id":"https:\/\/leovegas-au.org\/#website"},"datePublished":"2022-01-21T14:37:20+00:00","dateModified":"2022-07-21T12:25:46+00:00","description":"Aper\u00e7u des tours gratuits au casino sous licence Leo Vegas. Comment les obtenir et comment les utiliser.","breadcrumb":{"@id":"https:\/\/leovegas-au.org\/fr\/free-spins\/#breadcrumb"},"inLanguage":"fr-FR","potentialAction":[{"@type":"ReadAction","target":["https:\/\/leovegas-au.org\/fr\/free-spins\/"]}]},{"@type":"BreadcrumbList","@id":"https:\/\/leovegas-au.org\/fr\/free-spins\/#breadcrumb","itemListElement":[{"@type":"ListItem","position":1,"name":"Home","item":"https:\/\/leovegas-au.org\/fr\/"},{"@type":"ListItem","position":2,"name":"Tours gratuits de Leovegas"}]}]}},"_links":{"self":[{"href":"https:\/\/leovegas-au.org\/fr\/wp-json\/wp\/v2\/pages\/251","targetHints":{"allow":["GET"]}}],"collection":[{"href":"https:\/\/leovegas-au.org\/fr\/wp-json\/wp\/v2\/pages"}],"about":[{"href":"https:\/\/leovegas-au.org\/fr\/wp-json\/wp\/v2\/types\/page"}],"author":[{"embeddable":true,"href":"https:\/\/leovegas-au.org\/fr\/wp-json\/wp\/v2\/users\/1"}],"replies":[{"embeddable":true,"href":"https:\/\/leovegas-au.org\/fr\/wp-json\/wp\/v2\/comments?post=251"}],"version-history":[{"count":5,"href":"https:\/\/leovegas-au.org\/fr\/wp-json\/wp\/v2\/pages\/251\/revisions"}],"predecessor-version":[{"id":576,"href":"https:\/\/leovegas-au.org\/fr\/wp-json\/wp\/v2\/pages\/251\/revisions\/576"}],"wp:attachment":[{"href":"https:\/\/leovegas-au.org\/fr\/wp-json\/wp\/v2\/media?parent=251"}],"curies":[{"name":"wp","href":"https:\/\/api.w.org\/{rel}","templated":true}]}}