{"id":246,"date":"2022-01-21T13:50:05","date_gmt":"2022-01-21T13:50:05","guid":{"rendered":"https:\/\/leovegas-au.org\/login\/"},"modified":"2022-07-19T13:59:10","modified_gmt":"2022-07-19T13:59:10","slug":"login","status":"publish","type":"page","link":"https:\/\/leovegas-au.org\/fr\/login\/","title":{"rendered":"Connexion au casino Leovegas"},"content":{"rendered":"<p>[vc_row equal_height=\u00a0\u00bbyes\u00a0\u00bb content_placement=\u00a0\u00bbmiddle\u00a0\u00bb][vc_column][vc_column_text]<a href=\"https:\/\/leovegas-au.org\/fr\/\">Leovegas casino<\/a> est une solide s\u00e9lection d&rsquo;applications de jeu qui sont disponibles pour chaque utilisateur enregistr\u00e9. La plateforme en ligne est mise \u00e0 jour tous les jours, vous ne risquez donc pas de vous ennuyer ici. La section des jeux comprend le casino standard, le poker et la roulette, mais elle est aussi dilu\u00e9e avec des nouveaut\u00e9s aux sc\u00e9narios pointus et des machines \u00e0 sous relaxantes aux graphismes triples. Plus de 2 000 jeux d&rsquo;argent <a href=\"https:\/\/leovegas-au.org\/games\/\">jeux<\/a> des fournisseurs bien connus NetEnt et Microgaming sont disponibles sur le site, de sorte que le casino Leo Vegas est attrayant pour les nouveaux utilisateurs. Ils peuvent essayer les machines \u00e0 sous en 3D, regarder des jeux en direct avec de vrais croupiers et des joueurs en direct, placer des paris instantan\u00e9s sur des cartes \u00e0 gratter, et bien plus encore. Tout cela n&rsquo;est disponible qu&rsquo;\u00e0 une seule condition : si vous enregistrez votre profil dans l&rsquo;application du casino leovegas.[\/vc_column_text][\/vc_column][\/vc_row][vc_row equal_height=\u00a0\u00bbyes\u00a0\u00bb content_placement=\u00a0\u00bbmiddle\u00a0\u00bb][vc_column width=\u00a0\u00bb1\/2&Prime;][vc_column_text]Leovegas casino, c&rsquo;est non seulement un assortiment attrayant, mais aussi un soutien loyal pendant tout le processus de jeu. Apr\u00e8s tout, la plateforme de jeu offre \u00e0 tous les nouveaux joueurs jusqu&rsquo;\u00e0 200 tours gratuits et une double augmentation du montant du d\u00e9p\u00f4t. Vous pouvez recevoir une offre de bonus depuis n&rsquo;importe quel t\u00e9l\u00e9phone portable. Si vous avez des questions, vous pouvez toujours les poser dans le chat gratuit du support technique en ligne.<\/p>\n<div class=\"t-go\"><a href=\"\/go-casino\/?sub_id_1=Leovegas\">OBTENEZ UN BONUS<\/a><\/div>[\/vc_column_text][\/vc_column][vc_column width=\u00a0\u00bb1\/2&Prime;][vc_single_image image=\u00a0\u00bb108&Prime; img_size=\u00a0\u00bblarge\u00a0\u00bb alignment=\u00a0\u00bbcenter\u00a0\u00bb][\/vc_column][\/vc_row][vc_row equal_height=\u00a0\u00bbyes\u00a0\u00bb content_placement=\u00a0\u00bbmiddle\u00a0\u00bb][vc_column][vc_column_text]<\/p>\n<h2>Comment se connecter<\/h2>\n<p>L&rsquo;entr\u00e9e au casino Leovegas s&rsquo;effectue par le site officiel ou en utilisant la version mobile. Ne confondez pas cette derni\u00e8re avec l&rsquo;application mobile, car le casino Leovegas n&rsquo;a malheureusement pas encore d\u00e9velopp\u00e9 de programme autonome. L&rsquo;interface de la version mobile est tr\u00e8s lumineuse et accrocheuse et vous procurera certainement des \u00e9motions positives. Le gamma du site est fait dans des tons dor\u00e9s-orang\u00e9s, qui donnent de la chaleur et de la convivialit\u00e9 et en m\u00eame temps ne distraient pas le joueur pendant le jeu.[\/vc_column_text][\/vc_column][\/vc_row][vc_row equal_height=\u00a0\u00bbyes\u00a0\u00bb content_placement=\u00a0\u00bbmiddle\u00a0\u00bb][vc_column][vc_column_text]En raison de restrictions territoriales, le site officiel a des noms de domaine diff\u00e9rents dans tous les pays o\u00f9 il est disponible. Le site est enti\u00e8rement adapt\u00e9 aux r\u00e9gions et traduit en plusieurs langues. L&#8217;emplacement des sections et les conditions du casino sont identiques pour chaque joueur du monde entier. Gr\u00e2ce \u00e0 sa conception, la version mobile a re\u00e7u de nombreux prix. Elle est enti\u00e8rement adapt\u00e9e \u00e0 tous les param\u00e8tres de r\u00e9solution et \u00e0 toutes les tailles d&rsquo;\u00e9cran, et prend \u00e9galement en charge tous les syst\u00e8mes d&rsquo;exploitation &#8211; iOS et Android. Tous les jeux disponibles sur le site officiel ne prennent pas en charge le mode tactile du jeu, de sorte qu&rsquo;il n&rsquo;y en a qu&rsquo;environ 600 dans l&rsquo;application.[\/vc_column_text][vc_column_text]Le syst\u00e8me de bonus est identique \u00e0 celui de la version informatique. Lors de votre inscription, vous recevez \u00e9galement un bonus sans d\u00e9p\u00f4t, un bonus de bienvenue pour 4 d\u00e9p\u00f4ts, et vous avez \u00e9galement la possibilit\u00e9 de participer \u00e0 des promotions et des tournois.[\/vc_column_text][\/vc_column][\/vc_row][vc_row equal_height=\u00a0\u00bbyes\u00a0\u00bb content_placement=\u00a0\u00bbmiddle\u00a0\u00bb][vc_column width=\u00a0\u00bb1\/2&Prime;][vc_single_image image=\u00a0\u00bb107&Prime; img_size=\u00a0\u00bblarge\u00a0\u00bb alignment=\u00a0\u00bbcenter\u00a0\u00bb][\/vc_column][vc_column width=\u00a0\u00bb1\/2&Prime;][vc_column_text]Pour vous connecter \u00e0 votre compte, vous devez enregistrer votre profil. Si vous vous inscrivez par le biais du site officiel ouvert leovegas login Canada, le programme vous demandera de saisir des donn\u00e9es personnelles en anglais. Par votre adresse IP, l&rsquo;application d\u00e9termine elle-m\u00eame l&rsquo;indicatif du pays, vous n&rsquo;aurez qu&rsquo;\u00e0 saisir un num\u00e9ro de t\u00e9l\u00e9phone. Indiquez \u00e9galement l&rsquo;adresse e-mail \u00e0 laquelle sera envoy\u00e9 le lien actif avec la confirmation de l&rsquo;inscription.[\/vc_column_text][\/vc_column][\/vc_row][vc_row equal_height=\u00a0\u00bbyes\u00a0\u00bb content_placement=\u00a0\u00bbmiddle\u00a0\u00bb][vc_column width=\u00a0\u00bb1\/2&Prime;][vc_column_text]Il est pr\u00e9f\u00e9rable de se connecter par le biais de programmes VPN ou d&rsquo;autres services proxy et de connexions ferm\u00e9es. Au moment de l&rsquo;inscription, trois bonus distincts vous seront propos\u00e9s :<\/p>\n<ul>\n<li>pour les machines \u00e0 sous;<\/li>\n<li>\u00e9v\u00e9nements en direct;<\/li>\n<li>paris sportifs<\/li>\n<\/ul>\n<p>Vous pouvez choisir l&rsquo;un des bonus \u00e9num\u00e9r\u00e9s, ou les refuser compl\u00e8tement. Suivez le lien qui se trouve dans votre e-mail. Une fois l&rsquo;activation r\u00e9ussie, vous aurez acc\u00e8s \u00e0 votre compte. Lors de vos prochaines connexions au casino Leovegas aus, vous utiliserez le login et le mot de passe que vous avez sp\u00e9cifi\u00e9s lors de votre inscription.[\/vc_column_text][\/vc_column][vc_column width=\u00a0\u00bb1\/2&Prime;][vc_single_image image=\u00a0\u00bb109&Prime; img_size=\u00a0\u00bblarge\u00a0\u00bb alignment=\u00a0\u00bbcenter\u00a0\u00bb][\/vc_column][\/vc_row][vc_row equal_height=\u00a0\u00bbyes\u00a0\u00bb content_placement=\u00a0\u00bbmiddle\u00a0\u00bb][vc_column width=\u00a0\u00bb1\/2&Prime;][vc_single_image image=\u00a0\u00bb110&Prime; img_size=\u00a0\u00bblarge\u00a0\u00bb alignment=\u00a0\u00bbcenter\u00a0\u00bb][\/vc_column][vc_column width=\u00a0\u00bb1\/2&Prime;][vc_column_text]<\/p>\n<h2>O\u00f9 puis-je trouver mon compte personnel ?<\/h2>\n<p>Apr\u00e8s votre premi\u00e8re connexion, o\u00f9 vous entrez votre nom d&rsquo;utilisateur et votre mot de passe, le programme g\u00e9n\u00e8re automatiquement des donn\u00e9es pour les connexions ult\u00e9rieures \u00e0 votre compte, par cons\u00e9quent, afin d&rsquo;acc\u00e9der \u00e0 votre compte personnel, vous devez cliquer sur l&rsquo;action \u00ab\u00a0Leovegas login\u00a0\u00bb lors du lancement de l&rsquo;application et le programme vous redirigera vers votre compte. Le menu du compte personnel est tr\u00e8s pratique, et le montant du compte principal et les bonus ajout\u00e9s sont plac\u00e9s sur la premi\u00e8re ligne du menu principal. Le passage aux autres sections s&rsquo;effectue tr\u00e8s rapidement, de la m\u00eame mani\u00e8re que le retour au compte.<\/p>\n<div class=\"t-go\"><a href=\"\/go-casino\/?sub_id_1=Leovegas\">OBTENEZ UN BONUS<\/a><\/div>[\/vc_column_text][\/vc_column][\/vc_row][vc_row equal_height=\u00a0\u00bbyes\u00a0\u00bb content_placement=\u00a0\u00bbmiddle\u00a0\u00bb][vc_column][vc_column_text]Le login du casino en ligne leovegas ne sera utilis\u00e9 que lorsque vous vous connecterez \u00e0 votre compte personnel depuis un autre appareil. Dans le menu du compte, vous disposez d&rsquo;un certain nombre de fonctions : r\u00e9approvisionner votre compte de jeu, retirer de l&rsquo;argent par le biais de syst\u00e8mes de paiement, configurer et modifier vos informations personnelles. Gr\u00e2ce \u00e0 votre compte personnel, vous pouvez voir le solde du bonus et sa date d&rsquo;expiration, ainsi que le statut des bonus.[\/vc_column_text][\/vc_column][\/vc_row][vc_row equal_height=\u00a0\u00bbyes\u00a0\u00bb content_placement=\u00a0\u00bbmiddle\u00a0\u00bb][vc_column width=\u00a0\u00bb1\/2&Prime;][vc_column_text]<\/p>\n<h2>Probl\u00e8mes de connexion<\/h2>\n<p>Le site officiel du casino leovegas \u00e9tant bloqu\u00e9 en Russie, vous ne pouvez entrer que par le site leovegas Canada. Vous pourrez vous connecter \u00e0 votre compte apr\u00e8s avoir saisi le login et le mot de passe que vous avez sp\u00e9cifi\u00e9s lors de l&rsquo;inscription. Si vous avez entr\u00e9 un login et un mot de passe dans leovegas, mais que l&rsquo;acc\u00e8s \u00e0 votre compte est toujours ferm\u00e9, il peut y avoir plusieurs raisons \u00e0 cela.[\/vc_column_text][\/vc_column][vc_column width=\u00a0\u00bb1\/2&Prime;][vc_column_text]<\/p>\n<ol>\n<li>Vous n&rsquo;avez pas activ\u00e9 les programmes proxy qui changent l&rsquo;adresse IP du joueur et lui permettent d&rsquo;acc\u00e9der au site officiel. Tout programme VPN est actif pendant un certain temps et expire apr\u00e8s un certain nombre d&rsquo;heures. Si vous jouez assez longtemps, il suffit d&rsquo;aller sur le programme proxy et de le mettre \u00e0 jour pour prolonger la validit\u00e9. Dans tous les cas, vous pouvez contacter le service d&rsquo;assistance et clarifier toutes les questions.<\/li>\n<li>La suspension du compte peut \u00eatre le fait du joueur. De nombreux joueurs cr\u00e9ent des comptes suppl\u00e9mentaires pour obtenir davantage de bonus de bienvenue. Comme leovegas offre des bonus g\u00e9n\u00e9reux, de tels cas sont assez fr\u00e9quents. Selon les conditions du casino, un seul joueur d&rsquo;une m\u00eame adresse IP peut recevoir un bonus. Si le programme d\u00e9tecte des comptes en double, il a le droit de bloquer le compte du joueur sans pouvoir y acc\u00e9der.<\/li>\n<\/ol>\n<p>[\/vc_column_text][\/vc_column][\/vc_row][vc_row equal_height=\u00a0\u00bbyes\u00a0\u00bb content_placement=\u00a0\u00bbmiddle\u00a0\u00bb][vc_column width=\u00a0\u00bb1\/2&Prime;][vc_column_text]<\/p>\n<h2>Aper\u00e7u du compte personnel<\/h2>\n<p>La connexion au casino en ligne Leovegas s&rsquo;effectue uniquement sur le site officiel, apr\u00e8s inscription. Le bouton d&rsquo;enregistrement est plac\u00e9 sur le champ principal, tout en haut, afin que vous puissiez le trouver instantan\u00e9ment. Si vous n&rsquo;enregistrez pas votre compte, vous ne pourrez pas g\u00e9rer les paiements, jouer ou regarder les matchs en direct. Au cours du processus d&rsquo;enregistrement, n&rsquo;oubliez pas d&rsquo;obtenir le bonus de bienvenue et les tours gratuits. Le compte personnel n&rsquo;a pas encore \u00e9t\u00e9 traduit en russe, vous pouvez donc utiliser un traducteur lors de l&rsquo;enregistrement et de l&rsquo;ex\u00e9cution de certaines fonctions.<\/p>\n<div class=\"t-go\"><a href=\"\/go-casino\/?sub_id_1=Leovegas\">OBTENEZ UN BONUS<\/a><\/div>[\/vc_column_text][\/vc_column][vc_column width=\u00a0\u00bb1\/2&Prime;][vc_single_image image=\u00a0\u00bb111&Prime; img_size=\u00a0\u00bblarge\u00a0\u00bb alignment=\u00a0\u00bbright\u00a0\u00bb][\/vc_column][\/vc_row][vc_row equal_height=\u00a0\u00bbyes\u00a0\u00bb content_placement=\u00a0\u00bbmiddle\u00a0\u00bb][vc_column width=\u00a0\u00bb1\/2&Prime;][vc_column_text]Les joueurs utilisent le plus souvent leovegas casino login aus, car la version mobile est tr\u00e8s demand\u00e9e en raison de sa facilit\u00e9 d&rsquo;utilisation. Elle peut \u00eatre install\u00e9e sur les syst\u00e8mes iOS et Android. L&rsquo;interface du site, et en m\u00eame temps la fonctionnalit\u00e9 du compte personnel ne change pas, la seule chose est que certaines applications qui ne sont pas adapt\u00e9es au capteur peuvent ne pas \u00eatre disponibles.[\/vc_column_text][\/vc_column][vc_column width=\u00a0\u00bb1\/2&Prime;][vc_column_text]Tous les tournois, bonus et promotions peuvent \u00eatre activ\u00e9s par le biais de votre compte personnel sur votre t\u00e9l\u00e9phone de la m\u00eame mani\u00e8re. Retirer de l&rsquo;argent via le compte personnel de la version mobile est beaucoup plus facile. Plus besoin de t\u00e9l\u00e9charger les photos des donn\u00e9es de la carte de paiement via un ordinateur, vous pouvez imm\u00e9diatement les s\u00e9lectionner dans la galerie et les t\u00e9l\u00e9charger sur votre compte pour v\u00e9rifier les paiements.[\/vc_column_text][\/vc_column][\/vc_row][vc_row equal_height=\u00a0\u00bbyes\u00a0\u00bb content_placement=\u00a0\u00bbmiddle\u00a0\u00bb][vc_column][vc_column_text]<\/p>\n<h2>Que dois-je faire si j&rsquo;ai oubli\u00e9 mon mot de passe Leovegas ?<\/h2>\n<p>Si vous saisissez le login du casino Leovegas mais que vous ne parvenez pas \u00e0 trouver le bon mot de passe, ce n&rsquo;est pas grave. Vous n&rsquo;avez pas besoin de changer votre compte et de recommencer le processus de jeu. Le programme vous permet de remplacer l&rsquo;ancien mot de passe par un nouveau en quelques minutes seulement. Suivez les \u00e9tapes suivantes pour r\u00e9cup\u00e9rer votre compte :<\/p>\n<ol>\n<li>Cliquez sur l&rsquo;action \u00ab\u00a0mot de passe oubli\u00e9\u00a0\u00bb et un champ s&rsquo;ouvrira pour que vous puissiez saisir votre adresse \u00e9lectronique.<\/li>\n<li>Saisissez l&rsquo;adresse \u00e9lectronique \u00e0 laquelle vous avez li\u00e9 votre ancien compte.<\/li>\n<li>Cliquez sur l&rsquo;action \u00ab\u00a0obtenir un nouveau mot de passe\u00a0\u00bb.<\/li>\n<li>Acc\u00e9dez maintenant \u00e0 votre courrier \u00e9lectronique, o\u00f9 vous recevrez automatiquement des instructions pour changer votre mot de passe.<\/li>\n<\/ol>\n<p>Dans les instructions, vous trouverez plusieurs options pour modifier le mot de passe. Choisissez celle qui vous convient et, en quelques minutes, votre compte sera \u00e0 nouveau ouvert et toutes les fonctions seront disponibles. Si vous avez des questions, vous pouvez toujours \u00e9crire au support en ligne et poser vos questions aux sp\u00e9cialistes.[\/vc_column_text][\/vc_column][\/vc_row]<\/p>\n","protected":false},"excerpt":{"rendered":"<p>[vc_row equal_height=\u00a0\u00bbyes\u00a0\u00bb content_placement=\u00a0\u00bbmiddle\u00a0\u00bb][vc_column][vc_column_text]Leovegas casino est une solide s\u00e9lection d&rsquo;applications de jeu qui sont disponibles pour chaque utilisateur enregistr\u00e9. La plateforme en ligne est mise \u00e0 jour tous les jours, vous ne risquez donc pas de vous ennuyer ici. La section des jeux comprend le casino standard, le poker et la roulette, mais elle est aussi [&hellip;]<\/p>\n","protected":false},"author":1,"featured_media":0,"parent":0,"menu_order":0,"comment_status":"closed","ping_status":"closed","template":"","meta":{"footnotes":""},"class_list":["post-246","page","type-page","status-publish","hentry"],"acf":[],"yoast_head":"<!-- This site is optimized with the Yoast SEO plugin v17.9 - https:\/\/yoast.com\/wordpress\/plugins\/seo\/ -->\n<title>Connectez-vous \u00e0 votre compte personnel Leovegas 2023<\/title>\n<meta name=\"description\" content=\"Instructions \u00e9tape par \u00e9tape pour entrer sur le site officiel du casino Leovegas. Jouez pour de l&#039;argent r\u00e9el et gratuitement.\" \/>\n<meta name=\"robots\" content=\"index, follow, max-snippet:-1, max-image-preview:large, max-video-preview:-1\" \/>\n<link rel=\"canonical\" href=\"https:\/\/leovegas-au.org\/fr\/login\/\" \/>\n<meta property=\"og:type\" content=\"article\" \/>\n<meta property=\"og:title\" content=\"Connectez-vous \u00e0 votre compte personnel Leovegas 2023\" \/>\n<meta property=\"og:description\" content=\"Instructions \u00e9tape par \u00e9tape pour entrer sur le site officiel du casino Leovegas. Jouez pour de l&#039;argent r\u00e9el et gratuitement.\" \/>\n<meta property=\"og:url\" content=\"https:\/\/leovegas-au.org\/fr\/login\/\" \/>\n<meta property=\"og:site_name\" content=\"leovegas casino\" \/>\n<meta property=\"article:modified_time\" content=\"2022-07-19T13:59:10+00:00\" \/>\n<meta name=\"twitter:card\" content=\"summary_large_image\" \/>\n<meta name=\"twitter:label1\" content=\"Dur\u00e9e de lecture estim\u00e9e\" \/>\n\t<meta name=\"twitter:data1\" content=\"7 minutes\" \/>\n<script type=\"application\/ld+json\" class=\"yoast-schema-graph\">{\"@context\":\"https:\/\/schema.org\",\"@graph\":[{\"@type\":\"WebSite\",\"@id\":\"https:\/\/leovegas-au.org\/#website\",\"url\":\"https:\/\/leovegas-au.org\/\",\"name\":\"leovegas casino\",\"description\":\"\",\"potentialAction\":[{\"@type\":\"SearchAction\",\"target\":{\"@type\":\"EntryPoint\",\"urlTemplate\":\"https:\/\/leovegas-au.org\/?s={search_term_string}\"},\"query-input\":\"required name=search_term_string\"}],\"inLanguage\":\"fr-FR\"},{\"@type\":\"WebPage\",\"@id\":\"https:\/\/leovegas-au.org\/fr\/login\/#webpage\",\"url\":\"https:\/\/leovegas-au.org\/fr\/login\/\",\"name\":\"Connectez-vous \\u00e0 votre compte personnel Leovegas 2023\",\"isPartOf\":{\"@id\":\"https:\/\/leovegas-au.org\/#website\"},\"datePublished\":\"2022-01-21T13:50:05+00:00\",\"dateModified\":\"2022-07-19T13:59:10+00:00\",\"description\":\"Instructions \\u00e9tape par \\u00e9tape pour entrer sur le site officiel du casino Leovegas. Jouez pour de l'argent r\\u00e9el et gratuitement.\",\"breadcrumb\":{\"@id\":\"https:\/\/leovegas-au.org\/fr\/login\/#breadcrumb\"},\"inLanguage\":\"fr-FR\",\"potentialAction\":[{\"@type\":\"ReadAction\",\"target\":[\"https:\/\/leovegas-au.org\/fr\/login\/\"]}]},{\"@type\":\"BreadcrumbList\",\"@id\":\"https:\/\/leovegas-au.org\/fr\/login\/#breadcrumb\",\"itemListElement\":[{\"@type\":\"ListItem\",\"position\":1,\"name\":\"Home\",\"item\":\"https:\/\/leovegas-au.org\/fr\/\"},{\"@type\":\"ListItem\",\"position\":2,\"name\":\"Connexion au casino Leovegas\"}]}]}<\/script>\n<!-- \/ Yoast SEO plugin. -->","yoast_head_json":{"title":"Connectez-vous \u00e0 votre compte personnel Leovegas 2023","description":"Instructions \u00e9tape par \u00e9tape pour entrer sur le site officiel du casino Leovegas. Jouez pour de l'argent r\u00e9el et gratuitement.","robots":{"index":"index","follow":"follow","max-snippet":"max-snippet:-1","max-image-preview":"max-image-preview:large","max-video-preview":"max-video-preview:-1"},"canonical":"https:\/\/leovegas-au.org\/fr\/login\/","og_type":"article","og_title":"Connectez-vous \u00e0 votre compte personnel Leovegas 2023","og_description":"Instructions \u00e9tape par \u00e9tape pour entrer sur le site officiel du casino Leovegas. Jouez pour de l'argent r\u00e9el et gratuitement.","og_url":"https:\/\/leovegas-au.org\/fr\/login\/","og_site_name":"leovegas casino","article_modified_time":"2022-07-19T13:59:10+00:00","twitter_card":"summary_large_image","twitter_misc":{"Dur\u00e9e de lecture estim\u00e9e":"7 minutes"},"schema":{"@context":"https:\/\/schema.org","@graph":[{"@type":"WebSite","@id":"https:\/\/leovegas-au.org\/#website","url":"https:\/\/leovegas-au.org\/","name":"leovegas casino","description":"","potentialAction":[{"@type":"SearchAction","target":{"@type":"EntryPoint","urlTemplate":"https:\/\/leovegas-au.org\/?s={search_term_string}"},"query-input":"required name=search_term_string"}],"inLanguage":"fr-FR"},{"@type":"WebPage","@id":"https:\/\/leovegas-au.org\/fr\/login\/#webpage","url":"https:\/\/leovegas-au.org\/fr\/login\/","name":"Connectez-vous \u00e0 votre compte personnel Leovegas 2023","isPartOf":{"@id":"https:\/\/leovegas-au.org\/#website"},"datePublished":"2022-01-21T13:50:05+00:00","dateModified":"2022-07-19T13:59:10+00:00","description":"Instructions \u00e9tape par \u00e9tape pour entrer sur le site officiel du casino Leovegas. Jouez pour de l'argent r\u00e9el et gratuitement.","breadcrumb":{"@id":"https:\/\/leovegas-au.org\/fr\/login\/#breadcrumb"},"inLanguage":"fr-FR","potentialAction":[{"@type":"ReadAction","target":["https:\/\/leovegas-au.org\/fr\/login\/"]}]},{"@type":"BreadcrumbList","@id":"https:\/\/leovegas-au.org\/fr\/login\/#breadcrumb","itemListElement":[{"@type":"ListItem","position":1,"name":"Home","item":"https:\/\/leovegas-au.org\/fr\/"},{"@type":"ListItem","position":2,"name":"Connexion au casino Leovegas"}]}]}},"_links":{"self":[{"href":"https:\/\/leovegas-au.org\/fr\/wp-json\/wp\/v2\/pages\/246","targetHints":{"allow":["GET"]}}],"collection":[{"href":"https:\/\/leovegas-au.org\/fr\/wp-json\/wp\/v2\/pages"}],"about":[{"href":"https:\/\/leovegas-au.org\/fr\/wp-json\/wp\/v2\/types\/page"}],"author":[{"embeddable":true,"href":"https:\/\/leovegas-au.org\/fr\/wp-json\/wp\/v2\/users\/1"}],"replies":[{"embeddable":true,"href":"https:\/\/leovegas-au.org\/fr\/wp-json\/wp\/v2\/comments?post=246"}],"version-history":[{"count":3,"href":"https:\/\/leovegas-au.org\/fr\/wp-json\/wp\/v2\/pages\/246\/revisions"}],"predecessor-version":[{"id":531,"href":"https:\/\/leovegas-au.org\/fr\/wp-json\/wp\/v2\/pages\/246\/revisions\/531"}],"wp:attachment":[{"href":"https:\/\/leovegas-au.org\/fr\/wp-json\/wp\/v2\/media?parent=246"}],"curies":[{"name":"wp","href":"https:\/\/api.w.org\/{rel}","templated":true}]}}