{"id":235,"date":"2022-01-21T12:47:50","date_gmt":"2022-01-21T12:47:50","guid":{"rendered":"https:\/\/leovegas-au.org\/bonus\/"},"modified":"2022-07-21T12:27:25","modified_gmt":"2022-07-21T12:27:25","slug":"bonus","status":"publish","type":"page","link":"https:\/\/leovegas-au.org\/fr\/bonus\/","title":{"rendered":"Bonus Leovegas"},"content":{"rendered":"<p>[vc_row equal_height=\u00a0\u00bbyes\u00a0\u00bb content_placement=\u00a0\u00bbmiddle\u00a0\u00bb][vc_column width=\u00a0\u00bb1\/2&Prime;][vc_column_text]LeoVegas a \u00e9t\u00e9 fond\u00e9 par une soci\u00e9t\u00e9 su\u00e9doise et est en activit\u00e9 depuis 2011. Acc\u00e8s fourni depuis les t\u00e9l\u00e9phones mobiles, au format de la version compl\u00e8te. <a href=\"https:\/\/leovegas-au.org\/fr\/games\/\">Jeux<\/a> comprennent une large s\u00e9lection de machines \u00e0 sous, de vid\u00e9o poker. Tous les utilisateurs re\u00e7oivent un bonus Leovegas, peuvent participer aux promotions et \u00e9v\u00e9nements en cours, et passer un bon moment sur le site. En 2016, un d\u00e9partement de paris a \u00e9galement fait son apparition, vous pouvez vous y rendre si vous le souhaitez. Le travail est effectu\u00e9 sur la base d&rsquo;une licence du Royaume-Uni, de Malte, qui permet l&rsquo;acc\u00e8s aux joueurs de diff\u00e9rents pays, dont le Canada.<\/p>\n<div class=\"t-go\"><a href=\"\/go-casino\/?sub_id_1=Leovegas\">OBTENEZ UN BONUS<\/a><\/div>[\/vc_column_text][\/vc_column][vc_column width=\u00a0\u00bb1\/2&Prime;][vc_single_image image=\u00a0\u00bb97&Prime; img_size=\u00a0\u00bblarge\u00a0\u00bb alignment=\u00a0\u00bbcenter\u00a0\u00bb][\/vc_column][\/vc_row][vc_row equal_height=\u00a0\u00bbyes\u00a0\u00bb content_placement=\u00a0\u00bbmiddle\u00a0\u00bb][vc_column][vc_column_text]Le design des pages est clair et la division habituelle en plusieurs sections. Le bonus du casino Leovegas est une incitation importante \u00e0 l&rsquo;inscription, car de cette fa\u00e7on, les chances d&rsquo;obtenir d&rsquo;excellents gains augmentent. Sur la ressource, les joueurs attendent les derni\u00e8res machines, y compris une abondance de machines \u00e0 sous fra\u00eeches. Dans le lobby, il est facile de choisir une cat\u00e9gorie pour toute demande, le contenu d&rsquo;un certain nombre de fabricants est pr\u00e9sent\u00e9 : Quickspin, Play&rsquo;n Go, NetEnt, Microgaming, Novomatic, etc. Le choix ravira les amateurs d&rsquo;intrigues vari\u00e9es, dans certains jeux vous pouvez utiliser des bonus, dans d&rsquo;autres vous ne pouvez faire que des paris r\u00e9els. Le divertissement dans la version d\u00e9mo est n\u00e9cessairement fourni.[\/vc_column_text][\/vc_column][\/vc_row][vc_row equal_height=\u00a0\u00bbyes\u00a0\u00bb content_placement=\u00a0\u00bbmiddle\u00a0\u00bb][vc_column width=\u00a0\u00bb1\/2&Prime;][vc_column_text]<\/p>\n<h2>Informations g\u00e9n\u00e9rales sur les bonus du casino Leovegas<\/h2>\n<p>Le programme pour encourager les utilisateurs est devenu la norme, tous les \u00e9tablissements cr\u00e9ent leurs propres offres afin de rester dans la demande. Dans ce cas, vous pouvez obtenir non seulement le bonus sans d\u00e9p\u00f4t de Leovegas, mais aussi des transferts pour des transactions, d&rsquo;autres types de cadeaux de la part de l&rsquo;administration. Une \u00e9quipe de sp\u00e9cialistes a particip\u00e9 \u00e0 l&rsquo;\u00e9laboration du syst\u00e8me et des r\u00e8gles, de sorte qu&rsquo;un juste milieu a \u00e9t\u00e9 trouv\u00e9 : la possibilit\u00e9 de gagner existe r\u00e9ellement, mais tout le monde n&rsquo;y parvient pas. Les r\u00e9sultats sont influenc\u00e9s par la chance et l&rsquo;\u00e9mission de combinaisons sur les machines \u00e0 sous. Tous travaillent sur la g\u00e9n\u00e9ration de nombres al\u00e9atoires, il n&rsquo;y a aucun doute sur l&rsquo;honn\u00eatet\u00e9 du club.[\/vc_column_text][\/vc_column][vc_column width=\u00a0\u00bb1\/2&Prime;][vc_column_text]Les donn\u00e9es d\u00e9taill\u00e9es sont disponibles sur le site dans toutes les versions, y compris lorsqu&rsquo;on utilise la version light pour les t\u00e9l\u00e9phones. Il suffit de se rendre dans la section Promotions, elle est situ\u00e9e en haut du site. Il y a beaucoup d&rsquo;offres, toutes ont leurs propres r\u00e8gles et caract\u00e9ristiques. Un code bonus Leovegas est pr\u00e9sent\u00e9, un cadeau de bienvenue est offert lors de la premi\u00e8re transaction, etc. Il est conseill\u00e9 de v\u00e9rifier la pertinence de la promotion pour les citoyens de votre pays, car toutes les offres ne seront pas pertinentes. Les utilisateurs du Canada b\u00e9n\u00e9ficient de bonnes opportunit\u00e9s. Pour ne pas manquer les promotions, il convient de s&rsquo;abonner \u00e0 la newsletter et de visiter r\u00e9guli\u00e8rement le site afin d&rsquo;\u00e9tudier les mises \u00e0 jour.[\/vc_column_text][\/vc_column][\/vc_row][vc_row equal_height=\u00a0\u00bbyes\u00a0\u00bb content_placement=\u00a0\u00bbmiddle\u00a0\u00bb][vc_column width=\u00a0\u00bb1\/2&Prime;][vc_single_image image=\u00a0\u00bb100&Prime; img_size=\u00a0\u00bblarge\u00a0\u00bb alignment=\u00a0\u00bbcenter\u00a0\u00bb][\/vc_column][vc_column width=\u00a0\u00bb1\/2&Prime;][vc_column_text]<\/p>\n<h2>Comment obtenir des bonus et des codes promo sur Leovegas Casino<\/h2>\n<p>Le code bonus Leovegas est l&rsquo;une des options les plus populaires pour gagner de l&rsquo;argent dans un \u00e9tablissement de jeu. Il est facile de recevoir de tels cadeaux, mais la proc\u00e9dure sera l\u00e9g\u00e8rement diff\u00e9rente dans chaque cas individuel.<\/p>\n<p>Pour recevoir un cadeau sans d\u00e9p\u00f4t, les \u00e9l\u00e9ments suivants sont requis :<\/p>\n<ul>\n<li>cr\u00e9er un nouveau compte (disponible pour les joueurs qui ne se sont pas encore inscrits);<\/li>\n<li>allez dans la cat\u00e9gorie \u00ab\u00a0mes offres\u00a0\u00bb;<\/li>\n<li>afficher la liste des options;<\/li>\n<li>Activez le bonus sans d\u00e9p\u00f4t de Leovegas.<\/li>\n<\/ul>\n<p>[\/vc_column_text][\/vc_column][\/vc_row][vc_row equal_height=\u00a0\u00bbyes\u00a0\u00bb content_placement=\u00a0\u00bbmiddle\u00a0\u00bb][vc_column][vc_column_text]Si vous souhaitez recevoir un cadeau de bienvenue du casino, le processus se d\u00e9roule selon le sch\u00e9ma d\u00e9crit ci-dessus. Le r\u00e9approvisionnement du compte est \u00e9galement n\u00e9cessaire, le montant minimum est indiqu\u00e9 sur le site (10 livres sterling ou \u00e9quivalent dans une autre devise). Le code bonus du casino Leovegas peut \u00eatre envoy\u00e9 personnellement au joueur en utilisant l&rsquo;adresse e-mail fournie, la distribution est possible en l&rsquo;honneur de certains \u00e9v\u00e9nements, promotions, anniversaires, etc. La publication sur des ressources th\u00e9matiques est possible.[\/vc_column_text][\/vc_column][\/vc_row][vc_row equal_height=\u00a0\u00bbyes\u00a0\u00bb content_placement=\u00a0\u00bbmiddle\u00a0\u00bb][vc_column width=\u00a0\u00bb1\/2&Prime;][vc_column_text]<\/p>\n<h2>Bonus pour le 1er d\u00e9p\u00f4t au Leovegas Casino<\/h2>\n<p>L&rsquo;une des r\u00e9compenses les plus significatives est un cadeau pour le premier d\u00e9p\u00f4t, ceci est d\u00fb \u00e0 la n\u00e9cessit\u00e9 de stimuler le d\u00e9marrage d&rsquo;un jeu payant. L&rsquo;utilisateur apprend \u00e0 utiliser des fonds r\u00e9els sans risques et obtient une excellente opportunit\u00e9 d&rsquo;augmenter son capital. Le bonus de bienvenue de Leovegas n&rsquo;est pas le seul beau cadeau du casino. Il est \u00e9galement propos\u00e9 de d\u00e9livrer un certain montant de fonds pour le premier r\u00e9approvisionnement. Au total, il est propos\u00e9 de recevoir un remboursement pour 4 r\u00e9approvisionnements (pour les d\u00e9butants). Ils sont disponibles pour les r\u00e9sidents de Suisse, Finlande, Canada, Su\u00e8de, Grande-Bretagne, Autriche.[\/vc_column_text][\/vc_column][vc_column width=\u00a0\u00bb1\/2&Prime;][vc_column_text]Lors du premier d\u00e9p\u00f4t, 200% des fonds d\u00e9pos\u00e9s sont \u00e9mis dans la limite de 50 dollars. Les r\u00e8gles de mise sont pr\u00e9sentes sur le site, ce qui vous permet de prendre en compte tous les facteurs. Le montant est pr\u00e9sent\u00e9 aux d\u00e9butants et dans le d\u00e9lai imparti, si vous rechargez apr\u00e8s quelques mois, l&rsquo;opportunit\u00e9 du cadeau sera perdue. L&rsquo;argent sera vers\u00e9 dans le solde du bonus, il faut donc parier. L&rsquo;administration se r\u00e9serve le droit de modifier les conditions de r\u00e9ception et de retrait sur le compte principal. Une mise de 40 est pr\u00e9vue, certaines machines \u00e0 sous \u00e0 d\u00e9filement sont propos\u00e9es. Le bonus de bienvenue de Leovegas est une excellente occasion d&rsquo;augmenter ses revenus et de tester les machines \u00e0 sous.[\/vc_column_text][\/vc_column][\/vc_row][vc_row equal_height=\u00a0\u00bbyes\u00a0\u00bb content_placement=\u00a0\u00bbmiddle\u00a0\u00bb][vc_column width=\u00a0\u00bb1\/2&Prime;][vc_column_text]<\/p>\n<h2>Comment obtenir des spins pour l&rsquo;inscription au Leovegas Casino<\/h2>\n<p>Sur le site, d\u00e8s le d\u00e9but du jeu, vous pouvez recevoir des cadeaux attrayants, notamment le code bonus du casino Leovegas. Les spins pour avoir compl\u00e9t\u00e9 le processus d&rsquo;inscription sont g\u00e9n\u00e9ralement d\u00e9sign\u00e9s comme une cat\u00e9gorie sans d\u00e9p\u00f4t. Dans ce cas, les joueurs obtiennent 20 spins sans avoir \u00e0 payer. Vous devez les utiliser dans le c\u00e9l\u00e8bre jeu de machines \u00e0 sous : Play&rsquo;n GO Rich Wilde and the Book of Dead. Propos\u00e9s uniquement pour attirer les nouveaux arrivants, les utilisateurs r\u00e9guliers peuvent compter sur un programme de fid\u00e9lit\u00e9 et des \u00e9v\u00e9nements th\u00e9matiques r\u00e9guliers.[\/vc_column_text][\/vc_column][vc_column width=\u00a0\u00bb1\/2&Prime;][vc_single_image image=\u00a0\u00bb101&Prime; img_size=\u00a0\u00bblarge\u00a0\u00bb alignment=\u00a0\u00bbcenter\u00a0\u00bb][\/vc_column][\/vc_row][vc_row equal_height=\u00a0\u00bbyes\u00a0\u00bb content_placement=\u00a0\u00bbmiddle\u00a0\u00bb][vc_column width=\u00a0\u00bb1\/2&Prime;][vc_single_image image=\u00a0\u00bb98&Prime; img_size=\u00a0\u00bblarge\u00a0\u00bb alignment=\u00a0\u00bbcenter\u00a0\u00bb][\/vc_column][vc_column width=\u00a0\u00bb1\/2&Prime;][vc_column_text]Pour recevoir des <a href=\"https:\/\/leovegas-au.org\/fr\/free-spins\/\">tours gratuits<\/a>, vous devez vous rendre dans la section \u00ab\u00a0Mes offres\u00a0\u00bb, qui est disponible apr\u00e8s l&rsquo;inscription. L&rsquo;\u00e9tape suivante consiste \u00e0 accepter l&rsquo;offre. Cette action simple dispose de 14 jours \u00e0 compter de la date du compte. Un petit montant est donn\u00e9, vous permettant de jouer aux machines \u00e0 sous aux frais du casino. Le montant re\u00e7u sera sur le compte bonus, puis vous devez miser 35 fois. Tous les pays ne participent pas \u00e0 la promotion, il vaut donc la peine de v\u00e9rifier cette possibilit\u00e9 ou de clarifier cette question dans le chat pour soutenir les joueurs.<\/p>\n<div class=\"t-go\"><a href=\"\/go-casino\/?sub_id_1=Leovegas\">OBTENEZ UN BONUS<\/a><\/div>[\/vc_column_text][\/vc_column][\/vc_row][vc_row equal_height=\u00a0\u00bbyes\u00a0\u00bb content_placement=\u00a0\u00bbmiddle\u00a0\u00bb][vc_column width=\u00a0\u00bb1\/2&Prime;][vc_column_text]<\/p>\n<h2>Quels sont les autres codes promotionnels et bonus du Leovegas Casino et comment fonctionnent-ils ?<\/h2>\n<p>Le bonus du casino Leovegas n&rsquo;est pas offert de fa\u00e7on permanente, il y a pas mal d&rsquo;autres offres. Les codes promotionnels sont un ajout, le plus souvent ils sont \u00e9mis pour r\u00e9approvisionner un compte pendant la p\u00e9riode des promotions saisonni\u00e8res. Vous pouvez trouver des combinaisons sur les sites partenaires, dans la ressource officielle et sur les bulletins d&rsquo;information. La combinaison est saisie dans une fen\u00eatre sp\u00e9ciale. Il est important d&rsquo;utiliser le code le plus t\u00f4t possible, car il y a toujours des restrictions sur le moment et le nombre de cadeaux pour les utilisateurs du casino. Il existe \u00e9galement un programme qui vous permet de recevoir des rotations pour r\u00e9approvisionner un compte \u00e0 partir de 10 livres et le montant \u00e9quivalent en dollars ou autres devises.[\/vc_column_text][\/vc_column][vc_column width=\u00a0\u00bb1\/2&Prime;][vc_single_image image=\u00a0\u00bb99&Prime; img_size=\u00a0\u00bblarge\u00a0\u00bb alignment=\u00a0\u00bbcenter\u00a0\u00bb][\/vc_column][\/vc_row][vc_row equal_height=\u00a0\u00bbyes\u00a0\u00bb content_placement=\u00a0\u00bbmiddle\u00a0\u00bb][vc_column][vc_column_text]Les bonus de Leovegas ne comprennent pas seulement un cadeau pour la premi\u00e8re transaction, des bonus sont \u00e9galement pr\u00e9vus pour les transferts ult\u00e9rieurs :<\/p>\n<ul>\n<li>pour le 2\u00e8me r\u00e9approvisionnement jusqu&rsquo;\u00e0 150 dollars &#8211; 50% du montant ;<\/li>\n<li>pour 3 transferts jusqu&rsquo;\u00e0 200 dollars &#8211; 50% de la transaction ;<\/li>\n<li>Pour le 4\u00e8me r\u00e9approvisionnement jusqu&rsquo;\u00e0 300 dollars &#8211; 25% du montant.<\/li>\n<\/ul>\n<p>[\/vc_column_text][\/vc_column][\/vc_row][vc_row equal_height=\u00a0\u00bbyes\u00a0\u00bb content_placement=\u00a0\u00bbmiddle\u00a0\u00bb][vc_column][vc_column_text]<\/p>\n<h2>Comment retirer ses gains ?<\/h2>\n<p>Actuellement, la commodit\u00e9 des transactions est assur\u00e9e pour les joueurs de diff\u00e9rents pays, notamment le Royaume-Uni, le Canada et les \u00c9tats-Unis. Il existe de nombreuses m\u00e9thodes de paiement, elles d\u00e9pendent du pays de r\u00e9sidence. Le d\u00e9p\u00f4t minimum est de 10 dollars, ce qui convient \u00e0 tous les utilisateurs et leur permet de choisir eux-m\u00eames la taille des paris. Pour recevoir de l&rsquo;argent, vous devez avoir au moins 20 dollars sur votre compte.[\/vc_column_text][\/vc_column][\/vc_row][vc_row equal_height=\u00a0\u00bbyes\u00a0\u00bb content_placement=\u00a0\u00bbmiddle\u00a0\u00bb][vc_column width=\u00a0\u00bb1\/2&Prime;][vc_single_image image=\u00a0\u00bb102&Prime; img_size=\u00a0\u00bblarge\u00a0\u00bb alignment=\u00a0\u00bbcenter\u00a0\u00bb][\/vc_column][vc_column width=\u00a0\u00bb1\/2&Prime;][vc_column_text]Available methods:<\/p>\n<ul>\n<li>Trustly;<\/li>\n<li>Klarna \/ Sofort\u00fcberweisung;<\/li>\n<li>Paysafecard;<\/li>\n<li>Skrill;<\/li>\n<li>Visa, MasterCard;<\/li>\n<li>Paysafecard;<\/li>\n<li>Neteller;<\/li>\n<li>MuchBetter;<\/li>\n<li>ApplePay;<\/li>\n<li>PayPal;<\/li>\n<li>bank transfers.<\/li>\n<\/ul>\n<p>[\/vc_column_text][\/vc_column][\/vc_row][vc_row equal_height=\u00a0\u00bbyes\u00a0\u00bb content_placement=\u00a0\u00bbmiddle\u00a0\u00bb][vc_column][vc_column_text]Le casino ne facture pas de frais suppl\u00e9mentaires pour les d\u00e9p\u00f4ts et les retraits, la dur\u00e9e du cr\u00e9dit d\u00e9pend de la m\u00e9thode choisie. Les paiements num\u00e9riques sont effectu\u00e9s dans les 24 heures, dans de rares cas il y a des retards. La plupart du temps, le temps d&rsquo;attente est beaucoup plus court. Les virements bancaires peuvent prendre jusqu&rsquo;\u00e0 5 jours, mais dans certaines situations, les fonds arrivent dans un d\u00e9lai beaucoup plus court. Pour retirer, vous devez regagner les bonus et cadeaux disponibles, compl\u00e9ter l&rsquo;inscription, confirmer le t\u00e9l\u00e9phone et passer par la v\u00e9rification. En cas de probl\u00e8me, vous devez \u00e9crire au chat ou \u00e0 l&rsquo;adresse \u00e9lectronique indiqu\u00e9e sur le site pour contacter l&rsquo;administration.[\/vc_column_text][\/vc_column][\/vc_row]<\/p>\n","protected":false},"excerpt":{"rendered":"<p>[vc_row equal_height=\u00a0\u00bbyes\u00a0\u00bb content_placement=\u00a0\u00bbmiddle\u00a0\u00bb][vc_column width=\u00a0\u00bb1\/2&Prime;][vc_column_text]LeoVegas a \u00e9t\u00e9 fond\u00e9 par une soci\u00e9t\u00e9 su\u00e9doise et est en activit\u00e9 depuis 2011. Acc\u00e8s fourni depuis les t\u00e9l\u00e9phones mobiles, au format de la version compl\u00e8te. Jeux comprennent une large s\u00e9lection de machines \u00e0 sous, de vid\u00e9o poker. Tous les utilisateurs re\u00e7oivent un bonus Leovegas, peuvent participer aux promotions et \u00e9v\u00e9nements en [&hellip;]<\/p>\n","protected":false},"author":1,"featured_media":0,"parent":0,"menu_order":0,"comment_status":"closed","ping_status":"closed","template":"","meta":{"footnotes":""},"class_list":["post-235","page","type-page","status-publish","hentry"],"acf":[],"yoast_head":"<!-- This site is optimized with the Yoast SEO plugin v17.9 - https:\/\/yoast.com\/wordpress\/plugins\/seo\/ -->\n<title>Revue des bonus du casino Leo Vegas 2023<\/title>\n<meta name=\"description\" content=\"Aper\u00e7u de la gamme de bonus du casino Leo Vegas. Comment les obtenir et les utiliser sur le site officiel du casino.\" \/>\n<meta name=\"robots\" content=\"index, follow, max-snippet:-1, max-image-preview:large, max-video-preview:-1\" \/>\n<link rel=\"canonical\" href=\"https:\/\/leovegas-au.org\/fr\/bonus\/\" \/>\n<meta property=\"og:type\" content=\"article\" \/>\n<meta property=\"og:title\" content=\"Revue des bonus du casino Leo Vegas 2023\" \/>\n<meta property=\"og:description\" content=\"Aper\u00e7u de la gamme de bonus du casino Leo Vegas. Comment les obtenir et les utiliser sur le site officiel du casino.\" \/>\n<meta property=\"og:url\" content=\"https:\/\/leovegas-au.org\/fr\/bonus\/\" \/>\n<meta property=\"og:site_name\" content=\"leovegas casino\" \/>\n<meta property=\"article:modified_time\" content=\"2022-07-21T12:27:25+00:00\" \/>\n<meta name=\"twitter:card\" content=\"summary_large_image\" \/>\n<meta name=\"twitter:label1\" content=\"Dur\u00e9e de lecture estim\u00e9e\" \/>\n\t<meta name=\"twitter:data1\" content=\"7 minutes\" \/>\n<script type=\"application\/ld+json\" class=\"yoast-schema-graph\">{\"@context\":\"https:\/\/schema.org\",\"@graph\":[{\"@type\":\"WebSite\",\"@id\":\"https:\/\/leovegas-au.org\/#website\",\"url\":\"https:\/\/leovegas-au.org\/\",\"name\":\"leovegas casino\",\"description\":\"\",\"potentialAction\":[{\"@type\":\"SearchAction\",\"target\":{\"@type\":\"EntryPoint\",\"urlTemplate\":\"https:\/\/leovegas-au.org\/?s={search_term_string}\"},\"query-input\":\"required name=search_term_string\"}],\"inLanguage\":\"fr-FR\"},{\"@type\":\"WebPage\",\"@id\":\"https:\/\/leovegas-au.org\/fr\/bonus\/#webpage\",\"url\":\"https:\/\/leovegas-au.org\/fr\/bonus\/\",\"name\":\"Revue des bonus du casino Leo Vegas 2023\",\"isPartOf\":{\"@id\":\"https:\/\/leovegas-au.org\/#website\"},\"datePublished\":\"2022-01-21T12:47:50+00:00\",\"dateModified\":\"2022-07-21T12:27:25+00:00\",\"description\":\"Aper\\u00e7u de la gamme de bonus du casino Leo Vegas. Comment les obtenir et les utiliser sur le site officiel du casino.\",\"breadcrumb\":{\"@id\":\"https:\/\/leovegas-au.org\/fr\/bonus\/#breadcrumb\"},\"inLanguage\":\"fr-FR\",\"potentialAction\":[{\"@type\":\"ReadAction\",\"target\":[\"https:\/\/leovegas-au.org\/fr\/bonus\/\"]}]},{\"@type\":\"BreadcrumbList\",\"@id\":\"https:\/\/leovegas-au.org\/fr\/bonus\/#breadcrumb\",\"itemListElement\":[{\"@type\":\"ListItem\",\"position\":1,\"name\":\"Home\",\"item\":\"https:\/\/leovegas-au.org\/fr\/\"},{\"@type\":\"ListItem\",\"position\":2,\"name\":\"Bonus Leovegas\"}]}]}<\/script>\n<!-- \/ Yoast SEO plugin. -->","yoast_head_json":{"title":"Revue des bonus du casino Leo Vegas 2023","description":"Aper\u00e7u de la gamme de bonus du casino Leo Vegas. Comment les obtenir et les utiliser sur le site officiel du casino.","robots":{"index":"index","follow":"follow","max-snippet":"max-snippet:-1","max-image-preview":"max-image-preview:large","max-video-preview":"max-video-preview:-1"},"canonical":"https:\/\/leovegas-au.org\/fr\/bonus\/","og_type":"article","og_title":"Revue des bonus du casino Leo Vegas 2023","og_description":"Aper\u00e7u de la gamme de bonus du casino Leo Vegas. Comment les obtenir et les utiliser sur le site officiel du casino.","og_url":"https:\/\/leovegas-au.org\/fr\/bonus\/","og_site_name":"leovegas casino","article_modified_time":"2022-07-21T12:27:25+00:00","twitter_card":"summary_large_image","twitter_misc":{"Dur\u00e9e de lecture estim\u00e9e":"7 minutes"},"schema":{"@context":"https:\/\/schema.org","@graph":[{"@type":"WebSite","@id":"https:\/\/leovegas-au.org\/#website","url":"https:\/\/leovegas-au.org\/","name":"leovegas casino","description":"","potentialAction":[{"@type":"SearchAction","target":{"@type":"EntryPoint","urlTemplate":"https:\/\/leovegas-au.org\/?s={search_term_string}"},"query-input":"required name=search_term_string"}],"inLanguage":"fr-FR"},{"@type":"WebPage","@id":"https:\/\/leovegas-au.org\/fr\/bonus\/#webpage","url":"https:\/\/leovegas-au.org\/fr\/bonus\/","name":"Revue des bonus du casino Leo Vegas 2023","isPartOf":{"@id":"https:\/\/leovegas-au.org\/#website"},"datePublished":"2022-01-21T12:47:50+00:00","dateModified":"2022-07-21T12:27:25+00:00","description":"Aper\u00e7u de la gamme de bonus du casino Leo Vegas. Comment les obtenir et les utiliser sur le site officiel du casino.","breadcrumb":{"@id":"https:\/\/leovegas-au.org\/fr\/bonus\/#breadcrumb"},"inLanguage":"fr-FR","potentialAction":[{"@type":"ReadAction","target":["https:\/\/leovegas-au.org\/fr\/bonus\/"]}]},{"@type":"BreadcrumbList","@id":"https:\/\/leovegas-au.org\/fr\/bonus\/#breadcrumb","itemListElement":[{"@type":"ListItem","position":1,"name":"Home","item":"https:\/\/leovegas-au.org\/fr\/"},{"@type":"ListItem","position":2,"name":"Bonus Leovegas"}]}]}},"_links":{"self":[{"href":"https:\/\/leovegas-au.org\/fr\/wp-json\/wp\/v2\/pages\/235","targetHints":{"allow":["GET"]}}],"collection":[{"href":"https:\/\/leovegas-au.org\/fr\/wp-json\/wp\/v2\/pages"}],"about":[{"href":"https:\/\/leovegas-au.org\/fr\/wp-json\/wp\/v2\/types\/page"}],"author":[{"embeddable":true,"href":"https:\/\/leovegas-au.org\/fr\/wp-json\/wp\/v2\/users\/1"}],"replies":[{"embeddable":true,"href":"https:\/\/leovegas-au.org\/fr\/wp-json\/wp\/v2\/comments?post=235"}],"version-history":[{"count":4,"href":"https:\/\/leovegas-au.org\/fr\/wp-json\/wp\/v2\/pages\/235\/revisions"}],"predecessor-version":[{"id":578,"href":"https:\/\/leovegas-au.org\/fr\/wp-json\/wp\/v2\/pages\/235\/revisions\/578"}],"wp:attachment":[{"href":"https:\/\/leovegas-au.org\/fr\/wp-json\/wp\/v2\/media?parent=235"}],"curies":[{"name":"wp","href":"https:\/\/api.w.org\/{rel}","templated":true}]}}