{"id":222,"date":"2022-01-21T12:25:49","date_gmt":"2022-01-21T12:25:49","guid":{"rendered":"https:\/\/leovegas-au.org\/app\/"},"modified":"2022-08-03T15:45:58","modified_gmt":"2022-08-03T15:45:58","slug":"app","status":"publish","type":"page","link":"https:\/\/leovegas-au.org\/fr\/app\/","title":{"rendered":"Application Leovegas : comment t\u00e9l\u00e9charger et installer, avantages, jeux"},"content":{"rendered":"<p>[vc_row equal_height=\u00a0\u00bbyes\u00a0\u00bb content_placement=\u00a0\u00bbmiddle\u00a0\u00bb][vc_column width=\u00a0\u00bb1\/2&Prime;][vc_column_text]<a href=\"https:\/\/leovegas-au.org\/fr\/\">Leovegas casino<\/a> est l&rsquo;un des plus populaires et des plus demand\u00e9s par les joueurs canadiens. Une \u00e9norme vari\u00e9t\u00e9 de jeux pr\u00e9sent\u00e9s dans les graphismes les plus brillants et des machines \u00e0 sous avec d&rsquo;excellents effets sp\u00e9ciaux, la possibilit\u00e9 de parier sur la Roulette, le Blackjack et d&rsquo;autres jeux de table \/ <a href=\"https:\/\/leovegas-au.org\/fr\/card-games\/\">cartes<\/a> en direct ne sont qu&rsquo;une petite partie des avantages qui sont offerts aux joueurs du club. Afin de profiter au maximum du jeu et de ne pas d\u00e9pendre de l&rsquo;endroit o\u00f9 l&rsquo;on se trouve, il est recommand\u00e9 de t\u00e9l\u00e9charger l&rsquo;application Leovegas, avec laquelle vous pourrez jouer partout et \u00e0 tout moment.<\/p>\n<div class=\"t-go\"><a href=\"\/go-casino\/?sub_id_1=Leovegas\">OBTENEZ UN BONUS<\/a><\/div>[\/vc_column_text][\/vc_column][vc_column width=\u00a0\u00bb1\/2&Prime;][vc_single_image image=\u00a0\u00bb88&Prime; img_size=\u00a0\u00bblarge\u00a0\u00bb alignment=\u00a0\u00bbcenter\u00a0\u00bb][\/vc_column][\/vc_row][vc_row equal_height=\u00a0\u00bbyes\u00a0\u00bb content_placement=\u00a0\u00bbmiddle\u00a0\u00bb][vc_column width=\u00a0\u00bb1\/2&Prime;][vc_column_text]<\/p>\n<h2>Comment t\u00e9l\u00e9charger l&rsquo;application Leovegas ?<\/h2>\n<p>Vous devez t\u00e9l\u00e9charger l&rsquo;application exclusivement \u00e0 partir du site officiel de l&rsquo;entreprise. Vous pouvez utiliser les liens des sites partenaires v\u00e9rifi\u00e9s. Il est important de rechercher une licence. Si le portail est infect\u00e9 par des virus, vous t\u00e9l\u00e9chargerez avec l&rsquo;application des fichiers malveillants qui affecteront n\u00e9gativement le fonctionnement du logiciel du smartphone.<\/p>\n<p>Instructions \u00e9tape par \u00e9tape, comment t\u00e9l\u00e9charger l&rsquo;application <a href=\"https:\/\/leovegas-au.org\/fr\/android\/\">Android<\/a> Leovegas :[\/vc_column_text][\/vc_column][vc_column width=\u00a0\u00bb1\/2&Prime;][vc_column_text]<\/p>\n<ol>\n<li>Ouvrez la page officielle du casino sous licence LeoVegas.<\/li>\n<li>Trouvez la cat\u00e9gorie MOBILE et cliquez sur le bouton DOWNLOAD.<\/li>\n<li>Les fichiers seront t\u00e9l\u00e9charg\u00e9s sur votre smartphone \/ tablette.<\/li>\n<li>Apr\u00e8s le t\u00e9l\u00e9chargement, l&rsquo;apk doit \u00eatre install\u00e9.<\/li>\n<li>Red\u00e9marrez votre smartphone.<\/li>\n<li>Cr\u00e9ez une ic\u00f4ne sur l&rsquo;\u00e9cran principal.<\/li>\n<li>Connectez-vous avec votre compte et profitez du jeu !<\/li>\n<\/ol>\n<p>[\/vc_column_text][\/vc_column][\/vc_row][vc_row equal_height=\u00a0\u00bbyes\u00a0\u00bb content_placement=\u00a0\u00bbmiddle\u00a0\u00bb][vc_column width=\u00a0\u00bb1\/2&Prime;][vc_column_text]Important ! Il est interdit de dupliquer les comptes. La connexion depuis un smartphone ou une tablette doit se faire en utilisant la combinaison pseudo + mot de passe que chaque joueur canadien utilise pour se connecter depuis un ordinateur professionnel. Le login pour le profil avec mobile ou PC est le m\u00eame. Si l&rsquo;administration voit que vous avez cr\u00e9\u00e9 plusieurs comptes (les profils sont mod\u00e9r\u00e9s), ils seront tous bloqu\u00e9s.[\/vc_column_text][\/vc_column][vc_column width=\u00a0\u00bb1\/2&Prime;][vc_single_image image=\u00a0\u00bb89&Prime; img_size=\u00a0\u00bblarge\u00a0\u00bb alignment=\u00a0\u00bbcenter\u00a0\u00bb][\/vc_column][\/vc_row][vc_row equal_height=\u00a0\u00bbyes\u00a0\u00bb content_placement=\u00a0\u00bbmiddle\u00a0\u00bb][vc_column width=\u00a0\u00bb1\/2&Prime;][vc_column_text]Suivez les recommandations suivantes pour le t\u00e9l\u00e9chargement de Leovegas :<\/p>\n<ol>\n<li>Assurez-vous que votre t\u00e9l\u00e9phone dispose de suffisamment d&rsquo;espace pour t\u00e9l\u00e9charger les m\u00e9gaoctets suppl\u00e9mentaires. Si la m\u00e9moire est faible, videz le cache.<\/li>\n<li>Commencez \u00e0 t\u00e9l\u00e9charger les fichiers depuis le site officiel.<\/li>\n<li>Attendez que le processus soit termin\u00e9.<\/li>\n<li>Lorsque les fichiers apk sont t\u00e9l\u00e9charg\u00e9s, cliquez sur FINISH.<\/li>\n<\/ol>\n<p>Pr\u00eat ! Les fichiers t\u00e9l\u00e9charg\u00e9s se trouvent sur votre smartphone. Il faut maintenant les d\u00e9compresser et les installer.[\/vc_column_text][\/vc_column][vc_column width=\u00a0\u00bb1\/2&Prime;][vc_column_text]Une courte instruction, comment installer les fichiers Android t\u00e9l\u00e9charg\u00e9s de l&rsquo;application Leovegas :<\/p>\n<ol>\n<li>Ouvrez les fichiers t\u00e9l\u00e9charg\u00e9s et cliquez sur le bouton INSTALLER.<\/li>\n<li>Choisissez un endroit sur le t\u00e9l\u00e9phone o\u00f9 les fichiers seront stock\u00e9s.<\/li>\n<li>En attendant que le processus se termine.<\/li>\n<li>Cliquez sur OK.<\/li>\n<\/ol>\n<p>C&rsquo;est pr\u00eat ! Il ne reste plus qu&rsquo;\u00e0 cr\u00e9er une ic\u00f4ne sur l&rsquo;\u00e9cran d&rsquo;accueil pour permettre un acc\u00e8s rapide et facile aux jeux et aux bonus.[\/vc_column_text][\/vc_column][\/vc_row][vc_row equal_height=\u00a0\u00bbyes\u00a0\u00bb content_placement=\u00a0\u00bbmiddle\u00a0\u00bb][vc_column width=\u00a0\u00bb1\/2&Prime;][vc_column_text]A noter ! Dans certaines situations, les fichiers peuvent \u00eatre interdits. Par exemple, si l&#8217;emplacement ne correspond pas aux r\u00e9gions canadiennes o\u00f9 les jeux d&rsquo;argent en ligne sont disponibles. Dans ce cas, vous ne trouverez pas l&rsquo;application LeoVegas sur Google Play. Pour t\u00e9l\u00e9charger l&rsquo;application, vous devez autoriser le t\u00e9l\u00e9chargement de fichiers provenant de sources inconnues. Pour ce faire, vous devez modifier les param\u00e8tres dans la section Param\u00e8tres de s\u00e9curit\u00e9. Une fois l&rsquo;apk install\u00e9 avec succ\u00e8s, les param\u00e8tres peuvent \u00eatre modifi\u00e9s pour revenir aux pr\u00e9c\u00e9dents.<\/p>\n<div class=\"t-go\"><a href=\"\/go-casino\/?sub_id_1=Leovegas\">OBTENEZ UN BONUS<\/a><\/div>[\/vc_column_text][\/vc_column][vc_column width=\u00a0\u00bb1\/2&Prime;][vc_single_image image=\u00a0\u00bb87&Prime; img_size=\u00a0\u00bblarge\u00a0\u00bb alignment=\u00a0\u00bbcenter\u00a0\u00bb][\/vc_column][\/vc_row][vc_row equal_height=\u00a0\u00bbyes\u00a0\u00bb content_placement=\u00a0\u00bbmiddle\u00a0\u00bb][vc_column width=\u00a0\u00bb1\/2&Prime;][vc_single_image image=\u00a0\u00bb90&Prime; img_size=\u00a0\u00bblarge\u00a0\u00bb alignment=\u00a0\u00bbcenter\u00a0\u00bb][\/vc_column][vc_column width=\u00a0\u00bb1\/2&Prime;][vc_column_text]<\/p>\n<h2>La fonctionnalit\u00e9 de l&rsquo;application Leovegas<\/h2>\n<p>L&rsquo;application Leovegas vous donne acc\u00e8s \u00e0 un v\u00e9ritable tr\u00e9sor de jeux. Les jeux suivants de l&rsquo;application de casino Leovegas sont \u00e0 la disposition des joueurs :<\/p>\n<ul>\n<li>jeux de cartes \/ jeux de soci\u00e9t\u00e9;<\/li>\n<li>le divertissement vid\u00e9o;<\/li>\n<li>des jackpots progressifs;<\/li>\n<li>le loto et les loteries;<\/li>\n<li>les machines \u00e0 sous;<\/li>\n<\/ul>\n<p>Ces derni\u00e8res, \u00e9galement appel\u00e9es machines \u00e0 sous, sont souvent la seule raison pour laquelle les joueurs canadiens jouent dans les casinos. Caract\u00e9ristiques des machines \u00e0 sous : graphismes superbes, effets sp\u00e9ciaux in\u00e9gal\u00e9s, design color\u00e9.[\/vc_column_text][\/vc_column][\/vc_row][vc_row equal_height=\u00a0\u00bbyes\u00a0\u00bb content_placement=\u00a0\u00bbmiddle\u00a0\u00bb][vc_column][vc_column_text]Liste des meilleures fonctions de l&rsquo;application mobile Leovegas :<\/p>\n<ol>\n<li>Paiements et d\u00e9p\u00f4ts rapides.<\/li>\n<li>Plusieurs modes de paiement.<\/li>\n<li>Facilit\u00e9 d&rsquo;utilisation.<\/li>\n<li>Des graphismes superbes, une optique in\u00e9gal\u00e9e.<\/li>\n<li>Haut niveau de s\u00e9curit\u00e9 (donn\u00e9es personnelles et bancaires).<\/li>\n<\/ol>\n<p>Il est important de noter que les graphismes de l&rsquo;application sont plusieurs fois sup\u00e9rieurs \u00e0 ceux offerts par les ordinateurs de bureau. Cela s&rsquo;explique par le fait que les smartphones sont mis \u00e0 jour plus rapidement et plus r\u00e9guli\u00e8rement, tout comme leurs param\u00e8tres et fonctions. R\u00e9sultat : jouer \u00e0 partir de l&rsquo;application est parfois passionnant ![\/vc_column_text][\/vc_column][\/vc_row][vc_row equal_height=\u00a0\u00bbyes\u00a0\u00bb content_placement=\u00a0\u00bbmiddle\u00a0\u00bb][vc_column width=\u00a0\u00bb1\/2&Prime;][vc_column_text]<\/p>\n<h2>Conception et navigation<\/h2>\n<p>Le design de l&rsquo;application est identique \u00e0 celui de la version originale. Tous les boutons sont aux m\u00eames endroits, toutes les fonctions sont pr\u00e9sentes. La seule diff\u00e9rence r\u00e9side dans le design de la miniature. L&rsquo;application du casino Leovegas s&rsquo;adapte enti\u00e8rement aux \u00e9crans des smartphones et des tablettes. Cela signifie que la version mobile fonctionne aussi bien sur des gadgets de diff\u00e9rents param\u00e8tres (les images ne sont pas d\u00e9form\u00e9es).[\/vc_column_text][\/vc_column][vc_column width=\u00a0\u00bb1\/2&Prime;][vc_column_text]Caract\u00e9ristiques de conception :<\/p>\n<ol>\n<li>Le site est domin\u00e9 par des tons orange chauds associ\u00e9s \u00e0 la savane (habitat des lions).<\/li>\n<li>Le design est laconique et facile \u00e0 lire. Deux boutons principaux : LOG IN et OPEN ACCOUNT sont situ\u00e9s dans le coin sup\u00e9rieur droit du site.<\/li>\n<li>Le coin gauche du site contient 3 cat\u00e9gories : Support, Promotions, Mot de passe perdu.<\/li>\n<li>Les cat\u00e9gories CASINO \/ LIVE CASINO les plus populaires sont situ\u00e9es au-dessus de la banni\u00e8re principale (\u00e0 droite).<\/li>\n<li>L&rsquo;en-t\u00eate du site contient des sections cl\u00e9s : Accueil, Top Jeux, Jackpots, <a href=\"https:\/\/leovegas-au.org\/fr\/classic-slots\/\">Machines \u00e0 sous classiques<\/a>, <a href=\"https:\/\/leovegas-au.org\/fr\/table-games\/\">Jeux de table<\/a>, etc.<\/li>\n<\/ol>\n<p>[\/vc_column_text][\/vc_column][\/vc_row][vc_row equal_height=\u00a0\u00bbyes\u00a0\u00bb content_placement=\u00a0\u00bbmiddle\u00a0\u00bb][vc_column][vc_column_text]Toute la partie centrale du site est consacr\u00e9e aux jeux. Ils sont tous divis\u00e9s en cat\u00e9gories. Pour explorer la gamme, vous devez faire d\u00e9filer le catalogue. Cat\u00e9gories en vedette : Top Games, Newest Games, LeoVegas Originals, Megaways, LeoVegas Spotlight, etc. Les jeux et les machines \u00e0 sous ont des images color\u00e9es qui aident les joueurs canadiens \u00e0 faire leur choix plus facilement.[\/vc_column_text][\/vc_column][\/vc_row][vc_row equal_height=\u00a0\u00bbyes\u00a0\u00bb content_placement=\u00a0\u00bbmiddle\u00a0\u00bb][vc_column width=\u00a0\u00bb1\/2&Prime;][vc_column_text]<\/p>\n<h2>Pourquoi l&rsquo;application ne fonctionne-t-elle pas ?<\/h2>\n<p>Si l&rsquo;application ne fonctionne pas, il peut y avoir plusieurs raisons :<\/p>\n<ol>\n<li>Signal internet ou wifi faible. Red\u00e9marrez le modem ou connectez-vous \u00e0 une autre source de signal.<\/li>\n<li>Votre r\u00e9gion se trouve dans la zone d&rsquo;acc\u00e8s restreint. Pour ce faire, vous devez modifier les param\u00e8tres de la section Emplacement. Vous devrez choisir un autre emplacement pour modifier l&rsquo;adresse IP.<\/li>\n<li>Le site fait l&rsquo;objet de travaux techniques. Habituellement, l&rsquo;administration pr\u00e9vient de ces nouvelles. Il est recommand\u00e9 de s&rsquo;inscrire \u00e0 la liste de diffusion des informations utiles.<\/li>\n<li>Il n&rsquo;y a pas assez d&rsquo;espace dans votre smartphone pour le fonctionnement normal de l&rsquo;application. Videz votre m\u00e9moire.<\/li>\n<li>Le compte est bloqu\u00e9.<\/li>\n<\/ol>\n<p>Le dernier point est le plus d\u00e9sagr\u00e9able, mais possible. Si l&rsquo;administration vous a reconnu coupable de fraude (vous avez jou\u00e9 sous un autre nom ou \u00e0 partir de plusieurs comptes), tous vos profils sont bloqu\u00e9s sans possibilit\u00e9 de retirer des fonds.[\/vc_column_text][\/vc_column][vc_column width=\u00a0\u00bb1\/2&Prime;][vc_single_image image=\u00a0\u00bb91&Prime; img_size=\u00a0\u00bblarge\u00a0\u00bb alignment=\u00a0\u00bbcenter\u00a0\u00bb][\/vc_column][\/vc_row][vc_row equal_height=\u00a0\u00bbyes\u00a0\u00bb content_placement=\u00a0\u00bbmiddle\u00a0\u00bb][vc_column width=\u00a0\u00bb1\/2&Prime;][vc_single_image image=\u00a0\u00bb92&Prime; img_size=\u00a0\u00bblarge\u00a0\u00bb alignment=\u00a0\u00bbcenter\u00a0\u00bb][\/vc_column][vc_column width=\u00a0\u00bb1\/2&Prime;][vc_column_text]<\/p>\n<h2>Avantages et inconv\u00e9nients<\/h2>\n<p>L&rsquo;application de casino LeoVegas pr\u00e9sente plus d&rsquo;avantages que d&rsquo;inconv\u00e9nients, mais consid\u00e9rons les deux cat\u00e9gories.<\/p>\n<p>Avantages de l&rsquo;application Casino :<\/p>\n<ol>\n<li>Graphismes vifs, effets sp\u00e9ciaux in\u00e9gal\u00e9s.<\/li>\n<li>La possibilit\u00e9 de jouer sans \u00eatre li\u00e9 \u00e0 un lieu et en disposant d&rsquo;un Internet g\u00e9n\u00e9ral (l&rsquo;Internet mobile est n\u00e9cessaire).<\/li>\n<li>Plus rapide <a href=\"https:\/\/leovegas-au.org\/fr\/login\/\">login<\/a>, pas besoin de saisir le mot de passe et de se connecter \u00e0 chaque fois.<\/li>\n<li>Paiements rapides, rapidit\u00e9 des d\u00e9p\u00f4ts.<\/li>\n<li>Tous les jeux disponibles dans un petit appareil !<\/li>\n<\/ol>\n<p>Les joueurs qui privil\u00e9gient le confort et la mobilit\u00e9 pr\u00e9f\u00e8rent jouer sur leur mobile. Plus besoin de rester assis \u00e0 la maison devant l&rsquo;ordinateur ou de se rendre dans un club. Jouez o\u00f9 vous voulez ![\/vc_column_text][\/vc_column][\/vc_row][vc_row equal_height=\u00a0\u00bbyes\u00a0\u00bb content_placement=\u00a0\u00bbmiddle\u00a0\u00bb][vc_column width=\u00a0\u00bb1\/2&Prime;][vc_column_text]Des d\u00e9fauts :<\/p>\n<ol>\n<li>Vous devrez peut-\u00eatre modifier les param\u00e8tres pour autoriser le gadget \u00e0 charger des fichiers provenant de sources inconnues.<\/li>\n<li>Si la r\u00e9gion figure dans la liste des r\u00e9gions interdites, vous devez changer de lieu.<\/li>\n<li>Vous devez jouer \u00e0 partir d&rsquo;un \u00e9cran miniature, ce qui peut \u00eatre un probl\u00e8me pour les personnes ayant une mauvaise vue.<\/li>\n<\/ol>\n<p>Si nous pesons les avantages et les inconv\u00e9nients, il appara\u00eet clairement qu&rsquo;il y a beaucoup plus d&rsquo;avantages, ce qui explique une telle popularit\u00e9 des applications mobiles parmi les joueurs australiens.<\/p>\n<div class=\"t-go\"><a href=\"\/go-casino\/?sub_id_1=Leovegas\">OBTENEZ UN BONUS<\/a><\/div>[\/vc_column_text][\/vc_column][vc_column width=\u00a0\u00bb1\/2&Prime;][vc_single_image image=\u00a0\u00bb93&Prime; img_size=\u00a0\u00bblarge\u00a0\u00bb alignment=\u00a0\u00bbcenter\u00a0\u00bb][\/vc_column][\/vc_row][vc_row equal_height=\u00a0\u00bbyes\u00a0\u00bb content_placement=\u00a0\u00bbmiddle\u00a0\u00bb][vc_column][vc_column_text]<\/p>\n<h2>Questions fr\u00e9quemment pos\u00e9es<\/h2>\n<p>[\/vc_column_text][\/vc_column][\/vc_row][vc_row equal_height=\u00a0\u00bbyes\u00a0\u00bb][vc_column width=\u00a0\u00bb1\/3&Prime;][vc_column_text]<\/p>\n<h3>Qu&rsquo;est-ce qui est le mieux : l&rsquo;application ou le site web ?<\/h3>\n<p>L&rsquo;application est davantage utilis\u00e9e par les jeunes qui pr\u00e9f\u00e8rent rester dans l&rsquo;air du temps. Le site Web est une version mobile classique qui ne n\u00e9cessite ni t\u00e9l\u00e9chargement ni installation. Cliquez sur le lien et jouez.[\/vc_column_text][\/vc_column][vc_column width=\u00a0\u00bb1\/3&Prime;][vc_column_text]<\/p>\n<h3>Puis-je m&rsquo;inscrire dans l&rsquo;application ?<\/h3>\n<p>Oui, si vous n&rsquo;avez pas encore de compte, vous \u00eates un nouvel arrivant, alors vous devez cr\u00e9er un compte. Si vous avez d\u00e9j\u00e0 un profil enregistr\u00e9, entrez votre login + mot de passe personnel dans l&rsquo;application.[\/vc_column_text][\/vc_column][vc_column width=\u00a0\u00bb1\/3&Prime;][vc_column_text]<\/p>\n<h3>O\u00f9 puis-je trouver le lien pour t\u00e9l\u00e9charger l&rsquo;application ?<\/h3>\n<p>Le lien de t\u00e9l\u00e9chargement est disponible sur le site officiel dans la section appropri\u00e9e ou sur les sites partenaires.[\/vc_column_text][\/vc_column][\/vc_row][vc_row equal_height=\u00a0\u00bbyes\u00a0\u00bb content_placement=\u00a0\u00bbmiddle\u00a0\u00bb][vc_column][vc_column_text]<\/p>\n<h2>Conclusion<\/h2>\n<p>LeoVegas est l&rsquo;un des casinos en ligne les plus c\u00e9l\u00e8bres et les plus recherch\u00e9s au Canada. La pr\u00e9sence de l&rsquo;application permet aux joueurs d&rsquo;\u00eatre mobiles &#8211; de jouer partout et autant qu&rsquo;ils le souhaitent. L&rsquo;application pla\u00eet par ses excellents graphiques et ses effets optiques in\u00e9gal\u00e9s. Des retraits rapides et des d\u00e9p\u00f4ts faciles sont garantis. Le catalogue des divertissements pr\u00e9sent\u00e9s frappe par sa vari\u00e9t\u00e9. Les amateurs de jeux en direct, de machines \u00e0 sous, de cartes, de jackpots progressifs, etc. pourront trouver le meilleur jeu.<\/p>\n<p>L&rsquo;application LeoVegas &#8211; pour les personnes \u00e9l\u00e9gantes, modernes et mobiles![\/vc_column_text][\/vc_column][\/vc_row]<\/p>\n","protected":false},"excerpt":{"rendered":"<p>[vc_row equal_height=\u00a0\u00bbyes\u00a0\u00bb content_placement=\u00a0\u00bbmiddle\u00a0\u00bb][vc_column width=\u00a0\u00bb1\/2&Prime;][vc_column_text]Leovegas casino est l&rsquo;un des plus populaires et des plus demand\u00e9s par les joueurs canadiens. Une \u00e9norme vari\u00e9t\u00e9 de jeux pr\u00e9sent\u00e9s dans les graphismes les plus brillants et des machines \u00e0 sous avec d&rsquo;excellents effets sp\u00e9ciaux, la possibilit\u00e9 de parier sur la Roulette, le Blackjack et d&rsquo;autres jeux de table \/ cartes [&hellip;]<\/p>\n","protected":false},"author":1,"featured_media":0,"parent":0,"menu_order":0,"comment_status":"closed","ping_status":"closed","template":"","meta":{"footnotes":""},"class_list":["post-222","page","type-page","status-publish","hentry"],"acf":[],"yoast_head":"<!-- This site is optimized with the Yoast SEO plugin v17.9 - https:\/\/yoast.com\/wordpress\/plugins\/seo\/ -->\n<title>Apercu des avantages de l APP du casino Leo Vegas<\/title>\n<meta name=\"description\" content=\"Application permettant de jouer pour de l&#039;argent r\u00e9el au casino Leo Vegas. Prenez plaisir \u00e0 jouer pour de l&#039;argent r\u00e9el.\" \/>\n<meta name=\"robots\" content=\"index, follow, max-snippet:-1, max-image-preview:large, max-video-preview:-1\" \/>\n<link rel=\"canonical\" href=\"https:\/\/leovegas-au.org\/fr\/app\/\" \/>\n<meta property=\"og:type\" content=\"article\" \/>\n<meta property=\"og:title\" content=\"Apercu des avantages de l APP du casino Leo Vegas\" \/>\n<meta property=\"og:description\" content=\"Application permettant de jouer pour de l&#039;argent r\u00e9el au casino Leo Vegas. Prenez plaisir \u00e0 jouer pour de l&#039;argent r\u00e9el.\" \/>\n<meta property=\"og:url\" content=\"https:\/\/leovegas-au.org\/fr\/app\/\" \/>\n<meta property=\"og:site_name\" content=\"leovegas casino\" \/>\n<meta property=\"article:modified_time\" content=\"2022-08-03T15:45:58+00:00\" \/>\n<meta name=\"twitter:card\" content=\"summary_large_image\" \/>\n<meta name=\"twitter:label1\" content=\"Dur\u00e9e de lecture estim\u00e9e\" \/>\n\t<meta name=\"twitter:data1\" content=\"8 minutes\" \/>\n<script type=\"application\/ld+json\" class=\"yoast-schema-graph\">{\"@context\":\"https:\/\/schema.org\",\"@graph\":[{\"@type\":\"WebSite\",\"@id\":\"https:\/\/leovegas-au.org\/#website\",\"url\":\"https:\/\/leovegas-au.org\/\",\"name\":\"leovegas casino\",\"description\":\"\",\"potentialAction\":[{\"@type\":\"SearchAction\",\"target\":{\"@type\":\"EntryPoint\",\"urlTemplate\":\"https:\/\/leovegas-au.org\/?s={search_term_string}\"},\"query-input\":\"required name=search_term_string\"}],\"inLanguage\":\"fr-FR\"},{\"@type\":\"WebPage\",\"@id\":\"https:\/\/leovegas-au.org\/fr\/app\/#webpage\",\"url\":\"https:\/\/leovegas-au.org\/fr\/app\/\",\"name\":\"Apercu des avantages de l APP du casino Leo Vegas\",\"isPartOf\":{\"@id\":\"https:\/\/leovegas-au.org\/#website\"},\"datePublished\":\"2022-01-21T12:25:49+00:00\",\"dateModified\":\"2022-08-03T15:45:58+00:00\",\"description\":\"Application permettant de jouer pour de l'argent r\\u00e9el au casino Leo Vegas. Prenez plaisir \\u00e0 jouer pour de l'argent r\\u00e9el.\",\"breadcrumb\":{\"@id\":\"https:\/\/leovegas-au.org\/fr\/app\/#breadcrumb\"},\"inLanguage\":\"fr-FR\",\"potentialAction\":[{\"@type\":\"ReadAction\",\"target\":[\"https:\/\/leovegas-au.org\/fr\/app\/\"]}]},{\"@type\":\"BreadcrumbList\",\"@id\":\"https:\/\/leovegas-au.org\/fr\/app\/#breadcrumb\",\"itemListElement\":[{\"@type\":\"ListItem\",\"position\":1,\"name\":\"Home\",\"item\":\"https:\/\/leovegas-au.org\/fr\/\"},{\"@type\":\"ListItem\",\"position\":2,\"name\":\"Application Leovegas : comment t\\u00e9l\\u00e9charger et installer, avantages, jeux\"}]}]}<\/script>\n<!-- \/ Yoast SEO plugin. -->","yoast_head_json":{"title":"Apercu des avantages de l APP du casino Leo Vegas","description":"Application permettant de jouer pour de l'argent r\u00e9el au casino Leo Vegas. Prenez plaisir \u00e0 jouer pour de l'argent r\u00e9el.","robots":{"index":"index","follow":"follow","max-snippet":"max-snippet:-1","max-image-preview":"max-image-preview:large","max-video-preview":"max-video-preview:-1"},"canonical":"https:\/\/leovegas-au.org\/fr\/app\/","og_type":"article","og_title":"Apercu des avantages de l APP du casino Leo Vegas","og_description":"Application permettant de jouer pour de l'argent r\u00e9el au casino Leo Vegas. Prenez plaisir \u00e0 jouer pour de l'argent r\u00e9el.","og_url":"https:\/\/leovegas-au.org\/fr\/app\/","og_site_name":"leovegas casino","article_modified_time":"2022-08-03T15:45:58+00:00","twitter_card":"summary_large_image","twitter_misc":{"Dur\u00e9e de lecture estim\u00e9e":"8 minutes"},"schema":{"@context":"https:\/\/schema.org","@graph":[{"@type":"WebSite","@id":"https:\/\/leovegas-au.org\/#website","url":"https:\/\/leovegas-au.org\/","name":"leovegas casino","description":"","potentialAction":[{"@type":"SearchAction","target":{"@type":"EntryPoint","urlTemplate":"https:\/\/leovegas-au.org\/?s={search_term_string}"},"query-input":"required name=search_term_string"}],"inLanguage":"fr-FR"},{"@type":"WebPage","@id":"https:\/\/leovegas-au.org\/fr\/app\/#webpage","url":"https:\/\/leovegas-au.org\/fr\/app\/","name":"Apercu des avantages de l APP du casino Leo Vegas","isPartOf":{"@id":"https:\/\/leovegas-au.org\/#website"},"datePublished":"2022-01-21T12:25:49+00:00","dateModified":"2022-08-03T15:45:58+00:00","description":"Application permettant de jouer pour de l'argent r\u00e9el au casino Leo Vegas. Prenez plaisir \u00e0 jouer pour de l'argent r\u00e9el.","breadcrumb":{"@id":"https:\/\/leovegas-au.org\/fr\/app\/#breadcrumb"},"inLanguage":"fr-FR","potentialAction":[{"@type":"ReadAction","target":["https:\/\/leovegas-au.org\/fr\/app\/"]}]},{"@type":"BreadcrumbList","@id":"https:\/\/leovegas-au.org\/fr\/app\/#breadcrumb","itemListElement":[{"@type":"ListItem","position":1,"name":"Home","item":"https:\/\/leovegas-au.org\/fr\/"},{"@type":"ListItem","position":2,"name":"Application Leovegas : comment t\u00e9l\u00e9charger et installer, avantages, jeux"}]}]}},"_links":{"self":[{"href":"https:\/\/leovegas-au.org\/fr\/wp-json\/wp\/v2\/pages\/222","targetHints":{"allow":["GET"]}}],"collection":[{"href":"https:\/\/leovegas-au.org\/fr\/wp-json\/wp\/v2\/pages"}],"about":[{"href":"https:\/\/leovegas-au.org\/fr\/wp-json\/wp\/v2\/types\/page"}],"author":[{"embeddable":true,"href":"https:\/\/leovegas-au.org\/fr\/wp-json\/wp\/v2\/users\/1"}],"replies":[{"embeddable":true,"href":"https:\/\/leovegas-au.org\/fr\/wp-json\/wp\/v2\/comments?post=222"}],"version-history":[{"count":6,"href":"https:\/\/leovegas-au.org\/fr\/wp-json\/wp\/v2\/pages\/222\/revisions"}],"predecessor-version":[{"id":756,"href":"https:\/\/leovegas-au.org\/fr\/wp-json\/wp\/v2\/pages\/222\/revisions\/756"}],"wp:attachment":[{"href":"https:\/\/leovegas-au.org\/fr\/wp-json\/wp\/v2\/media?parent=222"}],"curies":[{"name":"wp","href":"https:\/\/api.w.org\/{rel}","templated":true}]}}