{"id":1044,"date":"2023-11-30T18:59:06","date_gmt":"2023-11-30T18:59:06","guid":{"rendered":"https:\/\/leovegas-au.org\/kyc-policy\/"},"modified":"2023-12-12T10:26:28","modified_gmt":"2023-12-12T10:26:28","slug":"kyc-policy","status":"publish","type":"page","link":"https:\/\/leovegas-au.org\/fr\/kyc-policy\/","title":{"rendered":"Leo Vegas Casino Politique KYC"},"content":{"rendered":"<p>Dans le monde en constante \u00e9volution des casinos en ligne, LeoVegas a \u00e9tabli une r\u00e9f\u00e9rence en donnant la priorit\u00e9 \u00e0 la s\u00e9curit\u00e9 des utilisateurs et au jeu responsable gr\u00e2ce \u00e0 un cadre KYC robuste.<\/p>\n<h2>D\u00e9voilement de l&rsquo;approche KYC de LeoVegas Casino<\/h2>\n<p>LeoVegas reconna\u00eet que les politiques KYC ne sont pas de simples obligations r\u00e9glementaires ; ils constituent la pierre angulaire de la promotion d\u2019un espace de jeu en ligne s\u00e9curis\u00e9 et transparent. Leur protocole KYC va au-del\u00e0 de la simple conformit\u00e9, visant \u00e0 cr\u00e9er une atmosph\u00e8re dans laquelle les joueurs peuvent se d\u00e9lecter de leurs activit\u00e9s de jeu sans aucun scrupule quant aux risques li\u00e9s \u00e0 l&rsquo;identit\u00e9.<\/p>\n<h2>Le r\u00f4le crucial du KYC dans la dynamique du jeu en ligne<\/h2>\n<p>Comprenant l&rsquo;importance du KYC dans le domaine du jeu en ligne, LeoVegas a strat\u00e9giquement mis en \u0153uvre des proc\u00e9dures de v\u00e9rification strictes. Cette position proactive ne consiste pas seulement \u00e0 respecter les exigences l\u00e9gales, mais constitue \u00e9galement une mesure proactive contre l&rsquo;acc\u00e8s non autoris\u00e9, le blanchiment d&rsquo;argent et toute forme d&rsquo;activit\u00e9s frauduleuses. LeoVegas croit \u00e0 la protection des joueurs et \u00e0 la contribution \u00e0 l&rsquo;int\u00e9grit\u00e9 globale de l&rsquo;industrie du jeu en ligne.<\/p>\n<h2>Parcours\u00a0KYC\u00a0centr\u00e9 sur l&rsquo;utilisateur<\/h2>\n<p>\u00c0 une \u00e9poque o\u00f9 l&rsquo;exp\u00e9rience utilisateur r\u00e8gne en ma\u00eetre, LeoVegas a con\u00e7u son processus KYC en pensant \u00e0 l&rsquo;utilisateur final. La plateforme est fi\u00e8re d&rsquo;offrir un parcours KYC convivial, garantissant aux joueurs un minimum d&rsquo;inconv\u00e9nients. Des instructions claires et des m\u00e9canismes de support robustes guident les joueurs de mani\u00e8re transparente tout au long du processus de v\u00e9rification.<\/p>\n<h2>V\u00e9rification des documents\u00a0: renforcer l&rsquo;assurance de l&rsquo;identit\u00e9<\/h2>\n<p>LeoVegas Casino utilise un processus complet de v\u00e9rification des documents dans le cadre de sa politique KYC. Les joueurs doivent soumettre divers documents, notamment une pi\u00e8ce d&rsquo;identit\u00e9 d\u00e9livr\u00e9e par le gouvernement, un justificatif de domicile et les d\u00e9tails du mode de paiement. Cette \u00e9tape m\u00e9ticuleuse est la cl\u00e9 de vo\u00fbte pour garantir que l\u2019entit\u00e9 virtuelle engag\u00e9e dans le jeu en ligne est bien le propri\u00e9taire l\u00e9gitime du compte.<\/p>\n<h2>Chiffrement renforc\u00e9 et fortification des donn\u00e9es<\/h2>\n<p>La s\u00e9curit\u00e9 est primordiale chez LeoVegas et le processus KYC est ex\u00e9cut\u00e9 avec le plus haut niveau de protection des donn\u00e9es. La plateforme d\u00e9ploie des technologies de cryptage de pointe pour prot\u00e9ger les informations sensibles partag\u00e9es par les joueurs pendant le processus de v\u00e9rification. Cet engagement sans faille en faveur de la s\u00e9curit\u00e9 des donn\u00e9es renforce la confiance des joueurs, leur assurant que leurs informations personnelles et financi\u00e8res sont trait\u00e9es avec le plus grand soin.<\/p>\n<h2>KYC s&rsquo;harmonise avec les id\u00e9aux du jeu responsable<\/h2>\n<p>LeoVegas associe parfaitement sa politique KYC \u00e0 un engagement plus large en faveur du jeu responsable. Au-del\u00e0 de la simple v\u00e9rification d\u2019identit\u00e9, le processus KYC devient un outil de surveillance et d\u2019incitation \u00e0 un comportement de jeu responsable. En garantissant que les joueurs ont l&rsquo;\u00e2ge l\u00e9gal, LeoVegas promeut activement un environnement de jeu s\u00fbr pour tous les participants.<\/p>\n<h2>Ach\u00e8vement KYC rapide pour un jeu fluide<\/h2>\n<p>Conscient de l&rsquo;impatience des joueurs modernes, LeoVegas met l&rsquo;accent sur l&rsquo;ach\u00e8vement rapide du KYC. La plateforme s&rsquo;efforce de traiter rapidement les v\u00e9rifications KYC, permettant aux joueurs d&rsquo;acc\u00e9der rapidement \u00e0 la vaste gamme de jeux et de fonctionnalit\u00e9s une fois leur identit\u00e9 v\u00e9rifi\u00e9e.<\/p>\n<h2>Respect de la r\u00e9glementation et transparence<\/h2>\n<p>LeoVegas Casino op\u00e8re non seulement dans les limites de son domaine num\u00e9rique, mais \u00e9galement dans les limites r\u00e9glementaires fix\u00e9es par les autorit\u00e9s charg\u00e9es des licences. La politique KYC est m\u00e9ticuleusement \u00e9labor\u00e9e pour s&rsquo;aligner sur ces normes, garantissant ainsi que LeoVegas op\u00e8re de mani\u00e8re transparente et \u00e9thique dans les diverses juridictions qu&rsquo;elle dessert.<\/p>\n<h2>\u00c9volution adaptative des normes KYC<\/h2>\n<p>Reconnaissant la nature fluide du paysage des jeux en ligne et des paysages r\u00e9glementaires, LeoVegas Casino reste engag\u00e9 dans l&rsquo;am\u00e9lioration et l&rsquo;adaptation perp\u00e9tuelles de sa politique KYC. Restant au courant des derniers d\u00e9veloppements en mati\u00e8re de s\u00e9curit\u00e9 et des changements r\u00e9glementaires, LeoVegas affine constamment ses proc\u00e9dures KYC pour r\u00e9pondre aux demandes changeantes du secteur.<\/p>\n<h2>Engagement ind\u00e9fectible envers la s\u00e9curit\u00e9 et l&rsquo;int\u00e9grit\u00e9<\/h2>\n<p>La politique KYC de LeoVegas Casino reste un t\u00e9moignage de son engagement in\u00e9branlable \u00e0 fournir un environnement de jeu s\u00e9curis\u00e9 et \u00e9thiquement sain. En d\u00e9fendant la s\u00e9curit\u00e9 des utilisateurs, en employant des processus de v\u00e9rification rigoureux et en gardant une longueur d&rsquo;avance sur les courbes r\u00e9glementaires, LeoVegas a solidifi\u00e9 sa position de mod\u00e8le de fiabilit\u00e9 et d&rsquo;orientation vers le joueur dans le domaine des casinos en ligne. Voil\u00e0 une ann\u00e9e de r\u00e9alisations et un avenir encore plus s\u00fbr pour LeoVegas et ses joueurs.<\/p>\n","protected":false},"excerpt":{"rendered":"<p>Dans le monde en constante \u00e9volution des casinos en ligne, LeoVegas a \u00e9tabli une r\u00e9f\u00e9rence en donnant la priorit\u00e9 \u00e0 la s\u00e9curit\u00e9 des utilisateurs et au jeu responsable gr\u00e2ce \u00e0 un cadre KYC robuste. D\u00e9voilement de l&rsquo;approche KYC de LeoVegas Casino LeoVegas reconna\u00eet que les politiques KYC ne sont pas de simples obligations r\u00e9glementaires ; [&hellip;]<\/p>\n","protected":false},"author":1,"featured_media":0,"parent":0,"menu_order":0,"comment_status":"closed","ping_status":"closed","template":"","meta":{"footnotes":""},"class_list":["post-1044","page","type-page","status-publish","hentry"],"acf":[],"yoast_head":"<!-- This site is optimized with the Yoast SEO plugin v17.9 - https:\/\/yoast.com\/wordpress\/plugins\/seo\/ -->\n<title>Lib\u00e9rez les sensations fortes\u00a0: la politique KYC de Leo Vegas garantit un jeu s\u00e9curis\u00e9<\/title>\n<meta name=\"description\" content=\"Vivez l&#039;excitation en toute confiance au Leo Vegas Casino\u00a0! Notre politique KYC garantit des jeux s\u00e9curis\u00e9s, rendant votre divertissement sans souci. Rejoignez-nous pour un plaisir sans pr\u00e9c\u00e9dent!\" \/>\n<meta name=\"robots\" content=\"index, follow, max-snippet:-1, max-image-preview:large, max-video-preview:-1\" \/>\n<link rel=\"canonical\" href=\"https:\/\/leovegas-au.org\/fr\/kyc-policy\/\" \/>\n<meta property=\"og:type\" content=\"article\" \/>\n<meta property=\"og:title\" content=\"Lib\u00e9rez les sensations fortes\u00a0: la politique KYC de Leo Vegas garantit un jeu s\u00e9curis\u00e9\" \/>\n<meta property=\"og:description\" content=\"Vivez l&#039;excitation en toute confiance au Leo Vegas Casino\u00a0! Notre politique KYC garantit des jeux s\u00e9curis\u00e9s, rendant votre divertissement sans souci. Rejoignez-nous pour un plaisir sans pr\u00e9c\u00e9dent!\" \/>\n<meta property=\"og:url\" content=\"https:\/\/leovegas-au.org\/fr\/kyc-policy\/\" \/>\n<meta property=\"og:site_name\" content=\"leovegas casino\" \/>\n<meta property=\"article:modified_time\" content=\"2023-12-12T10:26:28+00:00\" \/>\n<meta name=\"twitter:card\" content=\"summary_large_image\" \/>\n<meta name=\"twitter:label1\" content=\"Dur\u00e9e de lecture estim\u00e9e\" \/>\n\t<meta name=\"twitter:data1\" content=\"4 minutes\" \/>\n<script type=\"application\/ld+json\" class=\"yoast-schema-graph\">{\"@context\":\"https:\/\/schema.org\",\"@graph\":[{\"@type\":\"WebSite\",\"@id\":\"https:\/\/leovegas-au.org\/#website\",\"url\":\"https:\/\/leovegas-au.org\/\",\"name\":\"leovegas casino\",\"description\":\"\",\"potentialAction\":[{\"@type\":\"SearchAction\",\"target\":{\"@type\":\"EntryPoint\",\"urlTemplate\":\"https:\/\/leovegas-au.org\/?s={search_term_string}\"},\"query-input\":\"required name=search_term_string\"}],\"inLanguage\":\"fr-FR\"},{\"@type\":\"WebPage\",\"@id\":\"https:\/\/leovegas-au.org\/fr\/kyc-policy\/#webpage\",\"url\":\"https:\/\/leovegas-au.org\/fr\/kyc-policy\/\",\"name\":\"Lib\\u00e9rez les sensations fortes\\u00a0: la politique KYC de Leo Vegas garantit un jeu s\\u00e9curis\\u00e9\",\"isPartOf\":{\"@id\":\"https:\/\/leovegas-au.org\/#website\"},\"datePublished\":\"2023-11-30T18:59:06+00:00\",\"dateModified\":\"2023-12-12T10:26:28+00:00\",\"description\":\"Vivez l'excitation en toute confiance au Leo Vegas Casino\\u00a0! Notre politique KYC garantit des jeux s\\u00e9curis\\u00e9s, rendant votre divertissement sans souci. Rejoignez-nous pour un plaisir sans pr\\u00e9c\\u00e9dent!\",\"breadcrumb\":{\"@id\":\"https:\/\/leovegas-au.org\/fr\/kyc-policy\/#breadcrumb\"},\"inLanguage\":\"fr-FR\",\"potentialAction\":[{\"@type\":\"ReadAction\",\"target\":[\"https:\/\/leovegas-au.org\/fr\/kyc-policy\/\"]}]},{\"@type\":\"BreadcrumbList\",\"@id\":\"https:\/\/leovegas-au.org\/fr\/kyc-policy\/#breadcrumb\",\"itemListElement\":[{\"@type\":\"ListItem\",\"position\":1,\"name\":\"Home\",\"item\":\"https:\/\/leovegas-au.org\/fr\/\"},{\"@type\":\"ListItem\",\"position\":2,\"name\":\"Leo Vegas Casino Politique KYC\"}]}]}<\/script>\n<!-- \/ Yoast SEO plugin. -->","yoast_head_json":{"title":"Lib\u00e9rez les sensations fortes\u00a0: la politique KYC de Leo Vegas garantit un jeu s\u00e9curis\u00e9","description":"Vivez l'excitation en toute confiance au Leo Vegas Casino\u00a0! Notre politique KYC garantit des jeux s\u00e9curis\u00e9s, rendant votre divertissement sans souci. Rejoignez-nous pour un plaisir sans pr\u00e9c\u00e9dent!","robots":{"index":"index","follow":"follow","max-snippet":"max-snippet:-1","max-image-preview":"max-image-preview:large","max-video-preview":"max-video-preview:-1"},"canonical":"https:\/\/leovegas-au.org\/fr\/kyc-policy\/","og_type":"article","og_title":"Lib\u00e9rez les sensations fortes\u00a0: la politique KYC de Leo Vegas garantit un jeu s\u00e9curis\u00e9","og_description":"Vivez l'excitation en toute confiance au Leo Vegas Casino\u00a0! Notre politique KYC garantit des jeux s\u00e9curis\u00e9s, rendant votre divertissement sans souci. Rejoignez-nous pour un plaisir sans pr\u00e9c\u00e9dent!","og_url":"https:\/\/leovegas-au.org\/fr\/kyc-policy\/","og_site_name":"leovegas casino","article_modified_time":"2023-12-12T10:26:28+00:00","twitter_card":"summary_large_image","twitter_misc":{"Dur\u00e9e de lecture estim\u00e9e":"4 minutes"},"schema":{"@context":"https:\/\/schema.org","@graph":[{"@type":"WebSite","@id":"https:\/\/leovegas-au.org\/#website","url":"https:\/\/leovegas-au.org\/","name":"leovegas casino","description":"","potentialAction":[{"@type":"SearchAction","target":{"@type":"EntryPoint","urlTemplate":"https:\/\/leovegas-au.org\/?s={search_term_string}"},"query-input":"required name=search_term_string"}],"inLanguage":"fr-FR"},{"@type":"WebPage","@id":"https:\/\/leovegas-au.org\/fr\/kyc-policy\/#webpage","url":"https:\/\/leovegas-au.org\/fr\/kyc-policy\/","name":"Lib\u00e9rez les sensations fortes\u00a0: la politique KYC de Leo Vegas garantit un jeu s\u00e9curis\u00e9","isPartOf":{"@id":"https:\/\/leovegas-au.org\/#website"},"datePublished":"2023-11-30T18:59:06+00:00","dateModified":"2023-12-12T10:26:28+00:00","description":"Vivez l'excitation en toute confiance au Leo Vegas Casino\u00a0! Notre politique KYC garantit des jeux s\u00e9curis\u00e9s, rendant votre divertissement sans souci. Rejoignez-nous pour un plaisir sans pr\u00e9c\u00e9dent!","breadcrumb":{"@id":"https:\/\/leovegas-au.org\/fr\/kyc-policy\/#breadcrumb"},"inLanguage":"fr-FR","potentialAction":[{"@type":"ReadAction","target":["https:\/\/leovegas-au.org\/fr\/kyc-policy\/"]}]},{"@type":"BreadcrumbList","@id":"https:\/\/leovegas-au.org\/fr\/kyc-policy\/#breadcrumb","itemListElement":[{"@type":"ListItem","position":1,"name":"Home","item":"https:\/\/leovegas-au.org\/fr\/"},{"@type":"ListItem","position":2,"name":"Leo Vegas Casino Politique KYC"}]}]}},"_links":{"self":[{"href":"https:\/\/leovegas-au.org\/fr\/wp-json\/wp\/v2\/pages\/1044","targetHints":{"allow":["GET"]}}],"collection":[{"href":"https:\/\/leovegas-au.org\/fr\/wp-json\/wp\/v2\/pages"}],"about":[{"href":"https:\/\/leovegas-au.org\/fr\/wp-json\/wp\/v2\/types\/page"}],"author":[{"embeddable":true,"href":"https:\/\/leovegas-au.org\/fr\/wp-json\/wp\/v2\/users\/1"}],"replies":[{"embeddable":true,"href":"https:\/\/leovegas-au.org\/fr\/wp-json\/wp\/v2\/comments?post=1044"}],"version-history":[{"count":1,"href":"https:\/\/leovegas-au.org\/fr\/wp-json\/wp\/v2\/pages\/1044\/revisions"}],"predecessor-version":[{"id":1045,"href":"https:\/\/leovegas-au.org\/fr\/wp-json\/wp\/v2\/pages\/1044\/revisions\/1045"}],"wp:attachment":[{"href":"https:\/\/leovegas-au.org\/fr\/wp-json\/wp\/v2\/media?parent=1044"}],"curies":[{"name":"wp","href":"https:\/\/api.w.org\/{rel}","templated":true}]}}