{"id":1037,"date":"2023-11-30T18:32:12","date_gmt":"2023-11-30T18:32:12","guid":{"rendered":"https:\/\/leovegas-au.org\/gdpr-policy\/"},"modified":"2023-12-12T10:24:37","modified_gmt":"2023-12-12T10:24:37","slug":"gdpr-policy","status":"publish","type":"page","link":"https:\/\/leovegas-au.org\/fr\/gdpr-policy\/","title":{"rendered":"Leo Vegas Casino GDPR Policy"},"content":{"rendered":"<p>Dans\u00a0le\u00a0domaine de la s\u00e9curit\u00e9 des donn\u00e9es, le\u00a0R\u00e8glement g\u00e9n\u00e9ral sur la protection des donn\u00e9es\u00a0(RGPD) sert de pivot, guidant LeoVegas Casino dans la navigation dans le paysage complexe du traitement des informations personnelles. Ce document d\u00e9voile les nuances distinctes de la politique GDPR de LeoVegas Casino, mettant en lumi\u00e8re les mesures en place pour renforcer la protection de vos donn\u00e9es et enrichir votre entreprise de jeu globale.<\/p>\n<h2>Harmonie RGPD<\/h2>\n<p>Au c\u0153ur de la philosophie op\u00e9rationnelle de LeoVegas Casino se trouve une int\u00e9gration transparente avec le RGPD, le fondement des r\u00e9glementations sur la confidentialit\u00e9 des donn\u00e9es. Cet engagement ne se limite pas aux fronti\u00e8res, \u00e9tendant son manteau protecteur \u00e0 chaque joueur, soulignant l&rsquo;all\u00e9geance in\u00e9branlable de LeoVegas Casino aux normes mondiales de confidentialit\u00e9.<\/p>\n<h2>Collecte de donn\u00e9es et consentement habilit\u00e9<\/h2>\n<p>LeoVegas Casino garantit que chaque octet de donn\u00e9es collect\u00e9 le fait avec le consentement explicite et \u00e9clair\u00e9 du joueur. Le processus d&rsquo;inscription n&rsquo;est pas seulement une passerelle vers le jeu\u00a0; il s&rsquo;agit d&rsquo;un dialogue transparent o\u00f9 les acteurs re\u00e7oivent des informations claires et concises sur les types de donn\u00e9es collect\u00e9es et les finalit\u00e9s pr\u00e9cises pour lesquelles elles seront utilis\u00e9es. Le consentement n\u2019est pas une affaire ponctuelle ; c&rsquo;est une conversation continue. Les joueurs conservent le pouvoir de g\u00e9rer leurs pr\u00e9f\u00e9rences et de refuser certaines activit\u00e9s de traitement de donn\u00e9es \u00e0 leur discr\u00e9tion.<\/p>\n<h2>Traitement des donn\u00e9es \u00e9clair\u00e9es<\/h2>\n<p>La transparence est le mot d&rsquo;ordre du Casino LeoVegas, avec un engagement \u00e0 mettre \u00e0 nu les subtilit\u00e9s des activit\u00e9s de traitement des donn\u00e9es. Les joueurs b\u00e9n\u00e9ficient d&rsquo;un aper\u00e7u \u00e9clairant de la base juridique du traitement, des d\u00e9lais de conservation des donn\u00e9es et de toute collaboration avec des tiers. Cette luminosit\u00e9 donne du pouvoir aux joueurs, en garantissant qu&rsquo;ils connaissent bien la mani\u00e8re dont leurs donn\u00e9es s&rsquo;entrelacent au sein de l&rsquo;\u00e9cosyst\u00e8me LeoVegas.<\/p>\n<h2>Forteresses de donn\u00e9es fortifi\u00e9es<\/h2>\n<p>Fortifiant les remparts num\u00e9riques, LeoVegas Casino utilise des mesures de s\u00e9curit\u00e9\u00a0de pointe. Des technologies de chiffrement avanc\u00e9es, des audits de s\u00e9curit\u00e9 de routine et des contr\u00f4les d&rsquo;acc\u00e8s stricts constituent un rempart contre tout acc\u00e8s, divulgation, alt\u00e9ration ou destruction non autoris\u00e9s. L&rsquo;investissement de LeoVegas Casino dans les technologies de s\u00e9curit\u00e9 de pointe refl\u00e8te son engagement in\u00e9branlable \u00e0 garder une longueur d&rsquo;avance sur les menaces et vuln\u00e9rabilit\u00e9s \u00e9mergentes.<\/p>\n<h2>Prudence en mati\u00e8re de donn\u00e9es et \u00e9l\u00e9gance des objectifs<\/h2>\n<p>LeoVegas Casino danse avec les principes de minimisation des donn\u00e9es et de limitation des finalit\u00e9s chor\u00e9graphi\u00e9s par le RGPD. Le casino est judicieux en collectant et en traitant uniquement les donn\u00e9es n\u00e9cessaires aux fins divulgu\u00e9es. Les donn\u00e9es ne sont pas un invit\u00e9 \u00e9ternel\u00a0; il part lorsque son objectif est atteint, garantissant ainsi qu&rsquo;il ne sera pas conserv\u00e9 ind\u00e9finiment.<\/p>\n<h2>Autonomisation individuelle<\/h2>\n<p>Dans le domaine du Casino LeoVegas, les joueurs ne sont pas de simples participants ; ce sont des individus qui ont des droits. Les droits accord\u00e9s par le RGPD pour acc\u00e9der aux donn\u00e9es personnelles, rectifier les inexactitudes et, dans certaines circonstances, demander l&rsquo;effacement des donn\u00e9es sont respect\u00e9s et facilit\u00e9s gr\u00e2ce \u00e0 des processus rationalis\u00e9s. Cette r\u00e9activit\u00e9 garantit une exp\u00e9rience conviviale aux joueurs g\u00e9rant leurs informations personnelles.<\/p>\n<h2>Chor\u00e9graphie de donn\u00e9es transparentes<\/h2>\n<p>LeoVegas Casino maintient une symphonie d&rsquo;enregistrements de traitement de donn\u00e9es, une conformit\u00e9 m\u00e9lodique aux exigences du RGPD. Cet enregistrement, une composition d\u00e9taill\u00e9e, comprend des cat\u00e9gories de donn\u00e9es trait\u00e9es, des finalit\u00e9s de traitement, des destinataires de donn\u00e9es et des p\u00e9riodes de conservation. En fournissant cette orchestration d&rsquo;informations, LeoVegas Casino cr\u00e9e la responsabilit\u00e9 et la transparence, permettant aux joueurs de suivre le rythme de l&rsquo;harmonisation de leurs donn\u00e9es tout au long de leur cycle de vie.<\/p>\n<h2>Flux de donn\u00e9es mondiaux<\/h2>\n<p>Dans la danse mondiale des jeux en ligne, LeoVegas Casino pourrait bien traverser les fronti\u00e8res avec les donn\u00e9es personnelles. Pour faciliter ces transferts internationaux de donn\u00e9es, le casino adh\u00e8re aux exigences du RGPD, en mettant en \u0153uvre des garanties telles que des clauses contractuelles types ou en garantissant que le pays destinataire fournit un niveau ad\u00e9quat de protection des donn\u00e9es. La danse continue, garantissant que vos donn\u00e9es restent prot\u00e9g\u00e9es, o\u00f9 qu&rsquo;elles se trouvent.<\/p>\n<h2>Sentinelle de la protection des donn\u00e9es<\/h2>\n<p>Gardien du num\u00e9rique, LeoVegas Casino nomme un D\u00e9l\u00e9gu\u00e9 \u00e0 la Protection des Donn\u00e9es (DPO). Cette sentinelle veille \u00e0 la mise en \u0153uvre effective des mesures de conformit\u00e9 au RGPD, servant de point de contact aux acteurs et aux autorit\u00e9s de r\u00e9gulation. Ce professionnel d\u00e9vou\u00e9 t\u00e9moigne de la position proactive de LeoVegas Casino en mati\u00e8re de gestion de la confidentialit\u00e9.<\/p>\n<h2>\u00c9volution de la conformit\u00e9 toujours vigilante<\/h2>\n<p>La conformit\u00e9 au RGPD n&rsquo;est pas une r\u00e9ussite statique\u00a0; c&rsquo;est un engagement \u00e9volutif. LeoVegas Casino surveille en permanence les activit\u00e9s de traitement des donn\u00e9es, effectue des \u00e9valuations d&rsquo;impact sur la vie priv\u00e9e et examine les politiques et proc\u00e9dures pour garantir leur alignement avec le paysage r\u00e9glementaire dynamique. Ce parcours proactif refl\u00e8te l&rsquo;engagement de LeoVegas Casino \u00e0 respecter les normes les plus \u00e9lev\u00e9es en mati\u00e8re de protection des donn\u00e9es pour ses joueurs.<\/p>\n","protected":false},"excerpt":{"rendered":"<p>Dans\u00a0le\u00a0domaine de la s\u00e9curit\u00e9 des donn\u00e9es, le\u00a0R\u00e8glement g\u00e9n\u00e9ral sur la protection des donn\u00e9es\u00a0(RGPD) sert de pivot, guidant LeoVegas Casino dans la navigation dans le paysage complexe du traitement des informations personnelles. Ce document d\u00e9voile les nuances distinctes de la politique GDPR de LeoVegas Casino, mettant en lumi\u00e8re les mesures en place pour renforcer la protection [&hellip;]<\/p>\n","protected":false},"author":1,"featured_media":0,"parent":0,"menu_order":0,"comment_status":"closed","ping_status":"closed","template":"","meta":{"footnotes":""},"class_list":["post-1037","page","type-page","status-publish","hentry"],"acf":[],"yoast_head":"<!-- This site is optimized with the Yoast SEO plugin v17.9 - https:\/\/yoast.com\/wordpress\/plugins\/seo\/ -->\n<title>Conformit\u00e9 au RGPD du Leo Vegas Casino\u00a0: prot\u00e9ger les donn\u00e9es en toute confiance<\/title>\n<meta name=\"description\" content=\"D\u00e9couvrez la politique RGPD unique de Leo Vegas Casino, garantissant la protection de vos donn\u00e9es. Jouez sans souci car nous accordons la priorit\u00e9 \u00e0 votre confidentialit\u00e9 et \u00e0 votre s\u00e9curit\u00e9. D\u00e9couvrez l&#039;engagement d\u00e8s aujourd&#039;hui!\" \/>\n<meta name=\"robots\" content=\"index, follow, max-snippet:-1, max-image-preview:large, max-video-preview:-1\" \/>\n<link rel=\"canonical\" href=\"https:\/\/leovegas-au.org\/fr\/gdpr-policy\/\" \/>\n<meta property=\"og:type\" content=\"article\" \/>\n<meta property=\"og:title\" content=\"Conformit\u00e9 au RGPD du Leo Vegas Casino\u00a0: prot\u00e9ger les donn\u00e9es en toute confiance\" \/>\n<meta property=\"og:description\" content=\"D\u00e9couvrez la politique RGPD unique de Leo Vegas Casino, garantissant la protection de vos donn\u00e9es. Jouez sans souci car nous accordons la priorit\u00e9 \u00e0 votre confidentialit\u00e9 et \u00e0 votre s\u00e9curit\u00e9. D\u00e9couvrez l&#039;engagement d\u00e8s aujourd&#039;hui!\" \/>\n<meta property=\"og:url\" content=\"https:\/\/leovegas-au.org\/fr\/gdpr-policy\/\" \/>\n<meta property=\"og:site_name\" content=\"leovegas casino\" \/>\n<meta property=\"article:modified_time\" content=\"2023-12-12T10:24:37+00:00\" \/>\n<meta name=\"twitter:card\" content=\"summary_large_image\" \/>\n<meta name=\"twitter:label1\" content=\"Dur\u00e9e de lecture estim\u00e9e\" \/>\n\t<meta name=\"twitter:data1\" content=\"4 minutes\" \/>\n<script type=\"application\/ld+json\" class=\"yoast-schema-graph\">{\"@context\":\"https:\/\/schema.org\",\"@graph\":[{\"@type\":\"WebSite\",\"@id\":\"https:\/\/leovegas-au.org\/#website\",\"url\":\"https:\/\/leovegas-au.org\/\",\"name\":\"leovegas casino\",\"description\":\"\",\"potentialAction\":[{\"@type\":\"SearchAction\",\"target\":{\"@type\":\"EntryPoint\",\"urlTemplate\":\"https:\/\/leovegas-au.org\/?s={search_term_string}\"},\"query-input\":\"required name=search_term_string\"}],\"inLanguage\":\"fr-FR\"},{\"@type\":\"WebPage\",\"@id\":\"https:\/\/leovegas-au.org\/fr\/gdpr-policy\/#webpage\",\"url\":\"https:\/\/leovegas-au.org\/fr\/gdpr-policy\/\",\"name\":\"Conformit\\u00e9 au RGPD du Leo Vegas Casino\\u00a0: prot\\u00e9ger les donn\\u00e9es en toute confiance\",\"isPartOf\":{\"@id\":\"https:\/\/leovegas-au.org\/#website\"},\"datePublished\":\"2023-11-30T18:32:12+00:00\",\"dateModified\":\"2023-12-12T10:24:37+00:00\",\"description\":\"D\\u00e9couvrez la politique RGPD unique de Leo Vegas Casino, garantissant la protection de vos donn\\u00e9es. Jouez sans souci car nous accordons la priorit\\u00e9 \\u00e0 votre confidentialit\\u00e9 et \\u00e0 votre s\\u00e9curit\\u00e9. D\\u00e9couvrez l'engagement d\\u00e8s aujourd'hui!\",\"breadcrumb\":{\"@id\":\"https:\/\/leovegas-au.org\/fr\/gdpr-policy\/#breadcrumb\"},\"inLanguage\":\"fr-FR\",\"potentialAction\":[{\"@type\":\"ReadAction\",\"target\":[\"https:\/\/leovegas-au.org\/fr\/gdpr-policy\/\"]}]},{\"@type\":\"BreadcrumbList\",\"@id\":\"https:\/\/leovegas-au.org\/fr\/gdpr-policy\/#breadcrumb\",\"itemListElement\":[{\"@type\":\"ListItem\",\"position\":1,\"name\":\"Home\",\"item\":\"https:\/\/leovegas-au.org\/fr\/\"},{\"@type\":\"ListItem\",\"position\":2,\"name\":\"Leo Vegas Casino GDPR Policy\"}]}]}<\/script>\n<!-- \/ Yoast SEO plugin. -->","yoast_head_json":{"title":"Conformit\u00e9 au RGPD du Leo Vegas Casino\u00a0: prot\u00e9ger les donn\u00e9es en toute confiance","description":"D\u00e9couvrez la politique RGPD unique de Leo Vegas Casino, garantissant la protection de vos donn\u00e9es. Jouez sans souci car nous accordons la priorit\u00e9 \u00e0 votre confidentialit\u00e9 et \u00e0 votre s\u00e9curit\u00e9. D\u00e9couvrez l'engagement d\u00e8s aujourd'hui!","robots":{"index":"index","follow":"follow","max-snippet":"max-snippet:-1","max-image-preview":"max-image-preview:large","max-video-preview":"max-video-preview:-1"},"canonical":"https:\/\/leovegas-au.org\/fr\/gdpr-policy\/","og_type":"article","og_title":"Conformit\u00e9 au RGPD du Leo Vegas Casino\u00a0: prot\u00e9ger les donn\u00e9es en toute confiance","og_description":"D\u00e9couvrez la politique RGPD unique de Leo Vegas Casino, garantissant la protection de vos donn\u00e9es. Jouez sans souci car nous accordons la priorit\u00e9 \u00e0 votre confidentialit\u00e9 et \u00e0 votre s\u00e9curit\u00e9. D\u00e9couvrez l'engagement d\u00e8s aujourd'hui!","og_url":"https:\/\/leovegas-au.org\/fr\/gdpr-policy\/","og_site_name":"leovegas casino","article_modified_time":"2023-12-12T10:24:37+00:00","twitter_card":"summary_large_image","twitter_misc":{"Dur\u00e9e de lecture estim\u00e9e":"4 minutes"},"schema":{"@context":"https:\/\/schema.org","@graph":[{"@type":"WebSite","@id":"https:\/\/leovegas-au.org\/#website","url":"https:\/\/leovegas-au.org\/","name":"leovegas casino","description":"","potentialAction":[{"@type":"SearchAction","target":{"@type":"EntryPoint","urlTemplate":"https:\/\/leovegas-au.org\/?s={search_term_string}"},"query-input":"required name=search_term_string"}],"inLanguage":"fr-FR"},{"@type":"WebPage","@id":"https:\/\/leovegas-au.org\/fr\/gdpr-policy\/#webpage","url":"https:\/\/leovegas-au.org\/fr\/gdpr-policy\/","name":"Conformit\u00e9 au RGPD du Leo Vegas Casino\u00a0: prot\u00e9ger les donn\u00e9es en toute confiance","isPartOf":{"@id":"https:\/\/leovegas-au.org\/#website"},"datePublished":"2023-11-30T18:32:12+00:00","dateModified":"2023-12-12T10:24:37+00:00","description":"D\u00e9couvrez la politique RGPD unique de Leo Vegas Casino, garantissant la protection de vos donn\u00e9es. Jouez sans souci car nous accordons la priorit\u00e9 \u00e0 votre confidentialit\u00e9 et \u00e0 votre s\u00e9curit\u00e9. D\u00e9couvrez l'engagement d\u00e8s aujourd'hui!","breadcrumb":{"@id":"https:\/\/leovegas-au.org\/fr\/gdpr-policy\/#breadcrumb"},"inLanguage":"fr-FR","potentialAction":[{"@type":"ReadAction","target":["https:\/\/leovegas-au.org\/fr\/gdpr-policy\/"]}]},{"@type":"BreadcrumbList","@id":"https:\/\/leovegas-au.org\/fr\/gdpr-policy\/#breadcrumb","itemListElement":[{"@type":"ListItem","position":1,"name":"Home","item":"https:\/\/leovegas-au.org\/fr\/"},{"@type":"ListItem","position":2,"name":"Leo Vegas Casino GDPR Policy"}]}]}},"_links":{"self":[{"href":"https:\/\/leovegas-au.org\/fr\/wp-json\/wp\/v2\/pages\/1037","targetHints":{"allow":["GET"]}}],"collection":[{"href":"https:\/\/leovegas-au.org\/fr\/wp-json\/wp\/v2\/pages"}],"about":[{"href":"https:\/\/leovegas-au.org\/fr\/wp-json\/wp\/v2\/types\/page"}],"author":[{"embeddable":true,"href":"https:\/\/leovegas-au.org\/fr\/wp-json\/wp\/v2\/users\/1"}],"replies":[{"embeddable":true,"href":"https:\/\/leovegas-au.org\/fr\/wp-json\/wp\/v2\/comments?post=1037"}],"version-history":[{"count":2,"href":"https:\/\/leovegas-au.org\/fr\/wp-json\/wp\/v2\/pages\/1037\/revisions"}],"predecessor-version":[{"id":1039,"href":"https:\/\/leovegas-au.org\/fr\/wp-json\/wp\/v2\/pages\/1037\/revisions\/1039"}],"wp:attachment":[{"href":"https:\/\/leovegas-au.org\/fr\/wp-json\/wp\/v2\/media?parent=1037"}],"curies":[{"name":"wp","href":"https:\/\/api.w.org\/{rel}","templated":true}]}}