{"id":1032,"date":"2023-11-30T18:22:19","date_gmt":"2023-11-30T18:22:19","guid":{"rendered":"https:\/\/leovegas-au.org\/underage-gaming-policy\/"},"modified":"2023-12-12T10:21:52","modified_gmt":"2023-12-12T10:21:52","slug":"underage-gaming-policy","status":"publish","type":"page","link":"https:\/\/leovegas-au.org\/fr\/underage-gaming-policy\/","title":{"rendered":"Leo Vegas Casino Politique de jeu pour les mineurs"},"content":{"rendered":"<p>Cette politique n&rsquo;est pas seulement une exigence l\u00e9gale mais t\u00e9moigne de l&rsquo;engagement du casino \u00e0 favoriser des pratiques de jeu responsables. Dans cette exploration compl\u00e8te, nous examinerons les \u00e9l\u00e9ments cl\u00e9s de la politique de jeu des mineurs du casino Leo Vegas, mettant en lumi\u00e8re son importance et sa mise en \u0153uvre.<\/p>\n<h2>Garantir un environnement s\u00e9curis\u00e9<\/h2>\n<p>Leo Vegas Casino donne la priorit\u00e9 \u00e0 la cr\u00e9ation d&rsquo;un environnement de jeu s\u00e9curis\u00e9 pour tous ses utilisateurs. L\u2019un des aspects fondamentaux pour y parvenir est l\u2019application de mesures strictes pour emp\u00eacher les mineurs de participer \u00e0 toute forme de jeu sur leur plateforme. Le casino comprend les risques potentiels associ\u00e9s au jeu des mineurs et prend des mesures proactives pour les att\u00e9nuer.<\/p>\n<h2>Protocoles de v\u00e9rification de l&rsquo;\u00e2ge<\/h2>\n<p>Pour respecter son engagement en faveur du jeu responsable, Leo Vegas Casino a mis en place de solides protocoles de v\u00e9rification de l&rsquo;\u00e2ge. Ces protocoles sont con\u00e7us pour garantir que seules les personnes ayant l\u2019\u00e2ge l\u00e9gal pour jouer ont acc\u00e8s \u00e0 la plateforme. Lors du processus d&rsquo;enregistrement du compte, les utilisateurs sont tenus de fournir des informations personnelles exactes, y compris leur date de naissance. Leo Vegas Casino utilise des outils avanc\u00e9s de v\u00e9rification de l&rsquo;\u00e2ge pour v\u00e9rifier ces informations par rapport \u00e0 des bases de donn\u00e9es faisant autorit\u00e9, ne laissant aucune place aux divergences.<\/p>\n<h2>\u00c9ducation et sensibilisation<\/h2>\n<p>Au-del\u00e0 des mesures strictes de v\u00e9rification de l&rsquo;\u00e2ge, Leo Vegas Casino met fortement l&rsquo;accent sur l&rsquo;\u00e9ducation de ses utilisateurs sur l&rsquo;importance du jeu responsable. La plateforme fournit des informations claires et accessibles sur l&rsquo;\u00e2ge l\u00e9gal pour jouer, les risques potentiels associ\u00e9s au jeu chez les mineurs et des ressources pour les personnes cherchant de l&rsquo;aide pour des probl\u00e8mes li\u00e9s au jeu.<\/p>\n<p>Leo Vegas Casino promeut activement le jeu responsable via divers canaux, notamment des banni\u00e8res sur site, des communications par courrier \u00e9lectronique et des plateformes de r\u00e9seaux sociaux. En sensibilisant aux cons\u00e9quences du jeu des mineurs, le casino vise \u00e0 favoriser une communaut\u00e9 de joueurs inform\u00e9s et responsables.<\/p>\n<h2>Responsabilit\u00e9 et rapports<\/h2>\n<p>En cas de soup\u00e7on ou de preuve de jeu par des mineurs, Leo Vegas Casino maintient une politique stricte de responsabilit\u00e9. Les utilisateurs sont encourag\u00e9s \u00e0 signaler imm\u00e9diatement tout cas de jeu chez des mineurs. Le casino dispose de canaux d\u00e9di\u00e9s pour signaler de telles pr\u00e9occupations, et tous les rapports sont trait\u00e9s avec le plus grand s\u00e9rieux et confidentialit\u00e9.<\/p>\n<p>L&rsquo;engagement de Leo Vegas Casino en mati\u00e8re de responsabilit\u00e9 s&rsquo;\u00e9tend au-del\u00e0 de sa base d&rsquo;utilisateurs. La plateforme collabore avec les autorit\u00e9s et organisations comp\u00e9tentes pour partager des informations et contribuer \u00e0 des efforts plus larges visant \u00e0 pr\u00e9venir le jeu chez les mineurs dans l&rsquo;ensemble du secteur. En participant activement \u00e0 ces initiatives, Leo Vegas Casino s&rsquo;efforce d&rsquo;\u00eatre un membre responsable et \u00e9thique de la communaut\u00e9 des jeux en ligne.<\/p>\n<h2>Garanties technologiques<\/h2>\n<p>Comprenant le paysage technologique en constante \u00e9volution, Leo Vegas Casino investit continuellement dans des outils et des syst\u00e8mes de pointe pour am\u00e9liorer ses processus de v\u00e9rification de l&rsquo;\u00e2ge. Utilisant des technologies avanc\u00e9es de v\u00e9rification d\u2019identit\u00e9, le casino garantit que les utilisateurs sont bien ceux qu\u2019ils pr\u00e9tendent \u00eatre, renfor\u00e7ant ainsi ses d\u00e9fenses contre l\u2019acc\u00e8s des mineurs.<\/p>\n<p>L&rsquo;int\u00e9gration de l&rsquo;intelligence artificielle et des algorithmes d&rsquo;apprentissage automatique permet au Leo Vegas Casino de garder une longueur d&rsquo;avance sur les tendances \u00e9mergentes en mati\u00e8re de fraude \u00e0 l&rsquo;identit\u00e9. En restant \u00e0 la pointe des avanc\u00e9es technologiques, le casino am\u00e9liore non seulement l&rsquo;exp\u00e9rience utilisateur mais renforce \u00e9galement sa capacit\u00e9 \u00e0 maintenir un environnement de jeu s\u00e9curis\u00e9 et responsable.<\/p>\n<h2>Conformit\u00e9 l\u00e9gale<\/h2>\n<p>Leo Vegas Casino op\u00e8re dans les cadres juridiques des juridictions dans lesquelles il est licenci\u00e9. Le casino se conforme \u00e0 toutes les lois et r\u00e9glementations pertinentes li\u00e9es au jeu, y compris celles relatives \u00e0 la pr\u00e9vention du jeu chez les mineurs. Cet engagement envers la conformit\u00e9 l\u00e9gale n\u2019est pas seulement une exigence r\u00e9glementaire ; il refl\u00e8te l&rsquo;engagement du casino \u00e0 respecter les normes les plus \u00e9lev\u00e9es d&rsquo;int\u00e9grit\u00e9 et de conduite \u00e9thique.<\/p>\n<p>La politique de jeu des mineurs du casino Leo Vegas t\u00e9moigne de son engagement in\u00e9branlable en faveur du jeu responsable. Gr\u00e2ce \u00e0 une approche \u00e0 multiples facettes qui comprend des protocoles stricts de v\u00e9rification de l&rsquo;\u00e2ge, des initiatives d&rsquo;\u00e9ducation et de sensibilisation, des mesures de responsabilisation, des garanties technologiques et une conformit\u00e9 l\u00e9gale, le casino garantit un environnement de jeu qui donne la priorit\u00e9 au bien-\u00eatre de ses utilisateurs.<\/p>\n","protected":false},"excerpt":{"rendered":"<p>Cette politique n&rsquo;est pas seulement une exigence l\u00e9gale mais t\u00e9moigne de l&rsquo;engagement du casino \u00e0 favoriser des pratiques de jeu responsables. Dans cette exploration compl\u00e8te, nous examinerons les \u00e9l\u00e9ments cl\u00e9s de la politique de jeu des mineurs du casino Leo Vegas, mettant en lumi\u00e8re son importance et sa mise en \u0153uvre. Garantir un environnement s\u00e9curis\u00e9 [&hellip;]<\/p>\n","protected":false},"author":1,"featured_media":0,"parent":0,"menu_order":0,"comment_status":"closed","ping_status":"closed","template":"","meta":{"footnotes":""},"class_list":["post-1032","page","type-page","status-publish","hentry"],"acf":[],"yoast_head":"<!-- This site is optimized with the Yoast SEO plugin v17.9 - https:\/\/yoast.com\/wordpress\/plugins\/seo\/ -->\n<title>Garantir un jeu responsable gr\u00e2ce \u00e0 notre politique stricte en mati\u00e8re de jeu chez les mineurs<\/title>\n<meta name=\"description\" content=\"D\u00e9couvrez l&#039;engagement de Leo Vegas Casino en faveur du jeu responsable. D\u00e9couvrez notre politique stricte en mati\u00e8re de jeu chez les mineurs, qui donne la priorit\u00e9 \u00e0 un environnement s\u00fbr et s\u00e9curis\u00e9 pour les joueurs.\" \/>\n<meta name=\"robots\" content=\"index, follow, max-snippet:-1, max-image-preview:large, max-video-preview:-1\" \/>\n<link rel=\"canonical\" href=\"https:\/\/leovegas-au.org\/fr\/underage-gaming-policy\/\" \/>\n<meta property=\"og:type\" content=\"article\" \/>\n<meta property=\"og:title\" content=\"Garantir un jeu responsable gr\u00e2ce \u00e0 notre politique stricte en mati\u00e8re de jeu chez les mineurs\" \/>\n<meta property=\"og:description\" content=\"D\u00e9couvrez l&#039;engagement de Leo Vegas Casino en faveur du jeu responsable. D\u00e9couvrez notre politique stricte en mati\u00e8re de jeu chez les mineurs, qui donne la priorit\u00e9 \u00e0 un environnement s\u00fbr et s\u00e9curis\u00e9 pour les joueurs.\" \/>\n<meta property=\"og:url\" content=\"https:\/\/leovegas-au.org\/fr\/underage-gaming-policy\/\" \/>\n<meta property=\"og:site_name\" content=\"leovegas casino\" \/>\n<meta property=\"article:modified_time\" content=\"2023-12-12T10:21:52+00:00\" \/>\n<meta name=\"twitter:card\" content=\"summary_large_image\" \/>\n<meta name=\"twitter:label1\" content=\"Dur\u00e9e de lecture estim\u00e9e\" \/>\n\t<meta name=\"twitter:data1\" content=\"4 minutes\" \/>\n<script type=\"application\/ld+json\" class=\"yoast-schema-graph\">{\"@context\":\"https:\/\/schema.org\",\"@graph\":[{\"@type\":\"WebSite\",\"@id\":\"https:\/\/leovegas-au.org\/#website\",\"url\":\"https:\/\/leovegas-au.org\/\",\"name\":\"leovegas casino\",\"description\":\"\",\"potentialAction\":[{\"@type\":\"SearchAction\",\"target\":{\"@type\":\"EntryPoint\",\"urlTemplate\":\"https:\/\/leovegas-au.org\/?s={search_term_string}\"},\"query-input\":\"required name=search_term_string\"}],\"inLanguage\":\"fr-FR\"},{\"@type\":\"WebPage\",\"@id\":\"https:\/\/leovegas-au.org\/fr\/underage-gaming-policy\/#webpage\",\"url\":\"https:\/\/leovegas-au.org\/fr\/underage-gaming-policy\/\",\"name\":\"Garantir un jeu responsable gr\\u00e2ce \\u00e0 notre politique stricte en mati\\u00e8re de jeu chez les mineurs\",\"isPartOf\":{\"@id\":\"https:\/\/leovegas-au.org\/#website\"},\"datePublished\":\"2023-11-30T18:22:19+00:00\",\"dateModified\":\"2023-12-12T10:21:52+00:00\",\"description\":\"D\\u00e9couvrez l'engagement de Leo Vegas Casino en faveur du jeu responsable. D\\u00e9couvrez notre politique stricte en mati\\u00e8re de jeu chez les mineurs, qui donne la priorit\\u00e9 \\u00e0 un environnement s\\u00fbr et s\\u00e9curis\\u00e9 pour les joueurs.\",\"breadcrumb\":{\"@id\":\"https:\/\/leovegas-au.org\/fr\/underage-gaming-policy\/#breadcrumb\"},\"inLanguage\":\"fr-FR\",\"potentialAction\":[{\"@type\":\"ReadAction\",\"target\":[\"https:\/\/leovegas-au.org\/fr\/underage-gaming-policy\/\"]}]},{\"@type\":\"BreadcrumbList\",\"@id\":\"https:\/\/leovegas-au.org\/fr\/underage-gaming-policy\/#breadcrumb\",\"itemListElement\":[{\"@type\":\"ListItem\",\"position\":1,\"name\":\"Home\",\"item\":\"https:\/\/leovegas-au.org\/fr\/\"},{\"@type\":\"ListItem\",\"position\":2,\"name\":\"Leo Vegas Casino Politique de jeu pour les mineurs\"}]}]}<\/script>\n<!-- \/ Yoast SEO plugin. -->","yoast_head_json":{"title":"Garantir un jeu responsable gr\u00e2ce \u00e0 notre politique stricte en mati\u00e8re de jeu chez les mineurs","description":"D\u00e9couvrez l'engagement de Leo Vegas Casino en faveur du jeu responsable. D\u00e9couvrez notre politique stricte en mati\u00e8re de jeu chez les mineurs, qui donne la priorit\u00e9 \u00e0 un environnement s\u00fbr et s\u00e9curis\u00e9 pour les joueurs.","robots":{"index":"index","follow":"follow","max-snippet":"max-snippet:-1","max-image-preview":"max-image-preview:large","max-video-preview":"max-video-preview:-1"},"canonical":"https:\/\/leovegas-au.org\/fr\/underage-gaming-policy\/","og_type":"article","og_title":"Garantir un jeu responsable gr\u00e2ce \u00e0 notre politique stricte en mati\u00e8re de jeu chez les mineurs","og_description":"D\u00e9couvrez l'engagement de Leo Vegas Casino en faveur du jeu responsable. D\u00e9couvrez notre politique stricte en mati\u00e8re de jeu chez les mineurs, qui donne la priorit\u00e9 \u00e0 un environnement s\u00fbr et s\u00e9curis\u00e9 pour les joueurs.","og_url":"https:\/\/leovegas-au.org\/fr\/underage-gaming-policy\/","og_site_name":"leovegas casino","article_modified_time":"2023-12-12T10:21:52+00:00","twitter_card":"summary_large_image","twitter_misc":{"Dur\u00e9e de lecture estim\u00e9e":"4 minutes"},"schema":{"@context":"https:\/\/schema.org","@graph":[{"@type":"WebSite","@id":"https:\/\/leovegas-au.org\/#website","url":"https:\/\/leovegas-au.org\/","name":"leovegas casino","description":"","potentialAction":[{"@type":"SearchAction","target":{"@type":"EntryPoint","urlTemplate":"https:\/\/leovegas-au.org\/?s={search_term_string}"},"query-input":"required name=search_term_string"}],"inLanguage":"fr-FR"},{"@type":"WebPage","@id":"https:\/\/leovegas-au.org\/fr\/underage-gaming-policy\/#webpage","url":"https:\/\/leovegas-au.org\/fr\/underage-gaming-policy\/","name":"Garantir un jeu responsable gr\u00e2ce \u00e0 notre politique stricte en mati\u00e8re de jeu chez les mineurs","isPartOf":{"@id":"https:\/\/leovegas-au.org\/#website"},"datePublished":"2023-11-30T18:22:19+00:00","dateModified":"2023-12-12T10:21:52+00:00","description":"D\u00e9couvrez l'engagement de Leo Vegas Casino en faveur du jeu responsable. D\u00e9couvrez notre politique stricte en mati\u00e8re de jeu chez les mineurs, qui donne la priorit\u00e9 \u00e0 un environnement s\u00fbr et s\u00e9curis\u00e9 pour les joueurs.","breadcrumb":{"@id":"https:\/\/leovegas-au.org\/fr\/underage-gaming-policy\/#breadcrumb"},"inLanguage":"fr-FR","potentialAction":[{"@type":"ReadAction","target":["https:\/\/leovegas-au.org\/fr\/underage-gaming-policy\/"]}]},{"@type":"BreadcrumbList","@id":"https:\/\/leovegas-au.org\/fr\/underage-gaming-policy\/#breadcrumb","itemListElement":[{"@type":"ListItem","position":1,"name":"Home","item":"https:\/\/leovegas-au.org\/fr\/"},{"@type":"ListItem","position":2,"name":"Leo Vegas Casino Politique de jeu pour les mineurs"}]}]}},"_links":{"self":[{"href":"https:\/\/leovegas-au.org\/fr\/wp-json\/wp\/v2\/pages\/1032","targetHints":{"allow":["GET"]}}],"collection":[{"href":"https:\/\/leovegas-au.org\/fr\/wp-json\/wp\/v2\/pages"}],"about":[{"href":"https:\/\/leovegas-au.org\/fr\/wp-json\/wp\/v2\/types\/page"}],"author":[{"embeddable":true,"href":"https:\/\/leovegas-au.org\/fr\/wp-json\/wp\/v2\/users\/1"}],"replies":[{"embeddable":true,"href":"https:\/\/leovegas-au.org\/fr\/wp-json\/wp\/v2\/comments?post=1032"}],"version-history":[{"count":1,"href":"https:\/\/leovegas-au.org\/fr\/wp-json\/wp\/v2\/pages\/1032\/revisions"}],"predecessor-version":[{"id":1033,"href":"https:\/\/leovegas-au.org\/fr\/wp-json\/wp\/v2\/pages\/1032\/revisions\/1033"}],"wp:attachment":[{"href":"https:\/\/leovegas-au.org\/fr\/wp-json\/wp\/v2\/media?parent=1032"}],"curies":[{"name":"wp","href":"https:\/\/api.w.org\/{rel}","templated":true}]}}