{"id":1015,"date":"2023-11-30T17:53:40","date_gmt":"2023-11-30T17:53:40","guid":{"rendered":"https:\/\/leovegas-au.org\/responsible-gaming\/"},"modified":"2023-12-12T10:02:39","modified_gmt":"2023-12-12T10:02:39","slug":"responsible-gaming","status":"publish","type":"page","link":"https:\/\/leovegas-au.org\/fr\/responsible-gaming\/","title":{"rendered":"Leo Vegas Casino Jeu responsable"},"content":{"rendered":"<p>Dans le monde dynamique des casinos en ligne, LeoVegas se distingue non seulement par ses jeux passionnants et sa technologie de pointe, mais \u00e9galement par son engagement in\u00e9branlable en faveur du jeu responsable. Alors que LeoVegas c\u00e9l\u00e8bre son premier anniversaire, c&rsquo;est le moment opportun pour d\u00e9couvrir comment ce g\u00e9ant de l&rsquo;industrie a donn\u00e9 la priorit\u00e9 au bien-\u00eatre de ses joueurs gr\u00e2ce \u00e0 ses solides initiatives de jeu responsable.<\/p>\n<h2>Cr\u00e9er un environnement s\u00fbr<\/h2>\n<p>LeoVegas comprend qu&rsquo;un environnement de jeu s\u00e9curis\u00e9 est primordial pour une exp\u00e9rience agr\u00e9able. Le casino a mis en \u0153uvre des mesures strictes pour garantir que les joueurs sont prot\u00e9g\u00e9s de tout pr\u00e9judice potentiel associ\u00e9 \u00e0 un jeu excessif. Des m\u00e9thodes de paiement s\u00e9curis\u00e9es aux protocoles de cryptage, LeoVegas ne n\u00e9glige aucun effort pour fournir une plate-forme s\u00e9curis\u00e9e \u00e0 ses utilisateurs.<\/p>\n<h2>V\u00e9rification de l\u2019\u00e2ge et politiques d\u2019inscription strictes<\/h2>\n<p>Pour maintenir un environnement de jeu responsable, LeoVegas a mis en place des processus rigoureux de v\u00e9rification de l&rsquo;\u00e2ge. Avant que les joueurs puissent se lancer dans leur aventure de jeu, ils doivent prouver qu\u2019ils ont l\u2019\u00e2ge l\u00e9gal pour jouer. Cela est non seulement conforme aux exigences r\u00e9glementaires, mais constitue \u00e9galement une mesure proactive dans la pr\u00e9vention du jeu chez les mineurs.<\/p>\n<p>De plus, LeoVegas a mis en place des politiques d&rsquo;enregistrement strictes pour garantir que chaque utilisateur ne cr\u00e9e qu&rsquo;un seul compte. Cela aide \u00e0 suivre et \u00e0 surveiller le comportement de jeu individuel, permettant au casino d&rsquo;intervenir si des signes de jeu probl\u00e9matique apparaissent.<\/p>\n<h2>Donner aux joueurs les outils d\u2019auto-\u00e9valuation<\/h2>\n<p>Reconnaissant l&rsquo;importance de responsabiliser les joueurs, LeoVegas propose des outils d&rsquo;auto-\u00e9valuation. Ces outils permettent aux joueurs d&rsquo;\u00e9valuer leur comportement de jeu, leurs d\u00e9penses et leur implication globale. En encourageant l&rsquo;introspection, LeoVegas vise \u00e0 promouvoir des habitudes de jeu responsables et \u00e0 inciter les utilisateurs \u00e0 demander de l&rsquo;aide si n\u00e9cessaire.<\/p>\n<h2>Fixer des limites<\/h2>\n<p>LeoVegas permet aux joueurs de prendre le contr\u00f4le de leur exp\u00e9rience de jeu en proposant une vari\u00e9t\u00e9 d&rsquo;options de d\u00e9finition de limites. Les joueurs peuvent d\u00e9finir des limites de d\u00e9p\u00f4t quotidiennes, hebdomadaires ou mensuelles pour g\u00e9rer efficacement leurs d\u00e9penses. De plus, le casino propose des options pour fixer des limites de dur\u00e9e de session, garantissant ainsi que les joueurs prennent des pauses et maintiennent un \u00e9quilibre sain entre le jeu et les autres aspects de leur vie.<\/p>\n<h2>V\u00e9rifications de la r\u00e9alit\u00e9<\/h2>\n<p>Conform\u00e9ment \u00e0 son engagement en faveur du jeu responsable, LeoVegas int\u00e8gre des tests de r\u00e9alit\u00e9 dans sa plateforme. Ces rappels p\u00e9riodiques alertent les joueurs du temps pass\u00e9 \u00e0 jouer et des fonds utilis\u00e9s lors d&rsquo;une session. Cette fonctionnalit\u00e9 encourage les joueurs \u00e0 r\u00e9fl\u00e9chir \u00e0 leur activit\u00e9 de jeu et \u00e0 d\u00e9cider s&rsquo;ils doivent continuer ou faire une pause.<\/p>\n<h2>Auto-exclusion temporaire et permanente<\/h2>\n<p>Comprenant que certains joueurs peuvent avoir besoin d&rsquo;une intervention plus robuste, LeoVegas propose des options d&rsquo;auto-exclusion temporaires et permanentes. Les joueurs peuvent choisir de s&rsquo;exclure de la plateforme pour une dur\u00e9e d\u00e9termin\u00e9e ou opter pour une exclusion permanente s&rsquo;ils le jugent n\u00e9cessaire. Cet engagement \u00e0 proposer des options d&rsquo;auto-exclusion d\u00e9montre l&rsquo;engagement de LeoVegas envers le bien-\u00eatre de ses utilisateurs.<\/p>\n<h2>Collaboration avec des organisations de jeu responsable<\/h2>\n<p>LeoVegas collabore activement avec les principales organisations de jeu responsable pour rester \u00e0 la pointe des meilleures pratiques du secteur. En s&rsquo;associant avec des entit\u00e9s d\u00e9di\u00e9es \u00e0 la lutte contre le jeu probl\u00e9matique, LeoVegas garantit que ses initiatives en mati\u00e8re de jeu responsable sont align\u00e9es sur les normes mondiales. Cette approche collaborative refl\u00e8te l&rsquo;engagement du casino \u00e0 s&rsquo;am\u00e9liorer continuellement en favorisant un environnement de jeu s\u00fbr et responsable.<\/p>\n<h2>Promouvoir la sensibilisation et l\u2019\u00e9ducation<\/h2>\n<p>LeoVegas reconna\u00eet l&rsquo;importance de sensibiliser au jeu responsable. Le casino propose des ressources d&rsquo;information et du mat\u00e9riel p\u00e9dagogique sur sa plateforme, garantissant que les joueurs sont bien inform\u00e9s sur les risques potentiels associ\u00e9s au jeu excessif. En promouvant la sensibilisation et l&rsquo;\u00e9ducation, LeoVegas s&rsquo;efforce de permettre \u00e0 ses utilisateurs de prendre des d\u00e9cisions \u00e9clair\u00e9es concernant leurs habitudes de jeu.<\/p>\n<h2>Surveillance et intervention proactives<\/h2>\n<p>Pour renforcer davantage ses efforts en mati\u00e8re de jeu responsable, LeoVegas utilise des syst\u00e8mes de surveillance avanc\u00e9s pour identifier et traiter les signes potentiels d&rsquo;un comportement de jeu probl\u00e9matique. En intervenant de mani\u00e8re proactive lorsque cela est n\u00e9cessaire, le casino vise \u00e0 pr\u00e9venir et att\u00e9nuer les cons\u00e9quences n\u00e9gatives du jeu excessif. Cette approche souligne l&rsquo;engagement de LeoVegas \u00e0 donner la priorit\u00e9 au bien-\u00eatre des joueurs.<\/p>\n<p>En cr\u00e9ant un environnement s\u00fbr, en mettant en \u0153uvre des politiques d&rsquo;inscription strictes et en proposant des outils responsabilisants, LeoVegas met le bien-\u00eatre de ses joueurs au premier plan. Gr\u00e2ce \u00e0 une collaboration continue avec des organisations de jeu responsable et \u00e0 une approche proactive en mati\u00e8re de surveillance et d&rsquo;intervention, LeoVegas \u00e9tablit une norme en mati\u00e8re de jeu responsable qui trouve un \u00e9cho dans le paysage des casinos en ligne. Alors que les joueurs c\u00e9l\u00e8brent leurs victoires et profitent de l&rsquo;excitation des jeux, ils peuvent le faire avec la certitude que LeoVegas s&rsquo;engage \u00e0 garantir une exp\u00e9rience de jeu responsable et agr\u00e9able pour tous.<\/p>\n","protected":false},"excerpt":{"rendered":"<p>Dans le monde dynamique des casinos en ligne, LeoVegas se distingue non seulement par ses jeux passionnants et sa technologie de pointe, mais \u00e9galement par son engagement in\u00e9branlable en faveur du jeu responsable. Alors que LeoVegas c\u00e9l\u00e8bre son premier anniversaire, c&rsquo;est le moment opportun pour d\u00e9couvrir comment ce g\u00e9ant de l&rsquo;industrie a donn\u00e9 la priorit\u00e9 [&hellip;]<\/p>\n","protected":false},"author":1,"featured_media":0,"parent":0,"menu_order":0,"comment_status":"closed","ping_status":"closed","template":"","meta":{"footnotes":""},"class_list":["post-1015","page","type-page","status-publish","hentry"],"acf":[],"yoast_head":"<!-- This site is optimized with the Yoast SEO plugin v17.9 - https:\/\/yoast.com\/wordpress\/plugins\/seo\/ -->\n<title>Leo Vegas\u00a0: profitez d&#039;un jeu responsable sur le casino en ligne ultime<\/title>\n<meta name=\"description\" content=\"Vivez le frisson du casino Leo Vegas de mani\u00e8re responsable. Plongez dans un monde de divertissement avec nos divers jeux tout en privil\u00e9giant des pratiques de jeu s\u00fbres et responsables.\" \/>\n<meta name=\"robots\" content=\"index, follow, max-snippet:-1, max-image-preview:large, max-video-preview:-1\" \/>\n<link rel=\"canonical\" href=\"https:\/\/leovegas-au.org\/fr\/responsible-gaming\/\" \/>\n<meta property=\"og:type\" content=\"article\" \/>\n<meta property=\"og:title\" content=\"Leo Vegas\u00a0: profitez d&#039;un jeu responsable sur le casino en ligne ultime\" \/>\n<meta property=\"og:description\" content=\"Vivez le frisson du casino Leo Vegas de mani\u00e8re responsable. Plongez dans un monde de divertissement avec nos divers jeux tout en privil\u00e9giant des pratiques de jeu s\u00fbres et responsables.\" \/>\n<meta property=\"og:url\" content=\"https:\/\/leovegas-au.org\/fr\/responsible-gaming\/\" \/>\n<meta property=\"og:site_name\" content=\"leovegas casino\" \/>\n<meta property=\"article:modified_time\" content=\"2023-12-12T10:02:39+00:00\" \/>\n<meta name=\"twitter:card\" content=\"summary_large_image\" \/>\n<meta name=\"twitter:label1\" content=\"Dur\u00e9e de lecture estim\u00e9e\" \/>\n\t<meta name=\"twitter:data1\" content=\"4 minutes\" \/>\n<script type=\"application\/ld+json\" class=\"yoast-schema-graph\">{\"@context\":\"https:\/\/schema.org\",\"@graph\":[{\"@type\":\"WebSite\",\"@id\":\"https:\/\/leovegas-au.org\/#website\",\"url\":\"https:\/\/leovegas-au.org\/\",\"name\":\"leovegas casino\",\"description\":\"\",\"potentialAction\":[{\"@type\":\"SearchAction\",\"target\":{\"@type\":\"EntryPoint\",\"urlTemplate\":\"https:\/\/leovegas-au.org\/?s={search_term_string}\"},\"query-input\":\"required name=search_term_string\"}],\"inLanguage\":\"fr-FR\"},{\"@type\":\"WebPage\",\"@id\":\"https:\/\/leovegas-au.org\/fr\/responsible-gaming\/#webpage\",\"url\":\"https:\/\/leovegas-au.org\/fr\/responsible-gaming\/\",\"name\":\"Leo Vegas\\u00a0: profitez d'un jeu responsable sur le casino en ligne ultime\",\"isPartOf\":{\"@id\":\"https:\/\/leovegas-au.org\/#website\"},\"datePublished\":\"2023-11-30T17:53:40+00:00\",\"dateModified\":\"2023-12-12T10:02:39+00:00\",\"description\":\"Vivez le frisson du casino Leo Vegas de mani\\u00e8re responsable. Plongez dans un monde de divertissement avec nos divers jeux tout en privil\\u00e9giant des pratiques de jeu s\\u00fbres et responsables.\",\"breadcrumb\":{\"@id\":\"https:\/\/leovegas-au.org\/fr\/responsible-gaming\/#breadcrumb\"},\"inLanguage\":\"fr-FR\",\"potentialAction\":[{\"@type\":\"ReadAction\",\"target\":[\"https:\/\/leovegas-au.org\/fr\/responsible-gaming\/\"]}]},{\"@type\":\"BreadcrumbList\",\"@id\":\"https:\/\/leovegas-au.org\/fr\/responsible-gaming\/#breadcrumb\",\"itemListElement\":[{\"@type\":\"ListItem\",\"position\":1,\"name\":\"Home\",\"item\":\"https:\/\/leovegas-au.org\/fr\/\"},{\"@type\":\"ListItem\",\"position\":2,\"name\":\"Leo Vegas Casino Jeu responsable\"}]}]}<\/script>\n<!-- \/ Yoast SEO plugin. -->","yoast_head_json":{"title":"Leo Vegas\u00a0: profitez d'un jeu responsable sur le casino en ligne ultime","description":"Vivez le frisson du casino Leo Vegas de mani\u00e8re responsable. Plongez dans un monde de divertissement avec nos divers jeux tout en privil\u00e9giant des pratiques de jeu s\u00fbres et responsables.","robots":{"index":"index","follow":"follow","max-snippet":"max-snippet:-1","max-image-preview":"max-image-preview:large","max-video-preview":"max-video-preview:-1"},"canonical":"https:\/\/leovegas-au.org\/fr\/responsible-gaming\/","og_type":"article","og_title":"Leo Vegas\u00a0: profitez d'un jeu responsable sur le casino en ligne ultime","og_description":"Vivez le frisson du casino Leo Vegas de mani\u00e8re responsable. Plongez dans un monde de divertissement avec nos divers jeux tout en privil\u00e9giant des pratiques de jeu s\u00fbres et responsables.","og_url":"https:\/\/leovegas-au.org\/fr\/responsible-gaming\/","og_site_name":"leovegas casino","article_modified_time":"2023-12-12T10:02:39+00:00","twitter_card":"summary_large_image","twitter_misc":{"Dur\u00e9e de lecture estim\u00e9e":"4 minutes"},"schema":{"@context":"https:\/\/schema.org","@graph":[{"@type":"WebSite","@id":"https:\/\/leovegas-au.org\/#website","url":"https:\/\/leovegas-au.org\/","name":"leovegas casino","description":"","potentialAction":[{"@type":"SearchAction","target":{"@type":"EntryPoint","urlTemplate":"https:\/\/leovegas-au.org\/?s={search_term_string}"},"query-input":"required name=search_term_string"}],"inLanguage":"fr-FR"},{"@type":"WebPage","@id":"https:\/\/leovegas-au.org\/fr\/responsible-gaming\/#webpage","url":"https:\/\/leovegas-au.org\/fr\/responsible-gaming\/","name":"Leo Vegas\u00a0: profitez d'un jeu responsable sur le casino en ligne ultime","isPartOf":{"@id":"https:\/\/leovegas-au.org\/#website"},"datePublished":"2023-11-30T17:53:40+00:00","dateModified":"2023-12-12T10:02:39+00:00","description":"Vivez le frisson du casino Leo Vegas de mani\u00e8re responsable. Plongez dans un monde de divertissement avec nos divers jeux tout en privil\u00e9giant des pratiques de jeu s\u00fbres et responsables.","breadcrumb":{"@id":"https:\/\/leovegas-au.org\/fr\/responsible-gaming\/#breadcrumb"},"inLanguage":"fr-FR","potentialAction":[{"@type":"ReadAction","target":["https:\/\/leovegas-au.org\/fr\/responsible-gaming\/"]}]},{"@type":"BreadcrumbList","@id":"https:\/\/leovegas-au.org\/fr\/responsible-gaming\/#breadcrumb","itemListElement":[{"@type":"ListItem","position":1,"name":"Home","item":"https:\/\/leovegas-au.org\/fr\/"},{"@type":"ListItem","position":2,"name":"Leo Vegas Casino Jeu responsable"}]}]}},"_links":{"self":[{"href":"https:\/\/leovegas-au.org\/fr\/wp-json\/wp\/v2\/pages\/1015","targetHints":{"allow":["GET"]}}],"collection":[{"href":"https:\/\/leovegas-au.org\/fr\/wp-json\/wp\/v2\/pages"}],"about":[{"href":"https:\/\/leovegas-au.org\/fr\/wp-json\/wp\/v2\/types\/page"}],"author":[{"embeddable":true,"href":"https:\/\/leovegas-au.org\/fr\/wp-json\/wp\/v2\/users\/1"}],"replies":[{"embeddable":true,"href":"https:\/\/leovegas-au.org\/fr\/wp-json\/wp\/v2\/comments?post=1015"}],"version-history":[{"count":1,"href":"https:\/\/leovegas-au.org\/fr\/wp-json\/wp\/v2\/pages\/1015\/revisions"}],"predecessor-version":[{"id":1016,"href":"https:\/\/leovegas-au.org\/fr\/wp-json\/wp\/v2\/pages\/1015\/revisions\/1016"}],"wp:attachment":[{"href":"https:\/\/leovegas-au.org\/fr\/wp-json\/wp\/v2\/media?parent=1015"}],"curies":[{"name":"wp","href":"https:\/\/api.w.org\/{rel}","templated":true}]}}