{"id":1010,"date":"2023-11-30T17:39:07","date_gmt":"2023-11-30T17:39:07","guid":{"rendered":"https:\/\/leovegas-au.org\/contact-us\/"},"modified":"2023-12-12T10:00:16","modified_gmt":"2023-12-12T10:00:16","slug":"contact-us","status":"publish","type":"page","link":"https:\/\/leovegas-au.org\/fr\/contact-us\/","title":{"rendered":"Leo Vegas Casino Contactez-nous"},"content":{"rendered":"<p>Salutations du casino Leo Vegas\u00a0! Alors que nous c\u00e9l\u00e9brons notre premier anniversaire d\u2019exp\u00e9rience de jeu in\u00e9gal\u00e9e, nous souhaitons exprimer notre gratitude pour votre soutien continu. Chez Leo Vegas, nous nous engageons \u00e0 fournir non seulement des jeux extraordinaires, mais \u00e9galement un service client exceptionnel. Notre fonctionnalit\u00e9 \u00ab\u00a0Contactez-nous\u00a0\u00bb t\u00e9moigne de notre engagement \u00e0 garantir que votre parcours de jeu soit fluide et agr\u00e9able.<\/p>\n<h2>\u00c9quipe d&rsquo;assistance r\u00e9active\u00a0: vos requ\u00eates, notre priorit\u00e9<\/h2>\n<p>Notre page Contactez-nous est con\u00e7ue en pensant \u00e0 vous. Que vous ayez une question sur un jeu, que vous ayez besoin d&rsquo;aide avec votre compte ou que vous souhaitiez simplement partager vos commentaires, notre \u00e9quipe d&rsquo;assistance r\u00e9active est pr\u00eate \u00e0 vous aider. En cliquant sur le lien Contactez-nous, vous ouvrez une passerelle vers une assistance rapide et personnalis\u00e9e, garantissant que vos questions sont trait\u00e9es avec le plus grand soin et la plus grande efficacit\u00e9.<\/p>\n<h2>Canaux de communication multiples\u00a0: votre commodit\u00e9 compte<\/h2>\n<p>Comprenant que les pr\u00e9f\u00e9rences de communication varient, nous proposons plusieurs canaux pour nous contacter. Que vous pr\u00e9f\u00e9riez la correspondance traditionnelle par courrier \u00e9lectronique, une discussion rapide via notre fonction de chat en direct ou m\u00eame un contact via les plateformes de m\u00e9dias sociaux, nous sommes l\u00e0 pour r\u00e9pondre \u00e0 vos pr\u00e9f\u00e9rences. Leo Vegas Casino Contactez-nous garantit que la connexion avec notre \u00e9quipe est facile, accessible et adapt\u00e9e \u00e0 votre convenance.<\/p>\n<h2>Disponibilit\u00e9 24h\/24 et 7j\/7\u00a0: le jeu ne dort jamais, nous non plus<\/h2>\n<p>Notre engagement envers l\u2019excellence s\u2019\u00e9tend au-del\u00e0 des seuls jeux. Avec une disponibilit\u00e9 24h\/24 et 7j\/7, notre fonctionnalit\u00e9 Contactez-nous refl\u00e8te notre compr\u00e9hension que le jeu ne se limite pas \u00e0 des heures sp\u00e9cifiques. De jour comme de nuit, notre \u00e9quipe d&rsquo;assistance est \u00e0 votre service, pr\u00eate \u00e0 vous aider et \u00e0 am\u00e9liorer votre exp\u00e9rience de jeu.<\/p>\n<h2>Commentaires bienvenus\u00a0:\u00a0Fa\u00e7onner l&rsquo;avenir ensemble<\/h2>\n<p>Vos commentaires nous sont pr\u00e9cieux. La page Contactez-nous ne sert pas uniquement au d\u00e9pannage\u00a0; c&rsquo;est une plateforme o\u00f9 vos suggestions, opinions et id\u00e9es sont les bienvenues. Nous croyons qu&rsquo;il est important de fa\u00e7onner l&rsquo;avenir du casino Leo Vegas de mani\u00e8re collaborative, et votre contribution joue un r\u00f4le crucial pour y parvenir.<\/p>\n<p>Alors que nous c\u00e9l\u00e9brons notre premier anniversaire, Leo Vegas Casino Contactez-nous reste la pierre angulaire de notre engagement \u00e0 offrir une exp\u00e9rience de jeu qui d\u00e9passe les attentes. Merci de faire partie de cet incroyable voyage. \u00c0 bient\u00f4t pour de nombreuses ann\u00e9es suppl\u00e9mentaires d&rsquo;excellence en mati\u00e8re de jeu\u00a0!<\/p>\n","protected":false},"excerpt":{"rendered":"<p>Salutations du casino Leo Vegas\u00a0! Alors que nous c\u00e9l\u00e9brons notre premier anniversaire d\u2019exp\u00e9rience de jeu in\u00e9gal\u00e9e, nous souhaitons exprimer notre gratitude pour votre soutien continu. Chez Leo Vegas, nous nous engageons \u00e0 fournir non seulement des jeux extraordinaires, mais \u00e9galement un service client exceptionnel. Notre fonctionnalit\u00e9 \u00ab\u00a0Contactez-nous\u00a0\u00bb t\u00e9moigne de notre engagement \u00e0 garantir que votre [&hellip;]<\/p>\n","protected":false},"author":1,"featured_media":0,"parent":0,"menu_order":0,"comment_status":"closed","ping_status":"closed","template":"","meta":{"footnotes":""},"class_list":["post-1010","page","type-page","status-publish","hentry"],"acf":[],"yoast_head":"<!-- This site is optimized with the Yoast SEO plugin v17.9 - https:\/\/yoast.com\/wordpress\/plugins\/seo\/ -->\n<title>Connectez-vous avec Leo Vegas Casino\u00a0: contactez l&#039;assistance et l&#039;assistance<\/title>\n<meta name=\"description\" content=\"Faites l&#039;exp\u00e9rience d&#039;une assistance transparente chez Leo Vegas\u00a0! Contactez-nous pour un accompagnement et des informations personnalis\u00e9s. Votre voyage vers un jeu in\u00e9gal\u00e9 commence par une simple connexion.\" \/>\n<meta name=\"robots\" content=\"index, follow, max-snippet:-1, max-image-preview:large, max-video-preview:-1\" \/>\n<link rel=\"canonical\" href=\"https:\/\/leovegas-au.org\/fr\/contact-us\/\" \/>\n<meta property=\"og:type\" content=\"article\" \/>\n<meta property=\"og:title\" content=\"Connectez-vous avec Leo Vegas Casino\u00a0: contactez l&#039;assistance et l&#039;assistance\" \/>\n<meta property=\"og:description\" content=\"Faites l&#039;exp\u00e9rience d&#039;une assistance transparente chez Leo Vegas\u00a0! Contactez-nous pour un accompagnement et des informations personnalis\u00e9s. Votre voyage vers un jeu in\u00e9gal\u00e9 commence par une simple connexion.\" \/>\n<meta property=\"og:url\" content=\"https:\/\/leovegas-au.org\/fr\/contact-us\/\" \/>\n<meta property=\"og:site_name\" content=\"leovegas casino\" \/>\n<meta property=\"article:modified_time\" content=\"2023-12-12T10:00:16+00:00\" \/>\n<meta name=\"twitter:card\" content=\"summary_large_image\" \/>\n<meta name=\"twitter:label1\" content=\"Dur\u00e9e de lecture estim\u00e9e\" \/>\n\t<meta name=\"twitter:data1\" content=\"2 minutes\" \/>\n<script type=\"application\/ld+json\" class=\"yoast-schema-graph\">{\"@context\":\"https:\/\/schema.org\",\"@graph\":[{\"@type\":\"WebSite\",\"@id\":\"https:\/\/leovegas-au.org\/#website\",\"url\":\"https:\/\/leovegas-au.org\/\",\"name\":\"leovegas casino\",\"description\":\"\",\"potentialAction\":[{\"@type\":\"SearchAction\",\"target\":{\"@type\":\"EntryPoint\",\"urlTemplate\":\"https:\/\/leovegas-au.org\/?s={search_term_string}\"},\"query-input\":\"required name=search_term_string\"}],\"inLanguage\":\"fr-FR\"},{\"@type\":\"WebPage\",\"@id\":\"https:\/\/leovegas-au.org\/fr\/contact-us\/#webpage\",\"url\":\"https:\/\/leovegas-au.org\/fr\/contact-us\/\",\"name\":\"Connectez-vous avec Leo Vegas Casino\\u00a0: contactez l'assistance et l'assistance\",\"isPartOf\":{\"@id\":\"https:\/\/leovegas-au.org\/#website\"},\"datePublished\":\"2023-11-30T17:39:07+00:00\",\"dateModified\":\"2023-12-12T10:00:16+00:00\",\"description\":\"Faites l'exp\\u00e9rience d'une assistance transparente chez Leo Vegas\\u00a0! Contactez-nous pour un accompagnement et des informations personnalis\\u00e9s. Votre voyage vers un jeu in\\u00e9gal\\u00e9 commence par une simple connexion.\",\"breadcrumb\":{\"@id\":\"https:\/\/leovegas-au.org\/fr\/contact-us\/#breadcrumb\"},\"inLanguage\":\"fr-FR\",\"potentialAction\":[{\"@type\":\"ReadAction\",\"target\":[\"https:\/\/leovegas-au.org\/fr\/contact-us\/\"]}]},{\"@type\":\"BreadcrumbList\",\"@id\":\"https:\/\/leovegas-au.org\/fr\/contact-us\/#breadcrumb\",\"itemListElement\":[{\"@type\":\"ListItem\",\"position\":1,\"name\":\"Home\",\"item\":\"https:\/\/leovegas-au.org\/fr\/\"},{\"@type\":\"ListItem\",\"position\":2,\"name\":\"Leo Vegas Casino Contactez-nous\"}]}]}<\/script>\n<!-- \/ Yoast SEO plugin. -->","yoast_head_json":{"title":"Connectez-vous avec Leo Vegas Casino\u00a0: contactez l'assistance et l'assistance","description":"Faites l'exp\u00e9rience d'une assistance transparente chez Leo Vegas\u00a0! Contactez-nous pour un accompagnement et des informations personnalis\u00e9s. Votre voyage vers un jeu in\u00e9gal\u00e9 commence par une simple connexion.","robots":{"index":"index","follow":"follow","max-snippet":"max-snippet:-1","max-image-preview":"max-image-preview:large","max-video-preview":"max-video-preview:-1"},"canonical":"https:\/\/leovegas-au.org\/fr\/contact-us\/","og_type":"article","og_title":"Connectez-vous avec Leo Vegas Casino\u00a0: contactez l'assistance et l'assistance","og_description":"Faites l'exp\u00e9rience d'une assistance transparente chez Leo Vegas\u00a0! Contactez-nous pour un accompagnement et des informations personnalis\u00e9s. Votre voyage vers un jeu in\u00e9gal\u00e9 commence par une simple connexion.","og_url":"https:\/\/leovegas-au.org\/fr\/contact-us\/","og_site_name":"leovegas casino","article_modified_time":"2023-12-12T10:00:16+00:00","twitter_card":"summary_large_image","twitter_misc":{"Dur\u00e9e de lecture estim\u00e9e":"2 minutes"},"schema":{"@context":"https:\/\/schema.org","@graph":[{"@type":"WebSite","@id":"https:\/\/leovegas-au.org\/#website","url":"https:\/\/leovegas-au.org\/","name":"leovegas casino","description":"","potentialAction":[{"@type":"SearchAction","target":{"@type":"EntryPoint","urlTemplate":"https:\/\/leovegas-au.org\/?s={search_term_string}"},"query-input":"required name=search_term_string"}],"inLanguage":"fr-FR"},{"@type":"WebPage","@id":"https:\/\/leovegas-au.org\/fr\/contact-us\/#webpage","url":"https:\/\/leovegas-au.org\/fr\/contact-us\/","name":"Connectez-vous avec Leo Vegas Casino\u00a0: contactez l'assistance et l'assistance","isPartOf":{"@id":"https:\/\/leovegas-au.org\/#website"},"datePublished":"2023-11-30T17:39:07+00:00","dateModified":"2023-12-12T10:00:16+00:00","description":"Faites l'exp\u00e9rience d'une assistance transparente chez Leo Vegas\u00a0! Contactez-nous pour un accompagnement et des informations personnalis\u00e9s. Votre voyage vers un jeu in\u00e9gal\u00e9 commence par une simple connexion.","breadcrumb":{"@id":"https:\/\/leovegas-au.org\/fr\/contact-us\/#breadcrumb"},"inLanguage":"fr-FR","potentialAction":[{"@type":"ReadAction","target":["https:\/\/leovegas-au.org\/fr\/contact-us\/"]}]},{"@type":"BreadcrumbList","@id":"https:\/\/leovegas-au.org\/fr\/contact-us\/#breadcrumb","itemListElement":[{"@type":"ListItem","position":1,"name":"Home","item":"https:\/\/leovegas-au.org\/fr\/"},{"@type":"ListItem","position":2,"name":"Leo Vegas Casino Contactez-nous"}]}]}},"_links":{"self":[{"href":"https:\/\/leovegas-au.org\/fr\/wp-json\/wp\/v2\/pages\/1010","targetHints":{"allow":["GET"]}}],"collection":[{"href":"https:\/\/leovegas-au.org\/fr\/wp-json\/wp\/v2\/pages"}],"about":[{"href":"https:\/\/leovegas-au.org\/fr\/wp-json\/wp\/v2\/types\/page"}],"author":[{"embeddable":true,"href":"https:\/\/leovegas-au.org\/fr\/wp-json\/wp\/v2\/users\/1"}],"replies":[{"embeddable":true,"href":"https:\/\/leovegas-au.org\/fr\/wp-json\/wp\/v2\/comments?post=1010"}],"version-history":[{"count":1,"href":"https:\/\/leovegas-au.org\/fr\/wp-json\/wp\/v2\/pages\/1010\/revisions"}],"predecessor-version":[{"id":1011,"href":"https:\/\/leovegas-au.org\/fr\/wp-json\/wp\/v2\/pages\/1010\/revisions\/1011"}],"wp:attachment":[{"href":"https:\/\/leovegas-au.org\/fr\/wp-json\/wp\/v2\/media?parent=1010"}],"curies":[{"name":"wp","href":"https:\/\/api.w.org\/{rel}","templated":true}]}}